{"id":10109,"date":"2019-02-22T15:04:12","date_gmt":"2019-02-22T15:04:12","guid":{"rendered":"https:\/\/xanthelasmaremoval.com\/?page_id=10109"},"modified":"2021-09-14T08:31:06","modified_gmt":"2021-09-14T08:31:06","slug":"garlic-solutions","status":"publish","type":"page","link":"https:\/\/xanthelasmaremoval.com\/es\/garlic-solutions\/","title":{"rendered":"Tratamiento del xantelasma a base de Ajo"},"content":{"rendered":"<p>[vc_row][vc_column]<div class=\"sc-textbox rounded-corners\"  style=\"\"><div class=\"sc-textbox-content\" style=\"background-color: #f1f5f8;background-position: center top;\"><div class=\"sc-icon-with-text sc-icon-with-text-icon-size-medium\"><div class=\"sc-icon-with-text-icon\"><div class=\"sc-icon sc-icon-size-medium  sc-icon-shape-circle\" style=\"background-color: #598bac;border: 2px solid #598bac;\"><span class=\"sc-icon-half-1\" style=\"color: #ffffff;\"><span class=\"back-angle\">&#xe646;<\/span><\/span><span class=\"sc-icon-half-2\" style=\"color: #ffffff;\"><span class=\"back-angle\">&#xe646;<\/span><\/span><\/div><\/div><div class=\"sc-icon-with-text-content\"><div class=\"sc-icon-with-text-text\">[vc_column_text]<\/p>\n<h2>\u00bfQu\u00e9 es el tratamiento del Xantelasma a base de Ajo?<\/h2>\n<p>[\/vc_column_text]<\/div><\/div><div class=\"clearboth\"><\/div><\/div><div class=\"sc-youtube sc-wrapbox sc-wrapbox-style-default rounded-corners sc-wrapbox-position-below\" style=\"width: 100%;height: 300px;\"><div class=\"sc-wrapbox-inner\"><iframe loading=\"lazy\" class=\"sc-wrapbox-element img-responsive\" width=\"100%\" height=\"300\" frameborder=\"0\" scrolling=\"no\" marginheight=\"0\" marginwidth=\"0\" src=\"\/\/www.youtube.com\/embed\/NzwjSkXmNao?rel=0&amp;wmode=opaque\"><\/iframe><\/div><\/div><\/div><\/div>[\/vc_column][\/vc_row][vc_row][vc_column]<blockquote><p>El ajo reduce el colesterol y la presi\u00f3n arterial. No hace da\u00f1o alguno al consumirlo y podr\u00eda reducir el tama\u00f1o de su Xantelasma, ya que al comerlo puede ayudarlo a reducir sus niveles de colesterol y tiene otros beneficios para la salud, es una excelente opci\u00f3n para mejorar su salud y reducir los efectos perjudiciales de un aumento del nivel de colesterol.<\/p><\/blockquote>[vc_single_image image=\u00bb11567&#8243; img_size=\u00bbfull\u00bb alignment=\u00bbcenter\u00bb][\/vc_column][\/vc_row][vc_row][vc_column][vc_column_text]<\/p>\n<h2>\u00bfEl ajo es efectivo para la eliminaci\u00f3n del Xantelasma?<\/h2>\n<p>[\/vc_column_text][vc_row_inner][vc_column_inner width=\u00bb1\/2&#8243;][vc_column_text]Algunas personas sugieren frotar el Xantelasma con un diente de ajo y puede ser de una ayuda\u00a0 para removerlo. El ajo contiene dos compuestos clave, la alicina, un amino\u00e1cido rico en azufre, y la alinasa, una enzima basada en prote\u00ednas.<\/p>\n<p>Muchas personas aceptan que el ajo es un excelente ingrediente para muchas recetas; el ajo puede no ser ben\u00e9fico para algunos pacientes que padecen Xantelasmas, pero puede ser\u00a0 de ayuda para otros. En resumen, el ajo no puede\u00a0 eliminar el Xantelasma de manera confiable.<\/p>\n<p>Sin embargo, vale la pena consumir el ajo para controlar sus niveles de colesterol y potencialmente ayudarlo con otros problemas de salud de los que podr\u00eda derivarse el Xantelasma.[\/vc_column_text][\/vc_column_inner][vc_column_inner width=\u00bb1\/2&#8243;][vc_single_image image=\u00bb10151&#8243; img_size=\u00bbfull\u00bb style=\u00bbvc_box_outline\u00bb][\/vc_column_inner][\/vc_row_inner][\/vc_column][\/vc_row][vc_row][vc_column]<div class=\"sc-textbox rounded-corners\"  style=\"\"><div class=\"sc-textbox-content\" style=\"background-color: #f1f5f8;background-position: center top;\"><div class=\"sc-icon-with-text sc-icon-with-text-icon-size-medium\"><div class=\"sc-icon-with-text-icon\"><div class=\"sc-icon sc-icon-size-medium  sc-icon-shape-circle\" style=\"background-color: #598bac;border: 2px solid #598bac;\"><span class=\"sc-icon-half-1\" style=\"color: #ffffff;\"><span class=\"back-angle\">&#xe646;<\/span><\/span><span class=\"sc-icon-half-2\" style=\"color: #ffffff;\"><span class=\"back-angle\">&#xe646;<\/span><\/span><\/div><\/div><div class=\"sc-icon-with-text-content\"><div class=\"sc-icon-with-text-text\">[vc_column_text]<\/p>\n<h2>Los beneficios de consumir ajo<\/h2>\n<p>[\/vc_column_text]<\/div><\/div><div class=\"clearboth\"><\/div><\/div><\/div><\/div>[\/vc_column][\/vc_row][vc_row][vc_column]<\/p>\n<div class=\"sc-list\">\n<ul>\n<li><strong>Purifica la sangre<\/strong>: \u00bfcansado de cubrir los xantelasmas con maquillaje todas las ma\u00f1anas? Es hora de abordar la causa ra\u00edz del Xantelasma purificando su sangre desde adentro para obtener una piel sana en su epidermis. Tome dos dientes de ajo crudo con un poco de agua tibia y c\u00f3malos\u00a0 todos los d\u00edas, temprano en la ma\u00f1ana y beba mucha agua durante el resto del d\u00eda.<\/li>\n<li><strong>Resfriado y la gripe:<\/strong> el ajo le proporciona un alivio del resfriado y gripe persistente. Consumir 2-3 dientes de ajo crudo o cocido al d\u00eda o tomar un poco de t\u00e9 de ajo (con un toque de miel o jengibre para mejorar el sabor) no solo aliviar\u00e1 la nariz tapada y sanar\u00e1 el resfriado, sino que tambi\u00e9n aumentar\u00e1 su inmunidad contra estas infecciones frecuentes con el tiempo.<\/li>\n<li><strong>Prevenci\u00f3n de enfermedades del coraz\u00f3n:<\/strong> Comer ajo diariamente (con alimentos o crudo) ayuda a reducir los niveles del colesterol debido a las propiedades antioxidantes como la alicina. Tambi\u00e9n es inmensamente beneficioso para regular la presi\u00f3n arterial y los niveles de az\u00facar en la sangre.<\/li>\n<li>El ajo es altamente nutritivo pero tiene muy pocas calor\u00edas<\/li>\n<li>El ajo mejora los niveles del colesterol, lo que puede reducir el riesgo de enfermedades card\u00edacas<\/li>\n<li><strong>Antibacteriano y antiparasitario: el ajo es uno de los tesoros medicinales mejor guardados de la era pasada: se ha utilizado como antibi\u00f3tico para tratar infecciones bacterianas, f\u00fangicas y parasitarias durante los \u00faltimos 7,000 a\u00f1os.<\/strong><\/li>\n<\/ul>\n<\/div>\n<p>[\/vc_column][\/vc_row][vc_row el_class=\u00bbwhite\u00bb css=\u00bb.vc_custom_1563857461186{background-image: url(https:\/\/xanthelasmaremoval.com\/wp-content\/uploads\/2019\/03\/bg_header.png?id=10873) !important;}\u00bb][vc_column width=\u00bb2\/3&#8243;][vc_column_text]<\/p>\n<h2 class=\"white\">\u00bfEl ajo es efectivo para mejorar la salud de su coraz\u00f3n?<\/h2>\n<p>Es vital cuidar la salud del coraz\u00f3n. Como resultado del envejecimiento, nuestros vasos sangu\u00edneos se endurecen con el pasar tiempo y tambi\u00e9n el flujo sangu\u00edneo puede no ser tan bueno como se supone que deber\u00eda ser. A veces esto sucede debido a placas y grasas que se depositan dentro de los vasos sangu\u00edneos. Son el resultado de altos niveles de colesterol LDL no saludable. Al comer ajo, reducir\u00e1 el LDL y los radicales libres perjudiciales para su cuerpo.[\/vc_column_text][\/vc_column][vc_column width=\u00bb1\/3&#8243;][vc_single_image image=\u00bb10947&#8243; img_size=\u00bbfull\u00bb][\/vc_column][\/vc_row][vc_row][vc_column]<div class=\"sc-textbox rounded-corners\"  style=\"\"><div class=\"sc-textbox-content\" style=\"background-color: #f1f5f8;background-position: center top;\"><div class=\"sc-icon-with-text sc-icon-with-text-icon-size-medium\"><div class=\"sc-icon-with-text-icon\"><div class=\"sc-icon sc-icon-size-medium  sc-icon-shape-circle\" style=\"background-color: #90ba8f;border: 2px solid #90ba8f;\"><span class=\"sc-icon-half-1\" style=\"color: #ffffff;\"><span class=\"back-angle\">&#xe661;<\/span><\/span><span class=\"sc-icon-half-2\" style=\"color: #ffffff;\"><span class=\"back-angle\">&#xe661;<\/span><\/span><\/div><\/div><div class=\"sc-icon-with-text-content\"><div class=\"sc-icon-with-text-text\">[vc_column_text]<\/p>\n<h4>El XanthRemover, mejor que cualquier otro producto \u00abC\u00f3mprelo ahora para eliminar su xantelasma\u00bb<\/h4>\n<p>[\/vc_column_text]<\/div><\/div><div class=\"clearboth\"><\/div><\/div><\/div><\/div>[\/vc_column][\/vc_row][vc_row][vc_column width=\u00bb1\/2&#8243;]<\/p>\n<div class=\"pricing-table row inline-row inline-row-center pricing-table-style-1 button-icon-cart\">\n<div class=\"pricing-column-wrapper col-md-3 col-sm-4 col-xs-6 inline-column highlighted\">\n<div class=\"pricing-column\">\n<div class=\"pricing-title-wrapper\">\n<div class=\"pricing-title\">\n<div class=\"title-h3\">Orden normal<\/div>\n<div class=\"subtitle\">El mejor plan de precio \/ cantidad<\/div>\n<\/div>\n<div class=\"pricing-column-top-choice\">\n<div class=\"pricing-column-top-choice-text\">NUEVO<\/div>\n<\/div>\n<\/div>\n<div class=\"pricing-price-row\" >\n<div class=\"pricing-price\" style=\"font-size: 57px;color: #705b96;\">\n<div class=\"pricing-cost\">$13<\/div>\n<p><span class=\"time\">Por orden<\/span><\/div>\n<\/div>\n<div class=\"pricing-row  strike\">Con garant\u00eda de devoluci\u00f3n de dinero<\/div>\n<div class=\"pricing-row \">Incluye el env\u00edo a TODO EL MUNDO<\/div>\n<div class=\"pricing-row \">30ml de XanthRemover Gel<\/div>\n<div class=\"pricing-row \">Nuestro servicio completo de soporte en l\u00ednea<\/div>\n<div class=\"pricing-footer\"><a href=\"https:\/\/xanthelasmaremoval.com\/product\/xanth-remover-without-money-back-guarantee\/\" class=\"sc-button\">Ordene ya<\/a><\/div>\n<\/div>\n<\/div>\n<\/div>\n<p>[\/vc_column][vc_column width=\u00bb1\/2&#8243;]<\/p>\n<div class=\"pricing-table row inline-row inline-row-center pricing-table-style-1 button-icon-cart\">\n<div class=\"pricing-column-wrapper col-md-3 col-sm-4 col-xs-6 inline-column highlighted\">\n<div class=\"pricing-column\">\n<div class=\"pricing-title-wrapper\">\n<div class=\"pricing-title\">\n<div class=\"title-h3\">Plan avanzado<\/div>\n<div class=\"subtitle\">El mejor plan de precio \/ cantidad<\/div>\n<\/div>\n<div class=\"pricing-column-top-choice\">\n<div class=\"pricing-column-top-choice-text\">NUEVO<\/div>\n<\/div>\n<\/div>\n<div class=\"pricing-price-row\" >\n<div class=\"pricing-price\" style=\"font-size: 57px;color: #705b96;\">\n<div class=\"pricing-cost\">$39<\/div>\n<p><span class=\"time\">Por orden<\/span><\/div>\n<\/div>\n<div class=\"pricing-row \">Con garant\u00eda de devoluci\u00f3n de dinero<\/div>\n<div class=\"pricing-row \">Incluye env\u00edo a TODO EL MUNDO.<\/div>\n<div class=\"pricing-row \">30ml de XanthRemover Gel<\/div>\n<div class=\"pricing-row \">Nuestro servicio completo de soporte en l\u00ednea<\/div>\n<div class=\"pricing-footer\"><a href=\"https:\/\/xanthelasmaremoval.com\/product\/xanthe-remover\/\" class=\"sc-button\">Ordene ya.<\/a><\/div>\n<\/div>\n<\/div>\n<\/div>\n<p>[\/vc_column][\/vc_row]<\/p>","protected":false},"excerpt":{"rendered":"<p>[vc_row][vc_column][\/vc_column][\/vc_row][vc_row][vc_column][vc_single_image image=\u00bb11567&#8243; img_size=\u00bbfull\u00bb alignment=\u00bbcenter\u00bb][\/vc_column][\/vc_row][vc_row][vc_column][vc_column_text] \u00bfEl ajo es efectivo para la eliminaci\u00f3n del Xantelasma? [\/vc_column_text][vc_row_inner][vc_column_inner width=\u00bb1\/2&#8243;][vc_column_text]Algunas personas sugieren frotar el Xantelasma&#8230;<\/p>\n","protected":false},"author":66,"featured_media":0,"parent":0,"menu_order":0,"comment_status":"closed","ping_status":"closed","template":"","meta":{"footnotes":""},"class_list":["post-10109","page","type-page","status-publish","hentry"],"yoast_head":"<!-- This site is optimized with the Yoast SEO plugin v24.3 - https:\/\/yoast.com\/wordpress\/plugins\/seo\/ -->\n<title>Tratamiento del xantelasma a base de Ajo - Xanthelasma Removal<\/title>\n<meta name=\"robots\" content=\"index, follow, max-snippet:-1, max-image-preview:large, max-video-preview:-1\" \/>\n<link rel=\"canonical\" href=\"https:\/\/xanthelasmaremoval.com\/garlic-solutions\/\" \/>\n<meta property=\"og:locale\" content=\"es_ES\" \/>\n<meta property=\"og:type\" content=\"article\" \/>\n<meta property=\"og:title\" content=\"[:en]Garlic Solutions[:es]Tratamiento del xantelasma a base de Ajo[:] - Xanthelasma Removal\" \/>\n<meta property=\"og:description\" content=\"[vc_row][vc_column][\/vc_column][\/vc_row][vc_row][vc_column][vc_single_image image=\u00bb11567&#8243; img_size=\u00bbfull\u00bb alignment=\u00bbcenter\u00bb][\/vc_column][\/vc_row][vc_row][vc_column][vc_column_text] \u00bfEl ajo es efectivo para la eliminaci\u00f3n del Xantelasma? [\/vc_column_text][vc_row_inner][vc_column_inner width=\u00bb1\/2&#8243;][vc_column_text]Algunas personas sugieren frotar el Xantelasma...\" \/>\n<meta property=\"og:url\" content=\"https:\/\/xanthelasmaremoval.com\/garlic-solutions\/\" \/>\n<meta property=\"og:site_name\" content=\"Xanthelasma Removal\" \/>\n<meta property=\"article:modified_time\" content=\"2021-09-14T08:31:06+00:00\" \/>\n<meta name=\"twitter:card\" content=\"summary_large_image\" \/>\n<meta name=\"twitter:label1\" content=\"Tiempo de lectura\" \/>\n\t<meta name=\"twitter:data1\" content=\"10 minutos\" \/>\n<script type=\"application\/ld+json\" class=\"yoast-schema-graph\">{\"@context\":\"https:\/\/schema.org\",\"@graph\":[{\"@type\":\"WebPage\",\"@id\":\"https:\/\/xanthelasmaremoval.com\/garlic-solutions\/\",\"url\":\"https:\/\/xanthelasmaremoval.com\/garlic-solutions\/\",\"name\":\"[:en]Garlic Solutions[:es]Tratamiento del xantelasma a base de Ajo[:] - Xanthelasma Removal\",\"isPartOf\":{\"@id\":\"https:\/\/xanthelasmaremoval.com\/#website\"},\"datePublished\":\"2019-02-22T15:04:12+00:00\",\"dateModified\":\"2021-09-14T08:31:06+00:00\",\"breadcrumb\":{\"@id\":\"https:\/\/xanthelasmaremoval.com\/garlic-solutions\/#breadcrumb\"},\"inLanguage\":\"es\",\"potentialAction\":[{\"@type\":\"ReadAction\",\"target\":[\"https:\/\/xanthelasmaremoval.com\/garlic-solutions\/\"]}]},{\"@type\":\"BreadcrumbList\",\"@id\":\"https:\/\/xanthelasmaremoval.com\/garlic-solutions\/#breadcrumb\",\"itemListElement\":[{\"@type\":\"ListItem\",\"position\":1,\"name\":\"Home\",\"item\":\"https:\/\/xanthelasmaremoval.com\/\"},{\"@type\":\"ListItem\",\"position\":2,\"name\":\"Garlic Solutions\"}]},{\"@type\":\"WebSite\",\"@id\":\"https:\/\/xanthelasmaremoval.com\/#website\",\"url\":\"https:\/\/xanthelasmaremoval.com\/\",\"name\":\"Xanthelasma Removal\",\"description\":\"The Xanthelasma Removal Solutions!\",\"potentialAction\":[{\"@type\":\"SearchAction\",\"target\":{\"@type\":\"EntryPoint\",\"urlTemplate\":\"https:\/\/xanthelasmaremoval.com\/?s={search_term_string}\"},\"query-input\":{\"@type\":\"PropertyValueSpecification\",\"valueRequired\":true,\"valueName\":\"search_term_string\"}}],\"inLanguage\":\"es\"}]}<\/script>\n<!-- \/ Yoast SEO plugin. -->","yoast_head_json":{"title":"[:en]Garlic Solutions[:es]Tratamiento del xantelasma a base de Ajo[:] - Xanthelasma Removal","robots":{"index":"index","follow":"follow","max-snippet":"max-snippet:-1","max-image-preview":"max-image-preview:large","max-video-preview":"max-video-preview:-1"},"canonical":"https:\/\/xanthelasmaremoval.com\/garlic-solutions\/","og_locale":"es_ES","og_type":"article","og_title":"[:en]Garlic Solutions[:es]Tratamiento del xantelasma a base de Ajo[:] - Xanthelasma Removal","og_description":"[vc_row][vc_column][\/vc_column][\/vc_row][vc_row][vc_column][vc_single_image image=\u00bb11567&#8243; img_size=\u00bbfull\u00bb alignment=\u00bbcenter\u00bb][\/vc_column][\/vc_row][vc_row][vc_column][vc_column_text] \u00bfEl ajo es efectivo para la eliminaci\u00f3n del Xantelasma? [\/vc_column_text][vc_row_inner][vc_column_inner width=\u00bb1\/2&#8243;][vc_column_text]Algunas personas sugieren frotar el Xantelasma...","og_url":"https:\/\/xanthelasmaremoval.com\/garlic-solutions\/","og_site_name":"Xanthelasma Removal","article_modified_time":"2021-09-14T08:31:06+00:00","twitter_card":"summary_large_image","twitter_misc":{"Tiempo de lectura":"10 minutos"},"schema":{"@context":"https:\/\/schema.org","@graph":[{"@type":"WebPage","@id":"https:\/\/xanthelasmaremoval.com\/garlic-solutions\/","url":"https:\/\/xanthelasmaremoval.com\/garlic-solutions\/","name":"[:en]Garlic Solutions[:es]Tratamiento del xantelasma a base de Ajo[:] - Xanthelasma Removal","isPartOf":{"@id":"https:\/\/xanthelasmaremoval.com\/#website"},"datePublished":"2019-02-22T15:04:12+00:00","dateModified":"2021-09-14T08:31:06+00:00","breadcrumb":{"@id":"https:\/\/xanthelasmaremoval.com\/garlic-solutions\/#breadcrumb"},"inLanguage":"es","potentialAction":[{"@type":"ReadAction","target":["https:\/\/xanthelasmaremoval.com\/garlic-solutions\/"]}]},{"@type":"BreadcrumbList","@id":"https:\/\/xanthelasmaremoval.com\/garlic-solutions\/#breadcrumb","itemListElement":[{"@type":"ListItem","position":1,"name":"Home","item":"https:\/\/xanthelasmaremoval.com\/"},{"@type":"ListItem","position":2,"name":"Garlic Solutions"}]},{"@type":"WebSite","@id":"https:\/\/xanthelasmaremoval.com\/#website","url":"https:\/\/xanthelasmaremoval.com\/","name":"Xanthelasma Removal","description":"The Xanthelasma Removal Solutions!","potentialAction":[{"@type":"SearchAction","target":{"@type":"EntryPoint","urlTemplate":"https:\/\/xanthelasmaremoval.com\/?s={search_term_string}"},"query-input":{"@type":"PropertyValueSpecification","valueRequired":true,"valueName":"search_term_string"}}],"inLanguage":"es"}]}},"_links":{"self":[{"href":"https:\/\/xanthelasmaremoval.com\/es\/wp-json\/wp\/v2\/pages\/10109"}],"collection":[{"href":"https:\/\/xanthelasmaremoval.com\/es\/wp-json\/wp\/v2\/pages"}],"about":[{"href":"https:\/\/xanthelasmaremoval.com\/es\/wp-json\/wp\/v2\/types\/page"}],"author":[{"embeddable":true,"href":"https:\/\/xanthelasmaremoval.com\/es\/wp-json\/wp\/v2\/users\/66"}],"replies":[{"embeddable":true,"href":"https:\/\/xanthelasmaremoval.com\/es\/wp-json\/wp\/v2\/comments?post=10109"}],"version-history":[{"count":81,"href":"https:\/\/xanthelasmaremoval.com\/es\/wp-json\/wp\/v2\/pages\/10109\/revisions"}],"predecessor-version":[{"id":14127,"href":"https:\/\/xanthelasmaremoval.com\/es\/wp-json\/wp\/v2\/pages\/10109\/revisions\/14127"}],"wp:attachment":[{"href":"https:\/\/xanthelasmaremoval.com\/es\/wp-json\/wp\/v2\/media?parent=10109"}],"curies":[{"name":"wp","href":"https:\/\/api.w.org\/{rel}","templated":true}]}}