{"id":10119,"date":"2019-02-23T08:59:09","date_gmt":"2019-02-23T08:59:09","guid":{"rendered":"https:\/\/xanthelasmaremoval.com\/?page_id=10119"},"modified":"2019-09-26T22:19:16","modified_gmt":"2019-09-26T22:19:16","slug":"xanthelasma-palpebrarum","status":"publish","type":"page","link":"https:\/\/xanthelasmaremoval.com\/es\/xanthelasma-palpebrarum\/","title":{"rendered":"Xantelasma palpebrarum"},"content":{"rendered":"<p>[vc_row][vc_column]<div class=\"sc-youtube sc-wrapbox sc-wrapbox-style-default rounded-corners sc-wrapbox-position-below\" style=\"width: 100%;\"><div class=\"sc-wrapbox-inner sc-ratio-style\" style=\"padding-top: 50%\"><iframe loading=\"lazy\" class=\"sc-wrapbox-element img-responsive\" width=\"100%\" height=\"300\" frameborder=\"0\" scrolling=\"no\" marginheight=\"0\" marginwidth=\"0\" src=\"\/\/www.youtube.com\/embed\/ksdrj5d3CPw?rel=0&amp;wmode=opaque\"><\/iframe><\/div><\/div>[\/vc_column][\/vc_row][vc_row][vc_column width=\u00bb2\/3&#8243;][vc_column_text]<\/p>\n<p style=\"font-size: 20px; line-height: 34px; text-align: justify;\"><span class=\"\" style=\"font-size: 16px; font-weight: bold;\" title=\"\">El Xantelasma palpebrarum es una afecci\u00f3n de la piel que desarrolla crecimientos grasos amarillos planos en los p\u00e1rpados.<\/span> <span class=\"\" style=\"font-size: 16px; font-weight: bold;\" title=\"\">El xantelasma normalmente se observa en personas con niveles altos de <a href=\"https:\/\/xanthelasmaremoval.com\/es\/xanthelasma-and-high-cholesterol\/\">colesterol<\/a> u otros niveles de grasa (l\u00edpidos) en la sangre.<\/span>\u00a0<strong style=\"font-size: 16px;\">El<\/strong> <span class=\"\" style=\"font-size: 16px; font-weight: bold;\" title=\"\">Xantelasma palpebrarum son placas amarillentas que se presentan con mayor frecuencia cerca de los p\u00e1rpados, m\u00e1s frecuentemente en el p\u00e1rpado superior que en el inferior.<\/span> <strong style=\"font-size: 16px;\">El <\/strong><span class=\"\" style=\"font-size: 16px; font-weight: bold;\" title=\"\">Xantelasma palpebrarum es el <a href=\"https:\/\/xanthelasmaremoval.com\/es\/what-is-xanthelasma\/what-is-xanthelasmaxanthelasmas-and-xanthomas\/\">xantoma<\/a> cut\u00e1neo m\u00e1s com\u00fan.<\/span> <span class=\"\" style=\"font-size: 16px;\" title=\"\"><b style=\"font-size: 16px;\">Hay tantos tratamientos disponibles para eliminar su xantelasma, tales como la escisi\u00f3n quir\u00fargica, la <\/b><a style=\"font-weight: bold;\" href=\"https:\/\/xanthelasmaremoval.com\/es\/freezing-xanthelasma-treatment\/\">crioterapia<\/a><b style=\"font-size: 16px;\">, los <\/b><a style=\"font-size: 16px; font-weight: bold;\" href=\"https:\/\/xanthelasmaremoval.com\/es\/using-peels-in-clinics\/\">Peelings qu\u00edmicos<\/a><b style=\"font-size: 16px;\"> con \u00e1cido tricloroac\u00e9tico, arco <\/b><b>el\u00e9ctrico<\/b><b style=\"font-size: 16px;\">\u00a0y <\/b><a style=\"font-size: 16px; font-weight: bold;\" href=\"https:\/\/xanthelasmaremoval.com\/es\/xanthelasma-laser-treatment\/\">l\u00e1ser.<\/a><\/span><\/p>\n<p>[\/vc_column_text][\/vc_column][vc_column width=\u00bb1\/3&#8243;]<div class=\"sc-youtube sc-wrapbox sc-wrapbox-style-default rounded-corners sc-wrapbox-position-below\" style=\"width: 100%;\"><div class=\"sc-wrapbox-inner sc-ratio-style\" style=\"padding-top: 66.67%\"><iframe loading=\"lazy\" class=\"sc-wrapbox-element img-responsive\" width=\"100%\" height=\"300\" frameborder=\"0\" scrolling=\"no\" marginheight=\"0\" marginwidth=\"0\" src=\"\/\/www.youtube.com\/embed\/NcvT_IxdL_4?rel=0&amp;wmode=opaque\"><\/iframe><\/div><\/div>[\/vc_column][\/vc_row][vc_row css=\u00bb.vc_custom_1563890499397{background-image: url(https:\/\/xanthelasmaremoval.com\/wp-content\/uploads\/2019\/03\/bg_header.png?id=10873) !important;}\u00bb][vc_column][vc_row_inner][vc_column_inner width=\u00bb2\/3&#8243;][vc_column_text]<\/p>\n<h2 class=\"white\">\u00bfQui\u00e9n padece el Xantelasma Palpebrarum?<\/h2>\n<p>[\/vc_column_text][vc_column_text]<span style=\"color: #ffffff;\">El xantelasma puede generarse en cualquier ser humano, no importa la edad o sexo. Sin embargo, las mujeres parecen verse m\u00e1s afectadas con mayor frecuencia que los hombres. Adem\u00e1s, es poco probable que\u00a0 un ni\u00f1o o adolescente padezca el Xantelasma, ya que se desarrolla principalmente en la mediana edad alrededor de los 40 o 50 a\u00f1os.<\/span><\/p>\n<p><span style=\"color: #333300;\"><span style=\"color: #ffffff;\">Aproximadamente la mitad de los pacientes con xantelasmas tienen altas cantidades de grasas (l\u00edpidos) en la sangre, como el <\/span><span style=\"color: #00ffff;\"><a style=\"color: #00ffff;\" href=\"https:\/\/xanthelasmaremoval.com\/es\/xanthelasma-and-high-cholesterol\/\">colesterol alto o los triglic\u00e9ridos altos.<\/a><\/span><\/span>[\/vc_column_text][\/vc_column_inner][vc_column_inner width=\u00bb1\/3&#8243;][vc_single_image image=\u00bb10123&#8243; img_size=\u00bbfull\u00bb style=\u00bbvc_box_outline\u00bb][\/vc_column_inner][\/vc_row_inner][\/vc_column][\/vc_row][vc_row][vc_column width=\u00bb2\/3&#8243;][vc_column_text]<\/p>\n<h2>\u00bfCu\u00e1les son las causas del Xantelasma Palpebrarum?<\/h2>\n<p>[\/vc_column_text]<\/p>\n<div class=\"sc-list sc-list-type-arrow\"><strong>Aproximadamente la mitad de las personas con xantelasmas tienen el colesterol alto. Es m\u00e1s probable que tenga xantelasmas si usted tiene:<\/strong><\/p>\n<ul>\n<li>Colesterol LDL alto (\u00abmalo\u00bb) o colesterol HDL bajo (\u00abbueno\u00bb)<\/li>\n<li>Colesterol alto hereditario (su m\u00e9dico podr\u00eda llamar a esto hipercolesterolemia familiar)<\/li>\n<li>La enfermedad del h\u00edgado llamada cirrosis biliar primaria, que puede elevar los niveles de colesterol.<\/li>\n<li>Es m\u00e1s com\u00fan entre las personas cuyas familias son de Asia o el Mediterr\u00e1neo.<\/li>\n<\/ul>\n<\/div>\n<p>[\/vc_column][vc_column width=\u00bb1\/3&#8243;][vc_empty_space height=\u00bb50px\u00bb][vc_single_image image=\u00bb10124&#8243; img_size=\u00bbfull\u00bb style=\u00bbvc_box_outline\u00bb][\/vc_column][\/vc_row][vc_row][vc_column width=\u00bb2\/3&#8243;][vc_column_text]<\/p>\n<h2>\u00bfCu\u00e1les son los signos y s\u00edntomas del Xantelasma Palpebrarum?<\/h2>\n<p>[\/vc_column_text]<\/p>\n<div class=\"sc-list sc-list-type-arrow\">\n<ul>\n<li>Presencia de lesiones cut\u00e1neas peque\u00f1as, bien definidas y planas en forma de p\u00e1pulas y placas amarillentas.<\/li>\n<li>Se pueden formar varias lesiones alrededor del ojo, en los p\u00e1rpados superior e inferior; en general, los p\u00e1rpados superiores se ven m\u00e1s afectados<\/li>\n<li>Las lesiones pueden presentar decoloraci\u00f3n amarillenta.<\/li>\n<li>Suelen ser indoloros; algunos son sensibles al tacto<\/li>\n<li>Cuando estos aumentan de tama\u00f1o, se denotan como xantomas. Algunos pueden crecer durante muchos meses, hasta formar tumores<\/li>\n<li>En algunos individuos, se observa que las lesiones se forman sim\u00e9tricamente alrededor de los ojos.<\/li>\n<\/ul>\n<\/div>\n<p>[\/vc_column][vc_column width=\u00bb1\/3&#8243;][vc_empty_space height=\u00bb50px\u00bb][vc_single_image image=\u00bb10994&#8243; img_size=\u00bbfull\u00bb style=\u00bbvc_box_outline\u00bb][\/vc_column][\/vc_row][vc_row][vc_column][vc_column_text]<\/p>\n<h2>\u00bfCu\u00e1les son los factores de riesgo?<\/h2>\n<p>[\/vc_column_text][vc_row_inner][vc_column_inner width=\u00bb1\/2&#8243;]<\/p>\n<div class=\"sc-list sc-list-type-arrow\">Cualquier persona o individuo puede desarrollar los xantelasmas, pero hay mayores probabilidades si:<\/p>\n<ul>\n<li>Es una mujer<\/li>\n<li>Tiene entre 30 y 50 a\u00f1os de edad<\/li>\n<li>Es de ascendencia asi\u00e1tica o mediterr\u00e1nea<\/li>\n<li>Usted fuma<\/li>\n<li>Tiene obesidad<\/li>\n<li>Tiene presi\u00f3n arterial alta<\/li>\n<li>Sufre de diabetes<\/li>\n<li>Tiene niveles de l\u00edpidos (las grasas en la sangre, incluido el colesterol) son anormalmente altos<\/li>\n<\/ul>\n<\/div>\n<p>[\/vc_column_inner][vc_column_inner width=\u00bb1\/2&#8243;][vc_single_image image=\u00bb11657&#8243; img_size=\u00bbfull\u00bb][\/vc_column_inner][\/vc_row_inner][\/vc_column][\/vc_row][vc_row full_width=\u00bbstretch_row\u00bb el_class=\u00bbwhite\u00bb css=\u00bb.vc_custom_1554543939722{background-image: url(https:\/\/xanthelasmaremoval.com\/wp-content\/uploads\/2019\/03\/bg_header.png?id=10873) !important;background-position: 0 0 !important;background-repeat: repeat !important;}\u00bb][vc_column][vc_column_text]<\/p>\n<blockquote><p>\u00bfEs perjudicial tener xantelasmas? La respuesta es \u00a1No! el xantelasma no es da\u00f1ino o doloroso, pero indican que usted puede tener altos niveles de colesterol\u00a0 y generar um\u00a0 riesgo de una posible <a href=\"https:\/\/xanthelasmaremoval.com\/es\/heart-disease-and-xanthelasma\/\">enfermedad card\u00edaca.<\/a><\/p><\/blockquote>\n<p>[\/vc_column_text][\/vc_column][\/vc_row][vc_row][vc_column width=\u00bb2\/3&#8243;][vc_column_text]<\/p>\n<h2>En t\u00e9rminos m\u00e9dicos<\/h2>\n<p><a href=\"https:\/\/xanthelasmaremoval.com\/es\/xanthelasma-and-high-cholesterol\/\">El nivel alto de colesterol<\/a> causa la aparici\u00f3n de xantoma, sin embargo, tambi\u00e9n se puede encontrar en pacientes con colesterol normal o de bajo nivel.<\/p>\n<p>Mientras que el colesterol benigno se refiere a la alfa-lipoprote\u00edna (lipoprote\u00edna de alta densidad), el colesterol da\u00f1ino se refiere a la lipoprote\u00edna de baja densidad, generando el xantoma. La enfermedad y la hipercolesterolemia se denominan popularmente colesterol alto transmitido,[\/vc_column_text][\/vc_column][vc_column width=\u00bb1\/3&#8243;][vc_single_image image=\u00bb10686&#8243; img_size=\u00bbfull\u00bb][\/vc_column][\/vc_row][vc_row full_height=\u00bbyes\u00bb equal_height=\u00bbyes\u00bb disable_element=\u00bbyes\u00bb][vc_column width=\u00bb1\/3&#8243;][vc_single_image image=\u00bb11153&#8243; img_size=\u00bbfull\u00bb style=\u00bbvc_box_outline\u00bb onclick=\u00bbcustom_link\u00bb link=\u00bbhttps:\/\/xanthelasmaremoval.com\/xanthelasma-palpebrarum\/\u00bb][vc_column_text]<strong>Xantelasma y Diabetes<\/strong>[\/vc_column_text][vc_column_text]La presentaci\u00f3n de diabetes y el xantoma incluye una vinculo afiliado. Los <span style=\"color: #ff6600;\">pacientes<\/span> diab\u00e9ticos tienen una mayor probabilidad de<span style=\"color: #ff6600;\">\u00a0ser<\/span> afectados por el xantoma, \u00a0la diabetes<span style=\"color: #ff6600;\"> induce<\/span> el movimiento <span style=\"color: #ff6600;\">de<\/span> los niveles de LDL &#8230; <a href=\"https:\/\/xanthelasmaremoval.com\/es\/xanthelasma-and-diabetes-connection\/\">M\u00e1s informaci\u00f3n.<\/a>[\/vc_column_text][\/vc_column][vc_column width=\u00bb1\/3&#8243;][vc_single_image image=\u00bb11161&#8243; img_size=\u00bbfull\u00bb style=\u00bbvc_box_outline\u00bb onclick=\u00bbcustom_link\u00bb link=\u00bbhttps:\/\/xanthelasmaremoval.com\/xanthelasma-palpebrarum\/\u00bb][vc_column_text]<strong>Xantelasma y enfermedades card\u00edacas<\/strong>[\/vc_column_text][vc_column_text]<span style=\"color: #ff6600;\">En una investigaci\u00f3n<\/span>,\u00a0 se descubri\u00f3 un v\u00ednculo de correlaci\u00f3n entre el xantoma y las enfermedades cardiovasculares. Si es as\u00ed, los resultados esta investigaci\u00f3n podr\u00edan facilitar la detenci\u00f3n de los ataques card\u00edacos. Este articulo puede aclararle mucho sobre esta relaci\u00f3n entre la enfermedad card\u00edaca y el an\u00e1lisis de xantelasma y sus <span style=\"color: #ff6600;\">consecuencias<\/span>. <a href=\"https:\/\/xanthelasmaremoval.com\/es\/heart-disease-and-xanthelasma\/\">M\u00e1s informaci\u00f3n<\/a>[\/vc_column_text][\/vc_column][vc_column width=\u00bb1\/3&#8243;][vc_single_image image=\u00bb10691&#8243; img_size=\u00bbfull\u00bb style=\u00bbvc_box_outline\u00bb onclick=\u00bbcustom_link\u00bb link=\u00bbhttps:\/\/xanthelasmaremoval.com\/xanthelasma-palpebrarum\/\u00bb][vc_column_text]<strong>Xantelasma y enfermedades card\u00edacas<\/strong>[\/vc_column_text][vc_column_text]<strong>\u00bfDesea obtener m\u00e1s informaci\u00f3n<\/strong> sobre el v\u00ednculo entre el xantoma (xantelasma) y el colesterol? Alguien de cualquier agencia de las Naciones Unidas descubre que descubri\u00f3 estos peque\u00f1os dep\u00f3sitos de grasa en los p\u00e1rpados que causaron sensaci\u00f3n de ardor, adem\u00e1s, resulta incomodo &#8230; <a href=\"https:\/\/xanthelasmaremoval.com\/es\/xanthelasma-and-high-cholesterol\/\">m\u00e1s informaci\u00f3n<\/a>[\/vc_column_text][\/vc_column][\/vc_row]<\/p>","protected":false},"excerpt":{"rendered":"<p>[vc_row][vc_column][\/vc_column][\/vc_row][vc_row][vc_column width=\u00bb2\/3&#8243;][vc_column_text] El Xantelasma palpebrarum es una afecci\u00f3n de la piel que desarrolla crecimientos grasos amarillos planos en los p\u00e1rpados&#8230;.<\/p>\n","protected":false},"author":66,"featured_media":0,"parent":0,"menu_order":0,"comment_status":"closed","ping_status":"closed","template":"","meta":{"footnotes":""},"class_list":["post-10119","page","type-page","status-publish","hentry"],"yoast_head":"<!-- This site is optimized with the Yoast SEO plugin v24.3 - https:\/\/yoast.com\/wordpress\/plugins\/seo\/ -->\n<title>Xantelasma palpebrarum - Xanthelasma Removal<\/title>\n<meta name=\"robots\" content=\"index, follow, max-snippet:-1, max-image-preview:large, max-video-preview:-1\" \/>\n<link rel=\"canonical\" href=\"https:\/\/xanthelasmaremoval.com\/xanthelasma-palpebrarum\/\" \/>\n<meta property=\"og:locale\" content=\"es_ES\" \/>\n<meta property=\"og:type\" content=\"article\" \/>\n<meta property=\"og:title\" content=\"[:en]Xanthelasma palpebrarum[:es]Xantelasma palpebrarum[:] - Xanthelasma Removal\" \/>\n<meta property=\"og:description\" content=\"[vc_row][vc_column][\/vc_column][\/vc_row][vc_row][vc_column width=\u00bb2\/3&#8243;][vc_column_text] El Xantelasma palpebrarum es una afecci\u00f3n de la piel que desarrolla crecimientos grasos amarillos planos en los p\u00e1rpados....\" \/>\n<meta property=\"og:url\" content=\"https:\/\/xanthelasmaremoval.com\/xanthelasma-palpebrarum\/\" \/>\n<meta property=\"og:site_name\" content=\"Xanthelasma Removal\" \/>\n<meta property=\"article:modified_time\" content=\"2019-09-26T22:19:16+00:00\" \/>\n<meta name=\"twitter:card\" content=\"summary_large_image\" \/>\n<meta name=\"twitter:label1\" content=\"Tiempo de lectura\" \/>\n\t<meta name=\"twitter:data1\" content=\"10 minutos\" \/>\n<script type=\"application\/ld+json\" class=\"yoast-schema-graph\">{\"@context\":\"https:\/\/schema.org\",\"@graph\":[{\"@type\":\"WebPage\",\"@id\":\"https:\/\/xanthelasmaremoval.com\/xanthelasma-palpebrarum\/\",\"url\":\"https:\/\/xanthelasmaremoval.com\/xanthelasma-palpebrarum\/\",\"name\":\"[:en]Xanthelasma palpebrarum[:es]Xantelasma palpebrarum[:] - Xanthelasma Removal\",\"isPartOf\":{\"@id\":\"https:\/\/xanthelasmaremoval.com\/#website\"},\"datePublished\":\"2019-02-23T08:59:09+00:00\",\"dateModified\":\"2019-09-26T22:19:16+00:00\",\"breadcrumb\":{\"@id\":\"https:\/\/xanthelasmaremoval.com\/xanthelasma-palpebrarum\/#breadcrumb\"},\"inLanguage\":\"es\",\"potentialAction\":[{\"@type\":\"ReadAction\",\"target\":[\"https:\/\/xanthelasmaremoval.com\/xanthelasma-palpebrarum\/\"]}]},{\"@type\":\"BreadcrumbList\",\"@id\":\"https:\/\/xanthelasmaremoval.com\/xanthelasma-palpebrarum\/#breadcrumb\",\"itemListElement\":[{\"@type\":\"ListItem\",\"position\":1,\"name\":\"Home\",\"item\":\"https:\/\/xanthelasmaremoval.com\/\"},{\"@type\":\"ListItem\",\"position\":2,\"name\":\"Xanthelasma palpebrarum\"}]},{\"@type\":\"WebSite\",\"@id\":\"https:\/\/xanthelasmaremoval.com\/#website\",\"url\":\"https:\/\/xanthelasmaremoval.com\/\",\"name\":\"Xanthelasma Removal\",\"description\":\"The Xanthelasma Removal Solutions!\",\"potentialAction\":[{\"@type\":\"SearchAction\",\"target\":{\"@type\":\"EntryPoint\",\"urlTemplate\":\"https:\/\/xanthelasmaremoval.com\/?s={search_term_string}\"},\"query-input\":{\"@type\":\"PropertyValueSpecification\",\"valueRequired\":true,\"valueName\":\"search_term_string\"}}],\"inLanguage\":\"es\"}]}<\/script>\n<!-- \/ Yoast SEO plugin. -->","yoast_head_json":{"title":"[:en]Xanthelasma palpebrarum[:es]Xantelasma palpebrarum[:] - Xanthelasma Removal","robots":{"index":"index","follow":"follow","max-snippet":"max-snippet:-1","max-image-preview":"max-image-preview:large","max-video-preview":"max-video-preview:-1"},"canonical":"https:\/\/xanthelasmaremoval.com\/xanthelasma-palpebrarum\/","og_locale":"es_ES","og_type":"article","og_title":"[:en]Xanthelasma palpebrarum[:es]Xantelasma palpebrarum[:] - Xanthelasma Removal","og_description":"[vc_row][vc_column][\/vc_column][\/vc_row][vc_row][vc_column width=\u00bb2\/3&#8243;][vc_column_text] El Xantelasma palpebrarum es una afecci\u00f3n de la piel que desarrolla crecimientos grasos amarillos planos en los p\u00e1rpados....","og_url":"https:\/\/xanthelasmaremoval.com\/xanthelasma-palpebrarum\/","og_site_name":"Xanthelasma Removal","article_modified_time":"2019-09-26T22:19:16+00:00","twitter_card":"summary_large_image","twitter_misc":{"Tiempo de lectura":"10 minutos"},"schema":{"@context":"https:\/\/schema.org","@graph":[{"@type":"WebPage","@id":"https:\/\/xanthelasmaremoval.com\/xanthelasma-palpebrarum\/","url":"https:\/\/xanthelasmaremoval.com\/xanthelasma-palpebrarum\/","name":"[:en]Xanthelasma palpebrarum[:es]Xantelasma palpebrarum[:] - Xanthelasma Removal","isPartOf":{"@id":"https:\/\/xanthelasmaremoval.com\/#website"},"datePublished":"2019-02-23T08:59:09+00:00","dateModified":"2019-09-26T22:19:16+00:00","breadcrumb":{"@id":"https:\/\/xanthelasmaremoval.com\/xanthelasma-palpebrarum\/#breadcrumb"},"inLanguage":"es","potentialAction":[{"@type":"ReadAction","target":["https:\/\/xanthelasmaremoval.com\/xanthelasma-palpebrarum\/"]}]},{"@type":"BreadcrumbList","@id":"https:\/\/xanthelasmaremoval.com\/xanthelasma-palpebrarum\/#breadcrumb","itemListElement":[{"@type":"ListItem","position":1,"name":"Home","item":"https:\/\/xanthelasmaremoval.com\/"},{"@type":"ListItem","position":2,"name":"Xanthelasma palpebrarum"}]},{"@type":"WebSite","@id":"https:\/\/xanthelasmaremoval.com\/#website","url":"https:\/\/xanthelasmaremoval.com\/","name":"Xanthelasma Removal","description":"The Xanthelasma Removal Solutions!","potentialAction":[{"@type":"SearchAction","target":{"@type":"EntryPoint","urlTemplate":"https:\/\/xanthelasmaremoval.com\/?s={search_term_string}"},"query-input":{"@type":"PropertyValueSpecification","valueRequired":true,"valueName":"search_term_string"}}],"inLanguage":"es"}]}},"_links":{"self":[{"href":"https:\/\/xanthelasmaremoval.com\/es\/wp-json\/wp\/v2\/pages\/10119"}],"collection":[{"href":"https:\/\/xanthelasmaremoval.com\/es\/wp-json\/wp\/v2\/pages"}],"about":[{"href":"https:\/\/xanthelasmaremoval.com\/es\/wp-json\/wp\/v2\/types\/page"}],"author":[{"embeddable":true,"href":"https:\/\/xanthelasmaremoval.com\/es\/wp-json\/wp\/v2\/users\/66"}],"replies":[{"embeddable":true,"href":"https:\/\/xanthelasmaremoval.com\/es\/wp-json\/wp\/v2\/comments?post=10119"}],"version-history":[{"count":69,"href":"https:\/\/xanthelasmaremoval.com\/es\/wp-json\/wp\/v2\/pages\/10119\/revisions"}],"predecessor-version":[{"id":12909,"href":"https:\/\/xanthelasmaremoval.com\/es\/wp-json\/wp\/v2\/pages\/10119\/revisions\/12909"}],"wp:attachment":[{"href":"https:\/\/xanthelasmaremoval.com\/es\/wp-json\/wp\/v2\/media?parent=10119"}],"curies":[{"name":"wp","href":"https:\/\/api.w.org\/{rel}","templated":true}]}}