{"id":10183,"date":"2019-02-23T13:25:30","date_gmt":"2019-02-23T13:25:30","guid":{"rendered":"https:\/\/xanthelasmaremoval.com\/?page_id=10183"},"modified":"2022-06-11T11:50:57","modified_gmt":"2022-06-11T11:50:57","slug":"buy-now","status":"publish","type":"page","link":"https:\/\/xanthelasmaremoval.com\/es\/buy-now\/","title":{"rendered":"Adquieralo Ahora!!"},"content":{"rendered":"<p>[vc_row][vc_column][vc_column_text][\/vc_column_text][\/vc_column][\/vc_row][vc_row][vc_column][vc_zigzag][\/vc_column][\/vc_row][vc_row][vc_column]<div class=\"sc-textbox rounded-corners\"  style=\"\"><div class=\"sc-textbox-content\" style=\"background-color: #f1f5f8;background-position: center top;\"><div class=\"sc-icon-with-text sc-icon-with-text-icon-size-medium\"><div class=\"sc-icon-with-text-icon\"><div class=\"sc-icon sc-icon-size-medium  sc-icon-shape-circle\" style=\"background-color: #90ba8f;border: 2px solid #90ba8f;\"><span class=\"sc-icon-half-1\" style=\"color: #ffffff;\"><span class=\"back-angle\">&#xe661;<\/span><\/span><span class=\"sc-icon-half-2\" style=\"color: #ffffff;\"><span class=\"back-angle\">&#xe661;<\/span><\/span><\/div><\/div><div class=\"sc-icon-with-text-content\"><div class=\"sc-icon-with-text-text\">[vc_column_text]<\/p>\n<h4>El XanthRemover, mejor que cualquier otro producto \u00abC\u00f3mprelo ahora para eliminar su xantelasma\u00bb<\/h4>\n<p>[\/vc_column_text]<\/div><\/div><div class=\"clearboth\"><\/div><\/div><\/div><\/div>[\/vc_column][\/vc_row][vc_row][vc_column width=\u00bb1\/2&#8243;]<\/p>\n<div class=\"pricing-table row inline-row inline-row-center pricing-table-style-1 button-icon-cart\">\n<div class=\"pricing-column-wrapper col-md-3 col-sm-4 col-xs-6 inline-column highlighted\">\n<div class=\"pricing-column\">\n<div class=\"pricing-title-wrapper\">\n<div class=\"pricing-title\">\n<div class=\"title-h3\">Orden normal<\/div>\n<div class=\"subtitle\">El mejor plan de precio \/ cantidad<\/div>\n<\/div>\n<div class=\"pricing-column-top-choice\">\n<div class=\"pricing-column-top-choice-text\">NUEVO<\/div>\n<\/div>\n<\/div>\n<div class=\"pricing-price-row\" >\n<div class=\"pricing-price\" style=\"font-size: 57px;color: #705b96;\">\n<div class=\"pricing-cost\">$13<\/div>\n<p><span class=\"time\">Por orden<\/span><\/div>\n<\/div>\n<div class=\"pricing-row  strike\">Con garant\u00eda de devoluci\u00f3n de dinero<\/div>\n<div class=\"pricing-row \">Incluye el env\u00edo a TODO EL MUNDO<\/div>\n<div class=\"pricing-row \">30ml de XanthRemover Gel<\/div>\n<div class=\"pricing-row \">Nuestro servicio completo de soporte en l\u00ednea<\/div>\n<div class=\"pricing-footer\"><a href=\"https:\/\/xanthelasmaremoval.com\/product\/xanth-remover-without-money-back-guarantee\/\" class=\"sc-button\">Ordene ya<\/a><\/div>\n<\/div>\n<\/div>\n<\/div>\n<p>[\/vc_column][vc_column width=\u00bb1\/2&#8243;]<\/p>\n<div class=\"pricing-table row inline-row inline-row-center pricing-table-style-1 button-icon-cart\">\n<div class=\"pricing-column-wrapper col-md-3 col-sm-4 col-xs-6 inline-column highlighted\">\n<div class=\"pricing-column\">\n<div class=\"pricing-title-wrapper\">\n<div class=\"pricing-title\">\n<div class=\"title-h3\">Plan avanzado<\/div>\n<div class=\"subtitle\">El mejor plan de precio \/ cantidad<\/div>\n<\/div>\n<div class=\"pricing-column-top-choice\">\n<div class=\"pricing-column-top-choice-text\">NUEVO<\/div>\n<\/div>\n<\/div>\n<div class=\"pricing-price-row\" >\n<div class=\"pricing-price\" style=\"font-size: 57px;color: #705b96;\">\n<div class=\"pricing-cost\">$39<\/div>\n<p><span class=\"time\">Por orden<\/span><\/div>\n<\/div>\n<div class=\"pricing-row \">Con garant\u00eda de devoluci\u00f3n de dinero<\/div>\n<div class=\"pricing-row \">Incluye env\u00edo a TODO EL MUNDO.<\/div>\n<div class=\"pricing-row \">30ml de XanthRemover Gel<\/div>\n<div class=\"pricing-row \">Nuestro servicio completo de soporte en l\u00ednea<\/div>\n<div class=\"pricing-footer\"><a href=\"https:\/\/xanthelasmaremoval.com\/product\/xanthe-remover\/\" class=\"sc-button\">Ordene ya.<\/a><\/div>\n<\/div>\n<\/div>\n<\/div>\n<p>[\/vc_column][\/vc_row][vc_column][\/vc_column]<div class=\"sc-youtube sc-wrapbox sc-wrapbox-style-default rounded-corners sc-wrapbox-position-below\" style=\"width: 100%;\"><div class=\"sc-wrapbox-inner sc-ratio-style\" style=\"padding-top: 50%\"><iframe loading=\"lazy\" class=\"sc-wrapbox-element img-responsive\" width=\"100%\" height=\"300\" frameborder=\"0\" scrolling=\"no\" marginheight=\"0\" marginwidth=\"0\" src=\"\/\/www.youtube.com\/embed\/ULMh5BUdc18?rel=0&amp;wmode=opaque\"><\/iframe><\/div><\/div>[vc_row][vc_column][vc_column_text]<strong>Suba sus \u00faltimas fotos. Recuerde que necesitamos ver el xantelasma claramente, as\u00ed como su tipo de piel. Las im\u00e1genes deben incluir su cara completa a la cual podamos distinguir el xantelasma y su proceso de eliminaci\u00f3n. <a href=\"https:\/\/xanthelasmaremoval.com\/es\/photos-and-information-submission\/\">Haga click aqu\u00ed<\/a><\/strong>[\/vc_column_text][\/vc_column][\/vc_row][vc_row][vc_column width=\u00bb2\/3&#8243;][vc_column_text]<\/p>\n<h3 style=\"text-align: center;\">\u00bfDesea saber\u00a0 m\u00e1s sobre el XanthRemover?<\/h3>\n<p><blockquote><p>El XanthRemover es la soluci\u00f3n de eliminaci\u00f3n del xantelasma m\u00e1s efectiva y econ\u00f3mica. Muchas personas en todo el mundo ahora han eliminado su Xanthelasma mediante el uso del XanthRemover.<\/p><\/blockquote><div class=\"centered-box\"><a class=\"sc-button \"  href=\"https:\/\/xanthelasmaremoval.com\/xanthremover\/\" target=\"_self\" style=\"\">M\u00e1s informaci\u00f3n<\/a><\/div>[\/vc_column_text][\/vc_column][vc_column width=\u00bb1\/3&#8243;][vc_single_image image=\u00bb11837&#8243; img_size=\u00bbfull\u00bb alignment=\u00bbcenter\u00bb][\/vc_column][\/vc_row][vc_row][vc_column][vc_column_text][\/vc_column_text][\/vc_column][\/vc_row]<\/p>","protected":false},"excerpt":{"rendered":"<p>[vc_row][vc_column][vc_column_text][\/vc_column_text][\/vc_column][\/vc_row][vc_row][vc_column][vc_zigzag][\/vc_column][\/vc_row][vc_row][vc_column][\/vc_column][\/vc_row][vc_row][vc_column width=\u00bb1\/2&#8243;][\/vc_column][vc_column width=\u00bb1\/2&#8243;][\/vc_column][\/vc_row][vc_column][\/vc_column][vc_row][vc_column][vc_column_text]Suba sus \u00faltimas fotos. Recuerde que necesitamos ver el xantelasma claramente, as\u00ed como su tipo de piel. Las&#8230;<\/p>\n","protected":false},"author":66,"featured_media":0,"parent":0,"menu_order":0,"comment_status":"closed","ping_status":"closed","template":"","meta":{"footnotes":""},"class_list":["post-10183","page","type-page","status-publish","hentry"],"yoast_head":"<!-- This site is optimized with the Yoast SEO plugin v24.3 - https:\/\/yoast.com\/wordpress\/plugins\/seo\/ -->\n<title>Adquieralo Ahora!! - Xanthelasma Removal<\/title>\n<meta name=\"robots\" content=\"index, follow, max-snippet:-1, max-image-preview:large, max-video-preview:-1\" \/>\n<link rel=\"canonical\" href=\"https:\/\/xanthelasmaremoval.com\/buy-now\/\" \/>\n<meta property=\"og:locale\" content=\"es_ES\" \/>\n<meta property=\"og:type\" content=\"article\" \/>\n<meta property=\"og:title\" content=\"[:en]Buy Now[:es]Adquieralo Ahora!![:] - Xanthelasma Removal\" \/>\n<meta property=\"og:description\" content=\"[vc_row][vc_column][vc_column_text][\/vc_column_text][\/vc_column][\/vc_row][vc_row][vc_column][vc_zigzag][\/vc_column][\/vc_row][vc_row][vc_column][\/vc_column][\/vc_row][vc_row][vc_column width=\u00bb1\/2&#8243;][\/vc_column][vc_column width=\u00bb1\/2&#8243;][\/vc_column][\/vc_row][vc_column][\/vc_column][vc_row][vc_column][vc_column_text]Suba sus \u00faltimas fotos. Recuerde que necesitamos ver el xantelasma claramente, as\u00ed como su tipo de piel. Las...\" \/>\n<meta property=\"og:url\" content=\"https:\/\/xanthelasmaremoval.com\/buy-now\/\" \/>\n<meta property=\"og:site_name\" content=\"Xanthelasma Removal\" \/>\n<meta property=\"article:modified_time\" content=\"2022-06-11T11:50:57+00:00\" \/>\n<meta name=\"twitter:card\" content=\"summary_large_image\" \/>\n<meta name=\"twitter:label1\" content=\"Tiempo de lectura\" \/>\n\t<meta name=\"twitter:data1\" content=\"5 minutos\" \/>\n<script type=\"application\/ld+json\" class=\"yoast-schema-graph\">{\"@context\":\"https:\/\/schema.org\",\"@graph\":[{\"@type\":\"WebPage\",\"@id\":\"https:\/\/xanthelasmaremoval.com\/buy-now\/\",\"url\":\"https:\/\/xanthelasmaremoval.com\/buy-now\/\",\"name\":\"[:en]Buy Now[:es]Adquieralo Ahora!![:] - Xanthelasma Removal\",\"isPartOf\":{\"@id\":\"https:\/\/xanthelasmaremoval.com\/#website\"},\"datePublished\":\"2019-02-23T13:25:30+00:00\",\"dateModified\":\"2022-06-11T11:50:57+00:00\",\"breadcrumb\":{\"@id\":\"https:\/\/xanthelasmaremoval.com\/buy-now\/#breadcrumb\"},\"inLanguage\":\"es\",\"potentialAction\":[{\"@type\":\"ReadAction\",\"target\":[\"https:\/\/xanthelasmaremoval.com\/buy-now\/\"]}]},{\"@type\":\"BreadcrumbList\",\"@id\":\"https:\/\/xanthelasmaremoval.com\/buy-now\/#breadcrumb\",\"itemListElement\":[{\"@type\":\"ListItem\",\"position\":1,\"name\":\"Home\",\"item\":\"https:\/\/xanthelasmaremoval.com\/\"},{\"@type\":\"ListItem\",\"position\":2,\"name\":\"Buy Now\"}]},{\"@type\":\"WebSite\",\"@id\":\"https:\/\/xanthelasmaremoval.com\/#website\",\"url\":\"https:\/\/xanthelasmaremoval.com\/\",\"name\":\"Xanthelasma Removal\",\"description\":\"The Xanthelasma Removal Solutions!\",\"potentialAction\":[{\"@type\":\"SearchAction\",\"target\":{\"@type\":\"EntryPoint\",\"urlTemplate\":\"https:\/\/xanthelasmaremoval.com\/?s={search_term_string}\"},\"query-input\":{\"@type\":\"PropertyValueSpecification\",\"valueRequired\":true,\"valueName\":\"search_term_string\"}}],\"inLanguage\":\"es\"}]}<\/script>\n<!-- \/ Yoast SEO plugin. -->","yoast_head_json":{"title":"[:en]Buy Now[:es]Adquieralo Ahora!![:] - Xanthelasma Removal","robots":{"index":"index","follow":"follow","max-snippet":"max-snippet:-1","max-image-preview":"max-image-preview:large","max-video-preview":"max-video-preview:-1"},"canonical":"https:\/\/xanthelasmaremoval.com\/buy-now\/","og_locale":"es_ES","og_type":"article","og_title":"[:en]Buy Now[:es]Adquieralo Ahora!![:] - Xanthelasma Removal","og_description":"[vc_row][vc_column][vc_column_text][\/vc_column_text][\/vc_column][\/vc_row][vc_row][vc_column][vc_zigzag][\/vc_column][\/vc_row][vc_row][vc_column][\/vc_column][\/vc_row][vc_row][vc_column width=\u00bb1\/2&#8243;][\/vc_column][vc_column width=\u00bb1\/2&#8243;][\/vc_column][\/vc_row][vc_column][\/vc_column][vc_row][vc_column][vc_column_text]Suba sus \u00faltimas fotos. Recuerde que necesitamos ver el xantelasma claramente, as\u00ed como su tipo de piel. Las...","og_url":"https:\/\/xanthelasmaremoval.com\/buy-now\/","og_site_name":"Xanthelasma Removal","article_modified_time":"2022-06-11T11:50:57+00:00","twitter_card":"summary_large_image","twitter_misc":{"Tiempo de lectura":"5 minutos"},"schema":{"@context":"https:\/\/schema.org","@graph":[{"@type":"WebPage","@id":"https:\/\/xanthelasmaremoval.com\/buy-now\/","url":"https:\/\/xanthelasmaremoval.com\/buy-now\/","name":"[:en]Buy Now[:es]Adquieralo Ahora!![:] - Xanthelasma Removal","isPartOf":{"@id":"https:\/\/xanthelasmaremoval.com\/#website"},"datePublished":"2019-02-23T13:25:30+00:00","dateModified":"2022-06-11T11:50:57+00:00","breadcrumb":{"@id":"https:\/\/xanthelasmaremoval.com\/buy-now\/#breadcrumb"},"inLanguage":"es","potentialAction":[{"@type":"ReadAction","target":["https:\/\/xanthelasmaremoval.com\/buy-now\/"]}]},{"@type":"BreadcrumbList","@id":"https:\/\/xanthelasmaremoval.com\/buy-now\/#breadcrumb","itemListElement":[{"@type":"ListItem","position":1,"name":"Home","item":"https:\/\/xanthelasmaremoval.com\/"},{"@type":"ListItem","position":2,"name":"Buy Now"}]},{"@type":"WebSite","@id":"https:\/\/xanthelasmaremoval.com\/#website","url":"https:\/\/xanthelasmaremoval.com\/","name":"Xanthelasma Removal","description":"The Xanthelasma Removal Solutions!","potentialAction":[{"@type":"SearchAction","target":{"@type":"EntryPoint","urlTemplate":"https:\/\/xanthelasmaremoval.com\/?s={search_term_string}"},"query-input":{"@type":"PropertyValueSpecification","valueRequired":true,"valueName":"search_term_string"}}],"inLanguage":"es"}]}},"_links":{"self":[{"href":"https:\/\/xanthelasmaremoval.com\/es\/wp-json\/wp\/v2\/pages\/10183"}],"collection":[{"href":"https:\/\/xanthelasmaremoval.com\/es\/wp-json\/wp\/v2\/pages"}],"about":[{"href":"https:\/\/xanthelasmaremoval.com\/es\/wp-json\/wp\/v2\/types\/page"}],"author":[{"embeddable":true,"href":"https:\/\/xanthelasmaremoval.com\/es\/wp-json\/wp\/v2\/users\/66"}],"replies":[{"embeddable":true,"href":"https:\/\/xanthelasmaremoval.com\/es\/wp-json\/wp\/v2\/comments?post=10183"}],"version-history":[{"count":64,"href":"https:\/\/xanthelasmaremoval.com\/es\/wp-json\/wp\/v2\/pages\/10183\/revisions"}],"predecessor-version":[{"id":14471,"href":"https:\/\/xanthelasmaremoval.com\/es\/wp-json\/wp\/v2\/pages\/10183\/revisions\/14471"}],"wp:attachment":[{"href":"https:\/\/xanthelasmaremoval.com\/es\/wp-json\/wp\/v2\/media?parent=10183"}],"curies":[{"name":"wp","href":"https:\/\/api.w.org\/{rel}","templated":true}]}}