{"id":10342,"date":"2019-02-27T07:40:13","date_gmt":"2019-02-27T07:40:13","guid":{"rendered":"https:\/\/xanthelasmaremoval.com\/?page_id=10342"},"modified":"2019-09-20T18:14:46","modified_gmt":"2019-09-20T18:14:46","slug":"what-causes-it","status":"publish","type":"page","link":"https:\/\/xanthelasmaremoval.com\/es\/what-causes-it\/","title":{"rendered":"\u00bfQu\u00e9 causa el Xantelasma?"},"content":{"rendered":"<p>[vc_row][vc_column]<blockquote><p>Si usted ve manchas amarillas en las esquinas interiores de sus p\u00e1rpados, es posible que tenga Xantelasmas. Los parches compuestos de colesterol que est\u00e1 debajo de la piel no son da\u00f1inos, pero si no le gusta este aspecto, podemos ayudarle a deshacerse de ellos.<\/p><\/blockquote>[\/vc_column][\/vc_row][vc_row][vc_column]<\/p>\n<div class=\"sc-list\">\n<h2>Cu\u00e1les son las causas del xantelasma<\/h2>\n<ul>\n<li>Colesterol LDL alto (\u00abmalo\u00bb) o colesterol HDL bajo (\u00abbueno\u00bb)<\/li>\n<li>Colesterol alto hereditario (su m\u00e9dico podr\u00eda llamar a esto hipercolesterolemia familiar)<\/li>\n<li>La enfermedad del h\u00edgado llamada cirrosis biliar primaria, que puede elevar los niveles de colesterol.<\/li>\n<li>Deficiencia de lipoprote\u00edna lipasa familiar, la enzima que descompone los l\u00edpidos<\/li>\n<li>Hipertrigliceridemia familiar, una condici\u00f3n gen\u00e9tica que hace que las personas tengan mayores cantidades de triglic\u00e9ridos en la sangre.<\/li>\n<li>Dislipoproteinemia familiar, una condici\u00f3n gen\u00e9tica que hace que las personas tengan mayores cantidades de l\u00edpidos en la sangre.<\/li>\n<\/ul>\n<\/div>\n<p>[vc_single_image image=\u00bb11522&#8243; img_size=\u00bbfull\u00bb alignment=\u00bbcenter\u00bb style=\u00bbvc_box_outline\u00bb][\/vc_column][\/vc_row][vc_row][vc_column width=\u00bb1\/2&#8243;]<\/p>\n<div class=\"sc-list\"><em><strong>Los factores seg\u00fan el estilo de vida pueden incluir:<\/strong><\/em><\/p>\n<ul>\n<li>Dietas altas en grasas saturadas y bajas en grasas no saturadas<\/li>\n<li>Consumo excesivo de alcohol.<\/li>\n<li>Falta de ejercicio cardiovascular<\/li>\n<li>Aumento de peso<\/li>\n<li>Una dieta baja en fibra.<\/li>\n<li>Fumar<\/li>\n<\/ul>\n<\/div>\n<p>[\/vc_column][vc_column width=\u00bb1\/2&#8243;][vc_empty_space][vc_single_image image=\u00bb10346&#8243; img_size=\u00bbfull\u00bb alignment=\u00bbcenter\u00bb style=\u00bbvc_box_outline\u00bb][\/vc_column][\/vc_row][vc_row][vc_column][vc_column_text]<\/p>\n<h2>\u00bfQui\u00e9n lo padece?<\/h2>\n<p>[\/vc_column_text][vc_row_inner][vc_column_inner width=\u00bb1\/3&#8243;][vc_single_image image=\u00bb9694&#8243; img_size=\u00bbfull\u00bb alignment=\u00bbcenter\u00bb style=\u00bbvc_box_outline\u00bb][\/vc_column_inner][vc_column_inner width=\u00bb2\/3&#8243;][vc_column_text]<\/p>\n<div class=\"sc-list\">\n<p>Esta afecci\u00f3n es poco probable, pero a veces usted puede tener xantelasmas si hay niveles altos de colesterol u otras grasas en la sangre. Tambi\u00e9n es posible tener xantelasmas incluso si sus niveles de colesterol son normales.<\/p>\n<p>La mayor\u00eda de las personas que tienen xantelasmas son de mediana edad o mayores. Es m\u00e1s com\u00fan en las mujeres que en los hombres. Si lo padece, debe controlar su colesterol con un an\u00e1lisis de sangre.<\/p>\n<p>Estos son m\u00e1s comunes entre las personas cuyas familias son de Asia o del Mediterr\u00e1neo.<\/p>\n<\/div>\n<p>[\/vc_column_text][\/vc_column_inner][\/vc_row_inner][\/vc_column][\/vc_row][vc_row][vc_column][vc_column_text]<\/p>\n<h2>\u00bfCu\u00e1ndo deber\u00eda ir al Doctor?<\/h2>\n<p>[\/vc_column_text][\/vc_column][\/vc_row][vc_row][vc_column][vc_row_inner][vc_column_inner][vc_column_text]El xantelasma puede ser una se\u00f1al de advertencia temprana de que el colesterol ha comenzado a desarrollarse en los vasos sangu\u00edneos.<\/p>\n<p>Despu\u00e9s de un tiempo, puede descubrir el aterosclerosis y puede provocar enfermedades del coraz\u00f3n, ataques card\u00edacos o derrames cerebrales.[\/vc_column_text][vc_single_image image=\u00bb10350&#8243; img_size=\u00bbfull\u00bb alignment=\u00bbright\u00bb style=\u00bbvc_box_outline\u00bb][vc_column_text]Cuando note alg\u00fan desarrollo amarillento en sus p\u00e1rpados y necesita que sean eliminados, visite a un dermat\u00f3logo o un especialista en oculoplastia. Es un especialista en ojos con experiencia pr\u00e1ctica en cirug\u00eda para ojos. Adem\u00e1s, tambi\u00e9n es esencial considerar controlar sus niveles de colesterol, su peso\u00a0 y otros riesgos card\u00edacos. Consulte a su especialista de confianza[\/vc_column_text][\/vc_column_inner][\/vc_row_inner][\/vc_column][\/vc_row][vc_row el_class=\u00bbwhite\u00bb css=\u00bb.vc_custom_1563806976684{background-image: url(https:\/\/xanthelasmaremoval.com\/wp-content\/uploads\/2019\/03\/bg_header.png?id=10873) !important;background-position: 0 0 !important;background-repeat: repeat !important;}\u00bb][vc_column]<blockquote><p>El XanthRemover, mejor que cualquier otro producto \u00abC\u00f3mprelo ahora para eliminar su xantelasma\u00bb<\/p><\/blockquote><div class=\"centered-box\"><a class=\"sc-button \"  href=\"https:\/\/xanthelasmaremoval.com\/buy-now\/\" target=\"_self\" style=\"color: #ffffff;background-color: #e1134e;\">\u00a1\u00a1\u00a1ADQUIERALO AHORA!!!<\/a><\/div>[vc_empty_space][\/vc_column][\/vc_row][vc_row][vc_column][vc_column_text]<\/p>\n<p>[\/vc_column_text][\/vc_column][\/vc_row][vc_row][vc_column width=\u00bb1\/3&#8243;][vc_single_image image=\u00bb11153&#8243; img_size=\u00bbfull\u00bb alignment=\u00bbcenter\u00bb onclick=\u00bbcustom_link\u00bb link=\u00bbhttps:\/\/xanthelasmaremoval.com\/xanthelasma-and-diabetes-connection\/\u00bb][vc_column_text]<\/p>\n<p style=\"text-align: center;\"><strong>El Xantelasma y la diabetes<\/strong><\/p>\n<p>[\/vc_column_text][vc_column_text]<\/p>\n<p style=\"text-align: center;\">Las investigaciones y hallazgos cient\u00edficos han relacionado el Xantelasma y la diabetes. El xantelasma es principalmente una acumulaci\u00f3n de grasa de colesterol alrededor del p\u00e1rpado, y puede provocar diversas complicaciones de salud, como diabetes y enfermedades card\u00edacas isqu\u00e9micas.<\/p>\n<p style=\"text-align: center;\"><a href=\"https:\/\/xanthelasmaremoval.com\/xanthelasma-and-diabetes-connection\/\">M\u00e1s informaci\u00f3n\u00a0<\/a><\/p>\n<p>[\/vc_column_text][\/vc_column][vc_column width=\u00bb1\/3&#8243;][vc_single_image image=\u00bb10947&#8243; img_size=\u00bbfull\u00bb alignment=\u00bbcenter\u00bb onclick=\u00bbcustom_link\u00bb link=\u00bbhttps:\/\/xanthelasmaremoval.com\/heart-disease-and-xanthelasma\/\u00bb][vc_column_text]<\/p>\n<p style=\"text-align: center;\"><strong>El Xantelasma y las enfermedades <\/strong><b>card\u00edacas<\/b><\/p>\n<p>[\/vc_column_text][vc_column_text]<\/p>\n<p style=\"text-align: center;\">Una investigaci\u00f3n ver\u00eddica descubri\u00f3 una conexi\u00f3n entre las enfermedades card\u00edacas y los xantelasmas. Si es as\u00ed, puede ayudar a prevenir los ataques card\u00edacos. Este art\u00edculo le proporcionar\u00e1 m\u00e1s informaci\u00f3n sobre esta investigaci\u00f3n y sus resultados.<\/p>\n<p style=\"text-align: center;\"><a href=\"https:\/\/xanthelasmaremoval.com\/heart-disease-and-xanthelasma\/\">M\u00e1s informaci\u00f3n<\/a><\/p>\n<p>[\/vc_column_text][\/vc_column][vc_column width=\u00bb1\/3&#8243;][vc_single_image image=\u00bb10691&#8243; img_size=\u00bbfull\u00bb alignment=\u00bbcenter\u00bb onclick=\u00bbcustom_link\u00bb link=\u00bbhttps:\/\/xanthelasmaremoval.com\/xanthelasma-and-high-cholesterol\/\u00bb][vc_column_text]<\/p>\n<p style=\"text-align: center;\"><strong>El Xantelasma y el colesterol alto<\/strong><\/p>\n<p>[\/vc_column_text][vc_column_text]<\/p>\n<p style=\"text-align: center;\">\u00bfCu\u00e1l es el V\u00cdNCULO entre el xantoma (xantelasma) y el COLESTEROL? Los dep\u00f3sitos de grasa dentro de los p\u00e1rpados pueden indicar niveles altos de colesterol.<\/p>\n<p style=\"text-align: center;\"><a href=\"https:\/\/xanthelasmaremoval.com\/xanthelasma-and-high-cholesterol\/\"> M\u00e1s informaci\u00f3n\u00a0<\/a><\/p>\n<p>[\/vc_column_text][\/vc_column][\/vc_row]<\/p>","protected":false},"excerpt":{"rendered":"<p>[vc_row][vc_column][\/vc_column][\/vc_row][vc_row][vc_column][vc_single_image image=\u00bb11522&#8243; img_size=\u00bbfull\u00bb alignment=\u00bbcenter\u00bb style=\u00bbvc_box_outline\u00bb][\/vc_column][\/vc_row][vc_row][vc_column width=\u00bb1\/2&#8243;][\/vc_column][vc_column width=\u00bb1\/2&#8243;][vc_empty_space][vc_single_image image=\u00bb10346&#8243; img_size=\u00bbfull\u00bb alignment=\u00bbcenter\u00bb style=\u00bbvc_box_outline\u00bb][\/vc_column][\/vc_row][vc_row][vc_column][vc_column_text] \u00bfQui\u00e9n lo padece? [\/vc_column_text][vc_row_inner][vc_column_inner width=\u00bb1\/3&#8243;][vc_single_image image=\u00bb9694&#8243; img_size=\u00bbfull\u00bb alignment=\u00bbcenter\u00bb style=\u00bbvc_box_outline\u00bb][\/vc_column_inner][vc_column_inner&#8230;<\/p>\n","protected":false},"author":66,"featured_media":0,"parent":0,"menu_order":0,"comment_status":"closed","ping_status":"closed","template":"","meta":{"footnotes":""},"class_list":["post-10342","page","type-page","status-publish","hentry"],"yoast_head":"<!-- This site is optimized with the Yoast SEO plugin v24.3 - https:\/\/yoast.com\/wordpress\/plugins\/seo\/ -->\n<title>\u00bfQu\u00e9 causa el Xantelasma? - Xanthelasma Removal<\/title>\n<meta name=\"robots\" content=\"index, follow, max-snippet:-1, max-image-preview:large, max-video-preview:-1\" \/>\n<link rel=\"canonical\" href=\"https:\/\/xanthelasmaremoval.com\/what-causes-it\/\" \/>\n<meta property=\"og:locale\" content=\"es_ES\" \/>\n<meta property=\"og:type\" content=\"article\" \/>\n<meta property=\"og:title\" content=\"[:en]What Causes It[:es]\u00bfQu\u00e9 causa el Xantelasma?[:] - Xanthelasma Removal\" \/>\n<meta property=\"og:description\" content=\"[vc_row][vc_column][\/vc_column][\/vc_row][vc_row][vc_column][vc_single_image image=\u00bb11522&#8243; img_size=\u00bbfull\u00bb alignment=\u00bbcenter\u00bb style=\u00bbvc_box_outline\u00bb][\/vc_column][\/vc_row][vc_row][vc_column width=\u00bb1\/2&#8243;][\/vc_column][vc_column width=\u00bb1\/2&#8243;][vc_empty_space][vc_single_image image=\u00bb10346&#8243; img_size=\u00bbfull\u00bb alignment=\u00bbcenter\u00bb style=\u00bbvc_box_outline\u00bb][\/vc_column][\/vc_row][vc_row][vc_column][vc_column_text] \u00bfQui\u00e9n lo padece? [\/vc_column_text][vc_row_inner][vc_column_inner width=\u00bb1\/3&#8243;][vc_single_image image=\u00bb9694&#8243; img_size=\u00bbfull\u00bb alignment=\u00bbcenter\u00bb style=\u00bbvc_box_outline\u00bb][\/vc_column_inner][vc_column_inner...\" \/>\n<meta property=\"og:url\" content=\"https:\/\/xanthelasmaremoval.com\/what-causes-it\/\" \/>\n<meta property=\"og:site_name\" content=\"Xanthelasma Removal\" \/>\n<meta property=\"article:modified_time\" content=\"2019-09-20T18:14:46+00:00\" \/>\n<meta name=\"twitter:card\" content=\"summary_large_image\" \/>\n<meta name=\"twitter:label1\" content=\"Tiempo de lectura\" \/>\n\t<meta name=\"twitter:data1\" content=\"9 minutos\" \/>\n<script type=\"application\/ld+json\" class=\"yoast-schema-graph\">{\"@context\":\"https:\/\/schema.org\",\"@graph\":[{\"@type\":\"WebPage\",\"@id\":\"https:\/\/xanthelasmaremoval.com\/what-causes-it\/\",\"url\":\"https:\/\/xanthelasmaremoval.com\/what-causes-it\/\",\"name\":\"[:en]What Causes It[:es]\u00bfQu\u00e9 causa el Xantelasma?[:] - Xanthelasma Removal\",\"isPartOf\":{\"@id\":\"https:\/\/xanthelasmaremoval.com\/#website\"},\"datePublished\":\"2019-02-27T07:40:13+00:00\",\"dateModified\":\"2019-09-20T18:14:46+00:00\",\"breadcrumb\":{\"@id\":\"https:\/\/xanthelasmaremoval.com\/what-causes-it\/#breadcrumb\"},\"inLanguage\":\"es\",\"potentialAction\":[{\"@type\":\"ReadAction\",\"target\":[\"https:\/\/xanthelasmaremoval.com\/what-causes-it\/\"]}]},{\"@type\":\"BreadcrumbList\",\"@id\":\"https:\/\/xanthelasmaremoval.com\/what-causes-it\/#breadcrumb\",\"itemListElement\":[{\"@type\":\"ListItem\",\"position\":1,\"name\":\"Home\",\"item\":\"https:\/\/xanthelasmaremoval.com\/\"},{\"@type\":\"ListItem\",\"position\":2,\"name\":\"What Causes It\"}]},{\"@type\":\"WebSite\",\"@id\":\"https:\/\/xanthelasmaremoval.com\/#website\",\"url\":\"https:\/\/xanthelasmaremoval.com\/\",\"name\":\"Xanthelasma Removal\",\"description\":\"The Xanthelasma Removal Solutions!\",\"potentialAction\":[{\"@type\":\"SearchAction\",\"target\":{\"@type\":\"EntryPoint\",\"urlTemplate\":\"https:\/\/xanthelasmaremoval.com\/?s={search_term_string}\"},\"query-input\":{\"@type\":\"PropertyValueSpecification\",\"valueRequired\":true,\"valueName\":\"search_term_string\"}}],\"inLanguage\":\"es\"}]}<\/script>\n<!-- \/ Yoast SEO plugin. -->","yoast_head_json":{"title":"[:en]What Causes It[:es]\u00bfQu\u00e9 causa el Xantelasma?[:] - Xanthelasma Removal","robots":{"index":"index","follow":"follow","max-snippet":"max-snippet:-1","max-image-preview":"max-image-preview:large","max-video-preview":"max-video-preview:-1"},"canonical":"https:\/\/xanthelasmaremoval.com\/what-causes-it\/","og_locale":"es_ES","og_type":"article","og_title":"[:en]What Causes It[:es]\u00bfQu\u00e9 causa el Xantelasma?[:] - Xanthelasma Removal","og_description":"[vc_row][vc_column][\/vc_column][\/vc_row][vc_row][vc_column][vc_single_image image=\u00bb11522&#8243; img_size=\u00bbfull\u00bb alignment=\u00bbcenter\u00bb style=\u00bbvc_box_outline\u00bb][\/vc_column][\/vc_row][vc_row][vc_column width=\u00bb1\/2&#8243;][\/vc_column][vc_column width=\u00bb1\/2&#8243;][vc_empty_space][vc_single_image image=\u00bb10346&#8243; img_size=\u00bbfull\u00bb alignment=\u00bbcenter\u00bb style=\u00bbvc_box_outline\u00bb][\/vc_column][\/vc_row][vc_row][vc_column][vc_column_text] \u00bfQui\u00e9n lo padece? [\/vc_column_text][vc_row_inner][vc_column_inner width=\u00bb1\/3&#8243;][vc_single_image image=\u00bb9694&#8243; img_size=\u00bbfull\u00bb alignment=\u00bbcenter\u00bb style=\u00bbvc_box_outline\u00bb][\/vc_column_inner][vc_column_inner...","og_url":"https:\/\/xanthelasmaremoval.com\/what-causes-it\/","og_site_name":"Xanthelasma Removal","article_modified_time":"2019-09-20T18:14:46+00:00","twitter_card":"summary_large_image","twitter_misc":{"Tiempo de lectura":"9 minutos"},"schema":{"@context":"https:\/\/schema.org","@graph":[{"@type":"WebPage","@id":"https:\/\/xanthelasmaremoval.com\/what-causes-it\/","url":"https:\/\/xanthelasmaremoval.com\/what-causes-it\/","name":"[:en]What Causes It[:es]\u00bfQu\u00e9 causa el Xantelasma?[:] - Xanthelasma Removal","isPartOf":{"@id":"https:\/\/xanthelasmaremoval.com\/#website"},"datePublished":"2019-02-27T07:40:13+00:00","dateModified":"2019-09-20T18:14:46+00:00","breadcrumb":{"@id":"https:\/\/xanthelasmaremoval.com\/what-causes-it\/#breadcrumb"},"inLanguage":"es","potentialAction":[{"@type":"ReadAction","target":["https:\/\/xanthelasmaremoval.com\/what-causes-it\/"]}]},{"@type":"BreadcrumbList","@id":"https:\/\/xanthelasmaremoval.com\/what-causes-it\/#breadcrumb","itemListElement":[{"@type":"ListItem","position":1,"name":"Home","item":"https:\/\/xanthelasmaremoval.com\/"},{"@type":"ListItem","position":2,"name":"What Causes It"}]},{"@type":"WebSite","@id":"https:\/\/xanthelasmaremoval.com\/#website","url":"https:\/\/xanthelasmaremoval.com\/","name":"Xanthelasma Removal","description":"The Xanthelasma Removal Solutions!","potentialAction":[{"@type":"SearchAction","target":{"@type":"EntryPoint","urlTemplate":"https:\/\/xanthelasmaremoval.com\/?s={search_term_string}"},"query-input":{"@type":"PropertyValueSpecification","valueRequired":true,"valueName":"search_term_string"}}],"inLanguage":"es"}]}},"_links":{"self":[{"href":"https:\/\/xanthelasmaremoval.com\/es\/wp-json\/wp\/v2\/pages\/10342"}],"collection":[{"href":"https:\/\/xanthelasmaremoval.com\/es\/wp-json\/wp\/v2\/pages"}],"about":[{"href":"https:\/\/xanthelasmaremoval.com\/es\/wp-json\/wp\/v2\/types\/page"}],"author":[{"embeddable":true,"href":"https:\/\/xanthelasmaremoval.com\/es\/wp-json\/wp\/v2\/users\/66"}],"replies":[{"embeddable":true,"href":"https:\/\/xanthelasmaremoval.com\/es\/wp-json\/wp\/v2\/comments?post=10342"}],"version-history":[{"count":66,"href":"https:\/\/xanthelasmaremoval.com\/es\/wp-json\/wp\/v2\/pages\/10342\/revisions"}],"predecessor-version":[{"id":12840,"href":"https:\/\/xanthelasmaremoval.com\/es\/wp-json\/wp\/v2\/pages\/10342\/revisions\/12840"}],"wp:attachment":[{"href":"https:\/\/xanthelasmaremoval.com\/es\/wp-json\/wp\/v2\/media?parent=10342"}],"curies":[{"name":"wp","href":"https:\/\/api.w.org\/{rel}","templated":true}]}}