{"id":10814,"date":"2019-03-08T13:36:23","date_gmt":"2019-03-08T13:36:23","guid":{"rendered":"https:\/\/xanthelasmaremoval.com\/?page_id=10814"},"modified":"2021-09-14T08:37:48","modified_gmt":"2021-09-14T08:37:48","slug":"xanthelasma-and-recurrence","status":"publish","type":"page","link":"https:\/\/xanthelasmaremoval.com\/es\/xanthelasma-and-recurrence\/","title":{"rendered":"El Xantelasma y su recurrencia"},"content":{"rendered":"<p>[vc_row][vc_column]<div class=\"sc-youtube sc-wrapbox sc-wrapbox-style-default rounded-corners sc-wrapbox-position-below\" style=\"width: 100%;\"><div class=\"sc-wrapbox-inner sc-ratio-style\" style=\"padding-top: 40%\"><iframe loading=\"lazy\" class=\"sc-wrapbox-element img-responsive\" width=\"100%\" height=\"300\" frameborder=\"0\" scrolling=\"no\" marginheight=\"0\" marginwidth=\"0\" src=\"\/\/www.youtube.com\/embed\/TnXYjleUKmI?rel=0&amp;wmode=opaque\"><\/iframe><\/div><\/div>[\/vc_column][\/vc_row][vc_row][vc_column width=\u00bb1\/2&#8243;][vc_column_text]<\/p>\n<h3 style=\"text-align: justify;\">La recurrencia del xantelasma<\/h3>\n<p>El Xantelasma puede reaparecer despu\u00e9s de la eliminaci\u00f3n. Por lo tanto, cuando selecciona el tratamiento de eliminaci\u00f3n del xantelasma, debe considerarse la posibilidad de recurrencia, puede suceder incluso cuando la eliminaci\u00f3n se haya llevado a cabo adecuadamente. De hecho, incluso si el Xantelasma se ha eliminado de manera adecuada <a href=\"https:\/\/xanthelasmaremoval.com\/es\/using-peels-in-clinics\/\">con los peelings<\/a>, <a href=\"https:\/\/xanthelasmaremoval.com\/es\/xanthelasma-laser-treatment\/\">los l\u00e1seres<\/a>, la electrofulguraci\u00f3n, etc. Pueden reaparecer unos meses despu\u00e9s del tratamiento cosm\u00e9tico. Seg\u00fan un estudio publicado, la tasa de recurrencia, medida dos meses despu\u00e9s del tratamiento, fue casi el 15% del n\u00famero total de personas que se sometieron a extracci\u00f3n con un l\u00e1ser cosm\u00e9tico de CO2. Se espera que la tasa de recurrencia aumente de 6 meses a un a\u00f1o despu\u00e9s de la eliminaci\u00f3n.[\/vc_column_text][\/vc_column][vc_column width=\u00bb1\/2&#8243;]<div class=\"sc-youtube sc-wrapbox sc-wrapbox-style-4 rounded-corners sc-wrapbox-position-below\" style=\"width: 100%;\"><div class=\"sc-wrapbox-inner sc-ratio-style\" style=\"padding-top: 66.67%\"><iframe loading=\"lazy\" class=\"sc-wrapbox-element img-responsive\" width=\"100%\" height=\"300\" frameborder=\"0\" scrolling=\"no\" marginheight=\"0\" marginwidth=\"0\" src=\"\/\/www.youtube.com\/embed\/WBs5nXySOCo?rel=0&amp;wmode=opaque\"><\/iframe><\/div><\/div>[\/vc_column][\/vc_row][vc_row][vc_column][vc_zigzag][\/vc_column][\/vc_row][vc_row full_width=\u00bbstretch_row\u00bb el_class=\u00bbwhite\u00bb css=\u00bb.vc_custom_1554549695390{background-image: url(https:\/\/xanthelasmaremoval.com\/wp-content\/uploads\/2019\/03\/bg_header.png?id=10873) !important;background-position: 0 0 !important;background-repeat: repeat !important;}\u00bb][vc_column][vc_column_text]<\/p>\n<p style=\"text-align: justify;\">La recurrencia es un problema en la eliminaci\u00f3n de los xantelasmas. Desafortunadamente, no podemos estar seguros de que una vez que se elimine, el xantelasma no volver\u00e1 a reaparecer. Mirando la causalidad del xantelasma, esto parece ser herencia\u00a0 de familia. Adem\u00e1s, el Xantelasma (tanto Periorbital como Eruptivo) en su mayor\u00eda no desaparece a menos que se elimine. La eliminaci\u00f3n de xantelasma puede ser muy frustrante debido a la tasa de recurrencia. El estudio muestra que despu\u00e9s de 2 meses de tratamiento con l\u00e1ser de CO2 (es decir, eliminaci\u00f3n por ablaci\u00f3n con l\u00e1ser) para el xantelasma periorbital, casi el 15% no mostr\u00f3 mejor\u00eda. Esto significa que a pesar de la ablaci\u00f3n completa del xantelasma dos meses despu\u00e9s, el xantelasma regres\u00f3 en el 15% del total de casos en el estudio.<\/p>\n<figure id=\"attachment_9980\" aria-describedby=\"caption-attachment-9980\" style=\"width: 299px\" class=\"wp-caption alignright\"><img loading=\"lazy\" decoding=\"async\" class=\"size-full wp-image-9980\" src=\"https:\/\/xanthelasmaremoval.com\/wp-content\/uploads\/2019\/02\/Image-of-xanthelasma.jpg\" alt=\"\" width=\"299\" height=\"217\" \/><figcaption id=\"caption-attachment-9980\" class=\"wp-caption-text\">imagen de placas del xantelasma<\/figcaption><\/figure>\n<p style=\"text-align: justify;\">Un estudio adicional, entra en la investigaci\u00f3n de la recurrencia del xantelasma despu\u00e9s del tratamiento de eliminaci\u00f3n. Se supone que la tasa de recurrencia aumenta durante los 2 meses posteriores a la eliminaci\u00f3n. En otras palabras, si se descubriera que la tasa de recurrencia es del 15% despu\u00e9s de meses, esta tasa de porcentaje podr\u00eda haber aumentado despu\u00e9s de 6 meses o un a\u00f1o. Sin embargo, no tenemos acceso a los datos de este estudio m\u00e1s all\u00e1 del per\u00edodo de marca de 2 meses. Por lo tanto, no hay garant\u00eda de que despu\u00e9s de la eliminaci\u00f3n completa no recurra el xantelasma nuevamente. Por esta raz\u00f3n, la mayor\u00eda de los que se someten a un tratamiento del xantelasma deber\u00e1n someterse a sesiones adicionales a medida que estas lesiones desagradables reaparezcan.<\/p>\n<p>[\/vc_column_text]<a class=\"sc-button \"  href=\"https:\/\/xanthelasmaremoval.com\/xanthelasma-palpebrarum\/\" target=\"_self\" style=\"\">M\u00e1s informacion sobre el Xantelasma Palpebrarum<\/a>[\/vc_column][\/vc_row][vc_row][vc_column width=\u00bb1\/3&#8243;][vc_single_image image=\u00bb11153&#8243; img_size=\u00bbfull\u00bb alignment=\u00bbcenter\u00bb onclick=\u00bbcustom_link\u00bb link=\u00bbhttps:\/\/xanthelasmaremoval.com\/xanthelasma-and-diabetes-connection\/\u00bb][vc_column_text]<\/p>\n<p style=\"text-align: center;\"><strong>El Xantelasma y la Diabetes<\/strong><\/p>\n<p>[\/vc_column_text][vc_column_text]<\/p>\n<p style=\"text-align: center;\">Las investigaciones y hallazgos cient\u00edficos han relacionado el Xantelasma y la diabetes. El xantelasma es principalmente una acumulaci\u00f3n de colesterol alrededor del p\u00e1rpado, y puede provocar diversas complicaciones de salud, como diabetes y enfermedades card\u00edacas isqu\u00e9micas.<\/p>\n<p style=\"text-align: center;\"><a href=\"https:\/\/xanthelasmaremoval.com\/es\/xanthelasma-and-diabetes-connection\/\">M\u00e1s informaci\u00f3n<\/a><\/p>\n<p>[\/vc_column_text][\/vc_column][vc_column width=\u00bb1\/3&#8243;][vc_single_image image=\u00bb10947&#8243; img_size=\u00bbfull\u00bb alignment=\u00bbcenter\u00bb onclick=\u00bbcustom_link\u00bb link=\u00bbhttps:\/\/xanthelasmaremoval.com\/heart-disease-and-xanthelasma\/\u00bb][vc_column_text]<\/p>\n<p style=\"text-align: center;\"><strong>El Xantelasma y las enfermedades card\u00edacas<\/strong><\/p>\n<p>[\/vc_column_text][vc_column_text]<\/p>\n<p style=\"text-align: center;\">En una investigaci\u00f3n se descubri\u00f3 una conexi\u00f3n entre las enfermedades card\u00edacas y los xantelasmas. Si es as\u00ed, se puede ayudar a detener los ataques card\u00edacos. Este art\u00edculo le proporcionar\u00e1 m\u00e1s informaci\u00f3n sobre esta investigaci\u00f3n y sus resultados obtenidos.<\/p>\n<p style=\"text-align: center;\"><a href=\"https:\/\/xanthelasmaremoval.com\/es\/heart-disease-and-xanthelasma\/\">M\u00e1s informaci\u00f3n<\/a><\/p>\n<p>[\/vc_column_text][\/vc_column][vc_column width=\u00bb1\/3&#8243;][vc_single_image image=\u00bb10691&#8243; img_size=\u00bbfull\u00bb alignment=\u00bbcenter\u00bb onclick=\u00bbcustom_link\u00bb link=\u00bbhttps:\/\/xanthelasmaremoval.com\/xanthelasma-and-high-cholesterol\/\u00bb][vc_column_text]<\/p>\n<p style=\"text-align: center;\"><strong>El Xantelasma y el colesterol alto<\/strong><\/p>\n<p>[\/vc_column_text][vc_column_text]<\/p>\n<p style=\"text-align: center;\"><strong>\u00bf<em>C<\/em><em>u\u00e1l es el v\u00ednculo entre el xantoma (xantelasma) y el colesterol?<\/em><\/strong> Los dep\u00f3sitos de grasa dentro de los p\u00e1rpados pueden indicar niveles altos de colesterol.<\/p>\n<p style=\"text-align: center;\"><a href=\"https:\/\/xanthelasmaremoval.com\/es\/xanthelasma-and-high-cholesterol\/\">M\u00e1s informaci\u00f3n<\/a><\/p>\n<p>[\/vc_column_text][\/vc_column][\/vc_row][vc_row][vc_column][vc_zigzag]<blockquote><p><strong>El XanthRemover, mejor que cualquier otro producto \u00abC\u00f3mprelo ahora para eliminar su xantelasma\u00bb<\/strong><\/p><\/blockquote>[vc_zigzag][\/vc_column][\/vc_row][vc_row][vc_column width=\u00bb1\/2&#8243;][vc_column_text]<\/p>\n<p>[\/vc_column_text][\/vc_column][\/vc_row][vc_row][vc_column width=\u00bb1\/2&#8243;]<\/p>\n<div class=\"pricing-table row inline-row inline-row-center pricing-table-style-1 button-icon-cart\">\n<div class=\"pricing-column-wrapper col-md-3 col-sm-4 col-xs-6 inline-column highlighted\">\n<div class=\"pricing-column\">\n<div class=\"pricing-title-wrapper\">\n<div class=\"pricing-title\">\n<div class=\"title-h3\">Orden normal<\/div>\n<div class=\"subtitle\">El mejor plan de precio \/ cantidad<\/div>\n<\/div>\n<div class=\"pricing-column-top-choice\">\n<div class=\"pricing-column-top-choice-text\">NUEVO<\/div>\n<\/div>\n<\/div>\n<div class=\"pricing-price-row\" >\n<div class=\"pricing-price\" style=\"font-size: 57px;color: #705b96;\">\n<div class=\"pricing-cost\">$13<\/div>\n<p><span class=\"time\">Por orden<\/span><\/div>\n<\/div>\n<div class=\"pricing-row  strike\">Con garant\u00eda de devoluci\u00f3n de dinero<\/div>\n<div class=\"pricing-row \">Incluye el env\u00edo a TODO EL MUNDO<\/div>\n<div class=\"pricing-row \">30ml de XanthRemover Gel<\/div>\n<div class=\"pricing-row \">Nuestro servicio completo de soporte en l\u00ednea<\/div>\n<div class=\"pricing-footer\"><a href=\"https:\/\/xanthelasmaremoval.com\/product\/xanth-remover-without-money-back-guarantee\/\" class=\"sc-button\">Ordene ya<\/a><\/div>\n<\/div>\n<\/div>\n<\/div>\n<p>[\/vc_column][vc_column width=\u00bb1\/2&#8243;]<\/p>\n<div class=\"pricing-table row inline-row inline-row-center pricing-table-style-1 button-icon-cart\">\n<div class=\"pricing-column-wrapper col-md-3 col-sm-4 col-xs-6 inline-column highlighted\">\n<div class=\"pricing-column\">\n<div class=\"pricing-title-wrapper\">\n<div class=\"pricing-title\">\n<div class=\"title-h3\">Plan avanzado<\/div>\n<div class=\"subtitle\">El mejor plan de precio \/ cantidad<\/div>\n<\/div>\n<div class=\"pricing-column-top-choice\">\n<div class=\"pricing-column-top-choice-text\">NUEVO<\/div>\n<\/div>\n<\/div>\n<div class=\"pricing-price-row\" >\n<div class=\"pricing-price\" style=\"font-size: 57px;color: #705b96;\">\n<div class=\"pricing-cost\">$39<\/div>\n<p><span class=\"time\">Por orden<\/span><\/div>\n<\/div>\n<div class=\"pricing-row \">Con garant\u00eda de devoluci\u00f3n de dinero<\/div>\n<div class=\"pricing-row \">Incluye env\u00edo a TODO EL MUNDO.<\/div>\n<div class=\"pricing-row \">30ml de XanthRemover Gel<\/div>\n<div class=\"pricing-row \">Nuestro servicio completo de soporte en l\u00ednea<\/div>\n<div class=\"pricing-footer\"><a href=\"https:\/\/xanthelasmaremoval.com\/product\/xanthe-remover\/\" class=\"sc-button\">Ordene ya.<\/a><\/div>\n<\/div>\n<\/div>\n<\/div>\n<p>[\/vc_column][\/vc_row]<\/p>","protected":false},"excerpt":{"rendered":"<p>[vc_row][vc_column][\/vc_column][\/vc_row][vc_row][vc_column width=\u00bb1\/2&#8243;][vc_column_text] La recurrencia del xantelasma El Xantelasma puede reaparecer despu\u00e9s de la eliminaci\u00f3n. Por lo tanto, cuando selecciona el&#8230;<\/p>\n","protected":false},"author":66,"featured_media":0,"parent":0,"menu_order":0,"comment_status":"closed","ping_status":"closed","template":"","meta":{"footnotes":""},"class_list":["post-10814","page","type-page","status-publish","hentry"],"yoast_head":"<!-- This site is optimized with the Yoast SEO plugin v24.3 - https:\/\/yoast.com\/wordpress\/plugins\/seo\/ -->\n<title>El Xantelasma y su recurrencia - Xanthelasma Removal<\/title>\n<meta name=\"robots\" content=\"index, follow, max-snippet:-1, max-image-preview:large, max-video-preview:-1\" \/>\n<link rel=\"canonical\" href=\"https:\/\/xanthelasmaremoval.com\/xanthelasma-and-recurrence\/\" \/>\n<meta property=\"og:locale\" content=\"es_ES\" \/>\n<meta property=\"og:type\" content=\"article\" \/>\n<meta property=\"og:title\" content=\"[:en]Xanthelasma and Recurrence[:es]El Xantelasma y su recurrencia[:] - Xanthelasma Removal\" \/>\n<meta property=\"og:description\" content=\"[vc_row][vc_column][\/vc_column][\/vc_row][vc_row][vc_column width=\u00bb1\/2&#8243;][vc_column_text] La recurrencia del xantelasma El Xantelasma puede reaparecer despu\u00e9s de la eliminaci\u00f3n. Por lo tanto, cuando selecciona el...\" \/>\n<meta property=\"og:url\" content=\"https:\/\/xanthelasmaremoval.com\/xanthelasma-and-recurrence\/\" \/>\n<meta property=\"og:site_name\" content=\"Xanthelasma Removal\" \/>\n<meta property=\"article:modified_time\" content=\"2021-09-14T08:37:48+00:00\" \/>\n<meta property=\"og:image\" content=\"https:\/\/xanthelasmaremoval.com\/wp-content\/uploads\/2019\/02\/Image-of-xanthelasma.jpg\" \/>\n<meta name=\"twitter:card\" content=\"summary_large_image\" \/>\n<meta name=\"twitter:label1\" content=\"Tiempo de lectura\" \/>\n\t<meta name=\"twitter:data1\" content=\"10 minutos\" \/>\n<script type=\"application\/ld+json\" class=\"yoast-schema-graph\">{\"@context\":\"https:\/\/schema.org\",\"@graph\":[{\"@type\":\"WebPage\",\"@id\":\"https:\/\/xanthelasmaremoval.com\/xanthelasma-and-recurrence\/\",\"url\":\"https:\/\/xanthelasmaremoval.com\/xanthelasma-and-recurrence\/\",\"name\":\"[:en]Xanthelasma and Recurrence[:es]El Xantelasma y su recurrencia[:] - Xanthelasma Removal\",\"isPartOf\":{\"@id\":\"https:\/\/xanthelasmaremoval.com\/#website\"},\"primaryImageOfPage\":{\"@id\":\"https:\/\/xanthelasmaremoval.com\/xanthelasma-and-recurrence\/#primaryimage\"},\"image\":{\"@id\":\"https:\/\/xanthelasmaremoval.com\/xanthelasma-and-recurrence\/#primaryimage\"},\"thumbnailUrl\":\"https:\/\/xanthelasmaremoval.com\/wp-content\/uploads\/2019\/02\/Image-of-xanthelasma.jpg\",\"datePublished\":\"2019-03-08T13:36:23+00:00\",\"dateModified\":\"2021-09-14T08:37:48+00:00\",\"breadcrumb\":{\"@id\":\"https:\/\/xanthelasmaremoval.com\/xanthelasma-and-recurrence\/#breadcrumb\"},\"inLanguage\":\"es\",\"potentialAction\":[{\"@type\":\"ReadAction\",\"target\":[\"https:\/\/xanthelasmaremoval.com\/xanthelasma-and-recurrence\/\"]}]},{\"@type\":\"ImageObject\",\"inLanguage\":\"es\",\"@id\":\"https:\/\/xanthelasmaremoval.com\/xanthelasma-and-recurrence\/#primaryimage\",\"url\":\"https:\/\/xanthelasmaremoval.com\/wp-content\/uploads\/2019\/02\/Image-of-xanthelasma.jpg\",\"contentUrl\":\"https:\/\/xanthelasmaremoval.com\/wp-content\/uploads\/2019\/02\/Image-of-xanthelasma.jpg\"},{\"@type\":\"BreadcrumbList\",\"@id\":\"https:\/\/xanthelasmaremoval.com\/xanthelasma-and-recurrence\/#breadcrumb\",\"itemListElement\":[{\"@type\":\"ListItem\",\"position\":1,\"name\":\"Home\",\"item\":\"https:\/\/xanthelasmaremoval.com\/\"},{\"@type\":\"ListItem\",\"position\":2,\"name\":\"Xanthelasma and Recurrence\"}]},{\"@type\":\"WebSite\",\"@id\":\"https:\/\/xanthelasmaremoval.com\/#website\",\"url\":\"https:\/\/xanthelasmaremoval.com\/\",\"name\":\"Xanthelasma Removal\",\"description\":\"The Xanthelasma Removal Solutions!\",\"potentialAction\":[{\"@type\":\"SearchAction\",\"target\":{\"@type\":\"EntryPoint\",\"urlTemplate\":\"https:\/\/xanthelasmaremoval.com\/?s={search_term_string}\"},\"query-input\":{\"@type\":\"PropertyValueSpecification\",\"valueRequired\":true,\"valueName\":\"search_term_string\"}}],\"inLanguage\":\"es\"}]}<\/script>\n<!-- \/ Yoast SEO plugin. -->","yoast_head_json":{"title":"[:en]Xanthelasma and Recurrence[:es]El Xantelasma y su recurrencia[:] - Xanthelasma Removal","robots":{"index":"index","follow":"follow","max-snippet":"max-snippet:-1","max-image-preview":"max-image-preview:large","max-video-preview":"max-video-preview:-1"},"canonical":"https:\/\/xanthelasmaremoval.com\/xanthelasma-and-recurrence\/","og_locale":"es_ES","og_type":"article","og_title":"[:en]Xanthelasma and Recurrence[:es]El Xantelasma y su recurrencia[:] - Xanthelasma Removal","og_description":"[vc_row][vc_column][\/vc_column][\/vc_row][vc_row][vc_column width=\u00bb1\/2&#8243;][vc_column_text] La recurrencia del xantelasma El Xantelasma puede reaparecer despu\u00e9s de la eliminaci\u00f3n. Por lo tanto, cuando selecciona el...","og_url":"https:\/\/xanthelasmaremoval.com\/xanthelasma-and-recurrence\/","og_site_name":"Xanthelasma Removal","article_modified_time":"2021-09-14T08:37:48+00:00","og_image":[{"url":"https:\/\/xanthelasmaremoval.com\/wp-content\/uploads\/2019\/02\/Image-of-xanthelasma.jpg","type":"","width":"","height":""}],"twitter_card":"summary_large_image","twitter_misc":{"Tiempo de lectura":"10 minutos"},"schema":{"@context":"https:\/\/schema.org","@graph":[{"@type":"WebPage","@id":"https:\/\/xanthelasmaremoval.com\/xanthelasma-and-recurrence\/","url":"https:\/\/xanthelasmaremoval.com\/xanthelasma-and-recurrence\/","name":"[:en]Xanthelasma and Recurrence[:es]El Xantelasma y su recurrencia[:] - Xanthelasma Removal","isPartOf":{"@id":"https:\/\/xanthelasmaremoval.com\/#website"},"primaryImageOfPage":{"@id":"https:\/\/xanthelasmaremoval.com\/xanthelasma-and-recurrence\/#primaryimage"},"image":{"@id":"https:\/\/xanthelasmaremoval.com\/xanthelasma-and-recurrence\/#primaryimage"},"thumbnailUrl":"https:\/\/xanthelasmaremoval.com\/wp-content\/uploads\/2019\/02\/Image-of-xanthelasma.jpg","datePublished":"2019-03-08T13:36:23+00:00","dateModified":"2021-09-14T08:37:48+00:00","breadcrumb":{"@id":"https:\/\/xanthelasmaremoval.com\/xanthelasma-and-recurrence\/#breadcrumb"},"inLanguage":"es","potentialAction":[{"@type":"ReadAction","target":["https:\/\/xanthelasmaremoval.com\/xanthelasma-and-recurrence\/"]}]},{"@type":"ImageObject","inLanguage":"es","@id":"https:\/\/xanthelasmaremoval.com\/xanthelasma-and-recurrence\/#primaryimage","url":"https:\/\/xanthelasmaremoval.com\/wp-content\/uploads\/2019\/02\/Image-of-xanthelasma.jpg","contentUrl":"https:\/\/xanthelasmaremoval.com\/wp-content\/uploads\/2019\/02\/Image-of-xanthelasma.jpg"},{"@type":"BreadcrumbList","@id":"https:\/\/xanthelasmaremoval.com\/xanthelasma-and-recurrence\/#breadcrumb","itemListElement":[{"@type":"ListItem","position":1,"name":"Home","item":"https:\/\/xanthelasmaremoval.com\/"},{"@type":"ListItem","position":2,"name":"Xanthelasma and Recurrence"}]},{"@type":"WebSite","@id":"https:\/\/xanthelasmaremoval.com\/#website","url":"https:\/\/xanthelasmaremoval.com\/","name":"Xanthelasma Removal","description":"The Xanthelasma Removal Solutions!","potentialAction":[{"@type":"SearchAction","target":{"@type":"EntryPoint","urlTemplate":"https:\/\/xanthelasmaremoval.com\/?s={search_term_string}"},"query-input":{"@type":"PropertyValueSpecification","valueRequired":true,"valueName":"search_term_string"}}],"inLanguage":"es"}]}},"_links":{"self":[{"href":"https:\/\/xanthelasmaremoval.com\/es\/wp-json\/wp\/v2\/pages\/10814"}],"collection":[{"href":"https:\/\/xanthelasmaremoval.com\/es\/wp-json\/wp\/v2\/pages"}],"about":[{"href":"https:\/\/xanthelasmaremoval.com\/es\/wp-json\/wp\/v2\/types\/page"}],"author":[{"embeddable":true,"href":"https:\/\/xanthelasmaremoval.com\/es\/wp-json\/wp\/v2\/users\/66"}],"replies":[{"embeddable":true,"href":"https:\/\/xanthelasmaremoval.com\/es\/wp-json\/wp\/v2\/comments?post=10814"}],"version-history":[{"count":52,"href":"https:\/\/xanthelasmaremoval.com\/es\/wp-json\/wp\/v2\/pages\/10814\/revisions"}],"predecessor-version":[{"id":14137,"href":"https:\/\/xanthelasmaremoval.com\/es\/wp-json\/wp\/v2\/pages\/10814\/revisions\/14137"}],"wp:attachment":[{"href":"https:\/\/xanthelasmaremoval.com\/es\/wp-json\/wp\/v2\/media?parent=10814"}],"curies":[{"name":"wp","href":"https:\/\/api.w.org\/{rel}","templated":true}]}}