{"id":10817,"date":"2019-03-08T13:49:25","date_gmt":"2019-03-08T13:49:25","guid":{"rendered":"https:\/\/xanthelasmaremoval.com\/?page_id=10817"},"modified":"2021-09-14T08:29:35","modified_gmt":"2021-09-14T08:29:35","slug":"using-peels-in-clinics","status":"publish","type":"page","link":"https:\/\/xanthelasmaremoval.com\/es\/using-peels-in-clinics\/","title":{"rendered":"El Uso de peelings en cl\u00ednicas para quitar los xantelasmas"},"content":{"rendered":"<p>[vc_row][vc_column]<div class=\"sc-youtube sc-wrapbox sc-wrapbox-style-default rounded-corners sc-wrapbox-position-below\" style=\"width: 100%;\"><div class=\"sc-wrapbox-inner sc-ratio-style\" style=\"padding-top: 66.67%\"><iframe loading=\"lazy\" class=\"sc-wrapbox-element img-responsive\" width=\"100%\" height=\"300\" frameborder=\"0\" scrolling=\"no\" marginheight=\"0\" marginwidth=\"0\" src=\"\/\/www.youtube.com\/embed\/2l5dNshFWs8?rel=0&amp;wmode=opaque\"><\/iframe><\/div><\/div>[vc_zigzag][\/vc_column][\/vc_row][vc_row][vc_column][vc_column_text]<\/p>\n<h2>La eliminaci\u00f3n del xantelasma con peelings a base de \u00e1cido tricloroac\u00e9tico<\/h2>\n<p>[\/vc_column_text][vc_column_text]<span title=\"\">En esta secci\u00f3n nos centraremos con m\u00e1s detalles sobre el uso del \u00e1cido tricloroac\u00e9tico como peeling cosm\u00e9tico.<\/span> <span title=\"\">El \u00e1cido tricloroac\u00e9tico permite que la eliminaci\u00f3n del <a href=\"https:\/\/xanthelasmaremoval.com\/es\/what-is-xanthelasma\/\">xantelasma<\/a> sea m\u00e1s f\u00e1cil, generalmente en una o dos aplicaciones.<\/span> <span class=\"\" title=\"\">Haciendo que el producto sea muy exitoso dentro de las cl\u00ednicas cosm\u00e9ticas, dabido a que el cliente puede ver los resultados poco despu\u00e9s de la primera sesi\u00f3n estos resultados se obtienen en un per\u00edodo de tiempo corto.<\/span> <span class=\"\" title=\"\">Sin embargo, el <span title=\"\">\u00e1cido tricloroac\u00e9tico<\/span> no es f\u00e1cil de controlar, compar\u00e1ndolo con otros tipos de peelings cosm\u00e9ticos, podr\u00eda ser demasiado agresivo en ciertos tipos de piel y m\u00e1s propenso a causar hipo o hiperpigmentaci\u00f3n que otros\u00a0 peelings. P<\/span><span class=\"\" title=\"\">uede que no sea la mejor opci\u00f3n para el uso dom\u00e9stico, dado que existen peelings mucho m\u00e1s suaves disponibles en el mercado y que son f\u00e1ciles de controlar.<\/span> E<span class=\"\" title=\"\">l <span title=\"\">\u00e1cido tricloroac\u00e9tico<\/span> es f\u00e1cil comprarlo en Internet y en otras fuentes de venta y ha sido utilizado por varias personas en todo el mundo para eliminar los Xantelasmas desde casa.<\/span>[\/vc_column_text]<div class=\"sc-youtube sc-wrapbox sc-wrapbox-style-default rounded-corners sc-wrapbox-position-below\" style=\"width: 100%;\"><div class=\"sc-wrapbox-inner sc-ratio-style\" style=\"padding-top: 75%\"><iframe loading=\"lazy\" class=\"sc-wrapbox-element img-responsive\" width=\"100%\" height=\"300\" frameborder=\"0\" scrolling=\"no\" marginheight=\"0\" marginwidth=\"0\" src=\"\/\/www.youtube.com\/embed\/cB9mxlevqqw?rel=0&amp;wmode=opaque\"><\/iframe><\/div><\/div>[\/vc_column][\/vc_row][vc_row css=\u00bb.vc_custom_1563785516626{background-image: url(https:\/\/xanthelasmaremoval.com\/wp-content\/uploads\/2019\/03\/bg_header.png?id=10873) !important;}\u00bb el_class=\u00bbwhite\u00bb][vc_column][vc_column_text]<\/p>\n<h3><span style=\"color: #ffffff;\">Qu\u00e9 es el \u00e1cido tricloroac\u00e9tico y sus aplicaciones.<\/span><\/h3>\n<p><a href=\"https:\/\/www.ncbi.nlm.nih.gov\/pmc\/articles\/PMC5921443\/#sec1-4\">El \u00e1cido tricloroac\u00e9tico es una sustancia qu\u00edmica no t\u00f3xica<\/a>, que se ha utilizado para realizar exfoliaciones cut\u00e1neas desde la d\u00e9cada de 1980. Es un pariente del vinagre (\u00e1cido ac\u00e9tico). Cuando se aplic el\u00a0 <a href=\"https:\/\/www.ncbi.nlm.nih.gov\/pmc\/articles\/PMC5921443\/#sec1-4\">\u00e1cido tricloroac\u00e9tico<\/a> a la piel, hace que las capas celulares superiores se sequen y se desprendan durante un per\u00edodo de tiempo, desde varios d\u00edas hasta una semana. Cuando se despega la piel vieja, se expone una nueva capa de piel intacta, que tiene una textura m\u00e1s suave y un color m\u00e1s uniforme. Algunos dermat\u00f3logos todav\u00eda prefieren los peelings con <a href=\"https:\/\/www.ncbi.nlm.nih.gov\/pmc\/articles\/PMC5921443\/#sec1-4\">\u00e1cido tricloroac\u00e9tico<\/a> para tratar el da\u00f1o solar (lentigos solares) o melasma, generalmente en combinaci\u00f3n con cremas recetadas. <a href=\"https:\/\/www.ncbi.nlm.nih.gov\/pmc\/articles\/PMC5921443\/#sec1-4\">Las los peelings\u00a0 con <\/a><a href=\"https:\/\/www.ncbi.nlm.nih.gov\/pmc\/articles\/PMC5921443\/#sec1-4\">\u00e1cido tricloroac\u00e9tico<\/a> son seguras en manos de un dermat\u00f3logo experimentado.[\/vc_column_text][\/vc_column][\/vc_row][vc_row][vc_column width=\u00bb2\/3&#8243;][vc_column_text]Cuando se trata de peelings cosm\u00e9ticos para la eliminaci\u00f3n de xantelasmas, por lo general, la principal opci\u00f3n en las cl\u00ednicas cosm\u00e9ticas es el uso de <a href=\"https:\/\/www.ncbi.nlm.nih.gov\/pmc\/articles\/PMC5921443\/#sec1-4\">peelings a base de \u00e1<\/a>cido tricloroac\u00e9tico. Debido a que si se usa correctamente y en la concentraci\u00f3n adecuada, el \u00e1cido tricloroac\u00e9tico permite que la eliminaci\u00f3n del xantelasma sea en una o dos sesiones \u00fanicamente. Ya que es ideal tanto para las cl\u00ednicas cosm\u00e9ticas como para los clientes porque logra los mejores resultados posibles en una sola sesi\u00f3n. Sin embargo, si la concentraci\u00f3n es demasiado alta o la aplicaci\u00f3n del el \u00e1cido tricloroac\u00e9tico no se realiza de manera adecuada, el procedimiento cosm\u00e9tico podr\u00eda resultar en generar cicatrices leves (algo muy raro). Por otro lado, si la concentraci\u00f3n de el \u00e1cido tricloroac\u00e9tico es demasiado baja, los resultados no ser\u00e1n evidentes y el cliente no quedar\u00e1 satisfecho. Entonces, al usar la concentraci\u00f3n correcta de el \u00e1cido tricloroac\u00e9tico , es posible eliminar el xantelasma en una o dos sesiones. El el \u00e1cido tricloroac\u00e9tico es la mejor opci\u00f3n en las cl\u00ednicas cosm\u00e9ticas porque los resultados se logran y se aprecian en un per\u00edodo corto de tiempo y son efectivos.[\/vc_column_text][\/vc_column][vc_column width=\u00bb1\/3&#8243;][vc_single_image image=\u00bb10929&#8243; img_size=\u00bbfull\u00bb alignment=\u00bbcenter\u00bb style=\u00bbvc_box_outline\u00bb][\/vc_column][\/vc_row][vc_row css=\u00bb.vc_custom_1563786733031{background-image: url(https:\/\/xanthelasmaremoval.com\/wp-content\/uploads\/2019\/03\/bg_header.png?id=10873) !important;}\u00bb][vc_column][vc_column_text]<\/p>\n<h3 class=\"white\">Inconvenientes con el control del \u00e1cido tricloroac\u00e9tico<\/h3>\n<p><span style=\"color: #ffffff;\">Aunque es muy eficaz para quitar los xantelasmas, el uso de \u00e1cido tricloroac\u00e9tico requiere de cierta experiencia y formaci\u00f3n para utilizarlo correctamente y lograr los buenos resultados deseados. El \u00e1cido tricloroac\u00e9tico es muy eficaz pero no f\u00e1cil de controlar y por esta raz\u00f3n, a veces es necesario utilizar neutralizadores durante el procedimiento cosm\u00e9tico. La raz\u00f3n principal del \u00e1cido tricloroac\u00e9tico son los neutralizadores, ya que usando agua como cuando se usan en otros\u00a0 peelings cosm\u00e9ticos, por ejemplo, el \u00e1cido glic\u00f3lico y el \u00e1cidomand\u00e9lico es de debido cuidado y control.<\/span><\/p>\n<p><span style=\"color: #ffffff;\">Estos son algunos de los efectos del \u00e1cido tricloroac\u00e9tico para la eliminaci\u00f3n del xantelasma:<\/span><\/p>\n<ul>\n<li class=\"white\">Inflamaci\u00f3n excesiva de los p\u00e1rpados. Esto ocurre uno o dos d\u00edas despu\u00e9s de la aplicaci\u00f3n del \u00e1cido tricloroac\u00e9tico en los p\u00e1rpados superiores.<\/li>\n<li class=\"white\">Ardor, entumecimiento y quemaduras de la piel.<\/li>\n<li class=\"white\">Descamaci\u00f3n excesiva de la piel.<\/li>\n<li class=\"white\">Enrojecimiento severo, que puede variar desde el color de una quemadura solar leve hasta un rojizo m\u00e1s intenso, seg\u00fan la concentraci\u00f3n del \u00e1cido tricloroac\u00e9tico utilizado.<\/li>\n<li class=\"white\">Formaci\u00f3n de costras en la piel debido a la eliminaci\u00f3n de c\u00e9lulas cut\u00e1neas (piel sana).<\/li>\n<li class=\"white\">Aumento de la fotosensibilidad (sensibilidad al sol que puede provocar la hiperpigmentaci\u00f3n).<\/li>\n<li class=\"white\">En algunos casos, cuando alguien tiene piel demasiadamente sensible,\u00a0 puede producir cicatrices o problemas de dermatosis \/ pigmentaci\u00f3n.<\/li>\n<\/ul>\n<p class=\"white\">Adem\u00e1s, como se indic\u00f3 anteriormente, el \u00e1cido tricloroac\u00e9tico no es f\u00e1cil de controlar y la forma m\u00e1s efectiva de detener la acidez en la piel es usar un neutralizador. Enjuagar con agua y secar el \u00e1rea puede ayudar, pero no detendr\u00e1 los efectos del \u00e1cido tricloroac\u00e9tico de inmediato.<\/p>\n<p>[\/vc_column_text][\/vc_column][\/vc_row][vc_row disable_element=\u00bbyes\u00bb][vc_column][vc_column_text]<\/p>\n<h3><strong>The Hypo Pigmentation Problem for dark skin types.<\/strong><\/h3>\n<p style=\"text-align: justify;\">Dark Skin types do not seem to respond as well to TCA because Hypopigmentation develops quite easily after the use of strong TCA peels. Also, skin type 1 is generally quite sensitive to TCA meaning that lower strengths of TCA concentrations may be required for Xanthelasma removal and therefore Xanthelasma removal may not be achievable within one to two sessions. Also TCA there are other two issues with the use of TCA peels for Xanthelasma removal: It causes a burning\/stinging sensation during its applications (normally bearable). Swelling tends to develop on the area where TCA was applied, this generally occurs one or two days after the application. Therefore TCA is the best candidate for Xanthelasma removal in cosmetic clinics around the world for Xanthelasma removal as well as removal of many other benign skin lesions because it is very effective in the removal of lesions in general. However given that there are other peels types which can be used without the need to learn about the drawbacks of TCA and slight degree of complexity associated with its use for benign skin lesion removal, other peels are more suitable for home Xanthelasma Removal.<\/p>\n<p>[\/vc_column_text][\/vc_column][\/vc_row][vc_row][vc_column][vc_zigzag][\/vc_column][\/vc_row][vc_row][vc_column width=\u00bb2\/3&#8243;][vc_column_text]<\/p>\n<h3>\u00bfC\u00f3mo funcionan los peelings cosm\u00e9ticos a base de \u00e1cido tricloroac\u00e9tico y cu\u00e1les son las diferentes profundidades que generan sobre la piel estos peelings?<\/h3>\n<p style=\"text-align: justify;\">Todos los peelings funcionan eliminando una capa de piel da\u00f1ada por el sol. Las exfoliaciones superficiales o \u00abligeras\u00bb eliminan solo la capa superior, principalmente la capa de piel muerta llamada estrato c\u00f3rneo. Al progresar de exfoliaciones medias a exfoliaciones profundas, la capa de la piel se va removiendo cada vez mayor con cada aumento de fuerza de la soluci\u00f3n del peeling a base de \u00e1cido tricloroac\u00e9tico. Cuanto m\u00e1s fuerte sea la soluci\u00f3n del peeling a base de \u00e1cido tricloroac\u00e9tico, mayor ser\u00e1 el riesgo de complicaciones como la pigmentaci\u00f3n desigual o incluso generar cicatrices despu\u00e9s de la eliminaci\u00f3n de los xantelasmas. Los peelings a base de \u00e1cido tricloroac\u00e9tico pueden realizarse a diferentes profundidades de la piel, desde lo superficial hasta lo m\u00e1s profundo. La mayor\u00eda de los dermat\u00f3logos ahora utilizan la tecnolog\u00eda l\u00e1ser en lugar de peelings profundos a base de \u00e1cido tricloroac\u00e9tico para la eliminaci\u00f3n del xantelasma.<\/p>\n<p>[\/vc_column_text][\/vc_column][vc_column width=\u00bb1\/3&#8243;][vc_empty_space height=\u00bb20px\u00bb][vc_single_image image=\u00bb295&#8243; img_size=\u00bbfull\u00bb style=\u00bbvc_box_outline\u00bb][vc_single_image image=\u00bb9902&#8243; img_size=\u00bbfull\u00bb style=\u00bbvc_box_outline\u00bb][\/vc_column][\/vc_row][vc_row][vc_column][vc_zigzag][vc_column_text]<\/p>\n<h2>DIFERENCIAS ENTRE EL \u00c1CIDO TRICLOROAC\u00c9TICO Y EL \u00c1CIDO GLIC\u00d3LICO<\/h2>\n<p>[\/vc_column_text]<div class=\"sc-youtube sc-wrapbox sc-wrapbox-style-default rounded-corners sc-wrapbox-position-below\" style=\"width: 100%;\"><div class=\"sc-wrapbox-inner sc-ratio-style\" style=\"padding-top: 75%\"><iframe loading=\"lazy\" class=\"sc-wrapbox-element img-responsive\" width=\"100%\" height=\"300\" frameborder=\"0\" scrolling=\"no\" marginheight=\"0\" marginwidth=\"0\" src=\"\/\/www.youtube.com\/embed\/8YkzQXt_MEs?rel=0&amp;wmode=opaque\"><\/iframe><\/div><\/div>[\/vc_column][\/vc_row][vc_row][vc_column][vc_zigzag]<blockquote><p><\/p>\n<h4>El XanthRemover, mejor que cualquier otro producto \u201cC\u00f3mprelo ahora para eliminar su xantelasma\u201d<\/h4>\n<p><\/p><\/blockquote>[\/vc_column][\/vc_row][vc_row][vc_column width=\u00bb1\/2&#8243;]<\/p>\n<div class=\"pricing-table row inline-row inline-row-center pricing-table-style-1 button-icon-cart\">\n<div class=\"pricing-column-wrapper col-md-3 col-sm-4 col-xs-6 inline-column highlighted\">\n<div class=\"pricing-column\">\n<div class=\"pricing-title-wrapper\">\n<div class=\"pricing-title\">\n<div class=\"title-h3\">Orden normal<\/div>\n<div class=\"subtitle\">El mejor plan de precio \/ cantidad<\/div>\n<\/div>\n<div class=\"pricing-column-top-choice\">\n<div class=\"pricing-column-top-choice-text\">NUEVO<\/div>\n<\/div>\n<\/div>\n<div class=\"pricing-price-row\" >\n<div class=\"pricing-price\" style=\"font-size: 57px;color: #705b96;\">\n<div class=\"pricing-cost\">$13<\/div>\n<p><span class=\"time\">Por orden<\/span><\/div>\n<\/div>\n<div class=\"pricing-row  strike\">Con garant\u00eda de devoluci\u00f3n de dinero<\/div>\n<div class=\"pricing-row \">Incluye el env\u00edo a TODO EL MUNDO<\/div>\n<div class=\"pricing-row \">30ml de XanthRemover Gel<\/div>\n<div class=\"pricing-row \">Nuestro servicio completo de soporte en l\u00ednea<\/div>\n<div class=\"pricing-footer\"><a href=\"https:\/\/xanthelasmaremoval.com\/product\/xanth-remover-without-money-back-guarantee\/\" class=\"sc-button\">Ordene ya<\/a><\/div>\n<\/div>\n<\/div>\n<\/div>\n<p>[\/vc_column][vc_column width=\u00bb1\/2&#8243;]<\/p>\n<div class=\"pricing-table row inline-row inline-row-center pricing-table-style-1 button-icon-cart\">\n<div class=\"pricing-column-wrapper col-md-3 col-sm-4 col-xs-6 inline-column highlighted\">\n<div class=\"pricing-column\">\n<div class=\"pricing-title-wrapper\">\n<div class=\"pricing-title\">\n<div class=\"title-h3\">Plan avanzado<\/div>\n<div class=\"subtitle\">El mejor plan de precio \/ cantidad<\/div>\n<\/div>\n<div class=\"pricing-column-top-choice\">\n<div class=\"pricing-column-top-choice-text\">NUEVO<\/div>\n<\/div>\n<\/div>\n<div class=\"pricing-price-row\" >\n<div class=\"pricing-price\" style=\"font-size: 57px;color: #705b96;\">\n<div class=\"pricing-cost\">$39<\/div>\n<p><span class=\"time\">Por orden<\/span><\/div>\n<\/div>\n<div class=\"pricing-row \">Con garant\u00eda de devoluci\u00f3n de dinero<\/div>\n<div class=\"pricing-row \">Incluye env\u00edo a TODO EL MUNDO.<\/div>\n<div class=\"pricing-row \">30ml de XanthRemover Gel<\/div>\n<div class=\"pricing-row \">Nuestro servicio completo de soporte en l\u00ednea<\/div>\n<div class=\"pricing-footer\"><a href=\"https:\/\/xanthelasmaremoval.com\/product\/xanthe-remover\/\" class=\"sc-button\">Ordene ya.<\/a><\/div>\n<\/div>\n<\/div>\n<\/div>\n<p>[\/vc_column][\/vc_row]<\/p>","protected":false},"excerpt":{"rendered":"<p>[vc_row][vc_column][vc_zigzag][\/vc_column][\/vc_row][vc_row][vc_column][vc_column_text] La eliminaci\u00f3n del xantelasma con peelings a base de \u00e1cido tricloroac\u00e9tico [\/vc_column_text][vc_column_text]En esta secci\u00f3n nos centraremos con m\u00e1s detalles&#8230;<\/p>\n","protected":false},"author":66,"featured_media":0,"parent":0,"menu_order":0,"comment_status":"closed","ping_status":"closed","template":"","meta":{"footnotes":""},"class_list":["post-10817","page","type-page","status-publish","hentry"],"yoast_head":"<!-- This site is optimized with the Yoast SEO plugin v24.3 - https:\/\/yoast.com\/wordpress\/plugins\/seo\/ -->\n<title>El Uso de peelings en cl\u00ednicas para quitar los xantelasmas - Xanthelasma Removal<\/title>\n<meta name=\"robots\" content=\"index, follow, max-snippet:-1, max-image-preview:large, max-video-preview:-1\" \/>\n<link rel=\"canonical\" href=\"https:\/\/xanthelasmaremoval.com\/using-peels-in-clinics\/\" \/>\n<meta property=\"og:locale\" content=\"es_ES\" \/>\n<meta property=\"og:type\" content=\"article\" \/>\n<meta property=\"og:title\" content=\"[:en]Using Peels in Clinics[:es]El Uso de peelings en cl\u00ednicas para quitar los xantelasmas[:hi]Tca peel[:] - Xanthelasma Removal\" \/>\n<meta property=\"og:description\" content=\"[vc_row][vc_column][vc_zigzag][\/vc_column][\/vc_row][vc_row][vc_column][vc_column_text] La eliminaci\u00f3n del xantelasma con peelings a base de \u00e1cido tricloroac\u00e9tico [\/vc_column_text][vc_column_text]En esta secci\u00f3n nos centraremos con m\u00e1s detalles...\" \/>\n<meta property=\"og:url\" content=\"https:\/\/xanthelasmaremoval.com\/using-peels-in-clinics\/\" \/>\n<meta property=\"og:site_name\" content=\"Xanthelasma Removal\" \/>\n<meta property=\"article:modified_time\" content=\"2021-09-14T08:29:35+00:00\" \/>\n<meta name=\"twitter:card\" content=\"summary_large_image\" \/>\n<meta name=\"twitter:label1\" content=\"Tiempo de lectura\" \/>\n\t<meta name=\"twitter:data1\" content=\"24 minutos\" \/>\n<script type=\"application\/ld+json\" class=\"yoast-schema-graph\">{\"@context\":\"https:\/\/schema.org\",\"@graph\":[{\"@type\":\"WebPage\",\"@id\":\"https:\/\/xanthelasmaremoval.com\/using-peels-in-clinics\/\",\"url\":\"https:\/\/xanthelasmaremoval.com\/using-peels-in-clinics\/\",\"name\":\"[:en]Using Peels in Clinics[:es]El Uso de peelings en cl\u00ednicas para quitar los xantelasmas[:hi]Tca peel[:] - Xanthelasma Removal\",\"isPartOf\":{\"@id\":\"https:\/\/xanthelasmaremoval.com\/#website\"},\"datePublished\":\"2019-03-08T13:49:25+00:00\",\"dateModified\":\"2021-09-14T08:29:35+00:00\",\"breadcrumb\":{\"@id\":\"https:\/\/xanthelasmaremoval.com\/using-peels-in-clinics\/#breadcrumb\"},\"inLanguage\":\"es\",\"potentialAction\":[{\"@type\":\"ReadAction\",\"target\":[\"https:\/\/xanthelasmaremoval.com\/using-peels-in-clinics\/\"]}]},{\"@type\":\"BreadcrumbList\",\"@id\":\"https:\/\/xanthelasmaremoval.com\/using-peels-in-clinics\/#breadcrumb\",\"itemListElement\":[{\"@type\":\"ListItem\",\"position\":1,\"name\":\"Home\",\"item\":\"https:\/\/xanthelasmaremoval.com\/\"},{\"@type\":\"ListItem\",\"position\":2,\"name\":\"Using Peels in Clinics\"}]},{\"@type\":\"WebSite\",\"@id\":\"https:\/\/xanthelasmaremoval.com\/#website\",\"url\":\"https:\/\/xanthelasmaremoval.com\/\",\"name\":\"Xanthelasma Removal\",\"description\":\"The Xanthelasma Removal Solutions!\",\"potentialAction\":[{\"@type\":\"SearchAction\",\"target\":{\"@type\":\"EntryPoint\",\"urlTemplate\":\"https:\/\/xanthelasmaremoval.com\/?s={search_term_string}\"},\"query-input\":{\"@type\":\"PropertyValueSpecification\",\"valueRequired\":true,\"valueName\":\"search_term_string\"}}],\"inLanguage\":\"es\"}]}<\/script>\n<!-- \/ Yoast SEO plugin. -->","yoast_head_json":{"title":"[:en]Using Peels in Clinics[:es]El Uso de peelings en cl\u00ednicas para quitar los xantelasmas[:hi]Tca peel[:] - Xanthelasma Removal","robots":{"index":"index","follow":"follow","max-snippet":"max-snippet:-1","max-image-preview":"max-image-preview:large","max-video-preview":"max-video-preview:-1"},"canonical":"https:\/\/xanthelasmaremoval.com\/using-peels-in-clinics\/","og_locale":"es_ES","og_type":"article","og_title":"[:en]Using Peels in Clinics[:es]El Uso de peelings en cl\u00ednicas para quitar los xantelasmas[:hi]Tca peel[:] - Xanthelasma Removal","og_description":"[vc_row][vc_column][vc_zigzag][\/vc_column][\/vc_row][vc_row][vc_column][vc_column_text] La eliminaci\u00f3n del xantelasma con peelings a base de \u00e1cido tricloroac\u00e9tico [\/vc_column_text][vc_column_text]En esta secci\u00f3n nos centraremos con m\u00e1s detalles...","og_url":"https:\/\/xanthelasmaremoval.com\/using-peels-in-clinics\/","og_site_name":"Xanthelasma Removal","article_modified_time":"2021-09-14T08:29:35+00:00","twitter_card":"summary_large_image","twitter_misc":{"Tiempo de lectura":"24 minutos"},"schema":{"@context":"https:\/\/schema.org","@graph":[{"@type":"WebPage","@id":"https:\/\/xanthelasmaremoval.com\/using-peels-in-clinics\/","url":"https:\/\/xanthelasmaremoval.com\/using-peels-in-clinics\/","name":"[:en]Using Peels in Clinics[:es]El Uso de peelings en cl\u00ednicas para quitar los xantelasmas[:hi]Tca peel[:] - Xanthelasma Removal","isPartOf":{"@id":"https:\/\/xanthelasmaremoval.com\/#website"},"datePublished":"2019-03-08T13:49:25+00:00","dateModified":"2021-09-14T08:29:35+00:00","breadcrumb":{"@id":"https:\/\/xanthelasmaremoval.com\/using-peels-in-clinics\/#breadcrumb"},"inLanguage":"es","potentialAction":[{"@type":"ReadAction","target":["https:\/\/xanthelasmaremoval.com\/using-peels-in-clinics\/"]}]},{"@type":"BreadcrumbList","@id":"https:\/\/xanthelasmaremoval.com\/using-peels-in-clinics\/#breadcrumb","itemListElement":[{"@type":"ListItem","position":1,"name":"Home","item":"https:\/\/xanthelasmaremoval.com\/"},{"@type":"ListItem","position":2,"name":"Using Peels in Clinics"}]},{"@type":"WebSite","@id":"https:\/\/xanthelasmaremoval.com\/#website","url":"https:\/\/xanthelasmaremoval.com\/","name":"Xanthelasma Removal","description":"The Xanthelasma Removal Solutions!","potentialAction":[{"@type":"SearchAction","target":{"@type":"EntryPoint","urlTemplate":"https:\/\/xanthelasmaremoval.com\/?s={search_term_string}"},"query-input":{"@type":"PropertyValueSpecification","valueRequired":true,"valueName":"search_term_string"}}],"inLanguage":"es"}]}},"_links":{"self":[{"href":"https:\/\/xanthelasmaremoval.com\/es\/wp-json\/wp\/v2\/pages\/10817"}],"collection":[{"href":"https:\/\/xanthelasmaremoval.com\/es\/wp-json\/wp\/v2\/pages"}],"about":[{"href":"https:\/\/xanthelasmaremoval.com\/es\/wp-json\/wp\/v2\/types\/page"}],"author":[{"embeddable":true,"href":"https:\/\/xanthelasmaremoval.com\/es\/wp-json\/wp\/v2\/users\/66"}],"replies":[{"embeddable":true,"href":"https:\/\/xanthelasmaremoval.com\/es\/wp-json\/wp\/v2\/comments?post=10817"}],"version-history":[{"count":87,"href":"https:\/\/xanthelasmaremoval.com\/es\/wp-json\/wp\/v2\/pages\/10817\/revisions"}],"predecessor-version":[{"id":14123,"href":"https:\/\/xanthelasmaremoval.com\/es\/wp-json\/wp\/v2\/pages\/10817\/revisions\/14123"}],"wp:attachment":[{"href":"https:\/\/xanthelasmaremoval.com\/es\/wp-json\/wp\/v2\/media?parent=10817"}],"curies":[{"name":"wp","href":"https:\/\/api.w.org\/{rel}","templated":true}]}}