{"id":10903,"date":"2019-03-14T06:47:53","date_gmt":"2019-03-14T06:47:53","guid":{"rendered":"https:\/\/xanthelasmaremoval.com\/?page_id=10903"},"modified":"2021-09-14T08:34:14","modified_gmt":"2021-09-14T08:34:14","slug":"how-does-it-work","status":"publish","type":"page","link":"https:\/\/xanthelasmaremoval.com\/es\/how-does-it-work\/","title":{"rendered":"C\u00f3mo funciona el XanthRemover"},"content":{"rendered":"<p>[vc_row][vc_column]<div class=\"sc-youtube sc-wrapbox sc-wrapbox-style-default rounded-corners sc-wrapbox-position-below\" style=\"width: 100%;\"><div class=\"sc-wrapbox-inner sc-ratio-style\" style=\"padding-top: 66.67%\"><iframe loading=\"lazy\" class=\"sc-wrapbox-element img-responsive\" width=\"100%\" height=\"300\" frameborder=\"0\" scrolling=\"no\" marginheight=\"0\" marginwidth=\"0\" src=\"\/\/www.youtube.com\/embed\/K9yHUiKzvMg?rel=0&amp;wmode=opaque\"><\/iframe><\/div><\/div>[vc_column_text]<\/p>\n<h2 style=\"text-align: center;\">El XanthRemover a base de \u00c1cido Tricloroac\u00e9tico<\/h2>\n<p>[\/vc_column_text][\/vc_column][\/vc_row][vc_row][vc_column width=\u00bb1\/2&#8243;][vc_column_text]<\/p>\n<h2 style=\"text-align: justify;\">\u00bfC\u00f3mo funciona?<\/h2>\n<p><strong>El XanthRemover<\/strong> no es una cura milagrosa, \u00a1simplemente funciona! pero \u00bfC\u00f3mo trabaja? El XanthRemover funciona mediante la ablaci\u00f3n qu\u00edmica del Xantelasma desde la parte superior. En otras palabras, el XanthRemover \u00abdestruye\u00bb los dep\u00f3sitos de grasa del Xantelasma en s\u00ed.<\/p>\n<p>A medida que aplique el XanthRemover en el Xantelasma, sentir\u00e1 una sensaci\u00f3n de ardor. Esto es normal, esta sensaci\u00f3n de ardor solo durar\u00e1 5 minutos. Despu\u00e9s de eso, el \u00e1rea donde usted lo aplic\u00f3 se habr\u00e1 blanqueado. Aseg\u00farese de aplicar el XanthRemover solo en el xantelasma y no en su piel sana.[\/vc_column_text]<div class=\"centered-box\"><a class=\"sc-button \"  href=\"https:\/\/xanthelasmaremoval.com\/xanthremover\/testimonials\/\" target=\"_self\" style=\"color: #ffffff;background-color: #e1114c;\">Revise los testimonios de nuestros clientes<\/a><\/div>[\/vc_column][vc_column width=\u00bb1\/2&#8243;][vc_single_image image=\u00bb10289&#8243; img_size=\u00bbfull\u00bb style=\u00bbvc_box_outline\u00bb][vc_column_text]<strong>Xantelasmas antes de aplicar el XanthRemover<\/strong>[\/vc_column_text][\/vc_column][\/vc_row][vc_row][vc_column][vc_zigzag][\/vc_column][\/vc_row][vc_row][vc_column][vc_column_text]<\/p>\n<h2>Nuestro Estudio realizado<\/h2>\n<p>[\/vc_column_text]<div class=\"sc-youtube sc-wrapbox sc-wrapbox-style-4 rounded-corners sc-wrapbox-position-below\" style=\"width: 100%;\"><div class=\"sc-wrapbox-inner sc-ratio-style\" style=\"padding-top: 66.67%\"><iframe loading=\"lazy\" class=\"sc-wrapbox-element img-responsive\" width=\"100%\" height=\"300\" frameborder=\"0\" scrolling=\"no\" marginheight=\"0\" marginwidth=\"0\" src=\"\/\/www.youtube.com\/embed\/lZrrFfEMgPs?rel=0&amp;wmode=opaque\"><\/iframe><\/div><\/div>[\/vc_column][\/vc_row][vc_row el_class=\u00bbwhite\u00bb css=\u00bb.vc_custom_1563945048599{background-image: url(https:\/\/xanthelasmaremoval.com\/wp-content\/uploads\/2019\/03\/bg_header.png?id=10873) !important;}\u00bb][vc_column][vc_column_text]<strong>Este es uno de nuestros pacientes seleccionados para nuestras pruebas cl\u00ednicas antes de aplicar el XanthRemover.<\/strong>[\/vc_column_text][vc_column_text]<\/p>\n<p style=\"text-align: justify;\">Este es el mismo paciente poco despu\u00e9s de la aplicaci\u00f3n del XanthRemover. En ese momento, la sensaci\u00f3n de ardor se habia desvanecido. Como puede observar, el \u00e1rea donde se aplic\u00f3 el XanthRemover ya se hab\u00eda blanqueado. Esta reacci\u00f3n de blanqueamiento es normal despu\u00e9s de aplicarlo. Unos d\u00edas despu\u00e9s, la parte donde se aplic\u00f3 el XanthRemover se habr\u00e1 endurecido y se habr\u00e1 convertido en una costra. Tenga en cuenta que algunos pacientes experimentan hinchaz\u00f3n despu\u00e9s de su aplicaci\u00f3n, esto es muy normal, no hay nada de qu\u00e9 preocuparse. La hinchaz\u00f3n desaparecer\u00e1 despu\u00e9s de unos d\u00edas.<\/p>\n<p>[\/vc_column_text][vc_row_inner][vc_column_inner width=\u00bb1\/2&#8243;][vc_single_image image=\u00bb10290&#8243; img_size=\u00bbfull\u00bb alignment=\u00bbcenter\u00bb style=\u00bbvc_box_outline\u00bb][vc_column_text]<\/p>\n<p style=\"text-align: center;\">Xantelasma poco despu\u00e9s de aplicar el XanthRemover<\/p>\n<p>[\/vc_column_text][\/vc_column_inner][vc_column_inner width=\u00bb1\/2&#8243;][vc_single_image image=\u00bb10291&#8243; img_size=\u00bb264*190&#8243; alignment=\u00bbcenter\u00bb style=\u00bbvc_box_outline\u00bb][vc_column_text]<\/p>\n<p style=\"text-align: center;\">Paciente justo despu\u00e9s de la aplicaci\u00f3n del XanthRemover. La sensaci\u00f3n de ardor estaba a punto de desvanecerse.<\/p>\n<p>[\/vc_column_text][\/vc_column_inner][\/vc_row_inner][\/vc_column][\/vc_row][vc_row][vc_column width=\u00bb1\/2&#8243;][vc_column_text]<strong>Despu\u00e9s de unos d\u00edas<\/strong>, la costra se caer\u00e1 por si sola. En ese punto, ver\u00e1 que el grosor de los Xantelasmas habr\u00e1 disminuido dr\u00e1sticamente. Despu\u00e9s de algunas aplicaciones, eliminar\u00e1 estos Xantelasmas por completo. Entonces podr\u00e1 notar la mejora casi de inmediato. Dependiendo del grosor de los xantelasmas, algunos pacientes requieren m\u00e1s tratamiento que otros.<\/p>\n<p>Como puede ver, el \u00e1rea donde el Xantelasma era m\u00e1s rosado que el resto de la piel, esto es normal porque la piel nueva ha reemplazado al Xantelasma removido. Despu\u00e9s de un par de meses, el color de la parte tratada, se habr\u00e1 mezclado con el resto de la piel debido a la exposici\u00f3n normal al sol.[\/vc_column_text][\/vc_column][vc_column width=\u00bb1\/2&#8243;][vc_single_image image=\u00bb10296&#8243; img_size=\u00bbfull\u00bb style=\u00bbvc_box_outline\u00bb][\/vc_column][\/vc_row][vc_row css=\u00bb.vc_custom_1563945900775{background-image: url(https:\/\/xanthelasmaremoval.com\/wp-content\/uploads\/2019\/03\/bg_header.png?id=10873) !important;}\u00bb][vc_column][vc_column_text]<\/p>\n<h2 class=\"white\" style=\"text-align: center;\">El nuevo XanthRemover a base de \u00c1cido glic\u00f3lico. C\u00f3mo funciona y cu\u00e1l es la diferencia.<\/h2>\n<h3 class=\"white\" style=\"text-align: center;\">El nuevo XanthRemover elimina cualquier tipo de Xantelasma y se puede usarse en cualquier tipo de piel.<\/h3>\n<p class=\"white\" style=\"text-align: justify;\"><strong>Despu\u00e9s de usar XanthRemover basado en \u00c1cido tricloroac\u00e9tico en varios clientes, nos dimos cuenta de que necesit\u00e1bamos encontrar un ingrediente activo que no fuera tan dif\u00edcil de controlar como XanthRemover a base de \u00c1cido tricloroac\u00e9tico. El problema era que XanthRemover era el primer producto de este tipo para el uso dom\u00e9stico. Los inconvenientes de \u00c1cido tricloroac\u00e9tico a pesar de su\u00a0 eficacia en la eliminaci\u00f3n de Xanthelasma son:<\/strong><\/p>\n<p><b style=\"text-align: justify;\"><img loading=\"lazy\" decoding=\"async\" class=\"size-full wp-image-10054 alignright\" src=\"https:\/\/xanthelasmaremoval.com\/wp-content\/uploads\/2019\/02\/images.jpeg\" alt=\"\" width=\"168\" height=\"300\" \/><\/b><\/p>\n<ul>\n<li class=\"white\" style=\"text-align: justify;\"><strong>Cuando se aplica en los p\u00e1rpados superiores, causa inflamaci\u00f3n severa en ellos y los p\u00e1rpados inferiores. Aunque disminuye en todos los casos, esto es preocupante para la mayor\u00eda de las personas.<\/strong><\/li>\n<li class=\"white\" style=\"text-align: justify;\"><strong>Presenta riesgos de hipopigmentaci\u00f3n permanente en los tipos de piel 4, 5 y 6 (los tipos de piel m\u00e1s oscuros). El \u00c1cido tricloroac\u00e9tico generalmente no se recomienda en los tipos de piel oscura debido al riesgo de tener un desaliento permanente en la piel de este fototipo en un parche m\u00e1s blanco despu\u00e9s del uso de \u00e1cido tricloroac\u00e9tico.<\/strong><\/li>\n<li class=\"white\" style=\"text-align: justify;\"><strong>Es dif\u00edcil detener sus efectos de ablaci\u00f3n a menos que se aplique un neutralizador apropiado.<\/strong><\/li>\n<li class=\"white\" style=\"text-align: justify;\"><strong>Los riesgos asociados del \u00c1cido tricloroac\u00e9tico son mucho m\u00e1s altos que otros ingredientes activos si entra en contacto con los ojos, puede ser bastante peligroso.<\/strong><\/li>\n<li class=\"white\" style=\"text-align: justify;\"><strong>El producto no es muy estable en una formulaci\u00f3n espesa a base de gel. Lo que significa que despu\u00e9s de unos meses el gel de \u00c1cido tricloroac\u00e9tico se convierte en l\u00edquido.<\/strong><\/li>\n<\/ul>\n<p class=\"white\" style=\"text-align: justify;\"><strong>Despu\u00e9s de realizar nuestra investigaci\u00f3n, encontramos un estudio realizado en Jap\u00f3n que indica que los investigadores de all\u00ed han tenido \u00e9xito en la eliminaci\u00f3n del xantelasma usando el \u00e1cido glic\u00f3lico en un alto porcentaje, en soluciones de concentraci\u00f3n al 90%.<\/strong><\/p>\n<p class=\"white\" style=\"text-align: justify;\"><strong>Sab\u00edamos que el \u00e1cido glic\u00f3lico era m\u00e1s f\u00e1cil de usar y m\u00e1s suave que el \u00c1cido tricloroac\u00e9tico sin la mayor\u00eda de los efectos secundarios y riesgos del \u00c1cido tricloroac\u00e9tico. Las ventajas del \u00e1cido glic\u00f3lico son:<\/strong><\/p>\n<ul>\n<li class=\"white\" style=\"text-align: justify;\"><strong>No necesita un neutralizador apropiado como el \u00c1cido tricloroac\u00e9tico.<\/strong><\/li>\n<li class=\"white\" style=\"text-align: justify;\"><strong>El gel del \u00e1cido glic\u00f3lico no causa la hinchaz\u00f3n severa causada por el \u00c1cido tricloroac\u00e9tico uno o dos d\u00edas despu\u00e9s de su aplicaci\u00f3n.<\/strong><\/li>\n<li class=\"white\" style=\"text-align: justify;\"><strong>No hay informes de hipogigmentaci\u00f3n en tipos de piel m\u00e1s oscura, fototipos\u00a0 4, 5 y 6.<\/strong><\/li>\n<li class=\"white\" style=\"text-align: justify;\"><strong>Los efectos del gel a base de \u00e1cido glic\u00f3lico se pueden detener sin un neautralizador, simplemente limpi\u00e1ndolo y enjuagando el \u00e1rea con agua.<\/strong><\/li>\n<li class=\"white\" style=\"text-align: justify;\"><strong>La profundidad de penetraci\u00f3n del gel en la piel se puede regular cambiando el momento de la aplicaci\u00f3n. Cuanto m\u00e1s tiempo se mantenga el gel en la piel, m\u00e1s profundos ser\u00e1n los efectos sobre el xantelasma y la piel misma.<\/strong><\/li>\n<li class=\"white\" style=\"text-align: justify;\"><strong>No es tan peligroso para los ojos como el \u00c1cido tricloroac\u00e9tico si entra en contacto con los globos oculares.<\/strong><\/li>\n<\/ul>\n<p>[\/vc_column_text][\/vc_column][\/vc_row][vc_row][vc_column][vc_column_text]<\/p>\n<h2>La vitamina A en el nuevo XanthRemover a base de \u00e1cido Glic\u00f3lico<\/h2>\n<p>Adem\u00e1s de los excelentes resultados del XanhtRemover a base de \u00e1cido glic\u00f3lico, quer\u00edamos que el producto fuera a\u00fan m\u00e1s efectivo para eliminar los Xantelasmas. Quer\u00edamos hacerlo de tal manera que sea efectivo para eliminar cualquier tipo de Xantelasma y al mismo tiempo hacer que nuestro sistema sea muy eficiente para pasarle las cotizaciones de costos a usted, nuestros clientes. El nuevo XanthRemover con la vitamina A es un producto est\u00e1ndar que funciona en todos los tipos de xantelesma y en la piel.<\/p>\n<figure id=\"attachment_11788\" aria-describedby=\"caption-attachment-11788\" style=\"width: 382px\" class=\"wp-caption alignright\"><img loading=\"lazy\" decoding=\"async\" class=\"size-full wp-image-11788\" src=\"https:\/\/xanthelasmaremoval.com\/wp-content\/uploads\/2019\/07\/vitamin-a.jpg\" alt=\"\" width=\"382\" height=\"238\" srcset=\"https:\/\/xanthelasmaremoval.com\/wp-content\/uploads\/2019\/07\/vitamin-a.jpg 382w, https:\/\/xanthelasmaremoval.com\/wp-content\/uploads\/2019\/07\/vitamin-a-300x187.jpg 300w\" sizes=\"(max-width: 382px) 100vw, 382px\" \/><figcaption id=\"caption-attachment-11788\" class=\"wp-caption-text\">Vitamina A<\/figcaption><\/figure>\n<p>Entonces, \u00bfPor qu\u00e9 la vitamina A nos ayuda a lograr esto? La vitamina A en los productos para la piel tiene una propiedad de estimulaci\u00f3n de recepci\u00f3n que lo convierte en un potente exfoliante. El \u00e1cido glic\u00f3lico tiene la doble funci\u00f3n de disolver el xantelasma y al mismo tiempo abrir el tejido a a la vitamina A. Una vez que la vitamina A entra en contacto con la base del xantelasma, se produce la estimulaci\u00f3n celular.<\/p>\n<p>A medida que tiene lugar la estimulaci\u00f3n celular, el Xanthelsama se desprende de su base y se retira dejando en su lugar un agujero que va a cicatrizar por segunda intenci\u00f3n.<\/p>\n<p style=\"text-align: justify;\"><strong>Una de las varias ventajas de usar XanthRemover es que puede decidir cu\u00e1ndo est\u00e1 satisfecho con el resultado. Si cree que a\u00fan desea seguir eliminando un peque\u00f1o residuo del xantelasma mismo, a\u00fan puede hacerlo, usted tiene el control de su tratamiento y puede continuar hasta la eliminaci\u00f3n completa si usted lo desea.<\/strong><\/p>\n<p>[\/vc_column_text][\/vc_column][\/vc_row][vc_row][vc_column]<blockquote><p>El XanthRemover, mejor que cualquier otro producto \u00abC\u00f3mprelo ahora para eliminar su xantelasma\u00bb<\/p><\/blockquote>[\/vc_column][\/vc_row][vc_row][vc_column][vc_column_text]<\/p>\n<p>[\/vc_column_text][\/vc_column][\/vc_row][vc_row][vc_column width=\u00bb1\/2&#8243;]<\/p>\n<div class=\"pricing-table row inline-row inline-row-center pricing-table-style-1 button-icon-cart\">\n<div class=\"pricing-column-wrapper col-md-3 col-sm-4 col-xs-6 inline-column highlighted\">\n<div class=\"pricing-column\">\n<div class=\"pricing-title-wrapper\">\n<div class=\"pricing-title\">\n<div class=\"title-h3\">Orden normal<\/div>\n<div class=\"subtitle\">El mejor plan de precio \/ cantidad<\/div>\n<\/div>\n<div class=\"pricing-column-top-choice\">\n<div class=\"pricing-column-top-choice-text\">NUEVO<\/div>\n<\/div>\n<\/div>\n<div class=\"pricing-price-row\" >\n<div class=\"pricing-price\" style=\"font-size: 57px;color: #705b96;\">\n<div class=\"pricing-cost\">$13<\/div>\n<p><span class=\"time\">Por orden<\/span><\/div>\n<\/div>\n<div class=\"pricing-row  strike\">Con garant\u00eda de devoluci\u00f3n de dinero<\/div>\n<div class=\"pricing-row \">Incluye el env\u00edo a TODO EL MUNDO<\/div>\n<div class=\"pricing-row \">30ml de XanthRemover Gel<\/div>\n<div class=\"pricing-row \">Nuestro servicio completo de soporte en l\u00ednea<\/div>\n<div class=\"pricing-footer\"><a href=\"https:\/\/xanthelasmaremoval.com\/product\/xanth-remover-without-money-back-guarantee\/\" class=\"sc-button\">Ordene ya<\/a><\/div>\n<\/div>\n<\/div>\n<\/div>\n<p>[\/vc_column][vc_column width=\u00bb1\/2&#8243;]<\/p>\n<div class=\"pricing-table row inline-row inline-row-center pricing-table-style-1 button-icon-cart\">\n<div class=\"pricing-column-wrapper col-md-3 col-sm-4 col-xs-6 inline-column highlighted\">\n<div class=\"pricing-column\">\n<div class=\"pricing-title-wrapper\">\n<div class=\"pricing-title\">\n<div class=\"title-h3\">Plan avanzado<\/div>\n<div class=\"subtitle\">El mejor plan de precio \/ cantidad<\/div>\n<\/div>\n<div class=\"pricing-column-top-choice\">\n<div class=\"pricing-column-top-choice-text\">NUEVO<\/div>\n<\/div>\n<\/div>\n<div class=\"pricing-price-row\" >\n<div class=\"pricing-price\" style=\"font-size: 57px;color: #705b96;\">\n<div class=\"pricing-cost\">$39<\/div>\n<p><span class=\"time\">Por orden<\/span><\/div>\n<\/div>\n<div class=\"pricing-row \">Con garant\u00eda de devoluci\u00f3n de dinero<\/div>\n<div class=\"pricing-row \">Incluye env\u00edo a TODO EL MUNDO.<\/div>\n<div class=\"pricing-row \">30ml de XanthRemover Gel<\/div>\n<div class=\"pricing-row \">Nuestro servicio completo de soporte en l\u00ednea<\/div>\n<div class=\"pricing-footer\"><a href=\"https:\/\/xanthelasmaremoval.com\/product\/xanthe-remover\/\" class=\"sc-button\">Ordene ya.<\/a><\/div>\n<\/div>\n<\/div>\n<\/div>\n<p>[\/vc_column][\/vc_row]<\/p>","protected":false},"excerpt":{"rendered":"<p>[vc_row][vc_column][vc_column_text] El XanthRemover a base de \u00c1cido Tricloroac\u00e9tico [\/vc_column_text][\/vc_column][\/vc_row][vc_row][vc_column width=\u00bb1\/2&#8243;][vc_column_text] \u00bfC\u00f3mo funciona? El XanthRemover no es una cura milagrosa, \u00a1simplemente&#8230;<\/p>\n","protected":false},"author":66,"featured_media":0,"parent":0,"menu_order":0,"comment_status":"closed","ping_status":"closed","template":"","meta":{"footnotes":""},"class_list":["post-10903","page","type-page","status-publish","hentry"],"yoast_head":"<!-- This site is optimized with the Yoast SEO plugin v24.3 - https:\/\/yoast.com\/wordpress\/plugins\/seo\/ -->\n<title>C\u00f3mo funciona el XanthRemover - Xanthelasma Removal<\/title>\n<meta name=\"robots\" content=\"index, follow, max-snippet:-1, max-image-preview:large, max-video-preview:-1\" \/>\n<link rel=\"canonical\" href=\"https:\/\/xanthelasmaremoval.com\/how-does-it-work\/\" \/>\n<meta property=\"og:locale\" content=\"es_ES\" \/>\n<meta property=\"og:type\" content=\"article\" \/>\n<meta property=\"og:title\" content=\"[:en]How does it work[:es]C\u00f3mo funciona el XanthRemover[:] - Xanthelasma Removal\" \/>\n<meta property=\"og:description\" content=\"[vc_row][vc_column][vc_column_text] El XanthRemover a base de \u00c1cido Tricloroac\u00e9tico [\/vc_column_text][\/vc_column][\/vc_row][vc_row][vc_column width=\u00bb1\/2&#8243;][vc_column_text] \u00bfC\u00f3mo funciona? El XanthRemover no es una cura milagrosa, \u00a1simplemente...\" \/>\n<meta property=\"og:url\" content=\"https:\/\/xanthelasmaremoval.com\/how-does-it-work\/\" \/>\n<meta property=\"og:site_name\" content=\"Xanthelasma Removal\" \/>\n<meta property=\"article:modified_time\" content=\"2021-09-14T08:34:14+00:00\" \/>\n<meta property=\"og:image\" content=\"https:\/\/xanthelasmaremoval.com\/wp-content\/uploads\/2019\/02\/images.jpeg\" \/>\n<meta name=\"twitter:card\" content=\"summary_large_image\" \/>\n<meta name=\"twitter:label1\" content=\"Tiempo de lectura\" \/>\n\t<meta name=\"twitter:data1\" content=\"17 minutos\" \/>\n<script type=\"application\/ld+json\" class=\"yoast-schema-graph\">{\"@context\":\"https:\/\/schema.org\",\"@graph\":[{\"@type\":\"WebPage\",\"@id\":\"https:\/\/xanthelasmaremoval.com\/how-does-it-work\/\",\"url\":\"https:\/\/xanthelasmaremoval.com\/how-does-it-work\/\",\"name\":\"[:en]How does it work[:es]C\u00f3mo funciona el XanthRemover[:] - Xanthelasma Removal\",\"isPartOf\":{\"@id\":\"https:\/\/xanthelasmaremoval.com\/#website\"},\"primaryImageOfPage\":{\"@id\":\"https:\/\/xanthelasmaremoval.com\/how-does-it-work\/#primaryimage\"},\"image\":{\"@id\":\"https:\/\/xanthelasmaremoval.com\/how-does-it-work\/#primaryimage\"},\"thumbnailUrl\":\"https:\/\/xanthelasmaremoval.com\/wp-content\/uploads\/2019\/02\/images.jpeg\",\"datePublished\":\"2019-03-14T06:47:53+00:00\",\"dateModified\":\"2021-09-14T08:34:14+00:00\",\"breadcrumb\":{\"@id\":\"https:\/\/xanthelasmaremoval.com\/how-does-it-work\/#breadcrumb\"},\"inLanguage\":\"es\",\"potentialAction\":[{\"@type\":\"ReadAction\",\"target\":[\"https:\/\/xanthelasmaremoval.com\/how-does-it-work\/\"]}]},{\"@type\":\"ImageObject\",\"inLanguage\":\"es\",\"@id\":\"https:\/\/xanthelasmaremoval.com\/how-does-it-work\/#primaryimage\",\"url\":\"https:\/\/xanthelasmaremoval.com\/wp-content\/uploads\/2019\/02\/images.jpeg\",\"contentUrl\":\"https:\/\/xanthelasmaremoval.com\/wp-content\/uploads\/2019\/02\/images.jpeg\"},{\"@type\":\"BreadcrumbList\",\"@id\":\"https:\/\/xanthelasmaremoval.com\/how-does-it-work\/#breadcrumb\",\"itemListElement\":[{\"@type\":\"ListItem\",\"position\":1,\"name\":\"Home\",\"item\":\"https:\/\/xanthelasmaremoval.com\/\"},{\"@type\":\"ListItem\",\"position\":2,\"name\":\"How does it work\"}]},{\"@type\":\"WebSite\",\"@id\":\"https:\/\/xanthelasmaremoval.com\/#website\",\"url\":\"https:\/\/xanthelasmaremoval.com\/\",\"name\":\"Xanthelasma Removal\",\"description\":\"The Xanthelasma Removal Solutions!\",\"potentialAction\":[{\"@type\":\"SearchAction\",\"target\":{\"@type\":\"EntryPoint\",\"urlTemplate\":\"https:\/\/xanthelasmaremoval.com\/?s={search_term_string}\"},\"query-input\":{\"@type\":\"PropertyValueSpecification\",\"valueRequired\":true,\"valueName\":\"search_term_string\"}}],\"inLanguage\":\"es\"}]}<\/script>\n<!-- \/ Yoast SEO plugin. -->","yoast_head_json":{"title":"[:en]How does it work[:es]C\u00f3mo funciona el XanthRemover[:] - Xanthelasma Removal","robots":{"index":"index","follow":"follow","max-snippet":"max-snippet:-1","max-image-preview":"max-image-preview:large","max-video-preview":"max-video-preview:-1"},"canonical":"https:\/\/xanthelasmaremoval.com\/how-does-it-work\/","og_locale":"es_ES","og_type":"article","og_title":"[:en]How does it work[:es]C\u00f3mo funciona el XanthRemover[:] - Xanthelasma Removal","og_description":"[vc_row][vc_column][vc_column_text] El XanthRemover a base de \u00c1cido Tricloroac\u00e9tico [\/vc_column_text][\/vc_column][\/vc_row][vc_row][vc_column width=\u00bb1\/2&#8243;][vc_column_text] \u00bfC\u00f3mo funciona? El XanthRemover no es una cura milagrosa, \u00a1simplemente...","og_url":"https:\/\/xanthelasmaremoval.com\/how-does-it-work\/","og_site_name":"Xanthelasma Removal","article_modified_time":"2021-09-14T08:34:14+00:00","og_image":[{"url":"https:\/\/xanthelasmaremoval.com\/wp-content\/uploads\/2019\/02\/images.jpeg","type":"","width":"","height":""}],"twitter_card":"summary_large_image","twitter_misc":{"Tiempo de lectura":"17 minutos"},"schema":{"@context":"https:\/\/schema.org","@graph":[{"@type":"WebPage","@id":"https:\/\/xanthelasmaremoval.com\/how-does-it-work\/","url":"https:\/\/xanthelasmaremoval.com\/how-does-it-work\/","name":"[:en]How does it work[:es]C\u00f3mo funciona el XanthRemover[:] - Xanthelasma Removal","isPartOf":{"@id":"https:\/\/xanthelasmaremoval.com\/#website"},"primaryImageOfPage":{"@id":"https:\/\/xanthelasmaremoval.com\/how-does-it-work\/#primaryimage"},"image":{"@id":"https:\/\/xanthelasmaremoval.com\/how-does-it-work\/#primaryimage"},"thumbnailUrl":"https:\/\/xanthelasmaremoval.com\/wp-content\/uploads\/2019\/02\/images.jpeg","datePublished":"2019-03-14T06:47:53+00:00","dateModified":"2021-09-14T08:34:14+00:00","breadcrumb":{"@id":"https:\/\/xanthelasmaremoval.com\/how-does-it-work\/#breadcrumb"},"inLanguage":"es","potentialAction":[{"@type":"ReadAction","target":["https:\/\/xanthelasmaremoval.com\/how-does-it-work\/"]}]},{"@type":"ImageObject","inLanguage":"es","@id":"https:\/\/xanthelasmaremoval.com\/how-does-it-work\/#primaryimage","url":"https:\/\/xanthelasmaremoval.com\/wp-content\/uploads\/2019\/02\/images.jpeg","contentUrl":"https:\/\/xanthelasmaremoval.com\/wp-content\/uploads\/2019\/02\/images.jpeg"},{"@type":"BreadcrumbList","@id":"https:\/\/xanthelasmaremoval.com\/how-does-it-work\/#breadcrumb","itemListElement":[{"@type":"ListItem","position":1,"name":"Home","item":"https:\/\/xanthelasmaremoval.com\/"},{"@type":"ListItem","position":2,"name":"How does it work"}]},{"@type":"WebSite","@id":"https:\/\/xanthelasmaremoval.com\/#website","url":"https:\/\/xanthelasmaremoval.com\/","name":"Xanthelasma Removal","description":"The Xanthelasma Removal Solutions!","potentialAction":[{"@type":"SearchAction","target":{"@type":"EntryPoint","urlTemplate":"https:\/\/xanthelasmaremoval.com\/?s={search_term_string}"},"query-input":{"@type":"PropertyValueSpecification","valueRequired":true,"valueName":"search_term_string"}}],"inLanguage":"es"}]}},"_links":{"self":[{"href":"https:\/\/xanthelasmaremoval.com\/es\/wp-json\/wp\/v2\/pages\/10903"}],"collection":[{"href":"https:\/\/xanthelasmaremoval.com\/es\/wp-json\/wp\/v2\/pages"}],"about":[{"href":"https:\/\/xanthelasmaremoval.com\/es\/wp-json\/wp\/v2\/types\/page"}],"author":[{"embeddable":true,"href":"https:\/\/xanthelasmaremoval.com\/es\/wp-json\/wp\/v2\/users\/66"}],"replies":[{"embeddable":true,"href":"https:\/\/xanthelasmaremoval.com\/es\/wp-json\/wp\/v2\/comments?post=10903"}],"version-history":[{"count":76,"href":"https:\/\/xanthelasmaremoval.com\/es\/wp-json\/wp\/v2\/pages\/10903\/revisions"}],"predecessor-version":[{"id":14131,"href":"https:\/\/xanthelasmaremoval.com\/es\/wp-json\/wp\/v2\/pages\/10903\/revisions\/14131"}],"wp:attachment":[{"href":"https:\/\/xanthelasmaremoval.com\/es\/wp-json\/wp\/v2\/media?parent=10903"}],"curies":[{"name":"wp","href":"https:\/\/api.w.org\/{rel}","templated":true}]}}