{"id":11148,"date":"2019-04-08T05:42:15","date_gmt":"2019-04-08T05:42:15","guid":{"rendered":"https:\/\/xanthelasmaremoval.com\/?page_id=11148"},"modified":"2022-01-05T07:02:03","modified_gmt":"2022-01-05T07:02:03","slug":"xanthelasma-and-diabetes-connection","status":"publish","type":"page","link":"https:\/\/xanthelasmaremoval.com\/es\/xanthelasma-and-diabetes-connection\/","title":{"rendered":"La conexi\u00f3n entre el Xantelasma y la diabetes"},"content":{"rendered":"<p>[vc_row][vc_column][vc_column_text]<\/p>\n<blockquote><p>Las personas diab\u00e9ticas tienen una mayor probabilidad de verse afectados por alg\u00fan Xantoma o Xantelamsa debidoa tener una mayor probabilidad de tener un LDL m\u00e1s alto (o colesterol malo). Puede que exista una correlaci\u00f3n con alguna enfermedad autoinmune que aumente la probabilidad de desarrollar estos xantelasmas.<\/p><\/blockquote>\n<p>[\/vc_column_text][\/vc_column][\/vc_row][vc_row][vc_column][vc_column_text]Existe un v\u00ednculo s\u00f3lido entre el xantoma y la diabetes. Puede deberse a la incapacidad para metabolizar la glucosa que culmina en un exceso de aldohexosa (un tipo de carbohidrato) dentro del cuerpo. Esto afecta la descomposici\u00f3n de mol\u00e9culas y los nutrientes alternativos. Probablemente este sea un factor que contribuya a la incapacidad de metabolizar el colesterol de forma eficaz. En consecuencia, aumenta la probabilidad de formaci\u00f3n de los xantomas o xantelasmas.[\/vc_column_text][\/vc_column][\/vc_row][vc_row full_width=\u00bbstretch_row\u00bb el_class=\u00bbwhite\u00bb css=\u00bb.vc_custom_1554702704035{background-image: url(https:\/\/xanthelasmaremoval.com\/wp-content\/uploads\/2019\/03\/bg_header.png?id=10873) !important;}\u00bb][vc_column][vc_column_text]<\/p>\n<div class=\"vc_row wpb_row vc_row-fluid\">\n<div class=\"wpb_column vc_column_container vc_col-sm-12\">\n<div class=\"vc_column-inner\">\n<div class=\"wpb_wrapper\">\n<div class=\"wpb_text_column wpb_content_element \">\n<div class=\"wpb_wrapper\">\n<p><img loading=\"lazy\" decoding=\"async\" class=\"size-full wp-image-11153 alignleft\" src=\"https:\/\/xanthelasmaremoval.com\/wp-content\/uploads\/2019\/04\/Diabetes.jpg\" alt=\"\" width=\"230\" height=\"230\" srcset=\"https:\/\/xanthelasmaremoval.com\/wp-content\/uploads\/2019\/04\/Diabetes.jpg 230w, https:\/\/xanthelasmaremoval.com\/wp-content\/uploads\/2019\/04\/Diabetes-100x100.jpg 100w, https:\/\/xanthelasmaremoval.com\/wp-content\/uploads\/2019\/04\/Diabetes-150x150.jpg 150w\" sizes=\"(max-width: 230px) 100vw, 230px\" \/><\/p>\n<p>Algunas investigaciones cient\u00edficas han relacionado que el xantelasma y la diabetes pueden estar conectadas. Los Xantelasmas son una aglomeraci\u00f3n de colesterol alrededor del p\u00e1rpado. Como sabemos, la acumulaci\u00f3n no deseada de placas de colesterol en el cuerpo puede provocar diversas complicaciones de salud, como enfermedades isqu\u00e9micas del coraz\u00f3n. No importa cu\u00e1nto cambio se haga para prevenir los factores de riesgo cardiovascular, estas condiciones a\u00fan pueden ser m\u00e1s prevalentes en personas que padecen xantelasmas.<\/p>\n<p>La diabetes puede tener un efecto sobre la absorci\u00f3n y el metabolismo de los alimentos, una de las mol\u00e9culas afectadas por la diabetes es el colesterol. Esta incapacidad para metabolizar el colesterol de manera efectiva puede causar una acumulaci\u00f3n excesiva de colesterol dentro del cuerpo, como dentro de los vasos sangu\u00edneos y en otros lugares, este exceso de colesterol podr\u00eda depositarse como xantelasma alrededor de los ojos.<\/p>\n<\/div>\n<\/div>\n<\/div>\n<\/div>\n<\/div>\n<\/div>\n<p>[\/vc_column_text][\/vc_column][\/vc_row][vc_row][vc_column][vc_column_text]<\/p>\n<h2>\u00bfHay un v\u00ednculo entre el xantelasma y la diabetes?<\/h2>\n<p><a href=\"https:\/\/xanthelasmaremoval.com\/what-is-xanthelasma\/what-is-xanthelasmaxanthelasmas-and-xanthomas\/\"><strong>Los xantelasmas y los xantomas<\/strong><\/a>,<img loading=\"lazy\" decoding=\"async\" class=\" wp-image-10695 alignright\" src=\"https:\/\/xanthelasmaremoval.com\/wp-content\/uploads\/2019\/02\/Diabetes.jpg\" alt=\"\" width=\"427\" height=\"253\" srcset=\"https:\/\/xanthelasmaremoval.com\/wp-content\/uploads\/2019\/02\/Diabetes.jpg 590w, https:\/\/xanthelasmaremoval.com\/wp-content\/uploads\/2019\/02\/Diabetes-450x267.jpg 450w\" sizes=\"(max-width: 427px) 100vw, 427px\" \/><\/p>\n<p>como se describi\u00f3 anteriormente, implican la acumulaci\u00f3n de colesterol alrededor de los p\u00e1rpados y est\u00e1 igualmente asociado con los dep\u00f3sitos de grasa en varias partes del cuerpo, incluidas las paredes de los vasos sangu\u00edneos. La grasa puede servir como una de las fuentes de s\u00edntesis de glucosa nueva. La acumulaci\u00f3n de grasa puede significar una mayor disponibilidad de materia prima para la s\u00edntesis de la glucosa.<\/p>\n<p>El aumento de la s\u00edntesis de la glucosa se traduce en un aumento de la s\u00edntesis de insulina en la etapa inicial del proceso.<\/p>\n<p>Sin embargo, el p\u00e1ncreas, que es el \u00f3rgano responsable de producir la insulina, si sigue persistiendo el exceso de s\u00edntesis de la glucosa, puede sobrecargarse con el tiempo y\u00a0 si la acumulaci\u00f3n de grasa no disminuye, genera lo que conocemos como Xantelasma o Xantoma. Una vez que el p\u00e1ncreas trabaja en exceso, su capacidad para producir insulina se reducir\u00e1 y esto culminar\u00e1 en un exceso de glucosa en la circulaci\u00f3n sangu\u00ednea. En esencia, el v\u00ednculo entre el xantelasma y la diabetes se debe al aumento de grasa en el cuerpo, lo que es una posible indicaci\u00f3n del aumento de la producci\u00f3n de glucosa (que en un proceso de largo tiempo se convierte en diabetes).[\/vc_column_text][\/vc_column][\/vc_row][vc_row][vc_column][vc_column_text]<\/p>\n<blockquote><p>Esta condici\u00f3n es una bendici\u00f3n disfrazada; el v\u00ednculo entre el xantelasma y la diabetes permite a los expertos m\u00e9dicos detectar f\u00e1cilmente la afecci\u00f3n subyacente a tiempo antes de que la diabetes se agrave, lo que les permite aplicar los tratamientos adecuados antes de que sea demasiado tarde para el individuo.<\/p><\/blockquote>\n<p>[\/vc_column_text][\/vc_column][\/vc_row]<\/p>","protected":false},"excerpt":{"rendered":"<p>[vc_row][vc_column][vc_column_text] Las personas diab\u00e9ticas tienen una mayor probabilidad de verse afectados por alg\u00fan Xantoma o Xantelamsa debidoa tener una mayor&#8230;<\/p>\n","protected":false},"author":66,"featured_media":0,"parent":0,"menu_order":0,"comment_status":"closed","ping_status":"closed","template":"","meta":{"footnotes":""},"class_list":["post-11148","page","type-page","status-publish","hentry"],"yoast_head":"<!-- This site is optimized with the Yoast SEO plugin v24.3 - https:\/\/yoast.com\/wordpress\/plugins\/seo\/ -->\n<title>La conexi\u00f3n entre el Xantelasma y la diabetes - Xanthelasma Removal<\/title>\n<meta name=\"robots\" content=\"index, follow, max-snippet:-1, max-image-preview:large, max-video-preview:-1\" \/>\n<link rel=\"canonical\" href=\"https:\/\/xanthelasmaremoval.com\/xanthelasma-and-diabetes-connection\/\" \/>\n<meta property=\"og:locale\" content=\"es_ES\" \/>\n<meta property=\"og:type\" content=\"article\" \/>\n<meta property=\"og:title\" content=\"[:en]Xanthelasma and Diabetes connection[:es]La conexi\u00f3n entre el Xantelasma y la diabetes[:] - Xanthelasma Removal\" \/>\n<meta property=\"og:description\" content=\"[vc_row][vc_column][vc_column_text] Las personas diab\u00e9ticas tienen una mayor probabilidad de verse afectados por alg\u00fan Xantoma o Xantelamsa debidoa tener una mayor...\" \/>\n<meta property=\"og:url\" content=\"https:\/\/xanthelasmaremoval.com\/xanthelasma-and-diabetes-connection\/\" \/>\n<meta property=\"og:site_name\" content=\"Xanthelasma Removal\" \/>\n<meta property=\"article:modified_time\" content=\"2022-01-05T07:02:03+00:00\" \/>\n<meta property=\"og:image\" content=\"https:\/\/xanthelasmaremoval.com\/wp-content\/uploads\/2019\/04\/Diabetes.jpg\" \/>\n<meta name=\"twitter:card\" content=\"summary_large_image\" \/>\n<meta name=\"twitter:label1\" content=\"Tiempo de lectura\" \/>\n\t<meta name=\"twitter:data1\" content=\"3 minutos\" \/>\n<script type=\"application\/ld+json\" class=\"yoast-schema-graph\">{\"@context\":\"https:\/\/schema.org\",\"@graph\":[{\"@type\":\"WebPage\",\"@id\":\"https:\/\/xanthelasmaremoval.com\/xanthelasma-and-diabetes-connection\/\",\"url\":\"https:\/\/xanthelasmaremoval.com\/xanthelasma-and-diabetes-connection\/\",\"name\":\"[:en]Xanthelasma and Diabetes connection[:es]La conexi\u00f3n entre el Xantelasma y la diabetes[:] - Xanthelasma Removal\",\"isPartOf\":{\"@id\":\"https:\/\/xanthelasmaremoval.com\/#website\"},\"primaryImageOfPage\":{\"@id\":\"https:\/\/xanthelasmaremoval.com\/xanthelasma-and-diabetes-connection\/#primaryimage\"},\"image\":{\"@id\":\"https:\/\/xanthelasmaremoval.com\/xanthelasma-and-diabetes-connection\/#primaryimage\"},\"thumbnailUrl\":\"https:\/\/xanthelasmaremoval.com\/wp-content\/uploads\/2019\/04\/Diabetes.jpg\",\"datePublished\":\"2019-04-08T05:42:15+00:00\",\"dateModified\":\"2022-01-05T07:02:03+00:00\",\"breadcrumb\":{\"@id\":\"https:\/\/xanthelasmaremoval.com\/xanthelasma-and-diabetes-connection\/#breadcrumb\"},\"inLanguage\":\"es\",\"potentialAction\":[{\"@type\":\"ReadAction\",\"target\":[\"https:\/\/xanthelasmaremoval.com\/xanthelasma-and-diabetes-connection\/\"]}]},{\"@type\":\"ImageObject\",\"inLanguage\":\"es\",\"@id\":\"https:\/\/xanthelasmaremoval.com\/xanthelasma-and-diabetes-connection\/#primaryimage\",\"url\":\"https:\/\/xanthelasmaremoval.com\/wp-content\/uploads\/2019\/04\/Diabetes.jpg\",\"contentUrl\":\"https:\/\/xanthelasmaremoval.com\/wp-content\/uploads\/2019\/04\/Diabetes.jpg\"},{\"@type\":\"BreadcrumbList\",\"@id\":\"https:\/\/xanthelasmaremoval.com\/xanthelasma-and-diabetes-connection\/#breadcrumb\",\"itemListElement\":[{\"@type\":\"ListItem\",\"position\":1,\"name\":\"Home\",\"item\":\"https:\/\/xanthelasmaremoval.com\/\"},{\"@type\":\"ListItem\",\"position\":2,\"name\":\"Xanthelasma and Diabetes connection\"}]},{\"@type\":\"WebSite\",\"@id\":\"https:\/\/xanthelasmaremoval.com\/#website\",\"url\":\"https:\/\/xanthelasmaremoval.com\/\",\"name\":\"Xanthelasma Removal\",\"description\":\"The Xanthelasma Removal Solutions!\",\"potentialAction\":[{\"@type\":\"SearchAction\",\"target\":{\"@type\":\"EntryPoint\",\"urlTemplate\":\"https:\/\/xanthelasmaremoval.com\/?s={search_term_string}\"},\"query-input\":{\"@type\":\"PropertyValueSpecification\",\"valueRequired\":true,\"valueName\":\"search_term_string\"}}],\"inLanguage\":\"es\"}]}<\/script>\n<!-- \/ Yoast SEO plugin. -->","yoast_head_json":{"title":"[:en]Xanthelasma and Diabetes connection[:es]La conexi\u00f3n entre el Xantelasma y la diabetes[:] - Xanthelasma Removal","robots":{"index":"index","follow":"follow","max-snippet":"max-snippet:-1","max-image-preview":"max-image-preview:large","max-video-preview":"max-video-preview:-1"},"canonical":"https:\/\/xanthelasmaremoval.com\/xanthelasma-and-diabetes-connection\/","og_locale":"es_ES","og_type":"article","og_title":"[:en]Xanthelasma and Diabetes connection[:es]La conexi\u00f3n entre el Xantelasma y la diabetes[:] - Xanthelasma Removal","og_description":"[vc_row][vc_column][vc_column_text] Las personas diab\u00e9ticas tienen una mayor probabilidad de verse afectados por alg\u00fan Xantoma o Xantelamsa debidoa tener una mayor...","og_url":"https:\/\/xanthelasmaremoval.com\/xanthelasma-and-diabetes-connection\/","og_site_name":"Xanthelasma Removal","article_modified_time":"2022-01-05T07:02:03+00:00","og_image":[{"url":"https:\/\/xanthelasmaremoval.com\/wp-content\/uploads\/2019\/04\/Diabetes.jpg","type":"","width":"","height":""}],"twitter_card":"summary_large_image","twitter_misc":{"Tiempo de lectura":"3 minutos"},"schema":{"@context":"https:\/\/schema.org","@graph":[{"@type":"WebPage","@id":"https:\/\/xanthelasmaremoval.com\/xanthelasma-and-diabetes-connection\/","url":"https:\/\/xanthelasmaremoval.com\/xanthelasma-and-diabetes-connection\/","name":"[:en]Xanthelasma and Diabetes connection[:es]La conexi\u00f3n entre el Xantelasma y la diabetes[:] - Xanthelasma Removal","isPartOf":{"@id":"https:\/\/xanthelasmaremoval.com\/#website"},"primaryImageOfPage":{"@id":"https:\/\/xanthelasmaremoval.com\/xanthelasma-and-diabetes-connection\/#primaryimage"},"image":{"@id":"https:\/\/xanthelasmaremoval.com\/xanthelasma-and-diabetes-connection\/#primaryimage"},"thumbnailUrl":"https:\/\/xanthelasmaremoval.com\/wp-content\/uploads\/2019\/04\/Diabetes.jpg","datePublished":"2019-04-08T05:42:15+00:00","dateModified":"2022-01-05T07:02:03+00:00","breadcrumb":{"@id":"https:\/\/xanthelasmaremoval.com\/xanthelasma-and-diabetes-connection\/#breadcrumb"},"inLanguage":"es","potentialAction":[{"@type":"ReadAction","target":["https:\/\/xanthelasmaremoval.com\/xanthelasma-and-diabetes-connection\/"]}]},{"@type":"ImageObject","inLanguage":"es","@id":"https:\/\/xanthelasmaremoval.com\/xanthelasma-and-diabetes-connection\/#primaryimage","url":"https:\/\/xanthelasmaremoval.com\/wp-content\/uploads\/2019\/04\/Diabetes.jpg","contentUrl":"https:\/\/xanthelasmaremoval.com\/wp-content\/uploads\/2019\/04\/Diabetes.jpg"},{"@type":"BreadcrumbList","@id":"https:\/\/xanthelasmaremoval.com\/xanthelasma-and-diabetes-connection\/#breadcrumb","itemListElement":[{"@type":"ListItem","position":1,"name":"Home","item":"https:\/\/xanthelasmaremoval.com\/"},{"@type":"ListItem","position":2,"name":"Xanthelasma and Diabetes connection"}]},{"@type":"WebSite","@id":"https:\/\/xanthelasmaremoval.com\/#website","url":"https:\/\/xanthelasmaremoval.com\/","name":"Xanthelasma Removal","description":"The Xanthelasma Removal Solutions!","potentialAction":[{"@type":"SearchAction","target":{"@type":"EntryPoint","urlTemplate":"https:\/\/xanthelasmaremoval.com\/?s={search_term_string}"},"query-input":{"@type":"PropertyValueSpecification","valueRequired":true,"valueName":"search_term_string"}}],"inLanguage":"es"}]}},"_links":{"self":[{"href":"https:\/\/xanthelasmaremoval.com\/es\/wp-json\/wp\/v2\/pages\/11148"}],"collection":[{"href":"https:\/\/xanthelasmaremoval.com\/es\/wp-json\/wp\/v2\/pages"}],"about":[{"href":"https:\/\/xanthelasmaremoval.com\/es\/wp-json\/wp\/v2\/types\/page"}],"author":[{"embeddable":true,"href":"https:\/\/xanthelasmaremoval.com\/es\/wp-json\/wp\/v2\/users\/66"}],"replies":[{"embeddable":true,"href":"https:\/\/xanthelasmaremoval.com\/es\/wp-json\/wp\/v2\/comments?post=11148"}],"version-history":[{"count":25,"href":"https:\/\/xanthelasmaremoval.com\/es\/wp-json\/wp\/v2\/pages\/11148\/revisions"}],"predecessor-version":[{"id":14300,"href":"https:\/\/xanthelasmaremoval.com\/es\/wp-json\/wp\/v2\/pages\/11148\/revisions\/14300"}],"wp:attachment":[{"href":"https:\/\/xanthelasmaremoval.com\/es\/wp-json\/wp\/v2\/media?parent=11148"}],"curies":[{"name":"wp","href":"https:\/\/api.w.org\/{rel}","templated":true}]}}