{"id":11157,"date":"2019-04-08T06:04:36","date_gmt":"2019-04-08T06:04:36","guid":{"rendered":"https:\/\/xanthelasmaremoval.com\/?page_id=11157"},"modified":"2020-09-27T22:59:45","modified_gmt":"2020-09-27T22:59:45","slug":"heart-disease-and-xanthelasma","status":"publish","type":"page","link":"https:\/\/xanthelasmaremoval.com\/es\/heart-disease-and-xanthelasma\/","title":{"rendered":"El Xantelasma y las Enfermedades card\u00edacas"},"content":{"rendered":"<p>[vc_row][vc_column]<div class=\"sc-youtube sc-wrapbox sc-wrapbox-style-default rounded-corners sc-wrapbox-position-below\" style=\"width: 100%;\"><div class=\"sc-wrapbox-inner sc-ratio-style\" style=\"padding-top: 50%\"><iframe loading=\"lazy\" class=\"sc-wrapbox-element img-responsive\" width=\"100%\" height=\"300\" frameborder=\"0\" scrolling=\"no\" marginheight=\"0\" marginwidth=\"0\" src=\"\/\/www.youtube.com\/embed\/Ja9ofghzYlQ?rel=0&amp;wmode=opaque\"><\/iframe><\/div><\/div>[vc_column_text]<\/p>\n<blockquote><p>Una investigaci\u00f3n descubri\u00f3 una conexi\u00f3n entre las enfermedades card\u00edacas y los xantelasmas. Si es as\u00ed, se puede ayudar prevenir los ataques card\u00edacos. Este art\u00edculo le proporcionar\u00e1 m\u00e1s informaci\u00f3n sobre esta investigaci\u00f3n y sus resultados.<\/p><\/blockquote>\n<p>[\/vc_column_text][\/vc_column][\/vc_row][vc_row][vc_column][vc_column_text]<\/p>\n<p style=\"text-align: center;\"><strong>Muchas personas pueden entender simplemente detallando. Pero la apariencia no es la \u00fanica que lo cuenta todo. Los ojos tambi\u00e9n nos pueden dar signos sobre su salud, signos como la aparici\u00f3n de peque\u00f1as protuberancias amarillas o placas en los p\u00e1rpados que pueden estar tratando de indicar que tiene problemas card\u00edacos y que necesita ayuda para prevenirlo.<\/strong><\/p>\n<p>[\/vc_column_text][vc_single_image image=\u00bb10279&#8243; img_size=\u00bbfull\u00bb alignment=\u00bbcenter\u00bb][\/vc_column][\/vc_row][vc_row el_class=\u00bbwhite\u00bb css=\u00bb.vc_custom_1563771435111{background-image: url(https:\/\/xanthelasmaremoval.com\/wp-content\/uploads\/2019\/03\/bg_header.png?id=10873) !important;}\u00bb][vc_column width=\u00bb2\/3&#8243;][vc_column_text]En pocas palabras, las placas amarillas se conocen como Xantelasma, en resumen, c\u00e9lulas de colesterol que se acumulan en la piel. Los xantomas o xantelasmas pueden desarrollarse en cualquier parte del cuerpo humano, pero las ubicaciones m\u00e1s comunes son los codos, articulaciones, tendones, rodillas, manos, pies o gl\u00fateos. Pueden tener muchos tama\u00f1os diferentes de hasta 3 pulgadas o 8,5 cm de di\u00e1metro. Cuando estas placas amarillentas aparecen en los p\u00e1rpados, se las conoce como Xantelasma palpebrarum.[\/vc_column_text][vc_column_text]Adem\u00e1s, hay otro tipo de colecci\u00f3n de l\u00edpidos o grasas de colesterol en los ojos llamada<a href=\"https:\/\/www.ncbi.nlm.nih.gov\/pmc\/articles\/PMC4885182\/\"> arco corneal<\/a>, que es un anillo amarillento en el borde de los ojos. Como tanto el Xantelasma como el arco corneal indican dep\u00f3sitos de colesterol, ya han sido estudiados por diferentes equipos de investigaci\u00f3n antes, pero no se estableci\u00f3 un v\u00ednculo directo entre el Xantelasma y las enfermedades card\u00edacas.[\/vc_column_text][\/vc_column][vc_column width=\u00bb1\/3&#8243;][vc_single_image image=\u00bb11463&#8243; img_size=\u00bbfull\u00bb][vc_single_image image=\u00bb11539&#8243; img_size=\u00bbfull\u00bb][\/vc_column][\/vc_row][vc_row][vc_column width=\u00bb2\/3&#8243;][vc_column_text]En una investigaci\u00f3n adicional sobre el v\u00ednculo entre el xantelasma y las enfermedades card\u00edacas, algunos especialistas de la Universidad de Copenhague en Dinamarca llevaron a cabo una investigaci\u00f3n, donde demostr\u00f3 que el xantelasma est\u00e1 relacionado con un mayor riesgo de enfermedad card\u00edaca y muerte prematura relativa. Sin embargo, no se encontraron ning\u00fan v\u00ednculo directo causal entre el xantelasma y estos s\u00edntomas.<\/p>\n<p><strong>En la \u00faltima investigaci\u00f3n del British Medical Journal, los investigadores encuestaron a 13,000 a 14,000 personas entre las edades de 20 y 90. Al comienzo de la investigaci\u00f3n, ninguno ten\u00eda problemas card\u00edacos, gradualmente m\u00e1s del cuatro por ciento ten\u00eda Xantelasma y casi una cuarta parte ten\u00eda arcos corneales. tambi\u00e9n. A lo largo del estudio, m\u00e1s de 1800 pacientes sufrieron un ataque card\u00edaco, casi 4,000 desarrollaron una enfermedad card\u00edaca seguida, cerca de 1500 sufrieron un derrame cerebral y m\u00e1s de 1,800 desarrollaron una enfermedad cerebrovascular.<\/strong>[\/vc_column_text][\/vc_column][vc_column width=\u00bb1\/3&#8243;][vc_single_image image=\u00bb10686&#8243; img_size=\u00bbfull\u00bb][\/vc_column][\/vc_row][vc_row][vc_column][vc_column_text]<\/p>\n<p style=\"text-align: center;\"><strong>Al final del estudio, los investigadores encontraron que al tener alg\u00fan Xantelasma se correlaciona con una mayor probabilidad de sufrir un ataque y padecer una enfermedad card\u00edaca. Sin embargo, el v\u00ednculo causal directo no se ha identificado claramente. Tal vez sea probable que la mayor probabilidad de ataques card\u00edacos se deba solo a los niveles m\u00e1s altos de colesterol.<\/strong><\/p>\n<p>[\/vc_column_text][vc_zigzag][\/vc_column][\/vc_row][vc_row][vc_column]<div class=\"sc-textbox rounded-corners\"  style=\"\"><div class=\"sc-textbox-content\" style=\"background-color: #f1f5f8;background-position: center top;\"><div class=\"sc-icon-with-text sc-icon-with-text-icon-size-medium\"><div class=\"sc-icon-with-text-icon\"><div class=\"sc-icon sc-icon-size-medium  sc-icon-shape-circle\" style=\"background-color: #90ba8f;border: 2px solid #90ba8f;\"><span class=\"sc-icon-half-1\" style=\"color: #ffffff;\"><span class=\"back-angle\">&#xe661;<\/span><\/span><span class=\"sc-icon-half-2\" style=\"color: #ffffff;\"><span class=\"back-angle\">&#xe661;<\/span><\/span><\/div><\/div><div class=\"sc-icon-with-text-content\"><div class=\"sc-icon-with-text-text\">[vc_column_text]<\/p>\n<h4>El XanthRemover, mejor que cualquier otro producto \u00abC\u00f3mprelo ahora para eliminar su xantelasma\u00bb<\/h4>\n<p>[\/vc_column_text]<\/div><\/div><div class=\"clearboth\"><\/div><\/div><\/div><\/div>[\/vc_column][\/vc_row][vc_row][vc_column width=\u00bb1\/2&#8243;]<\/p>\n<div class=\"pricing-table row inline-row inline-row-center pricing-table-style-1 button-icon-cart\">\n<div class=\"pricing-column-wrapper col-md-3 col-sm-4 col-xs-6 inline-column highlighted\">\n<div class=\"pricing-column\">\n<div class=\"pricing-title-wrapper\">\n<div class=\"pricing-title\">\n<div class=\"title-h3\">Orden normal<\/div>\n<div class=\"subtitle\">El mejor plan de precio \/ cantidad<\/div>\n<\/div>\n<div class=\"pricing-column-top-choice\">\n<div class=\"pricing-column-top-choice-text\">NUEVO<\/div>\n<\/div>\n<\/div>\n<div class=\"pricing-price-row\" >\n<div class=\"pricing-price\" style=\"font-size: 57px;color: #705b96;\">\n<div class=\"pricing-cost\">$13<\/div>\n<p><span class=\"time\">Por orden<\/span><\/div>\n<\/div>\n<div class=\"pricing-row  strike\">Con garant\u00eda de devoluci\u00f3n de dinero<\/div>\n<div class=\"pricing-row \">Incluye el env\u00edo a TODO EL MUNDO<\/div>\n<div class=\"pricing-row \">30ml de XanthRemover Gel<\/div>\n<div class=\"pricing-row \">Nuestro servicio completo de soporte en l\u00ednea<\/div>\n<div class=\"pricing-footer\"><a href=\"https:\/\/xanthelasmaremoval.com\/product\/xanth-remover-without-money-back-guarantee\/\" class=\"sc-button\">Ordene ya<\/a><\/div>\n<\/div>\n<\/div>\n<\/div>\n<p>[\/vc_column][vc_column width=\u00bb1\/2&#8243;]<\/p>\n<div class=\"pricing-table row inline-row inline-row-center pricing-table-style-1 button-icon-cart\">\n<div class=\"pricing-column-wrapper col-md-3 col-sm-4 col-xs-6 inline-column highlighted\">\n<div class=\"pricing-column\">\n<div class=\"pricing-title-wrapper\">\n<div class=\"pricing-title\">\n<div class=\"title-h3\">Plan avanzado<\/div>\n<div class=\"subtitle\">El mejor plan de precio \/ cantidad<\/div>\n<\/div>\n<div class=\"pricing-column-top-choice\">\n<div class=\"pricing-column-top-choice-text\">NUEVO<\/div>\n<\/div>\n<\/div>\n<div class=\"pricing-price-row\" >\n<div class=\"pricing-price\" style=\"font-size: 57px;color: #705b96;\">\n<div class=\"pricing-cost\">$39<\/div>\n<p><span class=\"time\">Por orden<\/span><\/div>\n<\/div>\n<div class=\"pricing-row \">Con garant\u00eda de devoluci\u00f3n de dinero<\/div>\n<div class=\"pricing-row \">Incluye env\u00edo a TODO EL MUNDO.<\/div>\n<div class=\"pricing-row \">30ml de XanthRemover Gel<\/div>\n<div class=\"pricing-row \">Nuestro servicio completo de soporte en l\u00ednea<\/div>\n<div class=\"pricing-footer\"><a href=\"https:\/\/xanthelasmaremoval.com\/product\/xanthe-remover\/\" class=\"sc-button\">Ordene ya.<\/a><\/div>\n<\/div>\n<\/div>\n<\/div>\n<p>[\/vc_column][\/vc_row][vc_column][\/vc_column]<\/p>","protected":false},"excerpt":{"rendered":"<p>[vc_row][vc_column][vc_column_text] Una investigaci\u00f3n descubri\u00f3 una conexi\u00f3n entre las enfermedades card\u00edacas y los xantelasmas. Si es as\u00ed, se puede ayudar prevenir&#8230;<\/p>\n","protected":false},"author":66,"featured_media":0,"parent":0,"menu_order":0,"comment_status":"closed","ping_status":"closed","template":"","meta":{"footnotes":""},"class_list":["post-11157","page","type-page","status-publish","hentry"],"yoast_head":"<!-- This site is optimized with the Yoast SEO plugin v24.3 - https:\/\/yoast.com\/wordpress\/plugins\/seo\/ -->\n<title>El Xantelasma y las Enfermedades card\u00edacas  - Xanthelasma Removal<\/title>\n<meta name=\"robots\" content=\"index, follow, max-snippet:-1, max-image-preview:large, max-video-preview:-1\" \/>\n<link rel=\"canonical\" href=\"https:\/\/xanthelasmaremoval.com\/heart-disease-and-xanthelasma\/\" \/>\n<meta property=\"og:locale\" content=\"es_ES\" \/>\n<meta property=\"og:type\" content=\"article\" \/>\n<meta property=\"og:title\" content=\"[:en]Heart Disease and Xanthelasma[:es]El Xantelasma y las Enfermedades card\u00edacas [:] - Xanthelasma Removal\" \/>\n<meta property=\"og:description\" content=\"[vc_row][vc_column][vc_column_text] Una investigaci\u00f3n descubri\u00f3 una conexi\u00f3n entre las enfermedades card\u00edacas y los xantelasmas. Si es as\u00ed, se puede ayudar prevenir...\" \/>\n<meta property=\"og:url\" content=\"https:\/\/xanthelasmaremoval.com\/heart-disease-and-xanthelasma\/\" \/>\n<meta property=\"og:site_name\" content=\"Xanthelasma Removal\" \/>\n<meta property=\"article:modified_time\" content=\"2020-09-27T22:59:45+00:00\" \/>\n<meta name=\"twitter:card\" content=\"summary_large_image\" \/>\n<meta name=\"twitter:label1\" content=\"Tiempo de lectura\" \/>\n\t<meta name=\"twitter:data1\" content=\"9 minutos\" \/>\n<script type=\"application\/ld+json\" class=\"yoast-schema-graph\">{\"@context\":\"https:\/\/schema.org\",\"@graph\":[{\"@type\":\"WebPage\",\"@id\":\"https:\/\/xanthelasmaremoval.com\/heart-disease-and-xanthelasma\/\",\"url\":\"https:\/\/xanthelasmaremoval.com\/heart-disease-and-xanthelasma\/\",\"name\":\"[:en]Heart Disease and Xanthelasma[:es]El Xantelasma y las Enfermedades card\u00edacas [:] - Xanthelasma Removal\",\"isPartOf\":{\"@id\":\"https:\/\/xanthelasmaremoval.com\/#website\"},\"datePublished\":\"2019-04-08T06:04:36+00:00\",\"dateModified\":\"2020-09-27T22:59:45+00:00\",\"breadcrumb\":{\"@id\":\"https:\/\/xanthelasmaremoval.com\/heart-disease-and-xanthelasma\/#breadcrumb\"},\"inLanguage\":\"es\",\"potentialAction\":[{\"@type\":\"ReadAction\",\"target\":[\"https:\/\/xanthelasmaremoval.com\/heart-disease-and-xanthelasma\/\"]}]},{\"@type\":\"BreadcrumbList\",\"@id\":\"https:\/\/xanthelasmaremoval.com\/heart-disease-and-xanthelasma\/#breadcrumb\",\"itemListElement\":[{\"@type\":\"ListItem\",\"position\":1,\"name\":\"Home\",\"item\":\"https:\/\/xanthelasmaremoval.com\/\"},{\"@type\":\"ListItem\",\"position\":2,\"name\":\"Heart Disease and Xanthelasma\"}]},{\"@type\":\"WebSite\",\"@id\":\"https:\/\/xanthelasmaremoval.com\/#website\",\"url\":\"https:\/\/xanthelasmaremoval.com\/\",\"name\":\"Xanthelasma Removal\",\"description\":\"The Xanthelasma Removal Solutions!\",\"potentialAction\":[{\"@type\":\"SearchAction\",\"target\":{\"@type\":\"EntryPoint\",\"urlTemplate\":\"https:\/\/xanthelasmaremoval.com\/?s={search_term_string}\"},\"query-input\":{\"@type\":\"PropertyValueSpecification\",\"valueRequired\":true,\"valueName\":\"search_term_string\"}}],\"inLanguage\":\"es\"}]}<\/script>\n<!-- \/ Yoast SEO plugin. -->","yoast_head_json":{"title":"[:en]Heart Disease and Xanthelasma[:es]El Xantelasma y las Enfermedades card\u00edacas [:] - Xanthelasma Removal","robots":{"index":"index","follow":"follow","max-snippet":"max-snippet:-1","max-image-preview":"max-image-preview:large","max-video-preview":"max-video-preview:-1"},"canonical":"https:\/\/xanthelasmaremoval.com\/heart-disease-and-xanthelasma\/","og_locale":"es_ES","og_type":"article","og_title":"[:en]Heart Disease and Xanthelasma[:es]El Xantelasma y las Enfermedades card\u00edacas [:] - Xanthelasma Removal","og_description":"[vc_row][vc_column][vc_column_text] Una investigaci\u00f3n descubri\u00f3 una conexi\u00f3n entre las enfermedades card\u00edacas y los xantelasmas. Si es as\u00ed, se puede ayudar prevenir...","og_url":"https:\/\/xanthelasmaremoval.com\/heart-disease-and-xanthelasma\/","og_site_name":"Xanthelasma Removal","article_modified_time":"2020-09-27T22:59:45+00:00","twitter_card":"summary_large_image","twitter_misc":{"Tiempo de lectura":"9 minutos"},"schema":{"@context":"https:\/\/schema.org","@graph":[{"@type":"WebPage","@id":"https:\/\/xanthelasmaremoval.com\/heart-disease-and-xanthelasma\/","url":"https:\/\/xanthelasmaremoval.com\/heart-disease-and-xanthelasma\/","name":"[:en]Heart Disease and Xanthelasma[:es]El Xantelasma y las Enfermedades card\u00edacas [:] - Xanthelasma Removal","isPartOf":{"@id":"https:\/\/xanthelasmaremoval.com\/#website"},"datePublished":"2019-04-08T06:04:36+00:00","dateModified":"2020-09-27T22:59:45+00:00","breadcrumb":{"@id":"https:\/\/xanthelasmaremoval.com\/heart-disease-and-xanthelasma\/#breadcrumb"},"inLanguage":"es","potentialAction":[{"@type":"ReadAction","target":["https:\/\/xanthelasmaremoval.com\/heart-disease-and-xanthelasma\/"]}]},{"@type":"BreadcrumbList","@id":"https:\/\/xanthelasmaremoval.com\/heart-disease-and-xanthelasma\/#breadcrumb","itemListElement":[{"@type":"ListItem","position":1,"name":"Home","item":"https:\/\/xanthelasmaremoval.com\/"},{"@type":"ListItem","position":2,"name":"Heart Disease and Xanthelasma"}]},{"@type":"WebSite","@id":"https:\/\/xanthelasmaremoval.com\/#website","url":"https:\/\/xanthelasmaremoval.com\/","name":"Xanthelasma Removal","description":"The Xanthelasma Removal Solutions!","potentialAction":[{"@type":"SearchAction","target":{"@type":"EntryPoint","urlTemplate":"https:\/\/xanthelasmaremoval.com\/?s={search_term_string}"},"query-input":{"@type":"PropertyValueSpecification","valueRequired":true,"valueName":"search_term_string"}}],"inLanguage":"es"}]}},"_links":{"self":[{"href":"https:\/\/xanthelasmaremoval.com\/es\/wp-json\/wp\/v2\/pages\/11157"}],"collection":[{"href":"https:\/\/xanthelasmaremoval.com\/es\/wp-json\/wp\/v2\/pages"}],"about":[{"href":"https:\/\/xanthelasmaremoval.com\/es\/wp-json\/wp\/v2\/types\/page"}],"author":[{"embeddable":true,"href":"https:\/\/xanthelasmaremoval.com\/es\/wp-json\/wp\/v2\/users\/66"}],"replies":[{"embeddable":true,"href":"https:\/\/xanthelasmaremoval.com\/es\/wp-json\/wp\/v2\/comments?post=11157"}],"version-history":[{"count":53,"href":"https:\/\/xanthelasmaremoval.com\/es\/wp-json\/wp\/v2\/pages\/11157\/revisions"}],"predecessor-version":[{"id":13748,"href":"https:\/\/xanthelasmaremoval.com\/es\/wp-json\/wp\/v2\/pages\/11157\/revisions\/13748"}],"wp:attachment":[{"href":"https:\/\/xanthelasmaremoval.com\/es\/wp-json\/wp\/v2\/media?parent=11157"}],"curies":[{"name":"wp","href":"https:\/\/api.w.org\/{rel}","templated":true}]}}