{"id":11164,"date":"2019-04-09T10:06:19","date_gmt":"2019-04-09T10:06:19","guid":{"rendered":"https:\/\/xanthelasmaremoval.com\/?page_id=11164"},"modified":"2020-09-27T23:01:59","modified_gmt":"2020-09-27T23:01:59","slug":"xanthelasma-and-high-cholesterol","status":"publish","type":"page","link":"https:\/\/xanthelasmaremoval.com\/es\/xanthelasma-and-high-cholesterol\/","title":{"rendered":"El Xantelasma y el colesterol alto"},"content":{"rendered":"<p>[vc_row][vc_column][vc_column_text]<\/p>\n<blockquote>\n<p style=\"text-align: center;\">\u00bfCu\u00e1l es el v\u00ednculo entre el xantoma (xantelasma) y el colesterol? Los dep\u00f3sitos de grasa dentro de los p\u00e1rpados pueden indicar niveles altos de colesterol. Esto puede contribuir a la formaci\u00f3n de placas de colesterol en los vasos sangu\u00edneos.<\/p>\n<\/blockquote>\n<p>[\/vc_column_text][\/vc_column][\/vc_row][vc_row][vc_column][vc_column_text]Los altos niveles de colestrol causar\u00e1n lesiones en la piel que aparecen como dep\u00f3sitos de grasa debajo de los ojos. Estas lesiones se conocen como xantoma y se ven como protuberancias amarillas. El xantoma puede aparecer en los p\u00e1rpados inferiores y superiores. Durante este art\u00edculo, discutiremos el v\u00ednculo entre el xantoma y el colesterol alto.<br \/>\n<img loading=\"lazy\" decoding=\"async\" class=\"size-full wp-image-10691 alignright\" src=\"https:\/\/xanthelasmaremoval.com\/wp-content\/uploads\/2019\/02\/download-1-1.jpeg\" alt=\"\" width=\"225\" height=\"225\" srcset=\"https:\/\/xanthelasmaremoval.com\/wp-content\/uploads\/2019\/02\/download-1-1.jpeg 225w, https:\/\/xanthelasmaremoval.com\/wp-content\/uploads\/2019\/02\/download-1-1-100x100.jpeg 100w, https:\/\/xanthelasmaremoval.com\/wp-content\/uploads\/2019\/02\/download-1-1-150x150.jpeg 150w\" sizes=\"(max-width: 225px) 100vw, 225px\" \/><\/p>\n<h2>\u00bfC\u00f3mo se deposita la grasa de colesterol en la piel?<\/h2>\n<p>Para comprender el v\u00ednculo<strong> entre el xantoma y el colesterol alto<\/strong>. Primero el xantelasma pertenece a un grupo de dep\u00f3sitos de colesterol dentro de la piel llamados xantomas. Estos xantomas pueden encontrarse en cualquier parte del cuerpo, pero se encuentran con mayor frecuencia en articulaciones, rodillas, tendones, manos, pies y gl\u00fateos. Cuando aparecieron debajo del ojo o dentro del p\u00e1rpado, los xantomas se le llaman xantelasmas. Estas protuberancias aparecen como p\u00e1pulas o placas amarillas o amarillentas y pueden ser suaves o firmes. No duelen ni causan problemas de visi\u00f3n. Los dep\u00f3sitos de colesterol dentro de los ojos comienzan siendo peque\u00f1os que poco a poco aumentan de tama\u00f1o al crecer despu\u00e9s de un tiempo y se vuelven permanentes.[\/vc_column_text][\/vc_column][\/vc_row][vc_row][vc_column][vc_column_text]<\/p>\n<h3>Las causas del Xantelasma<\/h3>\n<p>[\/vc_column_text][vc_row_inner][vc_column_inner width=\u00bb2\/3&#8243;][vc_column_text]Los dep\u00f3sitos de grasa en el p\u00e1rpado, <strong>conocidos como Xantelasmas<\/strong>, se formaron como resultado del exceso de grasa en el torrente sangu\u00edneo. Las causas comunes incluyen altos niveles de colesterol en la sangre, com\u00fanmente debido a una dieta pobre, la diabetes no controlada, cirrosis, ciertos tipos de c\u00e1ncer y aterosclerosis, tambi\u00e9n conocido como endurecimiento de las arterias. <strong>En t\u00e9rminos de xantelasma y colesterol alto<\/strong>, la mayor probabilidad de dep\u00f3sitos grasos de colesterol en los p\u00e1rpados aumenta con la edad. Sin embargo, los adultos j\u00f3venes pueden tener esta afecci\u00f3n, especialmente si su familia es propensa a niveles altos de colesterol. El xantelasma afecta a personas que han enfrentado condiciones asociadas con niveles altos de colesterol. Tambi\u00e9n pueden aparecer en individuos con niveles normales de grasa, en cuyo caso un m\u00e9dico debe investigar las otras causas.[\/vc_column_text][\/vc_column_inner][vc_column_inner width=\u00bb1\/3&#8243;][vc_single_image image=\u00bb10123&#8243; img_size=\u00bbfull\u00bb style=\u00bbvc_box_outline\u00bb][\/vc_column_inner][\/vc_row_inner][\/vc_column][\/vc_row][vc_row][vc_column][vc_column_text]<\/p>\n<h3>Consideraciones<\/h3>\n<p>[\/vc_column_text][vc_column_text]Para evitar la aparici\u00f3n de dep\u00f3sitos de colesterol graso en los p\u00e1rpados, es importante mantener un nivel de colesterol saludable en la sangre. Cuando el Xantelasma est\u00e1 presente, estos a menudo sirven como indicadores de una o m\u00e1s enfermedades graves. Seg\u00fan un estudio en el 2013 publicado en \u00abBiomed Research International\u00bb, el 60% de las personas con dep\u00f3sitos de colesterol en los p\u00e1rpados tienen niveles anormales de grasa en la sangre y m\u00e1s del 40% son enfermedades asociadas.<br \/>\n<img loading=\"lazy\" decoding=\"async\" class=\"wp-image-10690 alignright\" src=\"https:\/\/xanthelasmaremoval.com\/wp-content\/uploads\/2019\/02\/cholesterol_plaque.jpg\" alt=\"\" width=\"372\" height=\"223\" srcset=\"https:\/\/xanthelasmaremoval.com\/wp-content\/uploads\/2019\/02\/cholesterol_plaque.jpg 800w, https:\/\/xanthelasmaremoval.com\/wp-content\/uploads\/2019\/02\/cholesterol_plaque-600x360.jpg 600w, https:\/\/xanthelasmaremoval.com\/wp-content\/uploads\/2019\/02\/cholesterol_plaque-300x180.jpg 300w, https:\/\/xanthelasmaremoval.com\/wp-content\/uploads\/2019\/02\/cholesterol_plaque-768x461.jpg 768w\" sizes=\"(max-width: 372px) 100vw, 372px\" \/><\/p>\n<p>Cabe resaltar que el xantelasma es m\u00e1s que un simple problema est\u00e9tico. Cuando estas manchas amarillas se forman cerca de los ojos, inevitablemente atraen la atenci\u00f3n, por lo que se convierten en un \u00abdefecto\u00bb est\u00e9tico que el paciente desea ocultar. Sin embargo, el problema generalmente va m\u00e1s all\u00e1 de la superficie de la piel, a menudo, incluso afecta el coraz\u00f3n, ya que existe un v\u00ednculo entre<strong> el xantelasma y el colesterol alto.<\/strong><\/p>\n<p>Recuerde que el colesterol es una sustancia grasa producida por el h\u00edgado e incluida en alimentos ricos en grasas saturadas, por ejemplo, carne, huevos, ciertos mariscos y productos l\u00e1cteos enteros, lo cual es esencial, en niveles adecuados, para el buen funcionamiento de las c\u00e9lulas del organismo.[\/vc_column_text][\/vc_column][\/vc_row][vc_row][vc_column]<div class=\"sc-textbox rounded-corners\"  style=\"\"><div class=\"sc-textbox-content\" style=\"background-color: #f1f5f8;background-position: center top;\"><div class=\"sc-icon-with-text sc-icon-with-text-icon-size-medium\"><div class=\"sc-icon-with-text-icon\"><div class=\"sc-icon sc-icon-size-medium  sc-icon-shape-circle\" style=\"background-color: #90ba8f;border: 2px solid #90ba8f;\"><span class=\"sc-icon-half-1\" style=\"color: #ffffff;\"><span class=\"back-angle\">&#xe661;<\/span><\/span><span class=\"sc-icon-half-2\" style=\"color: #ffffff;\"><span class=\"back-angle\">&#xe661;<\/span><\/span><\/div><\/div><div class=\"sc-icon-with-text-content\"><div class=\"sc-icon-with-text-text\">[vc_column_text]<\/p>\n<h4>El XanthRemover, mejor que cualquier otro producto \u00abC\u00f3mprelo ahora para eliminar su xantelasma\u00bb<\/h4>\n<p>[\/vc_column_text]<\/div><\/div><div class=\"clearboth\"><\/div><\/div><\/div><\/div>[\/vc_column][\/vc_row][vc_row][vc_column width=\u00bb1\/2&#8243;]<\/p>\n<div class=\"pricing-table row inline-row inline-row-center pricing-table-style-1 button-icon-cart\">\n<div class=\"pricing-column-wrapper col-md-3 col-sm-4 col-xs-6 inline-column highlighted\">\n<div class=\"pricing-column\">\n<div class=\"pricing-title-wrapper\">\n<div class=\"pricing-title\">\n<div class=\"title-h3\">Orden normal<\/div>\n<div class=\"subtitle\">El mejor plan de precio \/ cantidad<\/div>\n<\/div>\n<div class=\"pricing-column-top-choice\">\n<div class=\"pricing-column-top-choice-text\">NUEVO<\/div>\n<\/div>\n<\/div>\n<div class=\"pricing-price-row\" >\n<div class=\"pricing-price\" style=\"font-size: 57px;color: #705b96;\">\n<div class=\"pricing-cost\">$13<\/div>\n<p><span class=\"time\">Por orden<\/span><\/div>\n<\/div>\n<div class=\"pricing-row  strike\">Con garant\u00eda de devoluci\u00f3n de dinero<\/div>\n<div class=\"pricing-row \">Incluye el env\u00edo a TODO EL MUNDO<\/div>\n<div class=\"pricing-row \">30ml de XanthRemover Gel<\/div>\n<div class=\"pricing-row \">Nuestro servicio completo de soporte en l\u00ednea<\/div>\n<div class=\"pricing-footer\"><a href=\"https:\/\/xanthelasmaremoval.com\/product\/xanth-remover-without-money-back-guarantee\/\" class=\"sc-button\">Ordene ya<\/a><\/div>\n<\/div>\n<\/div>\n<\/div>\n<p>[\/vc_column][vc_column width=\u00bb1\/2&#8243;]<\/p>\n<div class=\"pricing-table row inline-row inline-row-center pricing-table-style-1 button-icon-cart\">\n<div class=\"pricing-column-wrapper col-md-3 col-sm-4 col-xs-6 inline-column highlighted\">\n<div class=\"pricing-column\">\n<div class=\"pricing-title-wrapper\">\n<div class=\"pricing-title\">\n<div class=\"title-h3\">Plan avanzado<\/div>\n<div class=\"subtitle\">El mejor plan de precio \/ cantidad<\/div>\n<\/div>\n<div class=\"pricing-column-top-choice\">\n<div class=\"pricing-column-top-choice-text\">NUEVO<\/div>\n<\/div>\n<\/div>\n<div class=\"pricing-price-row\" >\n<div class=\"pricing-price\" style=\"font-size: 57px;color: #705b96;\">\n<div class=\"pricing-cost\">$39<\/div>\n<p><span class=\"time\">Por orden<\/span><\/div>\n<\/div>\n<div class=\"pricing-row \">Con garant\u00eda de devoluci\u00f3n de dinero<\/div>\n<div class=\"pricing-row \">Incluye env\u00edo a TODO EL MUNDO.<\/div>\n<div class=\"pricing-row \">30ml de XanthRemover Gel<\/div>\n<div class=\"pricing-row \">Nuestro servicio completo de soporte en l\u00ednea<\/div>\n<div class=\"pricing-footer\"><a href=\"https:\/\/xanthelasmaremoval.com\/product\/xanthe-remover\/\" class=\"sc-button\">Ordene ya.<\/a><\/div>\n<\/div>\n<\/div>\n<\/div>\n<p>[\/vc_column][\/vc_row][vc_column][\/vc_column]<\/p>","protected":false},"excerpt":{"rendered":"<p>[vc_row][vc_column][vc_column_text] \u00bfCu\u00e1l es el v\u00ednculo entre el xantoma (xantelasma) y el colesterol? Los dep\u00f3sitos de grasa dentro de los p\u00e1rpados&#8230;<\/p>\n","protected":false},"author":66,"featured_media":0,"parent":0,"menu_order":0,"comment_status":"closed","ping_status":"closed","template":"","meta":{"footnotes":""},"class_list":["post-11164","page","type-page","status-publish","hentry"],"yoast_head":"<!-- This site is optimized with the Yoast SEO plugin v24.3 - https:\/\/yoast.com\/wordpress\/plugins\/seo\/ -->\n<title>El Xantelasma y el colesterol alto - Xanthelasma Removal<\/title>\n<meta name=\"robots\" content=\"index, follow, max-snippet:-1, max-image-preview:large, max-video-preview:-1\" \/>\n<link rel=\"canonical\" href=\"https:\/\/xanthelasmaremoval.com\/xanthelasma-and-high-cholesterol\/\" \/>\n<meta property=\"og:locale\" content=\"es_ES\" \/>\n<meta property=\"og:type\" content=\"article\" \/>\n<meta property=\"og:title\" content=\"[:en]Xanthelasma and high cholesterol[:es]El Xantelasma y el colesterol alto[:] - Xanthelasma Removal\" \/>\n<meta property=\"og:description\" content=\"[vc_row][vc_column][vc_column_text] \u00bfCu\u00e1l es el v\u00ednculo entre el xantoma (xantelasma) y el colesterol? Los dep\u00f3sitos de grasa dentro de los p\u00e1rpados...\" \/>\n<meta property=\"og:url\" content=\"https:\/\/xanthelasmaremoval.com\/xanthelasma-and-high-cholesterol\/\" \/>\n<meta property=\"og:site_name\" content=\"Xanthelasma Removal\" \/>\n<meta property=\"article:modified_time\" content=\"2020-09-27T23:01:59+00:00\" \/>\n<meta property=\"og:image\" content=\"https:\/\/xanthelasmaremoval.com\/wp-content\/uploads\/2019\/02\/download-1-1.jpeg\" \/>\n<meta name=\"twitter:card\" content=\"summary_large_image\" \/>\n<meta name=\"twitter:label1\" content=\"Tiempo de lectura\" \/>\n\t<meta name=\"twitter:data1\" content=\"9 minutos\" \/>\n<script type=\"application\/ld+json\" class=\"yoast-schema-graph\">{\"@context\":\"https:\/\/schema.org\",\"@graph\":[{\"@type\":\"WebPage\",\"@id\":\"https:\/\/xanthelasmaremoval.com\/xanthelasma-and-high-cholesterol\/\",\"url\":\"https:\/\/xanthelasmaremoval.com\/xanthelasma-and-high-cholesterol\/\",\"name\":\"[:en]Xanthelasma and high cholesterol[:es]El Xantelasma y el colesterol alto[:] - Xanthelasma Removal\",\"isPartOf\":{\"@id\":\"https:\/\/xanthelasmaremoval.com\/#website\"},\"primaryImageOfPage\":{\"@id\":\"https:\/\/xanthelasmaremoval.com\/xanthelasma-and-high-cholesterol\/#primaryimage\"},\"image\":{\"@id\":\"https:\/\/xanthelasmaremoval.com\/xanthelasma-and-high-cholesterol\/#primaryimage\"},\"thumbnailUrl\":\"https:\/\/xanthelasmaremoval.com\/wp-content\/uploads\/2019\/02\/download-1-1.jpeg\",\"datePublished\":\"2019-04-09T10:06:19+00:00\",\"dateModified\":\"2020-09-27T23:01:59+00:00\",\"breadcrumb\":{\"@id\":\"https:\/\/xanthelasmaremoval.com\/xanthelasma-and-high-cholesterol\/#breadcrumb\"},\"inLanguage\":\"es\",\"potentialAction\":[{\"@type\":\"ReadAction\",\"target\":[\"https:\/\/xanthelasmaremoval.com\/xanthelasma-and-high-cholesterol\/\"]}]},{\"@type\":\"ImageObject\",\"inLanguage\":\"es\",\"@id\":\"https:\/\/xanthelasmaremoval.com\/xanthelasma-and-high-cholesterol\/#primaryimage\",\"url\":\"https:\/\/xanthelasmaremoval.com\/wp-content\/uploads\/2019\/02\/download-1-1.jpeg\",\"contentUrl\":\"https:\/\/xanthelasmaremoval.com\/wp-content\/uploads\/2019\/02\/download-1-1.jpeg\"},{\"@type\":\"BreadcrumbList\",\"@id\":\"https:\/\/xanthelasmaremoval.com\/xanthelasma-and-high-cholesterol\/#breadcrumb\",\"itemListElement\":[{\"@type\":\"ListItem\",\"position\":1,\"name\":\"Home\",\"item\":\"https:\/\/xanthelasmaremoval.com\/\"},{\"@type\":\"ListItem\",\"position\":2,\"name\":\"Xanthelasma and high cholesterol\"}]},{\"@type\":\"WebSite\",\"@id\":\"https:\/\/xanthelasmaremoval.com\/#website\",\"url\":\"https:\/\/xanthelasmaremoval.com\/\",\"name\":\"Xanthelasma Removal\",\"description\":\"The Xanthelasma Removal Solutions!\",\"potentialAction\":[{\"@type\":\"SearchAction\",\"target\":{\"@type\":\"EntryPoint\",\"urlTemplate\":\"https:\/\/xanthelasmaremoval.com\/?s={search_term_string}\"},\"query-input\":{\"@type\":\"PropertyValueSpecification\",\"valueRequired\":true,\"valueName\":\"search_term_string\"}}],\"inLanguage\":\"es\"}]}<\/script>\n<!-- \/ Yoast SEO plugin. -->","yoast_head_json":{"title":"[:en]Xanthelasma and high cholesterol[:es]El Xantelasma y el colesterol alto[:] - Xanthelasma Removal","robots":{"index":"index","follow":"follow","max-snippet":"max-snippet:-1","max-image-preview":"max-image-preview:large","max-video-preview":"max-video-preview:-1"},"canonical":"https:\/\/xanthelasmaremoval.com\/xanthelasma-and-high-cholesterol\/","og_locale":"es_ES","og_type":"article","og_title":"[:en]Xanthelasma and high cholesterol[:es]El Xantelasma y el colesterol alto[:] - Xanthelasma Removal","og_description":"[vc_row][vc_column][vc_column_text] \u00bfCu\u00e1l es el v\u00ednculo entre el xantoma (xantelasma) y el colesterol? Los dep\u00f3sitos de grasa dentro de los p\u00e1rpados...","og_url":"https:\/\/xanthelasmaremoval.com\/xanthelasma-and-high-cholesterol\/","og_site_name":"Xanthelasma Removal","article_modified_time":"2020-09-27T23:01:59+00:00","og_image":[{"url":"https:\/\/xanthelasmaremoval.com\/wp-content\/uploads\/2019\/02\/download-1-1.jpeg","type":"","width":"","height":""}],"twitter_card":"summary_large_image","twitter_misc":{"Tiempo de lectura":"9 minutos"},"schema":{"@context":"https:\/\/schema.org","@graph":[{"@type":"WebPage","@id":"https:\/\/xanthelasmaremoval.com\/xanthelasma-and-high-cholesterol\/","url":"https:\/\/xanthelasmaremoval.com\/xanthelasma-and-high-cholesterol\/","name":"[:en]Xanthelasma and high cholesterol[:es]El Xantelasma y el colesterol alto[:] - Xanthelasma Removal","isPartOf":{"@id":"https:\/\/xanthelasmaremoval.com\/#website"},"primaryImageOfPage":{"@id":"https:\/\/xanthelasmaremoval.com\/xanthelasma-and-high-cholesterol\/#primaryimage"},"image":{"@id":"https:\/\/xanthelasmaremoval.com\/xanthelasma-and-high-cholesterol\/#primaryimage"},"thumbnailUrl":"https:\/\/xanthelasmaremoval.com\/wp-content\/uploads\/2019\/02\/download-1-1.jpeg","datePublished":"2019-04-09T10:06:19+00:00","dateModified":"2020-09-27T23:01:59+00:00","breadcrumb":{"@id":"https:\/\/xanthelasmaremoval.com\/xanthelasma-and-high-cholesterol\/#breadcrumb"},"inLanguage":"es","potentialAction":[{"@type":"ReadAction","target":["https:\/\/xanthelasmaremoval.com\/xanthelasma-and-high-cholesterol\/"]}]},{"@type":"ImageObject","inLanguage":"es","@id":"https:\/\/xanthelasmaremoval.com\/xanthelasma-and-high-cholesterol\/#primaryimage","url":"https:\/\/xanthelasmaremoval.com\/wp-content\/uploads\/2019\/02\/download-1-1.jpeg","contentUrl":"https:\/\/xanthelasmaremoval.com\/wp-content\/uploads\/2019\/02\/download-1-1.jpeg"},{"@type":"BreadcrumbList","@id":"https:\/\/xanthelasmaremoval.com\/xanthelasma-and-high-cholesterol\/#breadcrumb","itemListElement":[{"@type":"ListItem","position":1,"name":"Home","item":"https:\/\/xanthelasmaremoval.com\/"},{"@type":"ListItem","position":2,"name":"Xanthelasma and high cholesterol"}]},{"@type":"WebSite","@id":"https:\/\/xanthelasmaremoval.com\/#website","url":"https:\/\/xanthelasmaremoval.com\/","name":"Xanthelasma Removal","description":"The Xanthelasma Removal Solutions!","potentialAction":[{"@type":"SearchAction","target":{"@type":"EntryPoint","urlTemplate":"https:\/\/xanthelasmaremoval.com\/?s={search_term_string}"},"query-input":{"@type":"PropertyValueSpecification","valueRequired":true,"valueName":"search_term_string"}}],"inLanguage":"es"}]}},"_links":{"self":[{"href":"https:\/\/xanthelasmaremoval.com\/es\/wp-json\/wp\/v2\/pages\/11164"}],"collection":[{"href":"https:\/\/xanthelasmaremoval.com\/es\/wp-json\/wp\/v2\/pages"}],"about":[{"href":"https:\/\/xanthelasmaremoval.com\/es\/wp-json\/wp\/v2\/types\/page"}],"author":[{"embeddable":true,"href":"https:\/\/xanthelasmaremoval.com\/es\/wp-json\/wp\/v2\/users\/66"}],"replies":[{"embeddable":true,"href":"https:\/\/xanthelasmaremoval.com\/es\/wp-json\/wp\/v2\/comments?post=11164"}],"version-history":[{"count":27,"href":"https:\/\/xanthelasmaremoval.com\/es\/wp-json\/wp\/v2\/pages\/11164\/revisions"}],"predecessor-version":[{"id":13749,"href":"https:\/\/xanthelasmaremoval.com\/es\/wp-json\/wp\/v2\/pages\/11164\/revisions\/13749"}],"wp:attachment":[{"href":"https:\/\/xanthelasmaremoval.com\/es\/wp-json\/wp\/v2\/media?parent=11164"}],"curies":[{"name":"wp","href":"https:\/\/api.w.org\/{rel}","templated":true}]}}