{"id":11825,"date":"2019-07-26T11:18:54","date_gmt":"2019-07-26T11:18:54","guid":{"rendered":"https:\/\/xanthelasmaremoval.com\/?page_id=11825"},"modified":"2021-09-14T08:33:59","modified_gmt":"2021-09-14T08:33:59","slug":"xanthremover-ingredients","status":"publish","type":"page","link":"https:\/\/xanthelasmaremoval.com\/es\/xanthremover-ingredients\/","title":{"rendered":"Los Ingredientes del Xanthremover"},"content":{"rendered":"<p>[vc_row][vc_column]<blockquote><p><\/p>\n<h3 style=\"text-align: center;\">El nuevo XanthRemover puede eliminar cualquier tipo de xantelasma y puede usarse en cualquier tipo de piel.<\/h3>\n<p><\/p><\/blockquote>[\/vc_column][\/vc_row][vc_row][vc_column]<div class=\"sc-youtube sc-wrapbox sc-wrapbox-style-default rounded-corners sc-wrapbox-position-below\" style=\"width: 100%;\"><div class=\"sc-wrapbox-inner sc-ratio-style\" style=\"padding-top: 50%\"><iframe loading=\"lazy\" class=\"sc-wrapbox-element img-responsive\" width=\"100%\" height=\"300\" frameborder=\"0\" scrolling=\"no\" marginheight=\"0\" marginwidth=\"0\" src=\"\/\/www.youtube.com\/embed\/OTQ4rPNLfhc?rel=0&amp;wmode=opaque\"><\/iframe><\/div><\/div>[vc_column_text]Inicialmente, utilizamos el <a href=\"https:\/\/xanthelasmaremoval.com\/es\/using-peels-in-clinics\/\">\u00c1cido tricoloroac\u00e9tico<\/a> en nuestro Xanthremover, despu\u00e9s de un tiempo encontramos un principal problema con eso. Aquel problema fue que uno o dos d\u00edas despu\u00e9s de la aplicaci\u00f3n del Xanthremover en los p\u00e1rpados superiores para eliminar el Xantelasma, se desarrollaron una inflamaci\u00f3n severa, lo cual era bastante preocupante para la mayor\u00eda de las personas, aunque la hinchaz\u00f3n desaparecer\u00eda por s\u00ed sola dentro de 5 d\u00edas a una semana como m\u00e1ximo. Adem\u00e1s, el \u00c1cido tricloroac\u00e9tico es relativamente dif\u00edcil de controlar, ya que se utiliza mejor con un neutralizador apropiado.<\/p>\n<p><strong>Inmediatamente, notamos este problema y comenzamos a trabajar para resolverlo prontamente.<\/strong>[\/vc_column_text][vc_row_inner][vc_column_inner width=\u00bb2\/3&#8243;][vc_column_text]Realizamos algunas investigaciones, <strong>afortunadamente encontramos un estudio, publicado por una universidad japonesa.<\/strong> Este estudio de investigaci\u00f3n, se mencion\u00f3 que se utiliz\u00f3 con \u00e9xito una soluci\u00f3n de \u00e1cido glic\u00f3lico al 90% para eliminar el xantelasma con una tasa de \u00e9xito extremadamente alta.<\/p>\n<p>Por lo tanto, le hemos pedido a uno de nuestros laboratorios que haga un gel a base de \u00e1cido glic\u00f3lico con un alto porcentaje del \u00e1cido del 70 al 95 por ciento.<\/p>\n<p>En las primeras etapas del gel a base de \u00e1cido glic\u00f3lico, descubrimos que era una soluci\u00f3n efectiva, pero a\u00fan as\u00ed, el \u00e1cido glic\u00f3lico no era tan efectivo como el <a href=\"https:\/\/xanthelasmaremoval.com\/es\/using-peels-in-clinics\/\">\u00c1cido tricloroac\u00e9tico<\/a>. As\u00ed que necesit\u00e1bamos otro ingrediente para mejorar este producto y la <strong>vitamina A<\/strong> es el ingrediente que est\u00e1bamos buscando.<\/p>\n<p>Investigamos m\u00e1s sobre la vitamina A, encontramos que la vitamina A est\u00e1 permitida en productos cosm\u00e9ticos dentro de un cierto porcentaje. Por lo tanto, estamos usando hoy en d\u00eda, vitamina A y \u00e1cido glic\u00f3lico en el Xanthremover.<\/p>\n<p>B\u00e1sicamente estamos usando dos ingredientes principales, el \u00e1cido glic\u00f3lico con un alto porcentaje\u00a0 del 70% al 95% y la vitamina A con una concentraci\u00f3n lo m\u00e1s alta permitida.[\/vc_column_text][\/vc_column_inner][vc_column_inner width=\u00bb1\/3&#8243;][vc_empty_space][vc_single_image image=\u00bb11837&#8243; img_size=\u00bbfull\u00bb onclick=\u00bblink_image\u00bb][\/vc_column_inner][\/vc_row_inner][\/vc_column][\/vc_row][vc_row css=\u00bb.vc_custom_1564143637494{background-image: url(https:\/\/xanthelasmaremoval.com\/wp-content\/uploads\/2019\/03\/bg_header.png?id=10873) !important;}\u00bb][vc_column][vc_row_inner][vc_column_inner width=\u00bb1\/2&#8243;][vc_column_text]<\/p>\n<h2 class=\"white\">Otros ingredientes<\/h2>\n<ul>\n<li class=\"white\"><span style=\"color: #ffffff;\"><a style=\"color: #ffffff;\" href=\"https:\/\/es.wikipedia.org\/wiki\/Poliacrilamida\">Poliacrilamida<\/a><\/span><\/li>\n<li><span style=\"color: #ffffff;\"><a style=\"color: #ffffff;\" href=\"https:\/\/cosmeticsinfo.org\/ingredient\/c13-14-isoparaffin\">C13- C14 Isoparafina<\/a><\/span><\/li>\n<li><span style=\"color: #ffffff;\">Laureth<\/span><\/li>\n<li><span style=\"color: #ffffff;\"><a style=\"color: #ffffff;\" href=\"https:\/\/es.wikipedia.org\/wiki\/Hidr%C3%B3xido_de_sodio\">Hidr\u00f3xido de sodio<\/a><\/span><\/li>\n<li><span style=\"color: #ffffff;\"><a style=\"color: #ffffff;\" href=\"https:\/\/es.wikipedia.org\/wiki\/Propilenglicol\">Propilenglicol<\/a><\/span><\/li>\n<li><span style=\"color: #ffffff;\"><a style=\"color: #ffffff;\" href=\"https:\/\/es.wikipedia.org\/wiki\/%C3%81cido_c%C3%A1prico\">Triglic\u00e9rido capr\u00edlico \/ c\u00e1prico<\/a><\/span><\/li>\n<li><span style=\"color: #ffffff;\"><a style=\"color: #ffffff;\" href=\"https:\/\/www.harpersbazaar.com\/es\/belleza\/piel-belleza\/g16026981\/retinol-todo-lo-que-quieres-saber-sobre-el-ingrediente-magico-de-la-cosmetica\/\">Retinol 1%<\/a><\/span><\/li>\n<\/ul>\n<p>[\/vc_column_text][\/vc_column_inner][vc_column_inner width=\u00bb1\/2&#8243;][vc_single_image image=\u00bb11848&#8243; img_size=\u00bbfull\u00bb onclick=\u00bblink_image\u00bb][\/vc_column_inner][\/vc_row_inner][\/vc_column][\/vc_row][vc_row][vc_column][vc_column_text]<\/p>\n<h2>La Vitamina A, el nuevo ingrediente del XanthRemover a base de \u00c1cido glic\u00f3lico.<\/h2>\n<p>Adem\u00e1s de los excelentes resultados del XanhtRemover a base de \u00e1cido glic\u00f3lico, quer\u00edamos que el producto a\u00fan fuera\u00a0 m\u00e1s efectivo para eliminar los Xantelasmas. De tal manera que sea efectivo para eliminar cualquier tipo de Xantelasma existente y al mismo tiempo hacer que nuestro sistema sea muy eficiente para cotizarle los recortes de costos hacia usted, nuestros clientes. El nuevo XanthRemover con la vitamina A es un producto est\u00e1ndar que funciona en todos los tipos de xantelesma y la piel.<\/p>\n<p><img loading=\"lazy\" decoding=\"async\" class=\"size-full wp-image-11788\" src=\"https:\/\/xanthelasmaremoval.com\/wp-content\/uploads\/2019\/07\/vitamin-a.jpg\" sizes=\"(max-width: 382px) 100vw, 382px\" srcset=\"https:\/\/xanthelasmaremoval.com\/wp-content\/uploads\/2019\/07\/vitamin-a.jpg 382w, https:\/\/xanthelasmaremoval.com\/wp-content\/uploads\/2019\/07\/vitamin-a-300x187.jpg 300w\" alt=\"\" width=\"382\" height=\"238\" \/><\/p>\n<p><strong>La Vitamina A<\/strong><\/p>\n<p>\u00bfC\u00f3mo nos ayuda la vitamina A a lograr esto? La vitamina A en los productos para la piel tiene una propiedad de estimulaci\u00f3n celular que la convierte en un potente exfoliante. El \u00e1cido glic\u00f3lico tiene la doble funci\u00f3n de disolver el xantelasma y al mismo tiempo abrir el tejido de xantelasma a la vitamina A. Una vez que la vitamina A entra en contacto con la base del xantelasma, se produce la estimulaci\u00f3n celular.<\/p>\n<p>A medida que esta estimulaci\u00f3n celular funciona, el Xantelsma se desprende de su base y se retira dejando en su lugar un agujero que va a\u00a0 cicatrizar por segunda intenci\u00f3n.<\/p>\n<p><strong>Una de las varias ventajas de usar el XanthRemover es que puede decidir cu\u00e1ndo est\u00e1 satisfecho con el resultado. Si cree que a\u00fan desea seguir eliminando un peque\u00f1o residuo del xantelasma, a\u00fan puede hacerlo, usted tiene el control de su tratamiento y puede continuar hasta que la eliminaci\u00f3n haya sido completada.<\/strong>[\/vc_column_text][\/vc_column][\/vc_row][vc_row][vc_column][vc_zigzag][\/vc_column][\/vc_row][vc_row][vc_column]<blockquote><p>El XanthRemover, mejor que cualquier otro producto \u00abC\u00f3mprelo ahora para eliminar su xantelasma\u00bb<\/p><\/blockquote>[\/vc_column][\/vc_row][vc_row][vc_column][vc_column_text]<\/p>\n<p>[\/vc_column_text][\/vc_column][\/vc_row][vc_row][vc_column width=\u00bb1\/2&#8243;]<\/p>\n<div class=\"pricing-table row inline-row inline-row-center pricing-table-style-1 button-icon-cart\">\n<div class=\"pricing-column-wrapper col-md-3 col-sm-4 col-xs-6 inline-column highlighted\">\n<div class=\"pricing-column\">\n<div class=\"pricing-title-wrapper\">\n<div class=\"pricing-title\">\n<div class=\"title-h3\">Orden normal<\/div>\n<div class=\"subtitle\">El mejor plan de precio \/ cantidad<\/div>\n<\/div>\n<div class=\"pricing-column-top-choice\">\n<div class=\"pricing-column-top-choice-text\">NUEVO<\/div>\n<\/div>\n<\/div>\n<div class=\"pricing-price-row\" >\n<div class=\"pricing-price\" style=\"font-size: 57px;color: #705b96;\">\n<div class=\"pricing-cost\">$13<\/div>\n<p><span class=\"time\">Por orden<\/span><\/div>\n<\/div>\n<div class=\"pricing-row  strike\">Con garant\u00eda de devoluci\u00f3n de dinero<\/div>\n<div class=\"pricing-row \">Incluye el env\u00edo a TODO EL MUNDO<\/div>\n<div class=\"pricing-row \">30ml de XanthRemover Gel<\/div>\n<div class=\"pricing-row \">Nuestro servicio completo de soporte en l\u00ednea<\/div>\n<div class=\"pricing-footer\"><a href=\"https:\/\/xanthelasmaremoval.com\/product\/xanth-remover-without-money-back-guarantee\/\" class=\"sc-button\">Ordene ya<\/a><\/div>\n<\/div>\n<\/div>\n<\/div>\n<p>[\/vc_column][vc_column width=\u00bb1\/2&#8243;]<\/p>\n<div class=\"pricing-table row inline-row inline-row-center pricing-table-style-1 button-icon-cart\">\n<div class=\"pricing-column-wrapper col-md-3 col-sm-4 col-xs-6 inline-column highlighted\">\n<div class=\"pricing-column\">\n<div class=\"pricing-title-wrapper\">\n<div class=\"pricing-title\">\n<div class=\"title-h3\">Plan avanzado<\/div>\n<div class=\"subtitle\">El mejor plan de precio \/ cantidad<\/div>\n<\/div>\n<div class=\"pricing-column-top-choice\">\n<div class=\"pricing-column-top-choice-text\">NUEVO<\/div>\n<\/div>\n<\/div>\n<div class=\"pricing-price-row\" >\n<div class=\"pricing-price\" style=\"font-size: 57px;color: #705b96;\">\n<div class=\"pricing-cost\">$39<\/div>\n<p><span class=\"time\">Por orden<\/span><\/div>\n<\/div>\n<div class=\"pricing-row \">Con garant\u00eda de devoluci\u00f3n de dinero<\/div>\n<div class=\"pricing-row \">Incluye env\u00edo a TODO EL MUNDO.<\/div>\n<div class=\"pricing-row \">30ml de XanthRemover Gel<\/div>\n<div class=\"pricing-row \">Nuestro servicio completo de soporte en l\u00ednea<\/div>\n<div class=\"pricing-footer\"><a href=\"https:\/\/xanthelasmaremoval.com\/product\/xanthe-remover\/\" class=\"sc-button\">Ordene ya.<\/a><\/div>\n<\/div>\n<\/div>\n<\/div>\n<p>[\/vc_column][\/vc_row]<\/p>","protected":false},"excerpt":{"rendered":"<p>[vc_row][vc_column][\/vc_column][\/vc_row][vc_row][vc_column][vc_column_text]Inicialmente, utilizamos el \u00c1cido tricoloroac\u00e9tico en nuestro Xanthremover, despu\u00e9s de un tiempo encontramos un principal problema con eso. Aquel problema&#8230;<\/p>\n","protected":false},"author":66,"featured_media":0,"parent":0,"menu_order":0,"comment_status":"closed","ping_status":"closed","template":"","meta":{"footnotes":""},"class_list":["post-11825","page","type-page","status-publish","hentry"],"yoast_head":"<!-- This site is optimized with the Yoast SEO plugin v24.3 - https:\/\/yoast.com\/wordpress\/plugins\/seo\/ -->\n<title>Los Ingredientes del Xanthremover  - Xanthelasma Removal<\/title>\n<meta name=\"robots\" content=\"index, follow, max-snippet:-1, max-image-preview:large, max-video-preview:-1\" \/>\n<link rel=\"canonical\" href=\"https:\/\/xanthelasmaremoval.com\/xanthremover-ingredients\/\" \/>\n<meta property=\"og:locale\" content=\"es_ES\" \/>\n<meta property=\"og:type\" content=\"article\" \/>\n<meta property=\"og:title\" content=\"[:en]Xanthremover Ingredients[:es]Los Ingredientes del Xanthremover [:] - Xanthelasma Removal\" \/>\n<meta property=\"og:description\" content=\"[vc_row][vc_column][\/vc_column][\/vc_row][vc_row][vc_column][vc_column_text]Inicialmente, utilizamos el \u00c1cido tricoloroac\u00e9tico en nuestro Xanthremover, despu\u00e9s de un tiempo encontramos un principal problema con eso. Aquel problema...\" \/>\n<meta property=\"og:url\" content=\"https:\/\/xanthelasmaremoval.com\/xanthremover-ingredients\/\" \/>\n<meta property=\"og:site_name\" content=\"Xanthelasma Removal\" \/>\n<meta property=\"article:modified_time\" content=\"2021-09-14T08:33:59+00:00\" \/>\n<meta property=\"og:image\" content=\"https:\/\/xanthelasmaremoval.com\/wp-content\/uploads\/2019\/07\/vitamin-a.jpg\" \/>\n<meta name=\"twitter:card\" content=\"summary_large_image\" \/>\n<meta name=\"twitter:label1\" content=\"Tiempo de lectura\" \/>\n\t<meta name=\"twitter:data1\" content=\"10 minutos\" \/>\n<script type=\"application\/ld+json\" class=\"yoast-schema-graph\">{\"@context\":\"https:\/\/schema.org\",\"@graph\":[{\"@type\":\"WebPage\",\"@id\":\"https:\/\/xanthelasmaremoval.com\/xanthremover-ingredients\/\",\"url\":\"https:\/\/xanthelasmaremoval.com\/xanthremover-ingredients\/\",\"name\":\"[:en]Xanthremover Ingredients[:es]Los Ingredientes del Xanthremover [:] - Xanthelasma Removal\",\"isPartOf\":{\"@id\":\"https:\/\/xanthelasmaremoval.com\/#website\"},\"primaryImageOfPage\":{\"@id\":\"https:\/\/xanthelasmaremoval.com\/xanthremover-ingredients\/#primaryimage\"},\"image\":{\"@id\":\"https:\/\/xanthelasmaremoval.com\/xanthremover-ingredients\/#primaryimage\"},\"thumbnailUrl\":\"https:\/\/xanthelasmaremoval.com\/wp-content\/uploads\/2019\/07\/vitamin-a.jpg\",\"datePublished\":\"2019-07-26T11:18:54+00:00\",\"dateModified\":\"2021-09-14T08:33:59+00:00\",\"breadcrumb\":{\"@id\":\"https:\/\/xanthelasmaremoval.com\/xanthremover-ingredients\/#breadcrumb\"},\"inLanguage\":\"es\",\"potentialAction\":[{\"@type\":\"ReadAction\",\"target\":[\"https:\/\/xanthelasmaremoval.com\/xanthremover-ingredients\/\"]}]},{\"@type\":\"ImageObject\",\"inLanguage\":\"es\",\"@id\":\"https:\/\/xanthelasmaremoval.com\/xanthremover-ingredients\/#primaryimage\",\"url\":\"https:\/\/xanthelasmaremoval.com\/wp-content\/uploads\/2019\/07\/vitamin-a.jpg\",\"contentUrl\":\"https:\/\/xanthelasmaremoval.com\/wp-content\/uploads\/2019\/07\/vitamin-a.jpg\"},{\"@type\":\"BreadcrumbList\",\"@id\":\"https:\/\/xanthelasmaremoval.com\/xanthremover-ingredients\/#breadcrumb\",\"itemListElement\":[{\"@type\":\"ListItem\",\"position\":1,\"name\":\"Home\",\"item\":\"https:\/\/xanthelasmaremoval.com\/\"},{\"@type\":\"ListItem\",\"position\":2,\"name\":\"Xanthremover Ingredients\"}]},{\"@type\":\"WebSite\",\"@id\":\"https:\/\/xanthelasmaremoval.com\/#website\",\"url\":\"https:\/\/xanthelasmaremoval.com\/\",\"name\":\"Xanthelasma Removal\",\"description\":\"The Xanthelasma Removal Solutions!\",\"potentialAction\":[{\"@type\":\"SearchAction\",\"target\":{\"@type\":\"EntryPoint\",\"urlTemplate\":\"https:\/\/xanthelasmaremoval.com\/?s={search_term_string}\"},\"query-input\":{\"@type\":\"PropertyValueSpecification\",\"valueRequired\":true,\"valueName\":\"search_term_string\"}}],\"inLanguage\":\"es\"}]}<\/script>\n<!-- \/ Yoast SEO plugin. -->","yoast_head_json":{"title":"[:en]Xanthremover Ingredients[:es]Los Ingredientes del Xanthremover [:] - Xanthelasma Removal","robots":{"index":"index","follow":"follow","max-snippet":"max-snippet:-1","max-image-preview":"max-image-preview:large","max-video-preview":"max-video-preview:-1"},"canonical":"https:\/\/xanthelasmaremoval.com\/xanthremover-ingredients\/","og_locale":"es_ES","og_type":"article","og_title":"[:en]Xanthremover Ingredients[:es]Los Ingredientes del Xanthremover [:] - Xanthelasma Removal","og_description":"[vc_row][vc_column][\/vc_column][\/vc_row][vc_row][vc_column][vc_column_text]Inicialmente, utilizamos el \u00c1cido tricoloroac\u00e9tico en nuestro Xanthremover, despu\u00e9s de un tiempo encontramos un principal problema con eso. Aquel problema...","og_url":"https:\/\/xanthelasmaremoval.com\/xanthremover-ingredients\/","og_site_name":"Xanthelasma Removal","article_modified_time":"2021-09-14T08:33:59+00:00","og_image":[{"url":"https:\/\/xanthelasmaremoval.com\/wp-content\/uploads\/2019\/07\/vitamin-a.jpg","type":"","width":"","height":""}],"twitter_card":"summary_large_image","twitter_misc":{"Tiempo de lectura":"10 minutos"},"schema":{"@context":"https:\/\/schema.org","@graph":[{"@type":"WebPage","@id":"https:\/\/xanthelasmaremoval.com\/xanthremover-ingredients\/","url":"https:\/\/xanthelasmaremoval.com\/xanthremover-ingredients\/","name":"[:en]Xanthremover Ingredients[:es]Los Ingredientes del Xanthremover [:] - Xanthelasma Removal","isPartOf":{"@id":"https:\/\/xanthelasmaremoval.com\/#website"},"primaryImageOfPage":{"@id":"https:\/\/xanthelasmaremoval.com\/xanthremover-ingredients\/#primaryimage"},"image":{"@id":"https:\/\/xanthelasmaremoval.com\/xanthremover-ingredients\/#primaryimage"},"thumbnailUrl":"https:\/\/xanthelasmaremoval.com\/wp-content\/uploads\/2019\/07\/vitamin-a.jpg","datePublished":"2019-07-26T11:18:54+00:00","dateModified":"2021-09-14T08:33:59+00:00","breadcrumb":{"@id":"https:\/\/xanthelasmaremoval.com\/xanthremover-ingredients\/#breadcrumb"},"inLanguage":"es","potentialAction":[{"@type":"ReadAction","target":["https:\/\/xanthelasmaremoval.com\/xanthremover-ingredients\/"]}]},{"@type":"ImageObject","inLanguage":"es","@id":"https:\/\/xanthelasmaremoval.com\/xanthremover-ingredients\/#primaryimage","url":"https:\/\/xanthelasmaremoval.com\/wp-content\/uploads\/2019\/07\/vitamin-a.jpg","contentUrl":"https:\/\/xanthelasmaremoval.com\/wp-content\/uploads\/2019\/07\/vitamin-a.jpg"},{"@type":"BreadcrumbList","@id":"https:\/\/xanthelasmaremoval.com\/xanthremover-ingredients\/#breadcrumb","itemListElement":[{"@type":"ListItem","position":1,"name":"Home","item":"https:\/\/xanthelasmaremoval.com\/"},{"@type":"ListItem","position":2,"name":"Xanthremover Ingredients"}]},{"@type":"WebSite","@id":"https:\/\/xanthelasmaremoval.com\/#website","url":"https:\/\/xanthelasmaremoval.com\/","name":"Xanthelasma Removal","description":"The Xanthelasma Removal Solutions!","potentialAction":[{"@type":"SearchAction","target":{"@type":"EntryPoint","urlTemplate":"https:\/\/xanthelasmaremoval.com\/?s={search_term_string}"},"query-input":{"@type":"PropertyValueSpecification","valueRequired":true,"valueName":"search_term_string"}}],"inLanguage":"es"}]}},"_links":{"self":[{"href":"https:\/\/xanthelasmaremoval.com\/es\/wp-json\/wp\/v2\/pages\/11825"}],"collection":[{"href":"https:\/\/xanthelasmaremoval.com\/es\/wp-json\/wp\/v2\/pages"}],"about":[{"href":"https:\/\/xanthelasmaremoval.com\/es\/wp-json\/wp\/v2\/types\/page"}],"author":[{"embeddable":true,"href":"https:\/\/xanthelasmaremoval.com\/es\/wp-json\/wp\/v2\/users\/66"}],"replies":[{"embeddable":true,"href":"https:\/\/xanthelasmaremoval.com\/es\/wp-json\/wp\/v2\/comments?post=11825"}],"version-history":[{"count":65,"href":"https:\/\/xanthelasmaremoval.com\/es\/wp-json\/wp\/v2\/pages\/11825\/revisions"}],"predecessor-version":[{"id":14130,"href":"https:\/\/xanthelasmaremoval.com\/es\/wp-json\/wp\/v2\/pages\/11825\/revisions\/14130"}],"wp:attachment":[{"href":"https:\/\/xanthelasmaremoval.com\/es\/wp-json\/wp\/v2\/media?parent=11825"}],"curies":[{"name":"wp","href":"https:\/\/api.w.org\/{rel}","templated":true}]}}