{"id":11975,"date":"2019-07-29T11:08:18","date_gmt":"2019-07-29T11:08:18","guid":{"rendered":"https:\/\/xanthelasmaremoval.com\/?page_id=11975"},"modified":"2020-09-27T22:24:42","modified_gmt":"2020-09-27T22:24:42","slug":"xanthelasma-treatments","status":"publish","type":"page","link":"https:\/\/xanthelasmaremoval.com\/es\/xanthelasma-treatments\/","title":{"rendered":"Los diferentes tratamientos de los Xantelasmas"},"content":{"rendered":"<p>[vc_row][vc_column]<div class=\"sc-youtube sc-wrapbox sc-wrapbox-style-default rounded-corners sc-wrapbox-position-below\" style=\"width: 100%;\"><div class=\"sc-wrapbox-inner sc-ratio-style\" style=\"padding-top: 50%\"><iframe loading=\"lazy\" class=\"sc-wrapbox-element img-responsive\" width=\"100%\" height=\"300\" frameborder=\"0\" scrolling=\"no\" marginheight=\"0\" marginwidth=\"0\" src=\"\/\/www.youtube.com\/embed\/7tGxBqgmVN4?rel=0&amp;wmode=opaque\"><\/iframe><\/div><\/div>[vc_zigzag][\/vc_column][\/vc_row][vc_row][vc_column width=\u00bb1\/2&#8243;][vc_column_text]<\/p>\n<h2>Las diferentes opciones para tratar los xantelasmas<\/h2>\n<p>[\/vc_column_text]<div class=\"sc-youtube sc-wrapbox sc-wrapbox-style-default rounded-corners sc-wrapbox-position-below\" style=\"width: 100%;\"><div class=\"sc-wrapbox-inner sc-ratio-style\" style=\"padding-top: 50%\"><iframe loading=\"lazy\" class=\"sc-wrapbox-element img-responsive\" width=\"100%\" height=\"300\" frameborder=\"0\" scrolling=\"no\" marginheight=\"0\" marginwidth=\"0\" src=\"\/\/www.youtube.com\/embed\/TqoJhav2F58?rel=0&amp;wmode=opaque\"><\/iframe><\/div><\/div>[\/vc_column][vc_column width=\u00bb1\/2&#8243;][vc_column_text]<\/p>\n<h2>Los diferentes tratamientos y sus respectivos costos<\/h2>\n<p>[\/vc_column_text]<div class=\"sc-youtube sc-wrapbox sc-wrapbox-style-default rounded-corners sc-wrapbox-position-below\" style=\"width: 100%;\"><div class=\"sc-wrapbox-inner sc-ratio-style\" style=\"padding-top: 50%\"><iframe loading=\"lazy\" class=\"sc-wrapbox-element img-responsive\" width=\"100%\" height=\"300\" frameborder=\"0\" scrolling=\"no\" marginheight=\"0\" marginwidth=\"0\" src=\"\/\/www.youtube.com\/embed\/qAW9liGig7Q?rel=0&amp;wmode=opaque\"><\/iframe><\/div><\/div>[\/vc_column][\/vc_row][vc_row full_width=\u00bbstretch_row\u00bb css=\u00bb.vc_custom_1564409877247{background-image: url(https:\/\/xanthelasmaremoval.com\/wp-content\/uploads\/2019\/03\/bg_header.png?id=10873) !important;}\u00bb][vc_column width=\u00bb1\/2&#8243;][vc_column_text]<\/p>\n<h3 class=\"white\">Tipos de tratamientos que han demostrado su eficacia<\/h3>\n<p>[\/vc_column_text][vc_column_text]<span style=\"color: #ffffff;\"><strong>Los tratamientos disponibles que est\u00e1n cient\u00edficamente comprobados y que funcionan son:<\/strong><\/span><\/p>\n<ul>\n<li class=\"white\"><span style=\"color: #ffffff;\"><a style=\"color: #ffffff;\" href=\"https:\/\/www.ncbi.nlm.nih.gov\/pmc\/articles\/PMC3723999\/\">LA Escisi\u00f3n quir\u00fargica<\/a>.<\/span><\/li>\n<li class=\"white\"><span style=\"color: #ffffff;\"><a style=\"color: #ffffff;\" href=\"https:\/\/xanthelasmaremoval.com\/xanthelasma-laser-treatment\/\">La Eliminaci\u00f3n con l\u00e1seres,<\/a><\/span><\/li>\n<li class=\"white\"><span style=\"color: #ffffff;\"><a style=\"color: #ffffff;\" href=\"https:\/\/xanthelasmaremoval.com\/xanthelasma-electrolysis\/\">El Arco el\u00e9ctrico \/ La Electr\u00f3lisis<\/a><\/span><\/li>\n<li class=\"white\"><span style=\"color: #ffffff;\"><a class=\"white\" style=\"color: #ffffff;\" href=\"https:\/\/xanthelasmaremoval.com\/using-peels-in-clinics\/\">Los Peelings qu\u00edmicos<\/a><\/span><\/li>\n<\/ul>\n<p><span style=\"color: #ffffff;\"><strong>Tambi\u00e9n existen otros tratamientos que se han mencionado y que pueden funcionar, sin embargo, no han dado lugar a resultados consistentes.<\/strong><\/span><\/p>\n<p><span style=\"color: #ffffff;\"><strong>Estos son:<\/strong><\/span><\/p>\n<ul>\n<li><span style=\"color: #ffffff;\">La Crioterapia<\/span><\/li>\n<li><span style=\"color: #ffffff;\">El uso de aceite de ricino<\/span><\/li>\n<li><span style=\"color: #ffffff;\">Tratamientos a base de ajo<\/span><\/li>\n<\/ul>\n<p>[\/vc_column_text][\/vc_column][vc_column width=\u00bb1\/2&#8243;][vc_column_text]<\/p>\n<h3 class=\"white\">\u00bfCu\u00e1les son las posibilidades de que se generen cicatrices despu\u00e9s de los tratamientos con xantelasma?<\/h3>\n<p>[\/vc_column_text][vc_column_text]<span style=\"color: #ffffff;\"><strong>Las posibilidades de generar cicatrices despu\u00e9s de someterse a un tratamiento con xantelasma dependen de<\/strong><\/span><\/p>\n<ul>\n<li><span style=\"color: #ffffff;\">El Tipo de tratamiento<\/span><\/li>\n<li><span style=\"color: #ffffff;\">Si caus\u00f3 alg\u00fan tipo de da\u00f1o a la dermis durante el tratamiento.<\/span><\/li>\n<li><span style=\"color: #ffffff;\">Si hay infecciones posteriores al tratamiento<\/span><\/li>\n<\/ul>\n<p>[\/vc_column_text][\/vc_column][\/vc_row][vc_row][vc_column][vc_column_text]<\/p>\n<h2>Peelings con \u00e1cido tricloroac\u00e9tico o TCA en cl\u00ednicas.<\/h2>\n<p>El \u00e1cido tricloroac\u00e9tico permite una f\u00e1cil eliminaci\u00f3n del xantelasma, generalmente en uno o dos tratamientos. Esto hace que el producto tenga mucho \u00e9xito en las cl\u00ednicas cosm\u00e9ticas porque el cliente puede ver los resultados poco despu\u00e9s de la primera sesi\u00f3n y estos resultados se obtienen en un per\u00edodo de tiempo\u00a0 corto. Sin embargo, el \u00e1cido tricloroac\u00e9tico no es muy f\u00e1cil de controlar y en comparaci\u00f3n con otros tipos de peelings cosm\u00e9ticos, podr\u00eda ser demasiado agresivo en ciertos tipos de piel y m\u00e1s propenso a causar hipo o hiperpigmentaci\u00f3n que otros peelings. Puede que no sea la mejor opci\u00f3n para el uso dom\u00e9stico, dado que existen peelings m\u00e1s suaves y disponibles en el mercado que son m\u00e1s f\u00e1ciles de controlar. Sin embargo, varias personas han comprado el peeling con \u00e1cido tricloroac\u00e9tico y han eliminado su Xantelasma desde su propia casa.[\/vc_column_text][vc_row_inner][vc_column_inner width=\u00bb1\/2&#8243;]<div class=\"sc-youtube sc-wrapbox sc-wrapbox-style-4 rounded-corners sc-wrapbox-position-below\" style=\"width: 100%;\"><div class=\"sc-wrapbox-inner sc-ratio-style\" style=\"padding-top: 75%\"><iframe loading=\"lazy\" class=\"sc-wrapbox-element img-responsive\" width=\"100%\" height=\"300\" frameborder=\"0\" scrolling=\"no\" marginheight=\"0\" marginwidth=\"0\" src=\"\/\/www.youtube.com\/embed\/cB9mxlevqqw?rel=0&amp;wmode=opaque\"><\/iframe><\/div><\/div>[\/vc_column_inner][vc_column_inner width=\u00bb1\/2&#8243;]<div class=\"sc-youtube sc-wrapbox sc-wrapbox-style-4 rounded-corners sc-wrapbox-position-below\" style=\"width: 100%;\"><div class=\"sc-wrapbox-inner sc-ratio-style\" style=\"padding-top: 75%\"><iframe loading=\"lazy\" class=\"sc-wrapbox-element img-responsive\" width=\"100%\" height=\"300\" frameborder=\"0\" scrolling=\"no\" marginheight=\"0\" marginwidth=\"0\" src=\"\/\/www.youtube.com\/embed\/gqvslJyTjIg?rel=0&amp;wmode=opaque\"><\/iframe><\/div><\/div>[\/vc_column_inner][\/vc_row_inner][vc_btn title=\u00bbM\u00e1s informaci\u00f3n sobre los tratamientos con \u00e1cido tricloroac\u00e9tico\u00bb color=\u00bbprimary\u00bb link=\u00bburl:http%3A%2F%2Fxanthelasmaremoval.com%2Fusing-peels-in-clinics%2F|||\u00bb][\/vc_column][\/vc_row][vc_row full_width=\u00bbstretch_row\u00bb css=\u00bb.vc_custom_1564477720607{background-image: url(https:\/\/xanthelasmaremoval.com\/wp-content\/uploads\/2019\/03\/bg_header.png?id=10873) !important;}\u00bb][vc_column][vc_row_inner][vc_column_inner][vc_column_text]<\/p>\n<h2 class=\"white\">Tratamiento de xantelasmas con l\u00e1ser<\/h2>\n<p class=\"white\">El tratamiento de xantelasmas con l\u00e1ser son muy eficaces para eliminar los xantelasmas, pero es de un alto costo. Este m\u00e9todo de eliminaci\u00f3n de xantelasma con l\u00e1ser\u00a0 es similar a la electr\u00f3lisis o el arco el\u00e9ctrico para la eliminaci\u00f3n del xantelasma, pero es un poco m\u00e1s dif\u00edcil de realizar,\u00a0 peligroso y de mucho cuidado.<\/p>\n<p>[\/vc_column_text][vc_btn title=\u00bbM\u00e1s informaci\u00f3n sobre los tratamientos con l\u00e1seres\u00bb color=\u00bbprimary\u00bb link=\u00bburl:http%3A%2F%2Fxanthelasmaremoval.com%2Fxanthelasma-laser-treatment%2F|||\u00bb]<div class=\"sc-youtube sc-wrapbox sc-wrapbox-style-4 rounded-corners sc-wrapbox-position-below\" style=\"width: 100%;\"><div class=\"sc-wrapbox-inner sc-ratio-style\" style=\"padding-top: 50%\"><iframe loading=\"lazy\" class=\"sc-wrapbox-element img-responsive\" width=\"100%\" height=\"300\" frameborder=\"0\" scrolling=\"no\" marginheight=\"0\" marginwidth=\"0\" src=\"\/\/www.youtube.com\/embed\/Ume6u785oJU?rel=0&amp;wmode=opaque\"><\/iframe><\/div><\/div>[\/vc_column_inner][\/vc_row_inner][\/vc_column][\/vc_row][vc_row][vc_column width=\u00bb1\/2&#8243;][vc_column_text]<\/p>\n<h2 style=\"text-align: justify;\">La escisi\u00f3n quir\u00fargica del xantelasma<\/h2>\n<p style=\"text-align: justify;\"><strong>Escisi\u00f3n del xantelasma con un bistur<\/strong>\u00ed<\/p>\n<p style=\"text-align: justify;\">Este es el m\u00e9todo m\u00e1s antiguo para eliminar el xantelasma. Consiste en utilizar el mismo procedimiento que se utiliza para la escisi\u00f3n de c\u00e1ncer de piel. Este es un procedimiento muy eficaz para eliminar el xantelasma en una sesi\u00f3n. Sin embargo, es muy invasivo:<\/p>\n<ul>\n<li style=\"text-align: justify;\">El sangrado ocurrir\u00e1 inevitablemente durante el procedimiento quir\u00fargico.<\/li>\n<li style=\"text-align: justify;\">El uso de anest\u00e9sico local es obligatorio<\/li>\n<li style=\"text-align: justify;\">Hay riesgos de infecciones.<\/li>\n<li style=\"text-align: justify;\">El procedimiento inevitablemente dejar\u00e1 cicatrices al paciente.<\/li>\n<\/ul>\n<p>[\/vc_column_text][vc_column_text]<\/p>\n<p style=\"text-align: justify;\">Este tipo de procedimiento debe evitarse debido a las altas posibilidades de generar cicatrices. Dadas todas las t\u00e9cnicas modernas descubiertas disponibles, no hay ninguna raz\u00f3n para seguir utilizando este tipo de tratamiento.<\/p>\n<p>[\/vc_column_text][vc_btn title=\u00bbLeer m\u00e1s\u00bb color=\u00bbprimary\u00bb link=\u00bburl:https%3A%2F%2Fwww.ncbi.nlm.nih.gov%2Fpmc%2Farticles%2FPMC3723999%2F|||\u00bb][\/vc_column][vc_column width=\u00bb1\/2&#8243;][vc_single_image image=\u00bb10734&#8243; img_size=\u00bbfull\u00bb][vc_column_text]<strong>Cicatrices despu\u00e9s de la escisi\u00f3n con bistur\u00ed<\/strong>[\/vc_column_text][vc_row_inner][vc_column_inner width=\u00bb1\/2&#8243;][vc_single_image image=\u00bb10731&#8243; img_size=\u00bbfull\u00bb alignment=\u00bbcenter\u00bb style=\u00bbvc_box_outline\u00bb][vc_column_text]<strong>La Escisi\u00f3n con bistur\u00ed que debe evitarse<\/strong>[\/vc_column_text][\/vc_column_inner][vc_column_inner width=\u00bb1\/2&#8243;][vc_single_image image=\u00bb10732&#8243; img_size=\u00bbfull\u00bb alignment=\u00bbcenter\u00bb style=\u00bbvc_box_outline\u00bb][vc_column_text]<strong>Cicatriz visible del Xantelasma dejada por la escisi\u00f3con bistur\u00ed\u00a0<\/strong>[\/vc_column_text][\/vc_column_inner][\/vc_row_inner][\/vc_column][\/vc_row][vc_row][vc_column][vc_zigzag][vc_column_text]<\/p>\n<h3>La eliminaci\u00f3n del Xantelasma usando el arco el\u00e9ctrico<\/h3>\n<p>[\/vc_column_text][vc_row_inner][vc_column_inner width=\u00bb2\/3&#8243;][vc_column_text]El arco el\u00e9ctrico, tambi\u00e9n conocido como fibroblasto, es una de las nuevas formas rentables de eliminar los xantelasmas. Este m\u00e9todo se ha vuelto cada vez m\u00e1s popular a partir de 2015 y ha revolucionado la forma de eliminar el xantelasma en las cl\u00ednicas est\u00e9ticas porque es econ\u00f3mico, f\u00e1cil de realizar y raras veces genera alguna cicatriz.<\/p>\n<p><strong>En est\u00e9tica, adem\u00e1s de la eliminaci\u00f3n del xantelasam, el arco el\u00e9ctrico tambi\u00e9n se utiliza para<\/strong>:<\/p>\n<ul>\n<li>Eliminaci\u00f3n de tatuajes<\/li>\n<li>Estiramiento de la piel<\/li>\n<li>Eliminaci\u00f3n de lunares benignos<\/li>\n<li>Eliminaci\u00f3n de lesiones de piel y mucho mas<\/li>\n<\/ul>\n<p>[\/vc_column_text][vc_btn title=\u00bbleer m\u00e1s\u00bb color=\u00bbprimary\u00bb link=\u00bburl:http%3A%2F%2Fvoltaicplasma.com%2Fxanthelasma-removal%2F|||\u00bb][\/vc_column_inner][vc_column_inner width=\u00bb1\/3&#8243;][vc_column_text]https:\/\/youtu.be\/Wjsq5Eztjuk[\/vc_column_text][\/vc_column_inner][\/vc_row_inner][vc_zigzag][vc_row_inner][vc_column_inner width=\u00bb1\/2&#8243;]<div class=\"sc-youtube sc-wrapbox sc-wrapbox-style-default rounded-corners sc-wrapbox-position-below\" style=\"width: 100%;\"><div class=\"sc-wrapbox-inner sc-ratio-style\" style=\"padding-top: 50%\"><iframe loading=\"lazy\" class=\"sc-wrapbox-element img-responsive\" width=\"100%\" height=\"300\" frameborder=\"0\" scrolling=\"no\" marginheight=\"0\" marginwidth=\"0\" src=\"\/\/www.youtube.com\/embed\/9yxSUn1_OuE?rel=0&amp;wmode=opaque\"><\/iframe><\/div><\/div>[\/vc_column_inner][vc_column_inner width=\u00bb1\/2&#8243;]<div class=\"sc-youtube sc-wrapbox sc-wrapbox-style-default rounded-corners sc-wrapbox-position-below\" style=\"width: 100%;height: 300px;\"><div class=\"sc-wrapbox-inner\"><iframe loading=\"lazy\" class=\"sc-wrapbox-element img-responsive\" width=\"100%\" height=\"300\" frameborder=\"0\" scrolling=\"no\" marginheight=\"0\" marginwidth=\"0\" src=\"\/\/www.youtube.com\/embed\/sndtpRt8Rrc?rel=0&amp;wmode=opaque\"><\/iframe><\/div><\/div>[\/vc_column_inner][\/vc_row_inner][\/vc_column][\/vc_row][vc_row full_width=\u00bbstretch_row\u00bb el_class=\u00bbbg-own\u00bb][vc_column][vc_row_inner][vc_column_inner width=\u00bb1\/3&#8243;][vc_single_image image=\u00bb11445&#8243; img_size=\u00bbfull\u00bb][\/vc_column_inner][vc_column_inner width=\u00bb2\/3&#8243;][vc_column_text]<\/p>\n<h2>Eliminaci\u00f3n del xantelasma por crioterapia<\/h2>\n<p>Este tratamiento de eliminaci\u00f3n implica congelar el xantelasma con <a href=\"https:\/\/www.ncbi.nlm.nih.gov\/pmc\/articles\/PMC5921443\/#sec2-4\">nitr\u00f3geno l\u00edquido u otro qu\u00edmico<\/a>. Lo que tambi\u00e9n se conoce como crioterapia. El tratamiento con nitr\u00f3geno l\u00edquido para quitar el xantelasma se conoce como ablaci\u00f3n o quemadura con crioxantelasma, y ver\u00e1 que esta opci\u00f3n aparece muy de vez en cuando. Sin embargo, los peligros de aplicar temperaturas extremadamente bajas en los p\u00e1rpados puede generar resultados decepcionantes que han hecho que este tratamiento de eliminaci\u00f3n sea el menos favorecido: es demasiado peligroso, destructivo y los resultados no son confiables.[\/vc_column_text][\/vc_column_inner][\/vc_row_inner][vc_column_text]<\/p>\n<div class=\"tlid-input input\">\n<div class=\"source-wrap\">\n<div class=\"input-full-height-wrapper tlid-input-full-height-wrapper\">\n<div class=\"source-input\">\n<div class=\"source-footer-wrap source-or-target-footer\">\n<div class=\"character-count tlid-character-count\"><\/div>\n<\/div>\n<\/div>\n<\/div>\n<\/div>\n<\/div>\n<div class=\"tlid-results-container results-container\">\n<div class=\"tlid-result result-dict-wrapper\">\n<div class=\"result tlid-copy-target\">\n<div class=\"result-header\">\n<div class=\"starbutton jfk-button-flat jfk-button unstarred\" tabindex=\"0\" role=\"button\" aria-label=\"Destacar traducci\u00f3n\" data-tooltip=\"Destacar traducci\u00f3n\" data-tooltip-align=\"t,c\">\n<div class=\"jfk-button-img\"><strong><span title=\"\">Los efectos de la crioterapia son dif\u00edciles de controlar.<\/span> <span class=\"\" title=\"\">Por lo tanto, aunque se ha adoptado como tratamiento de xantelasma en algunas cl\u00ednicas, no aconsejamos utilizarlo para la eliminaci\u00f3n de xantelasma por dos razones:<\/span><\/strong><\/div>\n<\/div>\n<\/div>\n<\/div>\n<\/div>\n<\/div>\n<ul>\n<li>Es un peligro potencial relativamente alto para los ojos (incluso con protectores oculares normales utilizados para proteger los ojos durante el tratamiento con l\u00e1ser no pueden proteger los ojos contra el fr\u00edo profundo de la criocirug\u00eda).<\/li>\n<li>Este tratamiento presenta la mayor probabilidad de que no sea muy adecuado ni eficaz.<\/li>\n<\/ul>\n<p><strong>Los riesgos de infecci\u00f3n despu\u00e9s del procedimiento son relativamente bajos.<\/strong>[\/vc_column_text][vc_btn title=\u00bbLea m\u00e1s sobre la crioterapia\u00bb color=\u00bbprimary\u00bb link=\u00bburl:http%3A%2F%2Fxanthelasmaremoval.com%2Ffreezing-xanthelasma-treatment%2F|||\u00bb][\/vc_column][\/vc_row][vc_row full_width=\u00bbstretch_row\u00bb css=\u00bb.vc_custom_1564400123043{background-image: url(https:\/\/xanthelasmaremoval.com\/wp-content\/uploads\/2019\/03\/bg_header.png?id=10873) !important;}\u00bb][vc_column][vc_row_inner][vc_column_inner width=\u00bb2\/3&#8243;][vc_column_text]<\/p>\n<h2 class=\"white\">Tratamiento del xantelasma con aceite de ricino<\/h2>\n<p class=\"white\">Hay varias formas muy efectivas de eliminar el xantelasma, sin embargo, ciertas personas preferieren una forma m\u00e1s natural de tratar los xantelasmas, lo que conlleva a considerar el aceite de ricino. Aunque no se ha demostrado que sea muy eficaz para la eliminaci\u00f3n del xantelasma, definitivamente vale la pena intentarlo.<\/p>\n<p>[\/vc_column_text][vc_btn title=\u00bbLea mas sobre el tratamiento con aceite de ricino\u00bb color=\u00bbprimary\u00bb link=\u00bburl:http%3A%2F%2Fxanthelasmaremoval.com%2Fxanthoma-treatment-with-castor-oil%2F|||\u00bb][\/vc_column_inner][vc_column_inner width=\u00bb1\/3&#8243;][vc_single_image image=\u00bb11661&#8243; img_size=\u00bbfull\u00bb][\/vc_column_inner][\/vc_row_inner][\/vc_column][\/vc_row][vc_row][vc_column][vc_row_inner][vc_column_inner width=\u00bb1\/3&#8243;][vc_single_image image=\u00bb11567&#8243; img_size=\u00bbfull\u00bb][\/vc_column_inner][vc_column_inner width=\u00bb2\/3&#8243;][vc_column_text]<\/p>\n<h2>Tratamento del xantelasma a base de ajo<\/h2>\n<p>El ajo reduce el colesterol y la presi\u00f3n arterial. No hace ning\u00fan da\u00f1o comer dientes de ajo en un intento por subsanar el xantelasma, ya que puede ayudarle a bajar los niveles de colesterol y tiene otros beneficios para la salud, es una gran opci\u00f3n para mejorar la salud y reducir los efectos perjudiciales del nivel de colesterol alto. Ciertas personas han informado que el uso del ajo de cierta manera es efectivo para eliminar el xantelasma desde la casa, sin embargo, los resultados son muy inconsistentes y no hay fundamentos s\u00f3lidos para corroborarlo.[\/vc_column_text][vc_btn title=\u00bbLea todo sobre el tratamiento del xantelasma a base de ajo\u00bb color=\u00bbprimary\u00bb link=\u00bburl:http%3A%2F%2Fxanthelasmaremoval.com%2Fgarlic-solutions%2F|||\u00bb][\/vc_column_inner][\/vc_row_inner][\/vc_column][\/vc_row][vc_row][vc_column][vc_zigzag][\/vc_column][\/vc_row]<\/p>","protected":false},"excerpt":{"rendered":"<p>[vc_row][vc_column][vc_zigzag][\/vc_column][\/vc_row][vc_row][vc_column width=\u00bb1\/2&#8243;][vc_column_text] Las diferentes opciones para tratar los xantelasmas [\/vc_column_text][\/vc_column][vc_column width=\u00bb1\/2&#8243;][vc_column_text] Los diferentes tratamientos y sus respectivos costos [\/vc_column_text][\/vc_column][\/vc_row][vc_row full_width=\u00bbstretch_row\u00bb&#8230;<\/p>\n","protected":false},"author":66,"featured_media":0,"parent":0,"menu_order":0,"comment_status":"closed","ping_status":"closed","template":"","meta":{"footnotes":""},"class_list":["post-11975","page","type-page","status-publish","hentry"],"yoast_head":"<!-- This site is optimized with the Yoast SEO plugin v24.3 - https:\/\/yoast.com\/wordpress\/plugins\/seo\/ -->\n<title>Los diferentes tratamientos de los Xantelasmas - Xanthelasma Removal<\/title>\n<meta name=\"robots\" content=\"index, follow, max-snippet:-1, max-image-preview:large, max-video-preview:-1\" \/>\n<link rel=\"canonical\" href=\"https:\/\/xanthelasmaremoval.com\/xanthelasma-treatments\/\" \/>\n<meta property=\"og:locale\" content=\"es_ES\" \/>\n<meta property=\"og:type\" content=\"article\" \/>\n<meta property=\"og:title\" content=\"[:en]Xanthelasma Treatments[:es]Los diferentes tratamientos de los Xantelasmas[:] - Xanthelasma Removal\" \/>\n<meta property=\"og:description\" content=\"[vc_row][vc_column][vc_zigzag][\/vc_column][\/vc_row][vc_row][vc_column width=\u00bb1\/2&#8243;][vc_column_text] Las diferentes opciones para tratar los xantelasmas [\/vc_column_text][\/vc_column][vc_column width=\u00bb1\/2&#8243;][vc_column_text] Los diferentes tratamientos y sus respectivos costos [\/vc_column_text][\/vc_column][\/vc_row][vc_row full_width=\u00bbstretch_row\u00bb...\" \/>\n<meta property=\"og:url\" content=\"https:\/\/xanthelasmaremoval.com\/xanthelasma-treatments\/\" \/>\n<meta property=\"og:site_name\" content=\"Xanthelasma Removal\" \/>\n<meta property=\"article:modified_time\" content=\"2020-09-27T22:24:42+00:00\" \/>\n<meta name=\"twitter:card\" content=\"summary_large_image\" \/>\n<meta name=\"twitter:label1\" content=\"Tiempo de lectura\" \/>\n\t<meta name=\"twitter:data1\" content=\"24 minutos\" \/>\n<script type=\"application\/ld+json\" class=\"yoast-schema-graph\">{\"@context\":\"https:\/\/schema.org\",\"@graph\":[{\"@type\":\"WebPage\",\"@id\":\"https:\/\/xanthelasmaremoval.com\/xanthelasma-treatments\/\",\"url\":\"https:\/\/xanthelasmaremoval.com\/xanthelasma-treatments\/\",\"name\":\"[:en]Xanthelasma Treatments[:es]Los diferentes tratamientos de los Xantelasmas[:] - Xanthelasma Removal\",\"isPartOf\":{\"@id\":\"https:\/\/xanthelasmaremoval.com\/#website\"},\"datePublished\":\"2019-07-29T11:08:18+00:00\",\"dateModified\":\"2020-09-27T22:24:42+00:00\",\"breadcrumb\":{\"@id\":\"https:\/\/xanthelasmaremoval.com\/xanthelasma-treatments\/#breadcrumb\"},\"inLanguage\":\"es\",\"potentialAction\":[{\"@type\":\"ReadAction\",\"target\":[\"https:\/\/xanthelasmaremoval.com\/xanthelasma-treatments\/\"]}]},{\"@type\":\"BreadcrumbList\",\"@id\":\"https:\/\/xanthelasmaremoval.com\/xanthelasma-treatments\/#breadcrumb\",\"itemListElement\":[{\"@type\":\"ListItem\",\"position\":1,\"name\":\"Home\",\"item\":\"https:\/\/xanthelasmaremoval.com\/\"},{\"@type\":\"ListItem\",\"position\":2,\"name\":\"Xanthelasma Treatments\"}]},{\"@type\":\"WebSite\",\"@id\":\"https:\/\/xanthelasmaremoval.com\/#website\",\"url\":\"https:\/\/xanthelasmaremoval.com\/\",\"name\":\"Xanthelasma Removal\",\"description\":\"The Xanthelasma Removal Solutions!\",\"potentialAction\":[{\"@type\":\"SearchAction\",\"target\":{\"@type\":\"EntryPoint\",\"urlTemplate\":\"https:\/\/xanthelasmaremoval.com\/?s={search_term_string}\"},\"query-input\":{\"@type\":\"PropertyValueSpecification\",\"valueRequired\":true,\"valueName\":\"search_term_string\"}}],\"inLanguage\":\"es\"}]}<\/script>\n<!-- \/ Yoast SEO plugin. -->","yoast_head_json":{"title":"[:en]Xanthelasma Treatments[:es]Los diferentes tratamientos de los Xantelasmas[:] - Xanthelasma Removal","robots":{"index":"index","follow":"follow","max-snippet":"max-snippet:-1","max-image-preview":"max-image-preview:large","max-video-preview":"max-video-preview:-1"},"canonical":"https:\/\/xanthelasmaremoval.com\/xanthelasma-treatments\/","og_locale":"es_ES","og_type":"article","og_title":"[:en]Xanthelasma Treatments[:es]Los diferentes tratamientos de los Xantelasmas[:] - Xanthelasma Removal","og_description":"[vc_row][vc_column][vc_zigzag][\/vc_column][\/vc_row][vc_row][vc_column width=\u00bb1\/2&#8243;][vc_column_text] Las diferentes opciones para tratar los xantelasmas [\/vc_column_text][\/vc_column][vc_column width=\u00bb1\/2&#8243;][vc_column_text] Los diferentes tratamientos y sus respectivos costos [\/vc_column_text][\/vc_column][\/vc_row][vc_row full_width=\u00bbstretch_row\u00bb...","og_url":"https:\/\/xanthelasmaremoval.com\/xanthelasma-treatments\/","og_site_name":"Xanthelasma Removal","article_modified_time":"2020-09-27T22:24:42+00:00","twitter_card":"summary_large_image","twitter_misc":{"Tiempo de lectura":"24 minutos"},"schema":{"@context":"https:\/\/schema.org","@graph":[{"@type":"WebPage","@id":"https:\/\/xanthelasmaremoval.com\/xanthelasma-treatments\/","url":"https:\/\/xanthelasmaremoval.com\/xanthelasma-treatments\/","name":"[:en]Xanthelasma Treatments[:es]Los diferentes tratamientos de los Xantelasmas[:] - Xanthelasma Removal","isPartOf":{"@id":"https:\/\/xanthelasmaremoval.com\/#website"},"datePublished":"2019-07-29T11:08:18+00:00","dateModified":"2020-09-27T22:24:42+00:00","breadcrumb":{"@id":"https:\/\/xanthelasmaremoval.com\/xanthelasma-treatments\/#breadcrumb"},"inLanguage":"es","potentialAction":[{"@type":"ReadAction","target":["https:\/\/xanthelasmaremoval.com\/xanthelasma-treatments\/"]}]},{"@type":"BreadcrumbList","@id":"https:\/\/xanthelasmaremoval.com\/xanthelasma-treatments\/#breadcrumb","itemListElement":[{"@type":"ListItem","position":1,"name":"Home","item":"https:\/\/xanthelasmaremoval.com\/"},{"@type":"ListItem","position":2,"name":"Xanthelasma Treatments"}]},{"@type":"WebSite","@id":"https:\/\/xanthelasmaremoval.com\/#website","url":"https:\/\/xanthelasmaremoval.com\/","name":"Xanthelasma Removal","description":"The Xanthelasma Removal Solutions!","potentialAction":[{"@type":"SearchAction","target":{"@type":"EntryPoint","urlTemplate":"https:\/\/xanthelasmaremoval.com\/?s={search_term_string}"},"query-input":{"@type":"PropertyValueSpecification","valueRequired":true,"valueName":"search_term_string"}}],"inLanguage":"es"}]}},"_links":{"self":[{"href":"https:\/\/xanthelasmaremoval.com\/es\/wp-json\/wp\/v2\/pages\/11975"}],"collection":[{"href":"https:\/\/xanthelasmaremoval.com\/es\/wp-json\/wp\/v2\/pages"}],"about":[{"href":"https:\/\/xanthelasmaremoval.com\/es\/wp-json\/wp\/v2\/types\/page"}],"author":[{"embeddable":true,"href":"https:\/\/xanthelasmaremoval.com\/es\/wp-json\/wp\/v2\/users\/66"}],"replies":[{"embeddable":true,"href":"https:\/\/xanthelasmaremoval.com\/es\/wp-json\/wp\/v2\/comments?post=11975"}],"version-history":[{"count":102,"href":"https:\/\/xanthelasmaremoval.com\/es\/wp-json\/wp\/v2\/pages\/11975\/revisions"}],"predecessor-version":[{"id":13736,"href":"https:\/\/xanthelasmaremoval.com\/es\/wp-json\/wp\/v2\/pages\/11975\/revisions\/13736"}],"wp:attachment":[{"href":"https:\/\/xanthelasmaremoval.com\/es\/wp-json\/wp\/v2\/media?parent=11975"}],"curies":[{"name":"wp","href":"https:\/\/api.w.org\/{rel}","templated":true}]}}