{"id":12189,"date":"2019-08-01T11:15:07","date_gmt":"2019-08-01T11:15:07","guid":{"rendered":"https:\/\/xanthelasmaremoval.com\/?page_id=12189"},"modified":"2023-06-22T15:38:51","modified_gmt":"2023-06-22T15:38:51","slug":"instructions","status":"publish","type":"page","link":"https:\/\/xanthelasmaremoval.com\/es\/instructions\/","title":{"rendered":"Instrucciones"},"content":{"rendered":"<p>[vc_row][vc_column][vc_column_text][\/vc_column_text][\/vc_column][\/vc_row][vc_row][vc_column][vc_column_text]<\/p>\n<h2>Por favor lea estas Instrucciones<\/h2>\n<p>[\/vc_column_text][vc_column_text]Cuando reciba XanthRemover, lea nuestras preguntas<a href=\"https:\/\/xanthelasmaremoval.com\/es\/xanthremover\/faq-about-the-xanthremover\/\"> frecuentes sobre XanthRemover<\/a>\u00a0 y <a href=\"https:\/\/xanthelasmaremoval.com\/es\/xanthremover\/how-to-apply-the-xanthremover\/\">c\u00f3mo aplicar el Xanthremove<\/a>r para apreciar los efectos del producto. Tenga en cuenta que esta informaci\u00f3n\u00a0 NO son las instrucciones.<\/p>\n<p><strong>Utilice este producto \u00fanicamente despu\u00e9s de haber le\u00eddo y comprendido las instrucciones y despu\u00e9s de aplicar la prueba del parche. Este producto contiene un alto porcentaje de \u00e1cido glic\u00f3lico y est\u00e1 destinado a quemar las lesiones cut\u00e1neas benignas y se utiliza para exfoliaciones cut\u00e1neas profundas, por lo que debe primeramente aplicarse las pruebas de parche obligatorias antes de su debido uso. Este producto es una herramienta muy eficaz y debe utilizarse de forma adecuada. Por favor No intente usarlo antes de verificar la prueba de parche completa\u00a0 como se describe en detalle en las instrucciones.\u00a0 El procedimiento de prueba de parche dura varios d\u00edas, debe de observarse y completarse exactamente como se describe a continuaci\u00f3n.<\/strong><\/p>\n<p>Tenga en cuenta que el uso incorrecto o el cuidado posterior incorrecto despu\u00e9s de la aplicaci\u00f3n pueden provocar:<\/p>\n<p>Inflamaci\u00f3n innecesaria (temporal), malestar y dolor<\/p>\n<p>Generar cicatrices, hipo y \/ o hiperpigemntaci\u00f3n, infecci\u00f3n y \/ o retraso en el proceso de cicatrizaci\u00f3n si se utiliza el cuidado posterior inadecuado, el tiempo de inactividad apresurado (no ser paciente con el proceso de cicatrizaci\u00f3n).[\/vc_column_text][\/vc_column][\/vc_row][vc_row full_width=\u00bbstretch_row\u00bb css=\u00bb.vc_custom_1564666064101{background-image: url(https:\/\/xanthelasmaremoval.com\/wp-content\/uploads\/2019\/03\/bg_header.png?id=10873) !important;}\u00bb][vc_column][vc_column_text]<\/p>\n<h2 class=\"white\">Las pruebas de parche obligatorias.<\/h2>\n<p class=\"white\"><img loading=\"lazy\" decoding=\"async\" class=\"size-medium wp-image-12206 alignright\" src=\"https:\/\/xanthelasmaremoval.com\/wp-content\/uploads\/2019\/08\/road-sign-361513_960_720-300x212.jpg\" alt=\"\" width=\"300\" height=\"212\" srcset=\"https:\/\/xanthelasmaremoval.com\/wp-content\/uploads\/2019\/08\/road-sign-361513_960_720-300x212.jpg 300w, https:\/\/xanthelasmaremoval.com\/wp-content\/uploads\/2019\/08\/road-sign-361513_960_720-600x424.jpg 600w, https:\/\/xanthelasmaremoval.com\/wp-content\/uploads\/2019\/08\/road-sign-361513_960_720-768x542.jpg 768w, https:\/\/xanthelasmaremoval.com\/wp-content\/uploads\/2019\/08\/road-sign-361513_960_720.jpg 960w\" sizes=\"(max-width: 300px) 100vw, 300px\" \/><\/p>\n<p><span style=\"color: #ffffff;\">La prueba de parche es necesaria y obligatoria para aprender los efectos del XanthRemover sobre la piel y el Xantelasma antes de usarlo. Siempre que aplique el producto sobre el Xantelasma, use vaselina para cubrir la piel no afectada por el Xantelasma dejando solo el Xantelasma expuesto al producto. P\u00eddale amablemente a otra persona que le aplique el producto y controle el tiempo. No utilice el producto por usted mismo, no es recomendable. Se recomienda encarecidamente mantener los ojos cerrados mientras se aplica el XanthRemover en los p\u00e1rpados superiores y\u00a0 la otra persona controle que este gel no entre en contacto directo con los ojos.<\/span><\/p>\n<p><span style=\"color: #ffffff;\"><strong>D\u00eda uno:<\/strong> Aplique una peque\u00f1a cantidad de gel debajo del \u00e1rea del ment\u00f3n y en el antebrazo, el \u00e1rea a cubrir no debe exceder los 0.5 cm cuadrados (\u00e1rea peque\u00f1a). Mantenga el gel durante 3 minutos como m\u00e1ximo. Limpie con una almoadilla de algod\u00f3n\u00a0 y enjuague con agua. Si la parte tratada presenta enrojecimiento y picor por m\u00e1s de 24 horas, evite el uso del producto.<\/span><\/p>\n<p><span style=\"color: #ffffff;\"><strong>D\u00eda dos:<\/strong> Aplique una peque\u00f1a cantidad de gel en alg\u00fan otro lugar debajo del \u00e1rea del ment\u00f3n y el antebrazo, el \u00e1rea a cubrir no debe exceder los 0,5 cm cuadrados (\u00e1rea peque\u00f1a). Mantenga el gel durante 10 minutos como m\u00e1ximo. Limpie con una almoadilla de algod\u00f3n\u00a0 y enjuague con agua.<\/span><\/p>\n<p><span style=\"color: #ffffff;\"><strong>D\u00eda tres:<\/strong> Aplique una peque\u00f1a cantidad de gel en alg\u00fan otro lugar debajo del \u00e1rea de la barbilla y el antebrazo, el \u00e1rea a cubrir no debe exceder los 0.5 cm cuadrados (\u00e1rea peque\u00f1a). Mantenga el gel durante 15 minutos como m\u00e1ximo. Limpie con una almoadilla de algod\u00f3n\u00a0 y enjuague con agua.<\/span><\/p>\n<p><span style=\"color: #ffffff;\">Estas pruebas de parche servir\u00e1n para asegurarse de que no tenga ninguna reacci\u00f3n adversa al producto de gel. Adem\u00e1s, aprender\u00e1 a utilizar el producto observando los efectos del peeling tras un breve per\u00edodo de aplicaci\u00f3n.<\/span><\/p>\n<p><span style=\"color: #ffffff;\"><strong>D\u00eda cinco:<\/strong> Aplique una peque\u00f1a cantidad de gel en un Xantelasma. Mantenga el gel durante 60 segundos como m\u00e1ximo. LiLimpie con una almoadilla de algod\u00f3n\u00a0 y enjuague con agua. Aseg\u00farese de que el gel no entre en contacto con los ojos.<\/span><\/p>\n<p><span style=\"color: #ffffff;\"><strong>D\u00eda seis:<\/strong> aplique una peque\u00f1a cantidad de gel en otro xantelasma. Mantenga el gel durante 5 minutos como m\u00e1ximo. Limpie con una almoadilla de algod\u00f3n\u00a0 y enjuague con agua. Aseg\u00farese de que el gel no entre en contacto con los ojos.<\/span><\/p>\n<p><span style=\"color: #ffffff;\"><strong>D\u00eda siete:<\/strong> aplique una peque\u00f1a cantidad de gel en otro xantelasma. Mantenga el gel durante 10 minutos como m\u00e1ximo.Limpie con una almoadilla de algod\u00f3n\u00a0 y enjuague con agua. Aseg\u00farese de que el gel no entre en contacto con los ojos.<\/span><\/p>\n<p><span style=\"color: #ffffff;\">Observe los efectos del peeling del Xantelasma tratado con el peeling cosm\u00e9tico durante los pr\u00f3ximos tres d\u00edas. Si nota alg\u00fan efecto no deseado, por favor deje de usar el producto.<\/span><\/p>\n<p><span style=\"color: #ffffff;\"><strong>D\u00eda once:<\/strong> Deber\u00eda haber aprendido que cuanto m\u00e1s tiempo deje el gel, m\u00e1s fuertes y profundos ser\u00e1n los efectos de peeling del producto. Aplique el gel en un cuarto Xantelasma sin tratar y mantenga el gel durante 20 minutos, no m\u00e1s. Limpie con una almoadilla de algod\u00f3n\u00a0 y enjuague con agua. Aseg\u00farese de que el gel no entre en contacto con los ojos. En caso de que solo tenga uno o dos xantelasmas, espere un m\u00ednimo de una semana (no un d\u00eda) entre cada aplicaci\u00f3n de prueba de parche sobre el mismo xantelasma.<\/span><\/p>\n<p><span style=\"color: #ffffff;\">Las pruebas de parche anteriores le servir\u00e1n para que se acostumbre a la forma en que el Gel act\u00fae sobre la piel. Deber\u00eda haber aprendido que cuanto m\u00e1s tiempo deje el gel sobre el xantelasma, mayor ser\u00e1 el efecto de peeling del producto sobre el xantelasma. En el\u00a0 caso de una reacci\u00f3n adversa al gel, por favor deje de usarlo.<\/span>[\/vc_column_text][\/vc_column][\/vc_row][vc_row][vc_column][vc_column_text]<\/p>\n<h2>C\u00f3mo aplicar el XanthRemover<\/h2>\n<ol>\n<li>L\u00e1vese las manos.<\/li>\n<li>Limpie y seque a fondo la zona donde se aplicar\u00e1 el producto.<\/li>\n<li>Use una almoadilla de algod\u00f3n limpio para aplicar<\/li>\n<li>\u00a1ADVERTENCIA! evite el contacto directo con los ojos. Mantenga el producto fuera del alcance de los ni\u00f1os. No lo ingiera. El producto est\u00e1 dise\u00f1ado para uso t\u00f3pico solo en la piel intacta.<\/li>\n<li>Limpie con una almoadilla de algod\u00f3n y enjuague con agua tibia durante el per\u00edodo m\u00e1ximo especificado solo despu\u00e9s de haber completado el procedimiento de la parche de prueba descrito.<\/li>\n<\/ol>\n<p>Deje un intervalo m\u00ednimo de 2 semanas entre aplicaciones sobre el mismo Xantelasma. El proceso de formaci\u00f3n de costras \/ descamaci\u00f3n a\u00fan contin\u00faa despu\u00e9s del intervalo de 2 semanas de espera hasta que el \u00e1rea se haya vuelto a la normalidad para volver a aplicarse. NO UTILICE maquillaje EN LA ZONA EN LA QUE HA UTILIZADO EL PRODUCTO HASTA QUE TERMINE EL EFECTO DEL PEELING.<\/p>\n<p>La duraci\u00f3n m\u00e1xima de cada aplicaci\u00f3n despu\u00e9s de la prueba del parche es de 20 minutos. Debe evitar aplicar en exceso el producto y ser paciente en la eliminaci\u00f3n de su Xantelasma. Despu\u00e9s de las pruebas de parche, aplique el XanthRemover solo en su Xantelasma y evite aplicarlo en \u00e1reas no afectadas, incluso si est\u00e1n cubiertas por vaselina.<\/p>\n<p>Siguiendo la duraci\u00f3n m\u00e1xima de la aplicaci\u00f3n sugerida, las aplicaciones estimadas para eliminar los Xantelasmas promedio ser\u00edan del orden de 7 a 10. En la mayor\u00eda de los casos, el Xantelasma se elimina alrededor de 4 sesiones.<\/p>\n<p>Cuanto m\u00e1s tiempo mantenga el Producto sobre el Xantelasma durante cada aplicaci\u00f3n, mayores ser\u00e1n los efectos de peeling. Como consecuencia, cuanto m\u00e1s tiempo mantenga su formulaci\u00f3n en su Xantelasma, menos aplicaciones ser\u00e1n necesarias para lograr resultados satisfactorios. Algunos de nuestros clientes han podido lograr los resultados deseados en 1 o 2 sesiones simplemente manteniendo el gel durante m\u00e1s de 1 hora por aplicaci\u00f3n. Recomendamos ser conservadores y usar el gel solo durante un per\u00edodo m\u00e1ximo de 20 minutos a la vez para lograr la m\u00e1xima seguridad del tratamiento cosm\u00e9tico.<\/p>\n<p>Por el contrario, cuanto menos mantenga el gel sobre el Xanthelasma, m\u00e1s aplicaciones necesitar\u00e1 para quitarlas.<\/p>\n<p>Recuerde, una vez que realice una aplicaci\u00f3n completa sobre su Xantelasma, espere de dos a tres semanas antes de volver a aplicarlo. En cualquier caso, no vuelva a aplicar la formulaci\u00f3n antes de que la zona se haya cicatrizado de la aplicaci\u00f3n anterior del peeling. Se recomienda enviarnos fotos del antes, antes volver a aplicar el XanthRemover. Env\u00edenos sus fotos actualizadas cada vez que tenga dudas, \u00a1estamos aqu\u00ed para ayudarlo a lograr los resultados deseados!<\/p>\n<p>Adem\u00e1s, antes de aplicar el XanthRemover, el proceso de formaci\u00f3n de costras\u00a0 puede no verse bien durante 7 a 10 d\u00edas despu\u00e9s de la aplicaci\u00f3n, por lo que es mejor planificar con anticipaci\u00f3n y asegurarse de no tener eventos importantes en lospr\u00f3ximos d\u00edas. No aplique maquillaje durante este proceso de cicatrizaci\u00f3n.<\/p>\n<p>Es muy recomendable que nos env\u00ede las fotos por correo electr\u00f3nico despu\u00e9s de cada solicitud para asesorarlo.<\/p>\n<p>No realice actividades peligrosas o extenuantes y NO USE NING\u00daN TIPO DE MAQUILLAJE durante el proceso de cicatrizaci\u00f3n o formaci\u00f3n de costras, ya que esto podr\u00eda poner en peligro el proceso de cicatrizaci\u00f3n correcta, aumentar las posibilidades de infecciones y aumentar el riesgo de complicaciones innecesarias, incluidas formar las cicatrices permanentes. Aplique protecci\u00f3n solar total\u00a0 despu\u00e9s de que se haya aplicado el peeling hasta que tres meses despu\u00e9s de haber dejado de aplic\u00e1rse el gel y haya logrado los resultados deseados. Debe evitar cualquier exposici\u00f3n solar directa durante al menos tres meses despu\u00e9s de la aplicaci\u00f3n del gel. No hacerlo puede provocar la hiperpigmentaci\u00f3n e hipopigmentaci\u00f3n.<\/p>\n<p>Recuerde que despu\u00e9s de la aplicaci\u00f3n, el \u00e1rea requerir\u00e1 el proceso de cicatrizaci\u00f3n de la ablaci\u00f3n (quemadura) del producto. Cuando se realiza la aplicaci\u00f3n sobre el \u00e1rea del p\u00e1rpado superior, los p\u00e1rpados superiores experimentar\u00e1n hinchaz\u00f3n y formaci\u00f3n de costras, lo cual es antiest\u00e9tico y puede sentirse inc\u00f3modo hasta por 7 d\u00edas. No aplique ning\u00fan otro producto curativo o maquillaje durante el per\u00edodo de formaci\u00f3n de costras, ya que esto podr\u00eda comprometer la cicatrizaci\u00f3n de la piel.<\/p>\n<p>Pueden producirse cicatrices debido a la eliminaci\u00f3n del Xantelasma incluso mediante el uso de peelings cosm\u00e9ticos.[\/vc_column_text][\/vc_column][\/vc_row][vc_row][vc_column][vc_column_text][\/vc_column_text][\/vc_column][\/vc_row][vc_row][vc_column][vc_single_image image=\u00bb14442&#8243; img_size=\u00bbfull\u00bb][\/vc_column][\/vc_row]<\/p>","protected":false},"excerpt":{"rendered":"<p>[vc_row][vc_column][vc_column_text][\/vc_column_text][\/vc_column][\/vc_row][vc_row][vc_column][vc_column_text] Por favor lea estas Instrucciones [\/vc_column_text][vc_column_text]Cuando reciba XanthRemover, lea nuestras preguntas frecuentes sobre XanthRemover\u00a0 y c\u00f3mo aplicar el Xanthremover&#8230;<\/p>\n","protected":false},"author":66,"featured_media":0,"parent":0,"menu_order":0,"comment_status":"closed","ping_status":"closed","template":"","meta":{"footnotes":""},"class_list":["post-12189","page","type-page","status-publish","hentry"],"yoast_head":"<!-- This site is optimized with the Yoast SEO plugin v24.3 - https:\/\/yoast.com\/wordpress\/plugins\/seo\/ -->\n<title>Instrucciones - Xanthelasma Removal<\/title>\n<meta name=\"robots\" content=\"index, follow, max-snippet:-1, max-image-preview:large, max-video-preview:-1\" \/>\n<link rel=\"canonical\" href=\"https:\/\/xanthelasmaremoval.com\/instructions\/\" \/>\n<meta property=\"og:locale\" content=\"es_ES\" \/>\n<meta property=\"og:type\" content=\"article\" \/>\n<meta property=\"og:title\" content=\"[:en]Instructions[:es]Instrucciones[:] - Xanthelasma Removal\" \/>\n<meta property=\"og:description\" content=\"[vc_row][vc_column][vc_column_text][\/vc_column_text][\/vc_column][\/vc_row][vc_row][vc_column][vc_column_text] Por favor lea estas Instrucciones [\/vc_column_text][vc_column_text]Cuando reciba XanthRemover, lea nuestras preguntas frecuentes sobre XanthRemover\u00a0 y c\u00f3mo aplicar el Xanthremover...\" \/>\n<meta property=\"og:url\" content=\"https:\/\/xanthelasmaremoval.com\/instructions\/\" \/>\n<meta property=\"og:site_name\" content=\"Xanthelasma Removal\" \/>\n<meta property=\"article:modified_time\" content=\"2023-06-22T15:38:51+00:00\" \/>\n<meta property=\"og:image\" content=\"https:\/\/xanthelasmaremoval.com\/wp-content\/uploads\/2019\/08\/road-sign-361513_960_720-300x212.jpg\" \/>\n<meta name=\"twitter:card\" content=\"summary_large_image\" \/>\n<meta name=\"twitter:label1\" content=\"Tiempo de lectura\" \/>\n\t<meta name=\"twitter:data1\" content=\"22 minutos\" \/>\n<script type=\"application\/ld+json\" class=\"yoast-schema-graph\">{\"@context\":\"https:\/\/schema.org\",\"@graph\":[{\"@type\":\"WebPage\",\"@id\":\"https:\/\/xanthelasmaremoval.com\/instructions\/\",\"url\":\"https:\/\/xanthelasmaremoval.com\/instructions\/\",\"name\":\"[:en]Instructions[:es]Instrucciones[:] - Xanthelasma Removal\",\"isPartOf\":{\"@id\":\"https:\/\/xanthelasmaremoval.com\/#website\"},\"primaryImageOfPage\":{\"@id\":\"https:\/\/xanthelasmaremoval.com\/instructions\/#primaryimage\"},\"image\":{\"@id\":\"https:\/\/xanthelasmaremoval.com\/instructions\/#primaryimage\"},\"thumbnailUrl\":\"https:\/\/xanthelasmaremoval.com\/wp-content\/uploads\/2019\/08\/road-sign-361513_960_720-300x212.jpg\",\"datePublished\":\"2019-08-01T11:15:07+00:00\",\"dateModified\":\"2023-06-22T15:38:51+00:00\",\"breadcrumb\":{\"@id\":\"https:\/\/xanthelasmaremoval.com\/instructions\/#breadcrumb\"},\"inLanguage\":\"es\",\"potentialAction\":[{\"@type\":\"ReadAction\",\"target\":[\"https:\/\/xanthelasmaremoval.com\/instructions\/\"]}]},{\"@type\":\"ImageObject\",\"inLanguage\":\"es\",\"@id\":\"https:\/\/xanthelasmaremoval.com\/instructions\/#primaryimage\",\"url\":\"https:\/\/xanthelasmaremoval.com\/wp-content\/uploads\/2019\/08\/road-sign-361513_960_720-300x212.jpg\",\"contentUrl\":\"https:\/\/xanthelasmaremoval.com\/wp-content\/uploads\/2019\/08\/road-sign-361513_960_720-300x212.jpg\"},{\"@type\":\"BreadcrumbList\",\"@id\":\"https:\/\/xanthelasmaremoval.com\/instructions\/#breadcrumb\",\"itemListElement\":[{\"@type\":\"ListItem\",\"position\":1,\"name\":\"Home\",\"item\":\"https:\/\/xanthelasmaremoval.com\/\"},{\"@type\":\"ListItem\",\"position\":2,\"name\":\"Instructions\"}]},{\"@type\":\"WebSite\",\"@id\":\"https:\/\/xanthelasmaremoval.com\/#website\",\"url\":\"https:\/\/xanthelasmaremoval.com\/\",\"name\":\"Xanthelasma Removal\",\"description\":\"The Xanthelasma Removal Solutions!\",\"potentialAction\":[{\"@type\":\"SearchAction\",\"target\":{\"@type\":\"EntryPoint\",\"urlTemplate\":\"https:\/\/xanthelasmaremoval.com\/?s={search_term_string}\"},\"query-input\":{\"@type\":\"PropertyValueSpecification\",\"valueRequired\":true,\"valueName\":\"search_term_string\"}}],\"inLanguage\":\"es\"}]}<\/script>\n<!-- \/ Yoast SEO plugin. -->","yoast_head_json":{"title":"[:en]Instructions[:es]Instrucciones[:] - Xanthelasma Removal","robots":{"index":"index","follow":"follow","max-snippet":"max-snippet:-1","max-image-preview":"max-image-preview:large","max-video-preview":"max-video-preview:-1"},"canonical":"https:\/\/xanthelasmaremoval.com\/instructions\/","og_locale":"es_ES","og_type":"article","og_title":"[:en]Instructions[:es]Instrucciones[:] - Xanthelasma Removal","og_description":"[vc_row][vc_column][vc_column_text][\/vc_column_text][\/vc_column][\/vc_row][vc_row][vc_column][vc_column_text] Por favor lea estas Instrucciones [\/vc_column_text][vc_column_text]Cuando reciba XanthRemover, lea nuestras preguntas frecuentes sobre XanthRemover\u00a0 y c\u00f3mo aplicar el Xanthremover...","og_url":"https:\/\/xanthelasmaremoval.com\/instructions\/","og_site_name":"Xanthelasma Removal","article_modified_time":"2023-06-22T15:38:51+00:00","og_image":[{"url":"https:\/\/xanthelasmaremoval.com\/wp-content\/uploads\/2019\/08\/road-sign-361513_960_720-300x212.jpg","type":"","width":"","height":""}],"twitter_card":"summary_large_image","twitter_misc":{"Tiempo de lectura":"22 minutos"},"schema":{"@context":"https:\/\/schema.org","@graph":[{"@type":"WebPage","@id":"https:\/\/xanthelasmaremoval.com\/instructions\/","url":"https:\/\/xanthelasmaremoval.com\/instructions\/","name":"[:en]Instructions[:es]Instrucciones[:] - Xanthelasma Removal","isPartOf":{"@id":"https:\/\/xanthelasmaremoval.com\/#website"},"primaryImageOfPage":{"@id":"https:\/\/xanthelasmaremoval.com\/instructions\/#primaryimage"},"image":{"@id":"https:\/\/xanthelasmaremoval.com\/instructions\/#primaryimage"},"thumbnailUrl":"https:\/\/xanthelasmaremoval.com\/wp-content\/uploads\/2019\/08\/road-sign-361513_960_720-300x212.jpg","datePublished":"2019-08-01T11:15:07+00:00","dateModified":"2023-06-22T15:38:51+00:00","breadcrumb":{"@id":"https:\/\/xanthelasmaremoval.com\/instructions\/#breadcrumb"},"inLanguage":"es","potentialAction":[{"@type":"ReadAction","target":["https:\/\/xanthelasmaremoval.com\/instructions\/"]}]},{"@type":"ImageObject","inLanguage":"es","@id":"https:\/\/xanthelasmaremoval.com\/instructions\/#primaryimage","url":"https:\/\/xanthelasmaremoval.com\/wp-content\/uploads\/2019\/08\/road-sign-361513_960_720-300x212.jpg","contentUrl":"https:\/\/xanthelasmaremoval.com\/wp-content\/uploads\/2019\/08\/road-sign-361513_960_720-300x212.jpg"},{"@type":"BreadcrumbList","@id":"https:\/\/xanthelasmaremoval.com\/instructions\/#breadcrumb","itemListElement":[{"@type":"ListItem","position":1,"name":"Home","item":"https:\/\/xanthelasmaremoval.com\/"},{"@type":"ListItem","position":2,"name":"Instructions"}]},{"@type":"WebSite","@id":"https:\/\/xanthelasmaremoval.com\/#website","url":"https:\/\/xanthelasmaremoval.com\/","name":"Xanthelasma Removal","description":"The Xanthelasma Removal Solutions!","potentialAction":[{"@type":"SearchAction","target":{"@type":"EntryPoint","urlTemplate":"https:\/\/xanthelasmaremoval.com\/?s={search_term_string}"},"query-input":{"@type":"PropertyValueSpecification","valueRequired":true,"valueName":"search_term_string"}}],"inLanguage":"es"}]}},"_links":{"self":[{"href":"https:\/\/xanthelasmaremoval.com\/es\/wp-json\/wp\/v2\/pages\/12189"}],"collection":[{"href":"https:\/\/xanthelasmaremoval.com\/es\/wp-json\/wp\/v2\/pages"}],"about":[{"href":"https:\/\/xanthelasmaremoval.com\/es\/wp-json\/wp\/v2\/types\/page"}],"author":[{"embeddable":true,"href":"https:\/\/xanthelasmaremoval.com\/es\/wp-json\/wp\/v2\/users\/66"}],"replies":[{"embeddable":true,"href":"https:\/\/xanthelasmaremoval.com\/es\/wp-json\/wp\/v2\/comments?post=12189"}],"version-history":[{"count":52,"href":"https:\/\/xanthelasmaremoval.com\/es\/wp-json\/wp\/v2\/pages\/12189\/revisions"}],"predecessor-version":[{"id":14441,"href":"https:\/\/xanthelasmaremoval.com\/es\/wp-json\/wp\/v2\/pages\/12189\/revisions\/14441"}],"wp:attachment":[{"href":"https:\/\/xanthelasmaremoval.com\/es\/wp-json\/wp\/v2\/media?parent=12189"}],"curies":[{"name":"wp","href":"https:\/\/api.w.org\/{rel}","templated":true}]}}