{"id":13372,"date":"2020-06-06T07:45:22","date_gmt":"2020-06-06T07:45:22","guid":{"rendered":"https:\/\/xanthelasmaremoval.com\/?page_id=13372"},"modified":"2020-06-12T20:45:11","modified_gmt":"2020-06-12T20:45:11","slug":"xanthelasma-removed-in-hawaii","status":"publish","type":"page","link":"https:\/\/xanthelasmaremoval.com\/es\/xanthelasma-removed-in-hawaii\/","title":{"rendered":"La eliminaci\u00f3n de Xantelasmas en Hawai"},"content":{"rendered":"<p>[vc_row][vc_column]<div class=\"sc-youtube sc-wrapbox sc-wrapbox-style-default rounded-corners sc-wrapbox-position-below\" style=\"width: 100%;\"><div class=\"sc-wrapbox-inner sc-ratio-style\" style=\"padding-top: 75%\"><iframe loading=\"lazy\" class=\"sc-wrapbox-element img-responsive\" width=\"100%\" height=\"300\" frameborder=\"0\" scrolling=\"no\" marginheight=\"0\" marginwidth=\"0\" src=\"\/\/www.youtube.com\/embed\/ML458HDoWtA?rel=0&amp;wmode=opaque\"><\/iframe><\/div><\/div>[\/vc_column][\/vc_row][vc_row][vc_column][vc_column_text]Este es uno de los miles de clientes satisfechos con la ayuda del\u00a0 XanthRemover que nosotros proporcionamos. Este XanthRemover fue creado para tener una soluci\u00f3n efectiva de eliminaci\u00f3n del Xantelasma, aplic\u00e1ndolo en casa para la comodidad del cliente. El XanthRemover se introdujo en el a\u00f1o 2013 por primera vez como una novedosa soluci\u00f3n de eliminaci\u00f3n del xantelasma para usarlo en casa. Desde entonces, hemos vendido cientos de miles de este producto a base de gel y de \u00e1cido glic\u00f3lico. El XanthRemover es una exfoliaci\u00f3n cosm\u00e9tica especializada (peeling cosm\u00e9tico) que destruye eficazmente los dep\u00f3sitos de grasa del xantelasma, elimin\u00e1ndolos por completo.<\/p>\n<p>Esta clienta de Hawai compr\u00f3 el XanthRemover desde nuestro sitio web que le propocionamos y este producto le quit\u00f3 los Xanthelasmas de sus p\u00e1rpados de forma efectiva. Lo sorprendente del XanthRemover es que no solo es efectivo, sino tambi\u00e9n, es seguro y econ\u00f3mico.<\/p>\n<p>Estas son las fotograf\u00edas del antes, estos xantelasmas son evidentes en el \u00e1rea del p\u00e1rpado. Recuerde que el xantelasma es un crecimiento benigno que se quita solo por razones est\u00e9ticas, pero varias personas buscan la ayuda de cl\u00ednicas cosm\u00e9ticas que\u00a0 cobran mucho por realizar este procedimiento. El XanthRemover ha sido dise\u00f1ado para que la eliminaci\u00f3n del Xantelasma sea extremadamente efectivo, seguro y f\u00e1cil.[\/vc_column_text][\/vc_column][\/vc_row][vc_row][vc_column][vc_column_text]<\/p>\n<h1 id=\"firstHeading\" class=\"firstHeading\" lang=\"en\" style=\"text-align: center;\"><i>Fotograf\u00edas de antes<\/i><\/h1>\n<p>[\/vc_column_text][vc_column_text]<\/p>\n<p style=\"text-align: center;\">Aqu\u00ed esta las fotograf\u00edas del antes, enviadas por la clienta<\/p>\n<p>\u00a0[\/vc_column_text][vc_row_inner][vc_column_inner width=\u00bb1\/2&#8243;][vc_single_image image=\u00bb13390&#8243; img_size=\u00bb300*300&#8243; alignment=\u00bbcenter\u00bb onclick=\u00bblink_image\u00bb][\/vc_column_inner][vc_column_inner width=\u00bb1\/2&#8243;][vc_single_image image=\u00bb13389&#8243; img_size=\u00bbmedium\u00bb alignment=\u00bbcenter\u00bb onclick=\u00bblink_image\u00bb][\/vc_column_inner][\/vc_row_inner][\/vc_column][\/vc_row][vc_row][vc_column][vc_column_text]<\/p>\n<h1 id=\"firstHeading\" class=\"firstHeading\" lang=\"en\" style=\"text-align: center;\"><i>Fotograf\u00edas del despu\u00e9s<\/i><\/h1>\n<p>[\/vc_column_text][vc_column_text]<\/p>\n<p style=\"text-align: center;\">Aqu\u00ed est\u00e1n las fotograf\u00edas del despu\u00e9s enviadas por la clienta. Como usted puede ver, los resultados hablan por s\u00ed solos.<\/p>\n<p>\u00a0[\/vc_column_text][vc_row_inner][vc_column_inner width=\u00bb1\/2&#8243;][vc_single_image image=\u00bb13387&#8243; img_size=\u00bbmedium\u00bb alignment=\u00bbcenter\u00bb onclick=\u00bblink_image\u00bb][\/vc_column_inner][vc_column_inner width=\u00bb1\/2&#8243;][vc_single_image image=\u00bb13388&#8243; img_size=\u00bbmedium\u00bb alignment=\u00bbcenter\u00bb onclick=\u00bblink_image\u00bb][\/vc_column_inner][\/vc_row_inner][\/vc_column][\/vc_row][vc_row][vc_column][\/vc_column][\/vc_row][vc_row][vc_column][vc_column_text]Los detalles de la clienta de Hawai son:<\/p>\n<p>Patricia Robinson<br \/>\nKailua Kona, Hawaii,<br \/>\nUSA<br \/>\nemail: parlezpatti@aol.com[\/vc_column_text][\/vc_column][\/vc_row]<\/p>","protected":false},"excerpt":{"rendered":"<p>[vc_row][vc_column][\/vc_column][\/vc_row][vc_row][vc_column][vc_column_text]Este es uno de los miles de clientes satisfechos con la ayuda del\u00a0 XanthRemover que nosotros proporcionamos. Este XanthRemover fue&#8230;<\/p>\n","protected":false},"author":66,"featured_media":0,"parent":0,"menu_order":0,"comment_status":"closed","ping_status":"closed","template":"","meta":{"footnotes":""},"class_list":["post-13372","page","type-page","status-publish","hentry"],"yoast_head":"<!-- This site is optimized with the Yoast SEO plugin v24.3 - https:\/\/yoast.com\/wordpress\/plugins\/seo\/ -->\n<title>La eliminaci\u00f3n de Xantelasmas en Hawai - Xanthelasma Removal<\/title>\n<meta name=\"robots\" content=\"index, follow, max-snippet:-1, max-image-preview:large, max-video-preview:-1\" \/>\n<link rel=\"canonical\" href=\"https:\/\/xanthelasmaremoval.com\/xanthelasma-removed-in-hawaii\/\" \/>\n<meta property=\"og:locale\" content=\"es_ES\" \/>\n<meta property=\"og:type\" content=\"article\" \/>\n<meta property=\"og:title\" content=\"[:en]Xanthelasma Removed in Hawaii[:es]La eliminaci\u00f3n de Xantelasmas en Hawai[:hi]Xanthelasma Removed in Hawaii[:] - Xanthelasma Removal\" \/>\n<meta property=\"og:description\" content=\"[vc_row][vc_column][\/vc_column][\/vc_row][vc_row][vc_column][vc_column_text]Este es uno de los miles de clientes satisfechos con la ayuda del\u00a0 XanthRemover que nosotros proporcionamos. Este XanthRemover fue...\" \/>\n<meta property=\"og:url\" content=\"https:\/\/xanthelasmaremoval.com\/xanthelasma-removed-in-hawaii\/\" \/>\n<meta property=\"og:site_name\" content=\"Xanthelasma Removal\" \/>\n<meta property=\"article:modified_time\" content=\"2020-06-12T20:45:11+00:00\" \/>\n<meta name=\"twitter:card\" content=\"summary_large_image\" \/>\n<meta name=\"twitter:label1\" content=\"Tiempo de lectura\" \/>\n\t<meta name=\"twitter:data1\" content=\"4 minutos\" \/>\n<script type=\"application\/ld+json\" class=\"yoast-schema-graph\">{\"@context\":\"https:\/\/schema.org\",\"@graph\":[{\"@type\":\"WebPage\",\"@id\":\"https:\/\/xanthelasmaremoval.com\/xanthelasma-removed-in-hawaii\/\",\"url\":\"https:\/\/xanthelasmaremoval.com\/xanthelasma-removed-in-hawaii\/\",\"name\":\"[:en]Xanthelasma Removed in Hawaii[:es]La eliminaci\u00f3n de Xantelasmas en Hawai[:hi]Xanthelasma Removed in Hawaii[:] - Xanthelasma Removal\",\"isPartOf\":{\"@id\":\"https:\/\/xanthelasmaremoval.com\/#website\"},\"datePublished\":\"2020-06-06T07:45:22+00:00\",\"dateModified\":\"2020-06-12T20:45:11+00:00\",\"breadcrumb\":{\"@id\":\"https:\/\/xanthelasmaremoval.com\/xanthelasma-removed-in-hawaii\/#breadcrumb\"},\"inLanguage\":\"es\",\"potentialAction\":[{\"@type\":\"ReadAction\",\"target\":[\"https:\/\/xanthelasmaremoval.com\/xanthelasma-removed-in-hawaii\/\"]}]},{\"@type\":\"BreadcrumbList\",\"@id\":\"https:\/\/xanthelasmaremoval.com\/xanthelasma-removed-in-hawaii\/#breadcrumb\",\"itemListElement\":[{\"@type\":\"ListItem\",\"position\":1,\"name\":\"Home\",\"item\":\"https:\/\/xanthelasmaremoval.com\/\"},{\"@type\":\"ListItem\",\"position\":2,\"name\":\"Xanthelasma Removed in Hawaii\"}]},{\"@type\":\"WebSite\",\"@id\":\"https:\/\/xanthelasmaremoval.com\/#website\",\"url\":\"https:\/\/xanthelasmaremoval.com\/\",\"name\":\"Xanthelasma Removal\",\"description\":\"The Xanthelasma Removal Solutions!\",\"potentialAction\":[{\"@type\":\"SearchAction\",\"target\":{\"@type\":\"EntryPoint\",\"urlTemplate\":\"https:\/\/xanthelasmaremoval.com\/?s={search_term_string}\"},\"query-input\":{\"@type\":\"PropertyValueSpecification\",\"valueRequired\":true,\"valueName\":\"search_term_string\"}}],\"inLanguage\":\"es\"}]}<\/script>\n<!-- \/ Yoast SEO plugin. -->","yoast_head_json":{"title":"[:en]Xanthelasma Removed in Hawaii[:es]La eliminaci\u00f3n de Xantelasmas en Hawai[:hi]Xanthelasma Removed in Hawaii[:] - Xanthelasma Removal","robots":{"index":"index","follow":"follow","max-snippet":"max-snippet:-1","max-image-preview":"max-image-preview:large","max-video-preview":"max-video-preview:-1"},"canonical":"https:\/\/xanthelasmaremoval.com\/xanthelasma-removed-in-hawaii\/","og_locale":"es_ES","og_type":"article","og_title":"[:en]Xanthelasma Removed in Hawaii[:es]La eliminaci\u00f3n de Xantelasmas en Hawai[:hi]Xanthelasma Removed in Hawaii[:] - Xanthelasma Removal","og_description":"[vc_row][vc_column][\/vc_column][\/vc_row][vc_row][vc_column][vc_column_text]Este es uno de los miles de clientes satisfechos con la ayuda del\u00a0 XanthRemover que nosotros proporcionamos. Este XanthRemover fue...","og_url":"https:\/\/xanthelasmaremoval.com\/xanthelasma-removed-in-hawaii\/","og_site_name":"Xanthelasma Removal","article_modified_time":"2020-06-12T20:45:11+00:00","twitter_card":"summary_large_image","twitter_misc":{"Tiempo de lectura":"4 minutos"},"schema":{"@context":"https:\/\/schema.org","@graph":[{"@type":"WebPage","@id":"https:\/\/xanthelasmaremoval.com\/xanthelasma-removed-in-hawaii\/","url":"https:\/\/xanthelasmaremoval.com\/xanthelasma-removed-in-hawaii\/","name":"[:en]Xanthelasma Removed in Hawaii[:es]La eliminaci\u00f3n de Xantelasmas en Hawai[:hi]Xanthelasma Removed in Hawaii[:] - Xanthelasma Removal","isPartOf":{"@id":"https:\/\/xanthelasmaremoval.com\/#website"},"datePublished":"2020-06-06T07:45:22+00:00","dateModified":"2020-06-12T20:45:11+00:00","breadcrumb":{"@id":"https:\/\/xanthelasmaremoval.com\/xanthelasma-removed-in-hawaii\/#breadcrumb"},"inLanguage":"es","potentialAction":[{"@type":"ReadAction","target":["https:\/\/xanthelasmaremoval.com\/xanthelasma-removed-in-hawaii\/"]}]},{"@type":"BreadcrumbList","@id":"https:\/\/xanthelasmaremoval.com\/xanthelasma-removed-in-hawaii\/#breadcrumb","itemListElement":[{"@type":"ListItem","position":1,"name":"Home","item":"https:\/\/xanthelasmaremoval.com\/"},{"@type":"ListItem","position":2,"name":"Xanthelasma Removed in Hawaii"}]},{"@type":"WebSite","@id":"https:\/\/xanthelasmaremoval.com\/#website","url":"https:\/\/xanthelasmaremoval.com\/","name":"Xanthelasma Removal","description":"The Xanthelasma Removal Solutions!","potentialAction":[{"@type":"SearchAction","target":{"@type":"EntryPoint","urlTemplate":"https:\/\/xanthelasmaremoval.com\/?s={search_term_string}"},"query-input":{"@type":"PropertyValueSpecification","valueRequired":true,"valueName":"search_term_string"}}],"inLanguage":"es"}]}},"_links":{"self":[{"href":"https:\/\/xanthelasmaremoval.com\/es\/wp-json\/wp\/v2\/pages\/13372"}],"collection":[{"href":"https:\/\/xanthelasmaremoval.com\/es\/wp-json\/wp\/v2\/pages"}],"about":[{"href":"https:\/\/xanthelasmaremoval.com\/es\/wp-json\/wp\/v2\/types\/page"}],"author":[{"embeddable":true,"href":"https:\/\/xanthelasmaremoval.com\/es\/wp-json\/wp\/v2\/users\/66"}],"replies":[{"embeddable":true,"href":"https:\/\/xanthelasmaremoval.com\/es\/wp-json\/wp\/v2\/comments?post=13372"}],"version-history":[{"count":2,"href":"https:\/\/xanthelasmaremoval.com\/es\/wp-json\/wp\/v2\/pages\/13372\/revisions"}],"predecessor-version":[{"id":13407,"href":"https:\/\/xanthelasmaremoval.com\/es\/wp-json\/wp\/v2\/pages\/13372\/revisions\/13407"}],"wp:attachment":[{"href":"https:\/\/xanthelasmaremoval.com\/es\/wp-json\/wp\/v2\/media?parent=13372"}],"curies":[{"name":"wp","href":"https:\/\/api.w.org\/{rel}","templated":true}]}}