{"id":13423,"date":"2020-06-18T02:41:25","date_gmt":"2020-06-18T02:41:25","guid":{"rendered":"https:\/\/xanthelasmaremoval.com\/?page_id=13423"},"modified":"2022-01-05T06:51:21","modified_gmt":"2022-01-05T06:51:21","slug":"xanthremover-the-professional-peel-at-home","status":"publish","type":"page","link":"https:\/\/xanthelasmaremoval.com\/es\/xanthremover-the-professional-peel-at-home\/","title":{"rendered":"El pro del XanthRemover"},"content":{"rendered":"<p>[vc_row][vc_column][vc_column_text]<\/p>\n<h1 style=\"text-align: center;\">Los mismos o mejores resultados de este peeling sobre la piel sin gastar mucho dinero en cl\u00ednicas cosm\u00e9ticas. Probado y comprobado, su eficacia GARANTIZADA en todo el mundo y sobre todo \u00a1ES SEGURO!<\/h1>\n<h2 style=\"text-align: center;\">Si le gustan los resultados de los peelings profundos que se realiza en las cl\u00ednicas cosm\u00e9ticas, El XanthRemover le puede ahorrar mucho dinero y tiempo, ofreci\u00e9ndole los mejores resultados cuantas veces lo desee y desde la comodidad de su casa.<\/h2>\n<p><iframe loading=\"lazy\" title=\"EL XANTHREMOVER, UN EXCELENTE PEELING COSM\u00c8TICO PARA USO CASERO\" width=\"1170\" height=\"658\" src=\"https:\/\/www.youtube.com\/embed\/N5_DYrbKYEE?feature=oembed\" frameborder=\"0\" allow=\"accelerometer; autoplay; clipboard-write; encrypted-media; gyroscope; picture-in-picture\" allowfullscreen><\/iframe><\/p>\n<h3 style=\"text-align: center;\">Miles de personas en todo el mundo se han beneficiado de este incre\u00edble peeling cosm\u00e9tico profesional ofreciendo los mejores resultados desde casa que otros\u00a0 costosos peelings realizados en cl\u00ednicas cosm\u00e9ticas.<\/h3>\n<h3 style=\"text-align: center;\">\u00a0Imag\u00ednese lo que puede hacer con un producto que le brinde los mejores resultados de una excelente exfoliaci\u00f3n desde casa que otros peelings que est\u00e1n\u00a0 en las costosas cl\u00ednicas cosm\u00e9ticas.<\/h3>\n<h3 style=\"text-align: center;\">Una de las principales ventajas del XanthRemover es que es una exfoliaci\u00f3n (peeling) cosm\u00e9tica incre\u00edble que produce en su mayor\u00eda los mejores resultados que otras exfoliaciones que se realizan en las costosas cl\u00ednicas cosm\u00e9ticas.<\/h3>\n<h3 style=\"text-align: center;\">El XanthRemover de 2020 tiene una nueva f\u00f3rmula mejorada que ha hecho que el producto sea a\u00fan mejor como peeling cosm\u00e9tico dentro del hogar. Su grosor es similar a la de la miel y es ligeramente m\u00e1s grueso que cualquier otro producto del mercado.<\/h3>\n<h3 style=\"text-align: center;\"><\/h3>\n<p><iframe loading=\"lazy\" title=\"EL ESTUDIO DEL XANTHREMOVER,SU APLICACI\u00d3N Y SUS RESULTADOS COMO PEELING COSM\u00c9TICO\" width=\"1170\" height=\"658\" src=\"https:\/\/www.youtube.com\/embed\/5iv34_RQdyY?feature=oembed\" frameborder=\"0\" allow=\"accelerometer; autoplay; clipboard-write; encrypted-media; gyroscope; picture-in-picture\" allowfullscreen><\/iframe><\/p>\n<h3 style=\"text-align: center;\">Esta f\u00f3rmula hace que este producto sea ideal para el uso dom\u00e9stico con el fin de ofrecer los mismos o mejores resultados que otras peelings cosm\u00e9ticos profesionales de un alto costo utilizados en las cl\u00ednicas cosm\u00e9ticas.<\/h3>\n<p>Debido a que:<\/p>\n<ol>\n<li>El XanthRemvoer se ha formulado pensando en la seguridad en primer lugar.<\/li>\n<li>El XanthRemover ha sido utilizado por miles de personas en todo el mundo sin ninguna reacci\u00f3n adversa.<\/li>\n<li>El XanthRemover ha sido utilizado por miles de personas para quitar los Xantelasmas de los p\u00e1rpados superiores e inferiores, una de las partes m\u00e1s delicadas del rostro.<\/li>\n<li>El XanthRemover es adecuado para todo tipo de pieles desde el 1 al 6\u00a0 gracias a su formulaci\u00f3n<\/li>\n<li>El XanthRemover tiene una concentraci\u00f3n del 70%, pero ofrece mejores resultados que otros peelings cosm\u00e9ticos en formulaciones l\u00edquidas que se utilizan en las cl\u00ednicas cosm\u00e9ticas.<\/li>\n<li>La principal ventaja del XanthRemover como peeling cosm\u00e9tico es que puede controlar los efectos ablativos (sensaci\u00f3n de quemadura) sobre su piel control\u00e1ndolo al momento de la aplicaci\u00f3n. Cuanto m\u00e1s tiempo mantenga el XanthRemover sobre la piel, m\u00e1s profunda ser\u00e1 la ablaci\u00f3n (sensaci\u00f3n de quemadura) de la piel, m\u00e1s profundo ser\u00e1 el efecto del xanthremoer\u00a0 y mejores ser\u00e1n los efectos del peeling. Otros peelings en las cl\u00ednicas cosm\u00e9ticas no se pueden utilizar de la misma forma, debido a su formulaci\u00f3n es l\u00edquida. La formulaci\u00f3n l\u00edquida har\u00e1 que la piel se seque relativamente r\u00e1pido y los efectos se detendr\u00e1n tan pronto como la piel se haya secado.<\/li>\n<\/ol>\n<p>[\/vc_column_text][\/vc_column][\/vc_row]<\/p>","protected":false},"excerpt":{"rendered":"<p>[vc_row][vc_column][vc_column_text] Los mismos o mejores resultados de este peeling sobre la piel sin gastar mucho dinero en cl\u00ednicas cosm\u00e9ticas. Probado&#8230;<\/p>\n","protected":false},"author":66,"featured_media":0,"parent":0,"menu_order":0,"comment_status":"closed","ping_status":"closed","template":"","meta":{"footnotes":""},"class_list":["post-13423","page","type-page","status-publish","hentry"],"yoast_head":"<!-- This site is optimized with the Yoast SEO plugin v24.3 - https:\/\/yoast.com\/wordpress\/plugins\/seo\/ -->\n<title>El pro del XanthRemover  - Xanthelasma Removal<\/title>\n<meta name=\"robots\" content=\"index, follow, max-snippet:-1, max-image-preview:large, max-video-preview:-1\" \/>\n<link rel=\"canonical\" href=\"https:\/\/xanthelasmaremoval.com\/xanthremover-the-professional-peel-at-home\/\" \/>\n<meta property=\"og:locale\" content=\"es_ES\" \/>\n<meta property=\"og:type\" content=\"article\" \/>\n<meta property=\"og:title\" content=\"[:en]XanthRemover The Professional Peel At Home[:es]El pro del XanthRemover [:hi]XanthRemover The Pro[:] - Xanthelasma Removal\" \/>\n<meta property=\"og:description\" content=\"[vc_row][vc_column][vc_column_text] Los mismos o mejores resultados de este peeling sobre la piel sin gastar mucho dinero en cl\u00ednicas cosm\u00e9ticas. Probado...\" \/>\n<meta property=\"og:url\" content=\"https:\/\/xanthelasmaremoval.com\/xanthremover-the-professional-peel-at-home\/\" \/>\n<meta property=\"og:site_name\" content=\"Xanthelasma Removal\" \/>\n<meta property=\"article:modified_time\" content=\"2022-01-05T06:51:21+00:00\" \/>\n<meta name=\"twitter:card\" content=\"summary_large_image\" \/>\n<meta name=\"twitter:label1\" content=\"Tiempo de lectura\" \/>\n\t<meta name=\"twitter:data1\" content=\"5 minutos\" \/>\n<script type=\"application\/ld+json\" class=\"yoast-schema-graph\">{\"@context\":\"https:\/\/schema.org\",\"@graph\":[{\"@type\":\"WebPage\",\"@id\":\"https:\/\/xanthelasmaremoval.com\/xanthremover-the-professional-peel-at-home\/\",\"url\":\"https:\/\/xanthelasmaremoval.com\/xanthremover-the-professional-peel-at-home\/\",\"name\":\"[:en]XanthRemover The Professional Peel At Home[:es]El pro del XanthRemover [:hi]XanthRemover The Pro[:] - Xanthelasma Removal\",\"isPartOf\":{\"@id\":\"https:\/\/xanthelasmaremoval.com\/#website\"},\"datePublished\":\"2020-06-18T02:41:25+00:00\",\"dateModified\":\"2022-01-05T06:51:21+00:00\",\"breadcrumb\":{\"@id\":\"https:\/\/xanthelasmaremoval.com\/xanthremover-the-professional-peel-at-home\/#breadcrumb\"},\"inLanguage\":\"es\",\"potentialAction\":[{\"@type\":\"ReadAction\",\"target\":[\"https:\/\/xanthelasmaremoval.com\/xanthremover-the-professional-peel-at-home\/\"]}]},{\"@type\":\"BreadcrumbList\",\"@id\":\"https:\/\/xanthelasmaremoval.com\/xanthremover-the-professional-peel-at-home\/#breadcrumb\",\"itemListElement\":[{\"@type\":\"ListItem\",\"position\":1,\"name\":\"Home\",\"item\":\"https:\/\/xanthelasmaremoval.com\/\"},{\"@type\":\"ListItem\",\"position\":2,\"name\":\"XanthRemover The Professional Peel At Home\"}]},{\"@type\":\"WebSite\",\"@id\":\"https:\/\/xanthelasmaremoval.com\/#website\",\"url\":\"https:\/\/xanthelasmaremoval.com\/\",\"name\":\"Xanthelasma Removal\",\"description\":\"The Xanthelasma Removal Solutions!\",\"potentialAction\":[{\"@type\":\"SearchAction\",\"target\":{\"@type\":\"EntryPoint\",\"urlTemplate\":\"https:\/\/xanthelasmaremoval.com\/?s={search_term_string}\"},\"query-input\":{\"@type\":\"PropertyValueSpecification\",\"valueRequired\":true,\"valueName\":\"search_term_string\"}}],\"inLanguage\":\"es\"}]}<\/script>\n<!-- \/ Yoast SEO plugin. -->","yoast_head_json":{"title":"[:en]XanthRemover The Professional Peel At Home[:es]El pro del XanthRemover [:hi]XanthRemover The Pro[:] - Xanthelasma Removal","robots":{"index":"index","follow":"follow","max-snippet":"max-snippet:-1","max-image-preview":"max-image-preview:large","max-video-preview":"max-video-preview:-1"},"canonical":"https:\/\/xanthelasmaremoval.com\/xanthremover-the-professional-peel-at-home\/","og_locale":"es_ES","og_type":"article","og_title":"[:en]XanthRemover The Professional Peel At Home[:es]El pro del XanthRemover [:hi]XanthRemover The Pro[:] - Xanthelasma Removal","og_description":"[vc_row][vc_column][vc_column_text] Los mismos o mejores resultados de este peeling sobre la piel sin gastar mucho dinero en cl\u00ednicas cosm\u00e9ticas. Probado...","og_url":"https:\/\/xanthelasmaremoval.com\/xanthremover-the-professional-peel-at-home\/","og_site_name":"Xanthelasma Removal","article_modified_time":"2022-01-05T06:51:21+00:00","twitter_card":"summary_large_image","twitter_misc":{"Tiempo de lectura":"5 minutos"},"schema":{"@context":"https:\/\/schema.org","@graph":[{"@type":"WebPage","@id":"https:\/\/xanthelasmaremoval.com\/xanthremover-the-professional-peel-at-home\/","url":"https:\/\/xanthelasmaremoval.com\/xanthremover-the-professional-peel-at-home\/","name":"[:en]XanthRemover The Professional Peel At Home[:es]El pro del XanthRemover [:hi]XanthRemover The Pro[:] - Xanthelasma Removal","isPartOf":{"@id":"https:\/\/xanthelasmaremoval.com\/#website"},"datePublished":"2020-06-18T02:41:25+00:00","dateModified":"2022-01-05T06:51:21+00:00","breadcrumb":{"@id":"https:\/\/xanthelasmaremoval.com\/xanthremover-the-professional-peel-at-home\/#breadcrumb"},"inLanguage":"es","potentialAction":[{"@type":"ReadAction","target":["https:\/\/xanthelasmaremoval.com\/xanthremover-the-professional-peel-at-home\/"]}]},{"@type":"BreadcrumbList","@id":"https:\/\/xanthelasmaremoval.com\/xanthremover-the-professional-peel-at-home\/#breadcrumb","itemListElement":[{"@type":"ListItem","position":1,"name":"Home","item":"https:\/\/xanthelasmaremoval.com\/"},{"@type":"ListItem","position":2,"name":"XanthRemover The Professional Peel At Home"}]},{"@type":"WebSite","@id":"https:\/\/xanthelasmaremoval.com\/#website","url":"https:\/\/xanthelasmaremoval.com\/","name":"Xanthelasma Removal","description":"The Xanthelasma Removal Solutions!","potentialAction":[{"@type":"SearchAction","target":{"@type":"EntryPoint","urlTemplate":"https:\/\/xanthelasmaremoval.com\/?s={search_term_string}"},"query-input":{"@type":"PropertyValueSpecification","valueRequired":true,"valueName":"search_term_string"}}],"inLanguage":"es"}]}},"_links":{"self":[{"href":"https:\/\/xanthelasmaremoval.com\/es\/wp-json\/wp\/v2\/pages\/13423"}],"collection":[{"href":"https:\/\/xanthelasmaremoval.com\/es\/wp-json\/wp\/v2\/pages"}],"about":[{"href":"https:\/\/xanthelasmaremoval.com\/es\/wp-json\/wp\/v2\/types\/page"}],"author":[{"embeddable":true,"href":"https:\/\/xanthelasmaremoval.com\/es\/wp-json\/wp\/v2\/users\/66"}],"replies":[{"embeddable":true,"href":"https:\/\/xanthelasmaremoval.com\/es\/wp-json\/wp\/v2\/comments?post=13423"}],"version-history":[{"count":5,"href":"https:\/\/xanthelasmaremoval.com\/es\/wp-json\/wp\/v2\/pages\/13423\/revisions"}],"predecessor-version":[{"id":14299,"href":"https:\/\/xanthelasmaremoval.com\/es\/wp-json\/wp\/v2\/pages\/13423\/revisions\/14299"}],"wp:attachment":[{"href":"https:\/\/xanthelasmaremoval.com\/es\/wp-json\/wp\/v2\/media?parent=13423"}],"curies":[{"name":"wp","href":"https:\/\/api.w.org\/{rel}","templated":true}]}}