{"id":135,"date":"2013-04-17T14:55:05","date_gmt":"2013-04-17T14:55:05","guid":{"rendered":"http:\/\/new.xanthelasmaremoval.com\/?page_id=135"},"modified":"2019-09-26T23:06:37","modified_gmt":"2019-09-26T23:06:37","slug":"xanthelasma-treatments-methods-comparison","status":"publish","type":"page","link":"https:\/\/xanthelasmaremoval.com\/es\/faq-about-xanthelasma-removal\/xanthelasma-treatments-methods-comparison\/","title":{"rendered":"Los m\u00e9todos de comparaci\u00f3n sobre los tratamientos de los Xantelasmas."},"content":{"rendered":"<p>[vc_row][vc_column width=\u00bb1\/2&#8243;][vc_column_text]<\/p>\n<h3>\u00bfCu\u00e1les son las posibilidades de generar cicatrices despu\u00e9s de los tratamientos de los xantelasmas?<\/h3>\n<p>[\/vc_column_text][vc_column_text]<strong>Las posibilidades de generar cicatrices despu\u00e9s de someterse a un tratamiento de los Xantelasmas dependen principalmente de:<\/strong><\/p>\n<ul>\n<li>El tipo de tratamiento. Hay tratamientos que tienen m\u00e1s probabilidades de provocar cicatrices que otros.<\/li>\n<li>Si se caus\u00f3 alg\u00fan da\u00f1o a la dermis durante el tratamiento.<\/li>\n<li>Infecciones posteriores al tratamiento.<\/li>\n<\/ul>\n<p>[\/vc_column_text][\/vc_column][vc_column width=\u00bb1\/2&#8243;][vc_column_text]<\/p>\n<h3>Tipos de tratamientos comprobados que funcionan para la eliminaci\u00f3n de los xantelasmas<\/h3>\n<p>[\/vc_column_text][vc_column_text]<b>Los tratamientos disponibles que est\u00e1n cient\u00edficamente probados y que funcionan para eliminar el xantelasma son:<\/b><\/p>\n<ul>\n<li><a href=\"https:\/\/www.ncbi.nlm.nih.gov\/pmc\/articles\/PMC3723999\/\">Escisi\u00f3n quir\u00fargica.<\/a><\/li>\n<li>Remoci\u00f3n<a href=\"https:\/\/xanthelasmaremoval.com\/es\/xanthelasma-laser-treatment\/\"> usando l\u00e1ser<\/a><\/li>\n<li><a href=\"https:\/\/xanthelasmaremoval.com\/es\/xanthelasma-electrolysis\/\">Arco el\u00e9ctrico \/ electr\u00f3lisis<\/a><\/li>\n<li><a href=\"https:\/\/xanthelasmaremoval.com\/es\/freezing-xanthelasma-treatment\/\">Crioterapia<\/a><\/li>\n<li><a href=\"https:\/\/xanthelasmaremoval.com\/es\/using-peels-in-clinics\/\">Peelings Qu\u00edmicos<\/a><\/li>\n<\/ul>\n<p>[\/vc_column_text][\/vc_column][\/vc_row][vc_row][vc_column][vc_zigzag][\/vc_column][\/vc_row][vc_row][vc_column width=\u00bb1\/2&#8243;][vc_column_text]<\/p>\n<h2 style=\"text-align: justify;\">Escisi\u00f3n Quir\u00fargica<\/h2>\n<p style=\"text-align: justify;\"><strong>Escisi\u00f3n del xantelasma usando el bistur\u00ed<\/strong><\/p>\n<p style=\"text-align: justify;\">Este es el m\u00e9todo m\u00e1s antiguo para eliminar el xantelasma. Consiste en utilizar el mismo procedimiento utilizado para la escisi\u00f3n del c\u00e1ncer de piel. Este es un procedimiento muy efectivo para eliminar el xantelasma en una sesi\u00f3n. Sin embargo, es muy invasivo:<\/p>\n<ul>\n<li>El sangrado inevitablemente ocurrir\u00e1 durante el procedimiento quir\u00fargico.<\/li>\n<li>El uso de anest\u00e9sico local es obligatorio.<\/li>\n<li>Existen riesgos de infecciones.<\/li>\n<li>El procedimiento casi inevitablemente dejar\u00e1 cicatriz al paciente.<\/li>\n<\/ul>\n<p>[\/vc_column_text][vc_column_text]<\/p>\n<p style=\"text-align: justify;\">Este tipo de procedimiento se debe evitar debido a las altas posibilidades de aparici\u00f3n de cicatrices para el paciente. Dadas todas las t\u00e9cnicas modernas disponibles, no hay raz\u00f3n para que este tipo de tratamiento se use por m\u00e1s tiempo.<\/p>\n<p>[\/vc_column_text][vc_btn title=\u00bbM\u00e1s informaci\u00f3n\u00bb color=\u00bbprimary\u00bb link=\u00bburl:https%3A%2F%2Fwww.ncbi.nlm.nih.gov%2Fpmc%2Farticles%2FPMC3723999%2F|||\u00bb][\/vc_column][vc_column width=\u00bb1\/2&#8243;][vc_single_image image=\u00bb10734&#8243; img_size=\u00bbfull\u00bb][vc_column_text]<strong>Aparici\u00f3n de cicatrices despu\u00e9s de la escisi\u00f3n usando el bistur\u00ed<\/strong>[\/vc_column_text][vc_row_inner][vc_column_inner width=\u00bb1\/2&#8243;][vc_single_image image=\u00bb10731&#8243; img_size=\u00bbfull\u00bb alignment=\u00bbcenter\u00bb style=\u00bbvc_box_outline\u00bb][vc_column_text]<strong>Escisi\u00f3n con bistur\u00ed que se debe evitar<\/strong>[\/vc_column_text][\/vc_column_inner][vc_column_inner width=\u00bb1\/2&#8243;][vc_single_image image=\u00bb10732&#8243; img_size=\u00bbfull\u00bb alignment=\u00bbcenter\u00bb style=\u00bbvc_box_outline\u00bb][vc_column_text]Cicatriz visible hecha despu\u00e9s por la escisi\u00f3n del bistur\u00ed del xantelasma eliminado[\/vc_column_text][\/vc_column_inner][\/vc_row_inner][\/vc_column][\/vc_row][vc_row][vc_column][vc_zigzag][\/vc_column][\/vc_row][vc_row][vc_column][vc_column_text]<\/p>\n<h2 style=\"text-align: justify;\">Eliminaci\u00f3n con l\u00e1ser<\/h2>\n<p>El tratamiento del xantelasma con l\u00e1ser es muy efectivo para eliminarlo, pero es muy costoso. Este m\u00e9todo de eliminaci\u00f3n con l\u00e1ser es similar a la electr\u00f3lisis o arco el\u00e9ctrico para eliminar el xantelasma, pero es un poco m\u00e1s dif\u00edcil de realizar y tambi\u00e9n bastante peligroso. Los l\u00e1seres generalmente dependen de instrumentos para la ablaci\u00f3n de tejidos blandos con un alto grado de precisi\u00f3n.<\/p>\n<p>La eliminaci\u00f3n del xantelasma con l\u00e1ser\u00a0 es actualmente el tratamiento m\u00e1s popular y el m\u00e1s costoso al mismo tiempo. Este tratamiento se recomienda a muchos pacientes que sufren de Xantelasmas, no porque la eliminaci\u00f3n con l\u00e1ser sea la forma m\u00e1s rentable o sin riesgos para tratar esta afecci\u00f3n, sino porque los l\u00e1seres quir\u00fargicos se usan ampliamente en el mundo occidental (Europa y Am\u00e9rica del Norte).[\/vc_column_text][vc_row_inner][vc_column_inner width=\u00bb1\/2&#8243;][vc_column_text]La efectividad de la eliminaci\u00f3n del xantelasma con l\u00e1ser depende del cirujano que usa el l\u00e1ser. Cuanto m\u00e1s experimentado sea el cirujano, menor ser\u00e1 la posibilidad de generar cicatrices y la mayor probabilidad de una tasa de \u00e9xito de eliminaci\u00f3n completa.<\/p>\n<p>Un cirujano experimentado generalmente es capaz de eliminar todo el Xantelasma dentro de una sesi\u00f3n y sin da\u00f1ar la dermis, lo que minimiza los riesgos de generar cicatrices.<\/p>\n<p>Aunque este es el tratamiento m\u00e1s popular y efectivo, desafortunadamente, es un tratamiento costoso porque los l\u00e1seres son normalmente de un alto costo.[\/vc_column_text][\/vc_column_inner][vc_column_inner width=\u00bb1\/2&#8243;]<div class=\"sc-youtube sc-wrapbox sc-wrapbox-style-default rounded-corners sc-wrapbox-position-below\" style=\"width: 100%;height: 300px;\"><div class=\"sc-wrapbox-inner\"><iframe loading=\"lazy\" class=\"sc-wrapbox-element img-responsive\" width=\"100%\" height=\"300\" frameborder=\"0\" scrolling=\"no\" marginheight=\"0\" marginwidth=\"0\" src=\"\/\/www.youtube.com\/embed\/Ume6u785oJU?rel=0&amp;wmode=opaque\"><\/iframe><\/div><\/div>[\/vc_column_inner][\/vc_row_inner][\/vc_column][\/vc_row][vc_row][vc_column][vc_row_inner][vc_column_inner width=\u00bb2\/3&#8243;][vc_column_text]<\/p>\n<p style=\"text-align: justify;\"><strong>Las principales causas de generar cicatrices despu\u00e9s de la eliminaci\u00f3n\u00a0 del Xantelasma usando un l\u00e1ser quir\u00fargico son:<\/strong><\/p>\n<ul>\n<li style=\"text-align: justify;\">El mal uso del l\u00e1ser causa da\u00f1os no deseados en la dermis, generalmente al tratar y eliminar el Xantelasma grueso y profundo en una sola sesi\u00f3n. Este tipo de da\u00f1o generalmente es causado por un error humano. No se ha informado que la falla de la maquinaria sea la causa de las cicatrices despu\u00e9s de la escisi\u00f3n del xantelasma con l\u00e1ser.<\/li>\n<li style=\"text-align: justify;\">Los l\u00e1seres para la eliminaci\u00f3n del xantelasma pueden causar otro riesgo inherente &#8230; Los l\u00e1seres quir\u00fargicos podr\u00edan apuntar inadvertidamente directamente al ojo del paciente, da\u00f1\u00e1ndolos, causando la p\u00e9rdida permanente de la visi\u00f3n. Por lo tanto, para evitarlo, se recomienda encarecidamente que use protectores oculares durante la escisi\u00f3n con l\u00e1ser.<\/li>\n<\/ul>\n<p>[\/vc_column_text][vc_btn title=\u00bbM\u00e1s informaci\u00f3n a cerca de los l\u00e1seres\u00bb color=\u00bbblue\u00bb link=\u00bburl:http%3A%2F%2Fxanthelasmaremoval.com%2Fxanthelasma-laser-treatment%2F|||\u00bb][\/vc_column_inner][vc_column_inner width=\u00bb1\/3&#8243;][vc_single_image image=\u00bb11555&#8243; img_size=\u00bbfull\u00bb style=\u00bbvc_box_outline\u00bb][\/vc_column_inner][\/vc_row_inner][\/vc_column][\/vc_row][vc_row][vc_column][vc_zigzag][\/vc_column][\/vc_row][vc_row][vc_column][vc_column_text]<\/p>\n<h2>Eliminaci\u00f3n del xantelasma usando unidades convencionales de electrocauterizaci\u00f3n<\/h2>\n<p>[\/vc_column_text][vc_column_text]Aunque este tipo de tratamiento es m\u00e1s barato que la eliminaci\u00f3n con l\u00e1ser, generalmente los riesgos de aparici\u00f3n de cicatrices a los pacientes son menores. La punta de la unidad de electrocauterizaci\u00f3n se utiliza en modo barrido (spray) Fulguraci\u00f3n. Los p\u00e1rpados y la piel alrededor del ojo son particularmente sensibles, por lo tanto, el equipo debe configurarse para funcionar a baja potencia para no afectar la dermis en una parte bastante delicada de la piel.[\/vc_column_text][\/vc_column][\/vc_row][vc_row][vc_column width=\u00bb1\/2&#8243;][vc_column_text]La electrocauterizaci\u00f3n permitir\u00e1 al operador eliminar el Xantelasma con un alto grado de precisi\u00f3n y m\u00e1s eficiente que el uso de l\u00e1seres convencionales. Este mayor grado de precisi\u00f3n hace que la escisi\u00f3n sea f\u00e1cil de realizar y minimiza las posibilidades de afectar la dermis. Por lo tanto, la eliminaci\u00f3n de xantelasma mediante el uso de una unidad de electrocauterizaci\u00f3n en modo de fulguraci\u00f3n es generalmente m\u00e1s f\u00e1cil y segura que el uso de l\u00e1seres quir\u00fargicos convencionales.<\/p>\n<p>Por lo tanto, a pesar del hecho de que las unidades de electrocauterizaci\u00f3n est\u00e1n disponibles a un precio mucho m\u00e1s bajo que los l\u00e1seres quir\u00fargicos, son una opci\u00f3n mucho mejor para la eliminaci\u00f3n del xantelasma, tanto en t\u00e9rminos de seguridad como de resultados.[\/vc_column_text][\/vc_column][vc_column width=\u00bb1\/2&#8243;]<div class=\"sc-youtube sc-wrapbox sc-wrapbox-style-default rounded-corners sc-wrapbox-position-below\" style=\"width: 100%;\"><div class=\"sc-wrapbox-inner sc-ratio-style\" style=\"padding-top: 50%\"><iframe loading=\"lazy\" class=\"sc-wrapbox-element img-responsive\" width=\"100%\" height=\"300\" frameborder=\"0\" scrolling=\"no\" marginheight=\"0\" marginwidth=\"0\" src=\"\/\/www.youtube.com\/embed\/Wjsq5Eztjuk?rel=0&amp;wmode=opaque\"><\/iframe><\/div><\/div>[\/vc_column][\/vc_row][vc_row][vc_column width=\u00bb1\/2&#8243;][vc_column_text]Mediante el uso de unidades de electrocauterizaci\u00f3n hacen que:<\/p>\n<ul>\n<li>El procedimiento es m\u00e1s econ\u00f3mico debido al bajo costo de las unidades de electrocauterizaci\u00f3n convencionales.<\/li>\n<li>La probabilidad de aparici\u00f3n de cicatrices al paciente es menor que el uso de l\u00e1ser porque hay menos espacio para errores<\/li>\n<li>Pueden ser necesario el uso de anest\u00e9sico t\u00f3pico.<\/li>\n<li>Los riesgos de da\u00f1ar los ojos son insignificantes en comparaci\u00f3n con los l\u00e1seres convencionales.<\/li>\n<\/ul>\n<p>[\/vc_column_text][vc_btn title=\u00bbM\u00e1s informaci\u00f3n\u00bb color=\u00bbprimary\u00bb link=\u00bburl:http%3A%2F%2Fvoltaicplasma.com%2Fxanthelasma-removal%2F|||\u00bb][\/vc_column][vc_column width=\u00bb1\/2&#8243;][vc_single_image image=\u00bb10736&#8243; img_size=\u00bbfull\u00bb alignment=\u00bbcenter\u00bb style=\u00bbvc_box_outline\u00bb][\/vc_column][\/vc_row][vc_row][vc_column][vc_zigzag][\/vc_column][\/vc_row][vc_row][vc_column][vc_column_text]<\/p>\n<h2>Crioterapia (tambi\u00e9n conocida como criocirug\u00eda)<\/h2>\n<p>[\/vc_column_text][vc_column_text]La crioterapia es un m\u00e9todo dermatol\u00f3gico para eliminar verrugas, marcas de nacimiento, queratosis seborreicas y muchas otras lesiones. Esto se hace congelando r\u00e1pidamente el \u00e1rea a tratar y se puede hacer usando varias sustancias. La sustancia m\u00e1s com\u00fan utilizada es el nitr\u00f3geno l\u00edquido. Los tratamientos con crioterapia son muy efectivos para eliminar las lesiones cut\u00e1neas. La crioterapia tambi\u00e9n se ha utilizado en el tratamiento del xantelasma.<\/p>\n<p><strong>La principal ventaja de la crioterapia es que el xantelasma se puede eliminar en una sola sesi\u00f3n. Adem\u00e1s, los riesgos de infecci\u00f3n despu\u00e9s del procedimiento son muy bajos.<\/strong>[\/vc_column_text][\/vc_column][\/vc_row][vc_row][vc_column width=\u00bb2\/3&#8243;][vc_column_text]<\/p>\n<ul>\n<li style=\"list-style-type: none;\">\n<ul>\n<li style=\"list-style-type: none;\">\n<ol>\n<li>La aplicaci\u00f3n de nitr\u00f3geno l\u00edquido hace arder. Aunque hace fr\u00edo, muchos describen el procedimiento como una sensaci\u00f3n de \u00abardor\u00bb<\/li>\n<li>La crioablaci\u00f3n puede hacer que los sitios de tratamiento aparezcan de un color permanentemente m\u00e1s claro (hipopigmentaci\u00f3n). Se debe tener especial precauci\u00f3n al tratar la cara o cualquier otra \u00e1rea cosm\u00e9ticamente sensible.<\/li>\n<li>Solo es apropiado eliminar las lesiones cut\u00e1neas en partes del cuerpo que no son tan delicadas como el \u00e1rea del p\u00e1rpado inferior. En otras palabras, generalmente es eficaz para el tratamiento de c\u00e1nceres de piel completamente desarrollados o lesiones \u00abprofundas\u00bb como lunares grandes que crecen en otras partes del cuerpo lejos del \u00e1rea del p\u00e1rpado.<\/li>\n<li>Dependiendo de c\u00f3mo se aplique y la ubicaci\u00f3n del sitio de tratamiento, a veces se forman ampollas en los d\u00edas posteriores al tratamiento (m\u00e1s com\u00fan en los p\u00e1rpados).<\/li>\n<li>Es un tratamiento que debe evitarse a toda costa en el \u00e1rea del p\u00e1rpado superior.<\/li>\n<\/ol>\n<\/li>\n<\/ul>\n<\/li>\n<\/ul>\n<p>[\/vc_column_text][vc_btn title=\u00bbM\u00e1s informaci\u00f3n sobre la crioterapia\u00bb color=\u00bbblue\u00bb link=\u00bburl:http%3A%2F%2Fxanthelasmaremoval.com%2Ffreezing-xanthelasma-treatment%2F|||\u00bb][\/vc_column][vc_column width=\u00bb1\/3&#8243;]<div class=\"sc-youtube sc-wrapbox sc-wrapbox-style-default rounded-corners sc-wrapbox-position-below\" style=\"width: 100%;height: 300px;\"><div class=\"sc-wrapbox-inner\"><iframe loading=\"lazy\" class=\"sc-wrapbox-element img-responsive\" width=\"100%\" height=\"300\" frameborder=\"0\" scrolling=\"no\" marginheight=\"0\" marginwidth=\"0\" src=\"\/\/www.youtube.com\/embed\/3kwI1nWO5Tc?rel=0&amp;wmode=opaque\"><\/iframe><\/div><\/div>[\/vc_column][\/vc_row][vc_row][vc_column][vc_zigzag][\/vc_column][\/vc_row][vc_row][vc_column width=\u00bb2\/3&#8243;][vc_column_text]<\/p>\n<h2>Los peelings cosm\u00e9ticos para eliminar el xantelasma<\/h2>\n<p><b>Los peelings cosm\u00e9ticos son la opci\u00f3n preferida para la eliminaci\u00f3n de Xantelasma por cinco razones:<\/b><\/p>\n<ol>\n<li style=\"list-style-type: none;\">\n<ol>\n<li style=\"list-style-type: none;\">\n<ol>\n<li>Los peelings cosmeticos pueden ser realizados por los propios pacientes, ya que estos peelings son seguros y f\u00e1ciles de aplicar. Los peelings est\u00e1n formulados para adaptarse al tipo de piel del paciente.<\/li>\n<li>Los peelings correctos son seguros para la dermis porque no causan ning\u00fan da\u00f1o a la dermis misma. E<strong>s muy poco probable que el \u00e1rea tratada de la piel se infecte.<\/strong><\/li>\n<li>El precio de un peeling para la eliminaci\u00f3n del xantelasma es muy bajo en comparaci\u00f3n con otros tratamientos.<\/li>\n<li>El uso del peeling especializado adecuado brinda las mejores posibilidades de eliminar el xantelasma sin dejar cicatrices alguna.<\/li>\n<li>El uso repetido de peelings especializadas eliminar\u00e1 inevitablemente todo el Xantelasma.<\/li>\n<\/ol>\n<\/li>\n<\/ol>\n<\/li>\n<\/ol>\n<p>[\/vc_column_text][vc_column_text]<strong>Desventajas<\/strong>[\/vc_column_text]<blockquote><p>La \u00fanica desventaja de usar peelings especializadas para la eliminaci\u00f3n del xantelasma es que puede requerirse m\u00e1s de un tratamiento para eliminar todo el xantelasma.<\/p><\/blockquote>[\/vc_column][vc_column width=\u00bb1\/3&#8243;]<div class=\"sc-youtube sc-wrapbox sc-wrapbox-style-default rounded-corners sc-wrapbox-position-below\" style=\"width: 100%;\"><div class=\"sc-wrapbox-inner sc-ratio-style\" style=\"padding-top: 75%\"><iframe loading=\"lazy\" class=\"sc-wrapbox-element img-responsive\" width=\"100%\" height=\"300\" frameborder=\"0\" scrolling=\"no\" marginheight=\"0\" marginwidth=\"0\" src=\"\/\/www.youtube.com\/embed\/cB9mxlevqqw?rel=0&amp;wmode=opaque\"><\/iframe><\/div><\/div>[vc_btn title=\u00bbM\u00e1s informaci\u00f3n acerca de los peelings\u00bb color=\u00bbblue\u00bb link=\u00bburl:http%3A%2F%2Fxanthelasmaremoval.com%2Fusing-peels-in-clinics%2F|||\u00bb][\/vc_column][\/vc_row]<\/p>","protected":false},"excerpt":{"rendered":"<p>[vc_row][vc_column width=\u00bb1\/2&#8243;][vc_column_text] \u00bfCu\u00e1les son las posibilidades de generar cicatrices despu\u00e9s de los tratamientos de los xantelasmas? [\/vc_column_text][vc_column_text]Las posibilidades de generar&#8230;<\/p>\n","protected":false},"author":66,"featured_media":0,"parent":55,"menu_order":5,"comment_status":"closed","ping_status":"open","template":"","meta":{"footnotes":""},"class_list":["post-135","page","type-page","status-publish","hentry"],"yoast_head":"<!-- This site is optimized with the Yoast SEO plugin v24.3 - https:\/\/yoast.com\/wordpress\/plugins\/seo\/ -->\n<title>Los m\u00e9todos de comparaci\u00f3n sobre los tratamientos de los Xantelasmas. - Xanthelasma Removal<\/title>\n<meta name=\"robots\" content=\"index, follow, max-snippet:-1, max-image-preview:large, max-video-preview:-1\" \/>\n<link rel=\"canonical\" href=\"https:\/\/xanthelasmaremoval.com\/faq-about-xanthelasma-removal\/xanthelasma-treatments-methods-comparison\/\" \/>\n<meta property=\"og:locale\" content=\"es_ES\" \/>\n<meta property=\"og:type\" content=\"article\" \/>\n<meta property=\"og:title\" content=\"[:en]Xanthelasma treatments, methods comparison.[:es]Los m\u00e9todos de comparaci\u00f3n sobre los tratamientos de los Xantelasmas.[:] - Xanthelasma Removal\" \/>\n<meta property=\"og:description\" content=\"[vc_row][vc_column width=\u00bb1\/2&#8243;][vc_column_text] \u00bfCu\u00e1les son las posibilidades de generar cicatrices despu\u00e9s de los tratamientos de los xantelasmas? [\/vc_column_text][vc_column_text]Las posibilidades de generar...\" \/>\n<meta property=\"og:url\" content=\"https:\/\/xanthelasmaremoval.com\/faq-about-xanthelasma-removal\/xanthelasma-treatments-methods-comparison\/\" \/>\n<meta property=\"og:site_name\" content=\"Xanthelasma Removal\" \/>\n<meta property=\"article:modified_time\" content=\"2019-09-26T23:06:37+00:00\" \/>\n<meta name=\"twitter:card\" content=\"summary_large_image\" \/>\n<meta name=\"twitter:label1\" content=\"Tiempo de lectura\" \/>\n\t<meta name=\"twitter:data1\" content=\"18 minutos\" \/>\n<script type=\"application\/ld+json\" class=\"yoast-schema-graph\">{\"@context\":\"https:\/\/schema.org\",\"@graph\":[{\"@type\":\"WebPage\",\"@id\":\"https:\/\/xanthelasmaremoval.com\/faq-about-xanthelasma-removal\/xanthelasma-treatments-methods-comparison\/\",\"url\":\"https:\/\/xanthelasmaremoval.com\/faq-about-xanthelasma-removal\/xanthelasma-treatments-methods-comparison\/\",\"name\":\"[:en]Xanthelasma treatments, methods comparison.[:es]Los m\u00e9todos de comparaci\u00f3n sobre los tratamientos de los Xantelasmas.[:] - Xanthelasma Removal\",\"isPartOf\":{\"@id\":\"https:\/\/xanthelasmaremoval.com\/#website\"},\"datePublished\":\"2013-04-17T14:55:05+00:00\",\"dateModified\":\"2019-09-26T23:06:37+00:00\",\"breadcrumb\":{\"@id\":\"https:\/\/xanthelasmaremoval.com\/faq-about-xanthelasma-removal\/xanthelasma-treatments-methods-comparison\/#breadcrumb\"},\"inLanguage\":\"es\",\"potentialAction\":[{\"@type\":\"ReadAction\",\"target\":[\"https:\/\/xanthelasmaremoval.com\/faq-about-xanthelasma-removal\/xanthelasma-treatments-methods-comparison\/\"]}]},{\"@type\":\"BreadcrumbList\",\"@id\":\"https:\/\/xanthelasmaremoval.com\/faq-about-xanthelasma-removal\/xanthelasma-treatments-methods-comparison\/#breadcrumb\",\"itemListElement\":[{\"@type\":\"ListItem\",\"position\":1,\"name\":\"Home\",\"item\":\"https:\/\/xanthelasmaremoval.com\/\"},{\"@type\":\"ListItem\",\"position\":2,\"name\":\"FAQ about Xanthelasma Removal\",\"item\":\"https:\/\/xanthelasmaremoval.com\/faq-about-xanthelasma-removal\/\"},{\"@type\":\"ListItem\",\"position\":3,\"name\":\"Xanthelasma treatments, methods comparison.\"}]},{\"@type\":\"WebSite\",\"@id\":\"https:\/\/xanthelasmaremoval.com\/#website\",\"url\":\"https:\/\/xanthelasmaremoval.com\/\",\"name\":\"Xanthelasma Removal\",\"description\":\"The Xanthelasma Removal Solutions!\",\"potentialAction\":[{\"@type\":\"SearchAction\",\"target\":{\"@type\":\"EntryPoint\",\"urlTemplate\":\"https:\/\/xanthelasmaremoval.com\/?s={search_term_string}\"},\"query-input\":{\"@type\":\"PropertyValueSpecification\",\"valueRequired\":true,\"valueName\":\"search_term_string\"}}],\"inLanguage\":\"es\"}]}<\/script>\n<!-- \/ Yoast SEO plugin. -->","yoast_head_json":{"title":"[:en]Xanthelasma treatments, methods comparison.[:es]Los m\u00e9todos de comparaci\u00f3n sobre los tratamientos de los Xantelasmas.[:] - Xanthelasma Removal","robots":{"index":"index","follow":"follow","max-snippet":"max-snippet:-1","max-image-preview":"max-image-preview:large","max-video-preview":"max-video-preview:-1"},"canonical":"https:\/\/xanthelasmaremoval.com\/faq-about-xanthelasma-removal\/xanthelasma-treatments-methods-comparison\/","og_locale":"es_ES","og_type":"article","og_title":"[:en]Xanthelasma treatments, methods comparison.[:es]Los m\u00e9todos de comparaci\u00f3n sobre los tratamientos de los Xantelasmas.[:] - Xanthelasma Removal","og_description":"[vc_row][vc_column width=\u00bb1\/2&#8243;][vc_column_text] \u00bfCu\u00e1les son las posibilidades de generar cicatrices despu\u00e9s de los tratamientos de los xantelasmas? [\/vc_column_text][vc_column_text]Las posibilidades de generar...","og_url":"https:\/\/xanthelasmaremoval.com\/faq-about-xanthelasma-removal\/xanthelasma-treatments-methods-comparison\/","og_site_name":"Xanthelasma Removal","article_modified_time":"2019-09-26T23:06:37+00:00","twitter_card":"summary_large_image","twitter_misc":{"Tiempo de lectura":"18 minutos"},"schema":{"@context":"https:\/\/schema.org","@graph":[{"@type":"WebPage","@id":"https:\/\/xanthelasmaremoval.com\/faq-about-xanthelasma-removal\/xanthelasma-treatments-methods-comparison\/","url":"https:\/\/xanthelasmaremoval.com\/faq-about-xanthelasma-removal\/xanthelasma-treatments-methods-comparison\/","name":"[:en]Xanthelasma treatments, methods comparison.[:es]Los m\u00e9todos de comparaci\u00f3n sobre los tratamientos de los Xantelasmas.[:] - Xanthelasma Removal","isPartOf":{"@id":"https:\/\/xanthelasmaremoval.com\/#website"},"datePublished":"2013-04-17T14:55:05+00:00","dateModified":"2019-09-26T23:06:37+00:00","breadcrumb":{"@id":"https:\/\/xanthelasmaremoval.com\/faq-about-xanthelasma-removal\/xanthelasma-treatments-methods-comparison\/#breadcrumb"},"inLanguage":"es","potentialAction":[{"@type":"ReadAction","target":["https:\/\/xanthelasmaremoval.com\/faq-about-xanthelasma-removal\/xanthelasma-treatments-methods-comparison\/"]}]},{"@type":"BreadcrumbList","@id":"https:\/\/xanthelasmaremoval.com\/faq-about-xanthelasma-removal\/xanthelasma-treatments-methods-comparison\/#breadcrumb","itemListElement":[{"@type":"ListItem","position":1,"name":"Home","item":"https:\/\/xanthelasmaremoval.com\/"},{"@type":"ListItem","position":2,"name":"FAQ about Xanthelasma Removal","item":"https:\/\/xanthelasmaremoval.com\/faq-about-xanthelasma-removal\/"},{"@type":"ListItem","position":3,"name":"Xanthelasma treatments, methods comparison."}]},{"@type":"WebSite","@id":"https:\/\/xanthelasmaremoval.com\/#website","url":"https:\/\/xanthelasmaremoval.com\/","name":"Xanthelasma Removal","description":"The Xanthelasma Removal Solutions!","potentialAction":[{"@type":"SearchAction","target":{"@type":"EntryPoint","urlTemplate":"https:\/\/xanthelasmaremoval.com\/?s={search_term_string}"},"query-input":{"@type":"PropertyValueSpecification","valueRequired":true,"valueName":"search_term_string"}}],"inLanguage":"es"}]}},"_links":{"self":[{"href":"https:\/\/xanthelasmaremoval.com\/es\/wp-json\/wp\/v2\/pages\/135"}],"collection":[{"href":"https:\/\/xanthelasmaremoval.com\/es\/wp-json\/wp\/v2\/pages"}],"about":[{"href":"https:\/\/xanthelasmaremoval.com\/es\/wp-json\/wp\/v2\/types\/page"}],"author":[{"embeddable":true,"href":"https:\/\/xanthelasmaremoval.com\/es\/wp-json\/wp\/v2\/users\/66"}],"replies":[{"embeddable":true,"href":"https:\/\/xanthelasmaremoval.com\/es\/wp-json\/wp\/v2\/comments?post=135"}],"version-history":[{"count":124,"href":"https:\/\/xanthelasmaremoval.com\/es\/wp-json\/wp\/v2\/pages\/135\/revisions"}],"predecessor-version":[{"id":12929,"href":"https:\/\/xanthelasmaremoval.com\/es\/wp-json\/wp\/v2\/pages\/135\/revisions\/12929"}],"up":[{"embeddable":true,"href":"https:\/\/xanthelasmaremoval.com\/es\/wp-json\/wp\/v2\/pages\/55"}],"wp:attachment":[{"href":"https:\/\/xanthelasmaremoval.com\/es\/wp-json\/wp\/v2\/media?parent=135"}],"curies":[{"name":"wp","href":"https:\/\/api.w.org\/{rel}","templated":true}]}}