{"id":14386,"date":"2022-04-11T08:47:27","date_gmt":"2022-04-11T08:47:27","guid":{"rendered":"https:\/\/xanthelasmaremoval.com\/?page_id=14386"},"modified":"2022-04-11T08:47:27","modified_gmt":"2022-04-11T08:47:27","slug":"istruzioni-per-la-cheratosi-seborroica","status":"publish","type":"page","link":"https:\/\/xanthelasmaremoval.com\/es\/istruzioni-per-la-cheratosi-seborroica\/","title":{"rendered":"(English) Istruzioni per la cheratosi seborroica"},"content":{"rendered":"<p class=\"qtranxs-available-languages-message qtranxs-available-languages-message-es\">Disculpa, pero esta entrada est\u00e1 disponible s\u00f3lo en <a href=\"https:\/\/xanthelasmaremoval.com\/en\/wp-json\/wp\/v2\/pages\/14386\" class=\"qtranxs-available-language-link qtranxs-available-language-link-en\" title=\"English\">English<\/a>. For the sake of viewer convenience, the content is shown below in the alternative language. You may click the link to switch the active language.<\/p><p>[vc_row][vc_column][vc_column_text]<strong>Ricordati di lasciare una recensione. Le migliori recensioni ti daranno un XanthRemover gratuito. Contattaci per ottenere il tuo XanthRemover gratuito.<\/strong>[\/vc_column_text][\/vc_column][\/vc_row][vc_row][vc_column][vc_column_text]Se hai acquistato uno dei nostri peeling cosmetici in gel di acido glicolico di alta qualit\u00e0 come il nostro XanthRemover, congratulazioni. Ora sei sulla strada per raggiungere e goderti i grandi risultati estetici, gli stessi raggiunti nelle migliori cliniche estetiche. Prima di XanthRemover, i risultati sorprendenti dei peeling chimici di alta qualit\u00e0 erano possibili solo presso l&#8217;ufficio del dermatologo o nelle migliori cliniche cosmetiche. Ora puoi eseguire questi trattamenti estetici top in tutta sicurezza comodamente da casa tua[\/vc_column_text][\/vc_column][\/vc_row][vc_row][vc_column][vc_column_text]I peeling professionali presso le cliniche cosmetiche vengono addebitati di solito a partire da 100 dollari per sessione. I risultati dei peeling cutanei professionali sono straordinari e sarai in grado di ottenere ottimi risultati in termini di elasticit\u00e0 della pelle, riduzione delle rughe, rimozione delle macchie solari e molti altri vantaggi. Questo \u00e8 il motivo dei prezzi elevati di questo tipo di trattamento cosmetico professionale. Oggi XanthRemover ti porta a casa gli stessi risultati che ottieni solo nelle cliniche cosmetiche, ma comodamente da casa e ad una piccola frazione del prezzo. XanthRemover ti offre il know-how e il peeling di livello professionale per ottenere i risultati desiderati comodamente da casa tua.[\/vc_column_text][\/vc_column][\/vc_row][vc_row][vc_column][vc_column_text]Lo Xanth Remover ha le stesse caratteristiche dei peeling per la pelle di livello professionale utilizzati nelle cliniche cosmetiche. \u00c8 progettato per l&#8217;uso nelle cliniche cosmetiche e per l&#8217;uso domestico.[\/vc_column_text][\/vc_column][\/vc_row][vc_row][vc_column][vc_column_text]Il numero tipico di applicazioni viso peeling su tutta la pelle con XanthRemover \u00e8 20. Pertanto, alle tariffe attuali, puoi aspettarti un valore consegnabile di oltre 2000 dollari USA con un singolo XanthRemover. Ci\u00f2 non tiene conto del tempo necessario per recarsi alle cliniche, delle spese di consulenza, ecc.[\/vc_column_text][\/vc_column][\/vc_row][vc_row][vc_column][vc_column_text]<\/p>\n<ul>\n<li>Le applicazioni dei peeling profondi che utilizzano questo gel di acido glicolico di alta qualit\u00e0 di tipo pf sono:<\/li>\n<li>Serraggio della palpebra superiore quando si esegue il peeling chimico sulle palpebre superiori.<\/li>\n<li>Serraggio della palpebra inferiore quando si esegue il peeling chimico sulla zona della palpebra inferiore.<\/li>\n<li>Attenuazione delle zampe di gallina quando il peeling chimico viene eseguito sulla zona intorno agli occhi.<\/li>\n<li>Ringiovanimento generale della pelle e attenuazione delle rughe quando eseguito su tutto il viso<\/li>\n<li>Rimozione delle macchie solari tramite esfoliazione.<\/li>\n<li>Rimozione delle macchie dell&#8217;et\u00e0 attraverso l&#8217;esfoliazione.<\/li>\n<li>Rimozione del siringoma.<\/li>\n<li>Rimozione delle smagliature.<\/li>\n<\/ul>\n<p>[\/vc_column_text][\/vc_column][\/vc_row][vc_row][vc_column][vc_column_text]<strong>Perch\u00e9 \u00e8 molto importante comprendere e seguire le istruzioni per l&#8217;uso quando si utilizza il peeling in gel di acido glicolico di alta qualit\u00e0.<\/strong>[\/vc_column_text][vc_column_text]Nel corso degli anni abbiamo venduto diverse migliaia di peeling in gel di acido glicolico di alta qualit\u00e0 in tutto il mondo e abbiamo ricevuto ottimi riscontri dalla maggior parte dei nostri clienti (90% o pi\u00f9), tuttavia ai margini (10% o meno) riceviamo feedback molto contrastanti. Sebbene la stragrande maggioranza dei feedback sia eccellente, il che ci ha dato la sicurezza di fornire la garanzia di rimborso completa, c&#8217;\u00e8 sempre stato un feedback estremo marginale. una minoranza di persone ha affermato che il prodotto ha bruciato la pelle e altri hanno affermato che non ha avuto alcun effetto (nessuna bruciatura, niente peeling). Come \u00e8 possibile? Una minoranza di persone afferma che \u00e8 cos\u00ec stringato da essere pericoloso, mentre altri dicono che non fa nulla&#8230; Ci sono diversi fattori che contribuiscono a questo. La principale \u00e8 la modalit\u00e0 di utilizzo del prodotto. A seconda di come utilizzerai il prodotto avrai risultati molto diversi. Ma l&#8217;altro fattore \u00e8 il tipo di pelle su cui viene utilizzato il prodotto. Alcune persone non eseguono i patch test che sono progettati per insegnare all&#8217;utente gli effetti del prodotto sul loro particolare tipo di parentela. Invariabilmente alcune persone saltano questo processo e vanno avanti e applicano il prodotto sulle palpebre ad esempio per un&#8217;ora e poi finiscono con le palpebre gonfie per un po&#8217; e si preoccupano. Altri sono estremamente cauti e applicano il prodotto solo per 10 minuti alla volta e si sentono frustrati per la mancanza di risultati. Quindi \u00e8 fondamentale comprendere le istruzioni che prendono il tuo tempo per familiarizzare con il modo in cui questo tipo di potente gel di acido glicolico funziona.[\/vc_column_text][\/vc_column][\/vc_row][vc_row][vc_column][vc_column_text]L&#8217;alto grado (70% di gel di acido glicolico) sono molto potenti ablatori della pelle e come tali devono essere usati con la massima cura ed esperienza possibile. Questo tipo di prodotto \u00e8 molto simile a qualsiasi strumento estetico per l&#8217;ablazione cutanea. Questo tipo di prodotto pu\u00f2 produrre risultati molto diversi in base a come viene utilizzato e al tipo di pelle su cui viene utilizzato. Nonostante le informazioni dettagliate sulle istruzioni, una piccolissima minoranza di persone (dal 10% al 5% della nostra base clienti) trascura i patch test e lo applicano solo per 10 minuti mentre altri lo lasciano sull&#8217;area per ore ottenendo risultati molto diversi. Quelli che lo applicano solo per 10 minuti di solito non hanno alcun effetto e si lamentano che il prodotto non funziona e quelli che lo applicano per ore a volte si lamentano che il prodotto \u00e8 troppo forte e sentono che il prodotto li ha bruciati. Come vedrai pi\u00f9 avanti, anche una minoranza molto piccola delle persone che usano questo tipo di gel, anche se hanno applicato sulla zona per ore, sperimentano pochissime ustioni ed esfoliazioni, questo perch\u00e9 alcuni tipi di pelle sono molto grassa. Ha detto che la stragrande maggioranza (90% o pi\u00f9) della nostra base di clienti \u00e8 in grado di seguire le presentazioni e risolvere i problemi se le cose non vanno come previsto.[\/vc_column_text][\/vc_column][\/vc_row][vc_row][vc_column][vc_column_text]<strong>Perch\u00e9 il patch test e perch\u00e9 \u00e8 cos\u00ec importante?<\/strong>[\/vc_column_text][vc_column_text]I peeling in gel di acido glicolico di alta qualit\u00e0 sono potenti ablatori. Il grado di ustione dipende da tre fattori:<\/p>\n<p>1 la durata delle domande<\/p>\n<p>2L&#8217;area dell&#8217;applicazione, su quale parte della pelle \u00e8 stato applicato il gel.<\/p>\n<p>3 la quantit\u00e0 di olio sulla pelle.[\/vc_column_text][\/vc_column][\/vc_row][vc_row][vc_column][vc_column_text]Pertanto non ci sono istruzioni prestabilite per questo prodotto che si adattino a tutte le applicazioni ea tutte le persone allo stesso modo. Ognuno ha un tipo di pelle diverso e quindi una reazione diversa all&#8217;acido glicolico di alta qualit\u00e0 per la sua particolare applicazione estetica. la palpebra superiore per stringere la palpebra superiore, ad esempio, una persona pu\u00f2 ottenere i risultati di esfoliazione desiderati senza alcuno sgrassaggio particolare e solo 40 minuti di applicazione, mentre qualcun altro potrebbe richiedere lo sgrassaggio con aceto e un&#8217;applicazione di 1 ora per ottenere i risultati di esfoliazione desiderati.[\/vc_column_text][\/vc_column][\/vc_row][vc_row][vc_column][vc_column_text]<strong>Durata della domanda.<\/strong>[\/vc_column_text][vc_column_text]Gli effetti dei gel di acido glicolico di alta qualit\u00e0 dipendono dal tempo di applicazione. Generalmente pi\u00f9 a lungo viene applicato il peeling chimico sulla pelle, pi\u00f9 profondi saranno gli effetti. In un peeling chimico cosmetico tradizionale, il professionista estetico (o dermatologo) utilizza un neutralizzante dopo un determinato periodo di tempo per fermare gli effetti di ablazione della soluzione di peeling chimico. Di solito, il peeling chimico \u00e8 un acido relativamente potente e il neutralizzante \u00e8 una base. D&#8217;altra parte, quando si applica un Think Gel, il processo \u00e8 diverso. Non c&#8217;\u00e8 bisogno di un neutralizzante gli effetti ablativi della buccia vengono semplicemente fermati lavando la zona con acqua.[\/vc_column_text][vc_column_text]<strong>Su quale area della pelle \u00e8 stato applicato il gel.<\/strong>[\/vc_column_text][vc_column_text]Diverse aree della pelle hanno diverse modalit\u00e0 di applicazione. Ad esempio, l&#8217;area della palpebra superiore \u00e8 pi\u00f9 delicata e sperimenta non solo esfoliazione ma anche gonfiore che non \u00e8 limitato all&#8217;area della palpebra superiore. Considerando che se il gel viene utilizzato per attenuare le smagliature o l&#8217;attenuazione della cicatrice dell&#8217;acne, l&#8217;area di applicazione di solito \u00e8 molto meno delicata dell&#8217;area della palpebra superiore.[\/vc_column_text][vc_column_text]Esistono quindi zone pi\u00f9 delicate che esfoliano e reagiscono in modo diverso rispetto ad altre e la modalit\u00e0 di applicazione differisce di conseguenza. Anche gli effetti su[\/vc_column_text][vc_column_text]<strong>La quantit\u00e0 di olio sulla pelle e gli effetti ablativi dell&#8217;acido glicolico.<\/strong>[\/vc_column_text][vc_column_text]Naturalmente, la pelle produce uno strato oleoso che la protegge dal mondo esterno. Questo \u00e8 chiamato la barriera del sebo. Questa sostanza agisce come un protettore dal mondo esterno e la pelle la produce continuamente. Questa barriera al sebo funge anche da barriera molto efficace ai peeling chimici.<\/p>\n<p>Persone diverse producono diverse quantit\u00e0 di sebo sulla loro pelle. Pertanto persone diverse presentano risultati diversi alla stessa applicazione del prodotto eseguita in modo simile, ad esempio, la persona A potrebbe avere un grado di esfoliazione molto elevato quando il gel di alta qualit\u00e0 viene applicato per 30 minuti mentre la stessa durata dell&#8217;applicazione sulla persona B non ha alcun effetto qualunque cosa. Questo accade molto spesso. La reazione cutanea di ogni persona pu\u00f2 differire notevolmente da un&#8217;altra. Alcune persone sperimentano un alto grado di.[\/vc_column_text][\/vc_column][\/vc_row][vc_row][vc_column][vc_column_text]<strong>Come preparare la pelle all&#8217;esfoliazione con il gel di acido glicolico High Grade 70% Like the Xanth Remover.<\/strong>[\/vc_column_text][\/vc_column][\/vc_row][vc_row][vc_column][vc_column_text]\u00c8 molto importante preparare la pelle o l&#8217;area in cui si desidera applicare il gel di acido glicolico in modo da ottenere gli effetti esfolianti della pelle desiderati. La parte pi\u00f9 importante della preparazione \u00e8 lo sgrassaggio della pelle.[\/vc_column_text][vc_column_text]<strong>Perch\u00e9 \u00e8 cos\u00ec importante ridurre la pelle prima di eseguire il peeling chimico della pelle con il gel di acido glicolico?<\/strong>[\/vc_column_text][vc_column_text]La pelle ha uno strato di grasso oleoso che ha lo scopo di proteggere la pelle dalle intemperie e da diversi agenti. Questi strati proteggono anche la pelle dagli effetti ablativi dell&#8217;acido glicolico.[\/vc_column_text][vc_column_text]Se vai dall&#8217;ufficio del dermatologo per un trattamento peeling chimico professionale, quello che scoprirai \u00e8 che il Cosmetic Practitioner dei dermatologi ha una procedura durante la quale la tua pelle viene sgrassata prima di applicare qualsiasi peeling chimico per aprire il viso. Questo strato di protezione dal grasso non \u00e8 distribuito uniformemente sulla pelle di nessuno, alcune aree ne hanno di pi\u00f9 e altre ne hanno di meno. Se applichi il gel di acido glicolico di alta qualit\u00e0 sulla pelle senza diminuirlo, vedrai come alcune aree esfoliano pi\u00f9 di altre. \u00c8 come se l&#8217;espiazione avvenisse a chiazze.[\/vc_column_text][\/vc_column][\/vc_row]<\/p>","protected":false},"excerpt":{"rendered":"<p>Disculpa, pero esta entrada est\u00e1 disponible s\u00f3lo en English. For the sake of viewer convenience, the content is shown below&#8230;<\/p>\n","protected":false},"author":66,"featured_media":0,"parent":0,"menu_order":0,"comment_status":"closed","ping_status":"closed","template":"","meta":{"footnotes":""},"class_list":["post-14386","page","type-page","status-publish","hentry"],"yoast_head":"<!-- This site is optimized with the Yoast SEO plugin v24.3 - https:\/\/yoast.com\/wordpress\/plugins\/seo\/ -->\n<title><\/title>\n<meta name=\"robots\" content=\"index, follow, max-snippet:-1, max-image-preview:large, max-video-preview:-1\" \/>\n<link rel=\"canonical\" href=\"https:\/\/xanthelasmaremoval.com\/istruzioni-per-la-cheratosi-seborroica\/\" \/>\n<meta property=\"og:locale\" content=\"es_ES\" \/>\n<meta property=\"og:type\" content=\"article\" \/>\n<meta property=\"og:title\" content=\"[:en]Istruzioni per la cheratosi seborroica[:] - Xanthelasma Removal\" \/>\n<meta property=\"og:description\" content=\"Disculpa, pero esta entrada est\u00e1 disponible s\u00f3lo en English. For the sake of viewer convenience, the content is shown below...\" \/>\n<meta property=\"og:url\" content=\"https:\/\/xanthelasmaremoval.com\/istruzioni-per-la-cheratosi-seborroica\/\" \/>\n<meta property=\"og:site_name\" content=\"Xanthelasma Removal\" \/>\n<meta name=\"twitter:card\" content=\"summary_large_image\" \/>\n<meta name=\"twitter:label1\" content=\"Tiempo de lectura\" \/>\n\t<meta name=\"twitter:data1\" content=\"8 minutos\" \/>\n<script type=\"application\/ld+json\" class=\"yoast-schema-graph\">{\"@context\":\"https:\/\/schema.org\",\"@graph\":[{\"@type\":\"WebPage\",\"@id\":\"https:\/\/xanthelasmaremoval.com\/istruzioni-per-la-cheratosi-seborroica\/\",\"url\":\"https:\/\/xanthelasmaremoval.com\/istruzioni-per-la-cheratosi-seborroica\/\",\"name\":\"[:en]Istruzioni per la cheratosi seborroica[:] - Xanthelasma Removal\",\"isPartOf\":{\"@id\":\"https:\/\/xanthelasmaremoval.com\/#website\"},\"datePublished\":\"2022-04-11T08:47:27+00:00\",\"dateModified\":\"2022-04-11T08:47:27+00:00\",\"breadcrumb\":{\"@id\":\"https:\/\/xanthelasmaremoval.com\/istruzioni-per-la-cheratosi-seborroica\/#breadcrumb\"},\"inLanguage\":\"es\",\"potentialAction\":[{\"@type\":\"ReadAction\",\"target\":[\"https:\/\/xanthelasmaremoval.com\/istruzioni-per-la-cheratosi-seborroica\/\"]}]},{\"@type\":\"BreadcrumbList\",\"@id\":\"https:\/\/xanthelasmaremoval.com\/istruzioni-per-la-cheratosi-seborroica\/#breadcrumb\",\"itemListElement\":[{\"@type\":\"ListItem\",\"position\":1,\"name\":\"Home\",\"item\":\"https:\/\/xanthelasmaremoval.com\/\"},{\"@type\":\"ListItem\",\"position\":2,\"name\":\"Istruzioni per la cheratosi seborroica\"}]},{\"@type\":\"WebSite\",\"@id\":\"https:\/\/xanthelasmaremoval.com\/#website\",\"url\":\"https:\/\/xanthelasmaremoval.com\/\",\"name\":\"Xanthelasma Removal\",\"description\":\"The Xanthelasma Removal Solutions!\",\"potentialAction\":[{\"@type\":\"SearchAction\",\"target\":{\"@type\":\"EntryPoint\",\"urlTemplate\":\"https:\/\/xanthelasmaremoval.com\/?s={search_term_string}\"},\"query-input\":{\"@type\":\"PropertyValueSpecification\",\"valueRequired\":true,\"valueName\":\"search_term_string\"}}],\"inLanguage\":\"es\"}]}<\/script>\n<!-- \/ Yoast SEO plugin. -->","yoast_head_json":{"title":"[:en]Istruzioni per la cheratosi seborroica[:] - Xanthelasma Removal","robots":{"index":"index","follow":"follow","max-snippet":"max-snippet:-1","max-image-preview":"max-image-preview:large","max-video-preview":"max-video-preview:-1"},"canonical":"https:\/\/xanthelasmaremoval.com\/istruzioni-per-la-cheratosi-seborroica\/","og_locale":"es_ES","og_type":"article","og_title":"[:en]Istruzioni per la cheratosi seborroica[:] - Xanthelasma Removal","og_description":"Disculpa, pero esta entrada est\u00e1 disponible s\u00f3lo en English. For the sake of viewer convenience, the content is shown below...","og_url":"https:\/\/xanthelasmaremoval.com\/istruzioni-per-la-cheratosi-seborroica\/","og_site_name":"Xanthelasma Removal","twitter_card":"summary_large_image","twitter_misc":{"Tiempo de lectura":"8 minutos"},"schema":{"@context":"https:\/\/schema.org","@graph":[{"@type":"WebPage","@id":"https:\/\/xanthelasmaremoval.com\/istruzioni-per-la-cheratosi-seborroica\/","url":"https:\/\/xanthelasmaremoval.com\/istruzioni-per-la-cheratosi-seborroica\/","name":"[:en]Istruzioni per la cheratosi seborroica[:] - Xanthelasma Removal","isPartOf":{"@id":"https:\/\/xanthelasmaremoval.com\/#website"},"datePublished":"2022-04-11T08:47:27+00:00","dateModified":"2022-04-11T08:47:27+00:00","breadcrumb":{"@id":"https:\/\/xanthelasmaremoval.com\/istruzioni-per-la-cheratosi-seborroica\/#breadcrumb"},"inLanguage":"es","potentialAction":[{"@type":"ReadAction","target":["https:\/\/xanthelasmaremoval.com\/istruzioni-per-la-cheratosi-seborroica\/"]}]},{"@type":"BreadcrumbList","@id":"https:\/\/xanthelasmaremoval.com\/istruzioni-per-la-cheratosi-seborroica\/#breadcrumb","itemListElement":[{"@type":"ListItem","position":1,"name":"Home","item":"https:\/\/xanthelasmaremoval.com\/"},{"@type":"ListItem","position":2,"name":"Istruzioni per la cheratosi seborroica"}]},{"@type":"WebSite","@id":"https:\/\/xanthelasmaremoval.com\/#website","url":"https:\/\/xanthelasmaremoval.com\/","name":"Xanthelasma Removal","description":"The Xanthelasma Removal Solutions!","potentialAction":[{"@type":"SearchAction","target":{"@type":"EntryPoint","urlTemplate":"https:\/\/xanthelasmaremoval.com\/?s={search_term_string}"},"query-input":{"@type":"PropertyValueSpecification","valueRequired":true,"valueName":"search_term_string"}}],"inLanguage":"es"}]}},"_links":{"self":[{"href":"https:\/\/xanthelasmaremoval.com\/es\/wp-json\/wp\/v2\/pages\/14386"}],"collection":[{"href":"https:\/\/xanthelasmaremoval.com\/es\/wp-json\/wp\/v2\/pages"}],"about":[{"href":"https:\/\/xanthelasmaremoval.com\/es\/wp-json\/wp\/v2\/types\/page"}],"author":[{"embeddable":true,"href":"https:\/\/xanthelasmaremoval.com\/es\/wp-json\/wp\/v2\/users\/66"}],"replies":[{"embeddable":true,"href":"https:\/\/xanthelasmaremoval.com\/es\/wp-json\/wp\/v2\/comments?post=14386"}],"version-history":[{"count":0,"href":"https:\/\/xanthelasmaremoval.com\/es\/wp-json\/wp\/v2\/pages\/14386\/revisions"}],"wp:attachment":[{"href":"https:\/\/xanthelasmaremoval.com\/es\/wp-json\/wp\/v2\/media?parent=14386"}],"curies":[{"name":"wp","href":"https:\/\/api.w.org\/{rel}","templated":true}]}}