{"id":1472,"date":"2013-12-20T16:30:10","date_gmt":"2013-12-20T16:30:10","guid":{"rendered":"http:\/\/new.xanthelasmaremoval.com\/?page_id=1472"},"modified":"2020-09-24T07:15:18","modified_gmt":"2020-09-24T07:15:18","slug":"after-xanthelasma-removal","status":"publish","type":"page","link":"https:\/\/xanthelasmaremoval.com\/es\/xanthremover\/after-xanthelasma-removal\/","title":{"rendered":"Despu\u00e9s de la eliminaci\u00f3n del Xantelasma"},"content":{"rendered":"<p>[vc_row][vc_column]<div class=\"sc-youtube sc-wrapbox sc-wrapbox-style-default rounded-corners sc-wrapbox-position-below\" style=\"width: 100%;\"><div class=\"sc-wrapbox-inner sc-ratio-style\" style=\"padding-top: 50%\"><iframe loading=\"lazy\" class=\"sc-wrapbox-element img-responsive\" width=\"100%\" height=\"300\" frameborder=\"0\" scrolling=\"no\" marginheight=\"0\" marginwidth=\"0\" src=\"\/\/www.youtube.com\/embed\/cRlFxvFJGe0?rel=0&amp;wmode=opaque\"><\/iframe><\/div><\/div>[vc_zigzag][\/vc_column][\/vc_row][vc_row][vc_column width=\u00bb1\/2&#8243;][vc_column_text]<\/p>\n<h2>\u00bfQu\u00e9 sucede despu\u00e9s de que el Xantelasma se elimina?<\/h2>\n<p>Los peelings formulados est\u00e1n adecuadamente para adaptarse a cada tipo de piel y el xantelasma espec\u00edficos para que no causen cicatrices. Por supuesto, esto se debe a que la ablaci\u00f3n no alcanza las partes profundas de la dermis.<\/p>\n<p>Sin embargo, despu\u00e9s de que el xantelasma ha sido eliminado, la nueva piel crece en lugar del Xantelasma removido. Inicialmente, la nueva piel tendr\u00e1 una textura diferente y no se pigmentar\u00e1 como el resto de la piel. A veces, esta diferencia en la textura y el color de la piel misma se confunde con una cicatriz.[\/vc_column_text][\/vc_column][vc_column width=\u00bb1\/2&#8243;][vc_single_image image=\u00bb11196&#8243; img_size=\u00bbfull\u00bb][\/vc_column][\/vc_row][vc_row full_width=\u00bbstretch_row\u00bb el_class=\u00bbwhite\u00bb css=\u00bb.vc_custom_1550237547348{background-color: #58abb7 !important;}\u00bb][vc_column][vc_column_text]<\/p>\n<h2 style=\"color: #ffffff; text-align: justify;\">\u00bfPOR QU\u00c9 OCURRE ESTE FEN\u00d3MENO?<\/h2>\n<p><strong>Ahora, \u00bfrecuerda cu\u00e1ndo usted tuvo una herida superficial y se cicatriz\u00f3 sin mayores complicaciones (es decir, sin infecciones)?<\/strong><\/p>\n<p><b>Como\u00a0 sucedi\u00f3 en el pasado, despu\u00e9s de que una herida superficial se cicatriz\u00f3 y la costra se haya ca\u00eddo, la nueva piel se ve\u00eda muy diferente al resto \u00bfVerdad?. Adem\u00e1s, es posible que tambi\u00e9n haya notado que la nueva piel que se form\u00f3 en ese momento tambi\u00e9n podr\u00eda verse ligeramente levantada en comparaci\u00f3n con la piel circundante. En cierto momento se le hab\u00eda olvidado que usted tenia una herida abierta, cicatriz\u00f3 y ahora no sabe donde ubicarla debido a que ya esta cicatrizada en la cual se ha mezclado el pigmento de piel con el resto.<\/b>[\/vc_column_text][\/vc_column][\/vc_row][vc_row][vc_column][vc_column_text]<\/p>\n<h2 style=\"text-align: justify;\">\u00bfC\u00f3mo funciona este acontecimiento?<\/h2>\n<p>Si el Xantelasma se ha eliminado correctamente, la textura diferente de la piel se desvanecer\u00e1 con el tiempo. La diferencia en la textura de la piel puede durar entre dos y seis meses, dependiendo de cada individuo. La buena noticia es que es muy f\u00e1cil acelerar el proceso de fusi\u00f3n para que las personas nunca se den cuenta de que se ha realizado alg\u00fan tratamiento en el \u00e1rea de los p\u00e1rpados de la cara.<\/p>\n<p><img loading=\"lazy\" decoding=\"async\" class=\"size-full wp-image-10019 alignright\" src=\"https:\/\/xanthelasmaremoval.com\/wp-content\/uploads\/2019\/02\/Fig8_180_135_6773.jpg\" alt=\"\" width=\"180\" height=\"135\" \/><\/p>\n<p>La mejor soluci\u00f3n es el uso de peelings suaves seguidas de una loci\u00f3n que contenga factor de crecimiento para acelerar el proceso natural de regeneraci\u00f3n de la piel. Es muy importante seleccionar la piel adecuada para el tipo de piel en el \u00e1rea del p\u00e1rpado.<\/p>\n<p>Por supuesto, el tipo de peeling que se utilizar\u00e1 para acelerar el proceso de mezcla es muy diferente del utilizado para la ablaci\u00f3n del xantelasma para su eliminaci\u00f3n. Adem\u00e1s, el \u00e1rea del p\u00e1rpado es m\u00e1s sensible que el resto de la cara, por lo tanto, el peeling\u00a0 debe ser m\u00e1s suave que otros peelings utilizados para el rejuvenecimiento de la piel.<\/p>\n<p>La funci\u00f3n de los peelings cosm\u00e9ticas de belleza es la ablaci\u00f3n leve de la epidermis y estimular los fibroblastos, de esta manera la regeneraci\u00f3n natural entra en acci\u00f3n. Sin embargo, si se va a acelerar el nuevo crecimiento, se debe usar una crema hidratante con factor de crecimiento poco despu\u00e9s.[\/vc_column_text][\/vc_column][\/vc_row][vc_row full_width=\u00bbstretch_row\u00bb css=\u00bb.vc_custom_1564484950128{background-image: url(https:\/\/xanthelasmaremoval.com\/wp-content\/uploads\/2019\/03\/bg_header.png?id=10873) !important;}\u00bb][vc_column][vc_column_text]<span style=\"color: #ffffff;\">Normalmente se sugiere usar crema hidratante porque el efecto inmediato posterior a los peelings cosm\u00e9ticas son a menudo piel seca. Adem\u00e1s, se debe usar protecci\u00f3n solar durante el per\u00edodo de regeneraci\u00f3n de la piel. Esto se debe a que si la piel est\u00e1 expuesta al sol mientras se regenera, los rayos ultravioleta son m\u00e1s propensos a da\u00f1ar el ADN, por lo tanto, a causar mutaciones celulares. Esta es la raz\u00f3n principal por la cual si la exposici\u00f3n prolongada al sol despu\u00e9s del uso de peelings cosm\u00e9ticos, la probabilidad de desarrollar lentigos solares aumenta dr\u00e1sticamente.<\/span><\/p>\n<p><span style=\"color: #ffffff;\">Por lo tanto, despu\u00e9s del tratamiento para la eliminaci\u00f3n de Xantelasma, para acelerar el proceso de desvanecimiento de la nueva piel, que crece poco despu\u00e9s de la ablaci\u00f3n de Xanthelasma, se puede llevar a cabo el siguiente protocolo:<\/span><\/p>\n<p><span style=\"color: #ffffff;\"><img loading=\"lazy\" decoding=\"async\" class=\"size-full wp-image-12053 alignleft\" src=\"https:\/\/xanthelasmaremoval.com\/wp-content\/uploads\/2019\/07\/images-2.jpeg\" alt=\"\" width=\"225\" height=\"225\" srcset=\"https:\/\/xanthelasmaremoval.com\/wp-content\/uploads\/2019\/07\/images-2.jpeg 225w, https:\/\/xanthelasmaremoval.com\/wp-content\/uploads\/2019\/07\/images-2-100x100.jpeg 100w, https:\/\/xanthelasmaremoval.com\/wp-content\/uploads\/2019\/07\/images-2-150x150.jpeg 150w\" sizes=\"(max-width: 225px) 100vw, 225px\" \/><\/span><\/p>\n<ul>\n<li><span style=\"color: #ffffff;\">Aplique el <strong>peeling adecuado<\/strong> en toda la cara. Es importante que el paciente comience a aplicar el peeling personalizado a partir del \u00e1rea de los ojos y la extienda por el resto del rostro.<\/span><\/li>\n<li><span style=\"color: #ffffff;\">Despu\u00e9s de que la piel vieja se haya despegado por completo, aplique protector solar dos veces al d\u00eda, una vez por la ma\u00f1ana y una vez despu\u00e9s del almuerzo. La aplicaci\u00f3n en la ma\u00f1ana proteger\u00e1 la piel de la exposici\u00f3n ocasional al sol. La aplicaci\u00f3n poco despu\u00e9s de la hora del almuerzo (aproximadamente a la 1:00 p.m.) proteger\u00e1 la piel de la exposici\u00f3n ocasional al sol durante toda la tarde hasta la noche.<\/span><\/li>\n<li><span style=\"color: #ffffff;\">Aplicar una crema hidratante que contenga factor de crecimiento. El factor de crecimiento estimular\u00e1 y catalizar\u00e1 el proceso de regeneraci\u00f3n natural de la piel. Este refuerzo se puede aplicar una vez por la noche para que la regeneraci\u00f3n celular ocurra durante la noche una vez que la exposici\u00f3n al sol no sea posible, minimizando los riesgos de da\u00f1o solar.<\/span><\/li>\n<\/ul>\n<p>[\/vc_column_text][\/vc_column][\/vc_row][vc_row][vc_column][vc_column_text]<\/p>\n<h2>Lea las preguntas frecuentes sobre los Xantelasmas<\/h2>\n<p>Si todav\u00eda est\u00e1 confundido sobre los xantelasmas y tiene preguntas, consulte la secci\u00f3n de preguntas frecuentes en el bot\u00f3n de abajo[\/vc_column_text]<div class=\"sc-youtube sc-wrapbox sc-wrapbox-style-default rounded-corners sc-wrapbox-position-below\" style=\"width: 100%;\"><div class=\"sc-wrapbox-inner sc-ratio-style\" style=\"padding-top: 50%\"><iframe loading=\"lazy\" class=\"sc-wrapbox-element img-responsive\" width=\"100%\" height=\"300\" frameborder=\"0\" scrolling=\"no\" marginheight=\"0\" marginwidth=\"0\" src=\"\/\/www.youtube.com\/embed\/FzTyL8Uh2bY?rel=0&amp;wmode=opaque\"><\/iframe><\/div><\/div>[vc_btn title=\u00bbLos mitos sobre el Xantelasma\u00bb color=\u00bbprimary\u00bb link=\u00bburl:http%3A%2F%2Fxanthelasmaremoval.com%2Ffaq-about-xanthelasma-removal%2Fmyths-about-xanthelasma-removal%2F|||\u00bb][\/vc_column][\/vc_row]<\/p>","protected":false},"excerpt":{"rendered":"<p>[vc_row][vc_column][vc_zigzag][\/vc_column][\/vc_row][vc_row][vc_column width=\u00bb1\/2&#8243;][vc_column_text] \u00bfQu\u00e9 sucede despu\u00e9s de que el Xantelasma se elimina? Los peelings formulados est\u00e1n adecuadamente para adaptarse a cada&#8230;<\/p>\n","protected":false},"author":66,"featured_media":0,"parent":11,"menu_order":4,"comment_status":"closed","ping_status":"open","template":"","meta":{"footnotes":""},"class_list":["post-1472","page","type-page","status-publish","hentry"],"yoast_head":"<!-- This site is optimized with the Yoast SEO plugin v24.3 - https:\/\/yoast.com\/wordpress\/plugins\/seo\/ -->\n<title>Despu\u00e9s de la eliminaci\u00f3n del Xantelasma - Xanthelasma Removal<\/title>\n<meta name=\"robots\" content=\"index, follow, max-snippet:-1, max-image-preview:large, max-video-preview:-1\" \/>\n<link rel=\"canonical\" href=\"https:\/\/xanthelasmaremoval.com\/xanthremover\/after-xanthelasma-removal\/\" \/>\n<meta property=\"og:locale\" content=\"es_ES\" \/>\n<meta property=\"og:type\" content=\"article\" \/>\n<meta property=\"og:title\" content=\"[:en]After Xanthelasma Removal[:es]Despu\u00e9s de la eliminaci\u00f3n del Xantelasma[:] - Xanthelasma Removal\" \/>\n<meta property=\"og:description\" content=\"[vc_row][vc_column][vc_zigzag][\/vc_column][\/vc_row][vc_row][vc_column width=\u00bb1\/2&#8243;][vc_column_text] \u00bfQu\u00e9 sucede despu\u00e9s de que el Xantelasma se elimina? Los peelings formulados est\u00e1n adecuadamente para adaptarse a cada...\" \/>\n<meta property=\"og:url\" content=\"https:\/\/xanthelasmaremoval.com\/xanthremover\/after-xanthelasma-removal\/\" \/>\n<meta property=\"og:site_name\" content=\"Xanthelasma Removal\" \/>\n<meta property=\"article:modified_time\" content=\"2020-09-24T07:15:18+00:00\" \/>\n<meta property=\"og:image\" content=\"https:\/\/xanthelasmaremoval.com\/wp-content\/uploads\/2019\/02\/Fig8_180_135_6773.jpg\" \/>\n<meta name=\"twitter:card\" content=\"summary_large_image\" \/>\n<meta name=\"twitter:label1\" content=\"Tiempo de lectura\" \/>\n\t<meta name=\"twitter:data1\" content=\"9 minutos\" \/>\n<script type=\"application\/ld+json\" class=\"yoast-schema-graph\">{\"@context\":\"https:\/\/schema.org\",\"@graph\":[{\"@type\":\"WebPage\",\"@id\":\"https:\/\/xanthelasmaremoval.com\/xanthremover\/after-xanthelasma-removal\/\",\"url\":\"https:\/\/xanthelasmaremoval.com\/xanthremover\/after-xanthelasma-removal\/\",\"name\":\"[:en]After Xanthelasma Removal[:es]Despu\u00e9s de la eliminaci\u00f3n del Xantelasma[:] - Xanthelasma Removal\",\"isPartOf\":{\"@id\":\"https:\/\/xanthelasmaremoval.com\/#website\"},\"primaryImageOfPage\":{\"@id\":\"https:\/\/xanthelasmaremoval.com\/xanthremover\/after-xanthelasma-removal\/#primaryimage\"},\"image\":{\"@id\":\"https:\/\/xanthelasmaremoval.com\/xanthremover\/after-xanthelasma-removal\/#primaryimage\"},\"thumbnailUrl\":\"https:\/\/xanthelasmaremoval.com\/wp-content\/uploads\/2019\/02\/Fig8_180_135_6773.jpg\",\"datePublished\":\"2013-12-20T16:30:10+00:00\",\"dateModified\":\"2020-09-24T07:15:18+00:00\",\"breadcrumb\":{\"@id\":\"https:\/\/xanthelasmaremoval.com\/xanthremover\/after-xanthelasma-removal\/#breadcrumb\"},\"inLanguage\":\"es\",\"potentialAction\":[{\"@type\":\"ReadAction\",\"target\":[\"https:\/\/xanthelasmaremoval.com\/xanthremover\/after-xanthelasma-removal\/\"]}]},{\"@type\":\"ImageObject\",\"inLanguage\":\"es\",\"@id\":\"https:\/\/xanthelasmaremoval.com\/xanthremover\/after-xanthelasma-removal\/#primaryimage\",\"url\":\"https:\/\/xanthelasmaremoval.com\/wp-content\/uploads\/2019\/02\/Fig8_180_135_6773.jpg\",\"contentUrl\":\"https:\/\/xanthelasmaremoval.com\/wp-content\/uploads\/2019\/02\/Fig8_180_135_6773.jpg\"},{\"@type\":\"BreadcrumbList\",\"@id\":\"https:\/\/xanthelasmaremoval.com\/xanthremover\/after-xanthelasma-removal\/#breadcrumb\",\"itemListElement\":[{\"@type\":\"ListItem\",\"position\":1,\"name\":\"Home\",\"item\":\"https:\/\/xanthelasmaremoval.com\/\"},{\"@type\":\"ListItem\",\"position\":2,\"name\":\"XanthRemover\",\"item\":\"https:\/\/xanthelasmaremoval.com\/xanthremover\/\"},{\"@type\":\"ListItem\",\"position\":3,\"name\":\"After Xanthelasma Removal\"}]},{\"@type\":\"WebSite\",\"@id\":\"https:\/\/xanthelasmaremoval.com\/#website\",\"url\":\"https:\/\/xanthelasmaremoval.com\/\",\"name\":\"Xanthelasma Removal\",\"description\":\"The Xanthelasma Removal Solutions!\",\"potentialAction\":[{\"@type\":\"SearchAction\",\"target\":{\"@type\":\"EntryPoint\",\"urlTemplate\":\"https:\/\/xanthelasmaremoval.com\/?s={search_term_string}\"},\"query-input\":{\"@type\":\"PropertyValueSpecification\",\"valueRequired\":true,\"valueName\":\"search_term_string\"}}],\"inLanguage\":\"es\"}]}<\/script>\n<!-- \/ Yoast SEO plugin. -->","yoast_head_json":{"title":"[:en]After Xanthelasma Removal[:es]Despu\u00e9s de la eliminaci\u00f3n del Xantelasma[:] - Xanthelasma Removal","robots":{"index":"index","follow":"follow","max-snippet":"max-snippet:-1","max-image-preview":"max-image-preview:large","max-video-preview":"max-video-preview:-1"},"canonical":"https:\/\/xanthelasmaremoval.com\/xanthremover\/after-xanthelasma-removal\/","og_locale":"es_ES","og_type":"article","og_title":"[:en]After Xanthelasma Removal[:es]Despu\u00e9s de la eliminaci\u00f3n del Xantelasma[:] - Xanthelasma Removal","og_description":"[vc_row][vc_column][vc_zigzag][\/vc_column][\/vc_row][vc_row][vc_column width=\u00bb1\/2&#8243;][vc_column_text] \u00bfQu\u00e9 sucede despu\u00e9s de que el Xantelasma se elimina? Los peelings formulados est\u00e1n adecuadamente para adaptarse a cada...","og_url":"https:\/\/xanthelasmaremoval.com\/xanthremover\/after-xanthelasma-removal\/","og_site_name":"Xanthelasma Removal","article_modified_time":"2020-09-24T07:15:18+00:00","og_image":[{"url":"https:\/\/xanthelasmaremoval.com\/wp-content\/uploads\/2019\/02\/Fig8_180_135_6773.jpg","type":"","width":"","height":""}],"twitter_card":"summary_large_image","twitter_misc":{"Tiempo de lectura":"9 minutos"},"schema":{"@context":"https:\/\/schema.org","@graph":[{"@type":"WebPage","@id":"https:\/\/xanthelasmaremoval.com\/xanthremover\/after-xanthelasma-removal\/","url":"https:\/\/xanthelasmaremoval.com\/xanthremover\/after-xanthelasma-removal\/","name":"[:en]After Xanthelasma Removal[:es]Despu\u00e9s de la eliminaci\u00f3n del Xantelasma[:] - Xanthelasma Removal","isPartOf":{"@id":"https:\/\/xanthelasmaremoval.com\/#website"},"primaryImageOfPage":{"@id":"https:\/\/xanthelasmaremoval.com\/xanthremover\/after-xanthelasma-removal\/#primaryimage"},"image":{"@id":"https:\/\/xanthelasmaremoval.com\/xanthremover\/after-xanthelasma-removal\/#primaryimage"},"thumbnailUrl":"https:\/\/xanthelasmaremoval.com\/wp-content\/uploads\/2019\/02\/Fig8_180_135_6773.jpg","datePublished":"2013-12-20T16:30:10+00:00","dateModified":"2020-09-24T07:15:18+00:00","breadcrumb":{"@id":"https:\/\/xanthelasmaremoval.com\/xanthremover\/after-xanthelasma-removal\/#breadcrumb"},"inLanguage":"es","potentialAction":[{"@type":"ReadAction","target":["https:\/\/xanthelasmaremoval.com\/xanthremover\/after-xanthelasma-removal\/"]}]},{"@type":"ImageObject","inLanguage":"es","@id":"https:\/\/xanthelasmaremoval.com\/xanthremover\/after-xanthelasma-removal\/#primaryimage","url":"https:\/\/xanthelasmaremoval.com\/wp-content\/uploads\/2019\/02\/Fig8_180_135_6773.jpg","contentUrl":"https:\/\/xanthelasmaremoval.com\/wp-content\/uploads\/2019\/02\/Fig8_180_135_6773.jpg"},{"@type":"BreadcrumbList","@id":"https:\/\/xanthelasmaremoval.com\/xanthremover\/after-xanthelasma-removal\/#breadcrumb","itemListElement":[{"@type":"ListItem","position":1,"name":"Home","item":"https:\/\/xanthelasmaremoval.com\/"},{"@type":"ListItem","position":2,"name":"XanthRemover","item":"https:\/\/xanthelasmaremoval.com\/xanthremover\/"},{"@type":"ListItem","position":3,"name":"After Xanthelasma Removal"}]},{"@type":"WebSite","@id":"https:\/\/xanthelasmaremoval.com\/#website","url":"https:\/\/xanthelasmaremoval.com\/","name":"Xanthelasma Removal","description":"The Xanthelasma Removal Solutions!","potentialAction":[{"@type":"SearchAction","target":{"@type":"EntryPoint","urlTemplate":"https:\/\/xanthelasmaremoval.com\/?s={search_term_string}"},"query-input":{"@type":"PropertyValueSpecification","valueRequired":true,"valueName":"search_term_string"}}],"inLanguage":"es"}]}},"_links":{"self":[{"href":"https:\/\/xanthelasmaremoval.com\/es\/wp-json\/wp\/v2\/pages\/1472"}],"collection":[{"href":"https:\/\/xanthelasmaremoval.com\/es\/wp-json\/wp\/v2\/pages"}],"about":[{"href":"https:\/\/xanthelasmaremoval.com\/es\/wp-json\/wp\/v2\/types\/page"}],"author":[{"embeddable":true,"href":"https:\/\/xanthelasmaremoval.com\/es\/wp-json\/wp\/v2\/users\/66"}],"replies":[{"embeddable":true,"href":"https:\/\/xanthelasmaremoval.com\/es\/wp-json\/wp\/v2\/comments?post=1472"}],"version-history":[{"count":47,"href":"https:\/\/xanthelasmaremoval.com\/es\/wp-json\/wp\/v2\/pages\/1472\/revisions"}],"predecessor-version":[{"id":13697,"href":"https:\/\/xanthelasmaremoval.com\/es\/wp-json\/wp\/v2\/pages\/1472\/revisions\/13697"}],"up":[{"embeddable":true,"href":"https:\/\/xanthelasmaremoval.com\/es\/wp-json\/wp\/v2\/pages\/11"}],"wp:attachment":[{"href":"https:\/\/xanthelasmaremoval.com\/es\/wp-json\/wp\/v2\/media?parent=1472"}],"curies":[{"name":"wp","href":"https:\/\/api.w.org\/{rel}","templated":true}]}}