{"id":1487,"date":"2013-12-30T11:55:04","date_gmt":"2013-12-30T11:55:04","guid":{"rendered":"http:\/\/new.xanthelasmaremoval.com\/?page_id=1487"},"modified":"2021-09-14T08:35:39","modified_gmt":"2021-09-14T08:35:39","slug":"xanthelasma-removed-in-singapore","status":"publish","type":"page","link":"https:\/\/xanthelasmaremoval.com\/es\/xanthremover\/xanthelasma-removed-in-singapore\/","title":{"rendered":"Eliminaci\u00f3n de los Xantelasmas en Singapur"},"content":{"rendered":"<p>[vc_row][vc_column]<div class=\"clearboth\"><\/div><div class=\"sc-divider sc-divider-style-3\" style=\"\"><\/div><blockquote><p>Nuestro servicio de eliminaci\u00f3n del xantelasma tiene un alcance mundial. Eliminamos los Xantelasmas en todo el mundo. Este es un cliente de Singapur.<\/p><\/blockquote>[\/vc_column][\/vc_row][vc_row][vc_column width=\u00bb1\/2&#8243;][vc_single_image image=\u00bb9831&#8243; img_size=\u00bbfull\u00bb style=\u00bbvc_box_outline\u00bb][vc_column_text]<strong>El xantelasma antes\u00a0 de la aplicaci\u00f3n del XanthRemover<\/strong>[\/vc_column_text][\/vc_column][vc_column width=\u00bb1\/2&#8243;][vc_single_image image=\u00bb9832&#8243; img_size=\u00bbfull\u00bb style=\u00bbvc_box_outline\u00bb][vc_column_text]<strong>El xantelasma Despu\u00e9s\u00a0 de la aplicaci\u00f3n del XanthRemover<\/strong>[\/vc_column_text][\/vc_column][\/vc_row][vc_row][vc_column][vc_column_text]Ahora nos estamos alejando de las formulaciones basadas en el peeling del \u00c1cido tricloroac\u00e9tico para la eliminaci\u00f3n del xantelasma. Esto se debe a que algunos de nuestros clientes consideraron que el \u00c1cido tricloroac\u00e9tico era demasiado agresivo. Por lo tanto, despu\u00e9s de muchos ensayos cl\u00ednicos, desarrollamos formulaciones menos agresivas sin la necesidad del peeling del \u00c1cido tricloroac\u00e9tico. Nuestras formulaciones destruyen selectivamente los dep\u00f3sitos de grasa del Xantelasma. Todav\u00eda enviamos formulaciones de \u00c1cido tricloroac\u00e9tico, pero solo de vez en cuando, y solo en los casos en que el tipo de piel lo permita.<\/p>\n<p>El Sr. Theng en Singapur compr\u00f3 el XanthRemover en l\u00ednea seleccionando la garant\u00eda completa de devoluci\u00f3n de dinero. <strong>La mayor\u00eda de nuestros clientes seleccionan la opci\u00f3n menos costosa, <a href=\"https:\/\/xanthelasmaremoval.com\/es\/contact-us\/\">haga clic aqu\u00ed para ver m\u00e1s detalles<\/a><\/strong><\/p>\n<p>Una vez que recibi\u00f3 su formulaci\u00f3n personalizada, la aplic\u00f3 en casa seg\u00fan las instrucciones de Areton. Estas son las im\u00e1genes tomadas solo unos d\u00edas despu\u00e9s de la primera y la \u00fanica aplicaci\u00f3n.[\/vc_column_text][\/vc_column][\/vc_row][vc_row][vc_column width=\u00bb1\/2&#8243;][vc_single_image image=\u00bb9833&#8243; img_size=\u00bbfull\u00bb style=\u00bbvc_box_outline\u00bb][vc_column_text]<strong>Solo unos d\u00edas despu\u00e9s de la Aplicaci\u00f3n del XanthRemover personalizado<\/strong>[\/vc_column_text][vc_column_text]Como es obvio, no hay hinchaz\u00f3n (siempre un denominador com\u00fan del tratamiento con l\u00e1ser) y la ablaci\u00f3n es muy superficial y afecta solo a los fuertes dep\u00f3sitos de grasa(A los xantelasmas formados).[\/vc_column_text][\/vc_column][vc_column width=\u00bb1\/2&#8243;][vc_single_image image=\u00bb9834&#8243; img_size=\u00bbfull\u00bb style=\u00bbvc_box_outline\u00bb][vc_column_text]<strong>Esta formulaci\u00f3n particular se dirige a los Xantelasmas<\/strong>[\/vc_column_text][vc_column_text]Todo esto es gracias al Xanthremover personalizado, NO basado en el \u00c1cido tricloroac\u00e9tico. Como es posible apreciar a partir de estas im\u00e1genes, los xantelasmas han sido reemplazados por la nueva piel que no tiene pigmentaci\u00f3n. Con el tiempo, estas hipopigmentaciones desaparecer\u00e1n debido a la exposici\u00f3n normal al sol.[\/vc_column_text][\/vc_column][\/vc_row][vc_row][vc_column][vc_single_image image=\u00bb9835&#8243; img_size=\u00bbfull\u00bb alignment=\u00bbcenter\u00bb style=\u00bbvc_box_outline\u00bb][vc_column_text]<strong>La ablaci\u00f3n es muy superficial.<\/strong>[\/vc_column_text]<blockquote><p>Esto demuestra que el uso correcto de la formulaci\u00f3n indicada no requiere de cirug\u00eda costosa e invasiva para la eliminaci\u00f3n segura del xantelasma.<\/p><\/blockquote>[\/vc_column][\/vc_row][vc_row][vc_column]<div class=\"sc-textbox rounded-corners\"  style=\"\"><div class=\"sc-textbox-content\" style=\"background-color: #f1f5f8;background-position: center top;\"><div class=\"sc-icon-with-text sc-icon-with-text-icon-size-medium\"><div class=\"sc-icon-with-text-icon\"><div class=\"sc-icon sc-icon-size-medium  sc-icon-shape-circle\" style=\"background-color: #90ba8f;border: 2px solid #90ba8f;\"><span class=\"sc-icon-half-1\" style=\"color: #ffffff;\"><span class=\"back-angle\">&#xe661;<\/span><\/span><span class=\"sc-icon-half-2\" style=\"color: #ffffff;\"><span class=\"back-angle\">&#xe661;<\/span><\/span><\/div><\/div><div class=\"sc-icon-with-text-content\"><div class=\"sc-icon-with-text-text\">[vc_column_text]<\/p>\n<h4>El XanthRemover, mejor que cualquier otro producto \u00abC\u00f3mprelo ahora para eliminar su xantelasma\u00bb<\/h4>\n<p>[\/vc_column_text]<\/div><\/div><div class=\"clearboth\"><\/div><\/div><\/div><\/div>[\/vc_column][\/vc_row][vc_row][vc_column width=\u00bb1\/2&#8243;]<\/p>\n<div class=\"pricing-table row inline-row inline-row-center pricing-table-style-1 button-icon-cart\">\n<div class=\"pricing-column-wrapper col-md-3 col-sm-4 col-xs-6 inline-column highlighted\">\n<div class=\"pricing-column\">\n<div class=\"pricing-title-wrapper\">\n<div class=\"pricing-title\">\n<div class=\"title-h3\">Orden normal<\/div>\n<div class=\"subtitle\">El mejor plan de precio \/ cantidad<\/div>\n<\/div>\n<div class=\"pricing-column-top-choice\">\n<div class=\"pricing-column-top-choice-text\">NUEVO<\/div>\n<\/div>\n<\/div>\n<div class=\"pricing-price-row\" >\n<div class=\"pricing-price\" style=\"font-size: 57px;color: #705b96;\">\n<div class=\"pricing-cost\">$13<\/div>\n<p><span class=\"time\">Por orden<\/span><\/div>\n<\/div>\n<div class=\"pricing-row  strike\">Con garant\u00eda de devoluci\u00f3n de dinero<\/div>\n<div class=\"pricing-row \">Incluye el env\u00edo a TODO EL MUNDO<\/div>\n<div class=\"pricing-row \">30ml de XanthRemover Gel<\/div>\n<div class=\"pricing-row \">Nuestro servicio completo de soporte en l\u00ednea<\/div>\n<div class=\"pricing-footer\"><a href=\"https:\/\/xanthelasmaremoval.com\/product\/xanth-remover-without-money-back-guarantee\/\" class=\"sc-button\">Ordene ya<\/a><\/div>\n<\/div>\n<\/div>\n<\/div>\n<p>[\/vc_column][vc_column width=\u00bb1\/2&#8243;]<\/p>\n<div class=\"pricing-table row inline-row inline-row-center pricing-table-style-1 button-icon-cart\">\n<div class=\"pricing-column-wrapper col-md-3 col-sm-4 col-xs-6 inline-column highlighted\">\n<div class=\"pricing-column\">\n<div class=\"pricing-title-wrapper\">\n<div class=\"pricing-title\">\n<div class=\"title-h3\">Plan avanzado<\/div>\n<div class=\"subtitle\">El mejor plan de precio \/ cantidad<\/div>\n<\/div>\n<div class=\"pricing-column-top-choice\">\n<div class=\"pricing-column-top-choice-text\">NUEVO<\/div>\n<\/div>\n<\/div>\n<div class=\"pricing-price-row\" >\n<div class=\"pricing-price\" style=\"font-size: 57px;color: #705b96;\">\n<div class=\"pricing-cost\">$39<\/div>\n<p><span class=\"time\">Por orden<\/span><\/div>\n<\/div>\n<div class=\"pricing-row \">Con garant\u00eda de devoluci\u00f3n de dinero<\/div>\n<div class=\"pricing-row \">Incluye env\u00edo a TODO EL MUNDO.<\/div>\n<div class=\"pricing-row \">30ml de XanthRemover Gel<\/div>\n<div class=\"pricing-row \">Nuestro servicio completo de soporte en l\u00ednea<\/div>\n<div class=\"pricing-footer\"><a href=\"https:\/\/xanthelasmaremoval.com\/product\/xanthe-remover\/\" class=\"sc-button\">Ordene ya.<\/a><\/div>\n<\/div>\n<\/div>\n<\/div>\n<p>[\/vc_column][\/vc_row]<\/p>","protected":false},"excerpt":{"rendered":"<p>[vc_row][vc_column][\/vc_column][\/vc_row][vc_row][vc_column width=\u00bb1\/2&#8243;][vc_single_image image=\u00bb9831&#8243; img_size=\u00bbfull\u00bb style=\u00bbvc_box_outline\u00bb][vc_column_text]El xantelasma antes\u00a0 de la aplicaci\u00f3n del XanthRemover[\/vc_column_text][\/vc_column][vc_column width=\u00bb1\/2&#8243;][vc_single_image image=\u00bb9832&#8243; img_size=\u00bbfull\u00bb style=\u00bbvc_box_outline\u00bb][vc_column_text]El xantelasma Despu\u00e9s\u00a0 de la&#8230;<\/p>\n","protected":false},"author":66,"featured_media":0,"parent":11,"menu_order":3,"comment_status":"closed","ping_status":"open","template":"","meta":{"footnotes":""},"class_list":["post-1487","page","type-page","status-publish","hentry"],"yoast_head":"<!-- This site is optimized with the Yoast SEO plugin v24.3 - https:\/\/yoast.com\/wordpress\/plugins\/seo\/ -->\n<title>Eliminaci\u00f3n de los Xantelasmas en Singapur - Xanthelasma Removal<\/title>\n<meta name=\"robots\" content=\"index, follow, max-snippet:-1, max-image-preview:large, max-video-preview:-1\" \/>\n<link rel=\"canonical\" href=\"https:\/\/xanthelasmaremoval.com\/xanthremover\/xanthelasma-removed-in-singapore\/\" \/>\n<meta property=\"og:locale\" content=\"es_ES\" \/>\n<meta property=\"og:type\" content=\"article\" \/>\n<meta property=\"og:title\" content=\"[:en]Xanthelasma Removed in Singapore[:es]Eliminaci\u00f3n de los Xantelasmas en Singapur[:] - Xanthelasma Removal\" \/>\n<meta property=\"og:description\" content=\"[vc_row][vc_column][\/vc_column][\/vc_row][vc_row][vc_column width=\u00bb1\/2&#8243;][vc_single_image image=\u00bb9831&#8243; img_size=\u00bbfull\u00bb style=\u00bbvc_box_outline\u00bb][vc_column_text]El xantelasma antes\u00a0 de la aplicaci\u00f3n del XanthRemover[\/vc_column_text][\/vc_column][vc_column width=\u00bb1\/2&#8243;][vc_single_image image=\u00bb9832&#8243; img_size=\u00bbfull\u00bb style=\u00bbvc_box_outline\u00bb][vc_column_text]El xantelasma Despu\u00e9s\u00a0 de la...\" \/>\n<meta property=\"og:url\" content=\"https:\/\/xanthelasmaremoval.com\/xanthremover\/xanthelasma-removed-in-singapore\/\" \/>\n<meta property=\"og:site_name\" content=\"Xanthelasma Removal\" \/>\n<meta property=\"article:modified_time\" content=\"2021-09-14T08:35:39+00:00\" \/>\n<meta name=\"twitter:card\" content=\"summary_large_image\" \/>\n<meta name=\"twitter:label1\" content=\"Tiempo de lectura\" \/>\n\t<meta name=\"twitter:data1\" content=\"8 minutos\" \/>\n<script type=\"application\/ld+json\" class=\"yoast-schema-graph\">{\"@context\":\"https:\/\/schema.org\",\"@graph\":[{\"@type\":\"WebPage\",\"@id\":\"https:\/\/xanthelasmaremoval.com\/xanthremover\/xanthelasma-removed-in-singapore\/\",\"url\":\"https:\/\/xanthelasmaremoval.com\/xanthremover\/xanthelasma-removed-in-singapore\/\",\"name\":\"[:en]Xanthelasma Removed in Singapore[:es]Eliminaci\u00f3n de los Xantelasmas en Singapur[:] - Xanthelasma Removal\",\"isPartOf\":{\"@id\":\"https:\/\/xanthelasmaremoval.com\/#website\"},\"datePublished\":\"2013-12-30T11:55:04+00:00\",\"dateModified\":\"2021-09-14T08:35:39+00:00\",\"breadcrumb\":{\"@id\":\"https:\/\/xanthelasmaremoval.com\/xanthremover\/xanthelasma-removed-in-singapore\/#breadcrumb\"},\"inLanguage\":\"es\",\"potentialAction\":[{\"@type\":\"ReadAction\",\"target\":[\"https:\/\/xanthelasmaremoval.com\/xanthremover\/xanthelasma-removed-in-singapore\/\"]}]},{\"@type\":\"BreadcrumbList\",\"@id\":\"https:\/\/xanthelasmaremoval.com\/xanthremover\/xanthelasma-removed-in-singapore\/#breadcrumb\",\"itemListElement\":[{\"@type\":\"ListItem\",\"position\":1,\"name\":\"Home\",\"item\":\"https:\/\/xanthelasmaremoval.com\/\"},{\"@type\":\"ListItem\",\"position\":2,\"name\":\"XanthRemover\",\"item\":\"https:\/\/xanthelasmaremoval.com\/xanthremover\/\"},{\"@type\":\"ListItem\",\"position\":3,\"name\":\"Xanthelasma Removed in Singapore\"}]},{\"@type\":\"WebSite\",\"@id\":\"https:\/\/xanthelasmaremoval.com\/#website\",\"url\":\"https:\/\/xanthelasmaremoval.com\/\",\"name\":\"Xanthelasma Removal\",\"description\":\"The Xanthelasma Removal Solutions!\",\"potentialAction\":[{\"@type\":\"SearchAction\",\"target\":{\"@type\":\"EntryPoint\",\"urlTemplate\":\"https:\/\/xanthelasmaremoval.com\/?s={search_term_string}\"},\"query-input\":{\"@type\":\"PropertyValueSpecification\",\"valueRequired\":true,\"valueName\":\"search_term_string\"}}],\"inLanguage\":\"es\"}]}<\/script>\n<!-- \/ Yoast SEO plugin. -->","yoast_head_json":{"title":"[:en]Xanthelasma Removed in Singapore[:es]Eliminaci\u00f3n de los Xantelasmas en Singapur[:] - Xanthelasma Removal","robots":{"index":"index","follow":"follow","max-snippet":"max-snippet:-1","max-image-preview":"max-image-preview:large","max-video-preview":"max-video-preview:-1"},"canonical":"https:\/\/xanthelasmaremoval.com\/xanthremover\/xanthelasma-removed-in-singapore\/","og_locale":"es_ES","og_type":"article","og_title":"[:en]Xanthelasma Removed in Singapore[:es]Eliminaci\u00f3n de los Xantelasmas en Singapur[:] - Xanthelasma Removal","og_description":"[vc_row][vc_column][\/vc_column][\/vc_row][vc_row][vc_column width=\u00bb1\/2&#8243;][vc_single_image image=\u00bb9831&#8243; img_size=\u00bbfull\u00bb style=\u00bbvc_box_outline\u00bb][vc_column_text]El xantelasma antes\u00a0 de la aplicaci\u00f3n del XanthRemover[\/vc_column_text][\/vc_column][vc_column width=\u00bb1\/2&#8243;][vc_single_image image=\u00bb9832&#8243; img_size=\u00bbfull\u00bb style=\u00bbvc_box_outline\u00bb][vc_column_text]El xantelasma Despu\u00e9s\u00a0 de la...","og_url":"https:\/\/xanthelasmaremoval.com\/xanthremover\/xanthelasma-removed-in-singapore\/","og_site_name":"Xanthelasma Removal","article_modified_time":"2021-09-14T08:35:39+00:00","twitter_card":"summary_large_image","twitter_misc":{"Tiempo de lectura":"8 minutos"},"schema":{"@context":"https:\/\/schema.org","@graph":[{"@type":"WebPage","@id":"https:\/\/xanthelasmaremoval.com\/xanthremover\/xanthelasma-removed-in-singapore\/","url":"https:\/\/xanthelasmaremoval.com\/xanthremover\/xanthelasma-removed-in-singapore\/","name":"[:en]Xanthelasma Removed in Singapore[:es]Eliminaci\u00f3n de los Xantelasmas en Singapur[:] - Xanthelasma Removal","isPartOf":{"@id":"https:\/\/xanthelasmaremoval.com\/#website"},"datePublished":"2013-12-30T11:55:04+00:00","dateModified":"2021-09-14T08:35:39+00:00","breadcrumb":{"@id":"https:\/\/xanthelasmaremoval.com\/xanthremover\/xanthelasma-removed-in-singapore\/#breadcrumb"},"inLanguage":"es","potentialAction":[{"@type":"ReadAction","target":["https:\/\/xanthelasmaremoval.com\/xanthremover\/xanthelasma-removed-in-singapore\/"]}]},{"@type":"BreadcrumbList","@id":"https:\/\/xanthelasmaremoval.com\/xanthremover\/xanthelasma-removed-in-singapore\/#breadcrumb","itemListElement":[{"@type":"ListItem","position":1,"name":"Home","item":"https:\/\/xanthelasmaremoval.com\/"},{"@type":"ListItem","position":2,"name":"XanthRemover","item":"https:\/\/xanthelasmaremoval.com\/xanthremover\/"},{"@type":"ListItem","position":3,"name":"Xanthelasma Removed in Singapore"}]},{"@type":"WebSite","@id":"https:\/\/xanthelasmaremoval.com\/#website","url":"https:\/\/xanthelasmaremoval.com\/","name":"Xanthelasma Removal","description":"The Xanthelasma Removal Solutions!","potentialAction":[{"@type":"SearchAction","target":{"@type":"EntryPoint","urlTemplate":"https:\/\/xanthelasmaremoval.com\/?s={search_term_string}"},"query-input":{"@type":"PropertyValueSpecification","valueRequired":true,"valueName":"search_term_string"}}],"inLanguage":"es"}]}},"_links":{"self":[{"href":"https:\/\/xanthelasmaremoval.com\/es\/wp-json\/wp\/v2\/pages\/1487"}],"collection":[{"href":"https:\/\/xanthelasmaremoval.com\/es\/wp-json\/wp\/v2\/pages"}],"about":[{"href":"https:\/\/xanthelasmaremoval.com\/es\/wp-json\/wp\/v2\/types\/page"}],"author":[{"embeddable":true,"href":"https:\/\/xanthelasmaremoval.com\/es\/wp-json\/wp\/v2\/users\/66"}],"replies":[{"embeddable":true,"href":"https:\/\/xanthelasmaremoval.com\/es\/wp-json\/wp\/v2\/comments?post=1487"}],"version-history":[{"count":49,"href":"https:\/\/xanthelasmaremoval.com\/es\/wp-json\/wp\/v2\/pages\/1487\/revisions"}],"predecessor-version":[{"id":14132,"href":"https:\/\/xanthelasmaremoval.com\/es\/wp-json\/wp\/v2\/pages\/1487\/revisions\/14132"}],"up":[{"embeddable":true,"href":"https:\/\/xanthelasmaremoval.com\/es\/wp-json\/wp\/v2\/pages\/11"}],"wp:attachment":[{"href":"https:\/\/xanthelasmaremoval.com\/es\/wp-json\/wp\/v2\/media?parent=1487"}],"curies":[{"name":"wp","href":"https:\/\/api.w.org\/{rel}","templated":true}]}}