{"id":1547,"date":"2014-01-06T04:22:02","date_gmt":"2014-01-06T04:22:02","guid":{"rendered":"http:\/\/new.xanthelasmaremoval.com\/?page_id=1547"},"modified":"2020-09-11T07:26:09","modified_gmt":"2020-09-11T07:26:09","slug":"how-to-apply-the-xanthremover","status":"publish","type":"page","link":"https:\/\/xanthelasmaremoval.com\/es\/xanthremover\/how-to-apply-the-xanthremover\/","title":{"rendered":"C\u00f3mo aplicar el XanthRemover"},"content":{"rendered":"<p>[vc_row][vc_column][vc_row_inner][vc_column_inner width=\u00bb1\/2&#8243;]<div class=\"sc-youtube sc-wrapbox sc-wrapbox-style-default rounded-corners sc-wrapbox-position-below\" style=\"width: 100%;\"><div class=\"sc-wrapbox-inner sc-ratio-style\" style=\"padding-top: 75%\"><iframe loading=\"lazy\" class=\"sc-wrapbox-element img-responsive\" width=\"100%\" height=\"300\" frameborder=\"0\" scrolling=\"no\" marginheight=\"0\" marginwidth=\"0\" src=\"\/\/www.youtube.com\/embed\/r0Nl0iB5WH4?rel=0&amp;wmode=opaque\"><\/iframe><\/div><\/div>[\/vc_column_inner][vc_column_inner width=\u00bb1\/2&#8243;]<div class=\"sc-youtube sc-wrapbox sc-wrapbox-style-default rounded-corners sc-wrapbox-position-below\" style=\"width: 100%;\"><div class=\"sc-wrapbox-inner sc-ratio-style\" style=\"padding-top: 75%\"><iframe loading=\"lazy\" class=\"sc-wrapbox-element img-responsive\" width=\"100%\" height=\"300\" frameborder=\"0\" scrolling=\"no\" marginheight=\"0\" marginwidth=\"0\" src=\"\/\/www.youtube.com\/embed\/wqkkzvJMnxc?rel=0&amp;wmode=opaque\"><\/iframe><\/div><\/div>[\/vc_column_inner][\/vc_row_inner][vc_column_text]<\/p>\n<p style=\"text-align: justify;\"><b style=\"font-size: 24px; line-height: 40px;\">El <a href=\"https:\/\/xanthelasmaremoval.com\/es\/xanthremover\/\">XanthRemover<\/a> es un peeling cosm\u00e9tico especializado y personalizado para eliminar el xantelasma. El XanthRemover es muy f\u00e1cil de aplicar. Lo siguiente no se aplica al <a href=\"https:\/\/xanthelasmaremoval.com\/es\/using-peels-in-clinics\/\"><strong>\u00c1cido tricloroac\u00e9tico<\/strong><\/a> y hemos dejado de incluirlo en el XanthRemover. Los efectos de <strong>\u00c1cido tricloroac\u00e9tico<\/strong> son generalmente m\u00e1s dif\u00edciles de controlar que los tipos de peelings utilizados en el mismo XanthRemover.<\/b><\/p>\n<p>[\/vc_column_text][vc_empty_space height=\u00bb15px\u00bb][\/vc_column][\/vc_row][vc_row][vc_column][vc_zigzag][\/vc_column][\/vc_row][vc_row][vc_column width=\u00bb2\/3&#8243;]<\/p>\n<div class=\"sc-list\">\n<ul>\n<li>\u00bfC\u00f3mo se puede aplicar el Peeling del XanthRemover personalizado?<\/li>\n<li>\u00bfCu\u00e1les son los efectos producidos por el XanthRemover?<\/li>\n<\/ul>\n<\/div>\n<p>[vc_column_text]<\/p>\n<p style=\"text-align: justify;\">El Xantelasma de este cliente no era particularmente grueso y, por lo tanto, no es necesario que la formulaci\u00f3n contenga ning\u00fan <strong>\u00c1cido tricloroac\u00e9tico<\/strong>. El xantelasma debajo del ojo izquierdo es evidente, sin embargo, tambi\u00e9n aparece una peque\u00f1a formaci\u00f3n de grasa en la parte inferior del p\u00e1rpado inferior.<\/p>\n<p>[\/vc_column_text][\/vc_column][vc_column width=\u00bb1\/3&#8243;][vc_empty_space][vc_single_image image=\u00bb9869&#8243; img_size=\u00bb556*256&#8243; style=\u00bbvc_box_outline\u00bb][\/vc_column][\/vc_row][vc_row][vc_column][vc_column_text]En algunos casos, cuando la mejor soluci\u00f3n para la eliminaci\u00f3n de Xanthelasma es el uso del \u00c1cido tricloroac\u00e9tico, es aconsejable agregar aditivos de \u00abfusi\u00f3n\u00bb para que la formulaci\u00f3n sea lo m\u00e1s segura posible. Esto se debe a que el \u00c1cido tricloroac\u00e9tico no es muy f\u00e1cil de controlar y se ha restringido parcialmente en ciertos pa\u00edses.<\/p>\n<p>La aparicion clasica de los Xantelasmas en un individuo, con edades comprendidas entre 30 y 40 a\u00f1os, es com\u00fan. Como muchos otros casos, el Xantelasma no est\u00e1 correlacionado con los <a href=\"https:\/\/xanthelasmaremoval.com\/es\/xanthelasma-and-high-cholesterol\/\">niveles altos de colesterol.<\/a>[\/vc_column_text][vc_zigzag][\/vc_column][\/vc_row][vc_row][vc_column width=\u00bb1\/2&#8243;][vc_single_image image=\u00bb9869&#8243; img_size=\u00bb556*256&#8243; style=\u00bbvc_box_outline\u00bb][vc_column_text]<strong>Xantelasma de Antes, Imagen Angulada<\/strong>[\/vc_column_text][\/vc_column][vc_column width=\u00bb1\/2&#8243;][vc_single_image image=\u00bb9873&#8243; img_size=\u00bbfull\u00bb style=\u00bbvc_box_outline\u00bb][vc_column_text]<strong>Xantelasma de Antes, Imagen Angulada<\/strong>[\/vc_column_text][\/vc_column][\/vc_row][vc_row][vc_column width=\u00bb1\/2&#8243;][vc_single_image image=\u00bb9870&#8243; img_size=\u00bbfull\u00bb style=\u00bbvc_box_outline\u00bb][vc_column_text]<strong>Xantelasma de Antes<\/strong>[\/vc_column_text][\/vc_column][vc_column width=\u00bb1\/2&#8243;][vc_single_image image=\u00bb9872&#8243; img_size=\u00bbfull\u00bb style=\u00bbvc_box_outline\u00bb][vc_column_text]<strong>Dos xantelasmas en el ojo izquierdo<\/strong>[\/vc_column_text][\/vc_column][\/vc_row][vc_row][vc_column][vc_column_text]Despu\u00e9s de tratar a muchas clientes mujeres , hemos encontrado una buena cantidad de pacientes que han informado sobre el desarrollo de la afecci\u00f3n poco despu\u00e9s de dar a luz a su primer o segundo hijo.<\/p>\n<p>En la imagen de arriba, dos Xantelasmas son prominentes en el ojo izquierdo del cliente. El Xantelasma t\u00edpico en el p\u00e1rpado cerca de la esquina de los ojos y otro en el p\u00e1rpado inferior tambi\u00e9n cerca de la esquina del mismo ojo.[\/vc_column_text][vc_zigzag][\/vc_column][\/vc_row][vc_row][vc_column width=\u00bb1\/2&#8243;][vc_single_image image=\u00bb9876&#8243; img_size=\u00bb556*333&#8243; style=\u00bbvc_box_outline\u00bb][vc_column_text]<strong>Gel aplicado.<\/strong>[\/vc_column_text][\/vc_column][vc_column width=\u00bb1\/2&#8243;][vc_single_image image=\u00bb9875&#8243; img_size=\u00bbfull\u00bb style=\u00bbvc_box_outline\u00bb][vc_column_text]<strong>Un Xantelasma muy peque\u00f1o en la esquina inferior del ojo derecho<\/strong>[\/vc_column_text][\/vc_column][\/vc_row][vc_row][vc_column][vc_column_text]<\/p>\n<h2>\u00bfC\u00f3mo aplicar el XanthRemover?<\/h2>\n<p>[\/vc_column_text][vc_row_inner][vc_column_inner width=\u00bb2\/3&#8243;][vc_column_text]Hay 2 ingredientes principales, uno es el \u00e1cido glic\u00f3lico y el segundo es la vitamina A. El cliente aplic\u00f3 una gota en cada Xantelasma como se muestra en la imagen del lado derecho. Es importante aplicar una peque\u00f1a gota y dejarla en la lesi\u00f3n por un cierto per\u00edodo de tiempo.<\/p>\n<p>Dependiendo del Xantelasma, el tipo de formulaci\u00f3n y el tipo de piel, le indicamos al cliente que mantenga la gota durante un per\u00edodo de tiempo que var\u00eda de 30 minutos para completar la absorci\u00f3n (1 hora).<\/p>\n<p>Cuanto m\u00e1s tiempo se mantenga el gel sobre la lesi\u00f3n, m\u00e1s fuertes ser\u00e1n los efectos del peeling. Tenga en cuenta que las soluciones de \u00c1cido tricloroac\u00e9tico compradas de otras fuentes requieren el uso de neutralizadores despu\u00e9s de un cierto per\u00edodo de tiempo despu\u00e9s de la aplicaci\u00f3n.[\/vc_column_text][\/vc_column_inner][vc_column_inner width=\u00bb1\/3&#8243;][vc_single_image image=\u00bb9876&#8243; img_size=\u00bb556*333&#8243; style=\u00bbvc_box_outline\u00bb][\/vc_column_inner][\/vc_row_inner][vc_column_text]<strong>TAMBI\u00c9N ES MUY IMPORTANTE NO COLOCARSE EN POSTURA RECTA AL MOMENTO DE APLICAR EL GEL. Esto se debe a que la gravedad podr\u00eda hacer que la gota se deslice hacia lugares donde no deber\u00eda ir. Por lo tanto, le recomendamos que se acueste todo el tiempo mientras tenga el gel del XanthRemover activado. En algunos casos, dependiendo de d\u00f3nde se encuentre el xantelasma, recostarse, puede no ser la mejor opci\u00f3n.<\/strong><\/p>\n<p><strong>Recuerde, como regla general,\u00a0 la gravedad tiene que apuntar hacia el xantelasma para que la gota se mantenga en su lugar de forma natural y no se deslice a otra parte no deseada.<\/strong><\/p>\n<p><strong>Recomendamos encarecidamente que alguien m\u00e1s le aplique el gel del XanthRemover por usted. Si tiene xantelasma en los p\u00e1rpados superiores, es muy importante MANTENER CERRADO LOS OJOS durante toda la aplicaci\u00f3n del producto. Esto se debe a que si abre accidentalmente los p\u00e1rpados, la gota podr\u00eda extenderse a otras \u00e1reas donde no deber\u00eda ir como los ojos.<\/strong><\/p>\n<p><strong>Una vez m\u00e1s, es importante que no est\u00e9 solo mientras tiene la gota peque\u00f1a en el Xantelasma, ya que la otra persona puede supervisar el tratamiento cosm\u00e9tico y controlar si la gota todav\u00eda est\u00e1 donde deber\u00eda estar (en el Xantelasma mismo). Por lo tanto, la otra persona lo ayudar\u00e1 monitoreando el gel y manteniendo a mano un pa\u00f1o de algod\u00f3n limpio, asegur\u00e1ndose de que el gel no se deslice en ning\u00fan otro lugar.<\/strong><br \/>\n<b>En caso de que el gel se escape, la otra persona puede limpiarlo inmediatamente. Adem\u00e1s, dado que lo m\u00e1s probable es que necesite mantener los ojos cerrados durante el peeling del XanthRemover, la otra persona puede ayudarlo en caso de que necesite algo, como traerle agua o pa\u00f1os h\u00famedos.<\/b><\/p>\n<p><strong>Adem\u00e1s, la otra persona puede reducir la duraci\u00f3n del per\u00edodo de peeling cosm\u00e9tico y limpiar el gel, en el momento adecuado, como se indica en las instrucciones.<\/strong>[\/vc_column_text][vc_zigzag][\/vc_column][\/vc_row][vc_row][vc_column width=\u00bb1\/2&#8243;][vc_single_image image=\u00bb9879&#8243; img_size=\u00bbfull\u00bb style=\u00bbvc_box_outline\u00bb][vc_column_text]<strong>La eliminaci\u00f3n del El Xantelasma con el Xanthemover\u00a0<\/strong>[\/vc_column_text][vc_column_text]Solicitamos a este cliente que limpie deliberadamente el gel despu\u00e9s de un per\u00edodo de tiempo predeterminado. Esto fue para detener el efecto de peeling.<\/p>\n<p>En la imagen de arriba, puede ver al cliente poco despu\u00e9s de que el XanthRemover haya sido eliminado y el peeling se haya detenido deliberadamente. Esto fue posible porque la formulaci\u00f3n no estaba basada en \u00c1cido tricloroac\u00e9tico.[\/vc_column_text][\/vc_column][vc_column width=\u00bb1\/2&#8243;][vc_single_image image=\u00bb9878&#8243; img_size=\u00bbfull\u00bb style=\u00bbvc_box_outline\u00bb][vc_column_text]<strong>El Xantelalasma, 3 horas despu\u00e9s de la ablaci\u00f3n con el XanthRemover<\/strong>[\/vc_column_text][vc_column_text]Esta es la imagen del Xanthelasma, en el que la formulaci\u00f3n de XanthRemover lo elimin\u00f3 despu\u00e9s de tres horas. Es claramente posible notar que el \u00e1rea donde se aplic\u00f3 previamente el XanthRemover hab\u00eda comenzado a enrojecerse. Esta es una reacci\u00f3n muy normal. Sin embargo, el paciente nunca experiment\u00f3 ninguna inflamaci\u00f3n porque la formulaci\u00f3n que usamos no estaba basada en \u00c1cido tricloroac\u00e9tico. Normalmente, el uso de cualquier formulaci\u00f3n basada en \u00c1cido tricloroac\u00e9tico tambi\u00e9n causa hinchaz\u00f3n en el \u00e1rea tratada que no es posible notar con el uso de esta formulaci\u00f3n particular.[\/vc_column_text][\/vc_column][\/vc_row][vc_row][vc_column width=\u00bb1\/2&#8243;][vc_single_image image=\u00bb9881&#8243; img_size=\u00bbfull\u00bb style=\u00bbvc_box_outline\u00bb][vc_column_text]<strong>El Xantelasma un d\u00eda despu\u00e9s del uso del XanthRemover<\/strong>[\/vc_column_text][vc_column_text]Un d\u00eda despu\u00e9s, el \u00e1rea donde se aplic\u00f3 la formulaci\u00f3n del XanthRemover mostr\u00f3 un enrojecimiento adicional. Sin embargo no hay hinchaz\u00f3n. Cuando se usan formulaciones basadas en \u00c1cido tricloroac\u00e9tico, la hinchaz\u00f3n comienza a aparecer al d\u00eda siguiente despu\u00e9s de la aplicaci\u00f3n y dura hasta una semana.[\/vc_column_text][\/vc_column][vc_column width=\u00bb1\/2&#8243;][vc_single_image image=\u00bb9880&#8243; img_size=\u00bbfull\u00bb style=\u00bbvc_box_outline\u00bb][vc_column_text]<strong>Tres d\u00edas despu\u00e9s de usar el XanthRemover<\/strong>[\/vc_column_text][vc_column_text]<\/p>\n<p style=\"text-align: justify;\">Solo tres d\u00edas despu\u00e9s de la aplicaci\u00f3n del XanthRemover, el enrojecimiento hab\u00eda comenzado a desaparecer y el \u00e1rea a cicatrizar.<\/p>\n<p>[\/vc_column_text][\/vc_column][\/vc_row][vc_row][vc_column width=\u00bb1\/2&#8243;][vc_single_image image=\u00bb9883&#8243; img_size=\u00bbfull\u00bb style=\u00bbvc_box_outline\u00bb][vc_column_text]<strong>El Xantelasma, 3 semanas despu\u00e9s de la ablaci\u00f3n con el XanthRemover<\/strong>[\/vc_column_text][vc_column_text]<\/p>\n<p style=\"text-align: justify;\">Tres semanas despu\u00e9s de la aplicaci\u00f3n, todo el Xantelasma desapareci\u00f3. con excepci\u00f3n del p\u00e1rpado inferior izquierdo, que todav\u00eda es visible con algunos rastros de la lesi\u00f3n previa.<\/p>\n<p>[\/vc_column_text][\/vc_column][vc_column width=\u00bb1\/2&#8243;][vc_single_image image=\u00bb9882&#8243; img_size=\u00bbfull\u00bb style=\u00bbvc_box_outline\u00bb][vc_column_text]<strong>El Xantelasma, 3 semanas despu\u00e9s de usar el XanthRemover<\/strong>[\/vc_column_text][vc_column_text]<\/p>\n<p style=\"text-align: justify;\">En esta imagen, es f\u00e1cil notar c\u00f3mo desapareci\u00f3 el Xantelasma anterior en el p\u00e1rpado superior izquierdo. Por supuesto, es posible notar que el \u00e1rea donde estaba el Xantelasma podr\u00eda confundirse con una cicatriz, sin embargo, esta es, por supuesto, la nueva piel que hab\u00eda vuelto a crecer y que a\u00fan no ha sido pigmentada por la exposici\u00f3n al sol. En esta imagen, es posible entender c\u00f3mo una sola aplicaci\u00f3n puede no ser suficiente para eliminar completamente el Xantelasma mismo<\/p>\n<p>[\/vc_column_text][\/vc_column][\/vc_row][vc_row][vc_column][vc_single_image image=\u00bb9883&#8243; img_size=\u00bbfull\u00bb style=\u00bbvc_box_outline\u00bb][vc_column_text]<strong>Xantelasma Eliminado<\/strong>[\/vc_column_text][vc_column_text]Despu\u00e9s de un total de cuatro aplicaciones, se elimin\u00f3 el Xantelasma sin dejar rastro alguno.[\/vc_column_text][\/vc_column][\/vc_row][vc_row][vc_column][vc_column_text]<\/p>\n<h2 style=\"text-align: center;\">Lo que nuestros clientes dicen<\/h2>\n<p>[\/vc_column_text]<div class=\"preloader\"><\/div><div class=\"sc-testimonials\">\n<div id=\"post-9810\" class=\"sc-testimonial-item post-9810 scalia_testimonial type-scalia_testimonial status-publish has-post-thumbnail hentry\"> <div class=\"sc-testimonial-image\"> <img loading=\"lazy\" decoding=\"async\" width=\"86\" height=\"54\" src=\"https:\/\/xanthelasmaremoval.com\/wp-content\/uploads\/2019\/02\/Xanthelasma-Photos-86x54-scalia-testimonial.jpg\" class=\"img-responsive img-circle wp-post-image\" alt=\"Xanthelasma-Photos-86x54\" \/>\t<\/div> <blockquote class=\"sc-testimonial-text\"> <p>Compr\u00e9 su gel en l\u00ednea y estoy sorprendido por su servicio al cliente. Responden todas las preguntas e inquietudes, ahora las feas manchas amarillas se han ido.<\/p>\n<p>Todo lo que ten\u00eda que hacer es enviarle la foto por correo electr\u00f3nico y seguir sus instrucciones.<\/p>\n<p>Muchas gracias.<\/p> <\/blockquote> <div class=\"sc-testimonial-name\">Tracy Petersons (USA)<\/div>\t<\/div>\n<div id=\"post-9813\" class=\"sc-testimonial-item post-9813 scalia_testimonial type-scalia_testimonial status-publish has-post-thumbnail hentry\"> <div class=\"sc-testimonial-image\"> <img loading=\"lazy\" decoding=\"async\" width=\"75\" height=\"75\" src=\"https:\/\/xanthelasmaremoval.com\/wp-content\/uploads\/2019\/04\/Rebecca-Boardman-75x75-scalia-testimonial.jpg\" class=\"img-responsive img-circle wp-post-image\" alt=\"Rebecca-Boardman-75x75\" \/>\t<\/div> <blockquote class=\"sc-testimonial-text\"> <p>\u00a1Gracias por el producto, realmente funciona!<\/p> <\/blockquote> <div class=\"sc-testimonial-name\">Rena Filipina Pontes<\/div>\t<\/div>\n<div id=\"post-9817\" class=\"sc-testimonial-item post-9817 scalia_testimonial type-scalia_testimonial status-publish has-post-thumbnail hentry\"> <div class=\"sc-testimonial-image\"> <img loading=\"lazy\" decoding=\"async\" width=\"75\" height=\"75\" src=\"https:\/\/xanthelasmaremoval.com\/wp-content\/uploads\/2019\/02\/Lynda-baxter-75x75-scalia-testimonial.jpeg\" class=\"img-responsive img-circle wp-post-image\" alt=\"Lynda-baxter-75x75\" \/>\t<\/div> <blockquote class=\"sc-testimonial-text\"> <p>Gracias por enviarme el XanthRemover. \u00a1Fue muy f\u00e1cil, ahora mis Xantelasmas se han ido! Las otras cl\u00ednicas eran bastante costosas&#8230;<\/p> <\/blockquote> <div class=\"sc-testimonial-name\">Alice Brooks (New Zealand)<\/div>\t<\/div><\/div><div class=\"centered-box\"><a class=\"sc-button \"  href=\"https:\/\/xanthelasmaremoval.com\/xanthremover\/testimonials\/\" target=\"_self\" style=\"color: #ffffff;background-color: #e1134e;\">Observe todos nuestros TESTIMONIOS vistos<\/a><\/div>[\/vc_column][\/vc_row]<\/p>","protected":false},"excerpt":{"rendered":"<p>[vc_row][vc_column][vc_row_inner][vc_column_inner width=\u00bb1\/2&#8243;][\/vc_column_inner][vc_column_inner width=\u00bb1\/2&#8243;][\/vc_column_inner][\/vc_row_inner][vc_column_text] El XanthRemover es un peeling cosm\u00e9tico especializado y personalizado para eliminar el xantelasma. El XanthRemover es muy&#8230;<\/p>\n","protected":false},"author":66,"featured_media":0,"parent":11,"menu_order":2,"comment_status":"closed","ping_status":"open","template":"","meta":{"footnotes":""},"class_list":["post-1547","page","type-page","status-publish","hentry"],"yoast_head":"<!-- This site is optimized with the Yoast SEO plugin v24.3 - https:\/\/yoast.com\/wordpress\/plugins\/seo\/ -->\n<title>C\u00f3mo aplicar el XanthRemover - Xanthelasma Removal<\/title>\n<meta name=\"robots\" content=\"index, follow, max-snippet:-1, max-image-preview:large, max-video-preview:-1\" \/>\n<link rel=\"canonical\" href=\"https:\/\/xanthelasmaremoval.com\/xanthremover\/how-to-apply-the-xanthremover\/\" \/>\n<meta property=\"og:locale\" content=\"es_ES\" \/>\n<meta property=\"og:type\" content=\"article\" \/>\n<meta property=\"og:title\" content=\"[:en]How to apply the XanthRemover[:es]C\u00f3mo aplicar el XanthRemover[:] - Xanthelasma Removal\" \/>\n<meta property=\"og:description\" content=\"[vc_row][vc_column][vc_row_inner][vc_column_inner width=\u00bb1\/2&#8243;][\/vc_column_inner][vc_column_inner width=\u00bb1\/2&#8243;][\/vc_column_inner][\/vc_row_inner][vc_column_text] El XanthRemover es un peeling cosm\u00e9tico especializado y personalizado para eliminar el xantelasma. El XanthRemover es muy...\" \/>\n<meta property=\"og:url\" content=\"https:\/\/xanthelasmaremoval.com\/xanthremover\/how-to-apply-the-xanthremover\/\" \/>\n<meta property=\"og:site_name\" content=\"Xanthelasma Removal\" \/>\n<meta property=\"article:modified_time\" content=\"2020-09-11T07:26:09+00:00\" \/>\n<meta name=\"twitter:card\" content=\"summary_large_image\" \/>\n<meta name=\"twitter:label1\" content=\"Tiempo de lectura\" \/>\n\t<meta name=\"twitter:data1\" content=\"18 minutos\" \/>\n<script type=\"application\/ld+json\" class=\"yoast-schema-graph\">{\"@context\":\"https:\/\/schema.org\",\"@graph\":[{\"@type\":\"WebPage\",\"@id\":\"https:\/\/xanthelasmaremoval.com\/xanthremover\/how-to-apply-the-xanthremover\/\",\"url\":\"https:\/\/xanthelasmaremoval.com\/xanthremover\/how-to-apply-the-xanthremover\/\",\"name\":\"[:en]How to apply the XanthRemover[:es]C\u00f3mo aplicar el XanthRemover[:] - Xanthelasma Removal\",\"isPartOf\":{\"@id\":\"https:\/\/xanthelasmaremoval.com\/#website\"},\"datePublished\":\"2014-01-06T04:22:02+00:00\",\"dateModified\":\"2020-09-11T07:26:09+00:00\",\"breadcrumb\":{\"@id\":\"https:\/\/xanthelasmaremoval.com\/xanthremover\/how-to-apply-the-xanthremover\/#breadcrumb\"},\"inLanguage\":\"es\",\"potentialAction\":[{\"@type\":\"ReadAction\",\"target\":[\"https:\/\/xanthelasmaremoval.com\/xanthremover\/how-to-apply-the-xanthremover\/\"]}]},{\"@type\":\"BreadcrumbList\",\"@id\":\"https:\/\/xanthelasmaremoval.com\/xanthremover\/how-to-apply-the-xanthremover\/#breadcrumb\",\"itemListElement\":[{\"@type\":\"ListItem\",\"position\":1,\"name\":\"Home\",\"item\":\"https:\/\/xanthelasmaremoval.com\/\"},{\"@type\":\"ListItem\",\"position\":2,\"name\":\"XanthRemover\",\"item\":\"https:\/\/xanthelasmaremoval.com\/xanthremover\/\"},{\"@type\":\"ListItem\",\"position\":3,\"name\":\"How to apply the XanthRemover\"}]},{\"@type\":\"WebSite\",\"@id\":\"https:\/\/xanthelasmaremoval.com\/#website\",\"url\":\"https:\/\/xanthelasmaremoval.com\/\",\"name\":\"Xanthelasma Removal\",\"description\":\"The Xanthelasma Removal Solutions!\",\"potentialAction\":[{\"@type\":\"SearchAction\",\"target\":{\"@type\":\"EntryPoint\",\"urlTemplate\":\"https:\/\/xanthelasmaremoval.com\/?s={search_term_string}\"},\"query-input\":{\"@type\":\"PropertyValueSpecification\",\"valueRequired\":true,\"valueName\":\"search_term_string\"}}],\"inLanguage\":\"es\"}]}<\/script>\n<!-- \/ Yoast SEO plugin. -->","yoast_head_json":{"title":"[:en]How to apply the XanthRemover[:es]C\u00f3mo aplicar el XanthRemover[:] - Xanthelasma Removal","robots":{"index":"index","follow":"follow","max-snippet":"max-snippet:-1","max-image-preview":"max-image-preview:large","max-video-preview":"max-video-preview:-1"},"canonical":"https:\/\/xanthelasmaremoval.com\/xanthremover\/how-to-apply-the-xanthremover\/","og_locale":"es_ES","og_type":"article","og_title":"[:en]How to apply the XanthRemover[:es]C\u00f3mo aplicar el XanthRemover[:] - Xanthelasma Removal","og_description":"[vc_row][vc_column][vc_row_inner][vc_column_inner width=\u00bb1\/2&#8243;][\/vc_column_inner][vc_column_inner width=\u00bb1\/2&#8243;][\/vc_column_inner][\/vc_row_inner][vc_column_text] El XanthRemover es un peeling cosm\u00e9tico especializado y personalizado para eliminar el xantelasma. El XanthRemover es muy...","og_url":"https:\/\/xanthelasmaremoval.com\/xanthremover\/how-to-apply-the-xanthremover\/","og_site_name":"Xanthelasma Removal","article_modified_time":"2020-09-11T07:26:09+00:00","twitter_card":"summary_large_image","twitter_misc":{"Tiempo de lectura":"18 minutos"},"schema":{"@context":"https:\/\/schema.org","@graph":[{"@type":"WebPage","@id":"https:\/\/xanthelasmaremoval.com\/xanthremover\/how-to-apply-the-xanthremover\/","url":"https:\/\/xanthelasmaremoval.com\/xanthremover\/how-to-apply-the-xanthremover\/","name":"[:en]How to apply the XanthRemover[:es]C\u00f3mo aplicar el XanthRemover[:] - Xanthelasma Removal","isPartOf":{"@id":"https:\/\/xanthelasmaremoval.com\/#website"},"datePublished":"2014-01-06T04:22:02+00:00","dateModified":"2020-09-11T07:26:09+00:00","breadcrumb":{"@id":"https:\/\/xanthelasmaremoval.com\/xanthremover\/how-to-apply-the-xanthremover\/#breadcrumb"},"inLanguage":"es","potentialAction":[{"@type":"ReadAction","target":["https:\/\/xanthelasmaremoval.com\/xanthremover\/how-to-apply-the-xanthremover\/"]}]},{"@type":"BreadcrumbList","@id":"https:\/\/xanthelasmaremoval.com\/xanthremover\/how-to-apply-the-xanthremover\/#breadcrumb","itemListElement":[{"@type":"ListItem","position":1,"name":"Home","item":"https:\/\/xanthelasmaremoval.com\/"},{"@type":"ListItem","position":2,"name":"XanthRemover","item":"https:\/\/xanthelasmaremoval.com\/xanthremover\/"},{"@type":"ListItem","position":3,"name":"How to apply the XanthRemover"}]},{"@type":"WebSite","@id":"https:\/\/xanthelasmaremoval.com\/#website","url":"https:\/\/xanthelasmaremoval.com\/","name":"Xanthelasma Removal","description":"The Xanthelasma Removal Solutions!","potentialAction":[{"@type":"SearchAction","target":{"@type":"EntryPoint","urlTemplate":"https:\/\/xanthelasmaremoval.com\/?s={search_term_string}"},"query-input":{"@type":"PropertyValueSpecification","valueRequired":true,"valueName":"search_term_string"}}],"inLanguage":"es"}]}},"_links":{"self":[{"href":"https:\/\/xanthelasmaremoval.com\/es\/wp-json\/wp\/v2\/pages\/1547"}],"collection":[{"href":"https:\/\/xanthelasmaremoval.com\/es\/wp-json\/wp\/v2\/pages"}],"about":[{"href":"https:\/\/xanthelasmaremoval.com\/es\/wp-json\/wp\/v2\/types\/page"}],"author":[{"embeddable":true,"href":"https:\/\/xanthelasmaremoval.com\/es\/wp-json\/wp\/v2\/users\/66"}],"replies":[{"embeddable":true,"href":"https:\/\/xanthelasmaremoval.com\/es\/wp-json\/wp\/v2\/comments?post=1547"}],"version-history":[{"count":128,"href":"https:\/\/xanthelasmaremoval.com\/es\/wp-json\/wp\/v2\/pages\/1547\/revisions"}],"predecessor-version":[{"id":13657,"href":"https:\/\/xanthelasmaremoval.com\/es\/wp-json\/wp\/v2\/pages\/1547\/revisions\/13657"}],"up":[{"embeddable":true,"href":"https:\/\/xanthelasmaremoval.com\/es\/wp-json\/wp\/v2\/pages\/11"}],"wp:attachment":[{"href":"https:\/\/xanthelasmaremoval.com\/es\/wp-json\/wp\/v2\/media?parent=1547"}],"curies":[{"name":"wp","href":"https:\/\/api.w.org\/{rel}","templated":true}]}}