{"id":1699,"date":"2014-05-12T12:55:48","date_gmt":"2014-05-12T12:55:48","guid":{"rendered":"http:\/\/new.xanthelasmaremoval.com\/?page_id=1699"},"modified":"2021-09-14T08:35:51","modified_gmt":"2021-09-14T08:35:51","slug":"xanthelasma-removed-without-tca","status":"publish","type":"page","link":"https:\/\/xanthelasmaremoval.com\/es\/xanthremover\/xanthelasma-removed-without-tca\/","title":{"rendered":"La eliminaci\u00f3n de los Xantelasmas SIN el \u00c1cido Tricloroac\u00e9tico"},"content":{"rendered":"<p>[vc_row][vc_column]<div class=\"clearboth\"><\/div><div class=\"sc-divider sc-divider-style-3\" style=\"\"><\/div><blockquote><p>Estamos suministrando peelings del \u00c1cido Tricloroac\u00e9tico solo en casos muy \u00fanicos porque descubrimos que el \u00c1cido Tricloroac\u00e9tico es demasiado agresivo para diversos tipos de piel. El uso de \u00c1cido Tricloroac\u00e9tico aumenta los riesgos de hiperpigmentaci\u00f3n posterior y tambi\u00e9n es dif\u00edcil de controlar.<\/p><\/blockquote>[vc_column_text]<strong>Richard realiz\u00f3 un pedido en l\u00ednea en nuestro sitio web.<\/strong>[\/vc_column_text][\/vc_column][\/vc_row][vc_row][vc_column]<div class=\"clearboth\"><\/div><div class=\"sc-divider sc-divider-style-3\" style=\"\"><\/div>[vc_column_text]<\/p>\n<h2>Fotograf\u00edas antes del tratamiento<\/h2>\n<p>[\/vc_column_text][\/vc_column][\/vc_row][vc_row][vc_column][vc_row_inner][vc_column_inner width=\u00bb1\/2&#8243;][vc_single_image image=\u00bb9841&#8243; img_size=\u00bbfull\u00bb style=\u00bbvc_box_outline\u00bb][\/vc_column_inner][vc_column_inner width=\u00bb1\/2&#8243;][vc_single_image image=\u00bb9842&#8243; img_size=\u00bbfull\u00bb style=\u00bbvc_box_outline\u00bb][\/vc_column_inner][\/vc_row_inner][vc_column_text]Richard nos dijo que se hab\u00eda sometido a una cirug\u00eda l\u00e1ser en el pasado y\u00a0 el Xantelasma le hab\u00eda regresado. En estas im\u00e1genes de arriba que Richard nos envi\u00f3 por correo electr\u00f3nico, el Xantelasma es evidente y no muy grueso. En las im\u00e1genes, el Xantelasma cl\u00e1sico es claramente visible en el ojo derecho.[\/vc_column_text][\/vc_column][\/vc_row][vc_row][vc_column][vc_column_text]<\/p>\n<h2>Efectos del tratamiento d\u00eda por d\u00eda de Richard<\/h2>\n<p>[\/vc_column_text][\/vc_column][\/vc_row][vc_row][vc_column width=\u00bb1\/2&#8243;][vc_single_image image=\u00bb9846&#8243; img_size=\u00bbfull\u00bb style=\u00bbvc_box_outline\u00bb][vc_column_text]<strong>2 d\u00edas despu\u00e9s de la aplicaci\u00f3n del XanthRemover<\/strong><\/p>\n<p>Si se usa una formulaci\u00f3n basada en \u00c1cido Tricloroac\u00e9tico, el peeling causar\u00e1 casi inevitablemente, hinchaz\u00f3n. En este caso, Richard no experiment\u00f3 ninguna inflamaci\u00f3n. Como se ve en la imagen de arriba del ojo derecho, la ablaci\u00f3n qu\u00edmica no caus\u00f3 ninguna hinchaz\u00f3n.[\/vc_column_text][\/vc_column][vc_column width=\u00bb1\/2&#8243;][vc_single_image image=\u00bb9845&#8243; img_size=\u00bbfull\u00bb style=\u00bbvc_box_outline\u00bb][vc_column_text]<strong>Esta formulaci\u00f3n particular se dirige a los xantelasmas<\/strong><br \/>\nTodo esto es gracias al XanthRemover personalizado NO basado en el \u00c1cido Tricloroac\u00e9tico. Como es posible apreciar a partir de estas im\u00e1genes, los xantelasmas comienzan a eliminarse. Con el tiempo, estas hipopigmentaciones desaparecer\u00e1n debido a la exposici\u00f3n normal al sol.[\/vc_column_text][\/vc_column][\/vc_row][vc_row][vc_column width=\u00bb1\/2&#8243;][vc_single_image image=\u00bb9844&#8243; img_size=\u00bbfull\u00bb style=\u00bbvc_box_outline\u00bb][vc_column_text]<strong>Cuatro d\u00edas despu\u00e9s de usar el XanthRemover<\/strong><\/p>\n<p>Cuatro d\u00edas despu\u00e9s de la aplicaci\u00f3n del XanthRemover, el enrojecimiento hab\u00eda comenzado a desaparecer y el \u00e1rea a cicatrizar.[\/vc_column_text][\/vc_column][vc_column width=\u00bb1\/2&#8243;][vc_single_image image=\u00bb9843&#8243; img_size=\u00bbfull\u00bb style=\u00bbvc_box_outline\u00bb][vc_column_text]<strong>El Xantelasma, 3 semanas despu\u00e9s de usar el XanthRemover<\/strong><\/p>\n<p>En la imagen de arriba, despu\u00e9s de que el \u00e1rea se cicatriz\u00f3, existe la hipopigmentaci\u00f3n habitual del \u00e1rea tratada con el XanthRemover. Esto no debe confundirse con las cicatrices, ya que la hipopigmentaci\u00f3n, despu\u00e9s de algunas semanas, se mezcla naturalmente para no dejar rastro del tratamiento alguno.[\/vc_column_text][\/vc_column][\/vc_row][vc_row][vc_column][vc_column_text]<\/p>\n<blockquote><p>Esto demuestra el c\u00f3mo el uso correcto de la formulaci\u00f3n indicada no requiere de cirug\u00eda costosa e invasiva para la eliminaci\u00f3n segura del xantelasma<\/p><\/blockquote>\n<p>[\/vc_column_text][\/vc_column][\/vc_row][vc_row][vc_column][vc_column_text]<\/p>\n<p>[\/vc_column_text][\/vc_column][\/vc_row][vc_row][vc_column]<div class=\"sc-textbox rounded-corners\"  style=\"\"><div class=\"sc-textbox-content\" style=\"background-color: #f1f5f8;background-position: center top;\"><div class=\"sc-icon-with-text sc-icon-with-text-icon-size-medium\"><div class=\"sc-icon-with-text-icon\"><div class=\"sc-icon sc-icon-size-medium  sc-icon-shape-circle\" style=\"background-color: #90ba8f;border: 2px solid #90ba8f;\"><span class=\"sc-icon-half-1\" style=\"color: #ffffff;\"><span class=\"back-angle\">&#xe661;<\/span><\/span><span class=\"sc-icon-half-2\" style=\"color: #ffffff;\"><span class=\"back-angle\">&#xe661;<\/span><\/span><\/div><\/div><div class=\"sc-icon-with-text-content\"><div class=\"sc-icon-with-text-text\">[vc_column_text]<\/p>\n<h4>El XanthRemover, mejor que cualquier otro producto \u00abC\u00f3mprelo ahora para eliminar su xantelasma\u00bb<\/h4>\n<p>[\/vc_column_text]<\/div><\/div><div class=\"clearboth\"><\/div><\/div><\/div><\/div>[\/vc_column][\/vc_row][vc_row][vc_column width=\u00bb1\/2&#8243;]<\/p>\n<div class=\"pricing-table row inline-row inline-row-center pricing-table-style-1 button-icon-cart\">\n<div class=\"pricing-column-wrapper col-md-3 col-sm-4 col-xs-6 inline-column highlighted\">\n<div class=\"pricing-column\">\n<div class=\"pricing-title-wrapper\">\n<div class=\"pricing-title\">\n<div class=\"title-h3\">Orden normal<\/div>\n<div class=\"subtitle\">El mejor plan de precio \/ cantidad<\/div>\n<\/div>\n<div class=\"pricing-column-top-choice\">\n<div class=\"pricing-column-top-choice-text\">NUEVO<\/div>\n<\/div>\n<\/div>\n<div class=\"pricing-price-row\" >\n<div class=\"pricing-price\" style=\"font-size: 57px;color: #705b96;\">\n<div class=\"pricing-cost\">$13<\/div>\n<p><span class=\"time\">Por orden<\/span><\/div>\n<\/div>\n<div class=\"pricing-row  strike\">Con garant\u00eda de devoluci\u00f3n de dinero<\/div>\n<div class=\"pricing-row \">Incluye el env\u00edo a TODO EL MUNDO<\/div>\n<div class=\"pricing-row \">30ml de XanthRemover Gel<\/div>\n<div class=\"pricing-row \">Nuestro servicio completo de soporte en l\u00ednea<\/div>\n<div class=\"pricing-footer\"><a href=\"https:\/\/xanthelasmaremoval.com\/product\/xanth-remover-without-money-back-guarantee\/\" class=\"sc-button\">Ordene ya<\/a><\/div>\n<\/div>\n<\/div>\n<\/div>\n<p>[\/vc_column][vc_column width=\u00bb1\/2&#8243;]<\/p>\n<div class=\"pricing-table row inline-row inline-row-center pricing-table-style-1 button-icon-cart\">\n<div class=\"pricing-column-wrapper col-md-3 col-sm-4 col-xs-6 inline-column highlighted\">\n<div class=\"pricing-column\">\n<div class=\"pricing-title-wrapper\">\n<div class=\"pricing-title\">\n<div class=\"title-h3\">Plan avanzado<\/div>\n<div class=\"subtitle\">El mejor plan de precio \/ cantidad<\/div>\n<\/div>\n<div class=\"pricing-column-top-choice\">\n<div class=\"pricing-column-top-choice-text\">NUEVO<\/div>\n<\/div>\n<\/div>\n<div class=\"pricing-price-row\" >\n<div class=\"pricing-price\" style=\"font-size: 57px;color: #705b96;\">\n<div class=\"pricing-cost\">$39<\/div>\n<p><span class=\"time\">Por orden<\/span><\/div>\n<\/div>\n<div class=\"pricing-row \">Con garant\u00eda de devoluci\u00f3n de dinero<\/div>\n<div class=\"pricing-row \">Incluye env\u00edo a TODO EL MUNDO.<\/div>\n<div class=\"pricing-row \">30ml de XanthRemover Gel<\/div>\n<div class=\"pricing-row \">Nuestro servicio completo de soporte en l\u00ednea<\/div>\n<div class=\"pricing-footer\"><a href=\"https:\/\/xanthelasmaremoval.com\/product\/xanthe-remover\/\" class=\"sc-button\">Ordene ya.<\/a><\/div>\n<\/div>\n<\/div>\n<\/div>\n<p>[\/vc_column][\/vc_row]<\/p>","protected":false},"excerpt":{"rendered":"<p>[vc_row][vc_column][vc_column_text]Richard realiz\u00f3 un pedido en l\u00ednea en nuestro sitio web.[\/vc_column_text][\/vc_column][\/vc_row][vc_row][vc_column][vc_column_text] Fotograf\u00edas antes del tratamiento [\/vc_column_text][\/vc_column][\/vc_row][vc_row][vc_column][vc_row_inner][vc_column_inner width=\u00bb1\/2&#8243;][vc_single_image image=\u00bb9841&#8243; img_size=\u00bbfull\u00bb style=\u00bbvc_box_outline\u00bb][\/vc_column_inner][vc_column_inner width=\u00bb1\/2&#8243;][vc_single_image&#8230;<\/p>\n","protected":false},"author":66,"featured_media":0,"parent":11,"menu_order":5,"comment_status":"closed","ping_status":"open","template":"","meta":{"footnotes":""},"class_list":["post-1699","page","type-page","status-publish","hentry"],"yoast_head":"<!-- This site is optimized with the Yoast SEO plugin v24.3 - https:\/\/yoast.com\/wordpress\/plugins\/seo\/ -->\n<title>La eliminaci\u00f3n de los Xantelasmas SIN el \u00c1cido Tricloroac\u00e9tico - Xanthelasma Removal<\/title>\n<meta name=\"robots\" content=\"index, follow, max-snippet:-1, max-image-preview:large, max-video-preview:-1\" \/>\n<link rel=\"canonical\" href=\"https:\/\/xanthelasmaremoval.com\/xanthremover\/xanthelasma-removed-without-tca\/\" \/>\n<meta property=\"og:locale\" content=\"es_ES\" \/>\n<meta property=\"og:type\" content=\"article\" \/>\n<meta property=\"og:title\" content=\"[:en]Xanthelasma removed without TCA[:es]La eliminaci\u00f3n de los Xantelasmas SIN el \u00c1cido Tricloroac\u00e9tico[:] - Xanthelasma Removal\" \/>\n<meta property=\"og:description\" content=\"[vc_row][vc_column][vc_column_text]Richard realiz\u00f3 un pedido en l\u00ednea en nuestro sitio web.[\/vc_column_text][\/vc_column][\/vc_row][vc_row][vc_column][vc_column_text] Fotograf\u00edas antes del tratamiento [\/vc_column_text][\/vc_column][\/vc_row][vc_row][vc_column][vc_row_inner][vc_column_inner width=\u00bb1\/2&#8243;][vc_single_image image=\u00bb9841&#8243; img_size=\u00bbfull\u00bb style=\u00bbvc_box_outline\u00bb][\/vc_column_inner][vc_column_inner width=\u00bb1\/2&#8243;][vc_single_image...\" \/>\n<meta property=\"og:url\" content=\"https:\/\/xanthelasmaremoval.com\/xanthremover\/xanthelasma-removed-without-tca\/\" \/>\n<meta property=\"og:site_name\" content=\"Xanthelasma Removal\" \/>\n<meta property=\"article:modified_time\" content=\"2021-09-14T08:35:51+00:00\" \/>\n<meta name=\"twitter:card\" content=\"summary_large_image\" \/>\n<meta name=\"twitter:label1\" content=\"Tiempo de lectura\" \/>\n\t<meta name=\"twitter:data1\" content=\"8 minutos\" \/>\n<script type=\"application\/ld+json\" class=\"yoast-schema-graph\">{\"@context\":\"https:\/\/schema.org\",\"@graph\":[{\"@type\":\"WebPage\",\"@id\":\"https:\/\/xanthelasmaremoval.com\/xanthremover\/xanthelasma-removed-without-tca\/\",\"url\":\"https:\/\/xanthelasmaremoval.com\/xanthremover\/xanthelasma-removed-without-tca\/\",\"name\":\"[:en]Xanthelasma removed without TCA[:es]La eliminaci\u00f3n de los Xantelasmas SIN el \u00c1cido Tricloroac\u00e9tico[:] - Xanthelasma Removal\",\"isPartOf\":{\"@id\":\"https:\/\/xanthelasmaremoval.com\/#website\"},\"datePublished\":\"2014-05-12T12:55:48+00:00\",\"dateModified\":\"2021-09-14T08:35:51+00:00\",\"breadcrumb\":{\"@id\":\"https:\/\/xanthelasmaremoval.com\/xanthremover\/xanthelasma-removed-without-tca\/#breadcrumb\"},\"inLanguage\":\"es\",\"potentialAction\":[{\"@type\":\"ReadAction\",\"target\":[\"https:\/\/xanthelasmaremoval.com\/xanthremover\/xanthelasma-removed-without-tca\/\"]}]},{\"@type\":\"BreadcrumbList\",\"@id\":\"https:\/\/xanthelasmaremoval.com\/xanthremover\/xanthelasma-removed-without-tca\/#breadcrumb\",\"itemListElement\":[{\"@type\":\"ListItem\",\"position\":1,\"name\":\"Home\",\"item\":\"https:\/\/xanthelasmaremoval.com\/\"},{\"@type\":\"ListItem\",\"position\":2,\"name\":\"XanthRemover\",\"item\":\"https:\/\/xanthelasmaremoval.com\/xanthremover\/\"},{\"@type\":\"ListItem\",\"position\":3,\"name\":\"Xanthelasma removed without TCA\"}]},{\"@type\":\"WebSite\",\"@id\":\"https:\/\/xanthelasmaremoval.com\/#website\",\"url\":\"https:\/\/xanthelasmaremoval.com\/\",\"name\":\"Xanthelasma Removal\",\"description\":\"The Xanthelasma Removal Solutions!\",\"potentialAction\":[{\"@type\":\"SearchAction\",\"target\":{\"@type\":\"EntryPoint\",\"urlTemplate\":\"https:\/\/xanthelasmaremoval.com\/?s={search_term_string}\"},\"query-input\":{\"@type\":\"PropertyValueSpecification\",\"valueRequired\":true,\"valueName\":\"search_term_string\"}}],\"inLanguage\":\"es\"}]}<\/script>\n<!-- \/ Yoast SEO plugin. -->","yoast_head_json":{"title":"[:en]Xanthelasma removed without TCA[:es]La eliminaci\u00f3n de los Xantelasmas SIN el \u00c1cido Tricloroac\u00e9tico[:] - Xanthelasma Removal","robots":{"index":"index","follow":"follow","max-snippet":"max-snippet:-1","max-image-preview":"max-image-preview:large","max-video-preview":"max-video-preview:-1"},"canonical":"https:\/\/xanthelasmaremoval.com\/xanthremover\/xanthelasma-removed-without-tca\/","og_locale":"es_ES","og_type":"article","og_title":"[:en]Xanthelasma removed without TCA[:es]La eliminaci\u00f3n de los Xantelasmas SIN el \u00c1cido Tricloroac\u00e9tico[:] - Xanthelasma Removal","og_description":"[vc_row][vc_column][vc_column_text]Richard realiz\u00f3 un pedido en l\u00ednea en nuestro sitio web.[\/vc_column_text][\/vc_column][\/vc_row][vc_row][vc_column][vc_column_text] Fotograf\u00edas antes del tratamiento [\/vc_column_text][\/vc_column][\/vc_row][vc_row][vc_column][vc_row_inner][vc_column_inner width=\u00bb1\/2&#8243;][vc_single_image image=\u00bb9841&#8243; img_size=\u00bbfull\u00bb style=\u00bbvc_box_outline\u00bb][\/vc_column_inner][vc_column_inner width=\u00bb1\/2&#8243;][vc_single_image...","og_url":"https:\/\/xanthelasmaremoval.com\/xanthremover\/xanthelasma-removed-without-tca\/","og_site_name":"Xanthelasma Removal","article_modified_time":"2021-09-14T08:35:51+00:00","twitter_card":"summary_large_image","twitter_misc":{"Tiempo de lectura":"8 minutos"},"schema":{"@context":"https:\/\/schema.org","@graph":[{"@type":"WebPage","@id":"https:\/\/xanthelasmaremoval.com\/xanthremover\/xanthelasma-removed-without-tca\/","url":"https:\/\/xanthelasmaremoval.com\/xanthremover\/xanthelasma-removed-without-tca\/","name":"[:en]Xanthelasma removed without TCA[:es]La eliminaci\u00f3n de los Xantelasmas SIN el \u00c1cido Tricloroac\u00e9tico[:] - Xanthelasma Removal","isPartOf":{"@id":"https:\/\/xanthelasmaremoval.com\/#website"},"datePublished":"2014-05-12T12:55:48+00:00","dateModified":"2021-09-14T08:35:51+00:00","breadcrumb":{"@id":"https:\/\/xanthelasmaremoval.com\/xanthremover\/xanthelasma-removed-without-tca\/#breadcrumb"},"inLanguage":"es","potentialAction":[{"@type":"ReadAction","target":["https:\/\/xanthelasmaremoval.com\/xanthremover\/xanthelasma-removed-without-tca\/"]}]},{"@type":"BreadcrumbList","@id":"https:\/\/xanthelasmaremoval.com\/xanthremover\/xanthelasma-removed-without-tca\/#breadcrumb","itemListElement":[{"@type":"ListItem","position":1,"name":"Home","item":"https:\/\/xanthelasmaremoval.com\/"},{"@type":"ListItem","position":2,"name":"XanthRemover","item":"https:\/\/xanthelasmaremoval.com\/xanthremover\/"},{"@type":"ListItem","position":3,"name":"Xanthelasma removed without TCA"}]},{"@type":"WebSite","@id":"https:\/\/xanthelasmaremoval.com\/#website","url":"https:\/\/xanthelasmaremoval.com\/","name":"Xanthelasma Removal","description":"The Xanthelasma Removal Solutions!","potentialAction":[{"@type":"SearchAction","target":{"@type":"EntryPoint","urlTemplate":"https:\/\/xanthelasmaremoval.com\/?s={search_term_string}"},"query-input":{"@type":"PropertyValueSpecification","valueRequired":true,"valueName":"search_term_string"}}],"inLanguage":"es"}]}},"_links":{"self":[{"href":"https:\/\/xanthelasmaremoval.com\/es\/wp-json\/wp\/v2\/pages\/1699"}],"collection":[{"href":"https:\/\/xanthelasmaremoval.com\/es\/wp-json\/wp\/v2\/pages"}],"about":[{"href":"https:\/\/xanthelasmaremoval.com\/es\/wp-json\/wp\/v2\/types\/page"}],"author":[{"embeddable":true,"href":"https:\/\/xanthelasmaremoval.com\/es\/wp-json\/wp\/v2\/users\/66"}],"replies":[{"embeddable":true,"href":"https:\/\/xanthelasmaremoval.com\/es\/wp-json\/wp\/v2\/comments?post=1699"}],"version-history":[{"count":61,"href":"https:\/\/xanthelasmaremoval.com\/es\/wp-json\/wp\/v2\/pages\/1699\/revisions"}],"predecessor-version":[{"id":14133,"href":"https:\/\/xanthelasmaremoval.com\/es\/wp-json\/wp\/v2\/pages\/1699\/revisions\/14133"}],"up":[{"embeddable":true,"href":"https:\/\/xanthelasmaremoval.com\/es\/wp-json\/wp\/v2\/pages\/11"}],"wp:attachment":[{"href":"https:\/\/xanthelasmaremoval.com\/es\/wp-json\/wp\/v2\/media?parent=1699"}],"curies":[{"name":"wp","href":"https:\/\/api.w.org\/{rel}","templated":true}]}}