{"id":1964,"date":"2014-12-16T06:25:15","date_gmt":"2014-12-16T06:25:15","guid":{"rendered":"https:\/\/xanthelasmaremoval.com\/?page_id=1964"},"modified":"2019-09-26T22:44:13","modified_gmt":"2019-09-26T22:44:13","slug":"before-and-after","status":"publish","type":"page","link":"https:\/\/xanthelasmaremoval.com\/es\/xanthremover\/before-and-after\/","title":{"rendered":"El antes y el despu\u00e9s"},"content":{"rendered":"<p>[vc_row][vc_column]<div class=\"clearboth\"><\/div><div class=\"sc-divider sc-divider-style-3\" style=\"\"><\/div><blockquote><p>\u00a1Haga clic en los videos a continuaci\u00f3n para ver la transformaci\u00f3n usando el XanthRemover, sin el \u00c1cido tricloroac\u00e9tico! No solo tiene el antes y el despu\u00e9s, sino que tambi\u00e9n ve el \u00abintermedio\u00bb y los testimonios. \u00a1Disfrut\u00e9los!<\/p><\/blockquote>[\/vc_column][\/vc_row][vc_row][vc_column width=\u00bb1\/2&#8243;]<div class=\"sc-youtube sc-wrapbox sc-wrapbox-style-5 rounded-corners shadow-box sc-wrapbox-position-below\" style=\"width: 100%;height: 300px;\"><div class=\"sc-wrapbox-inner\"><iframe loading=\"lazy\" class=\"sc-wrapbox-element img-responsive\" width=\"100%\" height=\"300\" frameborder=\"0\" scrolling=\"no\" marginheight=\"0\" marginwidth=\"0\" src=\"\/\/www.youtube.com\/embed\/Qq6HqjQqte8?rel=0&amp;wmode=opaque\"><\/iframe><\/div><\/div>[\/vc_column][vc_column width=\u00bb1\/2&#8243;]<div class=\"sc-youtube sc-wrapbox sc-wrapbox-style-5 rounded-corners shadow-box sc-wrapbox-position-below\" style=\"width: 100%;height: 300px;\"><div class=\"sc-wrapbox-inner\"><iframe loading=\"lazy\" class=\"sc-wrapbox-element img-responsive\" width=\"100%\" height=\"300\" frameborder=\"0\" scrolling=\"no\" marginheight=\"0\" marginwidth=\"0\" src=\"\/\/www.youtube.com\/embed\/AK42yKcwvI4?rel=0&amp;wmode=opaque\"><\/iframe><\/div><\/div>[\/vc_column][\/vc_row][vc_row][vc_column][vc_zigzag color=\u00bbblue\u00bb el_width=\u00bb50&#8243; el_border_width=\u00bb15&#8243; css_animation=\u00bbfadeInDown\u00bb][\/vc_column][\/vc_row][vc_row full_width=\u00bbstretch_row\u00bb full_height=\u00bbyes\u00bb equal_height=\u00bbyes\u00bb css=\u00bb.vc_custom_1550818047004{background-position: center !important;background-repeat: no-repeat !important;background-size: cover !important;}\u00bb][vc_column width=\u00bb1\/2&#8243;]<div class=\"sc-youtube sc-wrapbox sc-wrapbox-style-5 rounded-corners shadow-box sc-wrapbox-position-below\" style=\"width: 100%;height: 300px;\"><div class=\"sc-wrapbox-inner\"><iframe loading=\"lazy\" class=\"sc-wrapbox-element img-responsive\" width=\"100%\" height=\"300\" frameborder=\"0\" scrolling=\"no\" marginheight=\"0\" marginwidth=\"0\" src=\"\/\/www.youtube.com\/embed\/lZrrFfEMgPs?rel=0&amp;wmode=opaque\"><\/iframe><\/div><\/div>[\/vc_column][vc_column width=\u00bb1\/2&#8243;]<div class=\"sc-youtube sc-wrapbox sc-wrapbox-style-5 rounded-corners shadow-box sc-wrapbox-position-below\" style=\"width: 100%;height: 300px;\"><div class=\"sc-wrapbox-inner\"><iframe loading=\"lazy\" class=\"sc-wrapbox-element img-responsive\" width=\"100%\" height=\"300\" frameborder=\"0\" scrolling=\"no\" marginheight=\"0\" marginwidth=\"0\" src=\"\/\/www.youtube.com\/embed\/TT7UXUNrhRQ?rel=0&amp;wmode=opaque\"><\/iframe><\/div><\/div>[\/vc_column][\/vc_row][vc_row][vc_column][vc_btn title=\u00bbVisite nuestro canal\u00bb color=\u00bbinfo\u00bb align=\u00bbcenter\u00bb link=\u00bburl:https%3A%2F%2Fwww.youtube.com%2Fchannel%2FUCAKMKWmwxEVL74f5szpnLUg%2Fvideos|||\u00bb][\/vc_column][\/vc_row]<\/p>","protected":false},"excerpt":{"rendered":"<p>[vc_row][vc_column][\/vc_column][\/vc_row][vc_row][vc_column width=\u00bb1\/2&#8243;][\/vc_column][vc_column width=\u00bb1\/2&#8243;][\/vc_column][\/vc_row][vc_row][vc_column][vc_zigzag color=\u00bbblue\u00bb el_width=\u00bb50&#8243; el_border_width=\u00bb15&#8243; css_animation=\u00bbfadeInDown\u00bb][\/vc_column][\/vc_row][vc_row full_width=\u00bbstretch_row\u00bb full_height=\u00bbyes\u00bb equal_height=\u00bbyes\u00bb css=\u00bb.vc_custom_1550818047004{background-position: center !important;background-repeat: no-repeat !important;background-size: cover !important;}\u00bb][vc_column width=\u00bb1\/2&#8243;][\/vc_column][vc_column width=\u00bb1\/2&#8243;][\/vc_column][\/vc_row][vc_row][vc_column][vc_btn title=\u00bbVisite&#8230;<\/p>\n","protected":false},"author":66,"featured_media":0,"parent":11,"menu_order":6,"comment_status":"closed","ping_status":"open","template":"","meta":{"footnotes":""},"class_list":["post-1964","page","type-page","status-publish","hentry"],"yoast_head":"<!-- This site is optimized with the Yoast SEO plugin v24.3 - https:\/\/yoast.com\/wordpress\/plugins\/seo\/ -->\n<title>El antes y el despu\u00e9s - Xanthelasma Removal<\/title>\n<meta name=\"robots\" content=\"index, follow, max-snippet:-1, max-image-preview:large, max-video-preview:-1\" \/>\n<link rel=\"canonical\" href=\"https:\/\/xanthelasmaremoval.com\/xanthremover\/before-and-after\/\" \/>\n<meta property=\"og:locale\" content=\"es_ES\" \/>\n<meta property=\"og:type\" content=\"article\" \/>\n<meta property=\"og:title\" content=\"[:en]Before and After[:es]El antes y el despu\u00e9s[:] - Xanthelasma Removal\" \/>\n<meta property=\"og:description\" content=\"[vc_row][vc_column][\/vc_column][\/vc_row][vc_row][vc_column width=\u00bb1\/2&#8243;][\/vc_column][vc_column width=\u00bb1\/2&#8243;][\/vc_column][\/vc_row][vc_row][vc_column][vc_zigzag color=\u00bbblue\u00bb el_width=\u00bb50&#8243; el_border_width=\u00bb15&#8243; css_animation=\u00bbfadeInDown\u00bb][\/vc_column][\/vc_row][vc_row full_width=\u00bbstretch_row\u00bb full_height=\u00bbyes\u00bb equal_height=\u00bbyes\u00bb css=\u00bb.vc_custom_1550818047004{background-position: center !important;background-repeat: no-repeat !important;background-size: cover !important;}\u00bb][vc_column width=\u00bb1\/2&#8243;][\/vc_column][vc_column width=\u00bb1\/2&#8243;][\/vc_column][\/vc_row][vc_row][vc_column][vc_btn title=\u00bbVisite...\" \/>\n<meta property=\"og:url\" content=\"https:\/\/xanthelasmaremoval.com\/xanthremover\/before-and-after\/\" \/>\n<meta property=\"og:site_name\" content=\"Xanthelasma Removal\" \/>\n<meta property=\"article:modified_time\" content=\"2019-09-26T22:44:13+00:00\" \/>\n<meta name=\"twitter:card\" content=\"summary_large_image\" \/>\n<meta name=\"twitter:label1\" content=\"Tiempo de lectura\" \/>\n\t<meta name=\"twitter:data1\" content=\"2 minutos\" \/>\n<script type=\"application\/ld+json\" class=\"yoast-schema-graph\">{\"@context\":\"https:\/\/schema.org\",\"@graph\":[{\"@type\":\"WebPage\",\"@id\":\"https:\/\/xanthelasmaremoval.com\/xanthremover\/before-and-after\/\",\"url\":\"https:\/\/xanthelasmaremoval.com\/xanthremover\/before-and-after\/\",\"name\":\"[:en]Before and After[:es]El antes y el despu\u00e9s[:] - Xanthelasma Removal\",\"isPartOf\":{\"@id\":\"https:\/\/xanthelasmaremoval.com\/#website\"},\"datePublished\":\"2014-12-16T06:25:15+00:00\",\"dateModified\":\"2019-09-26T22:44:13+00:00\",\"breadcrumb\":{\"@id\":\"https:\/\/xanthelasmaremoval.com\/xanthremover\/before-and-after\/#breadcrumb\"},\"inLanguage\":\"es\",\"potentialAction\":[{\"@type\":\"ReadAction\",\"target\":[\"https:\/\/xanthelasmaremoval.com\/xanthremover\/before-and-after\/\"]}]},{\"@type\":\"BreadcrumbList\",\"@id\":\"https:\/\/xanthelasmaremoval.com\/xanthremover\/before-and-after\/#breadcrumb\",\"itemListElement\":[{\"@type\":\"ListItem\",\"position\":1,\"name\":\"Home\",\"item\":\"https:\/\/xanthelasmaremoval.com\/\"},{\"@type\":\"ListItem\",\"position\":2,\"name\":\"XanthRemover\",\"item\":\"https:\/\/xanthelasmaremoval.com\/xanthremover\/\"},{\"@type\":\"ListItem\",\"position\":3,\"name\":\"Before and After\"}]},{\"@type\":\"WebSite\",\"@id\":\"https:\/\/xanthelasmaremoval.com\/#website\",\"url\":\"https:\/\/xanthelasmaremoval.com\/\",\"name\":\"Xanthelasma Removal\",\"description\":\"The Xanthelasma Removal Solutions!\",\"potentialAction\":[{\"@type\":\"SearchAction\",\"target\":{\"@type\":\"EntryPoint\",\"urlTemplate\":\"https:\/\/xanthelasmaremoval.com\/?s={search_term_string}\"},\"query-input\":{\"@type\":\"PropertyValueSpecification\",\"valueRequired\":true,\"valueName\":\"search_term_string\"}}],\"inLanguage\":\"es\"}]}<\/script>\n<!-- \/ Yoast SEO plugin. -->","yoast_head_json":{"title":"[:en]Before and After[:es]El antes y el despu\u00e9s[:] - Xanthelasma Removal","robots":{"index":"index","follow":"follow","max-snippet":"max-snippet:-1","max-image-preview":"max-image-preview:large","max-video-preview":"max-video-preview:-1"},"canonical":"https:\/\/xanthelasmaremoval.com\/xanthremover\/before-and-after\/","og_locale":"es_ES","og_type":"article","og_title":"[:en]Before and After[:es]El antes y el despu\u00e9s[:] - Xanthelasma Removal","og_description":"[vc_row][vc_column][\/vc_column][\/vc_row][vc_row][vc_column width=\u00bb1\/2&#8243;][\/vc_column][vc_column width=\u00bb1\/2&#8243;][\/vc_column][\/vc_row][vc_row][vc_column][vc_zigzag color=\u00bbblue\u00bb el_width=\u00bb50&#8243; el_border_width=\u00bb15&#8243; css_animation=\u00bbfadeInDown\u00bb][\/vc_column][\/vc_row][vc_row full_width=\u00bbstretch_row\u00bb full_height=\u00bbyes\u00bb equal_height=\u00bbyes\u00bb css=\u00bb.vc_custom_1550818047004{background-position: center !important;background-repeat: no-repeat !important;background-size: cover !important;}\u00bb][vc_column width=\u00bb1\/2&#8243;][\/vc_column][vc_column width=\u00bb1\/2&#8243;][\/vc_column][\/vc_row][vc_row][vc_column][vc_btn title=\u00bbVisite...","og_url":"https:\/\/xanthelasmaremoval.com\/xanthremover\/before-and-after\/","og_site_name":"Xanthelasma Removal","article_modified_time":"2019-09-26T22:44:13+00:00","twitter_card":"summary_large_image","twitter_misc":{"Tiempo de lectura":"2 minutos"},"schema":{"@context":"https:\/\/schema.org","@graph":[{"@type":"WebPage","@id":"https:\/\/xanthelasmaremoval.com\/xanthremover\/before-and-after\/","url":"https:\/\/xanthelasmaremoval.com\/xanthremover\/before-and-after\/","name":"[:en]Before and After[:es]El antes y el despu\u00e9s[:] - Xanthelasma Removal","isPartOf":{"@id":"https:\/\/xanthelasmaremoval.com\/#website"},"datePublished":"2014-12-16T06:25:15+00:00","dateModified":"2019-09-26T22:44:13+00:00","breadcrumb":{"@id":"https:\/\/xanthelasmaremoval.com\/xanthremover\/before-and-after\/#breadcrumb"},"inLanguage":"es","potentialAction":[{"@type":"ReadAction","target":["https:\/\/xanthelasmaremoval.com\/xanthremover\/before-and-after\/"]}]},{"@type":"BreadcrumbList","@id":"https:\/\/xanthelasmaremoval.com\/xanthremover\/before-and-after\/#breadcrumb","itemListElement":[{"@type":"ListItem","position":1,"name":"Home","item":"https:\/\/xanthelasmaremoval.com\/"},{"@type":"ListItem","position":2,"name":"XanthRemover","item":"https:\/\/xanthelasmaremoval.com\/xanthremover\/"},{"@type":"ListItem","position":3,"name":"Before and After"}]},{"@type":"WebSite","@id":"https:\/\/xanthelasmaremoval.com\/#website","url":"https:\/\/xanthelasmaremoval.com\/","name":"Xanthelasma Removal","description":"The Xanthelasma Removal Solutions!","potentialAction":[{"@type":"SearchAction","target":{"@type":"EntryPoint","urlTemplate":"https:\/\/xanthelasmaremoval.com\/?s={search_term_string}"},"query-input":{"@type":"PropertyValueSpecification","valueRequired":true,"valueName":"search_term_string"}}],"inLanguage":"es"}]}},"_links":{"self":[{"href":"https:\/\/xanthelasmaremoval.com\/es\/wp-json\/wp\/v2\/pages\/1964"}],"collection":[{"href":"https:\/\/xanthelasmaremoval.com\/es\/wp-json\/wp\/v2\/pages"}],"about":[{"href":"https:\/\/xanthelasmaremoval.com\/es\/wp-json\/wp\/v2\/types\/page"}],"author":[{"embeddable":true,"href":"https:\/\/xanthelasmaremoval.com\/es\/wp-json\/wp\/v2\/users\/66"}],"replies":[{"embeddable":true,"href":"https:\/\/xanthelasmaremoval.com\/es\/wp-json\/wp\/v2\/comments?post=1964"}],"version-history":[{"count":22,"href":"https:\/\/xanthelasmaremoval.com\/es\/wp-json\/wp\/v2\/pages\/1964\/revisions"}],"predecessor-version":[{"id":12923,"href":"https:\/\/xanthelasmaremoval.com\/es\/wp-json\/wp\/v2\/pages\/1964\/revisions\/12923"}],"up":[{"embeddable":true,"href":"https:\/\/xanthelasmaremoval.com\/es\/wp-json\/wp\/v2\/pages\/11"}],"wp:attachment":[{"href":"https:\/\/xanthelasmaremoval.com\/es\/wp-json\/wp\/v2\/media?parent=1964"}],"curies":[{"name":"wp","href":"https:\/\/api.w.org\/{rel}","templated":true}]}}