{"id":2189,"date":"2015-03-25T13:31:11","date_gmt":"2015-03-25T13:31:11","guid":{"rendered":"https:\/\/xanthelasmaremoval.com\/?page_id=2189"},"modified":"2019-08-19T05:19:07","modified_gmt":"2019-08-19T05:19:07","slug":"xanthremover-prof","status":"publish","type":"page","link":"https:\/\/xanthelasmaremoval.com\/es\/xanthremover-prof\/","title":{"rendered":"El XanthRemover Profesional"},"content":{"rendered":"<p>[vc_row][vc_column][vc_column_text]El xantelasma son lesiones benignas que se eliminan por razones est\u00e9ticas y no representan ning\u00fan riesgo para la salud. Sin embargo, son desagradables y las personas est\u00e1n muy motivadas para que se las retiren porque generalmente causan mucha verg\u00fcenza y son dif\u00edciles de ocultar. Si realiza un negocio cosm\u00e9tico o est\u00e9tico grande o peque\u00f1o, probablemente haya visto algunos de estos casos de vez en cuando.[\/vc_column_text][\/vc_column][\/vc_row][vc_row][vc_column width=\u00bb2\/3&#8243;][vc_column_text]Al principio, pueden parecer dif\u00edciles e intimidantes de eliminar, sin embargo, al usar los productos o instrumentos correctos, se pueden eliminar de manera segura y f\u00e1cil.<br \/>\nHemos hecho una formulaci\u00f3n especial para profesionales cosm\u00e9ticos y est\u00e9ticos con el fin de facilitarle la eliminaci\u00f3n del xantelasma.<br \/>\nCon el\u00a0 XanthRemover Profesional recibir\u00e1 el peeling cosm\u00e9tico\u00a0 especializado, el cual est\u00e1 dise\u00f1ado para eliminar el xantelasma de manera efectiva. El XanthRemover Profesional especialmente formulado est\u00e1 dise\u00f1ado para ser utilizado \u00fanicamente por profesionales de la est\u00e9tica y la cosm\u00e9tica.[\/vc_column_text][\/vc_column][vc_column width=\u00bb1\/3&#8243;][vc_single_image image=\u00bb10053&#8243; img_size=\u00bbfull\u00bb alignment=\u00bbcenter\u00bb style=\u00bbvc_box_outline\u00bb][\/vc_column][\/vc_row][vc_row][vc_column][vc_column_text]El XanthRemover Profesional elimina el Xantelasma por exfoliaci\u00f3n progresiva. Por lo tanto, cada vez que lo aplique, su cliente notar\u00e1 los efectos y una mejora gradual en la apariencia del Xantelasma.<br \/>\nVeamos los costos de cada tratamiento: en promedio, una cl\u00ednica cosm\u00e9tica cobra entre 200 y 300 libras por sesi\u00f3n. El XanthRemover Profesional se pagar\u00e1 a s\u00ed mismo con los ingresos de la primera sesi\u00f3n. En promedio, un tratamiento de eliminaci\u00f3n del xantelasma cuesta entre 1000 y 2000 libras por cliente, el costo var\u00eda seg\u00fan el equipo utilizado y el tipo de xantelasma.[\/vc_column_text][\/vc_column][\/vc_row][vc_row][vc_column][vc_column_text]<\/p>\n<h3>Con Xanthemover Profesional tambi\u00e9n se beneficiar\u00e1 de<\/h3>\n<p>[\/vc_column_text]<\/p>\n<div class=\"sc-list\">\n<ul>\n<li>Instrucciones f\u00e1ciles de seguir.<\/li>\n<li>Muestra de formulario de consentimiento informado<\/li>\n<li>Un video promocional (como el que est\u00e1 comenzando ahora) que puede publicar en su sitio web para anunciar el servicio adicional de eliminaci\u00f3n del xantelasma que usted est\u00e1 ofreciendo<\/li>\n<\/ul>\n<\/div>\n<p>[vc_column_text]Por lo tanto, lo ayudamos con la publicidad en l\u00ednea, la eliminaci\u00f3n del xantelasma, hasta la protecci\u00f3n de su negocio.<\/p>\n<p>Si tiene un sal\u00f3n de belleza y le gustar\u00eda ofrecer un servicio adicional a sus clientes, el XanthRemover Profesional es ideal para usted. Viene con el video promocional para anunciar, instrucciones f\u00e1ciles de seguir y un formulario de consentimiento informado. Cada XanthRemover Profesional contiene suficiente producto para tratar de 6 a 10 clientes en promedio y tiene una vida \u00fatil de un a\u00f1o.<\/p>\n<p>El producto se invierte dentro de la primera sesi\u00f3n y despu\u00e9s de eso, cualquier otro tratamiento es pura ganancia. Un solo XanthRemover Profesional puede generar hasta 5000 libras considerando que en promedio podr\u00e1 tratar satisfactoriamente a 6 clientes (con un promedio de 3 tratamientos cada uno), puede ser m\u00e1s si trata a m\u00e1s clientes con \u00e9xito, lo cual es posible.<br \/>\nUna vez que haya realizado su pedido, le enviaremos el producto en seguida.[\/vc_column_text][vc_column_text]<strong>Entonces, \u00bfQu\u00e9 est\u00e1 esperando?<\/strong>[\/vc_column_text]<\/p>\n<div class=\"sc-list\">\n<ul>\n<li>El XanthRemover Profesional probablemente se pagar\u00e1 a s\u00ed mismo con los ingresos de la primera sesi\u00f3n<\/li>\n<li>Es f\u00e1cil de usar<\/li>\n<li>Y lo ayudamos con la publicidad en l\u00ednea en su sitio web<\/li>\n<\/ul>\n<\/div>\n<p>[\/vc_column][\/vc_row][vc_row][vc_column][vc_zigzag][\/vc_column][\/vc_row][vc_row][vc_column width=\u00bb2\/3&#8243;][vc_column_text]Por lo tanto, no tiene prisa, todo lo que tiene que hacer es comenzar a ofrecer el servicio de eliminaci\u00f3n de Xantelasma cuando sea apropiado y antes de programar su primer tratamiento de eliminaci\u00f3n\u00a0 con sus clientes, simplemente p\u00f3ngase en contacto con nosotros y haga su pedido. \u00a1Ya hemos solucionado el resto![\/vc_column_text][vc_column_text]El xantelasma son lesiones benignas que se eliminan por razones est\u00e9ticas y no representan ning\u00fan riesgo para la salud. Sin embargo, son antiest\u00e9ticas y las personas est\u00e1n muy motivadas para que se las retiren porque generalmente causan mucha verg\u00fcenza y son dif\u00edciles de ocultar. Si ejecuta un negocio cosm\u00e9tico o est\u00e9tico, grande o peque\u00f1o, es probable que haya visto algunos de estos casos de vez en cuando.[\/vc_column_text][\/vc_column][vc_column width=\u00bb1\/3&#8243;][vc_single_image image=\u00bb10054&#8243; img_size=\u00bbfull\u00bb alignment=\u00bbcenter\u00bb style=\u00bbvc_box_outline\u00bb][\/vc_column][\/vc_row][vc_row][vc_column][vc_column_text]El xantelasma son lesiones benignas que se eliminan por razones est\u00e9ticas y no representan ning\u00fan riesgo para la salud. Sin embargo, son antiest\u00e9ticas y las personas est\u00e1n muy motivadas para que se las retiren porque generalmente causan mucha verg\u00fcenza y son dif\u00edciles de ocultar. Si ejecuta un negocio cosm\u00e9tico o est\u00e9tico, grande o peque\u00f1o, es probable que haya visto algunos de estos casos de vez en cuando.<\/p>\n<p>Al principio, pueden parecer dif\u00edciles e intimidantes de eliminar, sin embargo, al usar los productos o instrumentos correctos, se pueden eliminar de manera segura y f\u00e1cil.<br \/>\nHemos hecho una formulaci\u00f3n especial para profesionales cosm\u00e9ticos y est\u00e9ticos con el fin de facilitarle la eliminaci\u00f3n del xantelasma.<br \/>\nCon el XanthRemover Profesional, recibir\u00e1 el peeling cosm\u00e9tico profesional especializado que est\u00e1 dise\u00f1ada para eliminar el xantelasma de manera efectiva. El XanthRemover Profesional especialmente formulado est\u00e1 dise\u00f1ado para ser utilizado \u00fanicamente por profesionales de la est\u00e9tica y la cosm\u00e9tica.<\/p>\n<p>El XanthRemover Profesional elimina el xantelasma mediante exfoliaci\u00f3n progresiva. Por lo tanto, cada vez que lo aplique, su cliente notar\u00e1 los efectos y una mejora gradual en la apariencia del\u00a0 Xantelasma.<\/p>\n<p>Veamos los costos de cada tratamiento: en promedio, una cl\u00ednica cosm\u00e9tica cobra entre 200 y 300 libras por sesi\u00f3n. El XanthRemover Profesional se pagar\u00e1 a s\u00ed mismo con los ingresos de la primera sesi\u00f3n. En promedio, un tratamiento de eliminaci\u00f3n de xantelasma cuesta entre 1000 y 2000 libras por cliente, el costo var\u00eda seg\u00fan el equipo utilizado y el tipo de xantelasma.[\/vc_column_text][\/vc_column][\/vc_row]<\/p>","protected":false},"excerpt":{"rendered":"<p>[vc_row][vc_column][vc_column_text]El xantelasma son lesiones benignas que se eliminan por razones est\u00e9ticas y no representan ning\u00fan riesgo para la salud. Sin&#8230;<\/p>\n","protected":false},"author":66,"featured_media":0,"parent":0,"menu_order":0,"comment_status":"closed","ping_status":"open","template":"","meta":{"footnotes":""},"class_list":["post-2189","page","type-page","status-publish","hentry"],"yoast_head":"<!-- This site is optimized with the Yoast SEO plugin v24.3 - https:\/\/yoast.com\/wordpress\/plugins\/seo\/ -->\n<title>El XanthRemover Profesional - Xanthelasma Removal<\/title>\n<meta name=\"robots\" content=\"index, follow, max-snippet:-1, max-image-preview:large, max-video-preview:-1\" \/>\n<link rel=\"canonical\" href=\"https:\/\/xanthelasmaremoval.com\/xanthremover-prof\/\" \/>\n<meta property=\"og:locale\" content=\"es_ES\" \/>\n<meta property=\"og:type\" content=\"article\" \/>\n<meta property=\"og:title\" content=\"[:en]XanthRemover PRof[:es]El XanthRemover Profesional[:] - Xanthelasma Removal\" \/>\n<meta property=\"og:description\" content=\"[vc_row][vc_column][vc_column_text]El xantelasma son lesiones benignas que se eliminan por razones est\u00e9ticas y no representan ning\u00fan riesgo para la salud. Sin...\" \/>\n<meta property=\"og:url\" content=\"https:\/\/xanthelasmaremoval.com\/xanthremover-prof\/\" \/>\n<meta property=\"og:site_name\" content=\"Xanthelasma Removal\" \/>\n<meta property=\"article:modified_time\" content=\"2019-08-19T05:19:07+00:00\" \/>\n<meta name=\"twitter:card\" content=\"summary_large_image\" \/>\n<meta name=\"twitter:label1\" content=\"Tiempo de lectura\" \/>\n\t<meta name=\"twitter:data1\" content=\"10 minutos\" \/>\n<script type=\"application\/ld+json\" class=\"yoast-schema-graph\">{\"@context\":\"https:\/\/schema.org\",\"@graph\":[{\"@type\":\"WebPage\",\"@id\":\"https:\/\/xanthelasmaremoval.com\/xanthremover-prof\/\",\"url\":\"https:\/\/xanthelasmaremoval.com\/xanthremover-prof\/\",\"name\":\"[:en]XanthRemover PRof[:es]El XanthRemover Profesional[:] - Xanthelasma Removal\",\"isPartOf\":{\"@id\":\"https:\/\/xanthelasmaremoval.com\/#website\"},\"datePublished\":\"2015-03-25T13:31:11+00:00\",\"dateModified\":\"2019-08-19T05:19:07+00:00\",\"breadcrumb\":{\"@id\":\"https:\/\/xanthelasmaremoval.com\/xanthremover-prof\/#breadcrumb\"},\"inLanguage\":\"es\",\"potentialAction\":[{\"@type\":\"ReadAction\",\"target\":[\"https:\/\/xanthelasmaremoval.com\/xanthremover-prof\/\"]}]},{\"@type\":\"BreadcrumbList\",\"@id\":\"https:\/\/xanthelasmaremoval.com\/xanthremover-prof\/#breadcrumb\",\"itemListElement\":[{\"@type\":\"ListItem\",\"position\":1,\"name\":\"Home\",\"item\":\"https:\/\/xanthelasmaremoval.com\/\"},{\"@type\":\"ListItem\",\"position\":2,\"name\":\"XanthRemover PRof\"}]},{\"@type\":\"WebSite\",\"@id\":\"https:\/\/xanthelasmaremoval.com\/#website\",\"url\":\"https:\/\/xanthelasmaremoval.com\/\",\"name\":\"Xanthelasma Removal\",\"description\":\"The Xanthelasma Removal Solutions!\",\"potentialAction\":[{\"@type\":\"SearchAction\",\"target\":{\"@type\":\"EntryPoint\",\"urlTemplate\":\"https:\/\/xanthelasmaremoval.com\/?s={search_term_string}\"},\"query-input\":{\"@type\":\"PropertyValueSpecification\",\"valueRequired\":true,\"valueName\":\"search_term_string\"}}],\"inLanguage\":\"es\"}]}<\/script>\n<!-- \/ Yoast SEO plugin. -->","yoast_head_json":{"title":"[:en]XanthRemover PRof[:es]El XanthRemover Profesional[:] - Xanthelasma Removal","robots":{"index":"index","follow":"follow","max-snippet":"max-snippet:-1","max-image-preview":"max-image-preview:large","max-video-preview":"max-video-preview:-1"},"canonical":"https:\/\/xanthelasmaremoval.com\/xanthremover-prof\/","og_locale":"es_ES","og_type":"article","og_title":"[:en]XanthRemover PRof[:es]El XanthRemover Profesional[:] - Xanthelasma Removal","og_description":"[vc_row][vc_column][vc_column_text]El xantelasma son lesiones benignas que se eliminan por razones est\u00e9ticas y no representan ning\u00fan riesgo para la salud. Sin...","og_url":"https:\/\/xanthelasmaremoval.com\/xanthremover-prof\/","og_site_name":"Xanthelasma Removal","article_modified_time":"2019-08-19T05:19:07+00:00","twitter_card":"summary_large_image","twitter_misc":{"Tiempo de lectura":"10 minutos"},"schema":{"@context":"https:\/\/schema.org","@graph":[{"@type":"WebPage","@id":"https:\/\/xanthelasmaremoval.com\/xanthremover-prof\/","url":"https:\/\/xanthelasmaremoval.com\/xanthremover-prof\/","name":"[:en]XanthRemover PRof[:es]El XanthRemover Profesional[:] - Xanthelasma Removal","isPartOf":{"@id":"https:\/\/xanthelasmaremoval.com\/#website"},"datePublished":"2015-03-25T13:31:11+00:00","dateModified":"2019-08-19T05:19:07+00:00","breadcrumb":{"@id":"https:\/\/xanthelasmaremoval.com\/xanthremover-prof\/#breadcrumb"},"inLanguage":"es","potentialAction":[{"@type":"ReadAction","target":["https:\/\/xanthelasmaremoval.com\/xanthremover-prof\/"]}]},{"@type":"BreadcrumbList","@id":"https:\/\/xanthelasmaremoval.com\/xanthremover-prof\/#breadcrumb","itemListElement":[{"@type":"ListItem","position":1,"name":"Home","item":"https:\/\/xanthelasmaremoval.com\/"},{"@type":"ListItem","position":2,"name":"XanthRemover PRof"}]},{"@type":"WebSite","@id":"https:\/\/xanthelasmaremoval.com\/#website","url":"https:\/\/xanthelasmaremoval.com\/","name":"Xanthelasma Removal","description":"The Xanthelasma Removal Solutions!","potentialAction":[{"@type":"SearchAction","target":{"@type":"EntryPoint","urlTemplate":"https:\/\/xanthelasmaremoval.com\/?s={search_term_string}"},"query-input":{"@type":"PropertyValueSpecification","valueRequired":true,"valueName":"search_term_string"}}],"inLanguage":"es"}]}},"_links":{"self":[{"href":"https:\/\/xanthelasmaremoval.com\/es\/wp-json\/wp\/v2\/pages\/2189"}],"collection":[{"href":"https:\/\/xanthelasmaremoval.com\/es\/wp-json\/wp\/v2\/pages"}],"about":[{"href":"https:\/\/xanthelasmaremoval.com\/es\/wp-json\/wp\/v2\/types\/page"}],"author":[{"embeddable":true,"href":"https:\/\/xanthelasmaremoval.com\/es\/wp-json\/wp\/v2\/users\/66"}],"replies":[{"embeddable":true,"href":"https:\/\/xanthelasmaremoval.com\/es\/wp-json\/wp\/v2\/comments?post=2189"}],"version-history":[{"count":44,"href":"https:\/\/xanthelasmaremoval.com\/es\/wp-json\/wp\/v2\/pages\/2189\/revisions"}],"predecessor-version":[{"id":12623,"href":"https:\/\/xanthelasmaremoval.com\/es\/wp-json\/wp\/v2\/pages\/2189\/revisions\/12623"}],"wp:attachment":[{"href":"https:\/\/xanthelasmaremoval.com\/es\/wp-json\/wp\/v2\/media?parent=2189"}],"curies":[{"name":"wp","href":"https:\/\/api.w.org\/{rel}","templated":true}]}}