{"id":2303,"date":"2015-11-26T13:12:33","date_gmt":"2015-11-26T13:12:33","guid":{"rendered":"https:\/\/xanthelasmaremoval.com\/?page_id=2303"},"modified":"2019-09-04T00:43:42","modified_gmt":"2019-09-04T00:43:42","slug":"photos-and-information-submission","status":"publish","type":"page","link":"https:\/\/xanthelasmaremoval.com\/es\/photos-and-information-submission\/","title":{"rendered":"Fotograf\u00edas y env\u00edo de informaci\u00f3n suministrada"},"content":{"rendered":"<p>[vc_row][vc_column][vc_column_text]<\/p>\n<h2 style=\"text-align: center;\">Una vez que haya adquirido su pedido, env\u00edenos por favor el siguiente formulario completo:<\/h2>\n<ul>\n<li>M\u00ednimo 8 fotos diferentes desde diferentes \u00e1ngulos. Mientras m\u00e1s, mejor. Recuerde que debemos ver el Xantelasma claramente, as\u00ed como su tipo de piel. Las im\u00e1genes deben incluir su cara completa desde la cual podamos distinguir el Xantelasma.<\/li>\n<li>Niveles de colesterol si est\u00e1n disponibles y solo cuando desea divulgarlos (necesarios para datos estad\u00edsticos). Usando el campo \u00abpublicar comentario\u00bb.<\/li>\n<li>Edad, solo si desea revelar (necesario para datos estad\u00edsticos). Usando el campo \u00abpublicar comentario\u00bb.<\/li>\n<li>Recuerde <strong>indicar su nombre en el formulario,<\/strong> de lo contrario no podremos asociar su pedido a las fotograf\u00edas.<\/li>\n<\/ul>\n<p>[\/vc_column_text][\/vc_column][\/vc_row][vc_row][vc_column][vc_zigzag][\/vc_column][\/vc_row][vc_row][vc_column width=\u00bb1\/2&#8243;]<div class=\"clearboth\"><\/div><div class=\"sc-divider sc-divider-style-3\" style=\"\"><\/div>[vc_column_text]<strong>Cuando no desee que se publique esta informaci\u00f3n, incluya \u00abno publicar\u00bb en el \u00abcontenido de la publicaci\u00f3n\u00bb.<\/strong><\/p>\n<p>Tambi\u00e9n necesitaremos al menos una imagen completa de la cual podamos distinguir el Xantelasma (esto no ser\u00e1 publicado). Estos solo deben enviarse por correo electr\u00f3nico a info@xanthelasmaremoval.com., Env\u00edenos una direcci\u00f3n de correo electr\u00f3nico que contenga su n\u00famero de tel\u00e9fono (esto NO ser\u00e1 publicado).<\/p>\n<p>Para saber m\u00e1s informaci\u00f3n sobre nuestra pol\u00edtica de im\u00e1genes,<strong><a href=\"https:\/\/xanthelasmaremoval.com\/es\/xanthremover\/terms-and-conditions\/\"> haga clic aqu\u00ed.<\/a><\/strong>[\/vc_column_text][\/vc_column][vc_column width=\u00bb1\/2&#8243;][contact-form-7 id=\u00bb12551&#8243;][\/vc_column][\/vc_row]<\/p>","protected":false},"excerpt":{"rendered":"<p>[vc_row][vc_column][vc_column_text] Una vez que haya adquirido su pedido, env\u00edenos por favor el siguiente formulario completo: M\u00ednimo 8 fotos diferentes desde&#8230;<\/p>\n","protected":false},"author":66,"featured_media":0,"parent":0,"menu_order":0,"comment_status":"closed","ping_status":"open","template":"","meta":{"footnotes":""},"class_list":["post-2303","page","type-page","status-publish","hentry"],"yoast_head":"<!-- This site is optimized with the Yoast SEO plugin v24.3 - https:\/\/yoast.com\/wordpress\/plugins\/seo\/ -->\n<title>Fotograf\u00edas y env\u00edo de informaci\u00f3n suministrada - Xanthelasma Removal<\/title>\n<meta name=\"robots\" content=\"index, follow, max-snippet:-1, max-image-preview:large, max-video-preview:-1\" \/>\n<link rel=\"canonical\" href=\"https:\/\/xanthelasmaremoval.com\/photos-and-information-submission\/\" \/>\n<meta property=\"og:locale\" content=\"es_ES\" \/>\n<meta property=\"og:type\" content=\"article\" \/>\n<meta property=\"og:title\" content=\"[:en]Photos and information submission[:es]Fotograf\u00edas y env\u00edo de informaci\u00f3n suministrada[:] - Xanthelasma Removal\" \/>\n<meta property=\"og:description\" content=\"[vc_row][vc_column][vc_column_text] Una vez que haya adquirido su pedido, env\u00edenos por favor el siguiente formulario completo: M\u00ednimo 8 fotos diferentes desde...\" \/>\n<meta property=\"og:url\" content=\"https:\/\/xanthelasmaremoval.com\/photos-and-information-submission\/\" \/>\n<meta property=\"og:site_name\" content=\"Xanthelasma Removal\" \/>\n<meta property=\"article:modified_time\" content=\"2019-09-04T00:43:42+00:00\" \/>\n<meta name=\"twitter:card\" content=\"summary_large_image\" \/>\n<meta name=\"twitter:label1\" content=\"Tiempo de lectura\" \/>\n\t<meta name=\"twitter:data1\" content=\"3 minutos\" \/>\n<script type=\"application\/ld+json\" class=\"yoast-schema-graph\">{\"@context\":\"https:\/\/schema.org\",\"@graph\":[{\"@type\":\"WebPage\",\"@id\":\"https:\/\/xanthelasmaremoval.com\/photos-and-information-submission\/\",\"url\":\"https:\/\/xanthelasmaremoval.com\/photos-and-information-submission\/\",\"name\":\"[:en]Photos and information submission[:es]Fotograf\u00edas y env\u00edo de informaci\u00f3n suministrada[:] - Xanthelasma Removal\",\"isPartOf\":{\"@id\":\"https:\/\/xanthelasmaremoval.com\/#website\"},\"datePublished\":\"2015-11-26T13:12:33+00:00\",\"dateModified\":\"2019-09-04T00:43:42+00:00\",\"breadcrumb\":{\"@id\":\"https:\/\/xanthelasmaremoval.com\/photos-and-information-submission\/#breadcrumb\"},\"inLanguage\":\"es\",\"potentialAction\":[{\"@type\":\"ReadAction\",\"target\":[\"https:\/\/xanthelasmaremoval.com\/photos-and-information-submission\/\"]}]},{\"@type\":\"BreadcrumbList\",\"@id\":\"https:\/\/xanthelasmaremoval.com\/photos-and-information-submission\/#breadcrumb\",\"itemListElement\":[{\"@type\":\"ListItem\",\"position\":1,\"name\":\"Home\",\"item\":\"https:\/\/xanthelasmaremoval.com\/\"},{\"@type\":\"ListItem\",\"position\":2,\"name\":\"Photos and information submission\"}]},{\"@type\":\"WebSite\",\"@id\":\"https:\/\/xanthelasmaremoval.com\/#website\",\"url\":\"https:\/\/xanthelasmaremoval.com\/\",\"name\":\"Xanthelasma Removal\",\"description\":\"The Xanthelasma Removal Solutions!\",\"potentialAction\":[{\"@type\":\"SearchAction\",\"target\":{\"@type\":\"EntryPoint\",\"urlTemplate\":\"https:\/\/xanthelasmaremoval.com\/?s={search_term_string}\"},\"query-input\":{\"@type\":\"PropertyValueSpecification\",\"valueRequired\":true,\"valueName\":\"search_term_string\"}}],\"inLanguage\":\"es\"}]}<\/script>\n<!-- \/ Yoast SEO plugin. -->","yoast_head_json":{"title":"[:en]Photos and information submission[:es]Fotograf\u00edas y env\u00edo de informaci\u00f3n suministrada[:] - Xanthelasma Removal","robots":{"index":"index","follow":"follow","max-snippet":"max-snippet:-1","max-image-preview":"max-image-preview:large","max-video-preview":"max-video-preview:-1"},"canonical":"https:\/\/xanthelasmaremoval.com\/photos-and-information-submission\/","og_locale":"es_ES","og_type":"article","og_title":"[:en]Photos and information submission[:es]Fotograf\u00edas y env\u00edo de informaci\u00f3n suministrada[:] - Xanthelasma Removal","og_description":"[vc_row][vc_column][vc_column_text] Una vez que haya adquirido su pedido, env\u00edenos por favor el siguiente formulario completo: M\u00ednimo 8 fotos diferentes desde...","og_url":"https:\/\/xanthelasmaremoval.com\/photos-and-information-submission\/","og_site_name":"Xanthelasma Removal","article_modified_time":"2019-09-04T00:43:42+00:00","twitter_card":"summary_large_image","twitter_misc":{"Tiempo de lectura":"3 minutos"},"schema":{"@context":"https:\/\/schema.org","@graph":[{"@type":"WebPage","@id":"https:\/\/xanthelasmaremoval.com\/photos-and-information-submission\/","url":"https:\/\/xanthelasmaremoval.com\/photos-and-information-submission\/","name":"[:en]Photos and information submission[:es]Fotograf\u00edas y env\u00edo de informaci\u00f3n suministrada[:] - Xanthelasma Removal","isPartOf":{"@id":"https:\/\/xanthelasmaremoval.com\/#website"},"datePublished":"2015-11-26T13:12:33+00:00","dateModified":"2019-09-04T00:43:42+00:00","breadcrumb":{"@id":"https:\/\/xanthelasmaremoval.com\/photos-and-information-submission\/#breadcrumb"},"inLanguage":"es","potentialAction":[{"@type":"ReadAction","target":["https:\/\/xanthelasmaremoval.com\/photos-and-information-submission\/"]}]},{"@type":"BreadcrumbList","@id":"https:\/\/xanthelasmaremoval.com\/photos-and-information-submission\/#breadcrumb","itemListElement":[{"@type":"ListItem","position":1,"name":"Home","item":"https:\/\/xanthelasmaremoval.com\/"},{"@type":"ListItem","position":2,"name":"Photos and information submission"}]},{"@type":"WebSite","@id":"https:\/\/xanthelasmaremoval.com\/#website","url":"https:\/\/xanthelasmaremoval.com\/","name":"Xanthelasma Removal","description":"The Xanthelasma Removal Solutions!","potentialAction":[{"@type":"SearchAction","target":{"@type":"EntryPoint","urlTemplate":"https:\/\/xanthelasmaremoval.com\/?s={search_term_string}"},"query-input":{"@type":"PropertyValueSpecification","valueRequired":true,"valueName":"search_term_string"}}],"inLanguage":"es"}]}},"_links":{"self":[{"href":"https:\/\/xanthelasmaremoval.com\/es\/wp-json\/wp\/v2\/pages\/2303"}],"collection":[{"href":"https:\/\/xanthelasmaremoval.com\/es\/wp-json\/wp\/v2\/pages"}],"about":[{"href":"https:\/\/xanthelasmaremoval.com\/es\/wp-json\/wp\/v2\/types\/page"}],"author":[{"embeddable":true,"href":"https:\/\/xanthelasmaremoval.com\/es\/wp-json\/wp\/v2\/users\/66"}],"replies":[{"embeddable":true,"href":"https:\/\/xanthelasmaremoval.com\/es\/wp-json\/wp\/v2\/comments?post=2303"}],"version-history":[{"count":33,"href":"https:\/\/xanthelasmaremoval.com\/es\/wp-json\/wp\/v2\/pages\/2303\/revisions"}],"predecessor-version":[{"id":12767,"href":"https:\/\/xanthelasmaremoval.com\/es\/wp-json\/wp\/v2\/pages\/2303\/revisions\/12767"}],"wp:attachment":[{"href":"https:\/\/xanthelasmaremoval.com\/es\/wp-json\/wp\/v2\/media?parent=2303"}],"curies":[{"name":"wp","href":"https:\/\/api.w.org\/{rel}","templated":true}]}}