{"id":266,"date":"2013-05-27T04:08:23","date_gmt":"2013-05-27T04:08:23","guid":{"rendered":"http:\/\/new.xanthelasmaremoval.com\/?page_id=266"},"modified":"2020-03-31T07:05:56","modified_gmt":"2020-03-31T07:05:56","slug":"about-us","status":"publish","type":"page","link":"https:\/\/xanthelasmaremoval.com\/es\/about-us\/","title":{"rendered":"Acerca de nosotros"},"content":{"rendered":"<p>[vc_row][vc_column width=\u00bb2\/3&#8243;][vc_column_text]El producto del XanthRemover se administrado en el Reino Unido por la empresa registrada de <a href=\"http:\/\/areton-ltd.com\/\">Areton Limited en Nottingham.<\/a><\/p>\n<p>Antes de la existencia del XanthRemover en el mercado, la extracci\u00f3n de Xantelasma era posible con l\u00e1ser, equipo de cirug\u00eda de radio,<a href=\"http:\/\/beautyteck.com\/es\/\"> BeautyTeck,<\/a> etc., pero todos estos tratamientos eran demasiado costosos. Por lo tanto, formulamos una soluci\u00f3n de un peeling espacializado para la eliminaci\u00f3n del xantelasma exclusivo. Esto se hizo para que la eliminaci\u00f3n de esta afecci\u00f3n sea realmente asequible y SEGURO en todos los que tienen Xantelasma a nivel mundial.[\/vc_column_text][\/vc_column][vc_column width=\u00bb1\/3&#8243;][vc_single_image image=\u00bb10088&#8243; img_size=\u00bbfull\u00bb][\/vc_column][\/vc_row][vc_row][vc_column width=\u00bb1\/2&#8243;][vc_column_text]A pesar de que la eliminaci\u00f3n de Xanthelasma fue posible mediante el uso del <a href=\"http:\/\/beautyteck.com\/es\/\">BeautyTeck<\/a> y otros equipos similares, Areton invirti\u00f3 en el XanthRemover porque la Compa\u00f1\u00eda reconoci\u00f3 el gran valor agregado del XanthRemover. Despu\u00e9s de todo, antes de la introducci\u00f3n del producto, las \u00fanicas opciones disponibles para los enfermos de xantelasma eran la escisi\u00f3n quir\u00fargica, la ocultaci\u00f3n con maquillaje u otros peelings especializados solo en cl\u00ednicas autorizadas y costosas.[\/vc_column_text][vc_column_text]Adem\u00e1s, los tratamientos en las cl\u00ednicas eran costosos porque solo pod\u00edan llevarse a cabo de forma segura mediante el uso de equipos m\u00e9dicos o cosm\u00e9ticos bastante elevados operados por m\u00e9dicos experimentados.<\/p>\n<p>Las formulaciones \u00fanicas, la calidad de los ingredientes y la consistencia a base de gel del XanthRemover han hecho que trate el Xantelasma sea muy f\u00e1cil y, sobre todo,<strong> seguro.<\/strong> Esta soluci\u00f3n ha permitido un tratamiento exitoso del Xantelasma <strong>en casa<\/strong>.[\/vc_column_text][\/vc_column][vc_column width=\u00bb1\/2&#8243;]<div class=\"sc-youtube sc-wrapbox sc-wrapbox-style-5 rounded-corners shadow-box sc-wrapbox-position-below\" style=\"width: 100%;\"><div class=\"sc-wrapbox-inner sc-ratio-style\" style=\"padding-top: 66.67%\"><iframe loading=\"lazy\" class=\"sc-wrapbox-element img-responsive\" width=\"100%\" height=\"300\" frameborder=\"0\" scrolling=\"no\" marginheight=\"0\" marginwidth=\"0\" src=\"\/\/www.youtube.com\/embed\/wfaqnOmAYOY?rel=0&amp;wmode=opaque\"><\/iframe><\/div><\/div>[\/vc_column][\/vc_row][vc_row][vc_column][vc_column_text]<strong>El XanthRemover, los or\u00edgenes &#8230;<\/strong><\/p>\n<p>En 2005, un vendedor ambulante de productos farmac\u00e9uticos se vio afectado por el xantelasma. Ten\u00eda muchas ganas de que su Xantelasma fuera tratado y eliminado con \u00e9xito no solo como una necesidad cosm\u00e9tica, sino tambi\u00e9n porque esta afecci\u00f3n afectaba su confianza en el trabajo, ya que constantemente se encontraba constantemente con los clientes.<\/p>\n<p>Despu\u00e9s de un par de meses de investigaci\u00f3n, encontr\u00f3 a un cirujano capaz de usar l\u00e1seres quir\u00fargicos y ten\u00eda experiencia en la extracci\u00f3n del xantelasma. Mark se someti\u00f3 a cirug\u00eda est\u00e9tica con anestesia local. Desafortunadamente, para su desagradable sorpresa, este tratamiento provoc\u00f3 una leve cicatriz debido a un error durante el procedimiento de cirug\u00eda. Afortunadamente, estas cicatrices apenas se notaron y sinti\u00f3 que era mejor mantener las cicatrices leves en lugar de conservar el Xantelasma.<\/p>\n<p>No mucho despu\u00e9s de la cirug\u00eda, su hermano y su hermana tambi\u00e9n se vieron afectados por el Xantelasma. A la luz de su experiencia previa, Mark decidi\u00f3 ayudar a sus familiares a deshacerse de esta condici\u00f3n desagradable.<\/p>\n<p>Esta vez descart\u00f3 la posibilidad de proponer a sus parientes cercanos que se sometan a una escisi\u00f3n con l\u00e1ser.<\/p>\n<p>Pas\u00f3 unos d\u00edas consultando varios art\u00edculos de investigaci\u00f3n y se dio cuenta de que la escisi\u00f3n no era la mejor opci\u00f3n para un tratamiento y extracci\u00f3n segura del Xantelasma debido a los altos costos y riesgos asociados con los procedimientos quir\u00fargicos.<\/p>\n<p>En cambio, descubri\u00f3 que los peelings cosm\u00e9ticos eran una forma mucho m\u00e1s segura, m\u00e1s barata y m\u00e1s f\u00e1cil de tratar el xantelasma. Tambi\u00e9n descubri\u00f3 que los peelings fuertes se utilizaron con \u00e9xito en muchas cl\u00ednicas para tratar la afeci\u00f3n. Por lo tanto, prob\u00f3 diferentes tipos de peelings cosm\u00e9ticos tanto en su hermano como en su hermana para encontrar las mejores soluciones de peelings que pudieran eliminar todo el Xantelasma de la manera m\u00e1s segura posible y requiriendo la menor cantidad de tratamientos. Areton LTD tom\u00f3 la idea de Mark, as\u00ed como el uso bien establecido de peelings\u00a0 especializados para la eliminaci\u00f3n de xantelasma y la convirti\u00f3 en una soluci\u00f3n segura para todos los que lo padecen\u00a0 en el mundo.<\/p>\n<p>Ahora tenemos varias formulaciones diferentes del peeling en gel listas para ser enviadas a nuestros clientes en todo el mundo, \u00a1no se usan medicamentos![\/vc_column_text][\/vc_column][\/vc_row]<\/p>","protected":false},"excerpt":{"rendered":"<p>[vc_row][vc_column width=\u00bb2\/3&#8243;][vc_column_text]El producto del XanthRemover se administrado en el Reino Unido por la empresa registrada de Areton Limited en Nottingham&#8230;.<\/p>\n","protected":false},"author":66,"featured_media":0,"parent":0,"menu_order":0,"comment_status":"closed","ping_status":"open","template":"","meta":{"footnotes":""},"class_list":["post-266","page","type-page","status-publish","hentry"],"yoast_head":"<!-- This site is optimized with the Yoast SEO plugin v24.3 - https:\/\/yoast.com\/wordpress\/plugins\/seo\/ -->\n<title>Acerca de nosotros - Xanthelasma Removal<\/title>\n<meta name=\"robots\" content=\"index, follow, max-snippet:-1, max-image-preview:large, max-video-preview:-1\" \/>\n<link rel=\"canonical\" href=\"https:\/\/xanthelasmaremoval.com\/about-us\/\" \/>\n<meta property=\"og:locale\" content=\"es_ES\" \/>\n<meta property=\"og:type\" content=\"article\" \/>\n<meta property=\"og:title\" content=\"[:en]About Us[:es]Acerca de nosotros[:] - Xanthelasma Removal\" \/>\n<meta property=\"og:description\" content=\"[vc_row][vc_column width=\u00bb2\/3&#8243;][vc_column_text]El producto del XanthRemover se administrado en el Reino Unido por la empresa registrada de Areton Limited en Nottingham....\" \/>\n<meta property=\"og:url\" content=\"https:\/\/xanthelasmaremoval.com\/about-us\/\" \/>\n<meta property=\"og:site_name\" content=\"Xanthelasma Removal\" \/>\n<meta property=\"article:modified_time\" content=\"2020-03-31T07:05:56+00:00\" \/>\n<meta name=\"twitter:card\" content=\"summary_large_image\" \/>\n<meta name=\"twitter:label1\" content=\"Tiempo de lectura\" \/>\n\t<meta name=\"twitter:data1\" content=\"7 minutos\" \/>\n<script type=\"application\/ld+json\" class=\"yoast-schema-graph\">{\"@context\":\"https:\/\/schema.org\",\"@graph\":[{\"@type\":\"WebPage\",\"@id\":\"https:\/\/xanthelasmaremoval.com\/about-us\/\",\"url\":\"https:\/\/xanthelasmaremoval.com\/about-us\/\",\"name\":\"[:en]About Us[:es]Acerca de nosotros[:] - Xanthelasma Removal\",\"isPartOf\":{\"@id\":\"https:\/\/xanthelasmaremoval.com\/#website\"},\"datePublished\":\"2013-05-27T04:08:23+00:00\",\"dateModified\":\"2020-03-31T07:05:56+00:00\",\"breadcrumb\":{\"@id\":\"https:\/\/xanthelasmaremoval.com\/about-us\/#breadcrumb\"},\"inLanguage\":\"es\",\"potentialAction\":[{\"@type\":\"ReadAction\",\"target\":[\"https:\/\/xanthelasmaremoval.com\/about-us\/\"]}]},{\"@type\":\"BreadcrumbList\",\"@id\":\"https:\/\/xanthelasmaremoval.com\/about-us\/#breadcrumb\",\"itemListElement\":[{\"@type\":\"ListItem\",\"position\":1,\"name\":\"Home\",\"item\":\"https:\/\/xanthelasmaremoval.com\/\"},{\"@type\":\"ListItem\",\"position\":2,\"name\":\"About Us\"}]},{\"@type\":\"WebSite\",\"@id\":\"https:\/\/xanthelasmaremoval.com\/#website\",\"url\":\"https:\/\/xanthelasmaremoval.com\/\",\"name\":\"Xanthelasma Removal\",\"description\":\"The Xanthelasma Removal Solutions!\",\"potentialAction\":[{\"@type\":\"SearchAction\",\"target\":{\"@type\":\"EntryPoint\",\"urlTemplate\":\"https:\/\/xanthelasmaremoval.com\/?s={search_term_string}\"},\"query-input\":{\"@type\":\"PropertyValueSpecification\",\"valueRequired\":true,\"valueName\":\"search_term_string\"}}],\"inLanguage\":\"es\"}]}<\/script>\n<!-- \/ Yoast SEO plugin. -->","yoast_head_json":{"title":"[:en]About Us[:es]Acerca de nosotros[:] - Xanthelasma Removal","robots":{"index":"index","follow":"follow","max-snippet":"max-snippet:-1","max-image-preview":"max-image-preview:large","max-video-preview":"max-video-preview:-1"},"canonical":"https:\/\/xanthelasmaremoval.com\/about-us\/","og_locale":"es_ES","og_type":"article","og_title":"[:en]About Us[:es]Acerca de nosotros[:] - Xanthelasma Removal","og_description":"[vc_row][vc_column width=\u00bb2\/3&#8243;][vc_column_text]El producto del XanthRemover se administrado en el Reino Unido por la empresa registrada de Areton Limited en Nottingham....","og_url":"https:\/\/xanthelasmaremoval.com\/about-us\/","og_site_name":"Xanthelasma Removal","article_modified_time":"2020-03-31T07:05:56+00:00","twitter_card":"summary_large_image","twitter_misc":{"Tiempo de lectura":"7 minutos"},"schema":{"@context":"https:\/\/schema.org","@graph":[{"@type":"WebPage","@id":"https:\/\/xanthelasmaremoval.com\/about-us\/","url":"https:\/\/xanthelasmaremoval.com\/about-us\/","name":"[:en]About Us[:es]Acerca de nosotros[:] - Xanthelasma Removal","isPartOf":{"@id":"https:\/\/xanthelasmaremoval.com\/#website"},"datePublished":"2013-05-27T04:08:23+00:00","dateModified":"2020-03-31T07:05:56+00:00","breadcrumb":{"@id":"https:\/\/xanthelasmaremoval.com\/about-us\/#breadcrumb"},"inLanguage":"es","potentialAction":[{"@type":"ReadAction","target":["https:\/\/xanthelasmaremoval.com\/about-us\/"]}]},{"@type":"BreadcrumbList","@id":"https:\/\/xanthelasmaremoval.com\/about-us\/#breadcrumb","itemListElement":[{"@type":"ListItem","position":1,"name":"Home","item":"https:\/\/xanthelasmaremoval.com\/"},{"@type":"ListItem","position":2,"name":"About Us"}]},{"@type":"WebSite","@id":"https:\/\/xanthelasmaremoval.com\/#website","url":"https:\/\/xanthelasmaremoval.com\/","name":"Xanthelasma Removal","description":"The Xanthelasma Removal Solutions!","potentialAction":[{"@type":"SearchAction","target":{"@type":"EntryPoint","urlTemplate":"https:\/\/xanthelasmaremoval.com\/?s={search_term_string}"},"query-input":{"@type":"PropertyValueSpecification","valueRequired":true,"valueName":"search_term_string"}}],"inLanguage":"es"}]}},"_links":{"self":[{"href":"https:\/\/xanthelasmaremoval.com\/es\/wp-json\/wp\/v2\/pages\/266"}],"collection":[{"href":"https:\/\/xanthelasmaremoval.com\/es\/wp-json\/wp\/v2\/pages"}],"about":[{"href":"https:\/\/xanthelasmaremoval.com\/es\/wp-json\/wp\/v2\/types\/page"}],"author":[{"embeddable":true,"href":"https:\/\/xanthelasmaremoval.com\/es\/wp-json\/wp\/v2\/users\/66"}],"replies":[{"embeddable":true,"href":"https:\/\/xanthelasmaremoval.com\/es\/wp-json\/wp\/v2\/comments?post=266"}],"version-history":[{"count":55,"href":"https:\/\/xanthelasmaremoval.com\/es\/wp-json\/wp\/v2\/pages\/266\/revisions"}],"predecessor-version":[{"id":13214,"href":"https:\/\/xanthelasmaremoval.com\/es\/wp-json\/wp\/v2\/pages\/266\/revisions\/13214"}],"wp:attachment":[{"href":"https:\/\/xanthelasmaremoval.com\/es\/wp-json\/wp\/v2\/media?parent=266"}],"curies":[{"name":"wp","href":"https:\/\/api.w.org\/{rel}","templated":true}]}}