{"id":28,"date":"2013-04-10T15:30:12","date_gmt":"2013-04-10T15:30:12","guid":{"rendered":"http:\/\/new.xanthelasmaremoval.com\/?page_id=28"},"modified":"2019-08-16T18:16:25","modified_gmt":"2019-08-16T18:16:25","slug":"contact-us","status":"publish","type":"page","link":"https:\/\/xanthelasmaremoval.com\/es\/contact-us\/","title":{"rendered":"\u00a1Cont\u00e1ctenos!!!"},"content":{"rendered":"<p><\/p>\n<div class=\"maincontsct\">\n<div class=\"mainhalfcont\">\n<div class=\"contact_area contact_area_12\">\n<h2 class=\"heading_dentist heading_dentist_2\">Areton Limited<\/h2>\n<p class=\"address_text address_text_2\" style=\"color: #000;\"><i class=\"icon-map-marker location_icon\"><\/i><span class=\"dr_text_1\" style=\"margin-left: 3px;\"> <i class=\"fa fa-map-marker\" aria-hidden=\"true\"><\/i> 6 Colwick Road,<br \/>\nNottingham Reino unido<\/span><\/p>\n<p class=\"phone_number phone_number_2\"><a id=\"skypeactive1\" style=\"color: #000;\"><\/a><i class=\"fa fa-phone\" aria-hidden=\"true\"><\/i> 0044(0)115 888 3318<\/p>\n<p class=\"phone_number whats_number_2\"><a id=\"skypeactive1\" style=\"color: #000;\"><\/a><i class=\"fa fa-whatsapp\" aria-hidden=\"true\"><\/i> +44 7830 885825<\/p>\n<p class=\"phone_number skype_number_2\"><a id=\"skypeactive1\" style=\"color: #000;\"><\/a><i class=\"fa fa-skype\" aria-hidden=\"true\"><\/i> \u201candreasitl\u201d<\/p>\n<p class=\"phone_number email_number_2\"><a id=\"skypeactive1\" style=\"color: #000;\"><\/a><i class=\"fa fa-envelope\" aria-hidden=\"true\"><\/i> info@xanthelasmaremoval.com<\/p>\n<\/div>\n<p><iframe loading=\"lazy\" class=\"conts\" style=\"border: 0;\" src=\"https:\/\/www.google.com\/maps\/embed?pb=!1m18!1m12!1m3!1d615426.8168308487!2d-1.687929806898064!3d52.94822504237173!2m3!1f0!2f0!3f0!3m2!1i1024!2i768!4f13.1!3m3!1m2!1s0x4879c3de8144cbc5%3A0x455ce3006be4ae98!2sAreton+Ltd.!5e0!3m2!1sen!2sin!4v1512377775257\" width=\"100%\" height=\"600\" frameborder=\"0\" allowfullscreen=\"allowfullscreen\"><\/iframe><\/p>\n<\/div>\n<div class=\"mainhalfcont\">\n<h2>\u00a1Nos encantar\u00eda saber de usted!<\/h2>\n<h2>Ll\u00e1menos al: <strong>0044(0)115 888 3318<\/strong> llamadas grabadas Si no est\u00e1 disponible, deje un mensaje y le devolveremos la llamada.<\/h2>\n<h2>Whatsapp +44 7830 885825<\/h2>\n<h2>Skype: \u00abandreasitl\u00bb<\/h2>\n<p><strong>Antes de enviar im\u00e1genes, lea los t\u00e9rminos y condiciones de las im\u00e1genes que nos env\u00ede haciendo <a href=\"https:\/\/xanthelasmaremoval.com\/es\/xanthremover\/terms-and-conditions\/\">clic aqu\u00ed.<\/a><\/strong><\/p>\n<p>Nuestro Correo electr\u00f3nico: <em><strong>info@xanthelasmaremoval.com<\/strong><\/em><\/p>\n<p><strong>Para m\u00e1s informaci\u00f3n no dude en contactarnos. Por favor env\u00edenos\u00a0 un m\u00ednimo de 8 fotograf\u00edas.<\/strong><br \/>\n<strong>Registro mercantil del proveedor:<\/strong><\/p>\n<p>Areton Limited<br \/>\n6 Colwick Road, Nottingham<br \/>\nReino Unido<\/p>\n<p>Tenga en cuenta que este sitio web es principalmente un negocio basado en Internet y nos gustar\u00eda recibir p\u00fablico con cita previa. Si desea reunirse con nosotros, le agradecer\u00edamos que hiciera una cita primero.<\/p>\n<p><strong>Para adquirir el XanthRemover <a href=\"https:\/\/xanthelasmaremoval.com\/es\/contact-us\/buy-the-xanthremover\/\">haga click aqu\u00ed<\/a><\/strong><\/p>\n<\/div>\n<\/div>\n<p>&nbsp;<\/p>\n<style>.postarea h1 {<br \/>\n    background-color: #f3eded;<br \/>\n    padding: 10px;<br \/>\n    text-align: center;<br \/>\n}<\/style>\n<p><script>\/\/ <![CDATA[ (function(i,s,o,g,r,a,m){i['GoogleAnalyticsObject']=r;i[r]=i[r]||function(){ (i[r].q=i[r].q||[]).push(arguments)},i[r].l=1*new Date();a=s.createElement(o), m=s.getElementsByTagName(o)[0];a.async=1;a.src=g;m.parentNode.insertBefore(a,m) })(window,document,'script','\/\/www.google-analytics.com\/analytics.js','ga'); ga('create', 'UA-41191743-1', 'xanthelasmaremoval.com'); ga('send', 'pageview'); \/\/ ]]><\/script><\/p>","protected":false},"excerpt":{"rendered":"<p>Areton Limited 6 Colwick Road, Nottingham Reino unido 0044(0)115 888 3318 +44 7830 885825 \u201candreasitl\u201d info@xanthelasmaremoval.com \u00a1Nos encantar\u00eda saber de&#8230;<\/p>\n","protected":false},"author":66,"featured_media":0,"parent":0,"menu_order":5,"comment_status":"closed","ping_status":"open","template":"","meta":{"footnotes":""},"class_list":["post-28","page","type-page","status-publish","hentry"],"yoast_head":"<!-- This site is optimized with the Yoast SEO plugin v24.3 - https:\/\/yoast.com\/wordpress\/plugins\/seo\/ -->\n<title>\u00a1Cont\u00e1ctenos!!! - Xanthelasma Removal<\/title>\n<meta name=\"robots\" content=\"index, follow, max-snippet:-1, max-image-preview:large, max-video-preview:-1\" \/>\n<link rel=\"canonical\" href=\"https:\/\/xanthelasmaremoval.com\/contact-us\/\" \/>\n<meta property=\"og:locale\" content=\"es_ES\" \/>\n<meta property=\"og:type\" content=\"article\" \/>\n<meta property=\"og:title\" content=\"[:en]Contact Us![:es]\u00a1Cont\u00e1ctenos!!![:] - Xanthelasma Removal\" \/>\n<meta property=\"og:description\" content=\"Areton Limited 6 Colwick Road, Nottingham Reino unido 0044(0)115 888 3318 +44 7830 885825 \u201candreasitl\u201d info@xanthelasmaremoval.com \u00a1Nos encantar\u00eda saber de...\" \/>\n<meta property=\"og:url\" content=\"https:\/\/xanthelasmaremoval.com\/contact-us\/\" \/>\n<meta property=\"og:site_name\" content=\"Xanthelasma Removal\" \/>\n<meta property=\"article:modified_time\" content=\"2019-08-16T18:16:25+00:00\" \/>\n<meta name=\"twitter:card\" content=\"summary_large_image\" \/>\n<meta name=\"twitter:label1\" content=\"Tiempo de lectura\" \/>\n\t<meta name=\"twitter:data1\" content=\"1 minuto\" \/>\n<script type=\"application\/ld+json\" class=\"yoast-schema-graph\">{\"@context\":\"https:\/\/schema.org\",\"@graph\":[{\"@type\":\"WebPage\",\"@id\":\"https:\/\/xanthelasmaremoval.com\/contact-us\/\",\"url\":\"https:\/\/xanthelasmaremoval.com\/contact-us\/\",\"name\":\"[:en]Contact Us![:es]\u00a1Cont\u00e1ctenos!!![:] - Xanthelasma Removal\",\"isPartOf\":{\"@id\":\"https:\/\/xanthelasmaremoval.com\/#website\"},\"datePublished\":\"2013-04-10T15:30:12+00:00\",\"dateModified\":\"2019-08-16T18:16:25+00:00\",\"breadcrumb\":{\"@id\":\"https:\/\/xanthelasmaremoval.com\/contact-us\/#breadcrumb\"},\"inLanguage\":\"es\",\"potentialAction\":[{\"@type\":\"ReadAction\",\"target\":[\"https:\/\/xanthelasmaremoval.com\/contact-us\/\"]}]},{\"@type\":\"BreadcrumbList\",\"@id\":\"https:\/\/xanthelasmaremoval.com\/contact-us\/#breadcrumb\",\"itemListElement\":[{\"@type\":\"ListItem\",\"position\":1,\"name\":\"Home\",\"item\":\"https:\/\/xanthelasmaremoval.com\/\"},{\"@type\":\"ListItem\",\"position\":2,\"name\":\"Contact Us!\"}]},{\"@type\":\"WebSite\",\"@id\":\"https:\/\/xanthelasmaremoval.com\/#website\",\"url\":\"https:\/\/xanthelasmaremoval.com\/\",\"name\":\"Xanthelasma Removal\",\"description\":\"The Xanthelasma Removal Solutions!\",\"potentialAction\":[{\"@type\":\"SearchAction\",\"target\":{\"@type\":\"EntryPoint\",\"urlTemplate\":\"https:\/\/xanthelasmaremoval.com\/?s={search_term_string}\"},\"query-input\":{\"@type\":\"PropertyValueSpecification\",\"valueRequired\":true,\"valueName\":\"search_term_string\"}}],\"inLanguage\":\"es\"}]}<\/script>\n<!-- \/ Yoast SEO plugin. -->","yoast_head_json":{"title":"[:en]Contact Us![:es]\u00a1Cont\u00e1ctenos!!![:] - Xanthelasma Removal","robots":{"index":"index","follow":"follow","max-snippet":"max-snippet:-1","max-image-preview":"max-image-preview:large","max-video-preview":"max-video-preview:-1"},"canonical":"https:\/\/xanthelasmaremoval.com\/contact-us\/","og_locale":"es_ES","og_type":"article","og_title":"[:en]Contact Us![:es]\u00a1Cont\u00e1ctenos!!![:] - Xanthelasma Removal","og_description":"Areton Limited 6 Colwick Road, Nottingham Reino unido 0044(0)115 888 3318 +44 7830 885825 \u201candreasitl\u201d info@xanthelasmaremoval.com \u00a1Nos encantar\u00eda saber de...","og_url":"https:\/\/xanthelasmaremoval.com\/contact-us\/","og_site_name":"Xanthelasma Removal","article_modified_time":"2019-08-16T18:16:25+00:00","twitter_card":"summary_large_image","twitter_misc":{"Tiempo de lectura":"1 minuto"},"schema":{"@context":"https:\/\/schema.org","@graph":[{"@type":"WebPage","@id":"https:\/\/xanthelasmaremoval.com\/contact-us\/","url":"https:\/\/xanthelasmaremoval.com\/contact-us\/","name":"[:en]Contact Us![:es]\u00a1Cont\u00e1ctenos!!![:] - Xanthelasma Removal","isPartOf":{"@id":"https:\/\/xanthelasmaremoval.com\/#website"},"datePublished":"2013-04-10T15:30:12+00:00","dateModified":"2019-08-16T18:16:25+00:00","breadcrumb":{"@id":"https:\/\/xanthelasmaremoval.com\/contact-us\/#breadcrumb"},"inLanguage":"es","potentialAction":[{"@type":"ReadAction","target":["https:\/\/xanthelasmaremoval.com\/contact-us\/"]}]},{"@type":"BreadcrumbList","@id":"https:\/\/xanthelasmaremoval.com\/contact-us\/#breadcrumb","itemListElement":[{"@type":"ListItem","position":1,"name":"Home","item":"https:\/\/xanthelasmaremoval.com\/"},{"@type":"ListItem","position":2,"name":"Contact Us!"}]},{"@type":"WebSite","@id":"https:\/\/xanthelasmaremoval.com\/#website","url":"https:\/\/xanthelasmaremoval.com\/","name":"Xanthelasma Removal","description":"The Xanthelasma Removal Solutions!","potentialAction":[{"@type":"SearchAction","target":{"@type":"EntryPoint","urlTemplate":"https:\/\/xanthelasmaremoval.com\/?s={search_term_string}"},"query-input":{"@type":"PropertyValueSpecification","valueRequired":true,"valueName":"search_term_string"}}],"inLanguage":"es"}]}},"_links":{"self":[{"href":"https:\/\/xanthelasmaremoval.com\/es\/wp-json\/wp\/v2\/pages\/28"}],"collection":[{"href":"https:\/\/xanthelasmaremoval.com\/es\/wp-json\/wp\/v2\/pages"}],"about":[{"href":"https:\/\/xanthelasmaremoval.com\/es\/wp-json\/wp\/v2\/types\/page"}],"author":[{"embeddable":true,"href":"https:\/\/xanthelasmaremoval.com\/es\/wp-json\/wp\/v2\/users\/66"}],"replies":[{"embeddable":true,"href":"https:\/\/xanthelasmaremoval.com\/es\/wp-json\/wp\/v2\/comments?post=28"}],"version-history":[{"count":195,"href":"https:\/\/xanthelasmaremoval.com\/es\/wp-json\/wp\/v2\/pages\/28\/revisions"}],"predecessor-version":[{"id":12558,"href":"https:\/\/xanthelasmaremoval.com\/es\/wp-json\/wp\/v2\/pages\/28\/revisions\/12558"}],"wp:attachment":[{"href":"https:\/\/xanthelasmaremoval.com\/es\/wp-json\/wp\/v2\/media?parent=28"}],"curies":[{"name":"wp","href":"https:\/\/api.w.org\/{rel}","templated":true}]}}