{"id":348,"date":"2013-05-31T03:40:15","date_gmt":"2013-05-31T03:40:15","guid":{"rendered":"http:\/\/new.xanthelasmaremoval.com\/?page_id=348"},"modified":"2020-09-15T08:31:37","modified_gmt":"2020-09-15T08:31:37","slug":"what-is-xanthelasma","status":"publish","type":"page","link":"https:\/\/xanthelasmaremoval.com\/es\/what-is-xanthelasma\/","title":{"rendered":"\u00bfQu\u00e9 son los Xantelasmas?"},"content":{"rendered":"<p>[vc_row][vc_column]<div class=\"sc-youtube sc-wrapbox sc-wrapbox-style-4 rounded-corners sc-wrapbox-position-below\" style=\"width: 100%;\"><div class=\"sc-wrapbox-inner sc-ratio-style\" style=\"padding-top: 66.67%\"><iframe loading=\"lazy\" class=\"sc-wrapbox-element img-responsive\" width=\"100%\" height=\"300\" frameborder=\"0\" scrolling=\"no\" marginheight=\"0\" marginwidth=\"0\" src=\"\/\/www.youtube.com\/embed\/hLmMjEPfhMs?rel=0&amp;wmode=opaque\"><\/iframe><\/div><\/div>[vc_zigzag][\/vc_column][\/vc_row][vc_row][vc_column width=\u00bb1\/2&#8243;][vc_column_text]<\/p>\n<h2>Introducci\u00f3n<\/h2>\n<p>El xantelasma <strong>(llamado por los especialistas como <a href=\"https:\/\/xanthelasmaremoval.com\/es\/xanthelasma-palpebrarum\/\">xantelasma palpebrarum<\/a>)<\/strong> es un tipo particular de xantoma, una acumulaci\u00f3n amarillenta de grasa debajo de la piel, generalmente en los p\u00e1rpados y \/ o alrededor de ellos. Por lo tanto, el Xantelasma puede ser referido como un Xantoma, pero no al rev\u00e9s. El proceso en la formaci\u00f3n de xantelasmas y xantomas es el mismo, pero nos referimos a los xantelasmas como una aparici\u00f3n de xantomas que se desarrollan alrededor de los ojos o en los p\u00e1rpados. Los xantelasmas est\u00e1n compuestos por c\u00e9lulas mismas de los xantomas y son formaciones espumosas con dep\u00f3sitos o acumulaciones de grasa intracelular ubicados principalmente dentro de la dermis reticular superior y la epidermis. En pocas palabras, los xantelasmas son resultados de ciertos tipos de grasa, principalmente colesterol y triglic\u00e9ridos derivados de los alimentos.[\/vc_column_text][\/vc_column][vc_column width=\u00bb1\/2&#8243;]<div class=\"sc-youtube sc-wrapbox sc-wrapbox-style-4 rounded-corners sc-wrapbox-position-below\" style=\"width: 100%;\"><div class=\"sc-wrapbox-inner sc-ratio-style\" style=\"padding-top: 66.67%\"><iframe loading=\"lazy\" class=\"sc-wrapbox-element img-responsive\" width=\"100%\" height=\"300\" frameborder=\"0\" scrolling=\"no\" marginheight=\"0\" marginwidth=\"0\" src=\"\/\/www.youtube.com\/embed\/NcvT_IxdL_4?rel=0&amp;wmode=opaque\"><\/iframe><\/div><\/div>[\/vc_column][\/vc_row][vc_row full_width=\u00bbstretch_row\u00bb el_class=\u00bbwhite\u00bb css=\u00bb.vc_custom_1553340977522{background-image: url(https:\/\/xanthelasmaremoval.com\/wp-content\/uploads\/2019\/03\/bg_header.png?id=10873) !important;}\u00bb][vc_column width=\u00bb2\/3&#8243;][vc_column_text]<\/p>\n<div class=\"tlid-input input\">\n<div class=\"source-wrap\">\n<div class=\"input-full-height-wrapper tlid-input-full-height-wrapper\">\n<div class=\"source-input\">\n<div class=\"source-footer-wrap source-or-target-footer\">\n<div class=\"source-footer\">\n<div class=\"speech-wrap source-or-target-footer-button left-positioned\">\n<div id=\"gt-speech\" class=\"speech-button goog-toolbar-button\" tabindex=\"0\" role=\"button\" aria-label=\"Activar la entrada de voz\" data-tooltip-align=\"t,c\" aria-pressed=\"false\" aria-disabled=\"false\" data-tooltip=\"Activar la entrada de voz\"><span class=\"\" title=\"\">Estas lesiones benignas aparecen en ciertas personas cuya grasa no puede descomponerse eficientemente del cuerpo.<\/span> <span class=\"\" title=\"\">A veces, la diabetes, el hipotiroidismo, los problemas hep\u00e1ticos y, sobre todo, la herencia gen\u00e9tica pueden contribuir al crecimiento del xantelasma en s\u00ed.<\/span> <span class=\"\" title=\"\">Recientemente, se ha observado el papel del <a href=\"https:\/\/xanthelasmaremoval.com\/es\/xanthelasma-and-high-cholesterol\/\">LDL<\/a> y los macr\u00f3fagos acetilados con sus receptores carro\u00f1eros sean la posible causa del<a href=\"https:\/\/xanthelasmaremoval.com\/es\/xanthelasma-palpebrarum\/\"> Xantelasma Palpebrarum<\/a>.<\/span> <span class=\"\" title=\"\">Como los xantelasmas son formaciones de grasas, tienen pocas terminaciones nerviosas, por lo tanto, no son dolorosas.<\/span> <span class=\"\" title=\"\">La incidencia del xantelasma en la poblaci\u00f3n general ha sido reportada entre 0.3% y 1.5%.<\/span> <span class=\"\" title=\"\">La edad de inicio var\u00eda de 15 a 73 a\u00f1os con una incidencia m\u00e1xima en la cuarta y quinta d\u00e9cada.\u00a0<\/span><\/div>\n<\/div>\n<\/div>\n<\/div>\n<\/div>\n<\/div>\n<\/div>\n<\/div>\n<p>[\/vc_column_text][\/vc_column][vc_column width=\u00bb1\/3&#8243;][vc_single_image image=\u00bb9887&#8243; img_size=\u00bbfull\u00bb style=\u00bbvc_box_outline\u00bb][\/vc_column][\/vc_row][vc_row][vc_column][vc_column_text]A lo largo de nuestra experiencia en el tratamiento de esta afecci\u00f3n, el xantelasma parece ser una lesi\u00f3n predominantemente detallado en las mujeres adultas. A pesar de esta incidencia mayor reportada, han sido corroboradas por otros <a href=\"https:\/\/www.ncbi.nlm.nih.gov\/pmc\/articles\/PMC3453794\/pdf\/12291_2008_Article_BF02913335.pdf\">estudios independientes<\/a>, esto puede deberse al hecho de que las mujeres son m\u00e1s conscientes de las condiciones cosm\u00e9ticas que los hombres.[\/vc_column_text][\/vc_column][\/vc_row][vc_row][vc_column width=\u00bb1\/2&#8243;][vc_single_image image=\u00bb9888&#8243; img_size=\u00bbfull\u00bb style=\u00bbvc_box_outline\u00bb][\/vc_column][vc_column width=\u00bb1\/2&#8243;][vc_column_text]Debido al tipo de clientes que hemos atendido, ahora podemos decir que el Xantelasma es igualmente com\u00fan en asi\u00e1ticos, cauc\u00e1sicos y personas de cualquier origen \u00e9tnico. Muchos todav\u00eda creen que la formaci\u00f3n del Xantelasma est\u00e1 directamente relacionada con los niveles de colesterol del individuo que contribuyen al desarrollo de la afecci\u00f3n. Sin embargo, no se ha demostrado una correlaci\u00f3n directa entre los niveles altos de l\u00edpidos y la formaci\u00f3n de los xantelasmas. Se ha encontrado que muchos de los que desarrollan los Xantelasmas tienen <a href=\"https:\/\/xanthelasmaremoval.com\/es\/xanthelasma-and-high-cholesterol\/\">niveles normales de colesterol en la sangre.<\/a><\/p>\n<p>&nbsp;<\/p>\n<p>En ciertos individuos tienen m\u00e1s probabilidades de desarrollar Xantelasmas que otros,\u00a0 debido a factores hereditarios. Esto se confirma mediante estudios realizados en una gran cantidad de personas que desarrollaron esta afecci\u00f3n. Se ha encontrado que el alto nivel de incidencia del colesterol de los pacientes con Xantelasma es cercano a la poblaci\u00f3n normal que no desarrolla la misma afecci\u00f3n. A menos que se demuestre lo contrario, es posible que los niveles altos de colesterol y el desarrollo del Xantelasma no est\u00e9n directamente relacionados.[\/vc_column_text][\/vc_column][\/vc_row][vc_row][vc_column width=\u00bb1\/2&#8243;][vc_column_text]Sin embargo, parece haber un componente hereditario que contribuye al desarrollo de la afecci\u00f3n, si un pariente cercano se ve afectado o se vio afectado por dicha afecci\u00f3n, ser\u00e1 m\u00e1s probable que desarrolle el Xantelasma a pesar de sus niveles de colesterol. Solo cuando no hay antecedentes familiares portadores del xantelasma, esta afecci\u00f3n podr\u00eda estar relacionada con niveles altos de colesterol.<\/p>\n<p>La condici\u00f3n de Xantelasma generalmente es evaluada por m\u00e9dicos y dermat\u00f3logos, sin embargo, dado que hay poca investigaci\u00f3n sobre el Xantelasma, el consejo ofrecido puede no ser lo mejor para el paciente. De hecho, algunos profesionales han aconsejado a sus pacientes que es demasiado arriesgado que se les trate el Xantelasma porque podr\u00edan terminar con cicatrices durante el proceso. No hay riesgos inherentes para la salud al mantener el Xantelasma (crecimiento benigno) y hay poca informaci\u00f3n disponible sobre <a href=\"https:\/\/xanthelasmaremoval.com\/es\/xanthremover\/xanthelasma-removed-in-singapore\/\">c\u00f3mo eliminar el Xantelasma adecuadamente.<\/a> Sin embargo, se ha demostrado que cuando se elimina el xantelasma con los \u00faltimos tratamientos, los riesgos de la aparici\u00f3n de generar cicatrices son inmediatos.[\/vc_column_text][\/vc_column][vc_column width=\u00bb1\/2&#8243;][vc_single_image image=\u00bb9889&#8243; img_size=\u00bbfull\u00bb style=\u00bbvc_box_outline\u00bb][\/vc_column][\/vc_row][vc_row][vc_column width=\u00bb1\/2&#8243;][vc_single_image image=\u00bb9890&#8243; img_size=\u00bbfull\u00bb style=\u00bbvc_box_outline\u00bb][\/vc_column][vc_column width=\u00bb1\/2&#8243;][vc_column_text]Durante mucho tiempo, el xantelasma\u00a0 ha denominado un indicador de posibles riesgos altos de enfermedades cardiovasculares (impulsos y ataques card\u00edacos). Sin embargo, hasta el d\u00eda de hoy, no se ha realizado ning\u00fan estudio cient\u00edfico para corroborar este v\u00ednculo entre la formaci\u00f3n de Xanthalasmas y las enfermedades cardiovasculares. Sin embargo, muchos todav\u00eda dicen que los afectados por los Xantelesmas tienen m\u00e1s probabilidades de morir j\u00f3venes por ataques card\u00edacos o derrames cerebrales.<\/p>\n<p>Inicialmente, se cre\u00eda que esta supuesta mortalidad es m\u00e1s alta en los afectados por el Xantelasma se deb\u00eda a los altos niveles de colesterol de los afectados por el mismo. Despu\u00e9s de todo, la creencia com\u00fan era que los niveles altos de colesterol causaron la formaci\u00f3n del Xantelasma en primer lugar. Sin embargo, no se ha encontrado evidencia alguna, especialmente dado que los niveles de colesterol de muchos afectados son normales. Se realiz\u00f3 un estudio que muestra una asociaci\u00f3n entre la formaci\u00f3n de xantelasma y las enfermedades cardiovasculares. Aquel estudio\u00a0 muestra cu\u00e1n similar es el proceso de desarrollo del xantelasmas y xantomas a la formaci\u00f3n de placas dentro de las arterias (enfermedad ateromatosa). \u00daltimamente un estudio ha asociado la formaci\u00f3n de xantelasmas con un riesgo del 17% mayor de mortalidad debido a enfermedades cardiovasculares en comparaci\u00f3n con aquellos que no padecen alg\u00fan xantelasma.[\/vc_column_text][\/vc_column][\/vc_row][vc_row][vc_column width=\u00bb1\/2&#8243;][vc_column_text]El xantelasma aparece en ambos ojos sim\u00e9tricamente en la gran mayor\u00eda de los casos. No se ha informado de un caso de Xantelasma en un ojo solo sin que el otro ojo se vea afectado. Sin embargo, se ha informado de personas que desarrollaron Xantoma sin desarrollar Xantelasma y viceversa.<\/p>\n<p>Aunque el xantelasma son lesiones cut\u00e1neas, afortunadamente son relativamente superficiales y no crecen demasiado profundo en la dermis. El xantelasma generalmente reside entre la parte superficial de la dermis y la epidermis, de la misma manera que las verrugas comunes. Por lo tanto, el tratamiento exitoso y la eliminaci\u00f3n sin dejar cicatrices es factible y no es infrecuente.[\/vc_column_text][vc_column_text][\/vc_column_text][\/vc_column][vc_column width=\u00bb1\/2&#8243;][vc_single_image image=\u00bb9891&#8243; img_size=\u00bbfull\u00bb style=\u00bbvc_box_outline\u00bb][\/vc_column][\/vc_row][vc_row][vc_column][vc_zigzag][\/vc_column][\/vc_row][vc_row][vc_column width=\u00bb1\/3&#8243;][vc_single_image image=\u00bb11153&#8243; img_size=\u00bbfull\u00bb alignment=\u00bbcenter\u00bb onclick=\u00bbcustom_link\u00bb link=\u00bbhttps:\/\/xanthelasmaremoval.com\/xanthelasma-and-diabetes-connection\/\u00bb][vc_column_text]<\/p>\n<p style=\"text-align: center;\"><strong>El Xantelasma y la Diabetes<\/strong><\/p>\n<p>[\/vc_column_text][vc_column_text]<\/p>\n<p style=\"text-align: center;\">Las investigaciones y hallazgos cient\u00edficos han relacionado el Xantelasma y la diabetes. El xantelasma es principalmente una acumulaci\u00f3n de colesterol alrededor del p\u00e1rpado, y puede provocar diversas complicaciones de salud, como diabetes y enfermedades card\u00edacas isqu\u00e9micas.<\/p>\n<p style=\"text-align: center;\"><strong><a href=\"https:\/\/xanthelasmaremoval.com\/xanthelasma-and-diabetes-connection\/\">M\u00e1s informaci\u00f3n <\/a><\/strong><\/p>\n<p>[\/vc_column_text][\/vc_column][vc_column width=\u00bb1\/3&#8243;][vc_single_image image=\u00bb10947&#8243; img_size=\u00bbfull\u00bb alignment=\u00bbcenter\u00bb onclick=\u00bbcustom_link\u00bb link=\u00bbhttps:\/\/xanthelasmaremoval.com\/heart-disease-and-xanthelasma\/\u00bb][vc_column_text]<\/p>\n<p style=\"text-align: center;\"><strong>El Xantelasma y las enfermedades card\u00edacas<\/strong><\/p>\n<p>[\/vc_column_text][vc_column_text]<\/p>\n<p style=\"text-align: center;\">En una investigaci\u00f3n se descubri\u00f3 que hay una conexi\u00f3n entre las enfermedades card\u00edacas y los xantelasmas. Si es as\u00ed, se puede ayudar a prevenir los ataques card\u00edacos. Este art\u00edculo le proporcionar\u00e1 m\u00e1s informaci\u00f3n sobre esta investigaci\u00f3n y sus resultados.<\/p>\n<p style=\"text-align: center;\"><strong><a href=\"https:\/\/xanthelasmaremoval.com\/heart-disease-and-xanthelasma\/\">M\u00e0s informaci\u00f3n<\/a><\/strong><\/p>\n<p>[\/vc_column_text][\/vc_column][vc_column width=\u00bb1\/3&#8243;][vc_single_image image=\u00bb10691&#8243; img_size=\u00bbfull\u00bb alignment=\u00bbcenter\u00bb onclick=\u00bbcustom_link\u00bb link=\u00bbhttps:\/\/xanthelasmaremoval.com\/xanthelasma-and-high-cholesterol\/\u00bb][vc_column_text]<\/p>\n<p style=\"text-align: center;\"><strong>El Xantelasma y el\u00a0 colesterol alto<\/strong><\/p>\n<p>[\/vc_column_text][vc_column_text]<\/p>\n<p style=\"text-align: center;\"><strong>\u00bfCu\u00e1l es<\/strong> el v\u00ednculo entre el xantoma (xantelasma) y el colesterol? Los dep\u00f3sitos de grasa dentro de los p\u00e1rpados pueden indicar niveles altos de colesterol.<\/p>\n<p style=\"text-align: center;\"><strong><a href=\"https:\/\/xanthelasmaremoval.com\/xanthelasma-and-high-cholesterol\/\">M\u00e0s informaci\u00f3n<\/a><\/strong><\/p>\n<p>[\/vc_column_text][\/vc_column][\/vc_row]<\/p>","protected":false},"excerpt":{"rendered":"<p>[vc_row][vc_column][vc_zigzag][\/vc_column][\/vc_row][vc_row][vc_column width=\u00bb1\/2&#8243;][vc_column_text] Introducci\u00f3n El xantelasma (llamado por los especialistas como xantelasma palpebrarum) es un tipo particular de xantoma, una acumulaci\u00f3n&#8230;<\/p>\n","protected":false},"author":66,"featured_media":0,"parent":0,"menu_order":1,"comment_status":"closed","ping_status":"open","template":"","meta":{"footnotes":""},"class_list":["post-348","page","type-page","status-publish","hentry"],"yoast_head":"<!-- This site is optimized with the Yoast SEO plugin v24.3 - https:\/\/yoast.com\/wordpress\/plugins\/seo\/ -->\n<title>\u00bfQu\u00e9 son los Xantelasmas? - Xanthelasma Removal<\/title>\n<meta name=\"robots\" content=\"index, follow, max-snippet:-1, max-image-preview:large, max-video-preview:-1\" \/>\n<link rel=\"canonical\" href=\"https:\/\/xanthelasmaremoval.com\/what-is-xanthelasma\/\" \/>\n<meta property=\"og:locale\" content=\"es_ES\" \/>\n<meta property=\"og:type\" content=\"article\" \/>\n<meta property=\"og:title\" content=\"[:en]What is Xanthelasma?[:es]\u00bfQu\u00e9 son los Xantelasmas?[:] - Xanthelasma Removal\" \/>\n<meta property=\"og:description\" content=\"[vc_row][vc_column][vc_zigzag][\/vc_column][\/vc_row][vc_row][vc_column width=\u00bb1\/2&#8243;][vc_column_text] Introducci\u00f3n El xantelasma (llamado por los especialistas como xantelasma palpebrarum) es un tipo particular de xantoma, una acumulaci\u00f3n...\" \/>\n<meta property=\"og:url\" content=\"https:\/\/xanthelasmaremoval.com\/what-is-xanthelasma\/\" \/>\n<meta property=\"og:site_name\" content=\"Xanthelasma Removal\" \/>\n<meta property=\"article:modified_time\" content=\"2020-09-15T08:31:37+00:00\" \/>\n<meta name=\"twitter:card\" content=\"summary_large_image\" \/>\n<meta name=\"twitter:label1\" content=\"Tiempo de lectura\" \/>\n\t<meta name=\"twitter:data1\" content=\"15 minutos\" \/>\n<script type=\"application\/ld+json\" class=\"yoast-schema-graph\">{\"@context\":\"https:\/\/schema.org\",\"@graph\":[{\"@type\":\"WebPage\",\"@id\":\"https:\/\/xanthelasmaremoval.com\/what-is-xanthelasma\/\",\"url\":\"https:\/\/xanthelasmaremoval.com\/what-is-xanthelasma\/\",\"name\":\"[:en]What is Xanthelasma?[:es]\u00bfQu\u00e9 son los Xantelasmas?[:] - Xanthelasma Removal\",\"isPartOf\":{\"@id\":\"https:\/\/xanthelasmaremoval.com\/#website\"},\"datePublished\":\"2013-05-31T03:40:15+00:00\",\"dateModified\":\"2020-09-15T08:31:37+00:00\",\"breadcrumb\":{\"@id\":\"https:\/\/xanthelasmaremoval.com\/what-is-xanthelasma\/#breadcrumb\"},\"inLanguage\":\"es\",\"potentialAction\":[{\"@type\":\"ReadAction\",\"target\":[\"https:\/\/xanthelasmaremoval.com\/what-is-xanthelasma\/\"]}]},{\"@type\":\"BreadcrumbList\",\"@id\":\"https:\/\/xanthelasmaremoval.com\/what-is-xanthelasma\/#breadcrumb\",\"itemListElement\":[{\"@type\":\"ListItem\",\"position\":1,\"name\":\"Home\",\"item\":\"https:\/\/xanthelasmaremoval.com\/\"},{\"@type\":\"ListItem\",\"position\":2,\"name\":\"What is Xanthelasma?\"}]},{\"@type\":\"WebSite\",\"@id\":\"https:\/\/xanthelasmaremoval.com\/#website\",\"url\":\"https:\/\/xanthelasmaremoval.com\/\",\"name\":\"Xanthelasma Removal\",\"description\":\"The Xanthelasma Removal Solutions!\",\"potentialAction\":[{\"@type\":\"SearchAction\",\"target\":{\"@type\":\"EntryPoint\",\"urlTemplate\":\"https:\/\/xanthelasmaremoval.com\/?s={search_term_string}\"},\"query-input\":{\"@type\":\"PropertyValueSpecification\",\"valueRequired\":true,\"valueName\":\"search_term_string\"}}],\"inLanguage\":\"es\"}]}<\/script>\n<!-- \/ Yoast SEO plugin. -->","yoast_head_json":{"title":"[:en]What is Xanthelasma?[:es]\u00bfQu\u00e9 son los Xantelasmas?[:] - Xanthelasma Removal","robots":{"index":"index","follow":"follow","max-snippet":"max-snippet:-1","max-image-preview":"max-image-preview:large","max-video-preview":"max-video-preview:-1"},"canonical":"https:\/\/xanthelasmaremoval.com\/what-is-xanthelasma\/","og_locale":"es_ES","og_type":"article","og_title":"[:en]What is Xanthelasma?[:es]\u00bfQu\u00e9 son los Xantelasmas?[:] - Xanthelasma Removal","og_description":"[vc_row][vc_column][vc_zigzag][\/vc_column][\/vc_row][vc_row][vc_column width=\u00bb1\/2&#8243;][vc_column_text] Introducci\u00f3n El xantelasma (llamado por los especialistas como xantelasma palpebrarum) es un tipo particular de xantoma, una acumulaci\u00f3n...","og_url":"https:\/\/xanthelasmaremoval.com\/what-is-xanthelasma\/","og_site_name":"Xanthelasma Removal","article_modified_time":"2020-09-15T08:31:37+00:00","twitter_card":"summary_large_image","twitter_misc":{"Tiempo de lectura":"15 minutos"},"schema":{"@context":"https:\/\/schema.org","@graph":[{"@type":"WebPage","@id":"https:\/\/xanthelasmaremoval.com\/what-is-xanthelasma\/","url":"https:\/\/xanthelasmaremoval.com\/what-is-xanthelasma\/","name":"[:en]What is Xanthelasma?[:es]\u00bfQu\u00e9 son los Xantelasmas?[:] - Xanthelasma Removal","isPartOf":{"@id":"https:\/\/xanthelasmaremoval.com\/#website"},"datePublished":"2013-05-31T03:40:15+00:00","dateModified":"2020-09-15T08:31:37+00:00","breadcrumb":{"@id":"https:\/\/xanthelasmaremoval.com\/what-is-xanthelasma\/#breadcrumb"},"inLanguage":"es","potentialAction":[{"@type":"ReadAction","target":["https:\/\/xanthelasmaremoval.com\/what-is-xanthelasma\/"]}]},{"@type":"BreadcrumbList","@id":"https:\/\/xanthelasmaremoval.com\/what-is-xanthelasma\/#breadcrumb","itemListElement":[{"@type":"ListItem","position":1,"name":"Home","item":"https:\/\/xanthelasmaremoval.com\/"},{"@type":"ListItem","position":2,"name":"What is Xanthelasma?"}]},{"@type":"WebSite","@id":"https:\/\/xanthelasmaremoval.com\/#website","url":"https:\/\/xanthelasmaremoval.com\/","name":"Xanthelasma Removal","description":"The Xanthelasma Removal Solutions!","potentialAction":[{"@type":"SearchAction","target":{"@type":"EntryPoint","urlTemplate":"https:\/\/xanthelasmaremoval.com\/?s={search_term_string}"},"query-input":{"@type":"PropertyValueSpecification","valueRequired":true,"valueName":"search_term_string"}}],"inLanguage":"es"}]}},"_links":{"self":[{"href":"https:\/\/xanthelasmaremoval.com\/es\/wp-json\/wp\/v2\/pages\/348"}],"collection":[{"href":"https:\/\/xanthelasmaremoval.com\/es\/wp-json\/wp\/v2\/pages"}],"about":[{"href":"https:\/\/xanthelasmaremoval.com\/es\/wp-json\/wp\/v2\/types\/page"}],"author":[{"embeddable":true,"href":"https:\/\/xanthelasmaremoval.com\/es\/wp-json\/wp\/v2\/users\/66"}],"replies":[{"embeddable":true,"href":"https:\/\/xanthelasmaremoval.com\/es\/wp-json\/wp\/v2\/comments?post=348"}],"version-history":[{"count":121,"href":"https:\/\/xanthelasmaremoval.com\/es\/wp-json\/wp\/v2\/pages\/348\/revisions"}],"predecessor-version":[{"id":13665,"href":"https:\/\/xanthelasmaremoval.com\/es\/wp-json\/wp\/v2\/pages\/348\/revisions\/13665"}],"wp:attachment":[{"href":"https:\/\/xanthelasmaremoval.com\/es\/wp-json\/wp\/v2\/media?parent=348"}],"curies":[{"name":"wp","href":"https:\/\/api.w.org\/{rel}","templated":true}]}}