{"id":55,"date":"2013-04-11T13:47:28","date_gmt":"2013-04-11T13:47:28","guid":{"rendered":"http:\/\/new.xanthelasmaremoval.com\/?page_id=55"},"modified":"2019-11-11T19:53:18","modified_gmt":"2019-11-11T19:53:18","slug":"faq-about-xanthelasma-removal","status":"publish","type":"page","link":"https:\/\/xanthelasmaremoval.com\/es\/faq-about-xanthelasma-removal\/","title":{"rendered":"Preguntas frecuentes sobre la eliminaci\u00f3n del Xantelasma"},"content":{"rendered":"<p>[vc_row][vc_column][vc_column_text]<\/p>\n<h1>Preguntas frecuentes sobre la eliminaci\u00f3n del XANTELASMA<\/h1>\n<p>[\/vc_column_text]<div class=\"sc-youtube sc-wrapbox sc-wrapbox-style-5 rounded-corners shadow-box sc-wrapbox-position-below\" style=\"width: 100%;\"><div class=\"sc-wrapbox-inner sc-ratio-style\" style=\"padding-top: 66.67%\"><iframe loading=\"lazy\" class=\"sc-wrapbox-element img-responsive\" width=\"100%\" height=\"300\" frameborder=\"0\" scrolling=\"no\" marginheight=\"0\" marginwidth=\"0\" src=\"\/\/www.youtube.com\/embed\/FzTyL8Uh2bY?rel=0&amp;wmode=opaque\"><\/iframe><\/div><\/div><div class=\"sc-youtube sc-wrapbox sc-wrapbox-style-default rounded-corners sc-wrapbox-position-below\" style=\"width: 100%;height: 300px;\"><div class=\"sc-wrapbox-inner\"><iframe loading=\"lazy\" class=\"sc-wrapbox-element img-responsive\" width=\"100%\" height=\"300\" frameborder=\"0\" scrolling=\"no\" marginheight=\"0\" marginwidth=\"0\" src=\"\/\/www.youtube.com\/embed\/Po-_JnWo0NM?rel=0&amp;wmode=opaque\"><\/iframe><\/div><\/div>[\/vc_column][\/vc_row][vc_row][vc_column]<blockquote><p>Preguntas frecuentes sobre la eliminaci\u00f3n y tratamientos del xantelasma.<\/p><\/blockquote>[\/vc_column][\/vc_row][vc_row][vc_column][vc_column_text]<\/p>\n<h2><a href=\"https:\/\/xanthelasmaremoval.com\/what-is-xanthelasma\/\">\u00bfQu\u00e9 son los xantelasmas?<\/a><\/h2>\n<p>El xantelasma es un tipo particular de xantoma. El xantelasma es una formaci\u00f3n amarillenta de colesterol alrededor de los ojos. Como se trata de formaciones de grasa de colesterol, no tienen terminaciones nerviosas, por lo tanto, no son dolorosas al tacto. Sin embargo, durante la eliminaci\u00f3n con l\u00e1ser o equipo similar, el paciente puede sentir dolor debido al calor transferido a la piel sana circundante alrededor de los ojos. Algunos dispositivos son capaces de tratar Xantelasmas sin la necesidad de anestesia (es decir, el Clarker por <a href=\"http:\/\/areton-ltd.com\/\">Areton<\/a>)[\/vc_column_text][\/vc_column][\/vc_row][vc_row css=\u00bb.vc_custom_1564048937932{background-image: url(https:\/\/xanthelasmaremoval.com\/wp-content\/uploads\/2019\/03\/bg_header.png?id=10873) !important;}\u00bb][vc_column][vc_column_text]<\/p>\n<h2 class=\"white\">\u00bfHabr\u00e1n cicatrices posteriores despu\u00e9s de hacerme un tratamiento para la eliminaci\u00f3n del xantelasma con escisi\u00f3n quir\u00fargica?<\/h2>\n<p><span style=\"color: #ffffff;\"><strong>Las formaciones de cicatrices dependen mucho de:<\/strong><\/span><\/p>\n<ul>\n<li class=\"white\">El nivel de precisi\u00f3n del equipo utilizado.<\/li>\n<li class=\"white\">La capacidad del operador<\/li>\n<\/ul>\n<p class=\"white\">En general, es probable que haya cicatrices despu\u00e9s de la escisi\u00f3n, en caso de que el \u00e1rea tratada se haya infectado o la dermis se haya da\u00f1ado durante la escisi\u00f3n. La escisi\u00f3n manual es el procedimiento donde hay mas probabilidad de causar cicatrices en el paciente. En la mayor\u00eda de los casos tratados con l\u00e1seres quir\u00fargicos, Clarker, Hyfrecator o unidades de electrocauterizaci\u00f3n (utilizados en modo spray) no se han dejado cicatriz alguna despu\u00e9s del proceso de cicatrizaci\u00f3n.<\/p>\n<p><span style=\"color: #ffffff;\"><strong>Los pocos casos de cicatrices reportados se deben principalmente a:<\/strong><\/span><\/p>\n<p class=\"white\">mal uso del l\u00e1ser (que caus\u00f3 da\u00f1os considerables a la dermis)<br \/>\ninfecci\u00f3n posterior de la parte despu\u00e9s de la escisi\u00f3n. Por lo tanto, no se debe usar maquillaje despu\u00e9s de ninguno de estos procedimientos para evitar complicaciones innecesarias.<\/p>\n<p>[\/vc_column_text][\/vc_column][\/vc_row][vc_row][vc_column][vc_column_text]<\/p>\n<h2>Si decido que me quiten quir\u00fargicamente mis Xantelasmas, \u00bfNecesitar\u00e9 anestesia?<\/h2>\n<p>[\/vc_column_text][vc_column_text]Algunos nuevos l\u00e1seres quir\u00fargicos funcionan a longitudes de onda particulares que no transfieren suficiente calor a la piel sana circundante para causar dolor intenso durante el tratamiento. Sin embargo, con la mayor\u00eda de los l\u00e1seres quir\u00fargicos convencionales, el dolor causado durante la escisi\u00f3n del Xantelasma podr\u00eda ser tan intenso que la anestesia local se vuelve estrictamente necesaria.<\/p>\n<p>Se ha informado que el <strong>Clarker fabricado por Areton, as\u00ed como otros l\u00e1seres de \u00faltima generaci\u00f3n, ahora se utilizan para realizar la eliminaci\u00f3n\u00a0 del Xantelasma<\/strong> sin necesidad de anestesia. Esto se debe a que estos tipos de equipos de alta tecnolog\u00eda son capaces de suministrar calor ablativo muy espec\u00edfico solo a los <a href=\"https:\/\/xanthelasmaremoval.com\/es\/xanthelasma-and-high-cholesterol\/\">dep\u00f3sitos de colesterol<\/a> de los Xantelasmas.[\/vc_column_text][vc_zigzag][\/vc_column][\/vc_row][vc_row css=\u00bb.vc_custom_1564053560091{background-image: url(https:\/\/xanthelasmaremoval.com\/wp-content\/uploads\/2019\/03\/bg_header.png?id=10873) !important;}\u00bb][vc_column][vc_column_text]<\/p>\n<h2 class=\"white\">\u00bfEl tratamiento con Xantelasma est\u00e1 cubierto por el NHS en el Reino Unido?<\/h2>\n<p>[\/vc_column_text][vc_column_text]<span style=\"color: #ffffff;\">Hasta cierto punto fue antes de 2008, sin embargo, no lo es ahora. Esto se debe a los recortes presupuestarios necesarios del NHS. El xantelasma es una lesi\u00f3n benigna, por lo tanto, puede dejarse sin tratar sin causar ning\u00fan da\u00f1o al paciente.<\/span><\/p>\n<p><span style=\"color: #ffffff;\">El costo de la escisi\u00f3n quir\u00fargica puede comenzar en 700 USD, sin embargo, estos precios bajos son muy raros. El precio promedio en los EE. UU. Est\u00e1 en la regi\u00f3n de 2500 d\u00f3lares para la extracci\u00f3n de xantelasma en ambos ojos. Estados Unidos tiene uno de los sistemas de salud m\u00e1s caros del mundo, por lo tanto, el tratamiento con xantelasma por escisi\u00f3n puede costar mucho menos en otros pa\u00edses.<\/span><\/p>\n<p><span style=\"color: #ffffff;\">Los peelings qu\u00edmicos especializadas como XanthRemover cuestan entre 200 y 300 USD y eliminan los xantelasmas sin dejar cicatrices.<\/span>[\/vc_column_text][\/vc_column][\/vc_row][vc_row][vc_column][vc_column_text]<\/p>\n<h2>\u00bfVolver\u00e1 el Xantelasma despu\u00e9s del tratamiento?<\/h2>\n<p>A veces, los xantelasmas regresan despu\u00e9s de los tratamientos, desafortunadamente. Esto puede suceder incluso si sus niveles de colesterol son normales. La \u00fanica opci\u00f3n es pasar por otro tratamiento de eliminaci\u00f3n del xantelasma en caso de reaparicion de los xantelasmas. Seg\u00fan nuevos estudios cl\u00ednicos, el \u00e1rea tratada con Clarker para la eliminaci\u00f3n de xantelasma no presenta recurrencia del mismo.[\/vc_column_text][vc_zigzag][\/vc_column][\/vc_row][vc_row css=\u00bb.vc_custom_1564053787902{background-image: url(https:\/\/xanthelasmaremoval.com\/wp-content\/uploads\/2019\/03\/bg_header.png?id=10873) !important;}\u00bb][vc_column][vc_column_text]<\/p>\n<h2 class=\"white\">\u00bfCu\u00e1ntos tratamientos necesito para eliminar el xantelasma por completo?<\/h2>\n<p><span style=\"color: #ffffff;\">Cualquier tama\u00f1o y grosor del Xantelasma, un tratamiento ser\u00e1 suficiente <strong>para deshacerse de estas lesiones no deseadas<\/strong>. Si los Xantelasmas regresan en una etapa posterior, se requerir\u00e1 un tratamiento adicional para la eliminaci\u00f3n completa.<\/span>[\/vc_column_text][\/vc_column][\/vc_row][vc_row][vc_column][vc_column_text]<\/p>\n<h2>Si decido usar un peeling para eliminar los Xantelasmas, \u00bfcu\u00e1ntos tratamientos necesitar\u00eda?<\/h2>\n<p>Esto depende en gran medida del tipo del peeling que us\u00f3, adem\u00e1s, el tama\u00f1o y especialmente el grosor de los xantelasmas. Para Xantelasmas muy gruesos, puede requerir hasta cinco tratamientos con peelings potentes.<strong> Si est\u00e1 utilizando el kit del XanthRemover\u00a0 ser\u00e1 suficiente para tratar a 10 personas.<\/strong> En casos muy leves de Xantelasma, solo un tratamiento puede resolver el problema.[\/vc_column_text][vc_zigzag][\/vc_column][\/vc_row][vc_row css=\u00bb.vc_custom_1564053883697{background-image: url(https:\/\/xanthelasmaremoval.com\/wp-content\/uploads\/2019\/03\/bg_header.png?id=10873) !important;}\u00bb][vc_column][vc_column_text]<\/p>\n<h2 class=\"white\">\u00bfCu\u00e1l es la diferencia entre la pigmentaci\u00f3n de la piel y las cicatrices?<\/h2>\n<p class=\"white\">La pigmentaci\u00f3n ocurre cada vez que una herida cicatriza. Esto se debe a la falta de melanina en la piel que se forma despu\u00e9s de que una herida ha cicatrizado. La textura de la nueva piel es muy similar a la del resto de la piel. La piel m\u00e1s nueva es de color rosado debido a la falta de melanina.<\/p>\n<p>[\/vc_column_text][\/vc_column][\/vc_row][vc_row][vc_column][vc_column_text]<\/p>\n<h2>\u00a0\u00bfLa pigmentaci\u00f3n de la piel es igual a la de antes, despu\u00e9s de la eliminaci\u00f3n del xantelasma?<\/h2>\n<p>La pigmentaci\u00f3n siempre es una constante del tratamiento y la eliminaci\u00f3n del xantelasma. La pigmentaci\u00f3n ocurre cada vez que la piel se ha cicatrizado despu\u00e9s de la escisi\u00f3n quir\u00fargica del xantelasma. El proceso del peeling es el tratamiento menos invasivo disponible y el grado de pigmentaci\u00f3n es muy bajo en comparaci\u00f3n con el grado de despigmentaci\u00f3n despu\u00e9s de la escisi\u00f3n quir\u00fargica.<\/p>\n<p>La pigmentaci\u00f3n no durar\u00e1 mucho. Al igual que despu\u00e9s de cualquier otro tipo de herida, la nueva piel tarda unos dos meses en mezclarse con el resto. La exposici\u00f3n normal al sol acelerar\u00e1 el proceso.[\/vc_column_text][vc_zigzag][\/vc_column][\/vc_row][vc_row][vc_column][vc_column_text]<\/p>\n<h1>El Xantelasma, preguntas frecuentes a sobre el XanthRemover<\/h1>\n<p>[\/vc_column_text]<div class=\"sc-youtube sc-wrapbox sc-wrapbox-style-5 rounded-corners shadow-box sc-wrapbox-position-below\" style=\"width: 100%;\"><div class=\"sc-wrapbox-inner sc-ratio-style\" style=\"padding-top: 66.67%\"><iframe loading=\"lazy\" class=\"sc-wrapbox-element img-responsive\" width=\"100%\" height=\"300\" frameborder=\"0\" scrolling=\"no\" marginheight=\"0\" marginwidth=\"0\" src=\"\/\/www.youtube.com\/embed\/i4zw_0nQWpg?rel=0&amp;wmode=opaque\"><\/iframe><\/div><\/div>[vc_btn title=\u00bbRevise sobre las preguntas frecuentes sobre el Xanthremover\u00bb color=\u00bbdanger\u00bb link=\u00bburl:http%3A%2F%2Fxanthelasmaremoval.com%2Fxanthremover%2Ffaq-about-the-xanthremover%2F|||\u00bb][\/vc_column][\/vc_row]<\/p>","protected":false},"excerpt":{"rendered":"<p>[vc_row][vc_column][vc_column_text] Preguntas frecuentes sobre la eliminaci\u00f3n del XANTELASMA [\/vc_column_text][\/vc_column][\/vc_row][vc_row][vc_column][\/vc_column][\/vc_row][vc_row][vc_column][vc_column_text] \u00bfQu\u00e9 son los xantelasmas? El xantelasma es un tipo particular de&#8230;<\/p>\n","protected":false},"author":66,"featured_media":0,"parent":0,"menu_order":2,"comment_status":"closed","ping_status":"open","template":"","meta":{"footnotes":""},"class_list":["post-55","page","type-page","status-publish","hentry"],"yoast_head":"<!-- This site is optimized with the Yoast SEO plugin v24.3 - https:\/\/yoast.com\/wordpress\/plugins\/seo\/ -->\n<title>Preguntas frecuentes sobre la eliminaci\u00f3n del Xantelasma - Xanthelasma Removal<\/title>\n<meta name=\"robots\" content=\"index, follow, max-snippet:-1, max-image-preview:large, max-video-preview:-1\" \/>\n<link rel=\"canonical\" href=\"https:\/\/xanthelasmaremoval.com\/faq-about-xanthelasma-removal\/\" \/>\n<meta property=\"og:locale\" content=\"es_ES\" \/>\n<meta property=\"og:type\" content=\"article\" \/>\n<meta property=\"og:title\" content=\"[:en]FAQ about Xanthelasma Removal[:es]Preguntas frecuentes sobre la eliminaci\u00f3n del Xantelasma[:] - Xanthelasma Removal\" \/>\n<meta property=\"og:description\" content=\"[vc_row][vc_column][vc_column_text] Preguntas frecuentes sobre la eliminaci\u00f3n del XANTELASMA [\/vc_column_text][\/vc_column][\/vc_row][vc_row][vc_column][\/vc_column][\/vc_row][vc_row][vc_column][vc_column_text] \u00bfQu\u00e9 son los xantelasmas? El xantelasma es un tipo particular de...\" \/>\n<meta property=\"og:url\" content=\"https:\/\/xanthelasmaremoval.com\/faq-about-xanthelasma-removal\/\" \/>\n<meta property=\"og:site_name\" content=\"Xanthelasma Removal\" \/>\n<meta property=\"article:modified_time\" content=\"2019-11-11T19:53:18+00:00\" \/>\n<meta name=\"twitter:card\" content=\"summary_large_image\" \/>\n<meta name=\"twitter:label1\" content=\"Tiempo de lectura\" \/>\n\t<meta name=\"twitter:data1\" content=\"12 minutos\" \/>\n<script type=\"application\/ld+json\" class=\"yoast-schema-graph\">{\"@context\":\"https:\/\/schema.org\",\"@graph\":[{\"@type\":\"WebPage\",\"@id\":\"https:\/\/xanthelasmaremoval.com\/faq-about-xanthelasma-removal\/\",\"url\":\"https:\/\/xanthelasmaremoval.com\/faq-about-xanthelasma-removal\/\",\"name\":\"[:en]FAQ about Xanthelasma Removal[:es]Preguntas frecuentes sobre la eliminaci\u00f3n del Xantelasma[:] - Xanthelasma Removal\",\"isPartOf\":{\"@id\":\"https:\/\/xanthelasmaremoval.com\/#website\"},\"datePublished\":\"2013-04-11T13:47:28+00:00\",\"dateModified\":\"2019-11-11T19:53:18+00:00\",\"breadcrumb\":{\"@id\":\"https:\/\/xanthelasmaremoval.com\/faq-about-xanthelasma-removal\/#breadcrumb\"},\"inLanguage\":\"es\",\"potentialAction\":[{\"@type\":\"ReadAction\",\"target\":[\"https:\/\/xanthelasmaremoval.com\/faq-about-xanthelasma-removal\/\"]}]},{\"@type\":\"BreadcrumbList\",\"@id\":\"https:\/\/xanthelasmaremoval.com\/faq-about-xanthelasma-removal\/#breadcrumb\",\"itemListElement\":[{\"@type\":\"ListItem\",\"position\":1,\"name\":\"Home\",\"item\":\"https:\/\/xanthelasmaremoval.com\/\"},{\"@type\":\"ListItem\",\"position\":2,\"name\":\"FAQ about Xanthelasma Removal\"}]},{\"@type\":\"WebSite\",\"@id\":\"https:\/\/xanthelasmaremoval.com\/#website\",\"url\":\"https:\/\/xanthelasmaremoval.com\/\",\"name\":\"Xanthelasma Removal\",\"description\":\"The Xanthelasma Removal Solutions!\",\"potentialAction\":[{\"@type\":\"SearchAction\",\"target\":{\"@type\":\"EntryPoint\",\"urlTemplate\":\"https:\/\/xanthelasmaremoval.com\/?s={search_term_string}\"},\"query-input\":{\"@type\":\"PropertyValueSpecification\",\"valueRequired\":true,\"valueName\":\"search_term_string\"}}],\"inLanguage\":\"es\"}]}<\/script>\n<!-- \/ Yoast SEO plugin. -->","yoast_head_json":{"title":"[:en]FAQ about Xanthelasma Removal[:es]Preguntas frecuentes sobre la eliminaci\u00f3n del Xantelasma[:] - Xanthelasma Removal","robots":{"index":"index","follow":"follow","max-snippet":"max-snippet:-1","max-image-preview":"max-image-preview:large","max-video-preview":"max-video-preview:-1"},"canonical":"https:\/\/xanthelasmaremoval.com\/faq-about-xanthelasma-removal\/","og_locale":"es_ES","og_type":"article","og_title":"[:en]FAQ about Xanthelasma Removal[:es]Preguntas frecuentes sobre la eliminaci\u00f3n del Xantelasma[:] - Xanthelasma Removal","og_description":"[vc_row][vc_column][vc_column_text] Preguntas frecuentes sobre la eliminaci\u00f3n del XANTELASMA [\/vc_column_text][\/vc_column][\/vc_row][vc_row][vc_column][\/vc_column][\/vc_row][vc_row][vc_column][vc_column_text] \u00bfQu\u00e9 son los xantelasmas? El xantelasma es un tipo particular de...","og_url":"https:\/\/xanthelasmaremoval.com\/faq-about-xanthelasma-removal\/","og_site_name":"Xanthelasma Removal","article_modified_time":"2019-11-11T19:53:18+00:00","twitter_card":"summary_large_image","twitter_misc":{"Tiempo de lectura":"12 minutos"},"schema":{"@context":"https:\/\/schema.org","@graph":[{"@type":"WebPage","@id":"https:\/\/xanthelasmaremoval.com\/faq-about-xanthelasma-removal\/","url":"https:\/\/xanthelasmaremoval.com\/faq-about-xanthelasma-removal\/","name":"[:en]FAQ about Xanthelasma Removal[:es]Preguntas frecuentes sobre la eliminaci\u00f3n del Xantelasma[:] - Xanthelasma Removal","isPartOf":{"@id":"https:\/\/xanthelasmaremoval.com\/#website"},"datePublished":"2013-04-11T13:47:28+00:00","dateModified":"2019-11-11T19:53:18+00:00","breadcrumb":{"@id":"https:\/\/xanthelasmaremoval.com\/faq-about-xanthelasma-removal\/#breadcrumb"},"inLanguage":"es","potentialAction":[{"@type":"ReadAction","target":["https:\/\/xanthelasmaremoval.com\/faq-about-xanthelasma-removal\/"]}]},{"@type":"BreadcrumbList","@id":"https:\/\/xanthelasmaremoval.com\/faq-about-xanthelasma-removal\/#breadcrumb","itemListElement":[{"@type":"ListItem","position":1,"name":"Home","item":"https:\/\/xanthelasmaremoval.com\/"},{"@type":"ListItem","position":2,"name":"FAQ about Xanthelasma Removal"}]},{"@type":"WebSite","@id":"https:\/\/xanthelasmaremoval.com\/#website","url":"https:\/\/xanthelasmaremoval.com\/","name":"Xanthelasma Removal","description":"The Xanthelasma Removal Solutions!","potentialAction":[{"@type":"SearchAction","target":{"@type":"EntryPoint","urlTemplate":"https:\/\/xanthelasmaremoval.com\/?s={search_term_string}"},"query-input":{"@type":"PropertyValueSpecification","valueRequired":true,"valueName":"search_term_string"}}],"inLanguage":"es"}]}},"_links":{"self":[{"href":"https:\/\/xanthelasmaremoval.com\/es\/wp-json\/wp\/v2\/pages\/55"}],"collection":[{"href":"https:\/\/xanthelasmaremoval.com\/es\/wp-json\/wp\/v2\/pages"}],"about":[{"href":"https:\/\/xanthelasmaremoval.com\/es\/wp-json\/wp\/v2\/types\/page"}],"author":[{"embeddable":true,"href":"https:\/\/xanthelasmaremoval.com\/es\/wp-json\/wp\/v2\/users\/66"}],"replies":[{"embeddable":true,"href":"https:\/\/xanthelasmaremoval.com\/es\/wp-json\/wp\/v2\/comments?post=55"}],"version-history":[{"count":70,"href":"https:\/\/xanthelasmaremoval.com\/es\/wp-json\/wp\/v2\/pages\/55\/revisions"}],"predecessor-version":[{"id":12993,"href":"https:\/\/xanthelasmaremoval.com\/es\/wp-json\/wp\/v2\/pages\/55\/revisions\/12993"}],"wp:attachment":[{"href":"https:\/\/xanthelasmaremoval.com\/es\/wp-json\/wp\/v2\/media?parent=55"}],"curies":[{"name":"wp","href":"https:\/\/api.w.org\/{rel}","templated":true}]}}