{"id":594,"date":"2013-06-11T06:38:40","date_gmt":"2013-06-11T06:38:40","guid":{"rendered":"http:\/\/new.xanthelasmaremoval.com\/?page_id=594"},"modified":"2019-09-26T22:27:33","modified_gmt":"2019-09-26T22:27:33","slug":"xanthelasma-removal","status":"publish","type":"page","link":"https:\/\/xanthelasmaremoval.com\/es\/xanthelasma-removal\/","title":{"rendered":"Eliminaci\u00f3n de los Xantelasmas"},"content":{"rendered":"<p>[vc_row][vc_column]<div class=\"sc-youtube sc-wrapbox sc-wrapbox-style-default rounded-corners sc-wrapbox-position-below\" style=\"width: 100%;\"><div class=\"sc-wrapbox-inner sc-ratio-style\" style=\"padding-top: 66.67%\"><iframe loading=\"lazy\" class=\"sc-wrapbox-element img-responsive\" width=\"100%\" height=\"300\" frameborder=\"0\" scrolling=\"no\" marginheight=\"0\" marginwidth=\"0\" src=\"\/\/www.youtube.com\/embed\/TBIaVQUAwsQ?rel=0&amp;wmode=opaque\"><\/iframe><\/div><\/div>[\/vc_column][\/vc_row][vc_row][vc_column]<blockquote><p>Si usted pens\u00f3 que ten\u00eda que pagar bastante dinero para deshacerse de su Xantelasma, \u00a1Le tenemos buenas noticias! Ahora puede hacerlo simplemente visitando este sitio web y aprender todo acerca de los \u00faltimos tratamientos disponibles para eliminar de manera segura los Xantelasmas.<\/p><\/blockquote>[\/vc_column][\/vc_row][vc_row][vc_column][vc_column_text]<\/p>\n<h2>\u00bfPara qu\u00e9 funciona esta pagina Web?<\/h2>\n<p>[\/vc_column_text][\/vc_column][\/vc_row][vc_row][vc_column width=\u00bb2\/3&#8243;][vc_column_text]La misi\u00f3n principal de este sitio web es ayudarlo a eliminar los Xantelasma sin dejar ninguna cicatriz. No importa si usa alguno de nuestros productos o no. Lo m\u00e1s importante es que obtendr\u00e1 la informaci\u00f3n que usted necesita.<\/p>\n<p>O si tiene informaci\u00f3n que considera valiosa, incluso puede agregarla envi\u00e1ndonosla por correo electr\u00f3nico. Este sitio web tiene miles de visitantes mensuales en el mundo, por lo que contribuir\u00e1 a ayudar a miles de personas qui\u00e9nes sufren del mismo xantelasma.<\/p>\n<p>Adem\u00e1s, estamos constantemente actualizando este sitio web con la informaci\u00f3n de c\u00f3mo tratar los Xantelasmas y tambi\u00e9n\u00a0 c\u00f3mo es el Xantelasma una afecci\u00f3n m\u00e9dica, incluidos los Xantomas. Por lo tanto, puede regresar solo para comprender y enriquecer su conocimiento sobre estas afecciones.[\/vc_column_text]<div class=\"sc-youtube sc-wrapbox sc-wrapbox-style-default rounded-corners sc-wrapbox-position-below\" style=\"width: 100%;height: 300px;\"><div class=\"sc-wrapbox-inner\"><iframe loading=\"lazy\" class=\"sc-wrapbox-element img-responsive\" width=\"100%\" height=\"300\" frameborder=\"0\" scrolling=\"no\" marginheight=\"0\" marginwidth=\"0\" src=\"\/\/www.youtube.com\/embed\/VIF9zji7Awg?rel=0&amp;wmode=opaque\"><\/iframe><\/div><\/div>[\/vc_column][vc_column width=\u00bb1\/3&#8243;][vc_single_image image=\u00bb10054&#8243; img_size=\u00bbfull\u00bb][\/vc_column][\/vc_row][vc_row][vc_column][vc_column_text]El xantelasma no son lesiones con las que necesita vivir durante mucho tiempo porque se pueden eliminar de forma segura. Hay personas de muchos or\u00edgenes \u00e9tnicos que sufren de xantelasmas y tienen diferentes preferencias a la hora de tratarlos:[\/vc_column_text][\/vc_column][\/vc_row][vc_row full_width=\u00bbstretch_row\u00bb el_class=\u00bbwhite\u00bb css=\u00bb.vc_custom_1554544958683{background-image: url(https:\/\/xanthelasmaremoval.com\/wp-content\/uploads\/2019\/03\/bg_header.png?id=10873) !important;background-position: 0 0 !important;background-repeat: repeat !important;}\u00bb][vc_column][vc_column_text]<strong>Algunas personas afectadas por los Xantelasmas prefieren dejar este trabajo a especialistas con la mejor experiencia y habilidades debido a:<\/strong>[\/vc_column_text]<\/p>\n<div class=\"sc-list\">\n<ul>\n<li class=\"white\" style=\"text-align: justify;\"><strong>M\u00e1s rentable<\/strong> porque el tratamiento es menos costoso que cualquier otro tratamiento con l\u00e1ser o cualquier otro equipo m\u00e9dico.<\/li>\n<li><strong>Lo m\u00e1s seguro<\/strong> porque nuestros especialistas (especialmente para su tipo de piel) lo prueban y personalizan para eliminar sus Xantelasmas sin dejar cicatriz. Tambi\u00e9n est\u00e1 formulado como un gel para evitar goteos durante la aplicaci\u00f3n sobre sus Xantelasmas.<\/li>\n<li><strong>C\u00f3modo<\/strong> porque puede hacerlo en casa ya que XanthRemover se le enviar\u00e1 por correo. Todo lo que necesita hacer es solicitar el XanthRemover en l\u00ednea y tambi\u00e9n enviarnos la mayor cantidad posible de im\u00e1genes claras de sus Xantelasmas por correo electr\u00f3nico.<\/li>\n<\/ul>\n<\/div>\n<p>[vc_column_text]<strong>Una descripci\u00f3n de su propia historia tambi\u00e9n ayudar\u00e1 a evaluar su caso, pero no es estrictamente obligatorio. Nuestros especialistas evaluar\u00e1n su caso, le recetar\u00e1n y har\u00e1n que su XanthRemover se adapte a su condici\u00f3n y tipo de piel. Luego se le enviar\u00e1 el producto.<\/strong>[\/vc_column_text][\/vc_column][\/vc_row][vc_row][vc_column][vc_row_inner][vc_column_inner width=\u00bb2\/3&#8243;][vc_column_text]<strong>Hay un segundo grupo de personas que todav\u00eda prefieren eliminar quir\u00fargicamente los Xantelasmas.<\/strong><br \/>\nEsto se puede hacer sin dejar ninguna cicatriz tambi\u00e9n. Sin embargo, aunque los resultados finales son los mismos, los costos son muchas veces m\u00e1s altos que usar XanthRemover u otros peelings apropiados. Los precios oscilan entre 2000 y 4000 USD dependiendo de d\u00f3nde se encuentre en el mundo.<\/p>\n<p>Desafortunadamente, estos costos m\u00e1s altos no significan mejores resultados, adem\u00e1s, las posibilidades de cicatrizaci\u00f3n dependen de la operaci\u00f3n del especialista. Si a\u00fan prefiere optar por la cirug\u00eda est\u00e9tica, en Areton tambi\u00e9n proporcionamos la extracci\u00f3n gratuita de Xantelasma para estudios cl\u00ednicos.[\/vc_column_text][\/vc_column_inner][vc_column_inner width=\u00bb1\/3&#8243;][vc_single_image image=\u00bb9980&#8243; img_size=\u00bbfull\u00bb][\/vc_column_inner][\/vc_row_inner][vc_column_text]Si reside en el Reino Unido, solo env\u00ede sus fotos por correo electr\u00f3nico y nos comunicaremos con usted para concertar una cita para que participe en nuestros estudios, sin embargo, tenga en cuenta que necesitaremos publicar sus fotos y los resultados en nuestros sitios web despu\u00e9s de la eliminaci\u00f3n gratuita del xantelasma[\/vc_column_text][\/vc_column][\/vc_row][vc_row full_width=\u00bbstretch_row\u00bb el_class=\u00bbwhite\u00bb css=\u00bb.vc_custom_1554545193088{background-image: url(https:\/\/xanthelasmaremoval.com\/wp-content\/uploads\/2019\/03\/bg_header.png?id=10873) !important;background-position: 0 0 !important;background-repeat: repeat !important;}\u00bb][vc_column][vc_column_text]<\/p>\n<h2 class=\"white\" style=\"text-align: justify;\">Tratamientos de los xantelasmas en casa<\/h2>\n<p>Aqu\u00ed hay personas que quieren tratar sus Xantelasmas de la manera m\u00e1s barata posible. Si prefiere seguir esta ruta, le proporcionamos toda la informaci\u00f3n para que lo haga por usted mismo, \u00a1Se la proporcionamos de forma gratuita! Puede leer la informaci\u00f3n e ir a la fuente de los ingredientes por s\u00ed mismo de estas ventas online, Ebay, Amazon o en cualquier otro lugar que desee. Entonces puedes seguir adelante y tratar los Xantelasmas por usted mismo. Estos son tratamientos que funcionan y muchas personas han eliminado los Xantelasmas con \u00e9xito de esta manera. Sin embargo, recomendamos buscar siempre un asesoramiento de especialistas antes de comprar los peelings por s\u00ed mismo para eliminar los Xantelasmas. Aunque ofrecemos este servicio incluido en el precio del XanthRemover, no importa si utiliza nuestros especialistas u otros, siempre y cuando se le informe adecuadamente.<\/p>\n<p>Si prefiere seguir esta ruta, debe consultar un especialiasta en la formulaci\u00f3n del peeling cosmetico para eliminar el xantelasma. Esto se debe a que cada caso de Xantelasma y tipo de piel son diferentes y cada uno debe tratarse de manera adecuada. Sin embargo, si usted lo desea, <strong>Podemos ayudarlo a darle la mejor formulaci\u00f3n para su tipo Xantelasma y su tipo de piel y de c\u00f3mo eliminarlo adecuadamente<\/strong>[\/vc_column_text]<a class=\"sc-button \"  href=\"https:\/\/xanthelasmaremoval.com\/diy-xanthelasma-treatment\/\" target=\"_self\" style=\"color: #ffffff;background-color: #e1114c;\">M\u00e1s informaci\u00f3n<\/a>[vc_empty_space][\/vc_column][\/vc_row]<\/p>","protected":false},"excerpt":{"rendered":"<p>[vc_row][vc_column][\/vc_column][\/vc_row][vc_row][vc_column][\/vc_column][\/vc_row][vc_row][vc_column][vc_column_text] \u00bfPara qu\u00e9 funciona esta pagina Web? [\/vc_column_text][\/vc_column][\/vc_row][vc_row][vc_column width=\u00bb2\/3&#8243;][vc_column_text]La misi\u00f3n principal de este sitio web es ayudarlo a eliminar los&#8230;<\/p>\n","protected":false},"author":66,"featured_media":0,"parent":0,"menu_order":0,"comment_status":"closed","ping_status":"closed","template":"","meta":{"footnotes":""},"class_list":["post-594","page","type-page","status-publish","hentry"],"yoast_head":"<!-- This site is optimized with the Yoast SEO plugin v24.3 - https:\/\/yoast.com\/wordpress\/plugins\/seo\/ -->\n<title>Eliminaci\u00f3n de los Xantelasmas - Xanthelasma Removal<\/title>\n<meta name=\"robots\" content=\"index, follow, max-snippet:-1, max-image-preview:large, max-video-preview:-1\" \/>\n<link rel=\"canonical\" href=\"https:\/\/xanthelasmaremoval.com\/xanthelasma-removal\/\" \/>\n<meta property=\"og:locale\" content=\"es_ES\" \/>\n<meta property=\"og:type\" content=\"article\" \/>\n<meta property=\"og:title\" content=\"[:en]Xanthelasma Removal[:es]Eliminaci\u00f3n de los Xantelasmas[:] - Xanthelasma Removal\" \/>\n<meta property=\"og:description\" content=\"[vc_row][vc_column][\/vc_column][\/vc_row][vc_row][vc_column][\/vc_column][\/vc_row][vc_row][vc_column][vc_column_text] \u00bfPara qu\u00e9 funciona esta pagina Web? [\/vc_column_text][\/vc_column][\/vc_row][vc_row][vc_column width=\u00bb2\/3&#8243;][vc_column_text]La misi\u00f3n principal de este sitio web es ayudarlo a eliminar los...\" \/>\n<meta property=\"og:url\" content=\"https:\/\/xanthelasmaremoval.com\/xanthelasma-removal\/\" \/>\n<meta property=\"og:site_name\" content=\"Xanthelasma Removal\" \/>\n<meta property=\"article:modified_time\" content=\"2019-09-26T22:27:33+00:00\" \/>\n<meta name=\"twitter:card\" content=\"summary_large_image\" \/>\n<meta name=\"twitter:label1\" content=\"Tiempo de lectura\" \/>\n\t<meta name=\"twitter:data1\" content=\"10 minutos\" \/>\n<script type=\"application\/ld+json\" class=\"yoast-schema-graph\">{\"@context\":\"https:\/\/schema.org\",\"@graph\":[{\"@type\":\"WebPage\",\"@id\":\"https:\/\/xanthelasmaremoval.com\/xanthelasma-removal\/\",\"url\":\"https:\/\/xanthelasmaremoval.com\/xanthelasma-removal\/\",\"name\":\"[:en]Xanthelasma Removal[:es]Eliminaci\u00f3n de los Xantelasmas[:] - Xanthelasma Removal\",\"isPartOf\":{\"@id\":\"https:\/\/xanthelasmaremoval.com\/#website\"},\"datePublished\":\"2013-06-11T06:38:40+00:00\",\"dateModified\":\"2019-09-26T22:27:33+00:00\",\"breadcrumb\":{\"@id\":\"https:\/\/xanthelasmaremoval.com\/xanthelasma-removal\/#breadcrumb\"},\"inLanguage\":\"es\",\"potentialAction\":[{\"@type\":\"ReadAction\",\"target\":[\"https:\/\/xanthelasmaremoval.com\/xanthelasma-removal\/\"]}]},{\"@type\":\"BreadcrumbList\",\"@id\":\"https:\/\/xanthelasmaremoval.com\/xanthelasma-removal\/#breadcrumb\",\"itemListElement\":[{\"@type\":\"ListItem\",\"position\":1,\"name\":\"Home\",\"item\":\"https:\/\/xanthelasmaremoval.com\/\"},{\"@type\":\"ListItem\",\"position\":2,\"name\":\"Xanthelasma Removal\"}]},{\"@type\":\"WebSite\",\"@id\":\"https:\/\/xanthelasmaremoval.com\/#website\",\"url\":\"https:\/\/xanthelasmaremoval.com\/\",\"name\":\"Xanthelasma Removal\",\"description\":\"The Xanthelasma Removal Solutions!\",\"potentialAction\":[{\"@type\":\"SearchAction\",\"target\":{\"@type\":\"EntryPoint\",\"urlTemplate\":\"https:\/\/xanthelasmaremoval.com\/?s={search_term_string}\"},\"query-input\":{\"@type\":\"PropertyValueSpecification\",\"valueRequired\":true,\"valueName\":\"search_term_string\"}}],\"inLanguage\":\"es\"}]}<\/script>\n<!-- \/ Yoast SEO plugin. -->","yoast_head_json":{"title":"[:en]Xanthelasma Removal[:es]Eliminaci\u00f3n de los Xantelasmas[:] - Xanthelasma Removal","robots":{"index":"index","follow":"follow","max-snippet":"max-snippet:-1","max-image-preview":"max-image-preview:large","max-video-preview":"max-video-preview:-1"},"canonical":"https:\/\/xanthelasmaremoval.com\/xanthelasma-removal\/","og_locale":"es_ES","og_type":"article","og_title":"[:en]Xanthelasma Removal[:es]Eliminaci\u00f3n de los Xantelasmas[:] - Xanthelasma Removal","og_description":"[vc_row][vc_column][\/vc_column][\/vc_row][vc_row][vc_column][\/vc_column][\/vc_row][vc_row][vc_column][vc_column_text] \u00bfPara qu\u00e9 funciona esta pagina Web? [\/vc_column_text][\/vc_column][\/vc_row][vc_row][vc_column width=\u00bb2\/3&#8243;][vc_column_text]La misi\u00f3n principal de este sitio web es ayudarlo a eliminar los...","og_url":"https:\/\/xanthelasmaremoval.com\/xanthelasma-removal\/","og_site_name":"Xanthelasma Removal","article_modified_time":"2019-09-26T22:27:33+00:00","twitter_card":"summary_large_image","twitter_misc":{"Tiempo de lectura":"10 minutos"},"schema":{"@context":"https:\/\/schema.org","@graph":[{"@type":"WebPage","@id":"https:\/\/xanthelasmaremoval.com\/xanthelasma-removal\/","url":"https:\/\/xanthelasmaremoval.com\/xanthelasma-removal\/","name":"[:en]Xanthelasma Removal[:es]Eliminaci\u00f3n de los Xantelasmas[:] - Xanthelasma Removal","isPartOf":{"@id":"https:\/\/xanthelasmaremoval.com\/#website"},"datePublished":"2013-06-11T06:38:40+00:00","dateModified":"2019-09-26T22:27:33+00:00","breadcrumb":{"@id":"https:\/\/xanthelasmaremoval.com\/xanthelasma-removal\/#breadcrumb"},"inLanguage":"es","potentialAction":[{"@type":"ReadAction","target":["https:\/\/xanthelasmaremoval.com\/xanthelasma-removal\/"]}]},{"@type":"BreadcrumbList","@id":"https:\/\/xanthelasmaremoval.com\/xanthelasma-removal\/#breadcrumb","itemListElement":[{"@type":"ListItem","position":1,"name":"Home","item":"https:\/\/xanthelasmaremoval.com\/"},{"@type":"ListItem","position":2,"name":"Xanthelasma Removal"}]},{"@type":"WebSite","@id":"https:\/\/xanthelasmaremoval.com\/#website","url":"https:\/\/xanthelasmaremoval.com\/","name":"Xanthelasma Removal","description":"The Xanthelasma Removal Solutions!","potentialAction":[{"@type":"SearchAction","target":{"@type":"EntryPoint","urlTemplate":"https:\/\/xanthelasmaremoval.com\/?s={search_term_string}"},"query-input":{"@type":"PropertyValueSpecification","valueRequired":true,"valueName":"search_term_string"}}],"inLanguage":"es"}]}},"_links":{"self":[{"href":"https:\/\/xanthelasmaremoval.com\/es\/wp-json\/wp\/v2\/pages\/594"}],"collection":[{"href":"https:\/\/xanthelasmaremoval.com\/es\/wp-json\/wp\/v2\/pages"}],"about":[{"href":"https:\/\/xanthelasmaremoval.com\/es\/wp-json\/wp\/v2\/types\/page"}],"author":[{"embeddable":true,"href":"https:\/\/xanthelasmaremoval.com\/es\/wp-json\/wp\/v2\/users\/66"}],"replies":[{"embeddable":true,"href":"https:\/\/xanthelasmaremoval.com\/es\/wp-json\/wp\/v2\/comments?post=594"}],"version-history":[{"count":114,"href":"https:\/\/xanthelasmaremoval.com\/es\/wp-json\/wp\/v2\/pages\/594\/revisions"}],"predecessor-version":[{"id":12914,"href":"https:\/\/xanthelasmaremoval.com\/es\/wp-json\/wp\/v2\/pages\/594\/revisions\/12914"}],"wp:attachment":[{"href":"https:\/\/xanthelasmaremoval.com\/es\/wp-json\/wp\/v2\/media?parent=594"}],"curies":[{"name":"wp","href":"https:\/\/api.w.org\/{rel}","templated":true}]}}