{"id":66,"date":"2013-04-11T15:04:28","date_gmt":"2013-04-11T15:04:28","guid":{"rendered":"http:\/\/new.xanthelasmaremoval.com\/?page_id=66"},"modified":"2021-09-14T08:37:56","modified_gmt":"2021-09-14T08:37:56","slug":"xanthelasma-prevention","status":"publish","type":"page","link":"https:\/\/xanthelasmaremoval.com\/es\/faq-about-xanthelasma-removal\/xanthelasma-prevention\/","title":{"rendered":"Prevenciones del Xantelasma"},"content":{"rendered":"<p>[vc_row][vc_column width=\u00bb1\/2&#8243;][vc_column_text]<\/p>\n<h3>\u00bfC\u00f3mo evitar la recurrencia del xantelasma?<\/h3>\n<p>&nbsp;<\/p>\n<p>La \u00fanica forma de evitar que el Xantelasma vuelva a recurrir es:<\/p>\n<ul>\n<li>Mantener bajos sus niveles de colesterol. Esto se hace comiendo menos y eliminando el consumo de carne.<\/li>\n<\/ul>\n<ul>\n<li>Comer la alta proporci\u00f3n de frutas y verduras.<\/li>\n<\/ul>\n<ul>\n<li>Hacer ejercicio regularmente<\/li>\n<\/ul>\n<ul>\n<li>Mantenga su IMC lo m\u00e1s bajo posible<\/li>\n<\/ul>\n<ul>\n<li>Llevar una vida libre de estr\u00e9s<\/li>\n<\/ul>\n<ul>\n<li>No Fumar<\/li>\n<\/ul>\n<p>[\/vc_column_text][\/vc_column][vc_column width=\u00bb1\/2&#8243;][vc_empty_space][vc_single_image image=\u00bb10716&#8243; img_size=\u00bbfull\u00bb alignment=\u00bbcenter\u00bb style=\u00bbvc_box_outline\u00bb]<a class=\"sc-button \"  href=\"https:\/\/xanthelasmaremoval.com\/what-is-xanthelasma\/\" target=\"_self\" style=\"color: #ffffff;background-color: #e1114c;\">M\u00e1s informaci\u00f3n sobre el Xantelasma<\/a>[\/vc_column][\/vc_row][vc_row full_width=\u00bbstretch_row\u00bb el_class=\u00bbwhite\u00bb css=\u00bb.vc_custom_1554548230566{background-image: url(https:\/\/xanthelasmaremoval.com\/wp-content\/uploads\/2019\/03\/bg_header.png?id=10873) !important;background-position: 0 0 !important;background-repeat: repeat !important;}\u00bb][vc_column][vc_column_text]<\/p>\n<h2 class=\"white\" style=\"text-align: justify;\">Llevar un estilo de vida saludable reduce considerablemente las posibilidades de reaparici\u00f3n del Xantelasma despu\u00e9s de su eliminaci\u00f3n.<\/h2>\n<p style=\"text-align: justify;\">Desafortunadamente, no se sabe por qu\u00e9 ciertas personas experimentan recurrencia del xantelasma a pesar de llevar un estilo de vida saludable y mantener bajo el colesterol. En muchos casos, la gen\u00e9tica juega un papel importante en la formaci\u00f3n del Xantelasma. Por lo tanto, todo lo que puede hacer es mantener un estilo de vida saludable, no se preocupe si vuelven a recurrir los xantelasmas.<br \/>\n<img loading=\"lazy\" decoding=\"async\" class=\"size-full wp-image-10105 alignright\" src=\"https:\/\/xanthelasmaremoval.com\/wp-content\/uploads\/2019\/02\/download.jpeg\" alt=\"\" width=\"225\" height=\"225\" srcset=\"https:\/\/xanthelasmaremoval.com\/wp-content\/uploads\/2019\/02\/download.jpeg 225w, https:\/\/xanthelasmaremoval.com\/wp-content\/uploads\/2019\/02\/download-100x100.jpeg 100w\" sizes=\"(max-width: 225px) 100vw, 225px\" \/><\/p>\n<p style=\"text-align: justify;\">Se ha informado que la aplicaci\u00f3n de rodajas de ajo una vez por semana disminuye la probabilidad de recurrencia del xantelasma. Aparentemente, el \u00e1rea donde generalmente aparece el Xantelasma debe cubrirse con una rodaja de ajo durante 10 minutos. Aquella rodaja debe cortarse por la mitad para que el zumo est\u00e9 en contacto directo con la piel alrededor de los ojos. Al d\u00eda siguiente, la piel se enrojecer\u00e1 y se hinchar\u00e1, supuestamente esto ha evitado que el Xantelasma vuelva a aparecer. <em><strong>\u00a0No hay evidencia cient\u00edfica para corroborar la eficacia de este m\u00e9todo,<\/strong><\/em> sin embargo, el ajo es inofensivo y econ\u00f3mico<em><strong>, vale la pena intentarlo.<\/strong><\/em><\/p>\n<p style=\"text-align: justify;\">Despu\u00e9s de todo, si reaparece el Xantelasma, todo lo que puede hacer es tratarlos nuevamente, esto es f\u00e1cil y econ\u00f3mico.<\/p>\n<p>[\/vc_column_text][\/vc_column][\/vc_row][vc_row][vc_column][vc_zigzag][\/vc_column][\/vc_row][vc_row][vc_column]<div class=\"sc-textbox rounded-corners\"  style=\"\"><div class=\"sc-textbox-content\" style=\"background-color: #f1f5f8;background-position: center top;\"><div class=\"sc-icon-with-text sc-icon-with-text-icon-size-medium\"><div class=\"sc-icon-with-text-icon\"><div class=\"sc-icon sc-icon-size-medium  sc-icon-shape-circle\" style=\"background-color: #90ba8f;border: 2px solid #90ba8f;\"><span class=\"sc-icon-half-1\" style=\"color: #ffffff;\"><span class=\"back-angle\">&#xe661;<\/span><\/span><span class=\"sc-icon-half-2\" style=\"color: #ffffff;\"><span class=\"back-angle\">&#xe661;<\/span><\/span><\/div><\/div><div class=\"sc-icon-with-text-content\"><div class=\"sc-icon-with-text-text\">[vc_column_text]<\/p>\n<h4>El XanthRemover, mejor que cualquier otro producto \u00abC\u00f3mprelo ahora para eliminar su xantelasma\u00bb<\/h4>\n<p>[\/vc_column_text]<\/div><\/div><div class=\"clearboth\"><\/div><\/div><\/div><\/div>[\/vc_column][\/vc_row][vc_row][vc_column width=\u00bb1\/2&#8243;]<\/p>\n<div class=\"pricing-table row inline-row inline-row-center pricing-table-style-1 button-icon-cart\">\n<div class=\"pricing-column-wrapper col-md-3 col-sm-4 col-xs-6 inline-column highlighted\">\n<div class=\"pricing-column\">\n<div class=\"pricing-title-wrapper\">\n<div class=\"pricing-title\">\n<div class=\"title-h3\">Orden normal<\/div>\n<div class=\"subtitle\">El mejor plan de precio \/ cantidad<\/div>\n<\/div>\n<div class=\"pricing-column-top-choice\">\n<div class=\"pricing-column-top-choice-text\">NUEVO<\/div>\n<\/div>\n<\/div>\n<div class=\"pricing-price-row\" >\n<div class=\"pricing-price\" style=\"font-size: 57px;color: #705b96;\">\n<div class=\"pricing-cost\">$13<\/div>\n<p><span class=\"time\">Por orden<\/span><\/div>\n<\/div>\n<div class=\"pricing-row  strike\">Con garant\u00eda de devoluci\u00f3n de dinero<\/div>\n<div class=\"pricing-row \">Incluye el env\u00edo a TODO EL MUNDO<\/div>\n<div class=\"pricing-row \">30ml de XanthRemover Gel<\/div>\n<div class=\"pricing-row \">Nuestro servicio completo de soporte en l\u00ednea<\/div>\n<div class=\"pricing-footer\"><a href=\"https:\/\/xanthelasmaremoval.com\/product\/xanth-remover-without-money-back-guarantee\/\" class=\"sc-button\">Ordene ya<\/a><\/div>\n<\/div>\n<\/div>\n<\/div>\n<p>[\/vc_column][vc_column width=\u00bb1\/2&#8243;]<\/p>\n<div class=\"pricing-table row inline-row inline-row-center pricing-table-style-1 button-icon-cart\">\n<div class=\"pricing-column-wrapper col-md-3 col-sm-4 col-xs-6 inline-column highlighted\">\n<div class=\"pricing-column\">\n<div class=\"pricing-title-wrapper\">\n<div class=\"pricing-title\">\n<div class=\"title-h3\">Plan avanzado<\/div>\n<div class=\"subtitle\">El mejor plan de precio \/ cantidad<\/div>\n<\/div>\n<div class=\"pricing-column-top-choice\">\n<div class=\"pricing-column-top-choice-text\">NUEVO<\/div>\n<\/div>\n<\/div>\n<div class=\"pricing-price-row\" >\n<div class=\"pricing-price\" style=\"font-size: 57px;color: #705b96;\">\n<div class=\"pricing-cost\">$39<\/div>\n<p><span class=\"time\">Por orden<\/span><\/div>\n<\/div>\n<div class=\"pricing-row \">Con garant\u00eda de devoluci\u00f3n de dinero<\/div>\n<div class=\"pricing-row \">Incluye env\u00edo a TODO EL MUNDO.<\/div>\n<div class=\"pricing-row \">30ml de XanthRemover Gel<\/div>\n<div class=\"pricing-row \">Nuestro servicio completo de soporte en l\u00ednea<\/div>\n<div class=\"pricing-footer\"><a href=\"https:\/\/xanthelasmaremoval.com\/product\/xanthe-remover\/\" class=\"sc-button\">Ordene ya.<\/a><\/div>\n<\/div>\n<\/div>\n<\/div>\n<p>[\/vc_column][\/vc_row]<\/p>","protected":false},"excerpt":{"rendered":"<p>[vc_row][vc_column width=\u00bb1\/2&#8243;][vc_column_text] \u00bfC\u00f3mo evitar la recurrencia del xantelasma? &nbsp; La \u00fanica forma de evitar que el Xantelasma vuelva a recurrir&#8230;<\/p>\n","protected":false},"author":66,"featured_media":0,"parent":55,"menu_order":2,"comment_status":"closed","ping_status":"open","template":"","meta":{"footnotes":""},"class_list":["post-66","page","type-page","status-publish","hentry"],"yoast_head":"<!-- This site is optimized with the Yoast SEO plugin v24.3 - https:\/\/yoast.com\/wordpress\/plugins\/seo\/ -->\n<title>Prevenciones del Xantelasma - Xanthelasma Removal<\/title>\n<meta name=\"robots\" content=\"index, follow, max-snippet:-1, max-image-preview:large, max-video-preview:-1\" \/>\n<link rel=\"canonical\" href=\"https:\/\/xanthelasmaremoval.com\/faq-about-xanthelasma-removal\/xanthelasma-prevention\/\" \/>\n<meta property=\"og:locale\" content=\"es_ES\" \/>\n<meta property=\"og:type\" content=\"article\" \/>\n<meta property=\"og:title\" content=\"[:en]Xanthelasma Prevention[:es]Prevenciones del Xantelasma[:] - Xanthelasma Removal\" \/>\n<meta property=\"og:description\" content=\"[vc_row][vc_column width=\u00bb1\/2&#8243;][vc_column_text] \u00bfC\u00f3mo evitar la recurrencia del xantelasma? &nbsp; La \u00fanica forma de evitar que el Xantelasma vuelva a recurrir...\" \/>\n<meta property=\"og:url\" content=\"https:\/\/xanthelasmaremoval.com\/faq-about-xanthelasma-removal\/xanthelasma-prevention\/\" \/>\n<meta property=\"og:site_name\" content=\"Xanthelasma Removal\" \/>\n<meta property=\"article:modified_time\" content=\"2021-09-14T08:37:56+00:00\" \/>\n<meta property=\"og:image\" content=\"https:\/\/xanthelasmaremoval.com\/wp-content\/uploads\/2019\/02\/download.jpeg\" \/>\n<meta name=\"twitter:card\" content=\"summary_large_image\" \/>\n<meta name=\"twitter:label1\" content=\"Tiempo de lectura\" \/>\n\t<meta name=\"twitter:data1\" content=\"7 minutos\" \/>\n<script type=\"application\/ld+json\" class=\"yoast-schema-graph\">{\"@context\":\"https:\/\/schema.org\",\"@graph\":[{\"@type\":\"WebPage\",\"@id\":\"https:\/\/xanthelasmaremoval.com\/faq-about-xanthelasma-removal\/xanthelasma-prevention\/\",\"url\":\"https:\/\/xanthelasmaremoval.com\/faq-about-xanthelasma-removal\/xanthelasma-prevention\/\",\"name\":\"[:en]Xanthelasma Prevention[:es]Prevenciones del Xantelasma[:] - Xanthelasma Removal\",\"isPartOf\":{\"@id\":\"https:\/\/xanthelasmaremoval.com\/#website\"},\"primaryImageOfPage\":{\"@id\":\"https:\/\/xanthelasmaremoval.com\/faq-about-xanthelasma-removal\/xanthelasma-prevention\/#primaryimage\"},\"image\":{\"@id\":\"https:\/\/xanthelasmaremoval.com\/faq-about-xanthelasma-removal\/xanthelasma-prevention\/#primaryimage\"},\"thumbnailUrl\":\"https:\/\/xanthelasmaremoval.com\/wp-content\/uploads\/2019\/02\/download.jpeg\",\"datePublished\":\"2013-04-11T15:04:28+00:00\",\"dateModified\":\"2021-09-14T08:37:56+00:00\",\"breadcrumb\":{\"@id\":\"https:\/\/xanthelasmaremoval.com\/faq-about-xanthelasma-removal\/xanthelasma-prevention\/#breadcrumb\"},\"inLanguage\":\"es\",\"potentialAction\":[{\"@type\":\"ReadAction\",\"target\":[\"https:\/\/xanthelasmaremoval.com\/faq-about-xanthelasma-removal\/xanthelasma-prevention\/\"]}]},{\"@type\":\"ImageObject\",\"inLanguage\":\"es\",\"@id\":\"https:\/\/xanthelasmaremoval.com\/faq-about-xanthelasma-removal\/xanthelasma-prevention\/#primaryimage\",\"url\":\"https:\/\/xanthelasmaremoval.com\/wp-content\/uploads\/2019\/02\/download.jpeg\",\"contentUrl\":\"https:\/\/xanthelasmaremoval.com\/wp-content\/uploads\/2019\/02\/download.jpeg\"},{\"@type\":\"BreadcrumbList\",\"@id\":\"https:\/\/xanthelasmaremoval.com\/faq-about-xanthelasma-removal\/xanthelasma-prevention\/#breadcrumb\",\"itemListElement\":[{\"@type\":\"ListItem\",\"position\":1,\"name\":\"Home\",\"item\":\"https:\/\/xanthelasmaremoval.com\/\"},{\"@type\":\"ListItem\",\"position\":2,\"name\":\"FAQ about Xanthelasma Removal\",\"item\":\"https:\/\/xanthelasmaremoval.com\/faq-about-xanthelasma-removal\/\"},{\"@type\":\"ListItem\",\"position\":3,\"name\":\"Xanthelasma Prevention\"}]},{\"@type\":\"WebSite\",\"@id\":\"https:\/\/xanthelasmaremoval.com\/#website\",\"url\":\"https:\/\/xanthelasmaremoval.com\/\",\"name\":\"Xanthelasma Removal\",\"description\":\"The Xanthelasma Removal Solutions!\",\"potentialAction\":[{\"@type\":\"SearchAction\",\"target\":{\"@type\":\"EntryPoint\",\"urlTemplate\":\"https:\/\/xanthelasmaremoval.com\/?s={search_term_string}\"},\"query-input\":{\"@type\":\"PropertyValueSpecification\",\"valueRequired\":true,\"valueName\":\"search_term_string\"}}],\"inLanguage\":\"es\"}]}<\/script>\n<!-- \/ Yoast SEO plugin. -->","yoast_head_json":{"title":"[:en]Xanthelasma Prevention[:es]Prevenciones del Xantelasma[:] - Xanthelasma Removal","robots":{"index":"index","follow":"follow","max-snippet":"max-snippet:-1","max-image-preview":"max-image-preview:large","max-video-preview":"max-video-preview:-1"},"canonical":"https:\/\/xanthelasmaremoval.com\/faq-about-xanthelasma-removal\/xanthelasma-prevention\/","og_locale":"es_ES","og_type":"article","og_title":"[:en]Xanthelasma Prevention[:es]Prevenciones del Xantelasma[:] - Xanthelasma Removal","og_description":"[vc_row][vc_column width=\u00bb1\/2&#8243;][vc_column_text] \u00bfC\u00f3mo evitar la recurrencia del xantelasma? &nbsp; La \u00fanica forma de evitar que el Xantelasma vuelva a recurrir...","og_url":"https:\/\/xanthelasmaremoval.com\/faq-about-xanthelasma-removal\/xanthelasma-prevention\/","og_site_name":"Xanthelasma Removal","article_modified_time":"2021-09-14T08:37:56+00:00","og_image":[{"url":"https:\/\/xanthelasmaremoval.com\/wp-content\/uploads\/2019\/02\/download.jpeg","type":"","width":"","height":""}],"twitter_card":"summary_large_image","twitter_misc":{"Tiempo de lectura":"7 minutos"},"schema":{"@context":"https:\/\/schema.org","@graph":[{"@type":"WebPage","@id":"https:\/\/xanthelasmaremoval.com\/faq-about-xanthelasma-removal\/xanthelasma-prevention\/","url":"https:\/\/xanthelasmaremoval.com\/faq-about-xanthelasma-removal\/xanthelasma-prevention\/","name":"[:en]Xanthelasma Prevention[:es]Prevenciones del Xantelasma[:] - Xanthelasma Removal","isPartOf":{"@id":"https:\/\/xanthelasmaremoval.com\/#website"},"primaryImageOfPage":{"@id":"https:\/\/xanthelasmaremoval.com\/faq-about-xanthelasma-removal\/xanthelasma-prevention\/#primaryimage"},"image":{"@id":"https:\/\/xanthelasmaremoval.com\/faq-about-xanthelasma-removal\/xanthelasma-prevention\/#primaryimage"},"thumbnailUrl":"https:\/\/xanthelasmaremoval.com\/wp-content\/uploads\/2019\/02\/download.jpeg","datePublished":"2013-04-11T15:04:28+00:00","dateModified":"2021-09-14T08:37:56+00:00","breadcrumb":{"@id":"https:\/\/xanthelasmaremoval.com\/faq-about-xanthelasma-removal\/xanthelasma-prevention\/#breadcrumb"},"inLanguage":"es","potentialAction":[{"@type":"ReadAction","target":["https:\/\/xanthelasmaremoval.com\/faq-about-xanthelasma-removal\/xanthelasma-prevention\/"]}]},{"@type":"ImageObject","inLanguage":"es","@id":"https:\/\/xanthelasmaremoval.com\/faq-about-xanthelasma-removal\/xanthelasma-prevention\/#primaryimage","url":"https:\/\/xanthelasmaremoval.com\/wp-content\/uploads\/2019\/02\/download.jpeg","contentUrl":"https:\/\/xanthelasmaremoval.com\/wp-content\/uploads\/2019\/02\/download.jpeg"},{"@type":"BreadcrumbList","@id":"https:\/\/xanthelasmaremoval.com\/faq-about-xanthelasma-removal\/xanthelasma-prevention\/#breadcrumb","itemListElement":[{"@type":"ListItem","position":1,"name":"Home","item":"https:\/\/xanthelasmaremoval.com\/"},{"@type":"ListItem","position":2,"name":"FAQ about Xanthelasma Removal","item":"https:\/\/xanthelasmaremoval.com\/faq-about-xanthelasma-removal\/"},{"@type":"ListItem","position":3,"name":"Xanthelasma Prevention"}]},{"@type":"WebSite","@id":"https:\/\/xanthelasmaremoval.com\/#website","url":"https:\/\/xanthelasmaremoval.com\/","name":"Xanthelasma Removal","description":"The Xanthelasma Removal Solutions!","potentialAction":[{"@type":"SearchAction","target":{"@type":"EntryPoint","urlTemplate":"https:\/\/xanthelasmaremoval.com\/?s={search_term_string}"},"query-input":{"@type":"PropertyValueSpecification","valueRequired":true,"valueName":"search_term_string"}}],"inLanguage":"es"}]}},"_links":{"self":[{"href":"https:\/\/xanthelasmaremoval.com\/es\/wp-json\/wp\/v2\/pages\/66"}],"collection":[{"href":"https:\/\/xanthelasmaremoval.com\/es\/wp-json\/wp\/v2\/pages"}],"about":[{"href":"https:\/\/xanthelasmaremoval.com\/es\/wp-json\/wp\/v2\/types\/page"}],"author":[{"embeddable":true,"href":"https:\/\/xanthelasmaremoval.com\/es\/wp-json\/wp\/v2\/users\/66"}],"replies":[{"embeddable":true,"href":"https:\/\/xanthelasmaremoval.com\/es\/wp-json\/wp\/v2\/comments?post=66"}],"version-history":[{"count":59,"href":"https:\/\/xanthelasmaremoval.com\/es\/wp-json\/wp\/v2\/pages\/66\/revisions"}],"predecessor-version":[{"id":14136,"href":"https:\/\/xanthelasmaremoval.com\/es\/wp-json\/wp\/v2\/pages\/66\/revisions\/14136"}],"up":[{"embeddable":true,"href":"https:\/\/xanthelasmaremoval.com\/es\/wp-json\/wp\/v2\/pages\/55"}],"wp:attachment":[{"href":"https:\/\/xanthelasmaremoval.com\/es\/wp-json\/wp\/v2\/media?parent=66"}],"curies":[{"name":"wp","href":"https:\/\/api.w.org\/{rel}","templated":true}]}}