{"id":71,"date":"2013-04-11T17:08:00","date_gmt":"2013-04-11T17:08:00","guid":{"rendered":"http:\/\/new.xanthelasmaremoval.com\/?page_id=71"},"modified":"2025-04-21T14:20:43","modified_gmt":"2025-04-21T14:20:43","slug":"myths-about-xanthelasma-removal","status":"publish","type":"page","link":"https:\/\/xanthelasmaremoval.com\/es\/faq-about-xanthelasma-removal\/myths-about-xanthelasma-removal\/","title":{"rendered":"Mitos sobre la eliminaci\u00f3n del xantelasma"},"content":{"rendered":"<p>[vc_row][vc_column][vc_column_text][\/vc_column_text][\/vc_column][\/vc_row][vc_row][vc_column width=\u00bb1\/2&#8243;]<div class=\"sc-youtube sc-wrapbox sc-wrapbox-style-5 rounded-corners shadow-box sc-wrapbox-position-below\" style=\"width: 100%;\"><div class=\"sc-wrapbox-inner sc-ratio-style\" style=\"padding-top: 66.67%\"><iframe loading=\"lazy\" class=\"sc-wrapbox-element img-responsive\" width=\"100%\" height=\"300\" frameborder=\"0\" scrolling=\"no\" marginheight=\"0\" marginwidth=\"0\" src=\"\/\/www.youtube.com\/embed\/MQ-6NJiUP7o?rel=0&amp;wmode=opaque\"><\/iframe><\/div><\/div>[\/vc_column][vc_column width=\u00bb1\/2&#8243;]<div class=\"sc-youtube sc-wrapbox sc-wrapbox-style-5 rounded-corners shadow-box sc-wrapbox-position-below\" style=\"width: 100%;\"><div class=\"sc-wrapbox-inner sc-ratio-style\" style=\"padding-top: 66.67%\"><iframe loading=\"lazy\" class=\"sc-wrapbox-element img-responsive\" width=\"100%\" height=\"300\" frameborder=\"0\" scrolling=\"no\" marginheight=\"0\" marginwidth=\"0\" src=\"\/\/www.youtube.com\/embed\/hi5iDySDZIA?rel=0&amp;wmode=opaque\"><\/iframe><\/div><\/div>[\/vc_column][\/vc_row][vc_row disable_element=\u00bbyes\u00bb][vc_column width=\u00bb2\/3&#8243;][vc_column_text]<\/p>\n<h3>Garlic treatment<\/h3>\n<p>You can use garlic to treat Xanthelasma or even remove it!<\/p>\n<p>Well, there is no evidence to support its efficacy in removing Xanthelasma! However, given that garlic is cheap and available <strong>it is worth a try first!<\/strong> Although there is no evidence that garlic will remove your Xanthelasmas, eating more garlic will lower your cholesterol levels and therefore it is something, that you should maybe do, not matter whether you have Xanthelasma or not.<\/p>\n<p>It has been reported that garlic has been used successfully for <a title=\"Xanthelasma Prevention\" href=\"https:\/\/xanthelasmaremoval.com\/xanthelasma-prevention\/\">Xanthelasma prevention<\/a> after removal but the sources could not be confirmed. Some people in blogs say that you can crush a garlic clove and apply it onto your Xanthelasma for 10 minutes. This supposedly removes the Xanthelasmas over time.\u00a0 This is a cheap remedy, so you can give it a try as see the result for yourself. We have tried it a number of times on our patients and we neither achieved removal nor improvement of the Xanthelasmas. Garlic is healthy and cheap so we advise you to try. But always, remember,\u00a0 mind your eyes!<\/p>\n<p>[\/vc_column_text][\/vc_column][vc_column width=\u00bb1\/3&#8243;][vc_single_image image=\u00bb10151&#8243; img_size=\u00bbfull\u00bb][\/vc_column][\/vc_row][vc_row][vc_column][vc_row_inner][vc_column_inner width=\u00bb2\/3&#8243;][vc_column_text]<\/p>\n<h3><a href=\"https:\/\/xanthelasmaremoval.com\/es\/garlic-solutions\/\">COMER AJO DESVANECE EL XANTELASMA<\/a><\/h3>\n<p>B\u00e1sicamente podr\u00eda no funcionar, la raz\u00f3n es que el ajo reduce los niveles de colesterol, por lo tanto, puede tratar el xantelasma. Pero, como lo demuestra la investigaci\u00f3n, no muchas personas se han beneficiado al comer ajo. Puede comerlo, sin duda, pero no sea demasiado optimista sobre los resultados. Al <a href=\"https:\/\/xanthelasmaremoval.com\/es\/garlic-solutions\/\">aplicar zumo de ajo<\/a> en su xantelasma no va a funcionar, \u00a1as\u00ed que int\u00e9ntelo bajo su propio riesgo![\/vc_column_text][\/vc_column_inner][vc_column_inner width=\u00bb1\/3&#8243;][vc_single_image image=\u00bb10151&#8243; img_size=\u00bbfull\u00bb][\/vc_column_inner][\/vc_row_inner][\/vc_column][\/vc_row][vc_row][vc_column][vc_row_inner][vc_column_inner][vc_column_text]<\/p>\n<h3>PUEDE QUE EL XANTELASMA REGRESE DESPU\u00c9S DE UN TIEMPO<\/h3>\n<p>Es cierto que muchas personas que tuvieron Xantelasma en el pasado, los desarrollaron nuevamente despu\u00e9s de su eliminaci\u00f3n. Esto se debe a que esta afecci\u00f3n no siempre es un resultado de un mal estilo de vida y \/ o una mala dieta, sino que es predominantemente una afecci\u00f3n gen\u00e9tica que hace que ciertas personas sean m\u00e1s propensas a desarrollar Xantelasmas, una y otra vez despu\u00e9s de ser eliminado. Tambi\u00e9n hay individuos que desarrollan xantelasmas debido a su mala dieta y estilo de vida sedentario.<br \/>\n<img loading=\"lazy\" decoding=\"async\" class=\"size-full wp-image-10280 alignright\" src=\"https:\/\/xanthelasmaremoval.com\/wp-content\/uploads\/2019\/02\/Xanthelasma-Pictures-2.jpg\" alt=\"\" width=\"350\" height=\"233\" srcset=\"https:\/\/xanthelasmaremoval.com\/wp-content\/uploads\/2019\/02\/Xanthelasma-Pictures-2.jpg 350w, https:\/\/xanthelasmaremoval.com\/wp-content\/uploads\/2019\/02\/Xanthelasma-Pictures-2-300x200.jpg 300w\" sizes=\"(max-width: 350px) 100vw, 350px\" \/><\/p>\n<p>Para aquellos que han sido afectados por los Xantelasmas predominantemente debido a la gen\u00e9tica, la recurrencia estar\u00e1 fuera de su control. Sin embargo, el tratamiento eficaz, de bajo riesgo y econ\u00f3mico ahora est\u00e1 disponible, por lo tanto, la recurrencia no deber\u00eda preocuparle a nadie.<\/p>\n<p>Para aquellos cuyos Xantelasmas est\u00e1n directamente relacionados con sus l\u00edpidos en el torrente sangu\u00edneo, un estilo de vida saludable y ejercicio regular evitar\u00e1n que los Xantomas se repitan despu\u00e9s de la eliminaci\u00f3n. En algunos casos, tambi\u00e9n se ha demostrado c\u00f3mo esas personas pueden tratar literalmente sus Xantelasmas mejorando la calidad de su dieta y haciendo ejercicio. Entonces, estos son los afortunados que tienen el poder de controlar su afecci\u00f3n y evitar que los Xantelasmas reaparezcan.[\/vc_column_text][\/vc_column_inner][\/vc_row_inner][\/vc_column][\/vc_row][vc_row][vc_column][vc_row_inner][vc_column_inner width=\u00bb2\/3&#8243;][vc_column_text]<\/p>\n<h3><a href=\"https:\/\/xanthelasmaremoval.com\/es\/xanthelasma-and-high-cholesterol\/\">EL XANTELASMA ES UNA CONSECUENCIA DIRECTA DE ALTOS NIVELES DEL COLESTEROL<\/a><\/h3>\n<p>Aunque en cierto punto, los niveles altos de colesterol son una causa importante del xantelasma. Pero recuerde que no es la \u00fanica causa de xantelasma y cerca del 50% de los que padecen xantelasmas no tienen niveles anormales de colesterol. El xantelasma tambi\u00e9n puede deberse a razones gen\u00e9ticas, y algunas personas que desarrollan xantelasma han tenido casos anteriores de desarrollo de xantelasma en sus familias.[\/vc_column_text][\/vc_column_inner][vc_column_inner width=\u00bb1\/3&#8243;][vc_single_image image=\u00bb10691&#8243; img_size=\u00bbfull\u00bb][\/vc_column_inner][\/vc_row_inner][\/vc_column][\/vc_row][vc_row][vc_column][vc_column_text]<\/p>\n<h3>EL XANTELASMA NO PUEDE SER TRATADO NI ELIMINADO<\/h3>\n<p>Este es el m\u00e1s com\u00fan, y casi cualquier persona puede ser escuchada predicando este mensaje. Incluso algunos m\u00e9dicos no evitan decirles a sus pacientes que cubran el xantelasma con maquillaje como una posible soluci\u00f3n a largo plazo para este problema. La base de esta soluci\u00f3n proviene de la creencia de que la eliminaci\u00f3n de Xantelasma conduce a manchas permanentes en la superficie. Esto no es cierto, hay una serie de t\u00e9cnicas m\u00e1s recientes para el tratamiento del xantelasma que pueden ayudar a eliminarlo sin dejar cicatriz alguna, lo que incluye l\u00e1ser y criocirug\u00eda, por nombrar algunas.[\/vc_column_text][\/vc_column][\/vc_row][vc_row][vc_column][vc_column_text]<\/p>\n<h3>Tiene que vivir con los Xantelasmas y cubrirlos con maqullaje de forma permanente<\/h3>\n<p>Esta idea err\u00f3nea de que usted necesita vivir con Xanthelasma y la \u00fanica forma de aliviar la verg\u00fcenza de verse afectado por esta afecci\u00f3n es el maquillaje. Este mito proviene de una recomendaci\u00f3n hecha por un m\u00e9dico en los vergonzosos organismos del programa de televisi\u00f3n del Reino Unido.<\/p>\n<figure id=\"attachment_9980\" aria-describedby=\"caption-attachment-9980\" style=\"width: 299px\" class=\"wp-caption alignright\"><img loading=\"lazy\" decoding=\"async\" class=\"size-full wp-image-9980\" src=\"https:\/\/xanthelasmaremoval.com\/wp-content\/uploads\/2019\/02\/Image-of-xanthelasma.jpg\" alt=\"\" width=\"299\" height=\"217\" \/><figcaption id=\"caption-attachment-9980\" class=\"wp-caption-text\">imagen de placas del xantelasma<\/figcaption><\/figure>\n<p>Este m\u00e9dico sugiri\u00f3 que el paciente joven que se vio gravemente afectado por los Xantelasmas evite el tratamiento y simplemente use maquillaje para cubrir la mancha amarilla como una soluci\u00f3n a largo plazo.\u00a0 Seg\u00fan el m\u00e9dico, cualquier tratamiento habr\u00eda provocado cicatrices posteriores. Afortunadamente, esto no es cierto, ya que hay miles de personas en todo el mundo que han sido tratadas con \u00e9xito sin haber sido marcadas por la eliminaci\u00f3n (utilizando<a href=\"https:\/\/xanthelasmaremoval.com\/es\/xanthelasma-laser-treatment\/\"> l\u00e1ser<\/a>, Hyfrecator, <a href=\"https:\/\/xanthelasmaremoval.com\/es\/xanthremover\/\">XathRemover<\/a> y muchas otras alternativas). Teniendo en cuenta todos los tratamientos disponibles en la actualidad, no es necesario vivir con los Xantelasmas y luchar todos los d\u00edas para ocultarlos, maquill\u00e1ndolos. Los tratamientos que garantizan bajos riesgos de cicatrices y la alta probabilidad de eliminaci\u00f3n exitosa est\u00e1n disponibles. Por lo tanto, el maquillaje solo se puede usar mientras busca el tratamiento adecuado para usted.[\/vc_column_text][\/vc_column][\/vc_row][vc_row][vc_column][vc_column_text]<\/p>\n<h3>La eliminaci\u00f3n del xantelasma cuesta bastante dinero.<\/h3>\n<p>Esto se debe a que el Xantelasma es una afecci\u00f3n que el sector m\u00e9dico ha descuidado durante mucho tiempo. Despu\u00e9s de todo, no es una afecci\u00f3n peligrosa y mantener\u00a0 los Xantelasmas no afectar\u00e1 su salud como tal. Para casi cualquier condici\u00f3n est\u00e9tica, los que tienen m\u00e1s conocimiento sobre el tema son los cirujanos cosm\u00e9ticos. Los especialistas cosm\u00e9ticos no est\u00e1n vendiendo sus servicios a bajo precio. La demanda de sus servicios es casi siempre y casi en cualquier pa\u00eds muy alta, por lo tanto, cotizan precios altos para procedimientos relativamente f\u00e1ciles y sencillos.<br \/>\n<img loading=\"lazy\" decoding=\"async\" class=\"size-full wp-image-11742 alignleft\" src=\"https:\/\/xanthelasmaremoval.com\/wp-content\/uploads\/2019\/07\/us-dollars-banknotes.jpg\" alt=\"\" width=\"410\" height=\"230\" srcset=\"https:\/\/xanthelasmaremoval.com\/wp-content\/uploads\/2019\/07\/us-dollars-banknotes.jpg 410w, https:\/\/xanthelasmaremoval.com\/wp-content\/uploads\/2019\/07\/us-dollars-banknotes-300x168.jpg 300w\" sizes=\"(max-width: 410px) 100vw, 410px\" \/><\/p>\n<p>Como ejemplo, cuando este tipo de tratamiento estaba disponible de forma gratuita en el Reino Unido, el procedimiento principal recomendado al paciente era el tratamiento con \u00c1cido tricloroac\u00e9tico. Este fue un consejo sensato ya que, si se lleva a cabo adecuadamente, el tratamiento de peeling para la eliminaci\u00f3n de xantelasma\u00a0 garantiza la menor probabilidad de cicatrizaci\u00f3n al menor costo posible. Por lo tanto, en el Reino Unido, a miles de individuos se les eliminaron sus Xantelasmas de forma gratuita utilizando peelings en cl\u00ednicas de NHS. Sin embargo, una vez que el problema se pas\u00f3 a los sectores privados, las reglas del juego cambiaron ya que el objetivo del sector privado es obtener la mayor cantidad de ganancias haciendo los menores esfuerzos. Como resultado, muchos pacientes han sido cotizados entre \u00a3 2000 y \u00a3 3000 en el Reino Unido para la eliminaci\u00f3n del xantelasma.<\/p>\n<p>Del mismo modo, en los EE. UU., Muchos pacientes reciben una cotizaci\u00f3n\u00a0 de 5000 USD para eliminar los Xantelasmas con l\u00e1ser. En lugar de optar por el menor costo y el menor riesgo.[\/vc_column_text][\/vc_column][\/vc_row][vc_row][vc_column][vc_column_text]<\/p>\n<h3><a href=\"https:\/\/xanthelasmaremoval.com\/es\/heart-disease-and-xanthelasma\/\">Si padezco xantelasmas \u00bfTengo m\u00e1s probabilidades de morir joven de enfermedades relacionadas con el coraz\u00f3n?<\/a><\/h3>\n<p>Hay una serie de art\u00edculos en Internet que asocian los Xantelasmas con signos tempranos de enfermedades card\u00edacas y cardiovasculares. Algunos de estos art\u00edculos incluso afirman que la vida \u00fatil de los afectados por Xantelasmas es menor que la de la poblaci\u00f3n en general. Supuestamente, esto se debe a que los procesos que conducen a la acumulaci\u00f3n de dep\u00f3sitos de grasa en la epidermis (<a href=\"https:\/\/xanthelasmaremoval.com\/es\/what-is-xanthelasma\/what-is-xanthelasmaxanthelasmas-and-xanthomas\/\">xantomas<\/a>) y los dep\u00f3sitos de grasa dentro de las arterias que causan derrames cerebrales y ataques card\u00edacos.<br \/>\n<img loading=\"lazy\" decoding=\"async\" class=\"size-full wp-image-10947 alignright\" src=\"https:\/\/xanthelasmaremoval.com\/wp-content\/uploads\/2019\/03\/hear-xanthelasma.jpg\" alt=\"\" width=\"250\" height=\"250\" srcset=\"https:\/\/xanthelasmaremoval.com\/wp-content\/uploads\/2019\/03\/hear-xanthelasma.jpg 250w, https:\/\/xanthelasmaremoval.com\/wp-content\/uploads\/2019\/03\/hear-xanthelasma-100x100.jpg 100w, https:\/\/xanthelasmaremoval.com\/wp-content\/uploads\/2019\/03\/hear-xanthelasma-150x150.jpg 150w\" sizes=\"(max-width: 250px) 100vw, 250px\" \/><\/p>\n<p>Creemos que, si tiene xantelasmas y sus niveles de colesterol son normales, no debe preocuparse por las enfermedades del coraz\u00f3n. Siempre es una buena idea realizar actividades f\u00edsicas vigorosas regularmente (como trotar, andar en bicicleta, etc.) Esto se debe a que, hasta la fecha, no hemos podido encontrar un documento de investigaci\u00f3n que respalde estas afirmaciones con datos estad\u00edsticos tangibles. Por lo tanto, no se preocupe por los ataques al coraz\u00f3n, solo mant\u00e9ngase saludable. Los xantelasmas y los ataques card\u00edacos no se han relacionado cient\u00edficamente, pero el estr\u00e9s y la preocupaci\u00f3n se han relacionado cient\u00edficamente con las enfermedades card\u00edacas, as\u00ed que preoc\u00fapese m\u00e1s por esto que la aparici\u00f3n de los xantelasmas.<\/p>\n<p>Por otro lado, si se ve afectado por los Xantelasmas y tiene niveles altos de colesterol, es mejor que cambie su estilo de vida y de dieta. Al reducir sus niveles de colesterol, los Xantelasmas pueden incluso desaparecer y sus posibilidades de desarrollar enfermedades card\u00edacas y derrames cerebrales inevitablemente disminuir\u00e1n.[\/vc_column_text][\/vc_column][\/vc_row][vc_row][vc_column][vc_column_text][\/vc_column_text][\/vc_column][\/vc_row]<\/p>","protected":false},"excerpt":{"rendered":"<p>[vc_row][vc_column][vc_column_text][\/vc_column_text][\/vc_column][\/vc_row][vc_row][vc_column width=\u00bb1\/2&#8243;][\/vc_column][vc_column width=\u00bb1\/2&#8243;][\/vc_column][\/vc_row][vc_row disable_element=\u00bbyes\u00bb][vc_column width=\u00bb2\/3&#8243;][vc_column_text] Garlic treatment You can use garlic to treat Xanthelasma or even remove it! Well, there&#8230;<\/p>\n","protected":false},"author":66,"featured_media":0,"parent":55,"menu_order":3,"comment_status":"closed","ping_status":"closed","template":"","meta":{"footnotes":""},"class_list":["post-71","page","type-page","status-publish","hentry"],"yoast_head":"<!-- This site is optimized with the Yoast SEO plugin v24.3 - https:\/\/yoast.com\/wordpress\/plugins\/seo\/ -->\n<title>Mitos sobre la eliminaci\u00f3n del xantelasma - Xanthelasma Removal<\/title>\n<meta name=\"robots\" content=\"index, follow, max-snippet:-1, max-image-preview:large, max-video-preview:-1\" \/>\n<link rel=\"canonical\" href=\"https:\/\/xanthelasmaremoval.com\/faq-about-xanthelasma-removal\/myths-about-xanthelasma-removal\/\" \/>\n<meta property=\"og:locale\" content=\"es_ES\" \/>\n<meta property=\"og:type\" content=\"article\" \/>\n<meta property=\"og:title\" content=\"[:en]Myths about Xanthelasma Removal[:es]Mitos sobre la eliminaci\u00f3n del xantelasma[:] - Xanthelasma Removal\" \/>\n<meta property=\"og:description\" content=\"[vc_row][vc_column][vc_column_text][\/vc_column_text][\/vc_column][\/vc_row][vc_row][vc_column width=\u00bb1\/2&#8243;][\/vc_column][vc_column width=\u00bb1\/2&#8243;][\/vc_column][\/vc_row][vc_row disable_element=\u00bbyes\u00bb][vc_column width=\u00bb2\/3&#8243;][vc_column_text] Garlic treatment You can use garlic to treat Xanthelasma or even remove it! Well, there...\" \/>\n<meta property=\"og:url\" content=\"https:\/\/xanthelasmaremoval.com\/faq-about-xanthelasma-removal\/myths-about-xanthelasma-removal\/\" \/>\n<meta property=\"og:site_name\" content=\"Xanthelasma Removal\" \/>\n<meta property=\"article:modified_time\" content=\"2025-04-21T14:20:43+00:00\" \/>\n<meta property=\"og:image\" content=\"https:\/\/xanthelasmaremoval.com\/wp-content\/uploads\/2019\/02\/Xanthelasma-Pictures-2.jpg\" \/>\n\t<meta property=\"og:image:width\" content=\"350\" \/>\n\t<meta property=\"og:image:height\" content=\"233\" \/>\n\t<meta property=\"og:image:type\" content=\"image\/jpeg\" \/>\n<meta name=\"twitter:card\" content=\"summary_large_image\" \/>\n<meta name=\"twitter:label1\" content=\"Tiempo de lectura\" \/>\n\t<meta name=\"twitter:data1\" content=\"14 minutos\" \/>\n<script type=\"application\/ld+json\" class=\"yoast-schema-graph\">{\"@context\":\"https:\/\/schema.org\",\"@graph\":[{\"@type\":\"WebPage\",\"@id\":\"https:\/\/xanthelasmaremoval.com\/faq-about-xanthelasma-removal\/myths-about-xanthelasma-removal\/\",\"url\":\"https:\/\/xanthelasmaremoval.com\/faq-about-xanthelasma-removal\/myths-about-xanthelasma-removal\/\",\"name\":\"[:en]Myths about Xanthelasma Removal[:es]Mitos sobre la eliminaci\u00f3n del xantelasma[:] - Xanthelasma Removal\",\"isPartOf\":{\"@id\":\"https:\/\/xanthelasmaremoval.com\/#website\"},\"primaryImageOfPage\":{\"@id\":\"https:\/\/xanthelasmaremoval.com\/faq-about-xanthelasma-removal\/myths-about-xanthelasma-removal\/#primaryimage\"},\"image\":{\"@id\":\"https:\/\/xanthelasmaremoval.com\/faq-about-xanthelasma-removal\/myths-about-xanthelasma-removal\/#primaryimage\"},\"thumbnailUrl\":\"https:\/\/xanthelasmaremoval.com\/wp-content\/uploads\/2019\/02\/Xanthelasma-Pictures-2.jpg\",\"datePublished\":\"2013-04-11T17:08:00+00:00\",\"dateModified\":\"2025-04-21T14:20:43+00:00\",\"breadcrumb\":{\"@id\":\"https:\/\/xanthelasmaremoval.com\/faq-about-xanthelasma-removal\/myths-about-xanthelasma-removal\/#breadcrumb\"},\"inLanguage\":\"es\",\"potentialAction\":[{\"@type\":\"ReadAction\",\"target\":[\"https:\/\/xanthelasmaremoval.com\/faq-about-xanthelasma-removal\/myths-about-xanthelasma-removal\/\"]}]},{\"@type\":\"ImageObject\",\"inLanguage\":\"es\",\"@id\":\"https:\/\/xanthelasmaremoval.com\/faq-about-xanthelasma-removal\/myths-about-xanthelasma-removal\/#primaryimage\",\"url\":\"https:\/\/xanthelasmaremoval.com\/wp-content\/uploads\/2019\/02\/Xanthelasma-Pictures-2.jpg\",\"contentUrl\":\"https:\/\/xanthelasmaremoval.com\/wp-content\/uploads\/2019\/02\/Xanthelasma-Pictures-2.jpg\"},{\"@type\":\"BreadcrumbList\",\"@id\":\"https:\/\/xanthelasmaremoval.com\/faq-about-xanthelasma-removal\/myths-about-xanthelasma-removal\/#breadcrumb\",\"itemListElement\":[{\"@type\":\"ListItem\",\"position\":1,\"name\":\"Home\",\"item\":\"https:\/\/xanthelasmaremoval.com\/\"},{\"@type\":\"ListItem\",\"position\":2,\"name\":\"FAQ about Xanthelasma Removal\",\"item\":\"https:\/\/xanthelasmaremoval.com\/faq-about-xanthelasma-removal\/\"},{\"@type\":\"ListItem\",\"position\":3,\"name\":\"Myths about Xanthelasma Removal\"}]},{\"@type\":\"WebSite\",\"@id\":\"https:\/\/xanthelasmaremoval.com\/#website\",\"url\":\"https:\/\/xanthelasmaremoval.com\/\",\"name\":\"Xanthelasma Removal\",\"description\":\"The Xanthelasma Removal Solutions!\",\"potentialAction\":[{\"@type\":\"SearchAction\",\"target\":{\"@type\":\"EntryPoint\",\"urlTemplate\":\"https:\/\/xanthelasmaremoval.com\/?s={search_term_string}\"},\"query-input\":{\"@type\":\"PropertyValueSpecification\",\"valueRequired\":true,\"valueName\":\"search_term_string\"}}],\"inLanguage\":\"es\"}]}<\/script>\n<!-- \/ Yoast SEO plugin. -->","yoast_head_json":{"title":"[:en]Myths about Xanthelasma Removal[:es]Mitos sobre la eliminaci\u00f3n del xantelasma[:] - Xanthelasma Removal","robots":{"index":"index","follow":"follow","max-snippet":"max-snippet:-1","max-image-preview":"max-image-preview:large","max-video-preview":"max-video-preview:-1"},"canonical":"https:\/\/xanthelasmaremoval.com\/faq-about-xanthelasma-removal\/myths-about-xanthelasma-removal\/","og_locale":"es_ES","og_type":"article","og_title":"[:en]Myths about Xanthelasma Removal[:es]Mitos sobre la eliminaci\u00f3n del xantelasma[:] - Xanthelasma Removal","og_description":"[vc_row][vc_column][vc_column_text][\/vc_column_text][\/vc_column][\/vc_row][vc_row][vc_column width=\u00bb1\/2&#8243;][\/vc_column][vc_column width=\u00bb1\/2&#8243;][\/vc_column][\/vc_row][vc_row disable_element=\u00bbyes\u00bb][vc_column width=\u00bb2\/3&#8243;][vc_column_text] Garlic treatment You can use garlic to treat Xanthelasma or even remove it! Well, there...","og_url":"https:\/\/xanthelasmaremoval.com\/faq-about-xanthelasma-removal\/myths-about-xanthelasma-removal\/","og_site_name":"Xanthelasma Removal","article_modified_time":"2025-04-21T14:20:43+00:00","og_image":[{"width":350,"height":233,"url":"https:\/\/xanthelasmaremoval.com\/wp-content\/uploads\/2019\/02\/Xanthelasma-Pictures-2.jpg","type":"image\/jpeg"}],"twitter_card":"summary_large_image","twitter_misc":{"Tiempo de lectura":"14 minutos"},"schema":{"@context":"https:\/\/schema.org","@graph":[{"@type":"WebPage","@id":"https:\/\/xanthelasmaremoval.com\/faq-about-xanthelasma-removal\/myths-about-xanthelasma-removal\/","url":"https:\/\/xanthelasmaremoval.com\/faq-about-xanthelasma-removal\/myths-about-xanthelasma-removal\/","name":"[:en]Myths about Xanthelasma Removal[:es]Mitos sobre la eliminaci\u00f3n del xantelasma[:] - Xanthelasma Removal","isPartOf":{"@id":"https:\/\/xanthelasmaremoval.com\/#website"},"primaryImageOfPage":{"@id":"https:\/\/xanthelasmaremoval.com\/faq-about-xanthelasma-removal\/myths-about-xanthelasma-removal\/#primaryimage"},"image":{"@id":"https:\/\/xanthelasmaremoval.com\/faq-about-xanthelasma-removal\/myths-about-xanthelasma-removal\/#primaryimage"},"thumbnailUrl":"https:\/\/xanthelasmaremoval.com\/wp-content\/uploads\/2019\/02\/Xanthelasma-Pictures-2.jpg","datePublished":"2013-04-11T17:08:00+00:00","dateModified":"2025-04-21T14:20:43+00:00","breadcrumb":{"@id":"https:\/\/xanthelasmaremoval.com\/faq-about-xanthelasma-removal\/myths-about-xanthelasma-removal\/#breadcrumb"},"inLanguage":"es","potentialAction":[{"@type":"ReadAction","target":["https:\/\/xanthelasmaremoval.com\/faq-about-xanthelasma-removal\/myths-about-xanthelasma-removal\/"]}]},{"@type":"ImageObject","inLanguage":"es","@id":"https:\/\/xanthelasmaremoval.com\/faq-about-xanthelasma-removal\/myths-about-xanthelasma-removal\/#primaryimage","url":"https:\/\/xanthelasmaremoval.com\/wp-content\/uploads\/2019\/02\/Xanthelasma-Pictures-2.jpg","contentUrl":"https:\/\/xanthelasmaremoval.com\/wp-content\/uploads\/2019\/02\/Xanthelasma-Pictures-2.jpg"},{"@type":"BreadcrumbList","@id":"https:\/\/xanthelasmaremoval.com\/faq-about-xanthelasma-removal\/myths-about-xanthelasma-removal\/#breadcrumb","itemListElement":[{"@type":"ListItem","position":1,"name":"Home","item":"https:\/\/xanthelasmaremoval.com\/"},{"@type":"ListItem","position":2,"name":"FAQ about Xanthelasma Removal","item":"https:\/\/xanthelasmaremoval.com\/faq-about-xanthelasma-removal\/"},{"@type":"ListItem","position":3,"name":"Myths about Xanthelasma Removal"}]},{"@type":"WebSite","@id":"https:\/\/xanthelasmaremoval.com\/#website","url":"https:\/\/xanthelasmaremoval.com\/","name":"Xanthelasma Removal","description":"The Xanthelasma Removal Solutions!","potentialAction":[{"@type":"SearchAction","target":{"@type":"EntryPoint","urlTemplate":"https:\/\/xanthelasmaremoval.com\/?s={search_term_string}"},"query-input":{"@type":"PropertyValueSpecification","valueRequired":true,"valueName":"search_term_string"}}],"inLanguage":"es"}]}},"_links":{"self":[{"href":"https:\/\/xanthelasmaremoval.com\/es\/wp-json\/wp\/v2\/pages\/71"}],"collection":[{"href":"https:\/\/xanthelasmaremoval.com\/es\/wp-json\/wp\/v2\/pages"}],"about":[{"href":"https:\/\/xanthelasmaremoval.com\/es\/wp-json\/wp\/v2\/types\/page"}],"author":[{"embeddable":true,"href":"https:\/\/xanthelasmaremoval.com\/es\/wp-json\/wp\/v2\/users\/66"}],"replies":[{"embeddable":true,"href":"https:\/\/xanthelasmaremoval.com\/es\/wp-json\/wp\/v2\/comments?post=71"}],"version-history":[{"count":96,"href":"https:\/\/xanthelasmaremoval.com\/es\/wp-json\/wp\/v2\/pages\/71\/revisions"}],"predecessor-version":[{"id":19068,"href":"https:\/\/xanthelasmaremoval.com\/es\/wp-json\/wp\/v2\/pages\/71\/revisions\/19068"}],"up":[{"embeddable":true,"href":"https:\/\/xanthelasmaremoval.com\/es\/wp-json\/wp\/v2\/pages\/55"}],"wp:attachment":[{"href":"https:\/\/xanthelasmaremoval.com\/es\/wp-json\/wp\/v2\/media?parent=71"}],"curies":[{"name":"wp","href":"https:\/\/api.w.org\/{rel}","templated":true}]}}