{"id":9731,"date":"2019-02-11T08:52:57","date_gmt":"2019-02-11T08:52:57","guid":{"rendered":"https:\/\/xanthelasmaremoval.com\/?page_id=9731"},"modified":"2024-01-24T12:08:33","modified_gmt":"2024-01-24T12:08:33","slug":"contact","status":"publish","type":"page","link":"https:\/\/xanthelasmaremoval.com\/es\/contact\/","title":{"rendered":"Cont\u00e1ctenos"},"content":{"rendered":"<p>[vc_row][vc_column][vc_column_text][\/vc_column_text][\/vc_column][\/vc_row][vc_row][vc_column][vc_single_image image=\u00bb12726&#8243; img_size=\u00bbfull\u00bb alignment=\u00bbcenter\u00bb][\/vc_column][\/vc_row][vc_row css=\u00bb.vc_custom_1549879180924{margin-top: 15px !important;}\u00bb][vc_column width=\u00bb1\/2&#8243;][vc_widget_sidebar sidebar_id=\u00bbshop-widget-area\u00bb][vc_column_text]\u00a1Nos encantar\u00eda saber de usted!<br \/>\nLl\u00e1menos: 0044 (0) 115 888 3318 las llamadas pueden ser grabadas. Si no est\u00e1 disponible, deje un mensaje y le devolveremos la llamada.<br \/>\nWhatsapp +44 7830 885825<br \/>\nSkype: \u201candreasitl\u201d[\/vc_column_text][\/vc_column][vc_column width=\u00bb1\/2&#8243;][vc_column_text]<\/p>\n<h3>ENV\u00cdENOS UN MENSAJE<\/h3>\n<p>[\/vc_column_text]<div class=\"clearboth\"><\/div><div class=\"sc-divider\" style=\"margin-bottom: 27px;\"><\/div>[\/vc_column][\/vc_row][vc_row][vc_column][vc_column_text]Antes de enviarnos fotos, lea los t\u00e9rminos y condiciones con respecto a las fotos que nos env\u00eda haciendo clic aqu\u00ed.<\/p>\n<p>Env\u00edenos un correo electr\u00f3nico a: info@xanthelasmaremoval.com<\/p>\n<p>Para m\u00e1s informaci\u00f3n, no dude en contactarnos. Adjunte un m\u00ednimo de 8 fotos diferentes en su correo electr\u00f3nico antes de contactarnos para recibir asesoramiento.<\/p>\n<p>Registro mercantil del proveedor:<\/p>\n<p>Areton Limited<br \/>\n6 Colwick Road, Nottingham<br \/>\nReino Unido<\/p>\n<p>Tenga en cuenta que este sitio web es principalmente un negocio basado en Internet y nos gustar\u00eda recibir al p\u00fablico solo con cita previa. Por lo tanto, si desea reunirse con nosotros, le agradecer\u00edamos que hiciera una cita primero.<\/p>\n<p>Para comprar XanthRemover Haga clic aqu\u00ed[\/vc_column_text][\/vc_column][\/vc_row][vc_row][vc_column width=\u00bb1\/6&#8243;][\/vc_column][vc_column width=\u00bb2\/3&#8243;][vc_column_text]<\/p>\n<p><iframe loading=\"lazy\" style=\"border: 0;\" src=\"https:\/\/www.google.com\/maps\/embed?pb=!1m18!1m12!1m3!1d2403.9377854084482!2d-1.1297173841764565!3d52.949542479897815!2m3!1f0!2f0!3f0!3m2!1i1024!2i768!4f13.1!3m3!1m2!1s0x4879c3de8144cbc5%3A0x1ff7690a1912424a!2s6+Colwick+Rd%2C+Nottingham+NG2+4BU%2C+UK!5e0!3m2!1sen!2sin!4v1551193773838\" width=\"1066\" height=\"300\" frameborder=\"0\" allowfullscreen=\"allowfullscreen\"><\/iframe><\/p>\n<p>[\/vc_column_text][\/vc_column][vc_column width=\u00bb1\/6&#8243;][\/vc_column][\/vc_row][vc_row][vc_column][vc_column_text][\/vc_column_text][\/vc_column][\/vc_row]<\/p>","protected":false},"excerpt":{"rendered":"<p>[vc_row][vc_column][vc_column_text][\/vc_column_text][\/vc_column][\/vc_row][vc_row][vc_column][vc_single_image image=\u00bb12726&#8243; img_size=\u00bbfull\u00bb alignment=\u00bbcenter\u00bb][\/vc_column][\/vc_row][vc_row css=\u00bb.vc_custom_1549879180924{margin-top: 15px !important;}\u00bb][vc_column width=\u00bb1\/2&#8243;][vc_widget_sidebar sidebar_id=\u00bbshop-widget-area\u00bb][vc_column_text]\u00a1Nos encantar\u00eda saber de usted! Ll\u00e1menos: 0044 (0) 115 888 3318 las&#8230;<\/p>\n","protected":false},"author":66,"featured_media":0,"parent":0,"menu_order":0,"comment_status":"closed","ping_status":"closed","template":"","meta":{"footnotes":""},"class_list":["post-9731","page","type-page","status-publish","hentry"],"yoast_head":"<!-- This site is optimized with the Yoast SEO plugin v24.3 - https:\/\/yoast.com\/wordpress\/plugins\/seo\/ -->\n<title>Cont\u00e1ctenos - Xanthelasma Removal<\/title>\n<meta name=\"robots\" content=\"index, follow, max-snippet:-1, max-image-preview:large, max-video-preview:-1\" \/>\n<link rel=\"canonical\" href=\"https:\/\/xanthelasmaremoval.com\/contact\/\" \/>\n<meta property=\"og:locale\" content=\"es_ES\" \/>\n<meta property=\"og:type\" content=\"article\" \/>\n<meta property=\"og:title\" content=\"[:en]Contact Us[:es]Cont\u00e1ctenos[:] - Xanthelasma Removal\" \/>\n<meta property=\"og:description\" content=\"[vc_row][vc_column][vc_column_text][\/vc_column_text][\/vc_column][\/vc_row][vc_row][vc_column][vc_single_image image=\u00bb12726&#8243; img_size=\u00bbfull\u00bb alignment=\u00bbcenter\u00bb][\/vc_column][\/vc_row][vc_row css=\u00bb.vc_custom_1549879180924{margin-top: 15px !important;}\u00bb][vc_column width=\u00bb1\/2&#8243;][vc_widget_sidebar sidebar_id=\u00bbshop-widget-area\u00bb][vc_column_text]\u00a1Nos encantar\u00eda saber de usted! Ll\u00e1menos: 0044 (0) 115 888 3318 las...\" \/>\n<meta property=\"og:url\" content=\"https:\/\/xanthelasmaremoval.com\/contact\/\" \/>\n<meta property=\"og:site_name\" content=\"Xanthelasma Removal\" \/>\n<meta property=\"article:modified_time\" content=\"2024-01-24T12:08:33+00:00\" \/>\n<meta name=\"twitter:card\" content=\"summary_large_image\" \/>\n<meta name=\"twitter:label1\" content=\"Tiempo de lectura\" \/>\n\t<meta name=\"twitter:data1\" content=\"2 minutos\" \/>\n<script type=\"application\/ld+json\" class=\"yoast-schema-graph\">{\"@context\":\"https:\/\/schema.org\",\"@graph\":[{\"@type\":\"WebPage\",\"@id\":\"https:\/\/xanthelasmaremoval.com\/contact\/\",\"url\":\"https:\/\/xanthelasmaremoval.com\/contact\/\",\"name\":\"[:en]Contact Us[:es]Cont\u00e1ctenos[:] - Xanthelasma Removal\",\"isPartOf\":{\"@id\":\"https:\/\/xanthelasmaremoval.com\/#website\"},\"datePublished\":\"2019-02-11T08:52:57+00:00\",\"dateModified\":\"2024-01-24T12:08:33+00:00\",\"breadcrumb\":{\"@id\":\"https:\/\/xanthelasmaremoval.com\/contact\/#breadcrumb\"},\"inLanguage\":\"es\",\"potentialAction\":[{\"@type\":\"ReadAction\",\"target\":[\"https:\/\/xanthelasmaremoval.com\/contact\/\"]}]},{\"@type\":\"BreadcrumbList\",\"@id\":\"https:\/\/xanthelasmaremoval.com\/contact\/#breadcrumb\",\"itemListElement\":[{\"@type\":\"ListItem\",\"position\":1,\"name\":\"Home\",\"item\":\"https:\/\/xanthelasmaremoval.com\/\"},{\"@type\":\"ListItem\",\"position\":2,\"name\":\"Contact Us\"}]},{\"@type\":\"WebSite\",\"@id\":\"https:\/\/xanthelasmaremoval.com\/#website\",\"url\":\"https:\/\/xanthelasmaremoval.com\/\",\"name\":\"Xanthelasma Removal\",\"description\":\"The Xanthelasma Removal Solutions!\",\"potentialAction\":[{\"@type\":\"SearchAction\",\"target\":{\"@type\":\"EntryPoint\",\"urlTemplate\":\"https:\/\/xanthelasmaremoval.com\/?s={search_term_string}\"},\"query-input\":{\"@type\":\"PropertyValueSpecification\",\"valueRequired\":true,\"valueName\":\"search_term_string\"}}],\"inLanguage\":\"es\"}]}<\/script>\n<!-- \/ Yoast SEO plugin. -->","yoast_head_json":{"title":"[:en]Contact Us[:es]Cont\u00e1ctenos[:] - Xanthelasma Removal","robots":{"index":"index","follow":"follow","max-snippet":"max-snippet:-1","max-image-preview":"max-image-preview:large","max-video-preview":"max-video-preview:-1"},"canonical":"https:\/\/xanthelasmaremoval.com\/contact\/","og_locale":"es_ES","og_type":"article","og_title":"[:en]Contact Us[:es]Cont\u00e1ctenos[:] - Xanthelasma Removal","og_description":"[vc_row][vc_column][vc_column_text][\/vc_column_text][\/vc_column][\/vc_row][vc_row][vc_column][vc_single_image image=\u00bb12726&#8243; img_size=\u00bbfull\u00bb alignment=\u00bbcenter\u00bb][\/vc_column][\/vc_row][vc_row css=\u00bb.vc_custom_1549879180924{margin-top: 15px !important;}\u00bb][vc_column width=\u00bb1\/2&#8243;][vc_widget_sidebar sidebar_id=\u00bbshop-widget-area\u00bb][vc_column_text]\u00a1Nos encantar\u00eda saber de usted! Ll\u00e1menos: 0044 (0) 115 888 3318 las...","og_url":"https:\/\/xanthelasmaremoval.com\/contact\/","og_site_name":"Xanthelasma Removal","article_modified_time":"2024-01-24T12:08:33+00:00","twitter_card":"summary_large_image","twitter_misc":{"Tiempo de lectura":"2 minutos"},"schema":{"@context":"https:\/\/schema.org","@graph":[{"@type":"WebPage","@id":"https:\/\/xanthelasmaremoval.com\/contact\/","url":"https:\/\/xanthelasmaremoval.com\/contact\/","name":"[:en]Contact Us[:es]Cont\u00e1ctenos[:] - Xanthelasma Removal","isPartOf":{"@id":"https:\/\/xanthelasmaremoval.com\/#website"},"datePublished":"2019-02-11T08:52:57+00:00","dateModified":"2024-01-24T12:08:33+00:00","breadcrumb":{"@id":"https:\/\/xanthelasmaremoval.com\/contact\/#breadcrumb"},"inLanguage":"es","potentialAction":[{"@type":"ReadAction","target":["https:\/\/xanthelasmaremoval.com\/contact\/"]}]},{"@type":"BreadcrumbList","@id":"https:\/\/xanthelasmaremoval.com\/contact\/#breadcrumb","itemListElement":[{"@type":"ListItem","position":1,"name":"Home","item":"https:\/\/xanthelasmaremoval.com\/"},{"@type":"ListItem","position":2,"name":"Contact Us"}]},{"@type":"WebSite","@id":"https:\/\/xanthelasmaremoval.com\/#website","url":"https:\/\/xanthelasmaremoval.com\/","name":"Xanthelasma Removal","description":"The Xanthelasma Removal Solutions!","potentialAction":[{"@type":"SearchAction","target":{"@type":"EntryPoint","urlTemplate":"https:\/\/xanthelasmaremoval.com\/?s={search_term_string}"},"query-input":{"@type":"PropertyValueSpecification","valueRequired":true,"valueName":"search_term_string"}}],"inLanguage":"es"}]}},"_links":{"self":[{"href":"https:\/\/xanthelasmaremoval.com\/es\/wp-json\/wp\/v2\/pages\/9731"}],"collection":[{"href":"https:\/\/xanthelasmaremoval.com\/es\/wp-json\/wp\/v2\/pages"}],"about":[{"href":"https:\/\/xanthelasmaremoval.com\/es\/wp-json\/wp\/v2\/types\/page"}],"author":[{"embeddable":true,"href":"https:\/\/xanthelasmaremoval.com\/es\/wp-json\/wp\/v2\/users\/66"}],"replies":[{"embeddable":true,"href":"https:\/\/xanthelasmaremoval.com\/es\/wp-json\/wp\/v2\/comments?post=9731"}],"version-history":[{"count":24,"href":"https:\/\/xanthelasmaremoval.com\/es\/wp-json\/wp\/v2\/pages\/9731\/revisions"}],"predecessor-version":[{"id":14578,"href":"https:\/\/xanthelasmaremoval.com\/es\/wp-json\/wp\/v2\/pages\/9731\/revisions\/14578"}],"wp:attachment":[{"href":"https:\/\/xanthelasmaremoval.com\/es\/wp-json\/wp\/v2\/media?parent=9731"}],"curies":[{"name":"wp","href":"https:\/\/api.w.org\/{rel}","templated":true}]}}