{"id":9770,"date":"2019-02-12T13:36:42","date_gmt":"2019-02-12T13:36:42","guid":{"rendered":"https:\/\/xanthelasmaremoval.com\/?page_id=9770"},"modified":"2021-09-14T08:30:13","modified_gmt":"2021-09-14T08:30:13","slug":"xanthelasma-electrolysis","status":"publish","type":"page","link":"https:\/\/xanthelasmaremoval.com\/es\/xanthelasma-electrolysis\/","title":{"rendered":"La Eliminaci\u00f3n del Xantelasma con electr\u00f3lisis"},"content":{"rendered":"<p>[vc_row][vc_column]<blockquote><p>La electr\u00f3lisis puede ser un tratamiento eficaz, donde reduce las cicatrices y las depilaciones del vello p\u00fabico. Tambi\u00e9n es un tratamiento efectivo para quitar los xantelasmas. El m\u00e9todo de eliminaci\u00f3n por medio de electr\u00f3lisis es similar a la eliminaci\u00f3n del xantelasma con l\u00e1ser, es un poco f\u00e1cil de realizar y tambi\u00e9n menos peligroso que el tratamiento con l\u00e1ser.<\/p><\/blockquote>[\/vc_column][\/vc_row][vc_row][vc_column]<div class=\"sc-textbox rounded-corners\"  style=\"\"><div class=\"sc-textbox-content\" style=\"background-color: #f1f5f8;background-position: center top;\"><div class=\"sc-icon-with-text sc-icon-with-text-icon-size-medium\"><div class=\"sc-icon-with-text-icon\"><div class=\"sc-icon sc-icon-size-medium  sc-icon-shape-circle\" style=\"background-color: #598bac;border: 2px solid #598bac;\"><span class=\"sc-icon-half-1\" style=\"color: #ffffff;\"><span class=\"back-angle\">&#xe646;<\/span><\/span><span class=\"sc-icon-half-2\" style=\"color: #ffffff;\"><span class=\"back-angle\">&#xe646;<\/span><\/span><\/div><\/div><div class=\"sc-icon-with-text-content\"><div class=\"sc-icon-with-text-text\">[vc_column_text]<\/p>\n<h2>\u00bfQu\u00e9 es la electrolisis desde el punto de vista qu\u00edmico?<\/h2>\n<p>[\/vc_column_text]<\/div><\/div><div class=\"clearboth\"><\/div><\/div><\/div><\/div>[\/vc_column][\/vc_row][vc_row][vc_column][vc_row_inner][vc_column_inner][vc_column_text]La electr\u00f3lisis es la descomposici\u00f3n qu\u00edmica producida al pasar una corriente el\u00e9ctrica a trav\u00e9s de un l\u00edquido o soluci\u00f3n que contiene iones. Se puede utilizar en la remoci\u00f3n de las ra\u00edces del vello p\u00fabico mediante la aplicaci\u00f3n de calor utilizando una corriente el\u00e9ctrica.<\/p>\n<p>La electr\u00f3lisis se puede utilizar para eliminar el vello p\u00fabico individual de la cara o del cuerpo. Los dispositivos m\u00e9dicos con electr\u00f3lisis, hoy en d\u00eda, destruyen el centro del crecimiento del vello p\u00fabico con energ\u00eda qu\u00edmica o t\u00e9rmica.[\/vc_column_text][\/vc_column_inner][\/vc_row_inner][vc_row_inner][vc_column_inner width=\u00bb2\/3&#8243;][vc_column_text]<\/p>\n<h2>Diferentes tipos de electr\u00f3lisis<\/h2>\n<p><strong>Electr\u00f3lisis Galv\u00e1nica<\/strong><\/p>\n<p>Este tipo de electr\u00f3lisis usa una reacci\u00f3n qu\u00edmica para desvanecer el vello p\u00fabico, provocada por la corriente el\u00e9ctrica directa. La aguja se inserta en el fol\u00edculo piloso y se administra una peque\u00f1a carga el\u00e9ctrica. Este m\u00e9todo se utiliza una corriente continua (CC) de electricidad, cuando se inserta la aguja, la electricidad que baja por la misma hace que la sal y la agua en la piel se alteren qu\u00edmicamente. La combinaci\u00f3n de sal, agua y electricidad produce una peque\u00f1a cantidad de hidr\u00f3xido de sodio. Si se produce lo suficiente, esta soluci\u00f3n puede da\u00f1ar efectivamente las c\u00e9lulas que causan el crecimiento del vello p\u00fabico.[\/vc_column_text][\/vc_column_inner][vc_column_inner width=\u00bb1\/3&#8243;][vc_single_image image=\u00bb11924&#8243; img_size=\u00bbfull\u00bb][\/vc_column_inner][\/vc_row_inner][vc_column_text]<strong>Term\u00f3lisis<\/strong><\/p>\n<p>Se realiza de una manera muy similar a la electr\u00f3lisis galv\u00e1nica, pero en lugar de una corriente el\u00e9ctrica, la aguja suministra energ\u00eda de radio, a una frecuencia alta designada. El m\u00e9todo de term\u00f3lisis, tambi\u00e9n conocido como onda corta, funciona utilizando una corriente alterna (CA) de electricidad. Esta corriente hace que las mol\u00e9culas de agua en la piel alrededor de la aguja vibren generando calor. Si se crea suficiente calor, puede da\u00f1ar las c\u00e9lulas que causan el crecimiento del vello p\u00fabico<\/p>\n<p>La mezcla de electr\u00f3lisis, tambi\u00e9n llamada m\u00e9todo de doble acci\u00f3n, es la combinaci\u00f3n y el uso simult\u00e1neo de t\u00e9cnicas galv\u00e1nicas y de term\u00f3lisis. Este m\u00e9todo de combinaci\u00f3n alivia las deficiencias de cada una de las t\u00e9cnicas individuales, al tiempo que refuerza sus ventajas.<\/p>\n<p>Este m\u00e9todo de mezcla, combina el procedimiento de onda corta y galv\u00e1nica. Durante este proceso, se crea hidr\u00f3xido de sodio y luego se calienta a base de electricidad. Este calor y la soluci\u00f3n qu\u00edmica, destruye el tejido capilar.<\/p>\n<p>La electr\u00f3lisis es muy efectiva para la depilaci\u00f3n, <strong>pero se queda corta con la eliminaci\u00f3n del xantelasma.<\/strong>[\/vc_column_text][\/vc_column][\/vc_row][vc_row][vc_column]<div class=\"sc-textbox rounded-corners\"  style=\"\"><div class=\"sc-textbox-content\" style=\"background-color: #f1f5f8;background-position: center top;\"><div class=\"sc-icon-with-text sc-icon-with-text-icon-size-medium\"><div class=\"sc-icon-with-text-icon\"><div class=\"sc-icon sc-icon-size-medium  sc-icon-shape-circle\" style=\"background-color: #598bac;border: 2px solid #598bac;\"><span class=\"sc-icon-half-1\" style=\"color: #ffffff;\"><span class=\"back-angle\">&#xe646;<\/span><\/span><span class=\"sc-icon-half-2\" style=\"color: #ffffff;\"><span class=\"back-angle\">&#xe646;<\/span><\/span><\/div><\/div><div class=\"sc-icon-with-text-content\"><div class=\"sc-icon-with-text-text\">[vc_column_text]<\/p>\n<h2>Efectos secundarios<\/h2>\n<p>[\/vc_column_text]<\/div><\/div><div class=\"clearboth\"><\/div><\/div><\/div><\/div>[vc_row_inner][vc_column_inner width=\u00bb1\/2&#8243;]<\/p>\n<div class=\"sc-list sc-list-type-arrow\">\n<ul>\n<li>Ampollas<\/li>\n<li>Inflamaci\u00f3n<\/li>\n<li>Hinchaz\u00f3n<\/li>\n<li>Irritacion<\/li>\n<li>Cambios de pigmentaci\u00f3n (generalmente manchas claras en la piel oscura)<\/li>\n<li>Enrojecimiento<\/li>\n<\/ul>\n<\/div>\n<p>[\/vc_column_inner][vc_column_inner width=\u00bb1\/2&#8243;][vc_single_image image=\u00bb11140&#8243; img_size=\u00bb570*360&#8243;][\/vc_column_inner][\/vc_row_inner][\/vc_column][\/vc_row][vc_row][vc_column]<div class=\"sc-textbox rounded-corners\"  style=\"\"><div class=\"sc-textbox-content\" style=\"background-color: #f1f5f8;background-position: center top;\"><div class=\"sc-icon-with-text sc-icon-with-text-icon-size-medium\"><div class=\"sc-icon-with-text-icon\"><div class=\"sc-icon sc-icon-size-medium  sc-icon-shape-circle\" style=\"background-color: #598bac;border: 2px solid #598bac;\"><span class=\"sc-icon-half-1\" style=\"color: #ffffff;\"><span class=\"back-angle\">&#xe646;<\/span><\/span><span class=\"sc-icon-half-2\" style=\"color: #ffffff;\"><span class=\"back-angle\">&#xe646;<\/span><\/span><\/div><\/div><div class=\"sc-icon-with-text-content\"><div class=\"sc-icon-with-text-text\">[vc_column_text]<\/p>\n<h2>\u00bfEs efectiva la electr\u00f3lisis para la eliminaci\u00f3n del xantelasma?<\/h2>\n<p>[\/vc_column_text]<\/div><\/div><div class=\"clearboth\"><\/div><\/div><\/div><\/div>[\/vc_column][\/vc_row][vc_row][vc_column][vc_column_text]La electr\u00f3lisis puede ser un posible tratamiento de eliminaci\u00f3n del xantelasma, es una soluci\u00f3n realmente efectiva que puede eliminarlo.<\/p>\n<p>Para utilizar la electr\u00f3lisis para el tratamiento del Xantelasma, un profesional inserta una aguja en el p\u00e1rpado y luego la calienta, repitiendo este proceso hasta 15 minutos. En este punto, el aspecto cauterizador del tratamiento hace que la placa parezca arrugada y quemada. Si bien puede parecer que se est\u00e1 eliminando el Xantelasma, pero no desaparecer\u00e1 tan f\u00e1cilmente.<\/p>\n<p><strong>Los resultados del tratamiento del xantelasma con electr\u00f3lisis pueden ser prometedores. Puede ser un tratamiento efectivo para eliminar los xantelasmas.<\/strong>[\/vc_column_text][\/vc_column][\/vc_row][vc_row][vc_column]<div class=\"sc-textbox rounded-corners\"  style=\"\"><div class=\"sc-textbox-content\" style=\"background-color: #f1f5f8;background-position: center top;\"><div class=\"sc-icon-with-text sc-icon-with-text-icon-size-medium\"><div class=\"sc-icon-with-text-icon\"><div class=\"sc-icon sc-icon-size-medium  sc-icon-shape-circle\" style=\"background-color: #90ba8f;border: 2px solid #90ba8f;\"><span class=\"sc-icon-half-1\" style=\"color: #ffffff;\"><span class=\"back-angle\">&#xe661;<\/span><\/span><span class=\"sc-icon-half-2\" style=\"color: #ffffff;\"><span class=\"back-angle\">&#xe661;<\/span><\/span><\/div><\/div><div class=\"sc-icon-with-text-content\"><div class=\"sc-icon-with-text-text\">[vc_column_text]<\/p>\n<h4>El XanthRemover, mejor que cualquier otro producto \u00abC\u00f3mprelo ahora para eliminar su xantelasma\u00bb<\/h4>\n<p>[\/vc_column_text]<\/div><\/div><div class=\"clearboth\"><\/div><\/div><\/div><\/div>[\/vc_column][\/vc_row][vc_row][vc_column width=\u00bb1\/2&#8243;]<\/p>\n<div class=\"pricing-table row inline-row inline-row-center pricing-table-style-1 button-icon-cart\">\n<div class=\"pricing-column-wrapper col-md-3 col-sm-4 col-xs-6 inline-column highlighted\">\n<div class=\"pricing-column\">\n<div class=\"pricing-title-wrapper\">\n<div class=\"pricing-title\">\n<div class=\"title-h3\">Orden normal<\/div>\n<div class=\"subtitle\">El mejor plan de precio \/ cantidad<\/div>\n<\/div>\n<div class=\"pricing-column-top-choice\">\n<div class=\"pricing-column-top-choice-text\">NUEVO<\/div>\n<\/div>\n<\/div>\n<div class=\"pricing-price-row\" >\n<div class=\"pricing-price\" style=\"font-size: 57px;color: #705b96;\">\n<div class=\"pricing-cost\">$13<\/div>\n<p><span class=\"time\">Por orden<\/span><\/div>\n<\/div>\n<div class=\"pricing-row  strike\">Con garant\u00eda de devoluci\u00f3n de dinero<\/div>\n<div class=\"pricing-row \">Incluye el env\u00edo a TODO EL MUNDO<\/div>\n<div class=\"pricing-row \">30ml de XanthRemover Gel<\/div>\n<div class=\"pricing-row \">Nuestro servicio completo de soporte en l\u00ednea<\/div>\n<div class=\"pricing-footer\"><a href=\"https:\/\/xanthelasmaremoval.com\/product\/xanth-remover-without-money-back-guarantee\/\" class=\"sc-button\">Ordene ya<\/a><\/div>\n<\/div>\n<\/div>\n<\/div>\n<p>[\/vc_column][vc_column width=\u00bb1\/2&#8243;]<\/p>\n<div class=\"pricing-table row inline-row inline-row-center pricing-table-style-1 button-icon-cart\">\n<div class=\"pricing-column-wrapper col-md-3 col-sm-4 col-xs-6 inline-column highlighted\">\n<div class=\"pricing-column\">\n<div class=\"pricing-title-wrapper\">\n<div class=\"pricing-title\">\n<div class=\"title-h3\">Plan avanzado<\/div>\n<div class=\"subtitle\">El mejor plan de precio \/ cantidad<\/div>\n<\/div>\n<div class=\"pricing-column-top-choice\">\n<div class=\"pricing-column-top-choice-text\">NUEVO<\/div>\n<\/div>\n<\/div>\n<div class=\"pricing-price-row\" >\n<div class=\"pricing-price\" style=\"font-size: 57px;color: #705b96;\">\n<div class=\"pricing-cost\">$39<\/div>\n<p><span class=\"time\">Por orden<\/span><\/div>\n<\/div>\n<div class=\"pricing-row \">Con garant\u00eda de devoluci\u00f3n de dinero<\/div>\n<div class=\"pricing-row \">Incluye env\u00edo a TODO EL MUNDO.<\/div>\n<div class=\"pricing-row \">30ml de XanthRemover Gel<\/div>\n<div class=\"pricing-row \">Nuestro servicio completo de soporte en l\u00ednea<\/div>\n<div class=\"pricing-footer\"><a href=\"https:\/\/xanthelasmaremoval.com\/product\/xanthe-remover\/\" class=\"sc-button\">Ordene ya.<\/a><\/div>\n<\/div>\n<\/div>\n<\/div>\n<p>[\/vc_column][\/vc_row]<\/p>","protected":false},"excerpt":{"rendered":"<p>[vc_row][vc_column][\/vc_column][\/vc_row][vc_row][vc_column][\/vc_column][\/vc_row][vc_row][vc_column][vc_row_inner][vc_column_inner][vc_column_text]La electr\u00f3lisis es la descomposici\u00f3n qu\u00edmica producida al pasar una corriente el\u00e9ctrica a trav\u00e9s de un l\u00edquido o soluci\u00f3n que&#8230;<\/p>\n","protected":false},"author":66,"featured_media":0,"parent":0,"menu_order":0,"comment_status":"closed","ping_status":"closed","template":"","meta":{"footnotes":""},"class_list":["post-9770","page","type-page","status-publish","hentry"],"yoast_head":"<!-- This site is optimized with the Yoast SEO plugin v24.3 - https:\/\/yoast.com\/wordpress\/plugins\/seo\/ -->\n<title>La Eliminaci\u00f3n del Xantelasma con electr\u00f3lisis - Xanthelasma Removal<\/title>\n<meta name=\"robots\" content=\"index, follow, max-snippet:-1, max-image-preview:large, max-video-preview:-1\" \/>\n<link rel=\"canonical\" href=\"https:\/\/xanthelasmaremoval.com\/xanthelasma-electrolysis\/\" \/>\n<meta property=\"og:locale\" content=\"es_ES\" \/>\n<meta property=\"og:type\" content=\"article\" \/>\n<meta property=\"og:title\" content=\"[:en]Xanthelasma Electrolysis[:es]La Eliminaci\u00f3n del Xantelasma con electr\u00f3lisis[:] - Xanthelasma Removal\" \/>\n<meta property=\"og:description\" content=\"[vc_row][vc_column][\/vc_column][\/vc_row][vc_row][vc_column][\/vc_column][\/vc_row][vc_row][vc_column][vc_row_inner][vc_column_inner][vc_column_text]La electr\u00f3lisis es la descomposici\u00f3n qu\u00edmica producida al pasar una corriente el\u00e9ctrica a trav\u00e9s de un l\u00edquido o soluci\u00f3n que...\" \/>\n<meta property=\"og:url\" content=\"https:\/\/xanthelasmaremoval.com\/xanthelasma-electrolysis\/\" \/>\n<meta property=\"og:site_name\" content=\"Xanthelasma Removal\" \/>\n<meta property=\"article:modified_time\" content=\"2021-09-14T08:30:13+00:00\" \/>\n<meta name=\"twitter:card\" content=\"summary_large_image\" \/>\n<meta name=\"twitter:label1\" content=\"Tiempo de lectura\" \/>\n\t<meta name=\"twitter:data1\" content=\"12 minutos\" \/>\n<script type=\"application\/ld+json\" class=\"yoast-schema-graph\">{\"@context\":\"https:\/\/schema.org\",\"@graph\":[{\"@type\":\"WebPage\",\"@id\":\"https:\/\/xanthelasmaremoval.com\/xanthelasma-electrolysis\/\",\"url\":\"https:\/\/xanthelasmaremoval.com\/xanthelasma-electrolysis\/\",\"name\":\"[:en]Xanthelasma Electrolysis[:es]La Eliminaci\u00f3n del Xantelasma con electr\u00f3lisis[:] - Xanthelasma Removal\",\"isPartOf\":{\"@id\":\"https:\/\/xanthelasmaremoval.com\/#website\"},\"datePublished\":\"2019-02-12T13:36:42+00:00\",\"dateModified\":\"2021-09-14T08:30:13+00:00\",\"breadcrumb\":{\"@id\":\"https:\/\/xanthelasmaremoval.com\/xanthelasma-electrolysis\/#breadcrumb\"},\"inLanguage\":\"es\",\"potentialAction\":[{\"@type\":\"ReadAction\",\"target\":[\"https:\/\/xanthelasmaremoval.com\/xanthelasma-electrolysis\/\"]}]},{\"@type\":\"BreadcrumbList\",\"@id\":\"https:\/\/xanthelasmaremoval.com\/xanthelasma-electrolysis\/#breadcrumb\",\"itemListElement\":[{\"@type\":\"ListItem\",\"position\":1,\"name\":\"Home\",\"item\":\"https:\/\/xanthelasmaremoval.com\/\"},{\"@type\":\"ListItem\",\"position\":2,\"name\":\"Xanthelasma Electrolysis\"}]},{\"@type\":\"WebSite\",\"@id\":\"https:\/\/xanthelasmaremoval.com\/#website\",\"url\":\"https:\/\/xanthelasmaremoval.com\/\",\"name\":\"Xanthelasma Removal\",\"description\":\"The Xanthelasma Removal Solutions!\",\"potentialAction\":[{\"@type\":\"SearchAction\",\"target\":{\"@type\":\"EntryPoint\",\"urlTemplate\":\"https:\/\/xanthelasmaremoval.com\/?s={search_term_string}\"},\"query-input\":{\"@type\":\"PropertyValueSpecification\",\"valueRequired\":true,\"valueName\":\"search_term_string\"}}],\"inLanguage\":\"es\"}]}<\/script>\n<!-- \/ Yoast SEO plugin. -->","yoast_head_json":{"title":"[:en]Xanthelasma Electrolysis[:es]La Eliminaci\u00f3n del Xantelasma con electr\u00f3lisis[:] - Xanthelasma Removal","robots":{"index":"index","follow":"follow","max-snippet":"max-snippet:-1","max-image-preview":"max-image-preview:large","max-video-preview":"max-video-preview:-1"},"canonical":"https:\/\/xanthelasmaremoval.com\/xanthelasma-electrolysis\/","og_locale":"es_ES","og_type":"article","og_title":"[:en]Xanthelasma Electrolysis[:es]La Eliminaci\u00f3n del Xantelasma con electr\u00f3lisis[:] - Xanthelasma Removal","og_description":"[vc_row][vc_column][\/vc_column][\/vc_row][vc_row][vc_column][\/vc_column][\/vc_row][vc_row][vc_column][vc_row_inner][vc_column_inner][vc_column_text]La electr\u00f3lisis es la descomposici\u00f3n qu\u00edmica producida al pasar una corriente el\u00e9ctrica a trav\u00e9s de un l\u00edquido o soluci\u00f3n que...","og_url":"https:\/\/xanthelasmaremoval.com\/xanthelasma-electrolysis\/","og_site_name":"Xanthelasma Removal","article_modified_time":"2021-09-14T08:30:13+00:00","twitter_card":"summary_large_image","twitter_misc":{"Tiempo de lectura":"12 minutos"},"schema":{"@context":"https:\/\/schema.org","@graph":[{"@type":"WebPage","@id":"https:\/\/xanthelasmaremoval.com\/xanthelasma-electrolysis\/","url":"https:\/\/xanthelasmaremoval.com\/xanthelasma-electrolysis\/","name":"[:en]Xanthelasma Electrolysis[:es]La Eliminaci\u00f3n del Xantelasma con electr\u00f3lisis[:] - Xanthelasma Removal","isPartOf":{"@id":"https:\/\/xanthelasmaremoval.com\/#website"},"datePublished":"2019-02-12T13:36:42+00:00","dateModified":"2021-09-14T08:30:13+00:00","breadcrumb":{"@id":"https:\/\/xanthelasmaremoval.com\/xanthelasma-electrolysis\/#breadcrumb"},"inLanguage":"es","potentialAction":[{"@type":"ReadAction","target":["https:\/\/xanthelasmaremoval.com\/xanthelasma-electrolysis\/"]}]},{"@type":"BreadcrumbList","@id":"https:\/\/xanthelasmaremoval.com\/xanthelasma-electrolysis\/#breadcrumb","itemListElement":[{"@type":"ListItem","position":1,"name":"Home","item":"https:\/\/xanthelasmaremoval.com\/"},{"@type":"ListItem","position":2,"name":"Xanthelasma Electrolysis"}]},{"@type":"WebSite","@id":"https:\/\/xanthelasmaremoval.com\/#website","url":"https:\/\/xanthelasmaremoval.com\/","name":"Xanthelasma Removal","description":"The Xanthelasma Removal Solutions!","potentialAction":[{"@type":"SearchAction","target":{"@type":"EntryPoint","urlTemplate":"https:\/\/xanthelasmaremoval.com\/?s={search_term_string}"},"query-input":{"@type":"PropertyValueSpecification","valueRequired":true,"valueName":"search_term_string"}}],"inLanguage":"es"}]}},"_links":{"self":[{"href":"https:\/\/xanthelasmaremoval.com\/es\/wp-json\/wp\/v2\/pages\/9770"}],"collection":[{"href":"https:\/\/xanthelasmaremoval.com\/es\/wp-json\/wp\/v2\/pages"}],"about":[{"href":"https:\/\/xanthelasmaremoval.com\/es\/wp-json\/wp\/v2\/types\/page"}],"author":[{"embeddable":true,"href":"https:\/\/xanthelasmaremoval.com\/es\/wp-json\/wp\/v2\/users\/66"}],"replies":[{"embeddable":true,"href":"https:\/\/xanthelasmaremoval.com\/es\/wp-json\/wp\/v2\/comments?post=9770"}],"version-history":[{"count":52,"href":"https:\/\/xanthelasmaremoval.com\/es\/wp-json\/wp\/v2\/pages\/9770\/revisions"}],"predecessor-version":[{"id":14124,"href":"https:\/\/xanthelasmaremoval.com\/es\/wp-json\/wp\/v2\/pages\/9770\/revisions\/14124"}],"wp:attachment":[{"href":"https:\/\/xanthelasmaremoval.com\/es\/wp-json\/wp\/v2\/media?parent=9770"}],"curies":[{"name":"wp","href":"https:\/\/api.w.org\/{rel}","templated":true}]}}