{"id":9772,"date":"2019-02-12T13:37:28","date_gmt":"2019-02-12T13:37:28","guid":{"rendered":"https:\/\/xanthelasmaremoval.com\/?page_id=9772"},"modified":"2022-01-05T07:10:34","modified_gmt":"2022-01-05T07:10:34","slug":"xanthoma-treatment-with-castor-oil","status":"publish","type":"page","link":"https:\/\/xanthelasmaremoval.com\/es\/xanthoma-treatment-with-castor-oil\/","title":{"rendered":"Tratamiento de Xantoma con el aceite de ricino"},"content":{"rendered":"<p>[vc_row][vc_column][vc_column_text]<\/p>\n<blockquote><p><a href=\"https:\/\/xanthelasmaremoval.com\/es\/what-is-xanthelasma\/\">El xantelasma<\/a> puede ser una afecci\u00f3n desagradable que afecta dr\u00e1sticamente su apariencia. Estos crecimientos no son peligrosos, pero pueden tener un impacto en su vida cotidiana. El tratamiento del Xantelasma puede ser largo y posiblemente incluso costoso, seg\u00fan el tipo de tratamiento que usted elija. La mayor\u00eda de las personas preferir\u00eda una forma m\u00e1s natural de tratar el xantelasma, lo que los llevar\u00eda a considerar el aceite de ricino. \u00a1Definitivamente vale la pena intentarlo!<\/p><\/blockquote>\n<p>[\/vc_column_text]<div class=\"sc-youtube sc-wrapbox sc-wrapbox-style-default rounded-corners sc-wrapbox-position-below\" style=\"width: 100%;\"><div class=\"sc-wrapbox-inner sc-ratio-style\" style=\"padding-top: 50%\"><iframe loading=\"lazy\" class=\"sc-wrapbox-element img-responsive\" width=\"100%\" height=\"300\" frameborder=\"0\" scrolling=\"no\" marginheight=\"0\" marginwidth=\"0\" src=\"\/\/www.youtube.com\/embed\/uucrP_cJTbs?rel=0&amp;wmode=opaque\"><\/iframe><\/div><\/div>[\/vc_column][\/vc_row][vc_row][vc_column]<div class=\"sc-textbox rounded-corners\"  style=\"\"><div class=\"sc-textbox-content\" style=\"background-color: #f1f5f8;background-position: center top;\"><div class=\"sc-icon-with-text sc-icon-with-text-icon-size-medium\"><div class=\"sc-icon-with-text-icon\"><div class=\"sc-icon sc-icon-size-medium  sc-icon-shape-circle\" style=\"background-color: #598bac;border: 2px solid #598bac;\"><span class=\"sc-icon-half-1\" style=\"color: #ffffff;\"><span class=\"back-angle\">&#xe646;<\/span><\/span><span class=\"sc-icon-half-2\" style=\"color: #ffffff;\"><span class=\"back-angle\">&#xe646;<\/span><\/span><\/div><\/div><div class=\"sc-icon-with-text-content\"><div class=\"sc-icon-with-text-text\">[vc_column_text]<\/p>\n<h2>\u00bfEl aceite de ricino puede tratar el xantoma o el xantelasma?<\/h2>\n<p>[\/vc_column_text]<\/div><\/div><div class=\"clearboth\"><\/div><\/div><\/div><\/div>[\/vc_column][\/vc_row][vc_row][vc_column width=\u00bb2\/3&#8243;][vc_column_text]Las modernas opciones de tratamiento del xantelasma\u00a0 que ordena su m\u00e9dico pueden no ser muy atractivas. Muchas personas tienen esta pregunta en su cabeza, \u00bfEl aceite de ricino puede tratar <a href=\"https:\/\/xanthelasmaremoval.com\/es\/what-is-xanthelasma\/what-is-xanthelasmaxanthelasmas-and-xanthomas\/\">el xantoma<\/a> o el xantelasma? La buena noticia es que el aceite tiene la capacidad de disolverse y descomponer algunas de las acumulaciones de l\u00edpidos en el crecimiento benigno.<\/p>\n<p>Algunas personas probaron el m\u00e9todo del tratamiento con aceite de ricino, pero \u00bfSer\u00e1 que funciona? la respuesta es S\u00ed, funciona efectivamente, porque el aceite de ricino tiene peque\u00f1as propiedades antibacterianas debido a los altos niveles de componente ricinoleico.<\/p>\n<p>El aceite de ricino contiene un ingrediente antinflamatorio natural que puede ayudar autom\u00e1ticamente a reducir cualquier inflamaci\u00f3n presente. Esto podr\u00eda ayudar a reducir la hinchaz\u00f3n por completo con solo unas pocas aplicaciones. Para un peque\u00f1o porcentaje de personas, este aceite puede no eliminar <a href=\"https:\/\/xanthelasmaremoval.com\/es\/what-is-xanthelasma\/\">el Xantelasma,<\/a> sin embargo, tiene la capacidad de ralentizar el proceso de migraci\u00f3n de la afecci\u00f3n.[\/vc_column_text][vc_column_text]<\/p>\n<p style=\"text-align: center;\"><strong>El aceite de ricino contiene un alto nivel de \u00e1cidos grasos que pueden reducir f\u00e1cilmente el crecimiento del xantelasma.<span id=\"ezoic-pub-ad-placeholder-167\" class=\"ezoic-adpicker-ad\"><\/span><\/strong><\/p>\n<p>[\/vc_column_text][\/vc_column][vc_column width=\u00bb1\/3&#8243;][vc_single_image image=\u00bb10097&#8243; img_size=\u00bbfull\u00bb style=\u00bbvc_box_outline\u00bb][\/vc_column][\/vc_row][vc_row][vc_column]<blockquote><p>La aplicaci\u00f3n regular\u00a0 del aceite le dar\u00e1 una piel suave y un aspecto m\u00e1s joven, sin lesiones amarillentas.<\/p><\/blockquote>[\/vc_column][\/vc_row][vc_row][vc_column width=\u00bb2\/3&#8243;][vc_column_text]El aceite de ricino es un aceite vegetal que se usa en una amplia variedad de aplicaciones cosm\u00e9ticas y m\u00e9dicas. Proporciona beneficios para la salud de la cara y la piel en general.<\/p>\n<p><strong>Est\u00e1 hecho de semillas de la planta Ricinus communis para extraer el aceite.<\/strong> Estas semillas, que se conocen como ricino, contienen una enzima t\u00f3xica llamada ricina. Esta planta reside en la\u00a0 India y en \u00c1frica, mientras que el aceite es bien conocido en todo el mundo por sus propiedades antinflamatorias y antibacterianas. El aceite de ricino contiene minerales, prote\u00ednas y vitamina E.[\/vc_column_text][\/vc_column][vc_column width=\u00bb1\/3&#8243;][vc_single_image image=\u00bb10099&#8243; img_size=\u00bbfull\u00bb style=\u00bbvc_box_outline\u00bb][\/vc_column][\/vc_row][vc_row][vc_column]<div class=\"sc-textbox rounded-corners\"  style=\"\"><div class=\"sc-textbox-content\" style=\"background-color: #f1f5f8;background-position: center top;\"><div class=\"sc-icon-with-text sc-icon-with-text-icon-size-medium\"><div class=\"sc-icon-with-text-icon\"><div class=\"sc-icon sc-icon-size-medium  sc-icon-shape-circle\" style=\"background-color: #598bac;border: 2px solid #598bac;\"><span class=\"sc-icon-half-1\" style=\"color: #ffffff;\"><span class=\"back-angle\">&#xe646;<\/span><\/span><span class=\"sc-icon-half-2\" style=\"color: #ffffff;\"><span class=\"back-angle\">&#xe646;<\/span><\/span><\/div><\/div><div class=\"sc-icon-with-text-content\"><div class=\"sc-icon-with-text-text\">[vc_column_text]<\/p>\n<h2>\u00bfCu\u00e1les son los otros beneficios del aceite de ricino?<\/h2>\n<p>[\/vc_column_text]<\/div><\/div><div class=\"clearboth\"><\/div><\/div><\/div><\/div>[\/vc_column][\/vc_row][vc_row][vc_column width=\u00bb2\/3&#8243;][vc_column_text]<strong>Reducci\u00f3n del acn\u00e9<\/strong>: las propiedades antimicrobianas y antinflamatorias del aceite de ricino lo hacen \u00fatil para reducir el acn\u00e9. El \u00e1cido ricinoleico puede inhibir el crecimiento de las bacterias que causan el acn\u00e9.<\/p>\n<p><strong>Textura en la piel:<\/strong> el aceite de ricino tambi\u00e9n es rico en otros \u00e1cidos grasos. Estos pueden mejorar la suavidad cuando se aplica a la piel de la cara.<\/p>\n<p><b>Reconstrucci\u00f3n<\/b><strong>\u00a0de Tez de la piel :<\/strong> Los \u00e1cidos grasos en el aceite de ricino tambi\u00e9n pueden promover el crecimiento de tejido de piel saludable, lo que lo hace \u00fatil para restaurar los tonos de piel desiguales.[\/vc_column_text][vc_column_text]<strong>Antinflamatorio<\/strong>: el aceite de ricino ha demostrado propiedades antinflamatorias. Esto los hace \u00fatiles para tratar la piel irritada.<\/p>\n<p><strong>Antimicrobiano:<\/strong> tambi\u00e9n puede proteger la piel de infecciones bacterianas al evitar los microbios que pueden causar enfermedades.<\/p>\n<p><strong>Hidratante:<\/strong> el aceite de ricino contiene triglic\u00e9ridos. Estos pueden ayudar a mantener la humedad en la piel, por lo que es un tratamiento \u00fatil para la piel seca.<\/p>\n<p><strong>Hidrataci\u00f3n:<\/strong> el aceite de ricino puede tener propiedades humectantes, lo que significa que puede extraer la humedad del aire hacia la piel, manteniendo la piel hidratada.<\/p>\n<p><strong>Limpieza:<\/strong> los triglic\u00e9ridos que se encuentran en el aceite de ricino tambi\u00e9n son \u00fatiles para eliminar la suciedad de la piel.[\/vc_column_text][\/vc_column][vc_column width=\u00bb1\/3&#8243;][vc_single_image image=\u00bb10103&#8243; img_size=\u00bbfull\u00bb style=\u00bbvc_box_outline\u00bb][vc_single_image image=\u00bb11661&#8243; img_size=\u00bbfull\u00bb style=\u00bbvc_box_outline\u00bb][\/vc_column][\/vc_row][vc_row][vc_column][vc_column_text]<strong>El aceite de ricino desvanece la piel inflamada:<\/strong> el aceite de ricino es la respuesta perfecta si est\u00e1 buscando curar la inflamaci\u00f3n de la piel que puede ser causada por lentigos solares, acn\u00e9 y piel seca. Todo lo que necesita hacer es sumergir un trozo de algod\u00f3n en el aceite de ricino y aplicarla en el \u00e1rea afectada.<\/p>\n<p><strong>Apl\u00edquelo para prevenir las estr\u00edas:<\/strong> las estr\u00edas generalmente ocurren durante el embarazo cuando la piel del abdomen experimenta un estiramiento dr\u00e1stico. Cuanto m\u00e1s el\u00e1stica se pone la piel, menores son las posibilidades de tener estas marcas. El aceite de ricino es muy rico en \u00e1cidos grasos, por lo que cuando se usa durante los \u00faltimos dos meses de embarazo, puede ayudar a prevenir la aparici\u00f3n de\u00a0 estr\u00edas.[\/vc_column_text][\/vc_column][\/vc_row][vc_row el_class=\u00bbwhite\u00bb css=\u00bb.vc_custom_1563877880198{background-image: url(https:\/\/xanthelasmaremoval.com\/wp-content\/uploads\/2019\/03\/bg_header.png?id=10873) !important;}\u00bb][vc_column][vc_column_text]<\/p>\n<h2 class=\"white\">\u00bfC\u00f3mo aplico personalmente el aceite de ricino para eliminar mi xantelasma?<\/h2>\n<p><strong>El aceite de ricino tiene muchas propiedades prominentes, como el antinflamatorio y el antibacteriano, sin embargo, puede desvanecer el xantelasma en lugar de eliminarlo por completo.<\/strong><\/p>\n<p>El aceite es rico en \u00e1cidos grasos que pueden<strong> penetrar f\u00e1cilmente e el xantelasma, lo que hace que se descomponga y reduzca el tama\u00f1o del xantelasma.<\/strong><\/p>\n<p>Debido a la solubilidad del aceite, puede encontrar que su crecimiento desaparece <strong>r\u00e1pidamente y pierde el tono amarillo asociado con la afecci\u00f3n.<\/strong><\/p>\n<p><strong>Remoje un trozo de algod\u00f3n en el aceite de ricino puro prensado en fr\u00edo y apl\u00edquelo en el \u00e1rea del xantelasma. Masajee o coloque el trozo de algod\u00f3n en dicha \u00e1rea para que penetre lentamente. Repita el proceso cada dos o tres d\u00edas.<\/strong>[\/vc_column_text][\/vc_column][\/vc_row][vc_row][vc_column]<div class=\"sc-textbox rounded-corners\"  style=\"\"><div class=\"sc-textbox-content\" style=\"background-color: #f1f5f8;background-position: center top;\"><div class=\"sc-icon-with-text sc-icon-with-text-icon-size-medium\"><div class=\"sc-icon-with-text-icon\"><div class=\"sc-icon sc-icon-size-medium  sc-icon-shape-circle\" style=\"background-color: #90ba8f;border: 2px solid #90ba8f;\"><span class=\"sc-icon-half-1\" style=\"color: #ffffff;\"><span class=\"back-angle\">&#xe661;<\/span><\/span><span class=\"sc-icon-half-2\" style=\"color: #ffffff;\"><span class=\"back-angle\">&#xe661;<\/span><\/span><\/div><\/div><div class=\"sc-icon-with-text-content\"><div class=\"sc-icon-with-text-text\">[vc_column_text]<\/p>\n<h4>El XanthRemover, mejor que cualquier otro producto \u00abC\u00f3mprelo ahora para eliminar su xantelasma\u00bb<\/h4>\n<p>[\/vc_column_text]<\/div><\/div><div class=\"clearboth\"><\/div><\/div><\/div><\/div>[\/vc_column][\/vc_row][vc_row][vc_column width=\u00bb1\/2&#8243;]<\/p>\n<div class=\"pricing-table row inline-row inline-row-center pricing-table-style-1 button-icon-cart\">\n<div class=\"pricing-column-wrapper col-md-3 col-sm-4 col-xs-6 inline-column highlighted\">\n<div class=\"pricing-column\">\n<div class=\"pricing-title-wrapper\">\n<div class=\"pricing-title\">\n<div class=\"title-h3\">Orden normal<\/div>\n<div class=\"subtitle\">El mejor plan de precio \/ cantidad<\/div>\n<\/div>\n<div class=\"pricing-column-top-choice\">\n<div class=\"pricing-column-top-choice-text\">NUEVO<\/div>\n<\/div>\n<\/div>\n<div class=\"pricing-price-row\" >\n<div class=\"pricing-price\" style=\"font-size: 57px;color: #705b96;\">\n<div class=\"pricing-cost\">$13<\/div>\n<p><span class=\"time\">Por orden<\/span><\/div>\n<\/div>\n<div class=\"pricing-row  strike\">Con garant\u00eda de devoluci\u00f3n de dinero<\/div>\n<div class=\"pricing-row \">Incluye el env\u00edo a TODO EL MUNDO<\/div>\n<div class=\"pricing-row \">30ml de XanthRemover Gel<\/div>\n<div class=\"pricing-row \">Nuestro servicio completo de soporte en l\u00ednea<\/div>\n<div class=\"pricing-footer\"><a href=\"https:\/\/xanthelasmaremoval.com\/product\/xanth-remover-without-money-back-guarantee\/\" class=\"sc-button\">Ordene ya<\/a><\/div>\n<\/div>\n<\/div>\n<\/div>\n<p>[\/vc_column][vc_column width=\u00bb1\/2&#8243;]<\/p>\n<div class=\"pricing-table row inline-row inline-row-center pricing-table-style-1 button-icon-cart\">\n<div class=\"pricing-column-wrapper col-md-3 col-sm-4 col-xs-6 inline-column highlighted\">\n<div class=\"pricing-column\">\n<div class=\"pricing-title-wrapper\">\n<div class=\"pricing-title\">\n<div class=\"title-h3\">Plan avanzado<\/div>\n<div class=\"subtitle\">El mejor plan de precio \/ cantidad<\/div>\n<\/div>\n<div class=\"pricing-column-top-choice\">\n<div class=\"pricing-column-top-choice-text\">NUEVO<\/div>\n<\/div>\n<\/div>\n<div class=\"pricing-price-row\" >\n<div class=\"pricing-price\" style=\"font-size: 57px;color: #705b96;\">\n<div class=\"pricing-cost\">$39<\/div>\n<p><span class=\"time\">Por orden<\/span><\/div>\n<\/div>\n<div class=\"pricing-row \">Con garant\u00eda de devoluci\u00f3n de dinero<\/div>\n<div class=\"pricing-row \">Incluye env\u00edo a TODO EL MUNDO.<\/div>\n<div class=\"pricing-row \">30ml de XanthRemover Gel<\/div>\n<div class=\"pricing-row \">Nuestro servicio completo de soporte en l\u00ednea<\/div>\n<div class=\"pricing-footer\"><a href=\"https:\/\/xanthelasmaremoval.com\/product\/xanthe-remover\/\" class=\"sc-button\">Ordene ya.<\/a><\/div>\n<\/div>\n<\/div>\n<\/div>\n<p>[\/vc_column][\/vc_row]<\/p>","protected":false},"excerpt":{"rendered":"<p>[vc_row][vc_column][vc_column_text] El xantelasma puede ser una afecci\u00f3n desagradable que afecta dr\u00e1sticamente su apariencia. Estos crecimientos no son peligrosos, pero pueden&#8230;<\/p>\n","protected":false},"author":66,"featured_media":0,"parent":0,"menu_order":0,"comment_status":"closed","ping_status":"closed","template":"","meta":{"footnotes":""},"class_list":["post-9772","page","type-page","status-publish","hentry"],"yoast_head":"<!-- This site is optimized with the Yoast SEO plugin v24.3 - https:\/\/yoast.com\/wordpress\/plugins\/seo\/ -->\n<title>Tratamiento de Xantoma con el aceite de ricino - Xanthelasma Removal<\/title>\n<meta name=\"robots\" content=\"index, follow, max-snippet:-1, max-image-preview:large, max-video-preview:-1\" \/>\n<link rel=\"canonical\" href=\"https:\/\/xanthelasmaremoval.com\/xanthoma-treatment-with-castor-oil\/\" \/>\n<meta property=\"og:locale\" content=\"es_ES\" \/>\n<meta property=\"og:type\" content=\"article\" \/>\n<meta property=\"og:title\" content=\"[:en]Xanthoma Treatment with Castor Oil[:es]Tratamiento de Xantoma con el aceite de ricino[:] - Xanthelasma Removal\" \/>\n<meta property=\"og:description\" content=\"[vc_row][vc_column][vc_column_text] El xantelasma puede ser una afecci\u00f3n desagradable que afecta dr\u00e1sticamente su apariencia. Estos crecimientos no son peligrosos, pero pueden...\" \/>\n<meta property=\"og:url\" content=\"https:\/\/xanthelasmaremoval.com\/xanthoma-treatment-with-castor-oil\/\" \/>\n<meta property=\"og:site_name\" content=\"Xanthelasma Removal\" \/>\n<meta property=\"article:modified_time\" content=\"2022-01-05T07:10:34+00:00\" \/>\n<meta name=\"twitter:card\" content=\"summary_large_image\" \/>\n<meta name=\"twitter:label1\" content=\"Tiempo de lectura\" \/>\n\t<meta name=\"twitter:data1\" content=\"4 minutos\" \/>\n<script type=\"application\/ld+json\" class=\"yoast-schema-graph\">{\"@context\":\"https:\/\/schema.org\",\"@graph\":[{\"@type\":\"WebPage\",\"@id\":\"https:\/\/xanthelasmaremoval.com\/xanthoma-treatment-with-castor-oil\/\",\"url\":\"https:\/\/xanthelasmaremoval.com\/xanthoma-treatment-with-castor-oil\/\",\"name\":\"[:en]Xanthoma Treatment with Castor Oil[:es]Tratamiento de Xantoma con el aceite de ricino[:] - Xanthelasma Removal\",\"isPartOf\":{\"@id\":\"https:\/\/xanthelasmaremoval.com\/#website\"},\"datePublished\":\"2019-02-12T13:37:28+00:00\",\"dateModified\":\"2022-01-05T07:10:34+00:00\",\"breadcrumb\":{\"@id\":\"https:\/\/xanthelasmaremoval.com\/xanthoma-treatment-with-castor-oil\/#breadcrumb\"},\"inLanguage\":\"es\",\"potentialAction\":[{\"@type\":\"ReadAction\",\"target\":[\"https:\/\/xanthelasmaremoval.com\/xanthoma-treatment-with-castor-oil\/\"]}]},{\"@type\":\"BreadcrumbList\",\"@id\":\"https:\/\/xanthelasmaremoval.com\/xanthoma-treatment-with-castor-oil\/#breadcrumb\",\"itemListElement\":[{\"@type\":\"ListItem\",\"position\":1,\"name\":\"Home\",\"item\":\"https:\/\/xanthelasmaremoval.com\/\"},{\"@type\":\"ListItem\",\"position\":2,\"name\":\"Xanthoma Treatment with Castor Oil\"}]},{\"@type\":\"WebSite\",\"@id\":\"https:\/\/xanthelasmaremoval.com\/#website\",\"url\":\"https:\/\/xanthelasmaremoval.com\/\",\"name\":\"Xanthelasma Removal\",\"description\":\"The Xanthelasma Removal Solutions!\",\"potentialAction\":[{\"@type\":\"SearchAction\",\"target\":{\"@type\":\"EntryPoint\",\"urlTemplate\":\"https:\/\/xanthelasmaremoval.com\/?s={search_term_string}\"},\"query-input\":{\"@type\":\"PropertyValueSpecification\",\"valueRequired\":true,\"valueName\":\"search_term_string\"}}],\"inLanguage\":\"es\"}]}<\/script>\n<!-- \/ Yoast SEO plugin. -->","yoast_head_json":{"title":"[:en]Xanthoma Treatment with Castor Oil[:es]Tratamiento de Xantoma con el aceite de ricino[:] - Xanthelasma Removal","robots":{"index":"index","follow":"follow","max-snippet":"max-snippet:-1","max-image-preview":"max-image-preview:large","max-video-preview":"max-video-preview:-1"},"canonical":"https:\/\/xanthelasmaremoval.com\/xanthoma-treatment-with-castor-oil\/","og_locale":"es_ES","og_type":"article","og_title":"[:en]Xanthoma Treatment with Castor Oil[:es]Tratamiento de Xantoma con el aceite de ricino[:] - Xanthelasma Removal","og_description":"[vc_row][vc_column][vc_column_text] El xantelasma puede ser una afecci\u00f3n desagradable que afecta dr\u00e1sticamente su apariencia. Estos crecimientos no son peligrosos, pero pueden...","og_url":"https:\/\/xanthelasmaremoval.com\/xanthoma-treatment-with-castor-oil\/","og_site_name":"Xanthelasma Removal","article_modified_time":"2022-01-05T07:10:34+00:00","twitter_card":"summary_large_image","twitter_misc":{"Tiempo de lectura":"4 minutos"},"schema":{"@context":"https:\/\/schema.org","@graph":[{"@type":"WebPage","@id":"https:\/\/xanthelasmaremoval.com\/xanthoma-treatment-with-castor-oil\/","url":"https:\/\/xanthelasmaremoval.com\/xanthoma-treatment-with-castor-oil\/","name":"[:en]Xanthoma Treatment with Castor Oil[:es]Tratamiento de Xantoma con el aceite de ricino[:] - Xanthelasma Removal","isPartOf":{"@id":"https:\/\/xanthelasmaremoval.com\/#website"},"datePublished":"2019-02-12T13:37:28+00:00","dateModified":"2022-01-05T07:10:34+00:00","breadcrumb":{"@id":"https:\/\/xanthelasmaremoval.com\/xanthoma-treatment-with-castor-oil\/#breadcrumb"},"inLanguage":"es","potentialAction":[{"@type":"ReadAction","target":["https:\/\/xanthelasmaremoval.com\/xanthoma-treatment-with-castor-oil\/"]}]},{"@type":"BreadcrumbList","@id":"https:\/\/xanthelasmaremoval.com\/xanthoma-treatment-with-castor-oil\/#breadcrumb","itemListElement":[{"@type":"ListItem","position":1,"name":"Home","item":"https:\/\/xanthelasmaremoval.com\/"},{"@type":"ListItem","position":2,"name":"Xanthoma Treatment with Castor Oil"}]},{"@type":"WebSite","@id":"https:\/\/xanthelasmaremoval.com\/#website","url":"https:\/\/xanthelasmaremoval.com\/","name":"Xanthelasma Removal","description":"The Xanthelasma Removal Solutions!","potentialAction":[{"@type":"SearchAction","target":{"@type":"EntryPoint","urlTemplate":"https:\/\/xanthelasmaremoval.com\/?s={search_term_string}"},"query-input":{"@type":"PropertyValueSpecification","valueRequired":true,"valueName":"search_term_string"}}],"inLanguage":"es"}]}},"_links":{"self":[{"href":"https:\/\/xanthelasmaremoval.com\/es\/wp-json\/wp\/v2\/pages\/9772"}],"collection":[{"href":"https:\/\/xanthelasmaremoval.com\/es\/wp-json\/wp\/v2\/pages"}],"about":[{"href":"https:\/\/xanthelasmaremoval.com\/es\/wp-json\/wp\/v2\/types\/page"}],"author":[{"embeddable":true,"href":"https:\/\/xanthelasmaremoval.com\/es\/wp-json\/wp\/v2\/users\/66"}],"replies":[{"embeddable":true,"href":"https:\/\/xanthelasmaremoval.com\/es\/wp-json\/wp\/v2\/comments?post=9772"}],"version-history":[{"count":78,"href":"https:\/\/xanthelasmaremoval.com\/es\/wp-json\/wp\/v2\/pages\/9772\/revisions"}],"predecessor-version":[{"id":14301,"href":"https:\/\/xanthelasmaremoval.com\/es\/wp-json\/wp\/v2\/pages\/9772\/revisions\/14301"}],"wp:attachment":[{"href":"https:\/\/xanthelasmaremoval.com\/es\/wp-json\/wp\/v2\/media?parent=9772"}],"curies":[{"name":"wp","href":"https:\/\/api.w.org\/{rel}","templated":true}]}}