{"id":9783,"date":"2019-02-13T12:05:10","date_gmt":"2019-02-13T12:05:10","guid":{"rendered":"https:\/\/xanthelasmaremoval.com\/?page_id=9783"},"modified":"2021-09-14T08:30:51","modified_gmt":"2021-09-14T08:30:51","slug":"freezing-xanthelasma-treatment","status":"publish","type":"page","link":"https:\/\/xanthelasmaremoval.com\/es\/freezing-xanthelasma-treatment\/","title":{"rendered":"Tratamiento del Xantelasma por Crioterapia"},"content":{"rendered":"<p>[vc_row][vc_column][vc_column_text]<\/p>\n<h2>Eliminaci\u00f3n del xantelasma por crioterapia<\/h2>\n<p>[\/vc_column_text][\/vc_column][\/vc_row][vc_row][vc_column]<div class=\"sc-youtube sc-wrapbox sc-wrapbox-style-default rounded-corners sc-wrapbox-position-below\" style=\"width: 100%;\"><div class=\"sc-wrapbox-inner sc-ratio-style\" style=\"padding-top: 66.67%\"><iframe loading=\"lazy\" class=\"sc-wrapbox-element img-responsive\" width=\"100%\" height=\"300\" frameborder=\"0\" scrolling=\"no\" marginheight=\"0\" marginwidth=\"0\" src=\"\/\/www.youtube.com\/embed\/3kwI1nWO5Tc?rel=0&amp;wmode=opaque\"><\/iframe><\/div><\/div>[vc_zigzag][\/vc_column][\/vc_row][vc_row][vc_column width=\u00bb2\/3&#8243;][vc_column_text]Este tratamiento de eliminaci\u00f3n consiste en <a href=\"https:\/\/www.ncbi.nlm.nih.gov\/pmc\/articles\/PMC5921443\/#sec2-4\">congelar el xantelasma con nitr\u00f3geno l\u00edquido u otro qu\u00edmico.<\/a> Tambi\u00e9n se conoce como crioterapia. El tratamiento con nitr\u00f3geno l\u00edquido se ha propuesto como un posible tratamiento de eliminaci\u00f3n del xantelasma congel\u00e1ndolo. El tratamiento del xantelasma con nitr\u00f3geno l\u00edquido se conoce como ablaci\u00f3n por crioxantelasma, esta opci\u00f3n es poco utilizada. Sin embargo, los peligros de aplicar temperaturas extremadamente bajas sobre los p\u00e1rpados superiores son altas, ya que han hecho que este tratamiento de eliminaci\u00f3n del xantelasma sea el menos favorecido: es simplemente demasiado peligroso, destructivo y los resultados no son confiables para quitar los xantelasmas.[\/vc_column_text][\/vc_column][vc_column width=\u00bb1\/3&#8243;][vc_empty_space][vc_single_image image=\u00bb10148&#8243; img_size=\u00bbfull\u00bb style=\u00bbvc_box_outline\u00bb][\/vc_column][\/vc_row][vc_row el_class=\u00bbwhite\u00bb css=\u00bb.vc_custom_1563787783365{background-image: url(https:\/\/xanthelasmaremoval.com\/wp-content\/uploads\/2019\/03\/bg_header.png?id=10873) !important;}\u00bb][vc_column][vc_column_text]<\/p>\n<h2 class=\"white\">\u00bfQu\u00e9 es la crio-ablaci\u00f3n?<\/h2>\n<p>[\/vc_column_text][vc_row_inner][vc_column_inner width=\u00bb2\/3&#8243;][vc_column_text]<\/p>\n<p style=\"text-align: justify;\">La crioablaci\u00f3n es el uso de fr\u00edo extremo para destruir c\u00e9lulas y tejidos anormales o da\u00f1ados. En este tratamiento, el nitr\u00f3geno l\u00edquido se aplica a la piel para romper las paredes celulares. El nitr\u00f3geno l\u00edquido tambi\u00e9n causa da\u00f1o a la circulaci\u00f3n microvascular, lo que resulta en anoxia secundaria y necrosis hemorr\u00e1gica. Idealmente, esto da\u00f1ar\u00e1 y matar\u00e1 a las c\u00e9lulas infractoras y resolver\u00e1 el problema.<\/p>\n<p>[\/vc_column_text][vc_column_text]<\/p>\n<p style=\"text-align: justify;\">La crioablaci\u00f3n es similar a la congelaci\u00f3n, debido a la alta intensidad del fr\u00edo y los resultados son efectivos en quitar los lunares. Esta forma de tratamiento en la piel es la mejor para grandes \u00e1reas y puede ser beneficiosa para el control de arrugas y el rejuvenecimiento de la piel. Como opci\u00f3n de tratamiento para el xantelasma, es mucho m\u00e1s peligroso y los resultados son negativos.<\/p>\n<p>[\/vc_column_text][\/vc_column_inner][vc_column_inner width=\u00bb1\/3&#8243;][vc_single_image image=\u00bb11445&#8243; img_size=\u00bbfull\u00bb][\/vc_column_inner][\/vc_row_inner][\/vc_column][\/vc_row][vc_row][vc_column][vc_column_text]<\/p>\n<h2>Desventajas del tratamiento por congelaci\u00f3n (Crio-ablaci\u00f3n)<\/h2>\n<p>[\/vc_column_text][vc_row_inner][vc_column_inner width=\u00bb2\/3&#8243;]<\/p>\n<div class=\"sc-list\">\n<ul>\n<li style=\"text-align: justify;\">La aplicaci\u00f3n de nitr\u00f3geno l\u00edquido puede arder. Aunque genere temperatura fr\u00eda, muchos describen el procedimiento como una sensaci\u00f3n de \u00abardor\u00bb<\/li>\n<li style=\"text-align: justify;\">La crioablaci\u00f3n puede hacer que los lugares tratados aparezcan de un color permanentemente m\u00e1s claro (hipopigmentaci\u00f3n). Se debe tener especial precauci\u00f3n al tratar la cara o cualquier otra \u00e1rea cosm\u00e9ticamente sensible.<\/li>\n<li style=\"text-align: justify;\">Solo es apropiado eliminar las lesiones cut\u00e1neas en partes del cuerpo que no son tan delicadas como el \u00e1rea del p\u00e1rpado superior e inferior. En otras palabras, generalmente es eficaz para el tratamiento de c\u00e1nceres de piel\u00a0 o lesiones \u00abprofundas\u00bb como lunares grandes que crecen en otras partes del cuerpo lejos del \u00e1rea del p\u00e1rpado.<\/li>\n<li style=\"text-align: justify;\">Dependiendo de c\u00f3mo se aplique la crioterapia y la ubicaci\u00f3n del sitio del tratamiento, a veces se forman ampollas d\u00edas despu\u00e9s al tratamiento mismo (formaci\u00f3n de ampollas en los p\u00e1rpados).<\/li>\n<\/ul>\n<\/div>\n<p>[\/vc_column_inner][vc_column_inner width=\u00bb1\/3&#8243;][vc_single_image image=\u00bb11442&#8243; img_size=\u00bbfull\u00bb style=\u00bbvc_box_outline\u00bb][vc_single_image image=\u00bb11441&#8243; img_size=\u00bbfull\u00bb style=\u00bbvc_box_outline\u00bb][\/vc_column_inner][\/vc_row_inner][\/vc_column][\/vc_row][vc_row el_class=\u00bbwhite\u00bb css=\u00bb.vc_custom_1563787794401{background-image: url(https:\/\/xanthelasmaremoval.com\/wp-content\/uploads\/2019\/03\/bg_header.png?id=10873) !important;}\u00bb][vc_column][vc_column_text]<\/p>\n<h2 class=\"white\">\u00bfPara qu\u00e9 se usa regularmente el nitr\u00f3geno l\u00edquido?<\/h2>\n<p>[\/vc_column_text][vc_column_text]<a href=\"https:\/\/www.ncbi.nlm.nih.gov\/pmc\/articles\/PMC5921443\/#sec2-4\">El nitr\u00f3geno l\u00edquido,<\/a> debido a su baja reactividad y temperatura, se utiliza para diversos usos. Algunas de sus aplicaciones incluyen:[\/vc_column_text][vc_row_inner][vc_column_inner width=\u00bb2\/3&#8243;]<\/p>\n<div class=\"sc-list\">\n<ul>\n<li>Crioterapia al eliminar c\u00e1ncer y lesiones cut\u00e1neas benignas. Las terapias cut\u00e1neas son solo una de ellas.<\/li>\n<li>Congelaci\u00f3n y transporte de productos alimenticios.<\/li>\n<li>Criopreservaci\u00f3n de muestras biol\u00f3gicas como huevos, esperma y muestras gen\u00e9ticas animales.<\/li>\n<li>Refrigerante para computadoras, bombas de vac\u00edo y otros equipos.<\/li>\n<li>Prevenci\u00f3n de materiales por exposici\u00f3n al ox\u00edgeno.<\/li>\n<li>Congelaci\u00f3n r\u00e1pida de agua o tuber\u00edas para facilitar el trabajo en ellas cuando no hay v\u00e1lvulas disponibles.<\/li>\n<\/ul>\n<\/div>\n<p>[\/vc_column_inner][vc_column_inner width=\u00bb1\/3&#8243;][vc_single_image image=\u00bb11128&#8243; img_size=\u00bbfull\u00bb style=\u00bbvc_box_outline\u00bb][\/vc_column_inner][\/vc_row_inner][\/vc_column][\/vc_row][vc_row][vc_column][vc_column_text]<\/p>\n<h3>\u00bfEl\u00a0 nitr\u00f3geno l\u00edquido es un buen tratamiento para el xantelasma?<\/h3>\n<p>[\/vc_column_text][vc_column_text]<\/p>\n<blockquote><p>En palabras simples y cortas, <strong>\u00abNO\u00bb<\/strong> no es efectivo ni es un buen tratamiento \u00ab. La crioablaci\u00f3n destruye todas las c\u00e9lulas con las que entra en contacto. La lesi\u00f3n resultante ser\u00e1 peor que el problema original. En el caso del nitr\u00f3geno l\u00edquido el fri\u00f3 intenso puede penetrar a trav\u00e9s del p\u00e1rpado y puede causar quemaduras de congelaci\u00f3n dolorosas en el globo ocular. No arriesgue su visi\u00f3n: esta es una opci\u00f3n de tratamiento muy delicada.<\/p><\/blockquote>\n<p>[\/vc_column_text][\/vc_column][\/vc_row][vc_row][vc_column]<div class=\"sc-textbox rounded-corners\"  style=\"\"><div class=\"sc-textbox-content\" style=\"background-color: #f1f5f8;background-position: center top;\"><div class=\"sc-icon-with-text sc-icon-with-text-icon-size-medium\"><div class=\"sc-icon-with-text-icon\"><div class=\"sc-icon sc-icon-size-medium  sc-icon-shape-circle\" style=\"background-color: #90ba8f;border: 2px solid #90ba8f;\"><span class=\"sc-icon-half-1\" style=\"color: #ffffff;\"><span class=\"back-angle\">&#xe661;<\/span><\/span><span class=\"sc-icon-half-2\" style=\"color: #ffffff;\"><span class=\"back-angle\">&#xe661;<\/span><\/span><\/div><\/div><div class=\"sc-icon-with-text-content\"><div class=\"sc-icon-with-text-text\">[vc_column_text]<\/p>\n<h4>XanthRemover es mejor que cualquier otro producto \u00abC\u00f3mprelo ahora para eliminar su xantelasma\u00bb<\/h4>\n<p>[\/vc_column_text]<\/div><\/div><div class=\"clearboth\"><\/div><\/div><\/div><\/div>[\/vc_column][\/vc_row][vc_row][vc_column width=\u00bb1\/2&#8243;]<\/p>\n<div class=\"pricing-table row inline-row inline-row-center pricing-table-style-1 button-icon-cart\">\n<div class=\"pricing-column-wrapper col-md-3 col-sm-4 col-xs-6 inline-column highlighted\">\n<div class=\"pricing-column\">\n<div class=\"pricing-title-wrapper\">\n<div class=\"pricing-title\">\n<div class=\"title-h3\">Orden normal<\/div>\n<div class=\"subtitle\">El mejor plan de precio \/ cantidad<\/div>\n<\/div>\n<div class=\"pricing-column-top-choice\">\n<div class=\"pricing-column-top-choice-text\">NUEVO<\/div>\n<\/div>\n<\/div>\n<div class=\"pricing-price-row\" >\n<div class=\"pricing-price\" style=\"font-size: 57px;color: #705b96;\">\n<div class=\"pricing-cost\">$13<\/div>\n<p><span class=\"time\">Por orden<\/span><\/div>\n<\/div>\n<div class=\"pricing-row  strike\">Con garant\u00eda de devoluci\u00f3n de dinero<\/div>\n<div class=\"pricing-row \">Incluye el env\u00edo a TODO EL MUNDO<\/div>\n<div class=\"pricing-row \">30ml de XanthRemover Gel<\/div>\n<div class=\"pricing-row \">Nuestro servicio completo de soporte en l\u00ednea<\/div>\n<div class=\"pricing-footer\"><a href=\"https:\/\/xanthelasmaremoval.com\/product\/xanth-remover-without-money-back-guarantee\/\" class=\"sc-button\">Ordene ya<\/a><\/div>\n<\/div>\n<\/div>\n<\/div>\n<p>[\/vc_column][vc_column width=\u00bb1\/2&#8243;]<\/p>\n<div class=\"pricing-table row inline-row inline-row-center pricing-table-style-1 button-icon-cart\">\n<div class=\"pricing-column-wrapper col-md-3 col-sm-4 col-xs-6 inline-column highlighted\">\n<div class=\"pricing-column\">\n<div class=\"pricing-title-wrapper\">\n<div class=\"pricing-title\">\n<div class=\"title-h3\">Plan avanzado<\/div>\n<div class=\"subtitle\">El mejor plan de precio \/ cantidad<\/div>\n<\/div>\n<div class=\"pricing-column-top-choice\">\n<div class=\"pricing-column-top-choice-text\">NUEVO<\/div>\n<\/div>\n<\/div>\n<div class=\"pricing-price-row\" >\n<div class=\"pricing-price\" style=\"font-size: 57px;color: #705b96;\">\n<div class=\"pricing-cost\">$39<\/div>\n<p><span class=\"time\">Por orden<\/span><\/div>\n<\/div>\n<div class=\"pricing-row \">Con garant\u00eda de devoluci\u00f3n de dinero<\/div>\n<div class=\"pricing-row \">Incluye env\u00edo a TODO EL MUNDO.<\/div>\n<div class=\"pricing-row \">30ml de XanthRemover Gel<\/div>\n<div class=\"pricing-row \">Nuestro servicio completo de soporte en l\u00ednea<\/div>\n<div class=\"pricing-footer\"><a href=\"https:\/\/xanthelasmaremoval.com\/product\/xanthe-remover\/\" class=\"sc-button\">Ordene ya.<\/a><\/div>\n<\/div>\n<\/div>\n<\/div>\n<p>[\/vc_column][\/vc_row]<\/p>","protected":false},"excerpt":{"rendered":"<p>[vc_row][vc_column][vc_column_text] Eliminaci\u00f3n del xantelasma por crioterapia [\/vc_column_text][\/vc_column][\/vc_row][vc_row][vc_column][vc_zigzag][\/vc_column][\/vc_row][vc_row][vc_column width=\u00bb2\/3&#8243;][vc_column_text]Este tratamiento de eliminaci\u00f3n consiste en congelar el xantelasma con nitr\u00f3geno l\u00edquido u&#8230;<\/p>\n","protected":false},"author":66,"featured_media":0,"parent":0,"menu_order":0,"comment_status":"closed","ping_status":"closed","template":"","meta":{"footnotes":""},"class_list":["post-9783","page","type-page","status-publish","hentry"],"yoast_head":"<!-- This site is optimized with the Yoast SEO plugin v24.3 - https:\/\/yoast.com\/wordpress\/plugins\/seo\/ -->\n<title>Tratamiento del Xantelasma por Crioterapia - Xanthelasma Removal<\/title>\n<meta name=\"robots\" content=\"index, follow, max-snippet:-1, max-image-preview:large, max-video-preview:-1\" \/>\n<link rel=\"canonical\" href=\"https:\/\/xanthelasmaremoval.com\/freezing-xanthelasma-treatment\/\" \/>\n<meta property=\"og:locale\" content=\"es_ES\" \/>\n<meta property=\"og:type\" content=\"article\" \/>\n<meta property=\"og:title\" content=\"[:en]Freezing Xanthelasma treatment[:es]Tratamiento del Xantelasma por Crioterapia[:hi] \u092c\u0930\u094d\u092b\u093c\u0940\u0932\u0940 Xanthelasma \u0909\u092a\u091a\u093e\u0930[:] - Xanthelasma Removal\" \/>\n<meta property=\"og:description\" content=\"[vc_row][vc_column][vc_column_text] Eliminaci\u00f3n del xantelasma por crioterapia [\/vc_column_text][\/vc_column][\/vc_row][vc_row][vc_column][vc_zigzag][\/vc_column][\/vc_row][vc_row][vc_column width=\u00bb2\/3&#8243;][vc_column_text]Este tratamiento de eliminaci\u00f3n consiste en congelar el xantelasma con nitr\u00f3geno l\u00edquido u...\" \/>\n<meta property=\"og:url\" content=\"https:\/\/xanthelasmaremoval.com\/freezing-xanthelasma-treatment\/\" \/>\n<meta property=\"og:site_name\" content=\"Xanthelasma Removal\" \/>\n<meta property=\"article:modified_time\" content=\"2021-09-14T08:30:51+00:00\" \/>\n<meta name=\"twitter:card\" content=\"summary_large_image\" \/>\n<meta name=\"twitter:label1\" content=\"Tiempo de lectura\" \/>\n\t<meta name=\"twitter:data1\" content=\"15 minutos\" \/>\n<script type=\"application\/ld+json\" class=\"yoast-schema-graph\">{\"@context\":\"https:\/\/schema.org\",\"@graph\":[{\"@type\":\"WebPage\",\"@id\":\"https:\/\/xanthelasmaremoval.com\/freezing-xanthelasma-treatment\/\",\"url\":\"https:\/\/xanthelasmaremoval.com\/freezing-xanthelasma-treatment\/\",\"name\":\"[:en]Freezing Xanthelasma treatment[:es]Tratamiento del Xantelasma por Crioterapia[:hi] \u092c\u0930\u094d\u092b\u093c\u0940\u0932\u0940 Xanthelasma \u0909\u092a\u091a\u093e\u0930[:] - Xanthelasma Removal\",\"isPartOf\":{\"@id\":\"https:\/\/xanthelasmaremoval.com\/#website\"},\"datePublished\":\"2019-02-13T12:05:10+00:00\",\"dateModified\":\"2021-09-14T08:30:51+00:00\",\"breadcrumb\":{\"@id\":\"https:\/\/xanthelasmaremoval.com\/freezing-xanthelasma-treatment\/#breadcrumb\"},\"inLanguage\":\"es\",\"potentialAction\":[{\"@type\":\"ReadAction\",\"target\":[\"https:\/\/xanthelasmaremoval.com\/freezing-xanthelasma-treatment\/\"]}]},{\"@type\":\"BreadcrumbList\",\"@id\":\"https:\/\/xanthelasmaremoval.com\/freezing-xanthelasma-treatment\/#breadcrumb\",\"itemListElement\":[{\"@type\":\"ListItem\",\"position\":1,\"name\":\"Home\",\"item\":\"https:\/\/xanthelasmaremoval.com\/\"},{\"@type\":\"ListItem\",\"position\":2,\"name\":\"Freezing Xanthelasma treatment\"}]},{\"@type\":\"WebSite\",\"@id\":\"https:\/\/xanthelasmaremoval.com\/#website\",\"url\":\"https:\/\/xanthelasmaremoval.com\/\",\"name\":\"Xanthelasma Removal\",\"description\":\"The Xanthelasma Removal Solutions!\",\"potentialAction\":[{\"@type\":\"SearchAction\",\"target\":{\"@type\":\"EntryPoint\",\"urlTemplate\":\"https:\/\/xanthelasmaremoval.com\/?s={search_term_string}\"},\"query-input\":{\"@type\":\"PropertyValueSpecification\",\"valueRequired\":true,\"valueName\":\"search_term_string\"}}],\"inLanguage\":\"es\"}]}<\/script>\n<!-- \/ Yoast SEO plugin. -->","yoast_head_json":{"title":"[:en]Freezing Xanthelasma treatment[:es]Tratamiento del Xantelasma por Crioterapia[:hi] \u092c\u0930\u094d\u092b\u093c\u0940\u0932\u0940 Xanthelasma \u0909\u092a\u091a\u093e\u0930[:] - Xanthelasma Removal","robots":{"index":"index","follow":"follow","max-snippet":"max-snippet:-1","max-image-preview":"max-image-preview:large","max-video-preview":"max-video-preview:-1"},"canonical":"https:\/\/xanthelasmaremoval.com\/freezing-xanthelasma-treatment\/","og_locale":"es_ES","og_type":"article","og_title":"[:en]Freezing Xanthelasma treatment[:es]Tratamiento del Xantelasma por Crioterapia[:hi] \u092c\u0930\u094d\u092b\u093c\u0940\u0932\u0940 Xanthelasma \u0909\u092a\u091a\u093e\u0930[:] - Xanthelasma Removal","og_description":"[vc_row][vc_column][vc_column_text] Eliminaci\u00f3n del xantelasma por crioterapia [\/vc_column_text][\/vc_column][\/vc_row][vc_row][vc_column][vc_zigzag][\/vc_column][\/vc_row][vc_row][vc_column width=\u00bb2\/3&#8243;][vc_column_text]Este tratamiento de eliminaci\u00f3n consiste en congelar el xantelasma con nitr\u00f3geno l\u00edquido u...","og_url":"https:\/\/xanthelasmaremoval.com\/freezing-xanthelasma-treatment\/","og_site_name":"Xanthelasma Removal","article_modified_time":"2021-09-14T08:30:51+00:00","twitter_card":"summary_large_image","twitter_misc":{"Tiempo de lectura":"15 minutos"},"schema":{"@context":"https:\/\/schema.org","@graph":[{"@type":"WebPage","@id":"https:\/\/xanthelasmaremoval.com\/freezing-xanthelasma-treatment\/","url":"https:\/\/xanthelasmaremoval.com\/freezing-xanthelasma-treatment\/","name":"[:en]Freezing Xanthelasma treatment[:es]Tratamiento del Xantelasma por Crioterapia[:hi] \u092c\u0930\u094d\u092b\u093c\u0940\u0932\u0940 Xanthelasma \u0909\u092a\u091a\u093e\u0930[:] - Xanthelasma Removal","isPartOf":{"@id":"https:\/\/xanthelasmaremoval.com\/#website"},"datePublished":"2019-02-13T12:05:10+00:00","dateModified":"2021-09-14T08:30:51+00:00","breadcrumb":{"@id":"https:\/\/xanthelasmaremoval.com\/freezing-xanthelasma-treatment\/#breadcrumb"},"inLanguage":"es","potentialAction":[{"@type":"ReadAction","target":["https:\/\/xanthelasmaremoval.com\/freezing-xanthelasma-treatment\/"]}]},{"@type":"BreadcrumbList","@id":"https:\/\/xanthelasmaremoval.com\/freezing-xanthelasma-treatment\/#breadcrumb","itemListElement":[{"@type":"ListItem","position":1,"name":"Home","item":"https:\/\/xanthelasmaremoval.com\/"},{"@type":"ListItem","position":2,"name":"Freezing Xanthelasma treatment"}]},{"@type":"WebSite","@id":"https:\/\/xanthelasmaremoval.com\/#website","url":"https:\/\/xanthelasmaremoval.com\/","name":"Xanthelasma Removal","description":"The Xanthelasma Removal Solutions!","potentialAction":[{"@type":"SearchAction","target":{"@type":"EntryPoint","urlTemplate":"https:\/\/xanthelasmaremoval.com\/?s={search_term_string}"},"query-input":{"@type":"PropertyValueSpecification","valueRequired":true,"valueName":"search_term_string"}}],"inLanguage":"es"}]}},"_links":{"self":[{"href":"https:\/\/xanthelasmaremoval.com\/es\/wp-json\/wp\/v2\/pages\/9783"}],"collection":[{"href":"https:\/\/xanthelasmaremoval.com\/es\/wp-json\/wp\/v2\/pages"}],"about":[{"href":"https:\/\/xanthelasmaremoval.com\/es\/wp-json\/wp\/v2\/types\/page"}],"author":[{"embeddable":true,"href":"https:\/\/xanthelasmaremoval.com\/es\/wp-json\/wp\/v2\/users\/66"}],"replies":[{"embeddable":true,"href":"https:\/\/xanthelasmaremoval.com\/es\/wp-json\/wp\/v2\/comments?post=9783"}],"version-history":[{"count":62,"href":"https:\/\/xanthelasmaremoval.com\/es\/wp-json\/wp\/v2\/pages\/9783\/revisions"}],"predecessor-version":[{"id":14126,"href":"https:\/\/xanthelasmaremoval.com\/es\/wp-json\/wp\/v2\/pages\/9783\/revisions\/14126"}],"wp:attachment":[{"href":"https:\/\/xanthelasmaremoval.com\/es\/wp-json\/wp\/v2\/media?parent=9783"}],"curies":[{"name":"wp","href":"https:\/\/api.w.org\/{rel}","templated":true}]}}