{"id":9785,"date":"2019-02-13T12:25:41","date_gmt":"2019-02-13T12:25:41","guid":{"rendered":"https:\/\/xanthelasmaremoval.com\/?page_id=9785"},"modified":"2021-09-14T08:30:39","modified_gmt":"2021-09-14T08:30:39","slug":"xanthelasma-laser-treatment","status":"publish","type":"page","link":"https:\/\/xanthelasmaremoval.com\/es\/xanthelasma-laser-treatment\/","title":{"rendered":"Tratamientos del Xantelasma con l\u00e1seres"},"content":{"rendered":"<p>[vc_row][vc_column]<div class=\"sc-youtube sc-wrapbox sc-wrapbox-style-default rounded-corners sc-wrapbox-position-below\" style=\"width: 100%;\"><div class=\"sc-wrapbox-inner sc-ratio-style\" style=\"padding-top: 75%\"><iframe loading=\"lazy\" class=\"sc-wrapbox-element img-responsive\" width=\"100%\" height=\"300\" frameborder=\"0\" scrolling=\"no\" marginheight=\"0\" marginwidth=\"0\" src=\"\/\/www.youtube.com\/embed\/Ume6u785oJU?rel=0&amp;wmode=opaque\"><\/iframe><\/div><\/div>[vc_column_text]<\/p>\n<blockquote>\n<p style=\"font-size: 22px; font-weight: 600; line-height: 40px; text-align: center;\">El tratamiento del xantelasma con l\u00e1ser\u00a0 es muy efectivo para eliminarlos, pero son<br \/>\nmuy costosos. Este m\u00e9todo de eliminaci\u00f3n del xantelasma con l\u00e1ser\u00a0 es similar a la electr\u00f3lisis o arco el\u00e9ctrico, pero es un poco m\u00e1s dif\u00edcil de realizar y tambi\u00e9n\u00a0 peligroso.<\/p>\n<\/blockquote>\n<p>[\/vc_column_text][\/vc_column][\/vc_row][vc_row css=\u00bb.vc_custom_1563808728694{background-image: url(https:\/\/xanthelasmaremoval.com\/wp-content\/uploads\/2019\/03\/bg_header.png?id=10873) !important;}\u00bb][vc_column][vc_column_text]<\/p>\n<h2 class=\"white\">La ablaci\u00f3n con l\u00e1ser<\/h2>\n<p><span style=\"color: #ffffff;\">Los tipos de l\u00e0seres para eliminar los xantelasmas, incluidos di\u00f3xido de carbono (CO2), arg\u00f3n, erbio (Er). El CO2, granate de arg\u00f3n de itrio dopado con neodimio (Nd: YAG), Er: YAG y l\u00e1ser de diodo de 1450 nm.<\/span><\/p>\n<p><span style=\"color: #ffffff;\"><img loading=\"lazy\" decoding=\"async\" class=\" wp-image-10136 alignright\" src=\"https:\/\/xanthelasmaremoval.com\/wp-content\/uploads\/2019\/02\/hqdefault.jpg\" alt=\"\" width=\"293\" height=\"220\" srcset=\"https:\/\/xanthelasmaremoval.com\/wp-content\/uploads\/2019\/02\/hqdefault.jpg 480w, https:\/\/xanthelasmaremoval.com\/wp-content\/uploads\/2019\/02\/hqdefault-450x338.jpg 450w, https:\/\/xanthelasmaremoval.com\/wp-content\/uploads\/2019\/02\/hqdefault-300x225.jpg 300w\" sizes=\"(max-width: 293px) 100vw, 293px\" \/><\/span><\/p>\n<p>&nbsp;<\/p>\n<p>&nbsp;<\/p>\n<p><span style=\"color: #ffffff;\">Todos, estos l\u00e1seres se utilizan con la longitud de onda m\u00e1s larga de luz absorbida, lo que permite su uso en la eliminaci\u00f3n de lesiones epid\u00e9rmicas o del xantelasma.<\/span><\/p>\n<p>[\/vc_column_text][\/vc_column][\/vc_row][vc_row][vc_column][vc_column_text]<\/p>\n<h3>\u00bfQu\u00e9 es un l\u00e1ser de CO2?<\/h3>\n<p>[\/vc_column_text][vc_row_inner][vc_column_inner][vc_column_text]Los l\u00e1seres de CO2 son los dispositivos preferidos utilizados en la eliminaci\u00f3n de los xantelasmas con l\u00e1ser. Este tratamiento es muy efectivo debido a las propiedades ablativas de los l\u00e1seres de CO2. Tambi\u00e9n otros tipos de l\u00e1ser son usados para la eliminaci\u00f3n del Xantelasma.<\/p>\n<p><img loading=\"lazy\" decoding=\"async\" class=\"size-full wp-image-11555 alignright\" src=\"https:\/\/xanthelasmaremoval.com\/wp-content\/uploads\/2019\/07\/AcuPulse-WG_40-340x255.png\" alt=\"\" width=\"340\" height=\"255\" srcset=\"https:\/\/xanthelasmaremoval.com\/wp-content\/uploads\/2019\/07\/AcuPulse-WG_40-340x255.png 340w, https:\/\/xanthelasmaremoval.com\/wp-content\/uploads\/2019\/07\/AcuPulse-WG_40-340x255-300x225.png 300w\" sizes=\"(max-width: 340px) 100vw, 340px\" \/><\/p>\n<p>&nbsp;<\/p>\n<p>El CO2 se considera el l\u00e1ser ablativo est\u00e1ndar oro. La vaporizaci\u00f3n del agua dentro de las c\u00e9lulas da como resultado la ablaci\u00f3n de la piel capa por capa. Se han informado en varios estudios que utilizan l\u00e1ser de CO2 para tratar pacientes con xantelasma.<\/p>\n<p>El resultado general fue excelente y la resoluci\u00f3n inicial completa se logr\u00f3 en la mayor\u00eda de los casos estudiados. Todas las lesiones se eliminaron con \u00e9xito en todos los casos, sin cicatrices alguna asociadas y una tasa de recurrencia del 13% en los 10 meses posteriores a la eliminaci\u00f3n del xantelasma.[\/vc_column_text][\/vc_column_inner][\/vc_row_inner][\/vc_column][\/vc_row][vc_row][vc_column][vc_row_inner][vc_column_inner][vc_column_text]Un l\u00e1ser funciona irradiando una longitud de onda de luz de alta energ\u00eda. Su longitud de onda se mide en nan\u00f3metros (nm).<\/p>\n<p>Estos l\u00e1seres tienen muchas funciones diferentes en el campo m\u00e9dico y cient\u00edfico para procesos como la cirug\u00eda l\u00e1ser y la espectroscop\u00eda l\u00e1ser. Estos l\u00e1seres generalmente funcionan en dos modos, el modo pulsado y el modo continuo. Diferentes fabricantes tienen ciertas configuraciones y par\u00e1metros, por lo tanto, pueden operar con muchas m\u00e1s funcionalidades dependiendo de los mismos fabricantes.<\/p>\n<p><img loading=\"lazy\" decoding=\"async\" class=\"size-full wp-image-11494 alignright\" src=\"https:\/\/xanthelasmaremoval.com\/wp-content\/uploads\/2019\/07\/intraocular-protector-e1563803644135.png\" alt=\"\" width=\"390\" height=\"193\" srcset=\"https:\/\/xanthelasmaremoval.com\/wp-content\/uploads\/2019\/07\/intraocular-protector-e1563803644135.png 390w, https:\/\/xanthelasmaremoval.com\/wp-content\/uploads\/2019\/07\/intraocular-protector-e1563803644135-300x148.png 300w\" sizes=\"(max-width: 390px) 100vw, 390px\" \/><\/p>\n<p>La funci\u00f3n m\u00e1s\u00a0 com\u00fan utilizada es el modo continuo para la eliminaci\u00f3n del Xantelasma.<\/p>\n<p>Los l\u00e1seres son potentes, esta potencia puede usarse para cortar el metal por ejemplo. El l\u00e0ser puede tienen bastante potencia que pueden da\u00f1ar los ojos, por eso es importante y recomemdable utilizar protecci\u00f3n ocular durante la eliminaci\u00f3n del xantelasma debido al hecho de que la alta energ\u00eda irradiada por el l\u00e1ser podr\u00eda penetrar a trav\u00e9s del p\u00e1rpado superior y causar lesiones no deseadas dentro del ojo mismo.[\/vc_column_text][\/vc_column_inner][\/vc_row_inner][\/vc_column][\/vc_row][vc_row][vc_column]<div class=\"sc-textbox rounded-corners\"  style=\"\"><div class=\"sc-textbox-content\" style=\"background-color: #f1f5f8;background-position: center top;\"><div class=\"sc-icon-with-text sc-icon-with-text-icon-size-medium\"><div class=\"sc-icon-with-text-icon\"><div class=\"sc-icon sc-icon-size-medium  sc-icon-shape-circle\" style=\"background-color: #90ba8f;border: 2px solid #90ba8f;\"><span class=\"sc-icon-half-1\" style=\"color: #ffffff;\"><span class=\"back-angle\">&#xe661;<\/span><\/span><span class=\"sc-icon-half-2\" style=\"color: #ffffff;\"><span class=\"back-angle\">&#xe661;<\/span><\/span><\/div><\/div><div class=\"sc-icon-with-text-content\"><div class=\"sc-icon-with-text-text\">[vc_column_text]<\/p>\n<h4>XanthRemover es mejor que cualquier otro producto \u00abC\u00f3mprelo ahora para eliminar su xantelasma\u00bb<\/h4>\n<p>[\/vc_column_text]<\/div><\/div><div class=\"clearboth\"><\/div><\/div><\/div><\/div>[\/vc_column][\/vc_row][vc_row][vc_column width=\u00bb1\/2&#8243;]<\/p>\n<div class=\"pricing-table row inline-row inline-row-center pricing-table-style-1 button-icon-cart\">\n<div class=\"pricing-column-wrapper col-md-3 col-sm-4 col-xs-6 inline-column highlighted\">\n<div class=\"pricing-column\">\n<div class=\"pricing-title-wrapper\">\n<div class=\"pricing-title\">\n<div class=\"title-h3\">Orden normal<\/div>\n<div class=\"subtitle\">El mejor plan de precio \/ cantidad<\/div>\n<\/div>\n<div class=\"pricing-column-top-choice\">\n<div class=\"pricing-column-top-choice-text\">NUEVO<\/div>\n<\/div>\n<\/div>\n<div class=\"pricing-price-row\" >\n<div class=\"pricing-price\" style=\"font-size: 57px;color: #705b96;\">\n<div class=\"pricing-cost\">$13<\/div>\n<p><span class=\"time\">Por orden<\/span><\/div>\n<\/div>\n<div class=\"pricing-row  strike\">Con garant\u00eda de devoluci\u00f3n de dinero<\/div>\n<div class=\"pricing-row \">Incluye el env\u00edo a TODO EL MUNDO<\/div>\n<div class=\"pricing-row \">30ml de XanthRemover Gel<\/div>\n<div class=\"pricing-row \">Nuestro servicio completo de soporte en l\u00ednea<\/div>\n<div class=\"pricing-footer\"><a href=\"https:\/\/xanthelasmaremoval.com\/product\/xanth-remover-without-money-back-guarantee\/\" class=\"sc-button\">Ordene ya<\/a><\/div>\n<\/div>\n<\/div>\n<\/div>\n<p>[\/vc_column][vc_column width=\u00bb1\/2&#8243;]<\/p>\n<div class=\"pricing-table row inline-row inline-row-center pricing-table-style-1 button-icon-cart\">\n<div class=\"pricing-column-wrapper col-md-3 col-sm-4 col-xs-6 inline-column highlighted\">\n<div class=\"pricing-column\">\n<div class=\"pricing-title-wrapper\">\n<div class=\"pricing-title\">\n<div class=\"title-h3\">Plan avanzado<\/div>\n<div class=\"subtitle\">El mejor plan de precio \/ cantidad<\/div>\n<\/div>\n<div class=\"pricing-column-top-choice\">\n<div class=\"pricing-column-top-choice-text\">NUEVO<\/div>\n<\/div>\n<\/div>\n<div class=\"pricing-price-row\" >\n<div class=\"pricing-price\" style=\"font-size: 57px;color: #705b96;\">\n<div class=\"pricing-cost\">$39<\/div>\n<p><span class=\"time\">Por orden<\/span><\/div>\n<\/div>\n<div class=\"pricing-row \">Con garant\u00eda de devoluci\u00f3n de dinero<\/div>\n<div class=\"pricing-row \">Incluye env\u00edo a TODO EL MUNDO.<\/div>\n<div class=\"pricing-row \">30ml de XanthRemover Gel<\/div>\n<div class=\"pricing-row \">Nuestro servicio completo de soporte en l\u00ednea<\/div>\n<div class=\"pricing-footer\"><a href=\"https:\/\/xanthelasmaremoval.com\/product\/xanthe-remover\/\" class=\"sc-button\">Ordene ya.<\/a><\/div>\n<\/div>\n<\/div>\n<\/div>\n<p>[\/vc_column][\/vc_row]<\/p>","protected":false},"excerpt":{"rendered":"<p>[vc_row][vc_column][vc_column_text] El tratamiento del xantelasma con l\u00e1ser\u00a0 es muy efectivo para eliminarlos, pero son muy costosos. Este m\u00e9todo de eliminaci\u00f3n&#8230;<\/p>\n","protected":false},"author":66,"featured_media":0,"parent":0,"menu_order":0,"comment_status":"closed","ping_status":"closed","template":"","meta":{"footnotes":""},"class_list":["post-9785","page","type-page","status-publish","hentry"],"yoast_head":"<!-- This site is optimized with the Yoast SEO plugin v24.3 - https:\/\/yoast.com\/wordpress\/plugins\/seo\/ -->\n<title>Tratamientos del Xantelasma con l\u00e1seres - Xanthelasma Removal<\/title>\n<meta name=\"robots\" content=\"index, follow, max-snippet:-1, max-image-preview:large, max-video-preview:-1\" \/>\n<link rel=\"canonical\" href=\"https:\/\/xanthelasmaremoval.com\/xanthelasma-laser-treatment\/\" \/>\n<meta property=\"og:locale\" content=\"es_ES\" \/>\n<meta property=\"og:type\" content=\"article\" \/>\n<meta property=\"og:title\" content=\"[:en]Xanthelasma Laser Treatment[:es]Tratamientos del Xantelasma con l\u00e1seres[:] - Xanthelasma Removal\" \/>\n<meta property=\"og:description\" content=\"[vc_row][vc_column][vc_column_text] El tratamiento del xantelasma con l\u00e1ser\u00a0 es muy efectivo para eliminarlos, pero son muy costosos. Este m\u00e9todo de eliminaci\u00f3n...\" \/>\n<meta property=\"og:url\" content=\"https:\/\/xanthelasmaremoval.com\/xanthelasma-laser-treatment\/\" \/>\n<meta property=\"og:site_name\" content=\"Xanthelasma Removal\" \/>\n<meta property=\"article:modified_time\" content=\"2021-09-14T08:30:39+00:00\" \/>\n<meta property=\"og:image\" content=\"https:\/\/xanthelasmaremoval.com\/wp-content\/uploads\/2019\/02\/hqdefault.jpg\" \/>\n<meta name=\"twitter:card\" content=\"summary_large_image\" \/>\n<meta name=\"twitter:label1\" content=\"Tiempo de lectura\" \/>\n\t<meta name=\"twitter:data1\" content=\"12 minutos\" \/>\n<script type=\"application\/ld+json\" class=\"yoast-schema-graph\">{\"@context\":\"https:\/\/schema.org\",\"@graph\":[{\"@type\":\"WebPage\",\"@id\":\"https:\/\/xanthelasmaremoval.com\/xanthelasma-laser-treatment\/\",\"url\":\"https:\/\/xanthelasmaremoval.com\/xanthelasma-laser-treatment\/\",\"name\":\"[:en]Xanthelasma Laser Treatment[:es]Tratamientos del Xantelasma con l\u00e1seres[:] - Xanthelasma Removal\",\"isPartOf\":{\"@id\":\"https:\/\/xanthelasmaremoval.com\/#website\"},\"primaryImageOfPage\":{\"@id\":\"https:\/\/xanthelasmaremoval.com\/xanthelasma-laser-treatment\/#primaryimage\"},\"image\":{\"@id\":\"https:\/\/xanthelasmaremoval.com\/xanthelasma-laser-treatment\/#primaryimage\"},\"thumbnailUrl\":\"https:\/\/xanthelasmaremoval.com\/wp-content\/uploads\/2019\/02\/hqdefault.jpg\",\"datePublished\":\"2019-02-13T12:25:41+00:00\",\"dateModified\":\"2021-09-14T08:30:39+00:00\",\"breadcrumb\":{\"@id\":\"https:\/\/xanthelasmaremoval.com\/xanthelasma-laser-treatment\/#breadcrumb\"},\"inLanguage\":\"es\",\"potentialAction\":[{\"@type\":\"ReadAction\",\"target\":[\"https:\/\/xanthelasmaremoval.com\/xanthelasma-laser-treatment\/\"]}]},{\"@type\":\"ImageObject\",\"inLanguage\":\"es\",\"@id\":\"https:\/\/xanthelasmaremoval.com\/xanthelasma-laser-treatment\/#primaryimage\",\"url\":\"https:\/\/xanthelasmaremoval.com\/wp-content\/uploads\/2019\/02\/hqdefault.jpg\",\"contentUrl\":\"https:\/\/xanthelasmaremoval.com\/wp-content\/uploads\/2019\/02\/hqdefault.jpg\"},{\"@type\":\"BreadcrumbList\",\"@id\":\"https:\/\/xanthelasmaremoval.com\/xanthelasma-laser-treatment\/#breadcrumb\",\"itemListElement\":[{\"@type\":\"ListItem\",\"position\":1,\"name\":\"Home\",\"item\":\"https:\/\/xanthelasmaremoval.com\/\"},{\"@type\":\"ListItem\",\"position\":2,\"name\":\"Xanthelasma Laser Treatment\"}]},{\"@type\":\"WebSite\",\"@id\":\"https:\/\/xanthelasmaremoval.com\/#website\",\"url\":\"https:\/\/xanthelasmaremoval.com\/\",\"name\":\"Xanthelasma Removal\",\"description\":\"The Xanthelasma Removal Solutions!\",\"potentialAction\":[{\"@type\":\"SearchAction\",\"target\":{\"@type\":\"EntryPoint\",\"urlTemplate\":\"https:\/\/xanthelasmaremoval.com\/?s={search_term_string}\"},\"query-input\":{\"@type\":\"PropertyValueSpecification\",\"valueRequired\":true,\"valueName\":\"search_term_string\"}}],\"inLanguage\":\"es\"}]}<\/script>\n<!-- \/ Yoast SEO plugin. -->","yoast_head_json":{"title":"[:en]Xanthelasma Laser Treatment[:es]Tratamientos del Xantelasma con l\u00e1seres[:] - Xanthelasma Removal","robots":{"index":"index","follow":"follow","max-snippet":"max-snippet:-1","max-image-preview":"max-image-preview:large","max-video-preview":"max-video-preview:-1"},"canonical":"https:\/\/xanthelasmaremoval.com\/xanthelasma-laser-treatment\/","og_locale":"es_ES","og_type":"article","og_title":"[:en]Xanthelasma Laser Treatment[:es]Tratamientos del Xantelasma con l\u00e1seres[:] - Xanthelasma Removal","og_description":"[vc_row][vc_column][vc_column_text] El tratamiento del xantelasma con l\u00e1ser\u00a0 es muy efectivo para eliminarlos, pero son muy costosos. Este m\u00e9todo de eliminaci\u00f3n...","og_url":"https:\/\/xanthelasmaremoval.com\/xanthelasma-laser-treatment\/","og_site_name":"Xanthelasma Removal","article_modified_time":"2021-09-14T08:30:39+00:00","og_image":[{"url":"https:\/\/xanthelasmaremoval.com\/wp-content\/uploads\/2019\/02\/hqdefault.jpg","type":"","width":"","height":""}],"twitter_card":"summary_large_image","twitter_misc":{"Tiempo de lectura":"12 minutos"},"schema":{"@context":"https:\/\/schema.org","@graph":[{"@type":"WebPage","@id":"https:\/\/xanthelasmaremoval.com\/xanthelasma-laser-treatment\/","url":"https:\/\/xanthelasmaremoval.com\/xanthelasma-laser-treatment\/","name":"[:en]Xanthelasma Laser Treatment[:es]Tratamientos del Xantelasma con l\u00e1seres[:] - Xanthelasma Removal","isPartOf":{"@id":"https:\/\/xanthelasmaremoval.com\/#website"},"primaryImageOfPage":{"@id":"https:\/\/xanthelasmaremoval.com\/xanthelasma-laser-treatment\/#primaryimage"},"image":{"@id":"https:\/\/xanthelasmaremoval.com\/xanthelasma-laser-treatment\/#primaryimage"},"thumbnailUrl":"https:\/\/xanthelasmaremoval.com\/wp-content\/uploads\/2019\/02\/hqdefault.jpg","datePublished":"2019-02-13T12:25:41+00:00","dateModified":"2021-09-14T08:30:39+00:00","breadcrumb":{"@id":"https:\/\/xanthelasmaremoval.com\/xanthelasma-laser-treatment\/#breadcrumb"},"inLanguage":"es","potentialAction":[{"@type":"ReadAction","target":["https:\/\/xanthelasmaremoval.com\/xanthelasma-laser-treatment\/"]}]},{"@type":"ImageObject","inLanguage":"es","@id":"https:\/\/xanthelasmaremoval.com\/xanthelasma-laser-treatment\/#primaryimage","url":"https:\/\/xanthelasmaremoval.com\/wp-content\/uploads\/2019\/02\/hqdefault.jpg","contentUrl":"https:\/\/xanthelasmaremoval.com\/wp-content\/uploads\/2019\/02\/hqdefault.jpg"},{"@type":"BreadcrumbList","@id":"https:\/\/xanthelasmaremoval.com\/xanthelasma-laser-treatment\/#breadcrumb","itemListElement":[{"@type":"ListItem","position":1,"name":"Home","item":"https:\/\/xanthelasmaremoval.com\/"},{"@type":"ListItem","position":2,"name":"Xanthelasma Laser Treatment"}]},{"@type":"WebSite","@id":"https:\/\/xanthelasmaremoval.com\/#website","url":"https:\/\/xanthelasmaremoval.com\/","name":"Xanthelasma Removal","description":"The Xanthelasma Removal Solutions!","potentialAction":[{"@type":"SearchAction","target":{"@type":"EntryPoint","urlTemplate":"https:\/\/xanthelasmaremoval.com\/?s={search_term_string}"},"query-input":{"@type":"PropertyValueSpecification","valueRequired":true,"valueName":"search_term_string"}}],"inLanguage":"es"}]}},"_links":{"self":[{"href":"https:\/\/xanthelasmaremoval.com\/es\/wp-json\/wp\/v2\/pages\/9785"}],"collection":[{"href":"https:\/\/xanthelasmaremoval.com\/es\/wp-json\/wp\/v2\/pages"}],"about":[{"href":"https:\/\/xanthelasmaremoval.com\/es\/wp-json\/wp\/v2\/types\/page"}],"author":[{"embeddable":true,"href":"https:\/\/xanthelasmaremoval.com\/es\/wp-json\/wp\/v2\/users\/66"}],"replies":[{"embeddable":true,"href":"https:\/\/xanthelasmaremoval.com\/es\/wp-json\/wp\/v2\/comments?post=9785"}],"version-history":[{"count":84,"href":"https:\/\/xanthelasmaremoval.com\/es\/wp-json\/wp\/v2\/pages\/9785\/revisions"}],"predecessor-version":[{"id":14125,"href":"https:\/\/xanthelasmaremoval.com\/es\/wp-json\/wp\/v2\/pages\/9785\/revisions\/14125"}],"wp:attachment":[{"href":"https:\/\/xanthelasmaremoval.com\/es\/wp-json\/wp\/v2\/media?parent=9785"}],"curies":[{"name":"wp","href":"https:\/\/api.w.org\/{rel}","templated":true}]}}