{"id":9899,"date":"2019-02-18T10:49:30","date_gmt":"2019-02-18T10:49:30","guid":{"rendered":"https:\/\/xanthelasmaremoval.com\/?page_id=9899"},"modified":"2021-09-14T08:37:25","modified_gmt":"2021-09-14T08:37:25","slug":"why-and-how-certain-xanthelasma-treatments-do-not-leave-scars","status":"publish","type":"page","link":"https:\/\/xanthelasmaremoval.com\/es\/why-and-how-certain-xanthelasma-treatments-do-not-leave-scars\/","title":{"rendered":"\u00bfC\u00f3mo y por qu\u00e9 en  ciertos tratamientos del Xantelasma no dejan alguna cicatriz?"},"content":{"rendered":"<p>[vc_row][vc_column]<div class=\"sc-youtube sc-wrapbox sc-wrapbox-style-default rounded-corners sc-wrapbox-position-below\" style=\"width: 100%;\"><div class=\"sc-wrapbox-inner sc-ratio-style\" style=\"padding-top: 50%\"><iframe loading=\"lazy\" class=\"sc-wrapbox-element img-responsive\" width=\"100%\" height=\"300\" frameborder=\"0\" scrolling=\"no\" marginheight=\"0\" marginwidth=\"0\" src=\"\/\/www.youtube.com\/embed\/7tGxBqgmVN4?rel=0&amp;wmode=opaque\"><\/iframe><\/div><\/div>[\/vc_column][\/vc_row][vc_row][vc_column][vc_column_text]<a href=\"https:\/\/xanthelasmaremoval.com\/es\/xanthelasma-and-high-cholesterol\/\">El xantelasma es una formaci\u00f3n de colesterol<\/a> que se acumula entre la dermis y la epidermis. No importa cu\u00e1n grande o profundo sea el Xantelasma, estas lesiones no afectan la dermis. Por lo tanto, es posible tratar el xantelasma y eliminarlos con \u00e9xito sin dejar cicatrices. Los peelings personalizados son la soluci\u00f3n menos costosa y m\u00e1s conveniente para tratar y eliminar con \u00e9xito los xantelasmas sin dejar cicatrices.<\/p>\n<p><strong>Las dos precauciones principales que se deben tomar<\/strong> para no causar cicatrices despu\u00e9s de cualquier tipo de ablaci\u00f3n dermatol\u00f3gica son:<\/p>\n<ul>\n<li>La dermis no debe verse afectada por el tratamiento<\/li>\n<li>No tiene que desarrollarse infecci\u00f3n despu\u00e9s del tratamiento<\/li>\n<\/ul>\n<p>[\/vc_column_text][\/vc_column][\/vc_row][vc_row full_width=\u00bbstretch_row\u00bb el_class=\u00bbwhite\u00bb css=\u00bb.vc_custom_1554547771316{padding-top: 5% !important;padding-bottom: 5% !important;background-image: url(https:\/\/xanthelasmaremoval.com\/wp-content\/uploads\/2019\/03\/bg_header.png?id=10873) !important;background-position: 0 0 !important;background-repeat: repeat !important;}\u00bb][vc_column width=\u00bb2\/3&#8243;][vc_column_text]<\/p>\n<p style=\"text-align: justify;\">Gracias al moderno equipo m\u00e9dico que hace posible la ablaci\u00f3n del tejido de la piel con un alto grado de precisi\u00f3n, no es posible con un bistur\u00ed manual. Este alto nivel de precisi\u00f3n de ablaci\u00f3n permite al operador dejar la dermis intacta. Es por eso que el l\u00e1ser, el Hyfrecator y otros instrumentos son muy efectivos para eliminar el xantelasma sin dejar cicatrices.<br \/>\nSin embargo, en algunos casos no es aconsejable tratar de eliminar toda la lesi\u00f3n dentro de una sesi\u00f3n a menos que el Xantelasma siga siendo superficial. Si el Xantelasma ha crecido particularmente profundamente en la piel, no es recomendable eliminarlos dentro de una sesi\u00f3n, incluso utilizando un equipo m\u00e9dico sofisticado, ya que esto probablemente causar\u00e1 cicatrices. Por lo tanto, en caso de que est\u00e9 tratando de eliminar un Xantelasma grueso, no es aconsejable hacerlo dentro de una sesi\u00f3n, porque el tratamiento podr\u00eda ser demasiado agresivo y se podr\u00eda da\u00f1ar la dermis.<\/p>\n<p>[\/vc_column_text][\/vc_column][vc_column width=\u00bb1\/3&#8243;][vc_single_image image=\u00bb9896&#8243; img_size=\u00bbfull\u00bb][vc_column_text]<strong>El tratamiento con l\u00e1ser del xantelasma es demasiado profundo en el p\u00e1rpado izquierdo. Cicatrizaci\u00f3n por segunda intenci\u00f3n.<\/strong>[\/vc_column_text][\/vc_column][\/vc_row][vc_row][vc_column][vc_row_inner][vc_column_inner width=\u00bb2\/3&#8243;][vc_column_text]El paciente en la imagen del lado derecho inevitablemente desarroll\u00f3 una cicatriz en los ojos porque la escisi\u00f3n era demasiado profunda. Esto se hizo con la clara intenci\u00f3n de eliminar el <a href=\"https:\/\/xanthelasmaremoval.com\/es\/what-is-xanthelasma\/\"><strong>Xantelasma<\/strong><\/a> dentro de una sesi\u00f3n. Esto no era aconsejable y el paciente deber\u00eda haberse sometido al menos a un par de sesiones m\u00e1s.[\/vc_column_text][\/vc_column_inner][vc_column_inner width=\u00bb1\/3&#8243;][vc_single_image image=\u00bb10731&#8243; img_size=\u00bbfull\u00bb][\/vc_column_inner][\/vc_row_inner][vc_column_text]La primera sesi\u00f3n se optar\u00eda para eliminar la mayor parte del<a href=\"https:\/\/xanthelasmaremoval.com\/es\/what-is-xanthelasma\/\"> xantelasma,<\/a> seguida de al menos 6 semanas de cicatrizaci\u00f3n despu\u00e9s. Estas 6 semanas habr\u00edan permitido la reconstrucci\u00f3n natural del tejido necesario para tratar al paciente con el l\u00e1ser nuevamente y dejar la dermis intacta y, por lo tanto, sin dejar alguna cicatriz. Presionar para la eliminaci\u00f3n del xantelasma dentro de una sesi\u00f3n es una pr\u00e1ctica com\u00fan en la atenci\u00f3n m\u00e9dica privada y la cirug\u00eda est\u00e9tica. Esto se debe simplemente a que las citas proporcionadas son generalmente para la eliminaci\u00f3n completa del xantelasma y cuanto menor sea el n\u00famero de tratamientos, mayores ser\u00e1n los m\u00e1rgenes realizados.[\/vc_column_text][\/vc_column][\/vc_row][vc_row full_width=\u00bbstretch_row\u00bb el_class=\u00bbwhite\u00bb css=\u00bb.vc_custom_1554548028849{padding-top: 3% !important;padding-bottom: 3% !important;background-image: url(https:\/\/xanthelasmaremoval.com\/wp-content\/uploads\/2019\/03\/bg_header.png?id=10873) !important;background-position: 0 0 !important;background-repeat: repeat !important;}\u00bb][vc_column][vc_column_text]Debido a los modernos equipos especializados, el dermat\u00f3logo tiene toda la instrumentaci\u00f3n necesaria para eliminar el Xantelasma sin afectar la dermis y, por lo tanto, minimizando el riesgo de desarrollar cicatrices. Sin embargo, cuando el <a href=\"https:\/\/xanthelasmaremoval.com\/es\/what-is-xanthelasma\/\">Xantelasma<\/a> es muy grueso, siempre es aconsejable, como se muestra en la imagen anterior, someterse a m\u00faltiples sesiones en lugar de apresurarse a eliminarlo en una sola sesi\u00f3n. Cuando el dermat\u00f3logo proceda a eliminar un Xantelasma, podr\u00e1 dirigirse selectivamente a los dep\u00f3sitos de colesterol dejando la dermis intacta, la probabilidad de generar\u00a0 una cicatriz es muy baja.[\/vc_column_text][\/vc_column][\/vc_row][vc_row][vc_column width=\u00bb1\/2&#8243;][vc_column_text]<span title=\"\">El mismo nivel de precisi\u00f3n es posible con equipos m\u00e9dicos especializados y ahora tambi\u00e9n es posible con el <a href=\"https:\/\/xanthelasmaremoval.com\/es\/xanthremover\/\">XanthRemover<\/a> personalizado.<\/span> <span title=\"\">Si aplica el producto como se indica, apuntar\u00e1 exclusivamente a la parte superficial de la piel y al <a href=\"https:\/\/xanthelasmaremoval.com\/es\/what-is-xanthelasma\/\">Xantelasma<\/a> mismo, dejando la dermis intacta.<\/span> <span title=\"\">Adem\u00e1s, cuando se usa\u00a0 el <a href=\"https:\/\/xanthelasmaremoval.com\/es\/xanthremover\/\">XanthRemover<\/a>, los riesgos de infecci\u00f3n son extremadamente bajos, ya que este no causa una herida abierta.<\/span> <span title=\"\">En consecuencia, los riesgos de generar alguna cicatriz son a\u00fan m\u00e1s bajos al usar\u00a0 el XanthRemover que cualquier otro tipo de escisi\u00f3n particular.<\/span><\/p>\n<div class=\"tlid-results-container results-container\">\n<div class=\"tlid-result result-dict-wrapper\">\n<div class=\"result tlid-copy-target\">\n<div class=\"text-wrap tlid-copy-target\">\n<div class=\"result-shield-container tlid-copy-target\" tabindex=\"0\"><span class=\"tlid-translation translation\" lang=\"es\"><span class=\"tlid-translation translation\" lang=\"es\"><br \/>\n<span class=\"\" title=\"\"><b>Aunque se puede minimizar las cicatrices despu\u00e9s de los tratamientos, ning\u00fan de ellos puede garantizar que no se formen cicatrices despu\u00e9s de la eliminaci\u00f3n del xantelasma.<\/b><\/span><\/span><\/span><\/div>\n<\/div>\n<div tabindex=\"0\"><\/div>\n<div class=\"text-wrap tlid-copy-target\">\n<div tabindex=\"0\"><\/div>\n<div class=\"result-shield-container tlid-copy-target\" tabindex=\"0\"><a href=\"https:\/\/xanthelasmaremoval.com\/es\/xanthremover\/\"><span class=\"\" title=\"\">Lea m\u00e1s sobre el XantheRemover<\/span><\/a><\/div>\n<\/div>\n<\/div>\n<\/div>\n<\/div>\n<p>[\/vc_column_text][vc_column_text][\/vc_column_text][\/vc_column][vc_column width=\u00bb1\/2&#8243;][vc_single_image image=\u00bb9906&#8243; img_size=\u00bbfull\u00bb][vc_column_text]<strong>El Xantelasma desapareci\u00f3 sin dejar rastro alguno<\/strong>[\/vc_column_text][\/vc_column][\/vc_row][vc_row][vc_column][vc_zigzag][\/vc_column][\/vc_row][vc_row][vc_column]<div class=\"sc-textbox rounded-corners\"  style=\"\"><div class=\"sc-textbox-content\" style=\"background-color: #f1f5f8;background-position: center top;\"><div class=\"sc-icon-with-text sc-icon-with-text-icon-size-medium\"><div class=\"sc-icon-with-text-icon\"><div class=\"sc-icon sc-icon-size-medium  sc-icon-shape-circle\" style=\"background-color: #90ba8f;border: 2px solid #90ba8f;\"><span class=\"sc-icon-half-1\" style=\"color: #ffffff;\"><span class=\"back-angle\">&#xe661;<\/span><\/span><span class=\"sc-icon-half-2\" style=\"color: #ffffff;\"><span class=\"back-angle\">&#xe661;<\/span><\/span><\/div><\/div><div class=\"sc-icon-with-text-content\"><div class=\"sc-icon-with-text-text\">[vc_column_text]<\/p>\n<h4>El XanthRemover, mejor que cualquier otro producto \u00abC\u00f3mprelo ahora para eliminar su xantelasma\u00bb<\/h4>\n<p>[\/vc_column_text]<\/div><\/div><div class=\"clearboth\"><\/div><\/div><\/div><\/div>[\/vc_column][\/vc_row][vc_row][vc_column width=\u00bb1\/2&#8243;]<\/p>\n<div class=\"pricing-table row inline-row inline-row-center pricing-table-style-1 button-icon-cart\">\n<div class=\"pricing-column-wrapper col-md-3 col-sm-4 col-xs-6 inline-column highlighted\">\n<div class=\"pricing-column\">\n<div class=\"pricing-title-wrapper\">\n<div class=\"pricing-title\">\n<div class=\"title-h3\">Orden normal<\/div>\n<div class=\"subtitle\">El mejor plan de precio \/ cantidad<\/div>\n<\/div>\n<div class=\"pricing-column-top-choice\">\n<div class=\"pricing-column-top-choice-text\">NUEVO<\/div>\n<\/div>\n<\/div>\n<div class=\"pricing-price-row\" >\n<div class=\"pricing-price\" style=\"font-size: 57px;color: #705b96;\">\n<div class=\"pricing-cost\">$13<\/div>\n<p><span class=\"time\">Por orden<\/span><\/div>\n<\/div>\n<div class=\"pricing-row  strike\">Con garant\u00eda de devoluci\u00f3n de dinero<\/div>\n<div class=\"pricing-row \">Incluye el env\u00edo a TODO EL MUNDO<\/div>\n<div class=\"pricing-row \">30ml de XanthRemover Gel<\/div>\n<div class=\"pricing-row \">Nuestro servicio completo de soporte en l\u00ednea<\/div>\n<div class=\"pricing-footer\"><a href=\"https:\/\/xanthelasmaremoval.com\/product\/xanth-remover-without-money-back-guarantee\/\" class=\"sc-button\">Ordene ya<\/a><\/div>\n<\/div>\n<\/div>\n<\/div>\n<p>[\/vc_column][vc_column width=\u00bb1\/2&#8243;]<\/p>\n<div class=\"pricing-table row inline-row inline-row-center pricing-table-style-1 button-icon-cart\">\n<div class=\"pricing-column-wrapper col-md-3 col-sm-4 col-xs-6 inline-column highlighted\">\n<div class=\"pricing-column\">\n<div class=\"pricing-title-wrapper\">\n<div class=\"pricing-title\">\n<div class=\"title-h3\">Plan avanzado<\/div>\n<div class=\"subtitle\">El mejor plan de precio \/ cantidad<\/div>\n<\/div>\n<div class=\"pricing-column-top-choice\">\n<div class=\"pricing-column-top-choice-text\">NUEVO<\/div>\n<\/div>\n<\/div>\n<div class=\"pricing-price-row\" >\n<div class=\"pricing-price\" style=\"font-size: 57px;color: #705b96;\">\n<div class=\"pricing-cost\">$39<\/div>\n<p><span class=\"time\">Por orden<\/span><\/div>\n<\/div>\n<div class=\"pricing-row \">Con garant\u00eda de devoluci\u00f3n de dinero<\/div>\n<div class=\"pricing-row \">Incluye env\u00edo a TODO EL MUNDO.<\/div>\n<div class=\"pricing-row \">30ml de XanthRemover Gel<\/div>\n<div class=\"pricing-row \">Nuestro servicio completo de soporte en l\u00ednea<\/div>\n<div class=\"pricing-footer\"><a href=\"https:\/\/xanthelasmaremoval.com\/product\/xanthe-remover\/\" class=\"sc-button\">Ordene ya.<\/a><\/div>\n<\/div>\n<\/div>\n<\/div>\n<p>[\/vc_column][\/vc_row]<\/p>","protected":false},"excerpt":{"rendered":"<p>[vc_row][vc_column][\/vc_column][\/vc_row][vc_row][vc_column][vc_column_text]El xantelasma es una formaci\u00f3n de colesterol que se acumula entre la dermis y la epidermis. No importa cu\u00e1n grande&#8230;<\/p>\n","protected":false},"author":66,"featured_media":0,"parent":0,"menu_order":0,"comment_status":"closed","ping_status":"closed","template":"","meta":{"footnotes":""},"class_list":["post-9899","page","type-page","status-publish","hentry"],"yoast_head":"<!-- This site is optimized with the Yoast SEO plugin v24.3 - https:\/\/yoast.com\/wordpress\/plugins\/seo\/ -->\n<title>\u00bfC\u00f3mo y por qu\u00e9 en ciertos tratamientos del Xantelasma no dejan alguna cicatriz? - Xanthelasma Removal<\/title>\n<meta name=\"robots\" content=\"index, follow, max-snippet:-1, max-image-preview:large, max-video-preview:-1\" \/>\n<link rel=\"canonical\" href=\"https:\/\/xanthelasmaremoval.com\/why-and-how-certain-xanthelasma-treatments-do-not-leave-scars\/\" \/>\n<meta property=\"og:locale\" content=\"es_ES\" \/>\n<meta property=\"og:type\" content=\"article\" \/>\n<meta property=\"og:title\" content=\"[:en]Why and how certain Xanthelasma treatments do not leave scars?[:es]\u00bfC\u00f3mo y por qu\u00e9 en ciertos tratamientos del Xantelasma no dejan alguna cicatriz?[:] - Xanthelasma Removal\" \/>\n<meta property=\"og:description\" content=\"[vc_row][vc_column][\/vc_column][\/vc_row][vc_row][vc_column][vc_column_text]El xantelasma es una formaci\u00f3n de colesterol que se acumula entre la dermis y la epidermis. No importa cu\u00e1n grande...\" \/>\n<meta property=\"og:url\" content=\"https:\/\/xanthelasmaremoval.com\/why-and-how-certain-xanthelasma-treatments-do-not-leave-scars\/\" \/>\n<meta property=\"og:site_name\" content=\"Xanthelasma Removal\" \/>\n<meta property=\"article:modified_time\" content=\"2021-09-14T08:37:25+00:00\" \/>\n<meta name=\"twitter:card\" content=\"summary_large_image\" \/>\n<meta name=\"twitter:label1\" content=\"Tiempo de lectura\" \/>\n\t<meta name=\"twitter:data1\" content=\"12 minutos\" \/>\n<script type=\"application\/ld+json\" class=\"yoast-schema-graph\">{\"@context\":\"https:\/\/schema.org\",\"@graph\":[{\"@type\":\"WebPage\",\"@id\":\"https:\/\/xanthelasmaremoval.com\/why-and-how-certain-xanthelasma-treatments-do-not-leave-scars\/\",\"url\":\"https:\/\/xanthelasmaremoval.com\/why-and-how-certain-xanthelasma-treatments-do-not-leave-scars\/\",\"name\":\"[:en]Why and how certain Xanthelasma treatments do not leave scars?[:es]\u00bfC\u00f3mo y por qu\u00e9 en ciertos tratamientos del Xantelasma no dejan alguna cicatriz?[:] - Xanthelasma Removal\",\"isPartOf\":{\"@id\":\"https:\/\/xanthelasmaremoval.com\/#website\"},\"datePublished\":\"2019-02-18T10:49:30+00:00\",\"dateModified\":\"2021-09-14T08:37:25+00:00\",\"breadcrumb\":{\"@id\":\"https:\/\/xanthelasmaremoval.com\/why-and-how-certain-xanthelasma-treatments-do-not-leave-scars\/#breadcrumb\"},\"inLanguage\":\"es\",\"potentialAction\":[{\"@type\":\"ReadAction\",\"target\":[\"https:\/\/xanthelasmaremoval.com\/why-and-how-certain-xanthelasma-treatments-do-not-leave-scars\/\"]}]},{\"@type\":\"BreadcrumbList\",\"@id\":\"https:\/\/xanthelasmaremoval.com\/why-and-how-certain-xanthelasma-treatments-do-not-leave-scars\/#breadcrumb\",\"itemListElement\":[{\"@type\":\"ListItem\",\"position\":1,\"name\":\"Home\",\"item\":\"https:\/\/xanthelasmaremoval.com\/\"},{\"@type\":\"ListItem\",\"position\":2,\"name\":\"Why and how certain Xanthelasma treatments do not leave scars?\"}]},{\"@type\":\"WebSite\",\"@id\":\"https:\/\/xanthelasmaremoval.com\/#website\",\"url\":\"https:\/\/xanthelasmaremoval.com\/\",\"name\":\"Xanthelasma Removal\",\"description\":\"The Xanthelasma Removal Solutions!\",\"potentialAction\":[{\"@type\":\"SearchAction\",\"target\":{\"@type\":\"EntryPoint\",\"urlTemplate\":\"https:\/\/xanthelasmaremoval.com\/?s={search_term_string}\"},\"query-input\":{\"@type\":\"PropertyValueSpecification\",\"valueRequired\":true,\"valueName\":\"search_term_string\"}}],\"inLanguage\":\"es\"}]}<\/script>\n<!-- \/ Yoast SEO plugin. -->","yoast_head_json":{"title":"[:en]Why and how certain Xanthelasma treatments do not leave scars?[:es]\u00bfC\u00f3mo y por qu\u00e9 en ciertos tratamientos del Xantelasma no dejan alguna cicatriz?[:] - Xanthelasma Removal","robots":{"index":"index","follow":"follow","max-snippet":"max-snippet:-1","max-image-preview":"max-image-preview:large","max-video-preview":"max-video-preview:-1"},"canonical":"https:\/\/xanthelasmaremoval.com\/why-and-how-certain-xanthelasma-treatments-do-not-leave-scars\/","og_locale":"es_ES","og_type":"article","og_title":"[:en]Why and how certain Xanthelasma treatments do not leave scars?[:es]\u00bfC\u00f3mo y por qu\u00e9 en ciertos tratamientos del Xantelasma no dejan alguna cicatriz?[:] - Xanthelasma Removal","og_description":"[vc_row][vc_column][\/vc_column][\/vc_row][vc_row][vc_column][vc_column_text]El xantelasma es una formaci\u00f3n de colesterol que se acumula entre la dermis y la epidermis. No importa cu\u00e1n grande...","og_url":"https:\/\/xanthelasmaremoval.com\/why-and-how-certain-xanthelasma-treatments-do-not-leave-scars\/","og_site_name":"Xanthelasma Removal","article_modified_time":"2021-09-14T08:37:25+00:00","twitter_card":"summary_large_image","twitter_misc":{"Tiempo de lectura":"12 minutos"},"schema":{"@context":"https:\/\/schema.org","@graph":[{"@type":"WebPage","@id":"https:\/\/xanthelasmaremoval.com\/why-and-how-certain-xanthelasma-treatments-do-not-leave-scars\/","url":"https:\/\/xanthelasmaremoval.com\/why-and-how-certain-xanthelasma-treatments-do-not-leave-scars\/","name":"[:en]Why and how certain Xanthelasma treatments do not leave scars?[:es]\u00bfC\u00f3mo y por qu\u00e9 en ciertos tratamientos del Xantelasma no dejan alguna cicatriz?[:] - Xanthelasma Removal","isPartOf":{"@id":"https:\/\/xanthelasmaremoval.com\/#website"},"datePublished":"2019-02-18T10:49:30+00:00","dateModified":"2021-09-14T08:37:25+00:00","breadcrumb":{"@id":"https:\/\/xanthelasmaremoval.com\/why-and-how-certain-xanthelasma-treatments-do-not-leave-scars\/#breadcrumb"},"inLanguage":"es","potentialAction":[{"@type":"ReadAction","target":["https:\/\/xanthelasmaremoval.com\/why-and-how-certain-xanthelasma-treatments-do-not-leave-scars\/"]}]},{"@type":"BreadcrumbList","@id":"https:\/\/xanthelasmaremoval.com\/why-and-how-certain-xanthelasma-treatments-do-not-leave-scars\/#breadcrumb","itemListElement":[{"@type":"ListItem","position":1,"name":"Home","item":"https:\/\/xanthelasmaremoval.com\/"},{"@type":"ListItem","position":2,"name":"Why and how certain Xanthelasma treatments do not leave scars?"}]},{"@type":"WebSite","@id":"https:\/\/xanthelasmaremoval.com\/#website","url":"https:\/\/xanthelasmaremoval.com\/","name":"Xanthelasma Removal","description":"The Xanthelasma Removal Solutions!","potentialAction":[{"@type":"SearchAction","target":{"@type":"EntryPoint","urlTemplate":"https:\/\/xanthelasmaremoval.com\/?s={search_term_string}"},"query-input":{"@type":"PropertyValueSpecification","valueRequired":true,"valueName":"search_term_string"}}],"inLanguage":"es"}]}},"_links":{"self":[{"href":"https:\/\/xanthelasmaremoval.com\/es\/wp-json\/wp\/v2\/pages\/9899"}],"collection":[{"href":"https:\/\/xanthelasmaremoval.com\/es\/wp-json\/wp\/v2\/pages"}],"about":[{"href":"https:\/\/xanthelasmaremoval.com\/es\/wp-json\/wp\/v2\/types\/page"}],"author":[{"embeddable":true,"href":"https:\/\/xanthelasmaremoval.com\/es\/wp-json\/wp\/v2\/users\/66"}],"replies":[{"embeddable":true,"href":"https:\/\/xanthelasmaremoval.com\/es\/wp-json\/wp\/v2\/comments?post=9899"}],"version-history":[{"count":51,"href":"https:\/\/xanthelasmaremoval.com\/es\/wp-json\/wp\/v2\/pages\/9899\/revisions"}],"predecessor-version":[{"id":14135,"href":"https:\/\/xanthelasmaremoval.com\/es\/wp-json\/wp\/v2\/pages\/9899\/revisions\/14135"}],"wp:attachment":[{"href":"https:\/\/xanthelasmaremoval.com\/es\/wp-json\/wp\/v2\/media?parent=9899"}],"curies":[{"name":"wp","href":"https:\/\/api.w.org\/{rel}","templated":true}]}}