{"id":10052,"date":"2019-02-22T09:54:03","date_gmt":"2019-02-22T09:54:03","guid":{"rendered":"https:\/\/xanthelasmaremoval.com\/?post_type=product&#038;p=10052"},"modified":"2022-02-28T19:02:03","modified_gmt":"2022-02-28T19:02:03","slug":"xanthe-remover","status":"publish","type":"product","link":"https:\/\/xanthelasmaremoval.com\/es\/product\/xanthe-remover\/","title":{"rendered":"El XanthRemover"},"content":{"rendered":"<p>[vc_row][vc_column][vc_tta_tabs][vc_tta_section title=\u00bbVista general\u00bb tab_id=\u00bb1550830258817-3e23cb32-51c5&#8243;]<\/p>\n<div class=\"sc-list\">\n<ul>\n<li>El XanthRemover<\/li>\n<li>Dentro de esta opci\u00f3n, tiene nuestro compromiso total de eliminar su Xantelasma, por lo tanto, si no est\u00e1 satisfecho, inf\u00f3rmenos y emitiremos el reembolso por completo prometido con su pedido.<\/li>\n<li>Nuestro servicio completo de soporte en l\u00ednea<\/li>\n<\/ul>\n<\/div>\n<p>[vc_column_text]<b>\u00a1Este art\u00edculo cumple con todos los <\/b><a style=\"font-weight: bold;\" href=\"https:\/\/www.paypal.com\/co\/home#13.%20PayPal%20Buyer%20Protection\">t\u00e9rminos de protecci\u00f3n<\/a><b> del comprador v\u00eda\u00a0Paypal! Lea los <\/b><a style=\"font-weight: bold;\" href=\"https:\/\/xanthelasmaremoval.com\/es\/xanthremover\/terms-and-conditions\/\">T\u00e9rminos y condiciones<\/a><b> de venta antes de comprar.<\/b><\/p>\n<p><strong>Precio del XanthRemover 99 USD, incluido el env\u00edo a todo el mundo.<\/strong><br \/>\n<strong>30 ml de gel XanthRemover.<\/strong>[\/vc_column_text][\/vc_tta_section][vc_tta_section title=\u00bbDatos\u00bb tab_id=\u00bb1551546118805-4754a3b7-5b28&#8243;][contact-form-7 id=\u00bb12553&#8243;][\/vc_tta_section][\/vc_tta_tabs][\/vc_column][\/vc_row]<\/p>","protected":false},"excerpt":{"rendered":"<p><span style=\"color: #333333;\">Tenemos diferentes paquetes en oferta. Todos somos diferentes, por lo que hemos desarrollado m\u00faltiples opciones para satisfacer las solicitudes de todos nuestros clientes ptenciales.<\/span><\/p>\n<p><strong>Suba primero las \u00faltimas fotos de usted. Recuerde que debemos ver el Xantelasma claramente, as\u00ed como su tipo de piel. Las im\u00e1genes deben incluir su rostro completo desde el cual podemos distinguir el proceso de eliminaci\u00f3n del Xantelasma. <a href=\"https:\/\/xanthelasmaremoval.com\/es\/photos-and-information-submission\/\">Haga clic aqu\u00ed.<\/a><\/strong><\/p>\n<blockquote><p><strong><span style=\"color: #0000ff;\">Simplemente escoja el producto que le resulte m\u00e1s c\u00f3modo. \u00a1SOMOS LA \u00daNICA ORGANIZACI\u00d3N QUE PUEDE GARANTIZAR EN QUITAR SU XANTELASMA!<\/span><\/strong><\/p><\/blockquote>\n<p>el XanthRemover con la garant\u00eda completa de devoluci\u00f3n de dinero, 99 USD, incluido el sistema de env\u00edo EN TODO EL MUNDO.<\/p>\n<p>30 ml de XanthRemover Gel y la GARANT\u00cdA de devoluci\u00f3n de dinero. Si no est\u00e1 satisfecho, emitiremos su reembolso completo. Haci\u00e9ndonoslo saber o pregunt\u00e1ndonos<\/p>\n","protected":false},"featured_media":13187,"comment_status":"closed","ping_status":"closed","template":"","meta":[],"product_brand":[],"product_cat":[13],"product_tag":[],"class_list":{"0":"post-10052","1":"product","2":"type-product","3":"status-publish","4":"has-post-thumbnail","6":"product_cat-xanthremover","7":"product_shipping_class-uk-shipping","9":"first","10":"instock","11":"taxable","12":"shipping-taxable","13":"purchasable","14":"product-type-simple"},"yoast_head":"<!-- This site is optimized with the Yoast SEO plugin v24.3 - https:\/\/yoast.com\/wordpress\/plugins\/seo\/ -->\n<title>El XanthRemover - Xanthelasma Removal<\/title>\n<meta name=\"robots\" content=\"index, follow, max-snippet:-1, max-image-preview:large, max-video-preview:-1\" \/>\n<link rel=\"canonical\" href=\"https:\/\/xanthelasmaremoval.com\/product\/xanthe-remover\/\" \/>\n<meta property=\"og:locale\" content=\"es_ES\" \/>\n<meta property=\"og:type\" content=\"article\" \/>\n<meta property=\"og:title\" content=\"[:en]Xanth Remover with money back Guarantee[:es]El XanthRemover[:] - Xanthelasma Removal\" \/>\n<meta property=\"og:description\" content=\"[:en]This option will give you the peace of mind you want! So you know that once you place your order with us, you have our full commitment to remove your Xanthelasma. Therefore, not only are you buying your XanthRemover, but you also have our full commitment to remove your Xanthelasma within 3 months after receiving your XanthRemover.  &nbsp; Just choose the one you are most comfortable with. WE ARE THE ONLY ORGANISATION WHO CAN GUARANTEE TO REMOVE YOUR XANTHELASMA!!!!!! * XanthRemover with the full money-back guarantee, 39 USD. * World Wide Shipping Available * 30ml of XanthRemover Gel and money back GUARANTEE. if you will not be satisfied, we will issue a full refund. No questions asked![:es]Tenemos diferentes paquetes en oferta. Todos somos diferentes, por lo que hemos desarrollado m\u00faltiples opciones para satisfacer las solicitudes de todos nuestros clientes ptenciales.  Suba primero las \u00faltimas fotos de usted. Recuerde que debemos ver el Xantelasma claramente, as\u00ed como su tipo de piel. Las im\u00e1genes deben incluir su rostro completo desde el cual podemos distinguir el proceso de eliminaci\u00f3n del Xantelasma. Haga clic aqu\u00ed. Simplemente escoja el producto que le resulte m\u00e1s c\u00f3modo. \u00a1SOMOS LA \u00daNICA ORGANIZACI\u00d3N QUE PUEDE GARANTIZAR EN QUITAR SU XANTELASMA! el XanthRemover con la garant\u00eda completa de devoluci\u00f3n de dinero, 99 USD, incluido el sistema de env\u00edo EN TODO EL MUNDO.  30 ml de XanthRemover Gel y la GARANT\u00cdA de devoluci\u00f3n de dinero. Si no est\u00e1 satisfecho, emitiremos su reembolso completo. Haci\u00e9ndonoslo saber o pregunt\u00e1ndonos[:]\" \/>\n<meta property=\"og:url\" content=\"https:\/\/xanthelasmaremoval.com\/product\/xanthe-remover\/\" \/>\n<meta property=\"og:site_name\" content=\"Xanthelasma Removal\" \/>\n<meta property=\"article:modified_time\" content=\"2022-02-28T19:02:03+00:00\" \/>\n<meta property=\"og:image\" content=\"https:\/\/xanthelasmaremoval.com\/wp-content\/uploads\/2019\/02\/WhatsApp-Image-2020-02-21-at-5.29.58-PM-e1582376148789.jpeg\" \/>\n\t<meta property=\"og:image:width\" content=\"902\" \/>\n\t<meta property=\"og:image:height\" content=\"1152\" \/>\n\t<meta property=\"og:image:type\" content=\"image\/jpeg\" \/>\n<meta name=\"twitter:card\" content=\"summary_large_image\" \/>\n<meta name=\"twitter:label1\" content=\"Tiempo de lectura\" \/>\n\t<meta name=\"twitter:data1\" content=\"1 minuto\" \/>\n<script type=\"application\/ld+json\" class=\"yoast-schema-graph\">{\"@context\":\"https:\/\/schema.org\",\"@graph\":[{\"@type\":\"WebPage\",\"@id\":\"https:\/\/xanthelasmaremoval.com\/product\/xanthe-remover\/\",\"url\":\"https:\/\/xanthelasmaremoval.com\/product\/xanthe-remover\/\",\"name\":\"[:en]Xanth Remover with money back Guarantee[:es]El XanthRemover[:] - Xanthelasma Removal\",\"isPartOf\":{\"@id\":\"https:\/\/xanthelasmaremoval.com\/#website\"},\"primaryImageOfPage\":{\"@id\":\"https:\/\/xanthelasmaremoval.com\/product\/xanthe-remover\/#primaryimage\"},\"image\":{\"@id\":\"https:\/\/xanthelasmaremoval.com\/product\/xanthe-remover\/#primaryimage\"},\"thumbnailUrl\":\"https:\/\/xanthelasmaremoval.com\/wp-content\/uploads\/2019\/02\/WhatsApp-Image-2020-02-21-at-5.29.58-PM-e1582376148789.jpeg\",\"datePublished\":\"2019-02-22T09:54:03+00:00\",\"dateModified\":\"2022-02-28T19:02:03+00:00\",\"breadcrumb\":{\"@id\":\"https:\/\/xanthelasmaremoval.com\/product\/xanthe-remover\/#breadcrumb\"},\"inLanguage\":\"es\",\"potentialAction\":[{\"@type\":\"ReadAction\",\"target\":[\"https:\/\/xanthelasmaremoval.com\/product\/xanthe-remover\/\"]}]},{\"@type\":\"ImageObject\",\"inLanguage\":\"es\",\"@id\":\"https:\/\/xanthelasmaremoval.com\/product\/xanthe-remover\/#primaryimage\",\"url\":\"https:\/\/xanthelasmaremoval.com\/wp-content\/uploads\/2019\/02\/WhatsApp-Image-2020-02-21-at-5.29.58-PM-e1582376148789.jpeg\",\"contentUrl\":\"https:\/\/xanthelasmaremoval.com\/wp-content\/uploads\/2019\/02\/WhatsApp-Image-2020-02-21-at-5.29.58-PM-e1582376148789.jpeg\",\"width\":902,\"height\":1152,\"caption\":\"XanthRemover Complete Solution Xanthelasma\"},{\"@type\":\"BreadcrumbList\",\"@id\":\"https:\/\/xanthelasmaremoval.com\/product\/xanthe-remover\/#breadcrumb\",\"itemListElement\":[{\"@type\":\"ListItem\",\"position\":1,\"name\":\"Home\",\"item\":\"https:\/\/xanthelasmaremoval.com\/\"},{\"@type\":\"ListItem\",\"position\":2,\"name\":\"Products\",\"item\":\"https:\/\/xanthelasmaremoval.com\/shop\/\"},{\"@type\":\"ListItem\",\"position\":3,\"name\":\"Xanth Remover with money back Guarantee\"}]},{\"@type\":\"WebSite\",\"@id\":\"https:\/\/xanthelasmaremoval.com\/#website\",\"url\":\"https:\/\/xanthelasmaremoval.com\/\",\"name\":\"Xanthelasma Removal\",\"description\":\"The Xanthelasma Removal Solutions!\",\"potentialAction\":[{\"@type\":\"SearchAction\",\"target\":{\"@type\":\"EntryPoint\",\"urlTemplate\":\"https:\/\/xanthelasmaremoval.com\/?s={search_term_string}\"},\"query-input\":{\"@type\":\"PropertyValueSpecification\",\"valueRequired\":true,\"valueName\":\"search_term_string\"}}],\"inLanguage\":\"es\"}]}<\/script>\n<!-- \/ Yoast SEO plugin. -->","yoast_head_json":{"title":"[:en]Xanth Remover with money back Guarantee[:es]El XanthRemover[:] - Xanthelasma Removal","robots":{"index":"index","follow":"follow","max-snippet":"max-snippet:-1","max-image-preview":"max-image-preview:large","max-video-preview":"max-video-preview:-1"},"canonical":"https:\/\/xanthelasmaremoval.com\/product\/xanthe-remover\/","og_locale":"es_ES","og_type":"article","og_title":"[:en]Xanth Remover with money back Guarantee[:es]El XanthRemover[:] - Xanthelasma Removal","og_description":"[:en]This option will give you the peace of mind you want! So you know that once you place your order with us, you have our full commitment to remove your Xanthelasma. Therefore, not only are you buying your XanthRemover, but you also have our full commitment to remove your Xanthelasma within 3 months after receiving your XanthRemover.  &nbsp; Just choose the one you are most comfortable with. WE ARE THE ONLY ORGANISATION WHO CAN GUARANTEE TO REMOVE YOUR XANTHELASMA!!!!!! * XanthRemover with the full money-back guarantee, 39 USD. * World Wide Shipping Available * 30ml of XanthRemover Gel and money back GUARANTEE. if you will not be satisfied, we will issue a full refund. No questions asked![:es]Tenemos diferentes paquetes en oferta. Todos somos diferentes, por lo que hemos desarrollado m\u00faltiples opciones para satisfacer las solicitudes de todos nuestros clientes ptenciales.  Suba primero las \u00faltimas fotos de usted. Recuerde que debemos ver el Xantelasma claramente, as\u00ed como su tipo de piel. Las im\u00e1genes deben incluir su rostro completo desde el cual podemos distinguir el proceso de eliminaci\u00f3n del Xantelasma. Haga clic aqu\u00ed. Simplemente escoja el producto que le resulte m\u00e1s c\u00f3modo. \u00a1SOMOS LA \u00daNICA ORGANIZACI\u00d3N QUE PUEDE GARANTIZAR EN QUITAR SU XANTELASMA! el XanthRemover con la garant\u00eda completa de devoluci\u00f3n de dinero, 99 USD, incluido el sistema de env\u00edo EN TODO EL MUNDO.  30 ml de XanthRemover Gel y la GARANT\u00cdA de devoluci\u00f3n de dinero. Si no est\u00e1 satisfecho, emitiremos su reembolso completo. Haci\u00e9ndonoslo saber o pregunt\u00e1ndonos[:]","og_url":"https:\/\/xanthelasmaremoval.com\/product\/xanthe-remover\/","og_site_name":"Xanthelasma Removal","article_modified_time":"2022-02-28T19:02:03+00:00","og_image":[{"width":902,"height":1152,"url":"https:\/\/xanthelasmaremoval.com\/wp-content\/uploads\/2019\/02\/WhatsApp-Image-2020-02-21-at-5.29.58-PM-e1582376148789.jpeg","type":"image\/jpeg"}],"twitter_card":"summary_large_image","twitter_misc":{"Tiempo de lectura":"1 minuto"},"schema":{"@context":"https:\/\/schema.org","@graph":[{"@type":"WebPage","@id":"https:\/\/xanthelasmaremoval.com\/product\/xanthe-remover\/","url":"https:\/\/xanthelasmaremoval.com\/product\/xanthe-remover\/","name":"[:en]Xanth Remover with money back Guarantee[:es]El XanthRemover[:] - Xanthelasma Removal","isPartOf":{"@id":"https:\/\/xanthelasmaremoval.com\/#website"},"primaryImageOfPage":{"@id":"https:\/\/xanthelasmaremoval.com\/product\/xanthe-remover\/#primaryimage"},"image":{"@id":"https:\/\/xanthelasmaremoval.com\/product\/xanthe-remover\/#primaryimage"},"thumbnailUrl":"https:\/\/xanthelasmaremoval.com\/wp-content\/uploads\/2019\/02\/WhatsApp-Image-2020-02-21-at-5.29.58-PM-e1582376148789.jpeg","datePublished":"2019-02-22T09:54:03+00:00","dateModified":"2022-02-28T19:02:03+00:00","breadcrumb":{"@id":"https:\/\/xanthelasmaremoval.com\/product\/xanthe-remover\/#breadcrumb"},"inLanguage":"es","potentialAction":[{"@type":"ReadAction","target":["https:\/\/xanthelasmaremoval.com\/product\/xanthe-remover\/"]}]},{"@type":"ImageObject","inLanguage":"es","@id":"https:\/\/xanthelasmaremoval.com\/product\/xanthe-remover\/#primaryimage","url":"https:\/\/xanthelasmaremoval.com\/wp-content\/uploads\/2019\/02\/WhatsApp-Image-2020-02-21-at-5.29.58-PM-e1582376148789.jpeg","contentUrl":"https:\/\/xanthelasmaremoval.com\/wp-content\/uploads\/2019\/02\/WhatsApp-Image-2020-02-21-at-5.29.58-PM-e1582376148789.jpeg","width":902,"height":1152,"caption":"XanthRemover Complete Solution Xanthelasma"},{"@type":"BreadcrumbList","@id":"https:\/\/xanthelasmaremoval.com\/product\/xanthe-remover\/#breadcrumb","itemListElement":[{"@type":"ListItem","position":1,"name":"Home","item":"https:\/\/xanthelasmaremoval.com\/"},{"@type":"ListItem","position":2,"name":"Products","item":"https:\/\/xanthelasmaremoval.com\/shop\/"},{"@type":"ListItem","position":3,"name":"Xanth Remover with money back Guarantee"}]},{"@type":"WebSite","@id":"https:\/\/xanthelasmaremoval.com\/#website","url":"https:\/\/xanthelasmaremoval.com\/","name":"Xanthelasma Removal","description":"The Xanthelasma Removal Solutions!","potentialAction":[{"@type":"SearchAction","target":{"@type":"EntryPoint","urlTemplate":"https:\/\/xanthelasmaremoval.com\/?s={search_term_string}"},"query-input":{"@type":"PropertyValueSpecification","valueRequired":true,"valueName":"search_term_string"}}],"inLanguage":"es"}]}},"_links":{"self":[{"href":"https:\/\/xanthelasmaremoval.com\/es\/wp-json\/wp\/v2\/product\/10052"}],"collection":[{"href":"https:\/\/xanthelasmaremoval.com\/es\/wp-json\/wp\/v2\/product"}],"about":[{"href":"https:\/\/xanthelasmaremoval.com\/es\/wp-json\/wp\/v2\/types\/product"}],"replies":[{"embeddable":true,"href":"https:\/\/xanthelasmaremoval.com\/es\/wp-json\/wp\/v2\/comments?post=10052"}],"wp:featuredmedia":[{"embeddable":true,"href":"https:\/\/xanthelasmaremoval.com\/es\/wp-json\/wp\/v2\/media\/13187"}],"wp:attachment":[{"href":"https:\/\/xanthelasmaremoval.com\/es\/wp-json\/wp\/v2\/media?parent=10052"}],"wp:term":[{"taxonomy":"product_brand","embeddable":true,"href":"https:\/\/xanthelasmaremoval.com\/es\/wp-json\/wp\/v2\/product_brand?post=10052"},{"taxonomy":"product_cat","embeddable":true,"href":"https:\/\/xanthelasmaremoval.com\/es\/wp-json\/wp\/v2\/product_cat?post=10052"},{"taxonomy":"product_tag","embeddable":true,"href":"https:\/\/xanthelasmaremoval.com\/es\/wp-json\/wp\/v2\/product_tag?post=10052"}],"curies":[{"name":"wp","href":"https:\/\/api.w.org\/{rel}","templated":true}]}}