{"id":10057,"date":"2019-02-22T10:23:55","date_gmt":"2019-02-22T10:23:55","guid":{"rendered":"https:\/\/xanthelasmaremoval.com\/?post_type=product&#038;p=10057"},"modified":"2024-04-23T11:58:27","modified_gmt":"2024-04-23T11:58:27","slug":"xanth-remover-without-money-back-guarantee","status":"publish","type":"product","link":"https:\/\/xanthelasmaremoval.com\/es\/product\/xanth-remover-without-money-back-guarantee\/","title":{"rendered":"El XanthRemover SIN GARANT\u00cdA de devoluci\u00f3n del dinero"},"content":{"rendered":"<p>[vc_row][vc_column][vc_tta_tabs][vc_tta_section title=\u00bbVista general\u00bb tab_id=\u00bb1550830258817-3e23cb32-51c5&#8243;]<\/p>\n<div class=\"sc-list\">\n<ul>\n<li>El XanthRemover<\/li>\n<li>Dentro de esta opci\u00f3n, tiene nuestro compromiso total de eliminar el Xantelasma por completo.<\/li>\n<li>Nuestro servicio completo y detallado de soporte en l\u00ednea<\/li>\n<\/ul>\n<\/div>\n<p>[vc_column_text]<strong>\u00a1Este art\u00edculo cumple con todos los<a href=\"https:\/\/www.paypal.com\/co\/home#13.%20PayPal%20Buyer%20Protection\"> t\u00e9rminos de protecci\u00f3n del comprador<\/a> de Paypal! Lea <a href=\"https:\/\/xanthelasmaremoval.com\/es\/xanthremover\/terms-and-conditions\/\">los T\u00e9rminos y condiciones<\/a> de venta antes de adquirirlo.<\/strong> Visite www.paydayloanface.com.<\/p>\n<p><strong>Precio para el XanthRemover 69 USD.<\/strong><br \/>\n<strong>30 ml de gel XanthRemover.<\/strong>[\/vc_column_text][\/vc_tta_section][vc_tta_section title=\u00bbDatos\u00bb tab_id=\u00bb1551546027958-3de3e1d3-dafc\u00bb][contact-form-7 id=\u00bb12553&#8243;][\/vc_tta_section][\/vc_tta_tabs][\/vc_column][\/vc_row]<\/p>","protected":false},"excerpt":{"rendered":"<p>\u00a1Esta opci\u00f3n le dar\u00e1 la tranquilidad que desea! Una vez que realiza su pedido con nosotros, tiene nuestro compromiso total de eliminar su Xantelasma. Por lo tanto, no solo est\u00e1 comprando el XanthRemover, sino que tambi\u00e9n tiene nuestro compromiso total de eliminar aquel Xanthelasma dentro de los 3 meses posteriores a la recepci\u00f3n del XanthRemover.<\/p>\n<p><strong>Suba tus \u00faltimas fotos. Recuerde que debemos ver el Xantelasma claramente, as\u00ed como su tipo de piel. Las im\u00e1genes deben incluir su rostro completo desde la cual podamos distinguir el proceso de eliminaci\u00f3n del Xantelasma. <a href=\"https:\/\/xanthelasmaremoval.com\/es\/photos-and-information-submission\/\">Haga clic aqu\u00ed.<\/a><\/strong><\/p>\n","protected":false},"featured_media":13187,"comment_status":"closed","ping_status":"closed","template":"","meta":[],"product_brand":[],"product_cat":[13],"product_tag":[117,122,118,123,119,120,121],"class_list":{"0":"post-10057","1":"product","2":"type-product","3":"status-publish","4":"has-post-thumbnail","6":"product_cat-xanthremover","7":"product_tag-xantelasma-removal-cream","8":"product_tag-xanthelasma-gel","9":"product_tag-xanthelasma-removal","10":"product_tag-xanthelasma-removal-get","11":"product_tag-xanthelasma-remover","12":"product_tag-xanthelasma-treatment","13":"product_tag-xanthelasma-treatment-cream","14":"product_shipping_class-uk-shipping","16":"first","17":"instock","18":"taxable","19":"shipping-taxable","20":"purchasable","21":"product-type-simple"},"yoast_head":"<!-- This site is optimized with the Yoast SEO plugin v24.3 - https:\/\/yoast.com\/wordpress\/plugins\/seo\/ -->\n<title>El XanthRemover SIN GARANT\u00cdA de devoluci\u00f3n del dinero  - Xanthelasma Removal<\/title>\n<meta name=\"robots\" content=\"index, follow, max-snippet:-1, max-image-preview:large, max-video-preview:-1\" \/>\n<link rel=\"canonical\" href=\"https:\/\/xanthelasmaremoval.com\/product\/xanth-remover-without-money-back-guarantee\/\" \/>\n<meta property=\"og:locale\" content=\"es_ES\" \/>\n<meta property=\"og:type\" content=\"article\" \/>\n<meta property=\"og:title\" content=\"[:en]Xanth Remover without money back GUARANTEE[:es]El XanthRemover SIN GARANT\u00cdA de devoluci\u00f3n del dinero [:] - Xanthelasma Removal\" \/>\n<meta property=\"og:description\" content=\"[:en]This option will give you the peace of mind you want! So you know that once you place your order with us, you have our full commitment to remove your Xanthelasma. Therefore, not only are you buying your XanthRemover, but you also have our full commitment to remove your Xanthelasma within 3 months after receiving your XanthRemover.[:es]\u00a1Esta opci\u00f3n le dar\u00e1 la tranquilidad que desea! Una vez que realiza su pedido con nosotros, tiene nuestro compromiso total de eliminar su Xantelasma. Por lo tanto, no solo est\u00e1 comprando el XanthRemover, sino que tambi\u00e9n tiene nuestro compromiso total de eliminar aquel Xanthelasma dentro de los 3 meses posteriores a la recepci\u00f3n del XanthRemover.  Suba tus \u00faltimas fotos. Recuerde que debemos ver el Xantelasma claramente, as\u00ed como su tipo de piel. Las im\u00e1genes deben incluir su rostro completo desde la cual podamos distinguir el proceso de eliminaci\u00f3n del Xantelasma. Haga clic aqu\u00ed.[:]\" \/>\n<meta property=\"og:url\" content=\"https:\/\/xanthelasmaremoval.com\/product\/xanth-remover-without-money-back-guarantee\/\" \/>\n<meta property=\"og:site_name\" content=\"Xanthelasma Removal\" \/>\n<meta property=\"article:modified_time\" content=\"2024-04-23T11:58:27+00:00\" \/>\n<meta property=\"og:image\" content=\"https:\/\/xanthelasmaremoval.com\/wp-content\/uploads\/2019\/02\/WhatsApp-Image-2020-02-21-at-5.29.58-PM-e1582376148789.jpeg\" \/>\n\t<meta property=\"og:image:width\" content=\"902\" \/>\n\t<meta property=\"og:image:height\" content=\"1152\" \/>\n\t<meta property=\"og:image:type\" content=\"image\/jpeg\" \/>\n<meta name=\"twitter:card\" content=\"summary_large_image\" \/>\n<meta name=\"twitter:label1\" content=\"Tiempo de lectura\" \/>\n\t<meta name=\"twitter:data1\" content=\"1 minuto\" \/>\n<script type=\"application\/ld+json\" class=\"yoast-schema-graph\">{\"@context\":\"https:\/\/schema.org\",\"@graph\":[{\"@type\":\"WebPage\",\"@id\":\"https:\/\/xanthelasmaremoval.com\/product\/xanth-remover-without-money-back-guarantee\/\",\"url\":\"https:\/\/xanthelasmaremoval.com\/product\/xanth-remover-without-money-back-guarantee\/\",\"name\":\"[:en]Xanth Remover without money back GUARANTEE[:es]El XanthRemover SIN GARANT\u00cdA de devoluci\u00f3n del dinero [:] - Xanthelasma Removal\",\"isPartOf\":{\"@id\":\"https:\/\/xanthelasmaremoval.com\/#website\"},\"primaryImageOfPage\":{\"@id\":\"https:\/\/xanthelasmaremoval.com\/product\/xanth-remover-without-money-back-guarantee\/#primaryimage\"},\"image\":{\"@id\":\"https:\/\/xanthelasmaremoval.com\/product\/xanth-remover-without-money-back-guarantee\/#primaryimage\"},\"thumbnailUrl\":\"https:\/\/xanthelasmaremoval.com\/wp-content\/uploads\/2019\/02\/WhatsApp-Image-2020-02-21-at-5.29.58-PM-e1582376148789.jpeg\",\"datePublished\":\"2019-02-22T10:23:55+00:00\",\"dateModified\":\"2024-04-23T11:58:27+00:00\",\"breadcrumb\":{\"@id\":\"https:\/\/xanthelasmaremoval.com\/product\/xanth-remover-without-money-back-guarantee\/#breadcrumb\"},\"inLanguage\":\"es\",\"potentialAction\":[{\"@type\":\"ReadAction\",\"target\":[\"https:\/\/xanthelasmaremoval.com\/product\/xanth-remover-without-money-back-guarantee\/\"]}]},{\"@type\":\"ImageObject\",\"inLanguage\":\"es\",\"@id\":\"https:\/\/xanthelasmaremoval.com\/product\/xanth-remover-without-money-back-guarantee\/#primaryimage\",\"url\":\"https:\/\/xanthelasmaremoval.com\/wp-content\/uploads\/2019\/02\/WhatsApp-Image-2020-02-21-at-5.29.58-PM-e1582376148789.jpeg\",\"contentUrl\":\"https:\/\/xanthelasmaremoval.com\/wp-content\/uploads\/2019\/02\/WhatsApp-Image-2020-02-21-at-5.29.58-PM-e1582376148789.jpeg\",\"width\":902,\"height\":1152,\"caption\":\"XanthRemover Complete Solution Xanthelasma\"},{\"@type\":\"BreadcrumbList\",\"@id\":\"https:\/\/xanthelasmaremoval.com\/product\/xanth-remover-without-money-back-guarantee\/#breadcrumb\",\"itemListElement\":[{\"@type\":\"ListItem\",\"position\":1,\"name\":\"Home\",\"item\":\"https:\/\/xanthelasmaremoval.com\/\"},{\"@type\":\"ListItem\",\"position\":2,\"name\":\"Products\",\"item\":\"https:\/\/xanthelasmaremoval.com\/shop\/\"},{\"@type\":\"ListItem\",\"position\":3,\"name\":\"Xanth Remover without money back GUARANTEE\"}]},{\"@type\":\"WebSite\",\"@id\":\"https:\/\/xanthelasmaremoval.com\/#website\",\"url\":\"https:\/\/xanthelasmaremoval.com\/\",\"name\":\"Xanthelasma Removal\",\"description\":\"The Xanthelasma Removal Solutions!\",\"potentialAction\":[{\"@type\":\"SearchAction\",\"target\":{\"@type\":\"EntryPoint\",\"urlTemplate\":\"https:\/\/xanthelasmaremoval.com\/?s={search_term_string}\"},\"query-input\":{\"@type\":\"PropertyValueSpecification\",\"valueRequired\":true,\"valueName\":\"search_term_string\"}}],\"inLanguage\":\"es\"}]}<\/script>\n<!-- \/ Yoast SEO plugin. -->","yoast_head_json":{"title":"[:en]Xanth Remover without money back GUARANTEE[:es]El XanthRemover SIN GARANT\u00cdA de devoluci\u00f3n del dinero [:] - Xanthelasma Removal","robots":{"index":"index","follow":"follow","max-snippet":"max-snippet:-1","max-image-preview":"max-image-preview:large","max-video-preview":"max-video-preview:-1"},"canonical":"https:\/\/xanthelasmaremoval.com\/product\/xanth-remover-without-money-back-guarantee\/","og_locale":"es_ES","og_type":"article","og_title":"[:en]Xanth Remover without money back GUARANTEE[:es]El XanthRemover SIN GARANT\u00cdA de devoluci\u00f3n del dinero [:] - Xanthelasma Removal","og_description":"[:en]This option will give you the peace of mind you want! So you know that once you place your order with us, you have our full commitment to remove your Xanthelasma. Therefore, not only are you buying your XanthRemover, but you also have our full commitment to remove your Xanthelasma within 3 months after receiving your XanthRemover.[:es]\u00a1Esta opci\u00f3n le dar\u00e1 la tranquilidad que desea! Una vez que realiza su pedido con nosotros, tiene nuestro compromiso total de eliminar su Xantelasma. Por lo tanto, no solo est\u00e1 comprando el XanthRemover, sino que tambi\u00e9n tiene nuestro compromiso total de eliminar aquel Xanthelasma dentro de los 3 meses posteriores a la recepci\u00f3n del XanthRemover.  Suba tus \u00faltimas fotos. Recuerde que debemos ver el Xantelasma claramente, as\u00ed como su tipo de piel. Las im\u00e1genes deben incluir su rostro completo desde la cual podamos distinguir el proceso de eliminaci\u00f3n del Xantelasma. Haga clic aqu\u00ed.[:]","og_url":"https:\/\/xanthelasmaremoval.com\/product\/xanth-remover-without-money-back-guarantee\/","og_site_name":"Xanthelasma Removal","article_modified_time":"2024-04-23T11:58:27+00:00","og_image":[{"width":902,"height":1152,"url":"https:\/\/xanthelasmaremoval.com\/wp-content\/uploads\/2019\/02\/WhatsApp-Image-2020-02-21-at-5.29.58-PM-e1582376148789.jpeg","type":"image\/jpeg"}],"twitter_card":"summary_large_image","twitter_misc":{"Tiempo de lectura":"1 minuto"},"schema":{"@context":"https:\/\/schema.org","@graph":[{"@type":"WebPage","@id":"https:\/\/xanthelasmaremoval.com\/product\/xanth-remover-without-money-back-guarantee\/","url":"https:\/\/xanthelasmaremoval.com\/product\/xanth-remover-without-money-back-guarantee\/","name":"[:en]Xanth Remover without money back GUARANTEE[:es]El XanthRemover SIN GARANT\u00cdA de devoluci\u00f3n del dinero [:] - Xanthelasma Removal","isPartOf":{"@id":"https:\/\/xanthelasmaremoval.com\/#website"},"primaryImageOfPage":{"@id":"https:\/\/xanthelasmaremoval.com\/product\/xanth-remover-without-money-back-guarantee\/#primaryimage"},"image":{"@id":"https:\/\/xanthelasmaremoval.com\/product\/xanth-remover-without-money-back-guarantee\/#primaryimage"},"thumbnailUrl":"https:\/\/xanthelasmaremoval.com\/wp-content\/uploads\/2019\/02\/WhatsApp-Image-2020-02-21-at-5.29.58-PM-e1582376148789.jpeg","datePublished":"2019-02-22T10:23:55+00:00","dateModified":"2024-04-23T11:58:27+00:00","breadcrumb":{"@id":"https:\/\/xanthelasmaremoval.com\/product\/xanth-remover-without-money-back-guarantee\/#breadcrumb"},"inLanguage":"es","potentialAction":[{"@type":"ReadAction","target":["https:\/\/xanthelasmaremoval.com\/product\/xanth-remover-without-money-back-guarantee\/"]}]},{"@type":"ImageObject","inLanguage":"es","@id":"https:\/\/xanthelasmaremoval.com\/product\/xanth-remover-without-money-back-guarantee\/#primaryimage","url":"https:\/\/xanthelasmaremoval.com\/wp-content\/uploads\/2019\/02\/WhatsApp-Image-2020-02-21-at-5.29.58-PM-e1582376148789.jpeg","contentUrl":"https:\/\/xanthelasmaremoval.com\/wp-content\/uploads\/2019\/02\/WhatsApp-Image-2020-02-21-at-5.29.58-PM-e1582376148789.jpeg","width":902,"height":1152,"caption":"XanthRemover Complete Solution Xanthelasma"},{"@type":"BreadcrumbList","@id":"https:\/\/xanthelasmaremoval.com\/product\/xanth-remover-without-money-back-guarantee\/#breadcrumb","itemListElement":[{"@type":"ListItem","position":1,"name":"Home","item":"https:\/\/xanthelasmaremoval.com\/"},{"@type":"ListItem","position":2,"name":"Products","item":"https:\/\/xanthelasmaremoval.com\/shop\/"},{"@type":"ListItem","position":3,"name":"Xanth Remover without money back GUARANTEE"}]},{"@type":"WebSite","@id":"https:\/\/xanthelasmaremoval.com\/#website","url":"https:\/\/xanthelasmaremoval.com\/","name":"Xanthelasma Removal","description":"The Xanthelasma Removal Solutions!","potentialAction":[{"@type":"SearchAction","target":{"@type":"EntryPoint","urlTemplate":"https:\/\/xanthelasmaremoval.com\/?s={search_term_string}"},"query-input":{"@type":"PropertyValueSpecification","valueRequired":true,"valueName":"search_term_string"}}],"inLanguage":"es"}]}},"_links":{"self":[{"href":"https:\/\/xanthelasmaremoval.com\/es\/wp-json\/wp\/v2\/product\/10057"}],"collection":[{"href":"https:\/\/xanthelasmaremoval.com\/es\/wp-json\/wp\/v2\/product"}],"about":[{"href":"https:\/\/xanthelasmaremoval.com\/es\/wp-json\/wp\/v2\/types\/product"}],"replies":[{"embeddable":true,"href":"https:\/\/xanthelasmaremoval.com\/es\/wp-json\/wp\/v2\/comments?post=10057"}],"wp:featuredmedia":[{"embeddable":true,"href":"https:\/\/xanthelasmaremoval.com\/es\/wp-json\/wp\/v2\/media\/13187"}],"wp:attachment":[{"href":"https:\/\/xanthelasmaremoval.com\/es\/wp-json\/wp\/v2\/media?parent=10057"}],"wp:term":[{"taxonomy":"product_brand","embeddable":true,"href":"https:\/\/xanthelasmaremoval.com\/es\/wp-json\/wp\/v2\/product_brand?post=10057"},{"taxonomy":"product_cat","embeddable":true,"href":"https:\/\/xanthelasmaremoval.com\/es\/wp-json\/wp\/v2\/product_cat?post=10057"},{"taxonomy":"product_tag","embeddable":true,"href":"https:\/\/xanthelasmaremoval.com\/es\/wp-json\/wp\/v2\/product_tag?post=10057"}],"curies":[{"name":"wp","href":"https:\/\/api.w.org\/{rel}","templated":true}]}}